{"id":38193,"date":"2021-05-29T17:09:53","date_gmt":"2021-05-29T15:09:53","guid":{"rendered":"http:\/\/topa.be\/olv-kathedraal\/rondleidingen\/"},"modified":"2024-01-25T15:28:14","modified_gmt":"2024-01-25T14:28:14","slug":"rondleidingen","status":"publish","type":"page","link":"https:\/\/topa.be\/es\/olv-kathedraal\/rondleidingen\/","title":{"rendered":"OLV Visitas con guia (con calendario)"},"content":{"rendered":"\t\t<div data-elementor-type=\"wp-page\" data-elementor-id=\"38193\" class=\"elementor elementor-38193 elementor-33232\" data-elementor-post-type=\"page\">\n\t\t\t\t\t\t<section class=\"elementor-section elementor-top-section elementor-element elementor-element-31bdc53 elementor-section-boxed elementor-section-height-default elementor-section-height-default\" data-id=\"31bdc53\" data-element_type=\"section\" data-e-type=\"section\">\n\t\t\t\t\t\t<div class=\"elementor-container elementor-column-gap-default\">\n\t\t\t\t\t<div class=\"elementor-column elementor-col-100 elementor-top-column elementor-element elementor-element-ebee0b0\" data-id=\"ebee0b0\" data-element_type=\"column\" data-e-type=\"column\">\n\t\t\t<div class=\"elementor-widget-wrap elementor-element-populated\">\n\t\t\t\t\t\t<div class=\"elementor-element elementor-element-5618031 elementor-widget elementor-widget-heading\" data-id=\"5618031\" data-element_type=\"widget\" data-e-type=\"widget\" data-widget_type=\"heading.default\">\n\t\t\t\t<div class=\"elementor-widget-container\">\n\t\t\t\t\t<h1 class=\"elementor-heading-title elementor-size-default\">Catedral de Nuestra Se\u00f1ora<\/h1>\t\t\t\t<\/div>\n\t\t\t\t<\/div>\n\t\t\t\t\t<\/div>\n\t\t<\/div>\n\t\t\t\t\t<\/div>\n\t\t<\/section>\n\t\t\t\t<section class=\"elementor-section elementor-top-section elementor-element elementor-element-cde690e elementor-section-boxed elementor-section-height-default elementor-section-height-default\" data-id=\"cde690e\" data-element_type=\"section\" data-e-type=\"section\">\n\t\t\t\t\t\t<div class=\"elementor-container elementor-column-gap-default\">\n\t\t\t\t\t<div class=\"elementor-column elementor-col-100 elementor-top-column elementor-element elementor-element-095a272\" data-id=\"095a272\" data-element_type=\"column\" data-e-type=\"column\">\n\t\t\t<div class=\"elementor-widget-wrap elementor-element-populated\">\n\t\t\t\t\t\t<div class=\"elementor-element elementor-element-d179c82 elementor-widget elementor-widget-heading\" data-id=\"d179c82\" data-element_type=\"widget\" data-e-type=\"widget\" data-widget_type=\"heading.default\">\n\t\t\t\t<div class=\"elementor-widget-container\">\n\t\t\t\t\t<h2 class=\"elementor-heading-title elementor-size-default\">Visitas con gu\u00eda<\/h2>\t\t\t\t<\/div>\n\t\t\t\t<\/div>\n\t\t\t\t\t<\/div>\n\t\t<\/div>\n\t\t\t\t\t<\/div>\n\t\t<\/section>\n\t\t\t\t<section class=\"elementor-section elementor-top-section elementor-element elementor-element-f52b145 elementor-section-boxed elementor-section-height-default elementor-section-height-default\" data-id=\"f52b145\" data-element_type=\"section\" data-e-type=\"section\">\n\t\t\t\t\t\t<div class=\"elementor-container elementor-column-gap-default\">\n\t\t\t\t\t<div class=\"elementor-column elementor-col-66 elementor-top-column elementor-element elementor-element-843d7f4\" data-id=\"843d7f4\" data-element_type=\"column\" data-e-type=\"column\">\n\t\t\t<div class=\"elementor-widget-wrap elementor-element-populated\">\n\t\t\t\t\t\t<div class=\"elementor-element elementor-element-f72d243 elementor-widget elementor-widget-text-editor\" data-id=\"f72d243\" data-element_type=\"widget\" data-e-type=\"widget\" data-widget_type=\"text-editor.default\">\n\t\t\t\t<div class=\"elementor-widget-container\">\n\t\t\t\t\t\t\t\t\t<p style=\"text-align: justify;\">Visitas con gu\u00eda por los gu\u00edas de TOPA\u00a0(PAstoral de Turismo)\u00a0con el lema de<\/p>\n<h2 style=\"text-align: center;\">\u2018<strong>ver el arte: m\u00e1s que una simple mirada<\/strong>\u2018.<\/h2>\n\t\t\t\t\t\t\t\t<\/div>\n\t\t\t\t<\/div>\n\t\t\t\t<div class=\"elementor-element elementor-element-33b4151 elementor-widget elementor-widget-text-editor\" data-id=\"33b4151\" data-element_type=\"widget\" data-e-type=\"widget\" data-widget_type=\"text-editor.default\">\n\t\t\t\t<div class=\"elementor-widget-container\">\n\t\t\t\t\t\t\t\t\t<p><strong>Para los visitantes individuales, gratis<\/strong><\/p>\n<p style=\"text-align: justify;\">Gu\u00edas disponibles en seis idiomas: EN FR DE EN IT ES.<br \/>\nD\u00edas y horarios seg\u00fan disponibilidad de los gu\u00edas.<\/p>\n<p><strong>Calendario de visitas guiadas:<br \/>\n<span style=\"background-color: #00ff00;\">Verde=SI<\/span> \u2013 <span style=\"background-color: #999999;\">Gris=NO<\/span> \u2013 <span style=\"background-color: #ff0000;\">Rojo=Sin visita<\/span><\/strong><\/p>\n<p><span style=\"text-decoration: underline; font-size: 14pt;\"><em><strong>ATENCI\u00d3N: \u00a1Los s\u00e1bados, la visita comienza a las 14.00 horas! <\/strong><\/em><\/span><\/p>\n\t\t\t\t\t\t\t\t<\/div>\n\t\t\t\t<\/div>\n\t\t\t\t\t<\/div>\n\t\t<\/div>\n\t\t\t\t<div class=\"elementor-column elementor-col-33 elementor-top-column elementor-element elementor-element-6a64f63\" data-id=\"6a64f63\" data-element_type=\"column\" data-e-type=\"column\">\n\t\t\t<div class=\"elementor-widget-wrap elementor-element-populated\">\n\t\t\t\t\t\t<div class=\"elementor-element elementor-element-04199e7 elementor-widget elementor-widget-text-editor\" data-id=\"04199e7\" data-element_type=\"widget\" data-e-type=\"widget\" data-widget_type=\"text-editor.default\">\n\t\t\t\t<div class=\"elementor-widget-container\">\n\t\t\t\t\t\t\t\t\t<h4 class=\"widgettitle\">Para descubrir m\u00e1s:<\/h4>\n\t\t\t\t\t\t\t\t<\/div>\n\t\t\t\t<\/div>\n\t\t\t\t<div class=\"elementor-element elementor-element-cb80e0a elementor-nav-menu--dropdown-tablet elementor-nav-menu__text-align-aside elementor-nav-menu--toggle elementor-nav-menu--burger elementor-widget elementor-widget-nav-menu\" data-id=\"cb80e0a\" data-element_type=\"widget\" data-e-type=\"widget\" data-settings=\"{&quot;layout&quot;:&quot;vertical&quot;,&quot;submenu_icon&quot;:{&quot;value&quot;:&quot;&lt;i class=\\&quot;fas fa-caret-down\\&quot; aria-hidden=\\&quot;true\\&quot;&gt;&lt;\\\/i&gt;&quot;,&quot;library&quot;:&quot;fa-solid&quot;},&quot;toggle&quot;:&quot;burger&quot;}\" data-widget_type=\"nav-menu.default\">\n\t\t\t\t<div class=\"elementor-widget-container\">\n\t\t\t\t\t\t\t\t<nav aria-label=\"Men\u00fa\" class=\"elementor-nav-menu--main elementor-nav-menu__container elementor-nav-menu--layout-vertical e--pointer-framed e--animation-fade\">\n\t\t\t\t<ul id=\"menu-1-cb80e0a\" class=\"elementor-nav-menu sm-vertical\"><li class=\"menu-item menu-item-type-post_type menu-item-object-page menu-item-65009\"><a href=\"https:\/\/topa.be\/es\/olv-kathedraal\/praktisch\/\" class=\"elementor-item\">OLV Informaci\u00f3n pr\u00e1ctica<\/a><\/li>\n<li class=\"menu-item menu-item-type-post_type menu-item-object-page menu-item-59929\"><a href=\"https:\/\/topa.be\/es\/olv-kathedraal\/rondleidingen\/\" class=\"elementor-item\">Visitas con guia (calendario)<\/a><\/li>\n<li class=\"menu-item menu-item-type-post_type menu-item-object-page menu-item-59930\"><a href=\"https:\/\/topa.be\/es\/olv-kathedraal\/kennismaking\/\" class=\"elementor-item\">La catedral en breve<\/a><\/li>\n<li class=\"menu-item menu-item-type-post_type menu-item-object-page menu-item-59931\"><a href=\"https:\/\/topa.be\/es\/olv-kathedraal\/interactief-grondplan\/\" class=\"elementor-item\">Interactive floorplan<\/a><\/li>\n<li class=\"menu-item menu-item-type-post_type menu-item-object-page menu-item-59932\"><a href=\"https:\/\/topa.be\/es\/olv-kathedraal\/beschrijving\/\" class=\"elementor-item\">History &#038; Description<\/a><\/li>\n<li class=\"menu-item menu-item-type-post_type menu-item-object-page menu-item-59933\"><a href=\"https:\/\/topa.be\/es\/olv-kathedraal\/publicaties\/\" class=\"elementor-item\">Publicaciones<\/a><\/li>\n<\/ul>\t\t\t<\/nav>\n\t\t\t\t\t<div class=\"elementor-menu-toggle\" role=\"button\" tabindex=\"0\" aria-label=\"Alternar men\u00fa\" aria-expanded=\"false\">\n\t\t\t<i aria-hidden=\"true\" role=\"presentation\" class=\"elementor-menu-toggle__icon--open eicon-menu-bar\"><\/i><i aria-hidden=\"true\" role=\"presentation\" class=\"elementor-menu-toggle__icon--close eicon-close\"><\/i>\t\t<\/div>\n\t\t\t\t\t<nav class=\"elementor-nav-menu--dropdown elementor-nav-menu__container\" aria-hidden=\"true\">\n\t\t\t\t<ul id=\"menu-2-cb80e0a\" class=\"elementor-nav-menu sm-vertical\"><li class=\"menu-item menu-item-type-post_type menu-item-object-page menu-item-65009\"><a href=\"https:\/\/topa.be\/es\/olv-kathedraal\/praktisch\/\" class=\"elementor-item\" tabindex=\"-1\">OLV Informaci\u00f3n pr\u00e1ctica<\/a><\/li>\n<li class=\"menu-item menu-item-type-post_type menu-item-object-page menu-item-59929\"><a href=\"https:\/\/topa.be\/es\/olv-kathedraal\/rondleidingen\/\" class=\"elementor-item\" tabindex=\"-1\">Visitas con guia (calendario)<\/a><\/li>\n<li class=\"menu-item menu-item-type-post_type menu-item-object-page menu-item-59930\"><a href=\"https:\/\/topa.be\/es\/olv-kathedraal\/kennismaking\/\" class=\"elementor-item\" tabindex=\"-1\">La catedral en breve<\/a><\/li>\n<li class=\"menu-item menu-item-type-post_type menu-item-object-page menu-item-59931\"><a href=\"https:\/\/topa.be\/es\/olv-kathedraal\/interactief-grondplan\/\" class=\"elementor-item\" tabindex=\"-1\">Interactive floorplan<\/a><\/li>\n<li class=\"menu-item menu-item-type-post_type menu-item-object-page menu-item-59932\"><a href=\"https:\/\/topa.be\/es\/olv-kathedraal\/beschrijving\/\" class=\"elementor-item\" tabindex=\"-1\">History &#038; Description<\/a><\/li>\n<li class=\"menu-item menu-item-type-post_type menu-item-object-page menu-item-59933\"><a href=\"https:\/\/topa.be\/es\/olv-kathedraal\/publicaties\/\" class=\"elementor-item\" tabindex=\"-1\">Publicaciones<\/a><\/li>\n<\/ul>\t\t\t<\/nav>\n\t\t\t\t\t\t<\/div>\n\t\t\t\t<\/div>\n\t\t\t\t\t<\/div>\n\t\t<\/div>\n\t\t\t\t\t<\/div>\n\t\t<\/section>\n\t\t\t\t<section class=\"elementor-section elementor-top-section elementor-element elementor-element-e34baaa elementor-section-boxed elementor-section-height-default elementor-section-height-default\" data-id=\"e34baaa\" data-element_type=\"section\" data-e-type=\"section\">\n\t\t\t\t\t\t<div class=\"elementor-container elementor-column-gap-default\">\n\t\t\t\t\t<div class=\"elementor-column elementor-col-100 elementor-top-column elementor-element elementor-element-8b48390\" data-id=\"8b48390\" data-element_type=\"column\" data-e-type=\"column\">\n\t\t\t<div class=\"elementor-widget-wrap elementor-element-populated\">\n\t\t\t\t\t\t<div class=\"elementor-element elementor-element-74f094f elementor-widget elementor-widget-shortcode\" data-id=\"74f094f\" data-element_type=\"widget\" data-e-type=\"widget\" data-widget_type=\"shortcode.default\">\n\t\t\t\t<div class=\"elementor-widget-container\">\n\t\t\t\t\t\t\t<div class=\"elementor-shortcode\"><iframe src=\"https:\/\/onedrive.live.com\/embed?resid=9BB42461408B5CDB%216250&authkey=!AMvglZfGJYpbY9E&em=2&activeCell=A3\" width=\"666\" height=\"500\" frameborder=\"0\" scrolling=\"no\"><\/iframe><\/div>\n\t\t\t\t\t\t<\/div>\n\t\t\t\t<\/div>\n\t\t\t\t<div class=\"elementor-element elementor-element-e14e008 elementor-widget elementor-widget-text-editor\" data-id=\"e14e008\" data-element_type=\"widget\" data-e-type=\"widget\" data-widget_type=\"text-editor.default\">\n\t\t\t\t<div class=\"elementor-widget-container\">\n\t\t\t\t\t\t\t\t\t<p style=\"text-align: justify;\"><strong><a id=\"groep\"><\/a>Para los grupos:<\/strong><br \/>\nLos gu\u00edas especializados de TOPA responder\u00e1n \u2013 si es posible \u2013 a los puntos de inter\u00e9s espec\u00edficos de su grupo. Una visita tambi\u00e9n es posible despu\u00e9s de la hora de cierre normal. Un grupo cuenta con 20 personas como m\u00e1ximo por gu\u00eda.<\/p>\n<p style=\"text-align: justify;\"><strong>Reservaci\u00f3n: por favor, tres semanas de antelaci\u00f3n<br \/>\nPrecio: ver en cada oferta &#8211; Gu\u00eda 95,00<\/strong><br \/>\n<strong>Servicio de informaci\u00f3n de la\u00a0catedral.<\/strong><br \/>\n<strong>+32 (0)3 213 99 51<\/strong><br \/>\n<a href=\"mailto:info@dekathedraal.be\"><strong>info@dekathedraal.be<\/strong><\/a><\/p>\n\t\t\t\t\t\t\t\t<\/div>\n\t\t\t\t<\/div>\n\t\t\t\t<div class=\"elementor-element elementor-element-f26b1c4 elementor-widget elementor-widget-text-editor\" data-id=\"f26b1c4\" data-element_type=\"widget\" data-e-type=\"widget\" data-widget_type=\"text-editor.default\">\n\t\t\t\t<div class=\"elementor-widget-container\">\n\t\t\t\t\t\t\t\t\t<p style=\"text-align: justify;\"><span style=\"color: #3366ff;\"><strong>Exploraci\u00f3n de la Catedral<\/strong><\/span><\/p>\n<p style=\"text-align: justify;\">El orgullo de Amberes es la Catedral de Nuestra Se\u00f1ora, la iglesia g\u00f3tica m\u00e1s grande de los Pa\u00edses Bajos. En el interior, el espacio arrullador lleva al visitante a otras dimensiones.<\/p>\n<p style=\"text-align: justify;\">Lo que vemos hoy, es parcialmente barroco, parcialmente neog\u00f3tico (del siglo XIX). Se pueden admirar cuatro obras de Pedro Pablo Rubens, entre ellas la\u00a0<em><strong>Elevaci\u00f3n de la Cruz<\/strong><\/em>\u00a0y el\u00a0<em><strong>Descenso de la Cruz<\/strong><\/em>, patrimonio cultural de tama\u00f1o mundial. Hay muchas otras obras de arte, el mobiliario, las vidrieras de colores,<\/p>\n<p style=\"text-align: justify;\"><strong>Hora: de 1h30 a 2h00<\/strong><br \/>\n<strong>Precio: \u20ac 10,00 &#8211; residentes en la provincia de Amberes: gratis<\/strong><\/p>\n\t\t\t\t\t\t\t\t<\/div>\n\t\t\t\t<\/div>\n\t\t\t\t<div class=\"elementor-element elementor-element-e70012e elementor-widget elementor-widget-text-editor\" data-id=\"e70012e\" data-element_type=\"widget\" data-e-type=\"widget\" data-widget_type=\"text-editor.default\">\n\t\t\t\t<div class=\"elementor-widget-container\">\n\t\t\t\t\t\t\t\t\t<p>&#8211;<\/p>\n\t\t\t\t\t\t\t\t<\/div>\n\t\t\t\t<\/div>\n\t\t\t\t<div class=\"elementor-element elementor-element-36bb5e0 elementor-widget elementor-widget-text-editor\" data-id=\"36bb5e0\" data-element_type=\"widget\" data-e-type=\"widget\" data-widget_type=\"text-editor.default\">\n\t\t\t\t<div class=\"elementor-widget-container\">\n\t\t\t\t\t\t\t\t\t<p>&#8211;<\/p>\n\t\t\t\t\t\t\t\t<\/div>\n\t\t\t\t<\/div>\n\t\t\t\t<div class=\"elementor-element elementor-element-2363775 elementor-widget elementor-widget-text-editor\" data-id=\"2363775\" data-element_type=\"widget\" data-e-type=\"widget\" data-widget_type=\"text-editor.default\">\n\t\t\t\t<div class=\"elementor-widget-container\">\n\t\t\t\t\t\t\t\t\t<p>&#8211;<\/p>\n\t\t\t\t\t\t\t\t<\/div>\n\t\t\t\t<\/div>\n\t\t\t\t<div class=\"elementor-element elementor-element-8e32bfe elementor-widget elementor-widget-text-editor\" data-id=\"8e32bfe\" data-element_type=\"widget\" data-e-type=\"widget\" data-widget_type=\"text-editor.default\">\n\t\t\t\t<div class=\"elementor-widget-container\">\n\t\t\t\t\t\t\t\t\t<p>&#8211;<\/p>\n\t\t\t\t\t\t\t\t<\/div>\n\t\t\t\t<\/div>\n\t\t\t\t<div class=\"elementor-element elementor-element-ea62260 elementor-widget elementor-widget-text-editor\" data-id=\"ea62260\" data-element_type=\"widget\" data-e-type=\"widget\" data-widget_type=\"text-editor.default\">\n\t\t\t\t<div class=\"elementor-widget-container\">\n\t\t\t\t\t\t\t\t\t<p>&#8211;<\/p>\n\t\t\t\t\t\t\t\t<\/div>\n\t\t\t\t<\/div>\n\t\t\t\t<div class=\"elementor-element elementor-element-a325c2d elementor-widget elementor-widget-text-editor\" data-id=\"a325c2d\" data-element_type=\"widget\" data-e-type=\"widget\" data-widget_type=\"text-editor.default\">\n\t\t\t\t<div class=\"elementor-widget-container\">\n\t\t\t\t\t\t\t\t\t<p>&#8211;<\/p>\n\t\t\t\t\t\t\t\t<\/div>\n\t\t\t\t<\/div>\n\t\t\t\t<div class=\"elementor-element elementor-element-15bf58f elementor-widget elementor-widget-text-editor\" data-id=\"15bf58f\" data-element_type=\"widget\" data-e-type=\"widget\" data-widget_type=\"text-editor.default\">\n\t\t\t\t<div class=\"elementor-widget-container\">\n\t\t\t\t\t\t\t\t\t<p><strong>En la p\u00e1gina general <a href=\"https:\/\/www.topa.be\/es\/groepen\/\">VISITAS GUIADAS<\/a> hay tambi\u00e9n un recorrido que visita varias iglesias.<\/strong><\/p>\n\t\t\t\t\t\t\t\t<\/div>\n\t\t\t\t<\/div>\n\t\t\t\t\t<\/div>\n\t\t<\/div>\n\t\t\t\t\t<\/div>\n\t\t<\/section>\n\t\t\t\t<\/div>\n\t\t","protected":false},"excerpt":{"rendered":"<p>Catedral de Nuestra Se\u00f1ora Visitas con gu\u00eda Visitas con gu\u00eda por los gu\u00edas de TOPA\u00a0(PAstoral de Turismo)\u00a0con el lema de \u2018ver el arte: m\u00e1s que una simple mirada\u2018. Para los visitantes individuales, gratis Gu\u00edas disponibles en seis idiomas: EN FR DE EN IT ES. D\u00edas y horarios seg\u00fan disponibilidad de los gu\u00edas. Calendario de visitas [&hellip;]<\/p>\n","protected":false},"author":16,"featured_media":0,"parent":38097,"menu_order":20,"comment_status":"closed","ping_status":"closed","template":"","meta":{"footnotes":""},"class_list":["post-38193","page","type-page","status-publish","hentry"],"aioseo_notices":[],"_links":{"self":[{"href":"https:\/\/topa.be\/es\/wp-json\/wp\/v2\/pages\/38193","targetHints":{"allow":["GET"]}}],"collection":[{"href":"https:\/\/topa.be\/es\/wp-json\/wp\/v2\/pages"}],"about":[{"href":"https:\/\/topa.be\/es\/wp-json\/wp\/v2\/types\/page"}],"author":[{"embeddable":true,"href":"https:\/\/topa.be\/es\/wp-json\/wp\/v2\/users\/16"}],"replies":[{"embeddable":true,"href":"https:\/\/topa.be\/es\/wp-json\/wp\/v2\/comments?post=38193"}],"version-history":[{"count":3,"href":"https:\/\/topa.be\/es\/wp-json\/wp\/v2\/pages\/38193\/revisions"}],"predecessor-version":[{"id":70171,"href":"https:\/\/topa.be\/es\/wp-json\/wp\/v2\/pages\/38193\/revisions\/70171"}],"up":[{"embeddable":true,"href":"https:\/\/topa.be\/es\/wp-json\/wp\/v2\/pages\/38097"}],"wp:attachment":[{"href":"https:\/\/topa.be\/es\/wp-json\/wp\/v2\/media?parent=38193"}],"curies":[{"name":"wp","href":"https:\/\/api.w.org\/{rel}","templated":true}]}}