{"id":38191,"date":"2021-05-29T16:58:27","date_gmt":"2021-05-29T14:58:27","guid":{"rendered":"http:\/\/topa.be\/olv-kathedraal\/praktische-informatie\/"},"modified":"2023-07-20T14:33:14","modified_gmt":"2023-07-20T12:33:14","slug":"praktisch","status":"publish","type":"page","link":"https:\/\/topa.be\/es\/olv-kathedraal\/praktisch\/","title":{"rendered":"OLV Informaci\u00f3n pr\u00e1ctica"},"content":{"rendered":"\t\t<div data-elementor-type=\"wp-page\" data-elementor-id=\"38191\" class=\"elementor elementor-38191 elementor-33230\" data-elementor-post-type=\"page\">\n\t\t\t\t\t\t<section class=\"elementor-section elementor-top-section elementor-element elementor-element-5ed2f7f elementor-section-boxed elementor-section-height-default elementor-section-height-default\" data-id=\"5ed2f7f\" data-element_type=\"section\" data-e-type=\"section\">\n\t\t\t\t\t\t<div class=\"elementor-container elementor-column-gap-default\">\n\t\t\t\t\t<div class=\"elementor-column elementor-col-100 elementor-top-column elementor-element elementor-element-ec75627\" data-id=\"ec75627\" data-element_type=\"column\" data-e-type=\"column\">\n\t\t\t<div class=\"elementor-widget-wrap elementor-element-populated\">\n\t\t\t\t\t\t<div class=\"elementor-element elementor-element-d9a80ad elementor-widget elementor-widget-heading\" data-id=\"d9a80ad\" data-element_type=\"widget\" data-e-type=\"widget\" data-widget_type=\"heading.default\">\n\t\t\t\t<div class=\"elementor-widget-container\">\n\t\t\t\t\t<h1 class=\"elementor-heading-title elementor-size-default\">Catedral de Nuestra Se\u00f1ora<\/h1>\t\t\t\t<\/div>\n\t\t\t\t<\/div>\n\t\t\t\t\t<\/div>\n\t\t<\/div>\n\t\t\t\t\t<\/div>\n\t\t<\/section>\n\t\t\t\t<section class=\"elementor-section elementor-top-section elementor-element elementor-element-d2afebc elementor-section-boxed elementor-section-height-default elementor-section-height-default\" data-id=\"d2afebc\" data-element_type=\"section\" data-e-type=\"section\">\n\t\t\t\t\t\t<div class=\"elementor-container elementor-column-gap-default\">\n\t\t\t\t\t<div class=\"elementor-column elementor-col-100 elementor-top-column elementor-element elementor-element-d0d02db\" data-id=\"d0d02db\" data-element_type=\"column\" data-e-type=\"column\">\n\t\t\t<div class=\"elementor-widget-wrap elementor-element-populated\">\n\t\t\t\t\t\t<div class=\"elementor-element elementor-element-65becec elementor-widget elementor-widget-heading\" data-id=\"65becec\" data-element_type=\"widget\" data-e-type=\"widget\" data-widget_type=\"heading.default\">\n\t\t\t\t<div class=\"elementor-widget-container\">\n\t\t\t\t\t<h2 class=\"elementor-heading-title elementor-size-default\">Informaci\u00f3n pr\u00e1ctica<\/h2>\t\t\t\t<\/div>\n\t\t\t\t<\/div>\n\t\t\t\t\t<\/div>\n\t\t<\/div>\n\t\t\t\t\t<\/div>\n\t\t<\/section>\n\t\t\t\t<section class=\"elementor-section elementor-top-section elementor-element elementor-element-2db5bba elementor-section-boxed elementor-section-height-default elementor-section-height-default\" data-id=\"2db5bba\" data-element_type=\"section\" data-e-type=\"section\">\n\t\t\t\t\t\t<div class=\"elementor-container elementor-column-gap-default\">\n\t\t\t\t\t<div class=\"elementor-column elementor-col-66 elementor-top-column elementor-element elementor-element-d59c84a\" data-id=\"d59c84a\" data-element_type=\"column\" data-e-type=\"column\">\n\t\t\t<div class=\"elementor-widget-wrap elementor-element-populated\">\n\t\t\t\t\t\t<div class=\"elementor-element elementor-element-a2d17f8 elementor-widget elementor-widget-text-editor\" data-id=\"a2d17f8\" data-element_type=\"widget\" data-e-type=\"widget\" data-widget_type=\"text-editor.default\">\n\t\t\t\t<div class=\"elementor-widget-container\">\n\t\t\t\t\t\t\t\t\t<p style=\"text-align: justify;\"><strong>Misas<\/strong><br \/>\nLunes \u2013 viernes: 16:00<br \/>\nS\u00e1bado: 16:00, 17:30 (\u00f3rgano \u2013 en Ingl\u00e9s)<br \/>\nDomingos y d\u00edas festivos: 9:00, 10:00 (coro y \u00f3rgano)<br \/>\nDomingo: 17:00\u00a0V\u00edsperas en el coro<br \/>\n<strong>Misas pontificales:<\/strong>\u00a0los d\u00edas festivos eclesi\u00e1sticos el obispo de Amberes, presidia la misa a las 10:00, concelebr\u00e1ndola con los can\u00f3nigos del cabildo catedralicio.<\/p>\n<p style=\"text-align: justify;\"><strong>Horas de visita<\/strong><strong><br \/>\n<\/strong>Lunes \u2013 viernes: 10:00 \u2013 17:00<br \/>\nS\u00e1bados: 10:00 \u2013 15:00<br \/>\nDomingos y d\u00edas festivos: 13:00 \u2013 17:00<br \/>\nA reserva de celebraciones especiales<br \/>\nV\u00e9ase tambi\u00e9n bajo\u00a0<a href=\"https:\/\/topa.be\/es\/olv-kathedraal\/rondleidingen\/\"><strong>visitas con gu\u00eda<\/strong><\/a><\/p>\n<p style=\"text-align: justify;\"><strong>Contribuci\u00f3n de las visitas tur\u00edsticas<\/strong><strong><br \/>\n<\/strong>visitantes individuales: 12<br \/>\ngrupos (m\u00edn. 20 pers.), personas con discapacidad, estudiantes, mayores de 60 a\u00f1os: 10 euros<br \/>\n-18 a\u00f1os y habitantes de la provincia de Amberes: entrada gratuita<\/p>\n<p style=\"text-align: justify;\"><strong>Servicio de informaci\u00f3n de la catedral<\/strong><strong><br \/>\n<\/strong>Groenplaats 21, B \u2013 2000 Antwerpen<br \/>\nTel. +32 (0)3 213 99 51<br \/>\nE-mail:\u00a0<a href=\"mailto:info@dekathedraal.be\" target=\"_blank\" rel=\"noopener noreferrer\"><strong>info@dekathedraal.be<\/strong><\/a><br \/>\nWeb:\u00a0<a href=\"https:\/\/www.dekathedraal.be\/en\"><strong>www.dekathedraal.be<\/strong><\/a><\/p>\n<p style=\"text-align: justify;\"><strong>Secretar\u00eda parroquial<\/strong><br \/>\nPieter Wie\u00ebrs<br \/>\nSt. Pietersstraat 1, 2000 Antwerpen<br \/>\n+32 (0)3 213 99 68<br \/>\n<a href=\"mailto:p.wieers@dekathedraal.be\"><strong>p.wieers@dekathedraal.be<\/strong><\/a><\/p>\n\t\t\t\t\t\t\t\t<\/div>\n\t\t\t\t<\/div>\n\t\t\t\t\t<\/div>\n\t\t<\/div>\n\t\t\t\t<div class=\"elementor-column elementor-col-33 elementor-top-column elementor-element elementor-element-b40b269\" data-id=\"b40b269\" data-element_type=\"column\" data-e-type=\"column\">\n\t\t\t<div class=\"elementor-widget-wrap elementor-element-populated\">\n\t\t\t\t\t\t<div class=\"elementor-element elementor-element-00e793e elementor-widget elementor-widget-text-editor\" data-id=\"00e793e\" data-element_type=\"widget\" data-e-type=\"widget\" data-widget_type=\"text-editor.default\">\n\t\t\t\t<div class=\"elementor-widget-container\">\n\t\t\t\t\t\t\t\t\t<h4 class=\"widgettitle\">Para descubrir m\u00e1s:<\/h4>\n\t\t\t\t\t\t\t\t<\/div>\n\t\t\t\t<\/div>\n\t\t\t\t<div class=\"elementor-element elementor-element-986e4ff elementor-nav-menu--dropdown-tablet elementor-nav-menu__text-align-aside elementor-nav-menu--toggle elementor-nav-menu--burger elementor-widget elementor-widget-nav-menu\" data-id=\"986e4ff\" data-element_type=\"widget\" data-e-type=\"widget\" data-settings=\"{&quot;layout&quot;:&quot;vertical&quot;,&quot;submenu_icon&quot;:{&quot;value&quot;:&quot;&lt;i class=\\&quot;fas fa-caret-down\\&quot; aria-hidden=\\&quot;true\\&quot;&gt;&lt;\\\/i&gt;&quot;,&quot;library&quot;:&quot;fa-solid&quot;},&quot;toggle&quot;:&quot;burger&quot;}\" data-widget_type=\"nav-menu.default\">\n\t\t\t\t<div class=\"elementor-widget-container\">\n\t\t\t\t\t\t\t\t<nav aria-label=\"Men\u00fa\" class=\"elementor-nav-menu--main elementor-nav-menu__container elementor-nav-menu--layout-vertical e--pointer-framed e--animation-fade\">\n\t\t\t\t<ul id=\"menu-1-986e4ff\" class=\"elementor-nav-menu sm-vertical\"><li class=\"menu-item menu-item-type-post_type menu-item-object-page menu-item-65009\"><a href=\"https:\/\/topa.be\/es\/olv-kathedraal\/praktisch\/\" class=\"elementor-item\">OLV Informaci\u00f3n pr\u00e1ctica<\/a><\/li>\n<li class=\"menu-item menu-item-type-post_type menu-item-object-page menu-item-59929\"><a href=\"https:\/\/topa.be\/es\/olv-kathedraal\/rondleidingen\/\" class=\"elementor-item\">Visitas con guia (calendario)<\/a><\/li>\n<li class=\"menu-item menu-item-type-post_type menu-item-object-page menu-item-59930\"><a href=\"https:\/\/topa.be\/es\/olv-kathedraal\/kennismaking\/\" class=\"elementor-item\">La catedral en breve<\/a><\/li>\n<li class=\"menu-item menu-item-type-post_type menu-item-object-page menu-item-59931\"><a href=\"https:\/\/topa.be\/es\/olv-kathedraal\/interactief-grondplan\/\" class=\"elementor-item\">Interactive floorplan<\/a><\/li>\n<li class=\"menu-item menu-item-type-post_type menu-item-object-page menu-item-59932\"><a href=\"https:\/\/topa.be\/es\/olv-kathedraal\/beschrijving\/\" class=\"elementor-item\">History &#038; Description<\/a><\/li>\n<li class=\"menu-item menu-item-type-post_type menu-item-object-page menu-item-59933\"><a href=\"https:\/\/topa.be\/es\/olv-kathedraal\/publicaties\/\" class=\"elementor-item\">Publicaciones<\/a><\/li>\n<\/ul>\t\t\t<\/nav>\n\t\t\t\t\t<div class=\"elementor-menu-toggle\" role=\"button\" tabindex=\"0\" aria-label=\"Alternar men\u00fa\" aria-expanded=\"false\">\n\t\t\t<i aria-hidden=\"true\" role=\"presentation\" class=\"elementor-menu-toggle__icon--open eicon-menu-bar\"><\/i><i aria-hidden=\"true\" role=\"presentation\" class=\"elementor-menu-toggle__icon--close eicon-close\"><\/i>\t\t<\/div>\n\t\t\t\t\t<nav class=\"elementor-nav-menu--dropdown elementor-nav-menu__container\" aria-hidden=\"true\">\n\t\t\t\t<ul id=\"menu-2-986e4ff\" class=\"elementor-nav-menu sm-vertical\"><li class=\"menu-item menu-item-type-post_type menu-item-object-page menu-item-65009\"><a href=\"https:\/\/topa.be\/es\/olv-kathedraal\/praktisch\/\" class=\"elementor-item\" tabindex=\"-1\">OLV Informaci\u00f3n pr\u00e1ctica<\/a><\/li>\n<li class=\"menu-item menu-item-type-post_type menu-item-object-page menu-item-59929\"><a href=\"https:\/\/topa.be\/es\/olv-kathedraal\/rondleidingen\/\" class=\"elementor-item\" tabindex=\"-1\">Visitas con guia (calendario)<\/a><\/li>\n<li class=\"menu-item menu-item-type-post_type menu-item-object-page menu-item-59930\"><a href=\"https:\/\/topa.be\/es\/olv-kathedraal\/kennismaking\/\" class=\"elementor-item\" tabindex=\"-1\">La catedral en breve<\/a><\/li>\n<li class=\"menu-item menu-item-type-post_type menu-item-object-page menu-item-59931\"><a href=\"https:\/\/topa.be\/es\/olv-kathedraal\/interactief-grondplan\/\" class=\"elementor-item\" tabindex=\"-1\">Interactive floorplan<\/a><\/li>\n<li class=\"menu-item menu-item-type-post_type menu-item-object-page menu-item-59932\"><a href=\"https:\/\/topa.be\/es\/olv-kathedraal\/beschrijving\/\" class=\"elementor-item\" tabindex=\"-1\">History &#038; Description<\/a><\/li>\n<li class=\"menu-item menu-item-type-post_type menu-item-object-page menu-item-59933\"><a href=\"https:\/\/topa.be\/es\/olv-kathedraal\/publicaties\/\" class=\"elementor-item\" tabindex=\"-1\">Publicaciones<\/a><\/li>\n<\/ul>\t\t\t<\/nav>\n\t\t\t\t\t\t<\/div>\n\t\t\t\t<\/div>\n\t\t\t\t\t<\/div>\n\t\t<\/div>\n\t\t\t\t\t<\/div>\n\t\t<\/section>\n\t\t\t\t<section class=\"elementor-section elementor-top-section elementor-element elementor-element-51af4931 elementor-section-boxed elementor-section-height-default elementor-section-height-default\" data-id=\"51af4931\" data-element_type=\"section\" data-e-type=\"section\">\n\t\t\t\t\t\t<div class=\"elementor-container elementor-column-gap-default\">\n\t\t\t\t\t<div class=\"elementor-column elementor-col-100 elementor-top-column elementor-element elementor-element-248e4993\" data-id=\"248e4993\" data-element_type=\"column\" data-e-type=\"column\">\n\t\t\t<div class=\"elementor-widget-wrap elementor-element-populated\">\n\t\t\t\t\t\t<div class=\"elementor-element elementor-element-11242e78 elementor-widget elementor-widget-google_maps\" data-id=\"11242e78\" data-element_type=\"widget\" data-e-type=\"widget\" data-widget_type=\"google_maps.default\">\n\t\t\t\t<div class=\"elementor-widget-container\">\n\t\t\t\t\t\t\t<div class=\"elementor-custom-embed\">\n\t\t\t<iframe loading=\"lazy\"\n\t\t\t\t\tsrc=\"https:\/\/maps.google.com\/maps?q=kathedraal%20antwerpen&#038;t=m&#038;z=17&#038;output=embed&#038;iwloc=near\"\n\t\t\t\t\ttitle=\"kathedraal antwerpen\"\n\t\t\t\t\taria-label=\"kathedraal antwerpen\"\n\t\t\t><\/iframe>\n\t\t<\/div>\n\t\t\t\t\t\t<\/div>\n\t\t\t\t<\/div>\n\t\t\t\t<div class=\"elementor-element elementor-element-5e5cdab3 elementor-widget elementor-widget-text-editor\" data-id=\"5e5cdab3\" data-element_type=\"widget\" data-e-type=\"widget\" data-widget_type=\"text-editor.default\">\n\t\t\t\t<div class=\"elementor-widget-container\">\n\t\t\t\t\t\t\t\t\t<p style=\"text-align: justify;\">A trav\u00e9s del <strong><a href=\"https:\/\/goo.gl\/maps\/tFWF9MffxF8Jp6WH6\">ESTE MAPA<\/a><\/strong>\u00a0puede determinar una ruta en funci\u00f3n de su medio de transporte.<br \/>\nEs posible que desee utilizar VELO-Antwerpen:\u00a0<strong><a href=\"https:\/\/www.velo-antwerpen.be\/en\">https:\/\/www.velo-antwerpen.be\/en<\/a><\/strong><\/p>\n\t\t\t\t\t\t\t\t<\/div>\n\t\t\t\t<\/div>\n\t\t\t\t\t<\/div>\n\t\t<\/div>\n\t\t\t\t\t<\/div>\n\t\t<\/section>\n\t\t\t\t<\/div>\n\t\t","protected":false},"excerpt":{"rendered":"<p>Catedral de Nuestra Se\u00f1ora Informaci\u00f3n pr\u00e1ctica Misas Lunes \u2013 viernes: 16:00 S\u00e1bado: 16:00, 17:30 (\u00f3rgano \u2013 en Ingl\u00e9s) Domingos y d\u00edas festivos: 9:00, 10:00 (coro y \u00f3rgano) Domingo: 17:00\u00a0V\u00edsperas en el coro Misas pontificales:\u00a0los d\u00edas festivos eclesi\u00e1sticos el obispo de Amberes, presidia la misa a las 10:00, concelebr\u00e1ndola con los can\u00f3nigos del cabildo catedralicio. Horas [&hellip;]<\/p>\n","protected":false},"author":16,"featured_media":0,"parent":38097,"menu_order":10,"comment_status":"closed","ping_status":"closed","template":"","meta":{"footnotes":""},"class_list":["post-38191","page","type-page","status-publish","hentry"],"aioseo_notices":[],"_links":{"self":[{"href":"https:\/\/topa.be\/es\/wp-json\/wp\/v2\/pages\/38191","targetHints":{"allow":["GET"]}}],"collection":[{"href":"https:\/\/topa.be\/es\/wp-json\/wp\/v2\/pages"}],"about":[{"href":"https:\/\/topa.be\/es\/wp-json\/wp\/v2\/types\/page"}],"author":[{"embeddable":true,"href":"https:\/\/topa.be\/es\/wp-json\/wp\/v2\/users\/16"}],"replies":[{"embeddable":true,"href":"https:\/\/topa.be\/es\/wp-json\/wp\/v2\/comments?post=38191"}],"version-history":[{"count":3,"href":"https:\/\/topa.be\/es\/wp-json\/wp\/v2\/pages\/38191\/revisions"}],"predecessor-version":[{"id":68986,"href":"https:\/\/topa.be\/es\/wp-json\/wp\/v2\/pages\/38191\/revisions\/68986"}],"up":[{"embeddable":true,"href":"https:\/\/topa.be\/es\/wp-json\/wp\/v2\/pages\/38097"}],"wp:attachment":[{"href":"https:\/\/topa.be\/es\/wp-json\/wp\/v2\/media?parent=38191"}],"curies":[{"name":"wp","href":"https:\/\/api.w.org\/{rel}","templated":true}]}}