{"id":38097,"date":"2021-05-28T13:39:18","date_gmt":"2021-05-28T11:39:18","guid":{"rendered":"http:\/\/topa.be\/olv-kathedraal\/"},"modified":"2025-03-14T10:03:35","modified_gmt":"2025-03-14T09:03:35","slug":"olv-kathedraal","status":"publish","type":"page","link":"https:\/\/topa.be\/es\/olv-kathedraal\/","title":{"rendered":"Catedral de Nuestra Se\u00f1ora"},"content":{"rendered":"\t\t<div data-elementor-type=\"wp-page\" data-elementor-id=\"38097\" class=\"elementor elementor-38097 elementor-11765\" data-elementor-post-type=\"page\">\n\t\t\t\t\t\t<section class=\"elementor-section elementor-top-section elementor-element elementor-element-3a486bc elementor-section-boxed elementor-section-height-default elementor-section-height-default\" data-id=\"3a486bc\" data-element_type=\"section\" data-e-type=\"section\">\n\t\t\t\t\t\t<div class=\"elementor-container elementor-column-gap-default\">\n\t\t\t\t\t<div class=\"elementor-column elementor-col-100 elementor-top-column elementor-element elementor-element-6511d2c\" data-id=\"6511d2c\" data-element_type=\"column\" data-e-type=\"column\">\n\t\t\t<div class=\"elementor-widget-wrap elementor-element-populated\">\n\t\t\t\t\t\t<div class=\"elementor-element elementor-element-8bb9afa elementor-widget elementor-widget-heading\" data-id=\"8bb9afa\" data-element_type=\"widget\" data-e-type=\"widget\" data-widget_type=\"heading.default\">\n\t\t\t\t<div class=\"elementor-widget-container\">\n\t\t\t\t\t<h1 class=\"elementor-heading-title elementor-size-default\">Catedral de Nuestra Se\u00f1ora<\/h1>\t\t\t\t<\/div>\n\t\t\t\t<\/div>\n\t\t\t\t\t<\/div>\n\t\t<\/div>\n\t\t\t\t\t<\/div>\n\t\t<\/section>\n\t\t\t\t<section class=\"elementor-section elementor-top-section elementor-element elementor-element-262f515 elementor-section-boxed elementor-section-height-default elementor-section-height-default\" data-id=\"262f515\" data-element_type=\"section\" data-e-type=\"section\">\n\t\t\t\t\t\t<div class=\"elementor-container elementor-column-gap-default\">\n\t\t\t\t\t<div class=\"elementor-column elementor-col-100 elementor-top-column elementor-element elementor-element-c9a7fec\" data-id=\"c9a7fec\" data-element_type=\"column\" data-e-type=\"column\">\n\t\t\t<div class=\"elementor-widget-wrap elementor-element-populated\">\n\t\t\t\t\t\t<section class=\"elementor-section elementor-inner-section elementor-element elementor-element-5680c77 elementor-section-boxed elementor-section-height-default elementor-section-height-default\" data-id=\"5680c77\" data-element_type=\"section\" data-e-type=\"section\">\n\t\t\t\t\t\t<div class=\"elementor-container elementor-column-gap-default\">\n\t\t\t\t\t<div class=\"elementor-column elementor-col-50 elementor-inner-column elementor-element elementor-element-2c2de36\" data-id=\"2c2de36\" data-element_type=\"column\" data-e-type=\"column\">\n\t\t\t<div class=\"elementor-widget-wrap elementor-element-populated\">\n\t\t\t\t\t\t<div class=\"elementor-element elementor-element-c45f299 elementor-widget elementor-widget-image\" data-id=\"c45f299\" data-element_type=\"widget\" data-e-type=\"widget\" data-widget_type=\"image.default\">\n\t\t\t\t<div class=\"elementor-widget-container\">\n\t\t\t\t\t\t\t\t\t\t\t\t\t\t\t\t<a href=\"https:\/\/topa.be\/wp-content\/uploads\/OLV-Kathedraal-Buiten-scaled.jpg\" data-elementor-open-lightbox=\"yes\" data-elementor-lightbox-title=\"OLV-Kathedraal-Buiten\" data-e-action-hash=\"#elementor-action%3Aaction%3Dlightbox%26settings%3DeyJpZCI6MjY1OTEsInVybCI6Imh0dHBzOlwvXC90b3BhLmJlXC93cC1jb250ZW50XC91cGxvYWRzXC9PTFYtS2F0aGVkcmFhbC1CdWl0ZW4tc2NhbGVkLmpwZyJ9\">\n\t\t\t\t\t\t\t<img fetchpriority=\"high\" decoding=\"async\" width=\"800\" height=\"452\" src=\"https:\/\/topa.be\/wp-content\/uploads\/OLV-Kathedraal-Buiten-1024x579.jpg\" class=\"attachment-large size-large wp-image-26591\" alt=\"\" srcset=\"https:\/\/topa.be\/wp-content\/uploads\/OLV-Kathedraal-Buiten-1024x579.jpg 1024w, https:\/\/topa.be\/wp-content\/uploads\/OLV-Kathedraal-Buiten-300x169.jpg 300w, https:\/\/topa.be\/wp-content\/uploads\/OLV-Kathedraal-Buiten-200x113.jpg 200w, https:\/\/topa.be\/wp-content\/uploads\/OLV-Kathedraal-Buiten-768x434.jpg 768w, https:\/\/topa.be\/wp-content\/uploads\/OLV-Kathedraal-Buiten-1536x868.jpg 1536w, https:\/\/topa.be\/wp-content\/uploads\/OLV-Kathedraal-Buiten-2048x1157.jpg 2048w\" sizes=\"(max-width: 800px) 100vw, 800px\" \/>\t\t\t\t\t\t\t\t<\/a>\n\t\t\t\t\t\t\t\t\t\t\t\t\t\t\t<\/div>\n\t\t\t\t<\/div>\n\t\t\t\t\t<\/div>\n\t\t<\/div>\n\t\t\t\t<div class=\"elementor-column elementor-col-50 elementor-inner-column elementor-element elementor-element-fd91fd0\" data-id=\"fd91fd0\" data-element_type=\"column\" data-e-type=\"column\">\n\t\t\t<div class=\"elementor-widget-wrap elementor-element-populated\">\n\t\t\t\t\t\t<div class=\"elementor-element elementor-element-6c7501d elementor-widget elementor-widget-image\" data-id=\"6c7501d\" data-element_type=\"widget\" data-e-type=\"widget\" data-widget_type=\"image.default\">\n\t\t\t\t<div class=\"elementor-widget-container\">\n\t\t\t\t\t\t\t\t\t\t\t\t\t\t\t\t<a href=\"https:\/\/topa.be\/wp-content\/uploads\/OLV-Kathedraal-Binnen-scaled.jpg\" data-elementor-open-lightbox=\"yes\" data-elementor-lightbox-title=\"OLV-Kathedraal-Binnen\" data-e-action-hash=\"#elementor-action%3Aaction%3Dlightbox%26settings%3DeyJpZCI6MjY1NzksInVybCI6Imh0dHBzOlwvXC90b3BhLmJlXC93cC1jb250ZW50XC91cGxvYWRzXC9PTFYtS2F0aGVkcmFhbC1CaW5uZW4tc2NhbGVkLmpwZyJ9\">\n\t\t\t\t\t\t\t<img decoding=\"async\" width=\"800\" height=\"452\" src=\"https:\/\/topa.be\/wp-content\/uploads\/OLV-Kathedraal-Binnen-1024x578.jpg\" class=\"attachment-large size-large wp-image-26579\" alt=\"\" srcset=\"https:\/\/topa.be\/wp-content\/uploads\/OLV-Kathedraal-Binnen-1024x578.jpg 1024w, https:\/\/topa.be\/wp-content\/uploads\/OLV-Kathedraal-Binnen-300x169.jpg 300w, https:\/\/topa.be\/wp-content\/uploads\/OLV-Kathedraal-Binnen-200x113.jpg 200w, https:\/\/topa.be\/wp-content\/uploads\/OLV-Kathedraal-Binnen-768x434.jpg 768w, https:\/\/topa.be\/wp-content\/uploads\/OLV-Kathedraal-Binnen-1536x868.jpg 1536w, https:\/\/topa.be\/wp-content\/uploads\/OLV-Kathedraal-Binnen-2048x1157.jpg 2048w\" sizes=\"(max-width: 800px) 100vw, 800px\" \/>\t\t\t\t\t\t\t\t<\/a>\n\t\t\t\t\t\t\t\t\t\t\t\t\t\t\t<\/div>\n\t\t\t\t<\/div>\n\t\t\t\t\t<\/div>\n\t\t<\/div>\n\t\t\t\t\t<\/div>\n\t\t<\/section>\n\t\t\t\t\t<\/div>\n\t\t<\/div>\n\t\t\t\t\t<\/div>\n\t\t<\/section>\n\t\t\t\t<section class=\"elementor-section elementor-top-section elementor-element elementor-element-ba708df elementor-section-boxed elementor-section-height-default elementor-section-height-default\" data-id=\"ba708df\" data-element_type=\"section\" data-e-type=\"section\">\n\t\t\t\t\t\t<div class=\"elementor-container elementor-column-gap-default\">\n\t\t\t\t\t<div class=\"elementor-column elementor-col-100 elementor-top-column elementor-element elementor-element-0a705b7\" data-id=\"0a705b7\" data-element_type=\"column\" data-e-type=\"column\">\n\t\t\t<div class=\"elementor-widget-wrap elementor-element-populated\">\n\t\t\t\t\t\t<div class=\"elementor-element elementor-element-68536bb elementor-widget elementor-widget-text-editor\" data-id=\"68536bb\" data-element_type=\"widget\" data-e-type=\"widget\" data-widget_type=\"text-editor.default\">\n\t\t\t\t<div class=\"elementor-widget-container\">\n\t\t\t\t\t\t\t\t\t<p style=\"text-align: justify;\">El orgullo de Amberes es la Catedral de Nuestra Se\u00f1ora, la iglesia g\u00f3tica m\u00e1s grande de los Pa\u00edses Bajos.\u00a0Su construcci\u00f3n se acab\u00f3 en 1521, despu\u00e9s de unos 170 a\u00f1os de trabajo. Su torre norte (123 m.), \u2018un encaje de piedra\u2019, sigue dominando el horizonte. En el interior, el espacio arrullador lleva al visitante a otras dimensiones.<\/p>\n<p><\/p>\n<p style=\"text-align: justify;\">Lo que vemos hoy, es parcialmente barroco, parcialmente neog\u00f3tico (del siglo XIX). Se pueden admirar cuatro obras de Pedro Pablo Rubens, entre ellas la\u00a0<em><strong>Elevaci\u00f3n de la Cruz<\/strong><\/em>\u00a0y el\u00a0<em><strong>Descenso de la Cruz<\/strong><\/em>, patrimonio cultural de tama\u00f1o mundial. Hay muchas otras obras de arte, el mobiliario, las vidrieras de colores,\u2026<\/p>\n\t\t\t\t\t\t\t\t<\/div>\n\t\t\t\t<\/div>\n\t\t\t\t\t<\/div>\n\t\t<\/div>\n\t\t\t\t\t<\/div>\n\t\t<\/section>\n\t\t\t\t<section class=\"elementor-section elementor-top-section elementor-element elementor-element-6be4a64d elementor-section-boxed elementor-section-height-default elementor-section-height-default\" data-id=\"6be4a64d\" data-element_type=\"section\" data-e-type=\"section\">\n\t\t\t\t\t\t<div class=\"elementor-container elementor-column-gap-default\">\n\t\t\t\t\t<div class=\"elementor-column elementor-col-100 elementor-top-column elementor-element elementor-element-1fb24581\" data-id=\"1fb24581\" data-element_type=\"column\" data-e-type=\"column\">\n\t\t\t<div class=\"elementor-widget-wrap elementor-element-populated\">\n\t\t\t\t\t\t<div class=\"elementor-element elementor-element-5dced20 elementor-widget elementor-widget-text-editor\" data-id=\"5dced20\" data-element_type=\"widget\" data-e-type=\"widget\" data-widget_type=\"text-editor.default\">\n\t\t\t\t<div class=\"elementor-widget-container\">\n\t\t\t\t\t\t\t\t\t<p style=\"text-align: justify;\">A trav\u00e9s del\u00a0<strong><a href=\"https:\/\/goo.gl\/maps\/tFWF9MffxF8Jp6WH6\" target=\"_blank\" rel=\"nofollow external noopener noreferrer\" data-wpel-link=\"external\">ESTE MAPA<\/a><\/strong>\u00a0puede determinar una ruta en funci\u00f3n de su medio de transporte.<br \/>\nEs posible que desee utilizar VELO-Antwerpen:\u00a0<strong><a class=\"broken_link\" href=\"https:\/\/www.velo-antwerpen.be\/en\" target=\"_blank\" rel=\"nofollow external noopener noreferrer\" data-wpel-link=\"external\">https:\/\/www.velo-antwerpen.be\/en<\/a><\/strong><\/p>\n\t\t\t\t\t\t\t\t<\/div>\n\t\t\t\t<\/div>\n\t\t\t\t\t<\/div>\n\t\t<\/div>\n\t\t\t\t\t<\/div>\n\t\t<\/section>\n\t\t\t\t<section class=\"elementor-section elementor-top-section elementor-element elementor-element-c78ba4d elementor-section-boxed elementor-section-height-default elementor-section-height-default\" data-id=\"c78ba4d\" data-element_type=\"section\" data-e-type=\"section\">\n\t\t\t\t\t\t<div class=\"elementor-container elementor-column-gap-default\">\n\t\t\t\t\t<div class=\"elementor-column elementor-col-100 elementor-top-column elementor-element elementor-element-4413f13\" data-id=\"4413f13\" data-element_type=\"column\" data-e-type=\"column\">\n\t\t\t<div class=\"elementor-widget-wrap elementor-element-populated\">\n\t\t\t\t\t\t<div class=\"elementor-element elementor-element-9f21983 elementor-widget elementor-widget-heading\" data-id=\"9f21983\" data-element_type=\"widget\" data-e-type=\"widget\" data-widget_type=\"heading.default\">\n\t\t\t\t<div class=\"elementor-widget-container\">\n\t\t\t\t\t<h3 class=\"elementor-heading-title elementor-size-default\">Para descubrir m\u00e1s:<\/h3>\t\t\t\t<\/div>\n\t\t\t\t<\/div>\n\t\t\t\t\t<\/div>\n\t\t<\/div>\n\t\t\t\t\t<\/div>\n\t\t<\/section>\n\t\t\t\t<section class=\"elementor-section elementor-top-section elementor-element elementor-element-06ac3be elementor-section-boxed elementor-section-height-default elementor-section-height-default\" data-id=\"06ac3be\" data-element_type=\"section\" data-e-type=\"section\">\n\t\t\t\t\t\t<div class=\"elementor-container elementor-column-gap-default\">\n\t\t\t\t\t<div class=\"elementor-column elementor-col-100 elementor-top-column elementor-element elementor-element-b479f5a\" data-id=\"b479f5a\" data-element_type=\"column\" data-e-type=\"column\">\n\t\t\t<div class=\"elementor-widget-wrap elementor-element-populated\">\n\t\t\t\t\t\t<div class=\"elementor-element elementor-element-19402b5 elementor-nav-menu--dropdown-tablet elementor-nav-menu__text-align-aside elementor-nav-menu--toggle elementor-nav-menu--burger elementor-widget elementor-widget-nav-menu\" data-id=\"19402b5\" data-element_type=\"widget\" data-e-type=\"widget\" data-settings=\"{&quot;layout&quot;:&quot;horizontal&quot;,&quot;submenu_icon&quot;:{&quot;value&quot;:&quot;&lt;i class=\\&quot;fas fa-caret-down\\&quot; aria-hidden=\\&quot;true\\&quot;&gt;&lt;\\\/i&gt;&quot;,&quot;library&quot;:&quot;fa-solid&quot;},&quot;toggle&quot;:&quot;burger&quot;}\" data-widget_type=\"nav-menu.default\">\n\t\t\t\t<div class=\"elementor-widget-container\">\n\t\t\t\t\t\t\t\t<nav aria-label=\"Menu\" class=\"elementor-nav-menu--main elementor-nav-menu__container elementor-nav-menu--layout-horizontal e--pointer-framed e--animation-fade\">\n\t\t\t\t<ul id=\"menu-1-19402b5\" class=\"elementor-nav-menu\"><li class=\"menu-item menu-item-type-post_type menu-item-object-page menu-item-65009\"><a href=\"https:\/\/topa.be\/es\/olv-kathedraal\/praktisch\/\" class=\"elementor-item\">OLV Informaci\u00f3n pr\u00e1ctica<\/a><\/li>\n<li class=\"menu-item menu-item-type-post_type menu-item-object-page menu-item-59929\"><a href=\"https:\/\/topa.be\/es\/olv-kathedraal\/rondleidingen\/\" class=\"elementor-item\">Visitas con guia (calendario)<\/a><\/li>\n<li class=\"menu-item menu-item-type-post_type menu-item-object-page menu-item-59930\"><a href=\"https:\/\/topa.be\/es\/olv-kathedraal\/kennismaking\/\" class=\"elementor-item\">La catedral en breve<\/a><\/li>\n<li class=\"menu-item menu-item-type-post_type menu-item-object-page menu-item-59931\"><a href=\"https:\/\/topa.be\/es\/olv-kathedraal\/interactief-grondplan\/\" class=\"elementor-item\">Interactive floorplan<\/a><\/li>\n<li class=\"menu-item menu-item-type-post_type menu-item-object-page menu-item-59932\"><a href=\"https:\/\/topa.be\/es\/olv-kathedraal\/beschrijving\/\" class=\"elementor-item\">History &#038; Description<\/a><\/li>\n<li class=\"menu-item menu-item-type-post_type menu-item-object-page menu-item-59933\"><a href=\"https:\/\/topa.be\/es\/olv-kathedraal\/publicaties\/\" class=\"elementor-item\">Publicaciones<\/a><\/li>\n<\/ul>\t\t\t<\/nav>\n\t\t\t\t\t<div class=\"elementor-menu-toggle\" role=\"button\" tabindex=\"0\" aria-label=\"Alternar men\u00fa\" aria-expanded=\"false\">\n\t\t\t<i aria-hidden=\"true\" role=\"presentation\" class=\"elementor-menu-toggle__icon--open eicon-menu-bar\"><\/i><i aria-hidden=\"true\" role=\"presentation\" class=\"elementor-menu-toggle__icon--close eicon-close\"><\/i>\t\t<\/div>\n\t\t\t\t\t<nav class=\"elementor-nav-menu--dropdown elementor-nav-menu__container\" aria-hidden=\"true\">\n\t\t\t\t<ul id=\"menu-2-19402b5\" class=\"elementor-nav-menu\"><li class=\"menu-item menu-item-type-post_type menu-item-object-page menu-item-65009\"><a href=\"https:\/\/topa.be\/es\/olv-kathedraal\/praktisch\/\" class=\"elementor-item\" tabindex=\"-1\">OLV Informaci\u00f3n pr\u00e1ctica<\/a><\/li>\n<li class=\"menu-item menu-item-type-post_type menu-item-object-page menu-item-59929\"><a href=\"https:\/\/topa.be\/es\/olv-kathedraal\/rondleidingen\/\" class=\"elementor-item\" tabindex=\"-1\">Visitas con guia (calendario)<\/a><\/li>\n<li class=\"menu-item menu-item-type-post_type menu-item-object-page menu-item-59930\"><a href=\"https:\/\/topa.be\/es\/olv-kathedraal\/kennismaking\/\" class=\"elementor-item\" tabindex=\"-1\">La catedral en breve<\/a><\/li>\n<li class=\"menu-item menu-item-type-post_type menu-item-object-page menu-item-59931\"><a href=\"https:\/\/topa.be\/es\/olv-kathedraal\/interactief-grondplan\/\" class=\"elementor-item\" tabindex=\"-1\">Interactive floorplan<\/a><\/li>\n<li class=\"menu-item menu-item-type-post_type menu-item-object-page menu-item-59932\"><a href=\"https:\/\/topa.be\/es\/olv-kathedraal\/beschrijving\/\" class=\"elementor-item\" tabindex=\"-1\">History &#038; Description<\/a><\/li>\n<li class=\"menu-item menu-item-type-post_type menu-item-object-page menu-item-59933\"><a href=\"https:\/\/topa.be\/es\/olv-kathedraal\/publicaties\/\" class=\"elementor-item\" tabindex=\"-1\">Publicaciones<\/a><\/li>\n<\/ul>\t\t\t<\/nav>\n\t\t\t\t\t\t<\/div>\n\t\t\t\t<\/div>\n\t\t\t\t\t<\/div>\n\t\t<\/div>\n\t\t\t\t\t<\/div>\n\t\t<\/section>\n\t\t\t\t<\/div>\n\t\t","protected":false},"excerpt":{"rendered":"<p>Catedral de Nuestra Se\u00f1ora El orgullo de Amberes es la Catedral de Nuestra Se\u00f1ora, la iglesia g\u00f3tica m\u00e1s grande de los Pa\u00edses Bajos.\u00a0Su construcci\u00f3n se acab\u00f3 en 1521, despu\u00e9s de unos 170 a\u00f1os de trabajo. Su torre norte (123 m.), \u2018un encaje de piedra\u2019, sigue dominando el horizonte. En el interior, el espacio arrullador lleva [&hellip;]<\/p>\n","protected":false},"author":16,"featured_media":0,"parent":0,"menu_order":100,"comment_status":"closed","ping_status":"closed","template":"","meta":{"footnotes":""},"class_list":["post-38097","page","type-page","status-publish","hentry"],"aioseo_notices":[],"_links":{"self":[{"href":"https:\/\/topa.be\/es\/wp-json\/wp\/v2\/pages\/38097","targetHints":{"allow":["GET"]}}],"collection":[{"href":"https:\/\/topa.be\/es\/wp-json\/wp\/v2\/pages"}],"about":[{"href":"https:\/\/topa.be\/es\/wp-json\/wp\/v2\/types\/page"}],"author":[{"embeddable":true,"href":"https:\/\/topa.be\/es\/wp-json\/wp\/v2\/users\/16"}],"replies":[{"embeddable":true,"href":"https:\/\/topa.be\/es\/wp-json\/wp\/v2\/comments?post=38097"}],"version-history":[{"count":3,"href":"https:\/\/topa.be\/es\/wp-json\/wp\/v2\/pages\/38097\/revisions"}],"predecessor-version":[{"id":71555,"href":"https:\/\/topa.be\/es\/wp-json\/wp\/v2\/pages\/38097\/revisions\/71555"}],"wp:attachment":[{"href":"https:\/\/topa.be\/es\/wp-json\/wp\/v2\/media?parent=38097"}],"curies":[{"name":"wp","href":"https:\/\/api.w.org\/{rel}","templated":true}]}}