{"id":52161,"date":"2021-08-10T17:13:38","date_gmt":"2021-08-10T15:13:38","guid":{"rendered":"http:\/\/topa.be\/sint-carolus-borromeus\/beschrijving\/scb-bibliography\/"},"modified":"2021-08-18T17:13:24","modified_gmt":"2021-08-18T15:13:24","slug":"bibliografie","status":"publish","type":"page","link":"https:\/\/topa.be\/en\/sint-carolus-borromeus\/beschrijving\/bibliografie\/","title":{"rendered":"SCB Bibliography"},"content":{"rendered":"\t\t<div data-elementor-type=\"wp-page\" data-elementor-id=\"52161\" class=\"elementor elementor-52161 elementor-33799\" data-elementor-post-type=\"page\">\n\t\t\t\t\t\t<section class=\"elementor-section elementor-top-section elementor-element elementor-element-8d16c28 elementor-section-boxed elementor-section-height-default elementor-section-height-default\" data-id=\"8d16c28\" data-element_type=\"section\" data-e-type=\"section\">\n\t\t\t\t\t\t<div class=\"elementor-container elementor-column-gap-default\">\n\t\t\t\t\t<div class=\"elementor-column elementor-col-100 elementor-top-column elementor-element elementor-element-f89530a\" data-id=\"f89530a\" data-element_type=\"column\" data-e-type=\"column\">\n\t\t\t<div class=\"elementor-widget-wrap elementor-element-populated\">\n\t\t\t\t\t\t<div class=\"elementor-element elementor-element-1e4f0ad elementor-widget elementor-widget-heading\" data-id=\"1e4f0ad\" data-element_type=\"widget\" data-e-type=\"widget\" data-widget_type=\"heading.default\">\n\t\t\t\t<div class=\"elementor-widget-container\">\n\t\t\t\t\t<h2 class=\"elementor-heading-title elementor-size-default\">The Antwerp jesuit church, a revelation.<\/h2>\t\t\t\t<\/div>\n\t\t\t\t<\/div>\n\t\t\t\t\t<\/div>\n\t\t<\/div>\n\t\t\t\t\t<\/div>\n\t\t<\/section>\n\t\t\t\t<section class=\"elementor-section elementor-top-section elementor-element elementor-element-1cbf35f elementor-section-boxed elementor-section-height-default elementor-section-height-default\" data-id=\"1cbf35f\" data-element_type=\"section\" data-e-type=\"section\">\n\t\t\t\t\t\t<div class=\"elementor-container elementor-column-gap-default\">\n\t\t\t\t\t<div class=\"elementor-column elementor-col-100 elementor-top-column elementor-element elementor-element-8f21711\" data-id=\"8f21711\" data-element_type=\"column\" data-e-type=\"column\">\n\t\t\t<div class=\"elementor-widget-wrap elementor-element-populated\">\n\t\t\t\t\t\t<div class=\"elementor-element elementor-element-a51e106 elementor-widget elementor-widget-heading\" data-id=\"a51e106\" data-element_type=\"widget\" data-e-type=\"widget\" data-widget_type=\"heading.default\">\n\t\t\t\t<div class=\"elementor-widget-container\">\n\t\t\t\t\t<h1 class=\"elementor-heading-title elementor-size-default\">Bibliography<\/h1>\t\t\t\t<\/div>\n\t\t\t\t<\/div>\n\t\t\t\t\t<\/div>\n\t\t<\/div>\n\t\t\t\t\t<\/div>\n\t\t<\/section>\n\t\t\t\t<section class=\"elementor-section elementor-top-section elementor-element elementor-element-1393347 elementor-section-boxed elementor-section-height-default elementor-section-height-default\" data-id=\"1393347\" data-element_type=\"section\" data-e-type=\"section\">\n\t\t\t\t\t\t<div class=\"elementor-container elementor-column-gap-default\">\n\t\t\t\t\t<div class=\"elementor-column elementor-col-66 elementor-top-column elementor-element elementor-element-7112938\" data-id=\"7112938\" data-element_type=\"column\" data-e-type=\"column\">\n\t\t\t<div class=\"elementor-widget-wrap elementor-element-populated\">\n\t\t\t\t\t\t<div class=\"elementor-element elementor-element-4bb687d elementor-widget elementor-widget-heading\" data-id=\"4bb687d\" data-element_type=\"widget\" data-e-type=\"widget\" data-widget_type=\"heading.default\">\n\t\t\t\t<div class=\"elementor-widget-container\">\n\t\t\t\t\t<h3 class=\"elementor-heading-title elementor-size-default\">Archive<\/h3>\t\t\t\t<\/div>\n\t\t\t\t<\/div>\n\t\t\t\t<div class=\"elementor-element elementor-element-9b28fc6 elementor-widget elementor-widget-text-editor\" data-id=\"9b28fc6\" data-element_type=\"widget\" data-e-type=\"widget\" data-widget_type=\"text-editor.default\">\n\t\t\t\t<div class=\"elementor-widget-container\">\n\t\t\t\t\t\t\t\t\t<p style=\"text-align: justify;\">Droeshout, K., Annales de la Maison Professe d\u2019Anvers (1562-1773), 6 volumes., Archief van de Waalse Jezu\u00efetenprovincie, Brussel (unpublished manuscript)<\/p>\n<p style=\"text-align: justify;\">Droeshout, K., Annales du Coll\u00e8ge d\u2019Anvers (1575-1773), 6 dln., Archief van de Waalse Jezu\u00efetenprovincie, Brussel (unpublished manuscript) (microfilm, Antwerp University, Library Human and Social Sciences)<\/p>\n\t\t\t\t\t\t\t\t<\/div>\n\t\t\t\t<\/div>\n\t\t\t\t<div class=\"elementor-element elementor-element-38affbd elementor-widget elementor-widget-heading\" data-id=\"38affbd\" data-element_type=\"widget\" data-e-type=\"widget\" data-widget_type=\"heading.default\">\n\t\t\t\t<div class=\"elementor-widget-container\">\n\t\t\t\t\t<h3 class=\"elementor-heading-title elementor-size-default\">Literature<\/h3>\t\t\t\t<\/div>\n\t\t\t\t<\/div>\n\t\t\t\t<div class=\"elementor-element elementor-element-4919d41 elementor-widget elementor-widget-text-editor\" data-id=\"4919d41\" data-element_type=\"widget\" data-e-type=\"widget\" data-widget_type=\"text-editor.default\">\n\t\t\t\t<div class=\"elementor-widget-container\">\n\t\t\t\t\t\t\t\t\t<p style=\"text-align: justify;\"><strong><em>You can sort and search the bibliography yourself in any column.<\/em><\/strong><\/p>\n\t\t\t\t\t\t\t\t<\/div>\n\t\t\t\t<\/div>\n\t\t\t\t<div class=\"elementor-element elementor-element-149b138 elementor-widget elementor-widget-shortcode\" data-id=\"149b138\" data-element_type=\"widget\" data-e-type=\"widget\" data-widget_type=\"shortcode.default\">\n\t\t\t\t<div class=\"elementor-widget-container\">\n\t\t\t\t\t\t\t<div class=\"elementor-shortcode\">\n<table id=\"tablepress-2\" class=\"tablepress tablepress-id-2\">\n<thead>\n<tr class=\"row-1\">\n\t<th class=\"column-1\">Jaar<\/th><th class=\"column-2\">Auteur<\/th><th class=\"column-3\">Referentie<\/th>\n<\/tr>\n<\/thead>\n<tbody class=\"row-striping row-hover\">\n<tr class=\"row-2\">\n\t<td class=\"column-1\">2001<\/td><td class=\"column-2\"><\/td><td class=\"column-3\">Anders gekleed, anders gedragen. Drie Antwerpse kerken openen hun kleerkast (tent. cat.), Antwerpen, 2001: nrs. 31, 34<\/td>\n<\/tr>\n<tr class=\"row-3\">\n\t<td class=\"column-1\">1999<\/td><td class=\"column-2\"><\/td><td class=\"column-3\">Antoon Van Dyck anders bekeken. Over \u2018registers en contrefeytsels, tronies en copyen\u2019, Antwerpen, 1999: 43-58<\/td>\n<\/tr>\n<tr class=\"row-4\">\n\t<td class=\"column-1\">1971<\/td><td class=\"column-2\">Baudouin, F.<\/td><td class=\"column-3\">\u2018Fran\u00e7ois Aguilon sj, Peter Huyssens, Peter Paul Rubens, Sint-Carolus Borromeuskerk\u2019, in Openbaar Kunstbezit, 9, 1971<\/td>\n<\/tr>\n<tr class=\"row-5\">\n\t<td class=\"column-1\">1972<\/td><td class=\"column-2\">Baudouin, F.<\/td><td class=\"column-3\">Rubens en zijn eeuw, Antwerpen, 1972<\/td>\n<\/tr>\n<tr class=\"row-6\">\n\t<td class=\"column-1\">1983<\/td><td class=\"column-2\">Baudouin, F.<\/td><td class=\"column-3\">\u2018De toren van de Sint-Carolus-Borromeuskerk te Antwerpen\u2019, in Academiae Analecta. Klasse der Schone Kunsten, 44\/3, 1983: 13-56<\/td>\n<\/tr>\n<tr class=\"row-7\">\n\t<td class=\"column-1\">1984<\/td><td class=\"column-2\">Begheyn, P.<\/td><td class=\"column-3\">De jezu\u00efeten. Een bewogen gemeenschap, Nijmegen, 1984<\/td>\n<\/tr>\n<tr class=\"row-8\">\n\t<td class=\"column-1\">1987<\/td><td class=\"column-2\">Bekaert G.<\/td><td class=\"column-3\">Landschap der kerken. 10 eeuwen bouwen in Vlaanderen, Antwerpen-Leuven, 1987: 178-190<\/td>\n<\/tr>\n<tr class=\"row-9\">\n\t<td class=\"column-1\">1718<\/td><td class=\"column-2\">Bouvaert, G.<\/td><td class=\"column-3\">Klaegende-dicht over het onverwacht en schrickelijck verbranden totten gronde, van den overschoonen en vermaerden tempel Godts van het huys der professien van de Societeyt Jesu binnen Antwerpen, den 18 julii Door \u2019t sneL bLIXeM VIer gesChIet, Antwerpen, (1718)<\/td>\n<\/tr>\n<tr class=\"row-10\">\n\t<td class=\"column-1\">1719<\/td><td class=\"column-2\">Bouvaert, G.<\/td><td class=\"column-3\">De nieuw opgeboude kercke der eerweerdige paters van de Societeyt Jesu, stichtelyk vergeleken by de heylighe stadt Jerusalem, door den h. apostel en evangelist Joannes gesien op het eylandt Patmos, WeDer geConsa Creert aen JesUs MaJesteIJT den sesden november, gesloten geweest sijnde Zedert het schrickelijck afbranden 18 julii 1718 1 jaer 3 maenden en 19 daeghen, Antwerpen, (1719)<\/td>\n<\/tr>\n<tr class=\"row-11\">\n\t<td class=\"column-1\">1934<\/td><td class=\"column-2\">Brigode, S.<\/td><td class=\"column-3\">\u2018Les projets de construction de l\u2019\u00e9glise des j\u00e9suites \u00e0 Anvers d\u2019apr\u00e8s les plans conserv\u00e9s \u00e0 la Biblioth\u00e8que Nationale de Paris\u2019, in Bulletin de l\u2019Institut\u00a0 Historique Belge de Rome, 14, 1934: 157-174<\/td>\n<\/tr>\n<tr class=\"row-12\">\n\t<td class=\"column-1\">1976<\/td><td class=\"column-2\">Brouwers, L.<\/td><td class=\"column-3\">Het Hof van Liere. Van patrici\u00ebrswoning tot universitaire instelling te Antwerpen 1516-1975, Antwerpen, 1976<\/td>\n<\/tr>\n<tr class=\"row-13\">\n\t<td class=\"column-1\">1961<\/td><td class=\"column-2\">Brouwers, L.<\/td><td class=\"column-3\">Carolus Scribani sj, 1561-1629: een groot man van de Contra-Reformatie in de Nederlanden, Antwerpen, 1961<\/td>\n<\/tr>\n<tr class=\"row-14\">\n\t<td class=\"column-1\">1991<\/td><td class=\"column-2\"><\/td><td class=\"column-3\">De jezu\u00efeten in de Nederlanden en het prinsbisdom Luik (1542-1773), (tent. cat.), Brussel, 1991<\/td>\n<\/tr>\n<tr class=\"row-15\">\n\t<td class=\"column-1\">2000<\/td><td class=\"column-2\">De Jonge, K., De Vos, A. en Snaet, J. (eds.)<\/td><td class=\"column-3\">Bellissimi ingegni, grandissimo splendore. Studies over religieuze architectuur in de Zuidelijke Nederlanden tijdens de 17de eeuw, (Symbolae, r. B, dl. 15) Leuven, 2000<\/td>\n<\/tr>\n<tr class=\"row-16\">\n\t<td class=\"column-1\">1956<\/td><td class=\"column-2\">Diddens, H.<\/td><td class=\"column-3\">Het jezu\u00efetencollege te\u00a0Antwerpen, Schoten, 1956<\/td>\n<\/tr>\n<tr class=\"row-17\">\n\t<td class=\"column-1\">1974<\/td><td class=\"column-2\">Huybrechs, F.<\/td><td class=\"column-3\">Kunst in Sint-Caroluskerk te Antwerpen, Antwerpen, 1974<\/td>\n<\/tr>\n<tr class=\"row-18\">\n\t<td class=\"column-1\">1980<\/td><td class=\"column-2\">Huybrechs, F.<\/td><td class=\"column-3\">Over de geschiedenis van Sint-Carolusparochie te Antwerpen 1773-1803-1980, Antwerpen, 1980<\/td>\n<\/tr>\n<tr class=\"row-19\">\n\t<td class=\"column-1\">2008<\/td><td class=\"column-2\">Lombaerde, P. (ed.)<\/td><td class=\"column-3\">Innovation and Experience in the Early Baroque in the Southern Netherlands. The Case of the Jesuit Church in Antwerp (Architectura Moderna, 6), Turnhout, 2008<\/td>\n<\/tr>\n<tr class=\"row-20\">\n\t<td class=\"column-1\">1993<\/td><td class=\"column-2\">Mannaerts, R.<\/td><td class=\"column-3\">\u2018Het sodaliteitsgebouw en zijn decoratie (1623-1773)\u2019, in De Nottebohmzaal. Boek en mecenaat (Publikaties van de Stadsbibliotheek en het Archief en Museum voor het Vlaamse Cultuurleven, 34\u201336), Antwerpen, 1993: 63\u201381<\/td>\n<\/tr>\n<tr class=\"row-21\">\n\t<td class=\"column-1\">1968<\/td><td class=\"column-2\">Martin, J.R.<\/td><td class=\"column-3\">The Ceiling Paintings for the Jesuit Church in Antwerpen, (Corpus Rubenianum Ludwig Burchard, 1), Brussel, 1968<\/td>\n<\/tr>\n<tr class=\"row-22\">\n\t<td class=\"column-1\">1961<\/td><td class=\"column-2\">Mertens, J.<\/td><td class=\"column-3\">De gildebroeders van Sint Hubertusgilde te Antwerpen en Sint Carolus Borromeuskerk, Antwerpen, 1961<\/td>\n<\/tr>\n<tr class=\"row-23\">\n\t<td class=\"column-1\">1924<\/td><td class=\"column-2\">Peeters, F.<\/td><td class=\"column-3\">Une visite \u00e0 l\u2019\u00e9glise Saint-Charles d\u2019Anvers, Antwerpen, 1924<\/td>\n<\/tr>\n<tr class=\"row-24\">\n\t<td class=\"column-1\">1940<\/td><td class=\"column-2\">Peeters, F.<\/td><td class=\"column-3\">Notre-Dame de Gr\u00e2ce et les anciens j\u00e9suites d\u2019Anvers, Antwerpen, 1940<\/td>\n<\/tr>\n<tr class=\"row-25\">\n\t<td class=\"column-1\">1947<\/td><td class=\"column-2\">Prims, F.<\/td><td class=\"column-3\">De kunst- en kunstenaarskerk Sint Carolus Borromeus te Antwerpen, Antwerpen, 1947<\/td>\n<\/tr>\n<tr class=\"row-26\">\n\t<td class=\"column-1\">1985<\/td><td class=\"column-2\">Thijs, A.<\/td><td class=\"column-3\">De jezu\u00efeten en het katholieke herstel te Antwerpen na 1585, (tent. cat.), Antwerpen, 1985<\/td>\n<\/tr>\n<tr class=\"row-27\">\n\t<td class=\"column-1\">1993<\/td><td class=\"column-2\">Thijs, A.<\/td><td class=\"column-3\">\u2018Leven in en rond de \u201c Sodaliteit\u201d te Antwerpen: sedert eeuwen een tijdspiegel\u2019, in De Nottebohmzaal. Boek en mecenaat (Publikaties van de Stadsbibliotheek en het Archief en Museum voor het Vlaamse Cultuurleven, 34-36), Antwerpen, 1993: 13-27<\/td>\n<\/tr>\n<tr class=\"row-28\">\n\t<td class=\"column-1\">1991<\/td><td class=\"column-2\">Tijs, R.<\/td><td class=\"column-3\">Antwerpen. Cultuurhistorische synthese van een kunststad, Gent, 1991: 75-79<\/td>\n<\/tr>\n<tr class=\"row-29\">\n\t<td class=\"column-1\">2002<\/td><td class=\"column-2\">Trnek, R.<\/td><td class=\"column-3\">Peter Paul Rubens, (tentoon.cat.), Brussel, 2002: 106-111<\/td>\n<\/tr>\n<tr class=\"row-30\">\n\t<td class=\"column-1\">2002<\/td><td class=\"column-2\">Van Goethem, H. (ed.)<\/td><td class=\"column-3\">Antwerpen en de jezu\u00efeten 1562\u20132002, Antwerpen, 2002<\/td>\n<\/tr>\n<tr class=\"row-31\">\n\t<td class=\"column-1\">1953-1954<\/td><td class=\"column-2\">Van Herck, CH.<\/td><td class=\"column-3\">\u2018De Antwerpse barok biechtstoelen\u2019, in Jaarboek van de Koninklijke Oudheidkundige Kring van Antwerpen, 27, 1953-1954: 18-19, 71-82<\/td>\n<\/tr>\n<tr class=\"row-32\">\n\t<td class=\"column-1\">1948<\/td><td class=\"column-2\">Van Herck, CH. en Jansen, Ad.<\/td><td class=\"column-3\">\u2018Archief in beeld. dl.2, Inventaris van de tekeningen bewaard op het archief van de S. Caroluskerk te Antwerpen\u2019, in Tijdschrift voor geschiedenis en folklore, 11, 1948: 45-91<\/td>\n<\/tr>\n<tr class=\"row-33\">\n\t<td class=\"column-1\">2002<\/td><td class=\"column-2\">Windey, G.<\/td><td class=\"column-3\">Tentoonstelling bij het jubeljaar van Xaverius (brochure), Antwerpen-Borgerhout, 2002<\/td>\n<\/tr>\n<tr class=\"row-34\">\n\t<td class=\"column-1\">1983<\/td><td class=\"column-2\">Ziggelaar, A.<\/td><td class=\"column-3\">\u2018Fran\u00e7ois de Aguil\u00f3n sj (1567-1617). Scientist and architect\u2019, in Bibliotheca Instituti Historici S.I., 44, Rome, 1983<\/td>\n<\/tr>\n<\/tbody>\n<\/table>\n<!-- #tablepress-2 from cache --><\/div>\n\t\t\t\t\t\t<\/div>\n\t\t\t\t<\/div>\n\t\t\t\t<section class=\"elementor-section elementor-inner-section elementor-element elementor-element-04af468 elementor-section-boxed elementor-section-height-default elementor-section-height-default\" data-id=\"04af468\" data-element_type=\"section\" data-e-type=\"section\">\n\t\t\t\t\t\t<div class=\"elementor-container elementor-column-gap-default\">\n\t\t\t\t\t<div class=\"elementor-column elementor-col-50 elementor-inner-column elementor-element elementor-element-4528bea\" data-id=\"4528bea\" data-element_type=\"column\" data-e-type=\"column\">\n\t\t\t<div class=\"elementor-widget-wrap elementor-element-populated\">\n\t\t\t\t\t\t<div class=\"elementor-element elementor-element-e002f56 elementor-align-center elementor-widget elementor-widget-button\" data-id=\"e002f56\" data-element_type=\"widget\" data-e-type=\"widget\" data-widget_type=\"button.default\">\n\t\t\t\t<div class=\"elementor-widget-container\">\n\t\t\t\t\t\t\t\t\t<div class=\"elementor-button-wrapper\">\n\t\t\t\t\t<a class=\"elementor-button elementor-button-link elementor-size-sm\" href=\"https:\/\/topa.be\/en\/sint-carolus-borromeus\/beschrijving\/nawoord\/\">\n\t\t\t\t\t\t<span class=\"elementor-button-content-wrapper\">\n\t\t\t\t\t\t\t\t\t<span class=\"elementor-button-text\">Ep\u00eelogue<\/span>\n\t\t\t\t\t<\/span>\n\t\t\t\t\t<\/a>\n\t\t\t\t<\/div>\n\t\t\t\t\t\t\t\t<\/div>\n\t\t\t\t<\/div>\n\t\t\t\t\t<\/div>\n\t\t<\/div>\n\t\t\t\t<div class=\"elementor-column elementor-col-50 elementor-inner-column elementor-element elementor-element-149c6ca\" data-id=\"149c6ca\" data-element_type=\"column\" data-e-type=\"column\">\n\t\t\t<div class=\"elementor-widget-wrap elementor-element-populated\">\n\t\t\t\t\t\t<div class=\"elementor-element elementor-element-853a9ad elementor-align-center elementor-widget elementor-widget-button\" data-id=\"853a9ad\" data-element_type=\"widget\" data-e-type=\"widget\" data-widget_type=\"button.default\">\n\t\t\t\t<div class=\"elementor-widget-container\">\n\t\t\t\t\t\t\t\t\t<div class=\"elementor-button-wrapper\">\n\t\t\t\t\t<a class=\"elementor-button elementor-size-sm\" role=\"button\">\n\t\t\t\t\t\t<span class=\"elementor-button-content-wrapper\">\n\t\t\t\t\t\t\t\t\t<span class=\"elementor-button-text\">The END<\/span>\n\t\t\t\t\t<\/span>\n\t\t\t\t\t<\/a>\n\t\t\t\t<\/div>\n\t\t\t\t\t\t\t\t<\/div>\n\t\t\t\t<\/div>\n\t\t\t\t\t<\/div>\n\t\t<\/div>\n\t\t\t\t\t<\/div>\n\t\t<\/section>\n\t\t\t\t\t<\/div>\n\t\t<\/div>\n\t\t\t\t<div class=\"elementor-column elementor-col-33 elementor-top-column elementor-element elementor-element-670e400\" data-id=\"670e400\" data-element_type=\"column\" data-e-type=\"column\">\n\t\t\t<div class=\"elementor-widget-wrap elementor-element-populated\">\n\t\t\t\t\t\t<div class=\"elementor-element elementor-element-12face0 elementor-widget elementor-widget-image\" data-id=\"12face0\" data-element_type=\"widget\" data-e-type=\"widget\" data-widget_type=\"image.default\">\n\t\t\t\t<div class=\"elementor-widget-container\">\n\t\t\t\t\t\t\t\t\t\t\t\t\t\t\t<img fetchpriority=\"high\" decoding=\"async\" width=\"800\" height=\"800\" src=\"https:\/\/topa.be\/wp-content\/uploads\/Sint-Carolus-Borromeus.jpg\" class=\"attachment-large size-large wp-image-29763\" alt=\"\" srcset=\"https:\/\/topa.be\/wp-content\/uploads\/Sint-Carolus-Borromeus.jpg 1023w, https:\/\/topa.be\/wp-content\/uploads\/Sint-Carolus-Borromeus-300x300.jpg 300w, https:\/\/topa.be\/wp-content\/uploads\/Sint-Carolus-Borromeus-200x200.jpg 200w, https:\/\/topa.be\/wp-content\/uploads\/Sint-Carolus-Borromeus-768x768.jpg 768w\" sizes=\"(max-width: 800px) 100vw, 800px\" \/>\t\t\t\t\t\t\t\t\t\t\t\t\t\t\t<\/div>\n\t\t\t\t<\/div>\n\t\t\t\t<div class=\"elementor-element elementor-element-e12ac93 elementor-widget elementor-widget-wp-widget-nav_menu\" data-id=\"e12ac93\" data-element_type=\"widget\" data-e-type=\"widget\" data-widget_type=\"wp-widget-nav_menu.default\">\n\t\t\t\t<div class=\"elementor-widget-container\">\n\t\t\t\t\t<nav class=\"menu-beschrijving-scb-engels-container\" aria-label=\"Menu\"><ul id=\"menu-beschrijving-scb-engels\" class=\"menu\"><li id=\"menu-item-59833\" class=\"menu-item menu-item-type-post_type menu-item-object-page menu-item-59833\"><a href=\"https:\/\/topa.be\/en\/sint-carolus-borromeus\/\">Saint Charles Borromeo\u2019s Church<\/a><\/li>\n<li id=\"menu-item-61179\" class=\"menu-item menu-item-type-post_type menu-item-object-page menu-item-has-children menu-item-61179\"><a href=\"https:\/\/topa.be\/en\/sint-carolus-borromeus\/beschrijving\/\">History &#038; Description<\/a>\n<ul class=\"sub-menu\">\n\t<li id=\"menu-item-59834\" class=\"menu-item menu-item-type-post_type menu-item-object-page menu-item-59834\"><a href=\"https:\/\/topa.be\/en\/sint-carolus-borromeus\/beschrijving\/inleiding\/\">Introduction<\/a><\/li>\n\t<li id=\"menu-item-59835\" class=\"menu-item menu-item-type-post_type menu-item-object-page menu-item-59835\"><a href=\"https:\/\/topa.be\/en\/sint-carolus-borromeus\/beschrijving\/historische-context\/\">The historic context<\/a><\/li>\n\t<li id=\"menu-item-59836\" class=\"menu-item menu-item-type-post_type menu-item-object-page menu-item-59836\"><a href=\"https:\/\/topa.be\/en\/sint-carolus-borromeus\/beschrijving\/voorplein-en-residentie\/\">Square and residence<\/a><\/li>\n\t<li id=\"menu-item-59837\" class=\"menu-item menu-item-type-post_type menu-item-object-page menu-item-59837\"><a href=\"https:\/\/topa.be\/en\/sint-carolus-borromeus\/beschrijving\/voorgeschiedenis\/\">Previous history<\/a><\/li>\n\t<li id=\"menu-item-59838\" class=\"menu-item menu-item-type-post_type menu-item-object-page menu-item-59838\"><a href=\"https:\/\/topa.be\/en\/sint-carolus-borromeus\/beschrijving\/college\/\">The college<\/a><\/li>\n\t<li id=\"menu-item-59839\" class=\"menu-item menu-item-type-post_type menu-item-object-page menu-item-59839\"><a href=\"https:\/\/topa.be\/en\/sint-carolus-borromeus\/beschrijving\/ruimtewerking\/\">Spatial effects<\/a><\/li>\n\t<li id=\"menu-item-59840\" class=\"menu-item menu-item-type-post_type menu-item-object-page menu-item-59840\"><a href=\"https:\/\/topa.be\/en\/sint-carolus-borromeus\/beschrijving\/straatnamen\/\">Names of streets<\/a><\/li>\n\t<li id=\"menu-item-59841\" class=\"menu-item menu-item-type-post_type menu-item-object-page menu-item-59841\"><a href=\"https:\/\/topa.be\/en\/sint-carolus-borromeus\/beschrijving\/professenhuis\/\">Profess house<\/a><\/li>\n\t<li id=\"menu-item-59842\" class=\"menu-item menu-item-type-post_type menu-item-object-page menu-item-59842\"><a href=\"https:\/\/topa.be\/en\/sint-carolus-borromeus\/beschrijving\/sodaliteitsgebouw\/\">Sodality building<\/a><\/li>\n\t<li id=\"menu-item-59843\" class=\"menu-item menu-item-type-post_type menu-item-object-page menu-item-has-children menu-item-59843\"><a href=\"https:\/\/topa.be\/en\/sint-carolus-borromeus\/beschrijving\/voorgevel\/\">Fa\u00e7ade<\/a>\n\t<ul class=\"sub-menu\">\n\t\t<li id=\"menu-item-59844\" class=\"menu-item menu-item-type-post_type menu-item-object-page menu-item-59844\"><a href=\"https:\/\/topa.be\/en\/sint-carolus-borromeus\/beschrijving\/voorgevel\/heb-je-me-gezien\/\">Have you seen me?<\/a><\/li>\n\t\t<li id=\"menu-item-59845\" class=\"menu-item menu-item-type-post_type menu-item-object-page menu-item-59845\"><a href=\"https:\/\/topa.be\/en\/sint-carolus-borromeus\/beschrijving\/voorgevel\/algemeen-nut\/\">A message for public advancement<\/a><\/li>\n\t\t<li id=\"menu-item-59846\" class=\"menu-item menu-item-type-post_type menu-item-object-page menu-item-59846\"><a href=\"https:\/\/topa.be\/en\/sint-carolus-borromeus\/beschrijving\/voorgevel\/geschiedenisboek\/\">History book<\/a><\/li>\n\t<\/ul>\n<\/li>\n\t<li id=\"menu-item-59847\" class=\"menu-item menu-item-type-post_type menu-item-object-page menu-item-59847\"><a href=\"https:\/\/topa.be\/en\/sint-carolus-borromeus\/beschrijving\/toren\/\">Tower<\/a><\/li>\n\t<li id=\"menu-item-59848\" class=\"menu-item menu-item-type-post_type menu-item-object-page menu-item-59848\"><a href=\"https:\/\/topa.be\/en\/sint-carolus-borromeus\/beschrijving\/interieur\/\">Interior<\/a><\/li>\n\t<li id=\"menu-item-59849\" class=\"menu-item menu-item-type-post_type menu-item-object-page menu-item-59849\"><a href=\"https:\/\/topa.be\/en\/sint-carolus-borromeus\/beschrijving\/hoofdaltaar\/\">High altar<\/a><\/li>\n\t<li id=\"menu-item-59850\" class=\"menu-item menu-item-type-post_type menu-item-object-page menu-item-59850\"><a href=\"https:\/\/topa.be\/en\/sint-carolus-borromeus\/beschrijving\/preekstoel\/\">Pulpit<\/a><\/li>\n\t<li id=\"menu-item-59851\" class=\"menu-item menu-item-type-post_type menu-item-object-page menu-item-59851\"><a href=\"https:\/\/topa.be\/en\/sint-carolus-borromeus\/beschrijving\/biechtstoelen\/\">Confessionals<\/a><\/li>\n\t<li id=\"menu-item-59852\" class=\"menu-item menu-item-type-post_type menu-item-object-page menu-item-59852\"><a href=\"https:\/\/topa.be\/en\/sint-carolus-borromeus\/beschrijving\/plafondcycli\/\">Ceiling paintings<\/a><\/li>\n\t<li id=\"menu-item-59853\" class=\"menu-item menu-item-type-post_type menu-item-object-page menu-item-59853\"><a href=\"https:\/\/topa.be\/en\/sint-carolus-borromeus\/beschrijving\/mariakapel\/\">Our Lady\u2019s chapel<\/a><\/li>\n\t<li id=\"menu-item-59854\" class=\"menu-item menu-item-type-post_type menu-item-object-page menu-item-59854\"><a href=\"https:\/\/topa.be\/en\/sint-carolus-borromeus\/beschrijving\/sint-ignatiuskapel\/\">Saint Ignatius chapel<\/a><\/li>\n\t<li id=\"menu-item-59855\" class=\"menu-item menu-item-type-post_type menu-item-object-page menu-item-59855\"><a href=\"https:\/\/topa.be\/en\/sint-carolus-borromeus\/beschrijving\/sint-franciscus-xaveriuskapel\/\">Chapel of Saint Francis Xavier<\/a><\/li>\n\t<li id=\"menu-item-59885\" class=\"menu-item menu-item-type-post_type menu-item-object-page menu-item-59885\"><a href=\"https:\/\/topa.be\/en\/sint-carolus-borromeus\/beschrijving\/galerijen\/\">Galleries<\/a><\/li>\n\t<li id=\"menu-item-59886\" class=\"menu-item menu-item-type-post_type menu-item-object-page menu-item-59886\"><a href=\"https:\/\/topa.be\/en\/sint-carolus-borromeus\/beschrijving\/orgel\/\">Organ<\/a><\/li>\n\t<li id=\"menu-item-59887\" class=\"menu-item menu-item-type-post_type menu-item-object-page menu-item-59887\"><a href=\"https:\/\/topa.be\/en\/sint-carolus-borromeus\/beschrijving\/sacristie\/\">Sacristy<\/a><\/li>\n\t<li id=\"menu-item-59888\" class=\"menu-item menu-item-type-post_type menu-item-object-page menu-item-59888\"><a href=\"https:\/\/topa.be\/en\/sint-carolus-borromeus\/beschrijving\/buitengaan\/\">When leaving<\/a><\/li>\n\t<li id=\"menu-item-59889\" class=\"menu-item menu-item-type-post_type menu-item-object-page menu-item-59889\"><a href=\"https:\/\/topa.be\/en\/sint-carolus-borromeus\/beschrijving\/nawoord\/\">Epilogue<\/a><\/li>\n\t<li id=\"menu-item-59890\" class=\"menu-item menu-item-type-post_type menu-item-object-page menu-item-59890\"><a href=\"https:\/\/topa.be\/en\/sint-carolus-borromeus\/beschrijving\/bibliografie\/\">Bibliography<\/a><\/li>\n<\/ul>\n<\/li>\n<\/ul><\/nav>\t\t\t\t<\/div>\n\t\t\t\t<\/div>\n\t\t\t\t\t<\/div>\n\t\t<\/div>\n\t\t\t\t\t<\/div>\n\t\t<\/section>\n\t\t\t\t<\/div>\n\t\t","protected":false},"excerpt":{"rendered":"<p>The Antwerp jesuit church, a revelation. Bibliography Archive Droeshout, K., Annales de la Maison Professe d\u2019Anvers (1562-1773), 6 volumes., Archief van de Waalse Jezu\u00efetenprovincie, Brussel (unpublished manuscript) Droeshout, K., Annales du Coll\u00e8ge d\u2019Anvers (1575-1773), 6 dln., Archief van de Waalse Jezu\u00efetenprovincie, Brussel (unpublished manuscript) (microfilm, Antwerp University, Library Human and Social Sciences) Literature You can [&hellip;]<\/p>\n","protected":false},"author":16,"featured_media":0,"parent":38029,"menu_order":250,"comment_status":"closed","ping_status":"closed","template":"","meta":{"footnotes":""},"class_list":["post-52161","page","type-page","status-publish","hentry"],"aioseo_notices":[],"_links":{"self":[{"href":"https:\/\/topa.be\/en\/wp-json\/wp\/v2\/pages\/52161","targetHints":{"allow":["GET"]}}],"collection":[{"href":"https:\/\/topa.be\/en\/wp-json\/wp\/v2\/pages"}],"about":[{"href":"https:\/\/topa.be\/en\/wp-json\/wp\/v2\/types\/page"}],"author":[{"embeddable":true,"href":"https:\/\/topa.be\/en\/wp-json\/wp\/v2\/users\/16"}],"replies":[{"embeddable":true,"href":"https:\/\/topa.be\/en\/wp-json\/wp\/v2\/comments?post=52161"}],"version-history":[{"count":3,"href":"https:\/\/topa.be\/en\/wp-json\/wp\/v2\/pages\/52161\/revisions"}],"predecessor-version":[{"id":53156,"href":"https:\/\/topa.be\/en\/wp-json\/wp\/v2\/pages\/52161\/revisions\/53156"}],"up":[{"embeddable":true,"href":"https:\/\/topa.be\/en\/wp-json\/wp\/v2\/pages\/38029"}],"wp:attachment":[{"href":"https:\/\/topa.be\/en\/wp-json\/wp\/v2\/media?parent=52161"}],"curies":[{"name":"wp","href":"https:\/\/api.w.org\/{rel}","templated":true}]}}