{"id":49598,"date":"2021-08-02T22:58:25","date_gmt":"2021-08-02T20:58:25","guid":{"rendered":"http:\/\/topa.be\/sint-carolus-borromeus\/beschrijving\/scb-names-of-streets\/"},"modified":"2021-08-17T14:15:35","modified_gmt":"2021-08-17T12:15:35","slug":"straatnamen","status":"publish","type":"page","link":"https:\/\/topa.be\/en\/sint-carolus-borromeus\/beschrijving\/straatnamen\/","title":{"rendered":"SCB Names of streets"},"content":{"rendered":"\t\t<div data-elementor-type=\"wp-page\" data-elementor-id=\"49598\" class=\"elementor elementor-49598 elementor-33748\" data-elementor-post-type=\"page\">\n\t\t\t\t\t\t<section class=\"elementor-section elementor-top-section elementor-element elementor-element-6e563a7 elementor-section-boxed elementor-section-height-default elementor-section-height-default\" data-id=\"6e563a7\" data-element_type=\"section\" data-e-type=\"section\">\n\t\t\t\t\t\t<div class=\"elementor-container elementor-column-gap-default\">\n\t\t\t\t\t<div class=\"elementor-column elementor-col-100 elementor-top-column elementor-element elementor-element-2da42dd\" data-id=\"2da42dd\" data-element_type=\"column\" data-e-type=\"column\">\n\t\t\t<div class=\"elementor-widget-wrap elementor-element-populated\">\n\t\t\t\t\t\t<div class=\"elementor-element elementor-element-5bb0c03 elementor-widget elementor-widget-heading\" data-id=\"5bb0c03\" data-element_type=\"widget\" data-e-type=\"widget\" data-widget_type=\"heading.default\">\n\t\t\t\t<div class=\"elementor-widget-container\">\n\t\t\t\t\t<h2 class=\"elementor-heading-title elementor-size-default\">The Antwerp jesuit church, a revelation.<\/h2>\t\t\t\t<\/div>\n\t\t\t\t<\/div>\n\t\t\t\t\t<\/div>\n\t\t<\/div>\n\t\t\t\t\t<\/div>\n\t\t<\/section>\n\t\t\t\t<section class=\"elementor-section elementor-top-section elementor-element elementor-element-786c521 elementor-section-boxed elementor-section-height-default elementor-section-height-default\" data-id=\"786c521\" data-element_type=\"section\" data-e-type=\"section\">\n\t\t\t\t\t\t<div class=\"elementor-container elementor-column-gap-default\">\n\t\t\t\t\t<div class=\"elementor-column elementor-col-100 elementor-top-column elementor-element elementor-element-2f0f0c1\" data-id=\"2f0f0c1\" data-element_type=\"column\" data-e-type=\"column\">\n\t\t\t<div class=\"elementor-widget-wrap elementor-element-populated\">\n\t\t\t\t\t\t<div class=\"elementor-element elementor-element-3e81b0d elementor-widget elementor-widget-heading\" data-id=\"3e81b0d\" data-element_type=\"widget\" data-e-type=\"widget\" data-widget_type=\"heading.default\">\n\t\t\t\t<div class=\"elementor-widget-container\">\n\t\t\t\t\t<h1 class=\"elementor-heading-title elementor-size-default\">Names of streets<\/h1>\t\t\t\t<\/div>\n\t\t\t\t<\/div>\n\t\t\t\t\t<\/div>\n\t\t<\/div>\n\t\t\t\t\t<\/div>\n\t\t<\/section>\n\t\t\t\t<section class=\"elementor-section elementor-top-section elementor-element elementor-element-1a50481 elementor-section-boxed elementor-section-height-default elementor-section-height-default\" data-id=\"1a50481\" data-element_type=\"section\" data-e-type=\"section\">\n\t\t\t\t\t\t<div class=\"elementor-container elementor-column-gap-default\">\n\t\t\t\t\t<div class=\"elementor-column elementor-col-66 elementor-top-column elementor-element elementor-element-0f67f05\" data-id=\"0f67f05\" data-element_type=\"column\" data-e-type=\"column\">\n\t\t\t<div class=\"elementor-widget-wrap elementor-element-populated\">\n\t\t\t\t\t\t<div class=\"elementor-element elementor-element-0c3a7b3 elementor-widget elementor-widget-text-editor\" data-id=\"0c3a7b3\" data-element_type=\"widget\" data-e-type=\"widget\" data-widget_type=\"text-editor.default\">\n\t\t\t\t<div class=\"elementor-widget-container\">\n\t\t\t\t\t\t\t\t\t<p style=\"text-align: justify;\">Since everything is Jesuit here from the very beginning this square was named after its owner-occupiers: Jezu\u00efetenplein [Jesuit Square] with next to it Jezu\u00efetenrui [Jesuit Canal], which before had been Ankerrui [Anchor Canal], and Jezu\u00efetenbrug [Jesuit Bridge].<\/p>\n<p style=\"text-align: justify;\">The French Revolutionary Rule, which gladly alluded to the Jesuits\u2019 naughty nickname, foxes, called square and canal \u2018Vossenplein\u2019 [Fox Square] and \u2018Vossenrui\u2019 [Fox Canal].<\/p>\n<p style=\"text-align: justify;\">In 1883 the city library was opened in the former sodality building and right in front of it the statue of Hendrik Conscience, who died a bit later that same year, was inaugurated. At that occasion, the square got its definitive name, that of this popular Flemish writer, who is said to have \u2018taught his nation to read\u2019. Catholic Antwerpians had tried hard to have some street named after an academic Jesuit, such as Bollandus or Papebrochus. But in vain: Jezu\u00efetenbrug [Jesuit Bridge] was called Leeuw van Vlaanderenstraat [Lion of Flanders Street, after Conscience\u2019s most famous historic novel].<\/p>\n<p style=\"text-align: justify;\">The small tunnel that links Jezu\u00eftenrui [Jesuit Canal] with the church square, was officially known as Jezu\u00efetengat [Jesuit Hole] until about 1960. The only street of which the name still refers to the Society of Jesus is Jezu\u00eftenrui [Jesuit Canal].<\/p>\n\t\t\t\t\t\t\t\t<\/div>\n\t\t\t\t<\/div>\n\t\t\t\t<section class=\"elementor-section elementor-inner-section elementor-element elementor-element-20aaafb elementor-section-boxed elementor-section-height-default elementor-section-height-default\" data-id=\"20aaafb\" data-element_type=\"section\" data-e-type=\"section\">\n\t\t\t\t\t\t<div class=\"elementor-container elementor-column-gap-default\">\n\t\t\t\t\t<div class=\"elementor-column elementor-col-50 elementor-inner-column elementor-element elementor-element-4e60c2c\" data-id=\"4e60c2c\" data-element_type=\"column\" data-e-type=\"column\">\n\t\t\t<div class=\"elementor-widget-wrap elementor-element-populated\">\n\t\t\t\t\t\t<div class=\"elementor-element elementor-element-c6517e6 elementor-align-center elementor-widget elementor-widget-button\" data-id=\"c6517e6\" data-element_type=\"widget\" data-e-type=\"widget\" data-widget_type=\"button.default\">\n\t\t\t\t<div class=\"elementor-widget-container\">\n\t\t\t\t\t\t\t\t\t<div class=\"elementor-button-wrapper\">\n\t\t\t\t\t<a class=\"elementor-button elementor-button-link elementor-size-sm\" href=\"https:\/\/topa.be\/en\/sint-carolus-borromeus\/beschrijving\/ruimtewerking\/\">\n\t\t\t\t\t\t<span class=\"elementor-button-content-wrapper\">\n\t\t\t\t\t\t\t\t\t<span class=\"elementor-button-text\">Spatial effect at all sides<\/span>\n\t\t\t\t\t<\/span>\n\t\t\t\t\t<\/a>\n\t\t\t\t<\/div>\n\t\t\t\t\t\t\t\t<\/div>\n\t\t\t\t<\/div>\n\t\t\t\t\t<\/div>\n\t\t<\/div>\n\t\t\t\t<div class=\"elementor-column elementor-col-50 elementor-inner-column elementor-element elementor-element-bc7271a\" data-id=\"bc7271a\" data-element_type=\"column\" data-e-type=\"column\">\n\t\t\t<div class=\"elementor-widget-wrap elementor-element-populated\">\n\t\t\t\t\t\t<div class=\"elementor-element elementor-element-275c4ef elementor-align-center elementor-widget elementor-widget-button\" data-id=\"275c4ef\" data-element_type=\"widget\" data-e-type=\"widget\" data-widget_type=\"button.default\">\n\t\t\t\t<div class=\"elementor-widget-container\">\n\t\t\t\t\t\t\t\t\t<div class=\"elementor-button-wrapper\">\n\t\t\t\t\t<a class=\"elementor-button elementor-button-link elementor-size-sm\" href=\"https:\/\/topa.be\/en\/sint-carolus-borromeus\/beschrijving\/professenhuis\/\">\n\t\t\t\t\t\t<span class=\"elementor-button-content-wrapper\">\n\t\t\t\t\t\t\t\t\t<span class=\"elementor-button-text\">The profess house<\/span>\n\t\t\t\t\t<\/span>\n\t\t\t\t\t<\/a>\n\t\t\t\t<\/div>\n\t\t\t\t\t\t\t\t<\/div>\n\t\t\t\t<\/div>\n\t\t\t\t\t<\/div>\n\t\t<\/div>\n\t\t\t\t\t<\/div>\n\t\t<\/section>\n\t\t\t\t\t<\/div>\n\t\t<\/div>\n\t\t\t\t<div class=\"elementor-column elementor-col-33 elementor-top-column elementor-element elementor-element-122a5c0\" data-id=\"122a5c0\" data-element_type=\"column\" data-e-type=\"column\">\n\t\t\t<div class=\"elementor-widget-wrap elementor-element-populated\">\n\t\t\t\t\t\t<div class=\"elementor-element elementor-element-d467a39 elementor-widget elementor-widget-image\" data-id=\"d467a39\" data-element_type=\"widget\" data-e-type=\"widget\" data-widget_type=\"image.default\">\n\t\t\t\t<div class=\"elementor-widget-container\">\n\t\t\t\t\t\t\t\t\t\t\t\t\t\t\t<img fetchpriority=\"high\" decoding=\"async\" width=\"800\" height=\"800\" src=\"https:\/\/topa.be\/wp-content\/uploads\/Sint-Carolus-Borromeus.jpg\" class=\"attachment-large size-large wp-image-29763\" alt=\"\" srcset=\"https:\/\/topa.be\/wp-content\/uploads\/Sint-Carolus-Borromeus.jpg 1023w, https:\/\/topa.be\/wp-content\/uploads\/Sint-Carolus-Borromeus-300x300.jpg 300w, https:\/\/topa.be\/wp-content\/uploads\/Sint-Carolus-Borromeus-200x200.jpg 200w, https:\/\/topa.be\/wp-content\/uploads\/Sint-Carolus-Borromeus-768x768.jpg 768w\" sizes=\"(max-width: 800px) 100vw, 800px\" \/>\t\t\t\t\t\t\t\t\t\t\t\t\t\t\t<\/div>\n\t\t\t\t<\/div>\n\t\t\t\t<div class=\"elementor-element elementor-element-f1d45bf elementor-widget elementor-widget-wp-widget-nav_menu\" data-id=\"f1d45bf\" data-element_type=\"widget\" data-e-type=\"widget\" data-widget_type=\"wp-widget-nav_menu.default\">\n\t\t\t\t<div class=\"elementor-widget-container\">\n\t\t\t\t\t<nav class=\"menu-beschrijving-scb-engels-container\" aria-label=\"Menu\"><ul id=\"menu-beschrijving-scb-engels\" class=\"menu\"><li id=\"menu-item-59833\" class=\"menu-item menu-item-type-post_type menu-item-object-page menu-item-59833\"><a href=\"https:\/\/topa.be\/en\/sint-carolus-borromeus\/\">Saint Charles Borromeo\u2019s Church<\/a><\/li>\n<li id=\"menu-item-61179\" class=\"menu-item menu-item-type-post_type menu-item-object-page menu-item-has-children menu-item-61179\"><a href=\"https:\/\/topa.be\/en\/sint-carolus-borromeus\/beschrijving\/\">History &#038; Description<\/a>\n<ul class=\"sub-menu\">\n\t<li id=\"menu-item-59834\" class=\"menu-item menu-item-type-post_type menu-item-object-page menu-item-59834\"><a href=\"https:\/\/topa.be\/en\/sint-carolus-borromeus\/beschrijving\/inleiding\/\">Introduction<\/a><\/li>\n\t<li id=\"menu-item-59835\" class=\"menu-item menu-item-type-post_type menu-item-object-page menu-item-59835\"><a href=\"https:\/\/topa.be\/en\/sint-carolus-borromeus\/beschrijving\/historische-context\/\">The historic context<\/a><\/li>\n\t<li id=\"menu-item-59836\" class=\"menu-item menu-item-type-post_type menu-item-object-page menu-item-59836\"><a href=\"https:\/\/topa.be\/en\/sint-carolus-borromeus\/beschrijving\/voorplein-en-residentie\/\">Square and residence<\/a><\/li>\n\t<li id=\"menu-item-59837\" class=\"menu-item menu-item-type-post_type menu-item-object-page menu-item-59837\"><a href=\"https:\/\/topa.be\/en\/sint-carolus-borromeus\/beschrijving\/voorgeschiedenis\/\">Previous history<\/a><\/li>\n\t<li id=\"menu-item-59838\" class=\"menu-item menu-item-type-post_type menu-item-object-page menu-item-59838\"><a href=\"https:\/\/topa.be\/en\/sint-carolus-borromeus\/beschrijving\/college\/\">The college<\/a><\/li>\n\t<li id=\"menu-item-59839\" class=\"menu-item menu-item-type-post_type menu-item-object-page menu-item-59839\"><a href=\"https:\/\/topa.be\/en\/sint-carolus-borromeus\/beschrijving\/ruimtewerking\/\">Spatial effects<\/a><\/li>\n\t<li id=\"menu-item-59840\" class=\"menu-item menu-item-type-post_type menu-item-object-page menu-item-59840\"><a href=\"https:\/\/topa.be\/en\/sint-carolus-borromeus\/beschrijving\/straatnamen\/\">Names of streets<\/a><\/li>\n\t<li id=\"menu-item-59841\" class=\"menu-item menu-item-type-post_type menu-item-object-page menu-item-59841\"><a href=\"https:\/\/topa.be\/en\/sint-carolus-borromeus\/beschrijving\/professenhuis\/\">Profess house<\/a><\/li>\n\t<li id=\"menu-item-59842\" class=\"menu-item menu-item-type-post_type menu-item-object-page menu-item-59842\"><a href=\"https:\/\/topa.be\/en\/sint-carolus-borromeus\/beschrijving\/sodaliteitsgebouw\/\">Sodality building<\/a><\/li>\n\t<li id=\"menu-item-59843\" class=\"menu-item menu-item-type-post_type menu-item-object-page menu-item-has-children menu-item-59843\"><a href=\"https:\/\/topa.be\/en\/sint-carolus-borromeus\/beschrijving\/voorgevel\/\">Fa\u00e7ade<\/a>\n\t<ul class=\"sub-menu\">\n\t\t<li id=\"menu-item-59844\" class=\"menu-item menu-item-type-post_type menu-item-object-page menu-item-59844\"><a href=\"https:\/\/topa.be\/en\/sint-carolus-borromeus\/beschrijving\/voorgevel\/heb-je-me-gezien\/\">Have you seen me?<\/a><\/li>\n\t\t<li id=\"menu-item-59845\" class=\"menu-item menu-item-type-post_type menu-item-object-page menu-item-59845\"><a href=\"https:\/\/topa.be\/en\/sint-carolus-borromeus\/beschrijving\/voorgevel\/algemeen-nut\/\">A message for public advancement<\/a><\/li>\n\t\t<li id=\"menu-item-59846\" class=\"menu-item menu-item-type-post_type menu-item-object-page menu-item-59846\"><a href=\"https:\/\/topa.be\/en\/sint-carolus-borromeus\/beschrijving\/voorgevel\/geschiedenisboek\/\">History book<\/a><\/li>\n\t<\/ul>\n<\/li>\n\t<li id=\"menu-item-59847\" class=\"menu-item menu-item-type-post_type menu-item-object-page menu-item-59847\"><a href=\"https:\/\/topa.be\/en\/sint-carolus-borromeus\/beschrijving\/toren\/\">Tower<\/a><\/li>\n\t<li id=\"menu-item-59848\" class=\"menu-item menu-item-type-post_type menu-item-object-page menu-item-59848\"><a href=\"https:\/\/topa.be\/en\/sint-carolus-borromeus\/beschrijving\/interieur\/\">Interior<\/a><\/li>\n\t<li id=\"menu-item-59849\" class=\"menu-item menu-item-type-post_type menu-item-object-page menu-item-59849\"><a href=\"https:\/\/topa.be\/en\/sint-carolus-borromeus\/beschrijving\/hoofdaltaar\/\">High altar<\/a><\/li>\n\t<li id=\"menu-item-59850\" class=\"menu-item menu-item-type-post_type menu-item-object-page menu-item-59850\"><a href=\"https:\/\/topa.be\/en\/sint-carolus-borromeus\/beschrijving\/preekstoel\/\">Pulpit<\/a><\/li>\n\t<li id=\"menu-item-59851\" class=\"menu-item menu-item-type-post_type menu-item-object-page menu-item-59851\"><a href=\"https:\/\/topa.be\/en\/sint-carolus-borromeus\/beschrijving\/biechtstoelen\/\">Confessionals<\/a><\/li>\n\t<li id=\"menu-item-59852\" class=\"menu-item menu-item-type-post_type menu-item-object-page menu-item-59852\"><a href=\"https:\/\/topa.be\/en\/sint-carolus-borromeus\/beschrijving\/plafondcycli\/\">Ceiling paintings<\/a><\/li>\n\t<li id=\"menu-item-59853\" class=\"menu-item menu-item-type-post_type menu-item-object-page menu-item-59853\"><a href=\"https:\/\/topa.be\/en\/sint-carolus-borromeus\/beschrijving\/mariakapel\/\">Our Lady\u2019s chapel<\/a><\/li>\n\t<li id=\"menu-item-59854\" class=\"menu-item menu-item-type-post_type menu-item-object-page menu-item-59854\"><a href=\"https:\/\/topa.be\/en\/sint-carolus-borromeus\/beschrijving\/sint-ignatiuskapel\/\">Saint Ignatius chapel<\/a><\/li>\n\t<li id=\"menu-item-59855\" class=\"menu-item menu-item-type-post_type menu-item-object-page menu-item-59855\"><a href=\"https:\/\/topa.be\/en\/sint-carolus-borromeus\/beschrijving\/sint-franciscus-xaveriuskapel\/\">Chapel of Saint Francis Xavier<\/a><\/li>\n\t<li id=\"menu-item-59885\" class=\"menu-item menu-item-type-post_type menu-item-object-page menu-item-59885\"><a href=\"https:\/\/topa.be\/en\/sint-carolus-borromeus\/beschrijving\/galerijen\/\">Galleries<\/a><\/li>\n\t<li id=\"menu-item-59886\" class=\"menu-item menu-item-type-post_type menu-item-object-page menu-item-59886\"><a href=\"https:\/\/topa.be\/en\/sint-carolus-borromeus\/beschrijving\/orgel\/\">Organ<\/a><\/li>\n\t<li id=\"menu-item-59887\" class=\"menu-item menu-item-type-post_type menu-item-object-page menu-item-59887\"><a href=\"https:\/\/topa.be\/en\/sint-carolus-borromeus\/beschrijving\/sacristie\/\">Sacristy<\/a><\/li>\n\t<li id=\"menu-item-59888\" class=\"menu-item menu-item-type-post_type menu-item-object-page menu-item-59888\"><a href=\"https:\/\/topa.be\/en\/sint-carolus-borromeus\/beschrijving\/buitengaan\/\">When leaving<\/a><\/li>\n\t<li id=\"menu-item-59889\" class=\"menu-item menu-item-type-post_type menu-item-object-page menu-item-59889\"><a href=\"https:\/\/topa.be\/en\/sint-carolus-borromeus\/beschrijving\/nawoord\/\">Epilogue<\/a><\/li>\n\t<li id=\"menu-item-59890\" class=\"menu-item menu-item-type-post_type menu-item-object-page menu-item-59890\"><a href=\"https:\/\/topa.be\/en\/sint-carolus-borromeus\/beschrijving\/bibliografie\/\">Bibliography<\/a><\/li>\n<\/ul>\n<\/li>\n<\/ul><\/nav>\t\t\t\t<\/div>\n\t\t\t\t<\/div>\n\t\t\t\t\t<\/div>\n\t\t<\/div>\n\t\t\t\t\t<\/div>\n\t\t<\/section>\n\t\t\t\t<\/div>\n\t\t","protected":false},"excerpt":{"rendered":"<p>The Antwerp jesuit church, a revelation. Names of streets Since everything is Jesuit here from the very beginning this square was named after its owner-occupiers: Jezu\u00efetenplein [Jesuit Square] with next to it Jezu\u00efetenrui [Jesuit Canal], which before had been Ankerrui [Anchor Canal], and Jezu\u00efetenbrug [Jesuit Bridge]. The French Revolutionary Rule, which gladly alluded to the [&hellip;]<\/p>\n","protected":false},"author":16,"featured_media":0,"parent":38029,"menu_order":70,"comment_status":"closed","ping_status":"closed","template":"","meta":{"footnotes":""},"class_list":["post-49598","page","type-page","status-publish","hentry"],"aioseo_notices":[],"_links":{"self":[{"href":"https:\/\/topa.be\/en\/wp-json\/wp\/v2\/pages\/49598","targetHints":{"allow":["GET"]}}],"collection":[{"href":"https:\/\/topa.be\/en\/wp-json\/wp\/v2\/pages"}],"about":[{"href":"https:\/\/topa.be\/en\/wp-json\/wp\/v2\/types\/page"}],"author":[{"embeddable":true,"href":"https:\/\/topa.be\/en\/wp-json\/wp\/v2\/users\/16"}],"replies":[{"embeddable":true,"href":"https:\/\/topa.be\/en\/wp-json\/wp\/v2\/comments?post=49598"}],"version-history":[{"count":3,"href":"https:\/\/topa.be\/en\/wp-json\/wp\/v2\/pages\/49598\/revisions"}],"predecessor-version":[{"id":53058,"href":"https:\/\/topa.be\/en\/wp-json\/wp\/v2\/pages\/49598\/revisions\/53058"}],"up":[{"embeddable":true,"href":"https:\/\/topa.be\/en\/wp-json\/wp\/v2\/pages\/38029"}],"wp:attachment":[{"href":"https:\/\/topa.be\/en\/wp-json\/wp\/v2\/media?parent=49598"}],"curies":[{"name":"wp","href":"https:\/\/api.w.org\/{rel}","templated":true}]}}