{"id":54296,"date":"2021-09-08T20:01:34","date_gmt":"2021-09-08T18:01:34","guid":{"rendered":"http:\/\/topa.be\/ausstellungen\/"},"modified":"2021-11-22T13:26:42","modified_gmt":"2021-11-22T12:26:42","slug":"tentoonstelling","status":"publish","type":"page","link":"https:\/\/topa.be\/de\/tentoonstelling\/","title":{"rendered":"Ausstellungen"},"content":{"rendered":"\t\t<div data-elementor-type=\"wp-page\" data-elementor-id=\"54296\" class=\"elementor elementor-54296 elementor-11800\" data-elementor-post-type=\"page\">\n\t\t\t\t\t\t<section class=\"elementor-section elementor-top-section elementor-element elementor-element-f2c5e26 elementor-section-boxed elementor-section-height-default elementor-section-height-default\" data-id=\"f2c5e26\" data-element_type=\"section\" data-e-type=\"section\">\n\t\t\t\t\t\t<div class=\"elementor-container elementor-column-gap-default\">\n\t\t\t\t\t<div class=\"elementor-column elementor-col-100 elementor-top-column elementor-element elementor-element-974cd1a\" data-id=\"974cd1a\" data-element_type=\"column\" data-e-type=\"column\">\n\t\t\t<div class=\"elementor-widget-wrap elementor-element-populated\">\n\t\t\t\t\t\t<div class=\"elementor-element elementor-element-60ba8e0 elementor-widget elementor-widget-heading\" data-id=\"60ba8e0\" data-element_type=\"widget\" data-e-type=\"widget\" data-widget_type=\"heading.default\">\n\t\t\t\t<div class=\"elementor-widget-container\">\n\t\t\t\t\t<h1 class=\"elementor-heading-title elementor-size-default\">Ausstellungen von oder mit TOPA<\/h1>\t\t\t\t<\/div>\n\t\t\t\t<\/div>\n\t\t\t\t\t<\/div>\n\t\t<\/div>\n\t\t\t\t\t<\/div>\n\t\t<\/section>\n\t\t\t\t<section class=\"elementor-section elementor-top-section elementor-element elementor-element-e673ac2 elementor-section-boxed elementor-section-height-default elementor-section-height-default\" data-id=\"e673ac2\" data-element_type=\"section\" data-e-type=\"section\">\n\t\t\t\t\t\t<div class=\"elementor-container elementor-column-gap-default\">\n\t\t\t\t\t<div class=\"elementor-column elementor-col-100 elementor-top-column elementor-element elementor-element-d68e4ea\" data-id=\"d68e4ea\" data-element_type=\"column\" data-e-type=\"column\">\n\t\t\t<div class=\"elementor-widget-wrap elementor-element-populated\">\n\t\t\t\t\t\t<div class=\"elementor-element elementor-element-7fd8a69 elementor-widget elementor-widget-text-editor\" data-id=\"7fd8a69\" data-element_type=\"widget\" data-e-type=\"widget\" data-widget_type=\"text-editor.default\">\n\t\t\t\t<div class=\"elementor-widget-container\">\n\t\t\t\t\t\t\t\t\t<p style=\"text-align: justify;\">Neben F\u00fchrungen, Ver\u00f6ffentlichungen, Vortr\u00e4gen und dieser Website bem\u00fcht sich TOPA auch darum, gelegentlich aktiv an faszinierenden Ausstellungen in der einen oder anderen &#8222;TOPA&#8220;-Kirche teilzunehmen.<\/p>\n<p style=\"text-align: justify;\">Das Angebot gliedert sich in: <em>(in englischer Sprache)<\/em><\/p>\n\t\t\t\t\t\t\t\t<\/div>\n\t\t\t\t<\/div>\n\t\t\t\t\t<\/div>\n\t\t<\/div>\n\t\t\t\t\t<\/div>\n\t\t<\/section>\n\t\t\t\t<section class=\"elementor-section elementor-top-section elementor-element elementor-element-093ab94 elementor-section-boxed elementor-section-height-default elementor-section-height-default\" data-id=\"093ab94\" data-element_type=\"section\" data-e-type=\"section\">\n\t\t\t\t\t\t<div class=\"elementor-container elementor-column-gap-default\">\n\t\t\t\t\t<div class=\"elementor-column elementor-col-100 elementor-top-column elementor-element elementor-element-c3d3016\" data-id=\"c3d3016\" data-element_type=\"column\" data-e-type=\"column\">\n\t\t\t<div class=\"elementor-widget-wrap elementor-element-populated\">\n\t\t\t\t\t\t<div class=\"elementor-element elementor-element-b99546e elementor-widget elementor-widget-heading\" data-id=\"b99546e\" data-element_type=\"widget\" data-e-type=\"widget\" data-widget_type=\"heading.default\">\n\t\t\t\t<div class=\"elementor-widget-container\">\n\t\t\t\t\t<h2 class=\"elementor-heading-title elementor-size-default\">Ongoing exhibition(s)<\/h2>\t\t\t\t<\/div>\n\t\t\t\t<\/div>\n\t\t\t\t\t<\/div>\n\t\t<\/div>\n\t\t\t\t\t<\/div>\n\t\t<\/section>\n\t\t\t\t<section class=\"elementor-section elementor-top-section elementor-element elementor-element-4b5f4c6 elementor-section-boxed elementor-section-height-default elementor-section-height-default\" data-id=\"4b5f4c6\" data-element_type=\"section\" data-e-type=\"section\">\n\t\t\t\t\t\t<div class=\"elementor-container elementor-column-gap-default\">\n\t\t\t\t\t<div class=\"elementor-column elementor-col-50 elementor-top-column elementor-element elementor-element-1c01cbd\" data-id=\"1c01cbd\" data-element_type=\"column\" data-e-type=\"column\">\n\t\t\t<div class=\"elementor-widget-wrap elementor-element-populated\">\n\t\t\t\t\t\t<div class=\"elementor-element elementor-element-53cd7d7 elementor-widget elementor-widget-text-editor\" data-id=\"53cd7d7\" data-element_type=\"widget\" data-e-type=\"widget\" data-widget_type=\"text-editor.default\">\n\t\t\t\t<div class=\"elementor-widget-container\">\n\t\t\t\t\t\t\t\t\t<h3><span style=\"color: #ff0000;\"><a href=\"http:\/\/topa.be\/wp-content\/uploads\/Tegel-Andries.jpg\"><img decoding=\"async\" class=\"size-full wp-image-37203 alignleft\" src=\"http:\/\/topa.be\/wp-content\/uploads\/Tegel-Andries.jpg\" alt=\"\" width=\"200\" height=\"200\" \/><\/a>Sa<\/span>int-<span style=\"color: #ff0000;\">A<\/span>ndrew&#8217;s Church <span style=\"color: #ff0000;\">M<\/span>useum<\/h3>\n<p>A glance at the rich past of the &#8222;Parish of Misery&#8220;<\/p>\n<p><a href=\"https:\/\/topa.be\/de\/st-andries\/kerkmuseum\/\"><strong><span style=\"color: #3366ff;\">Read more&#8230;<\/span><\/strong><\/a><\/p>\n\t\t\t\t\t\t\t\t<\/div>\n\t\t\t\t<\/div>\n\t\t\t\t\t<\/div>\n\t\t<\/div>\n\t\t\t\t<div class=\"elementor-column elementor-col-50 elementor-top-column elementor-element elementor-element-79b35e5\" data-id=\"79b35e5\" data-element_type=\"column\" data-e-type=\"column\">\n\t\t\t<div class=\"elementor-widget-wrap\">\n\t\t\t\t\t\t\t<\/div>\n\t\t<\/div>\n\t\t\t\t\t<\/div>\n\t\t<\/section>\n\t\t\t\t<section class=\"elementor-section elementor-top-section elementor-element elementor-element-6232d90 elementor-section-boxed elementor-section-height-default elementor-section-height-default\" data-id=\"6232d90\" data-element_type=\"section\" data-e-type=\"section\">\n\t\t\t\t\t\t<div class=\"elementor-container elementor-column-gap-default\">\n\t\t\t\t\t<div class=\"elementor-column elementor-col-100 elementor-top-column elementor-element elementor-element-03959af\" data-id=\"03959af\" data-element_type=\"column\" data-e-type=\"column\">\n\t\t\t<div class=\"elementor-widget-wrap elementor-element-populated\">\n\t\t\t\t\t\t<div class=\"elementor-element elementor-element-55fc046 elementor-widget elementor-widget-heading\" data-id=\"55fc046\" data-element_type=\"widget\" data-e-type=\"widget\" data-widget_type=\"heading.default\">\n\t\t\t\t<div class=\"elementor-widget-container\">\n\t\t\t\t\t<h2 class=\"elementor-heading-title elementor-size-default\">Exhibitions from the past: the archive<\/h2>\t\t\t\t<\/div>\n\t\t\t\t<\/div>\n\t\t\t\t\t<\/div>\n\t\t<\/div>\n\t\t\t\t\t<\/div>\n\t\t<\/section>\n\t\t\t\t<section class=\"elementor-section elementor-top-section elementor-element elementor-element-f5c5c14 elementor-section-boxed elementor-section-height-default elementor-section-height-default\" data-id=\"f5c5c14\" data-element_type=\"section\" data-e-type=\"section\">\n\t\t\t\t\t\t<div class=\"elementor-container elementor-column-gap-default\">\n\t\t\t\t\t<div class=\"elementor-column elementor-col-50 elementor-top-column elementor-element elementor-element-20c66d0\" data-id=\"20c66d0\" data-element_type=\"column\" data-e-type=\"column\">\n\t\t\t<div class=\"elementor-widget-wrap elementor-element-populated\">\n\t\t\t\t\t\t<div class=\"elementor-element elementor-element-191e211 elementor-widget elementor-widget-text-editor\" data-id=\"191e211\" data-element_type=\"widget\" data-e-type=\"widget\" data-widget_type=\"text-editor.default\">\n\t\t\t\t<div class=\"elementor-widget-container\">\n\t\t\t\t\t\t\t\t\t<p><img decoding=\"async\" class=\"alignleft wp-image-53786\" src=\"http:\/\/topa.be\/wp-content\/uploads\/\/Tentoon-1999-Modello-Kruisdraging-van-Dyck-300x300.jpg\" alt=\"\" width=\"214\" height=\"214\" srcset=\"https:\/\/topa.be\/wp-content\/uploads\/Tentoon-1999-Modello-Kruisdraging-van-Dyck-300x300.jpg 300w, https:\/\/topa.be\/wp-content\/uploads\/Tentoon-1999-Modello-Kruisdraging-van-Dyck-200x200.jpg 200w, https:\/\/topa.be\/wp-content\/uploads\/Tentoon-1999-Modello-Kruisdraging-van-Dyck.jpg 766w\" sizes=\"(max-width: 214px) 100vw, 214px\" \/><\/p>\n<h3>1999<br \/>\nAnthony<br \/>\nvan Dyck,<br \/>\nlooked at differently<\/h3>\n<p><strong><a href=\"http:\/\/topa.be\/en\/tentoonstelling\/van-dyck\/\">read more&#8230;<\/a><\/strong><\/p>\n\t\t\t\t\t\t\t\t<\/div>\n\t\t\t\t<\/div>\n\t\t\t\t\t<\/div>\n\t\t<\/div>\n\t\t\t\t<div class=\"elementor-column elementor-col-50 elementor-top-column elementor-element elementor-element-f4f6344\" data-id=\"f4f6344\" data-element_type=\"column\" data-e-type=\"column\">\n\t\t\t<div class=\"elementor-widget-wrap elementor-element-populated\">\n\t\t\t\t\t\t<div class=\"elementor-element elementor-element-92248f6 elementor-widget elementor-widget-text-editor\" data-id=\"92248f6\" data-element_type=\"widget\" data-e-type=\"widget\" data-widget_type=\"text-editor.default\">\n\t\t\t\t<div class=\"elementor-widget-container\">\n\t\t\t\t\t\t\t\t\t<h3><a href=\"http:\/\/topa.be\/wp-content\/uploads\/Textiel_4-Emmausgangers-2.jpg\"><img decoding=\"async\" class=\"alignleft wp-image-53877 size-full\" src=\"http:\/\/topa.be\/wp-content\/uploads\/Textiel_4-Emmausgangers-2.jpg\" alt=\"\" width=\"214\" height=\"213\" srcset=\"https:\/\/topa.be\/wp-content\/uploads\/Textiel_4-Emmausgangers-2.jpg 214w, https:\/\/topa.be\/wp-content\/uploads\/Textiel_4-Emmausgangers-2-200x200.jpg 200w\" sizes=\"(max-width: 214px) 100vw, 214px\" \/><\/a>2001<br \/>\nDressed differently, worn differently<\/h3>\n<p><a href=\"http:\/\/topa.be\/en\/tentoonstelling\/anders-gekleed\/\"><strong>read more&#8230;<\/strong><\/a><\/p>\n\t\t\t\t\t\t\t\t<\/div>\n\t\t\t\t<\/div>\n\t\t\t\t\t<\/div>\n\t\t<\/div>\n\t\t\t\t\t<\/div>\n\t\t<\/section>\n\t\t\t\t<section class=\"elementor-section elementor-top-section elementor-element elementor-element-8409e6a elementor-section-boxed elementor-section-height-default elementor-section-height-default\" data-id=\"8409e6a\" data-element_type=\"section\" data-e-type=\"section\">\n\t\t\t\t\t\t<div class=\"elementor-container elementor-column-gap-default\">\n\t\t\t\t\t<div class=\"elementor-column elementor-col-50 elementor-top-column elementor-element elementor-element-4c4c9e7\" data-id=\"4c4c9e7\" data-element_type=\"column\" data-e-type=\"column\">\n\t\t\t<div class=\"elementor-widget-wrap elementor-element-populated\">\n\t\t\t\t\t\t<div class=\"elementor-element elementor-element-8a1e0e1 elementor-widget elementor-widget-text-editor\" data-id=\"8a1e0e1\" data-element_type=\"widget\" data-e-type=\"widget\" data-widget_type=\"text-editor.default\">\n\t\t\t\t<div class=\"elementor-widget-container\">\n\t\t\t\t\t\t\t\t\t<h3><a href=\"http:\/\/topa.be\/wp-content\/uploads\/Tegel-Rubens.jpg\"><img loading=\"lazy\" decoding=\"async\" class=\"alignleft wp-image-53810\" src=\"http:\/\/topa.be\/wp-content\/uploads\/\/Tegel-Rubens-300x300.jpg\" alt=\"\" width=\"214\" height=\"214\" srcset=\"https:\/\/topa.be\/wp-content\/uploads\/Tegel-Rubens-300x300.jpg 300w, https:\/\/topa.be\/wp-content\/uploads\/Tegel-Rubens-200x200.jpg 200w, https:\/\/topa.be\/wp-content\/uploads\/Tegel-Rubens-768x767.jpg 768w, https:\/\/topa.be\/wp-content\/uploads\/Tegel-Rubens.jpg 1024w\" sizes=\"(max-width: 214px) 100vw, 214px\" \/><\/a>2004<br \/>\nRubens,<br \/>\nno stranger to the world<\/h3>\n<p><a href=\"http:\/\/topa.be\/en\/tentoonstelling\/rubens-wereldvreemd\/\"><strong>read more&#8230;<\/strong><\/a><\/p>\n\t\t\t\t\t\t\t\t<\/div>\n\t\t\t\t<\/div>\n\t\t\t\t\t<\/div>\n\t\t<\/div>\n\t\t\t\t<div class=\"elementor-column elementor-col-50 elementor-top-column elementor-element elementor-element-cb30540\" data-id=\"cb30540\" data-element_type=\"column\" data-e-type=\"column\">\n\t\t\t<div class=\"elementor-widget-wrap elementor-element-populated\">\n\t\t\t\t\t\t<div class=\"elementor-element elementor-element-4b37439 elementor-widget elementor-widget-text-editor\" data-id=\"4b37439\" data-element_type=\"widget\" data-e-type=\"widget\" data-widget_type=\"text-editor.default\">\n\t\t\t\t<div class=\"elementor-widget-container\">\n\t\t\t\t\t\t\t\t\t<h3><a href=\"http:\/\/topa.be\/wp-content\/uploads\/Tegel-Reunie.jpg\"><img loading=\"lazy\" decoding=\"async\" class=\"alignleft wp-image-53834\" src=\"http:\/\/topa.be\/wp-content\/uploads\/\/Tegel-Reunie-300x300.jpg\" alt=\"\" width=\"214\" height=\"214\" srcset=\"https:\/\/topa.be\/wp-content\/uploads\/Tegel-Reunie-300x300.jpg 300w, https:\/\/topa.be\/wp-content\/uploads\/Tegel-Reunie.jpg 1024w, https:\/\/topa.be\/wp-content\/uploads\/Tegel-Reunie-200x200.jpg 200w, https:\/\/topa.be\/wp-content\/uploads\/Tegel-Reunie-768x768.jpg 768w\" sizes=\"(max-width: 214px) 100vw, 214px\" \/><\/a>2009-2019<br \/>\nRE.\u00dc.NION<\/h3>\n<p><strong>From Quinten Metsijs<\/strong><br \/>\n<strong>to<\/strong><br \/>\n<strong>Peter Paul Rubens<\/strong><\/p>\n<p><a href=\"http:\/\/topa.be\/tentoonstelling\/reunie\/\"><strong>read more&#8230;<\/strong><\/a><\/p>\n\t\t\t\t\t\t\t\t<\/div>\n\t\t\t\t<\/div>\n\t\t\t\t\t<\/div>\n\t\t<\/div>\n\t\t\t\t\t<\/div>\n\t\t<\/section>\n\t\t\t\t<\/div>\n\t\t","protected":false},"excerpt":{"rendered":"<p>Ausstellungen von oder mit TOPA Neben F\u00fchrungen, Ver\u00f6ffentlichungen, Vortr\u00e4gen und dieser Website bem\u00fcht sich TOPA auch darum, gelegentlich aktiv an faszinierenden Ausstellungen in der einen oder anderen &#8222;TOPA&#8220;-Kirche teilzunehmen. Das Angebot gliedert sich in: (in englischer Sprache) Ongoing exhibition(s) Saint-Andrew&#8217;s Church Museum A glance at the rich past of the &#8222;Parish of Misery&#8220; Read more&#8230; [&hellip;]<\/p>\n","protected":false},"author":16,"featured_media":0,"parent":0,"menu_order":530,"comment_status":"closed","ping_status":"closed","template":"","meta":{"footnotes":""},"class_list":["post-54296","page","type-page","status-publish","hentry"],"aioseo_notices":[],"_links":{"self":[{"href":"https:\/\/topa.be\/de\/wp-json\/wp\/v2\/pages\/54296","targetHints":{"allow":["GET"]}}],"collection":[{"href":"https:\/\/topa.be\/de\/wp-json\/wp\/v2\/pages"}],"about":[{"href":"https:\/\/topa.be\/de\/wp-json\/wp\/v2\/types\/page"}],"author":[{"embeddable":true,"href":"https:\/\/topa.be\/de\/wp-json\/wp\/v2\/users\/16"}],"replies":[{"embeddable":true,"href":"https:\/\/topa.be\/de\/wp-json\/wp\/v2\/comments?post=54296"}],"version-history":[{"count":3,"href":"https:\/\/topa.be\/de\/wp-json\/wp\/v2\/pages\/54296\/revisions"}],"predecessor-version":[{"id":62197,"href":"https:\/\/topa.be\/de\/wp-json\/wp\/v2\/pages\/54296\/revisions\/62197"}],"wp:attachment":[{"href":"https:\/\/topa.be\/de\/wp-json\/wp\/v2\/media?parent=54296"}],"curies":[{"name":"wp","href":"https:\/\/api.w.org\/{rel}","templated":true}]}}