{"id":53238,"date":"2021-08-18T18:29:28","date_gmt":"2021-08-18T16:29:28","guid":{"rendered":"http:\/\/topa.be\/publikationen\/"},"modified":"2021-11-17T13:31:16","modified_gmt":"2021-11-17T12:31:16","slug":"publicaties-2","status":"publish","type":"page","link":"https:\/\/topa.be\/de\/publicaties-2\/","title":{"rendered":"Publikationen"},"content":{"rendered":"\t\t<div data-elementor-type=\"wp-page\" data-elementor-id=\"53238\" class=\"elementor elementor-53238 elementor-34181\" data-elementor-post-type=\"page\">\n\t\t\t\t\t\t<section class=\"elementor-section elementor-top-section elementor-element elementor-element-1fe814f elementor-section-boxed elementor-section-height-default elementor-section-height-default\" data-id=\"1fe814f\" data-element_type=\"section\" data-e-type=\"section\">\n\t\t\t\t\t\t<div class=\"elementor-container elementor-column-gap-default\">\n\t\t\t\t\t<div class=\"elementor-column elementor-col-100 elementor-top-column elementor-element elementor-element-2b707d6\" data-id=\"2b707d6\" data-element_type=\"column\" data-e-type=\"column\">\n\t\t\t<div class=\"elementor-widget-wrap elementor-element-populated\">\n\t\t\t\t\t\t<div class=\"elementor-element elementor-element-02b92a6 elementor-widget elementor-widget-heading\" data-id=\"02b92a6\" data-element_type=\"widget\" data-e-type=\"widget\" data-widget_type=\"heading.default\">\n\t\t\t\t<div class=\"elementor-widget-container\">\n\t\t\t\t\t<h1 class=\"elementor-heading-title elementor-size-default\">Publikationen<\/h1>\t\t\t\t<\/div>\n\t\t\t\t<\/div>\n\t\t\t\t\t<\/div>\n\t\t<\/div>\n\t\t\t\t\t<\/div>\n\t\t<\/section>\n\t\t\t\t<section class=\"elementor-section elementor-top-section elementor-element elementor-element-a2c5051 elementor-section-boxed elementor-section-height-default elementor-section-height-default\" data-id=\"a2c5051\" data-element_type=\"section\" data-e-type=\"section\">\n\t\t\t\t\t\t<div class=\"elementor-container elementor-column-gap-default\">\n\t\t\t\t\t<div class=\"elementor-column elementor-col-66 elementor-top-column elementor-element elementor-element-7bd29bb\" data-id=\"7bd29bb\" data-element_type=\"column\" data-e-type=\"column\">\n\t\t\t<div class=\"elementor-widget-wrap elementor-element-populated\">\n\t\t\t\t\t\t<div class=\"elementor-element elementor-element-07bd8e4 elementor-widget elementor-widget-text-editor\" data-id=\"07bd8e4\" data-element_type=\"widget\" data-e-type=\"widget\" data-widget_type=\"text-editor.default\">\n\t\t\t\t<div class=\"elementor-widget-container\">\n\t\t\t\t\t\t\t\t\t<p style=\"text-align: justify;\">Im Laufe der Jahre hat TOPA vzw Brosch\u00fcren, Kataloge, Lehrpl\u00e4ne und B\u00fccher ver\u00f6ffentlicht.<br \/>\nEine m\u00f6glichst vollst\u00e4ndige Liste finden Sie hier.<br \/>\nDie meisten der Ausgaben stammen von Pfarrer Rudi Mannaerts, Pfarrer der St. Andreas-Gemeinde, Religionslehrer am Sint-Lieven-Kolleg und Vorsitzender von TOPA vzw.<\/p>\n<p style=\"text-align: justify;\">Alle Publikationen sind auf Bestellung erh\u00e4ltlich:<br \/>\nToerismepastoraal Antwerpen vzw<br \/>\nHeilige Geeststraat 23, 2000 Antwerpen<br \/>\n<a href=\"mailto:info@topa.be\">info@topa.be<\/a><em>\u00a0<\/em><br \/>\n<em>Bei der Bestellung erfolgt die Zahlung im Voraus, nach Erhalt der Rechnung.<br \/>\nAlle Bank- und Lieferkosten sind zu Lasten des Kunden.<\/em><\/p>\n<h2 style=\"text-align: justify;\">B\u00fccher<\/h2>\n<p style=\"text-align: justify;\">Herausgegeben von vzw Maria-Elisabeth Belpaire und vzw Toerismepastoraal Antwerpen, mit Unterst\u00fctzung der Willy-Hendrickx-Stiftung. Reich illustriert.<\/p>\n<p style=\"text-align: justify;\">Ein Buch, auf Niederl\u00e4ndisch, f\u00fcr nachfolgende Antwerpener Kirchen:<\/p>\n<ul style=\"text-align: justify;\">\n<li>Die Carolus Borrom\u00e4us Kirche<\/li>\n<li>Sankt Andreas Kirche<\/li>\n<li>Sankt Paulus Kirche<\/li>\n<li>Die Kathedrale Unserer Lieben Frau, auch in einer englischen Ausgabe erh\u00e4ltlich.<\/li>\n<\/ul>\n<p style=\"text-align: justify;\">Diese B\u00fccher stehen ebenfalls zum Verkauf:<\/p>\n<ul style=\"text-align: justify;\">\n<li>Am Rezeption der jeweiligen Kirche<\/li>\n<li>In der Buchhandlung der Kathedrale<\/li>\n<li>In der Buchhandlung einiger Antwerpener Museen<\/li>\n<li>In folgenden Antwerpener Buchhandlungen: Standard Boekhandel, Erik Toonen<\/li>\n<\/ul>\n<h2 style=\"text-align: justify;\">Didaktische Lehrpl\u00e4ne<\/h2>\n<p style=\"text-align: justify;\">Herausgegeben von vzw Toerismepastoraal Antwerpen<br \/>\nEine, auf Niederl\u00e4ndisch, f\u00fcr jede der f\u00fcnf touristischen Kirchen, zus\u00e4tzlich zu<\/p>\n<ul style=\"text-align: justify;\">\n<li>Mannaerts R., <em>Ein Schl\u00fcssel zur Offenbarung des Liebfrauendomes zu Antwerpen. 1996<\/em><\/li>\n<\/ul>\n<p style=\"text-align: justify;\"><em>\u00a0<\/em><em>In der Regel auch am Rezeption der beschriebenen Kirche zu verkaufen.<\/em><\/p>\n<h2 style=\"text-align: justify;\">F\u00fchrer Monumentale Kirchen<\/h2>\n<ul style=\"text-align: justify;\">\n<li>Benutzerfreundlicher Leitfaden, der sich auf etwa 15 Sehensw\u00fcrdigkeiten pro Touristenkirche konzentriert und diese entsprechend der Vision von Toerismepastoraal erkl\u00e4rt.<\/li>\n<li>Er wird von der MKA Vereinigung herausgegeben. an dem Rudi Mannaerts als Autor im Namen von TOPA mitarbeitet. Der Verlag Blond\u00e9 bietet eine \u00dcbersetzung in FR, DE und EN an.<\/li>\n<li>Diese F\u00fchrer sind in jeder der f\u00fcnf touristischen Kirchen erh\u00e4ltlich.<\/li>\n<\/ul>\n<h2 style=\"text-align: justify;\">Gr\u00fcne B\u00fcchlein <em>\u201aLiebe Nachbarl\u00e4nder\u2018<\/em>.<\/h2>\n<p style=\"text-align: justify;\">Verf\u00fcgbar sowohl in der Landessprache als auch auf Niederl\u00e4ndisch<\/p>\n<p style=\"text-align: justify;\">Erh\u00e4ltlich in Deutsch:<\/p>\n<table>\n<tbody>\n<tr>\n<td><strong>Deutschland<\/strong><\/td>\n<td><strong>L\u00ebtzebuerg<\/strong><\/td>\n<td><strong>\u00d6sterreich<\/strong><\/td>\n<\/tr>\n<\/tbody>\n<\/table>\n<p style=\"text-align: justify;\">Andere verf\u00fcgbare L\u00e4nder:<\/p>\n<table>\n<tbody>\n<tr>\n<td><strong>Nederland<\/strong><\/td>\n<td><strong>Danmark<\/strong><\/td>\n<td><strong>Polska<\/strong><\/td>\n<\/tr>\n<tr>\n<td><strong>France<\/strong><\/td>\n<td><strong>Ell\u00e1da<\/strong><\/td>\n<td><strong>Portugal<\/strong><\/td>\n<\/tr>\n<tr>\n<td><strong>United Kingdom<\/strong><\/td>\n<td><strong>\u00c9ire<\/strong><\/td>\n<td><strong>Rossija<\/strong><\/td>\n<\/tr>\n<tr>\n<td><strong>Italia<\/strong><\/td>\n<td><strong>Nippon<\/strong><\/td>\n<td><strong>United States of America<\/strong><\/td>\n<\/tr>\n<tr>\n<td><strong>Espa\u00f1a<\/strong><\/td>\n<td><strong>Norge<\/strong><\/td>\n<td><strong>Sverige<\/strong><\/td>\n<\/tr>\n<tr>\n<td><strong>China<\/strong><\/td>\n<td><strong>\u00a0<\/strong><\/td>\n<td><strong>\u00a0<\/strong><\/td>\n<\/tr>\n<\/tbody>\n<\/table>\n<p style=\"text-align: justify;\">Auch in der Buchhandlung der Kathedrale und in der St. Andreas-Kirche zu verkaufen.<\/p>\n\t\t\t\t\t\t\t\t<\/div>\n\t\t\t\t<\/div>\n\t\t\t\t\t<\/div>\n\t\t<\/div>\n\t\t\t\t<div class=\"elementor-column elementor-col-33 elementor-top-column elementor-element elementor-element-e42a8e7\" data-id=\"e42a8e7\" data-element_type=\"column\" data-e-type=\"column\">\n\t\t\t<div class=\"elementor-widget-wrap elementor-element-populated\">\n\t\t\t\t\t\t<div class=\"elementor-element elementor-element-3690d15 elementor-widget elementor-widget-image\" data-id=\"3690d15\" data-element_type=\"widget\" data-e-type=\"widget\" data-widget_type=\"image.default\">\n\t\t\t\t<div class=\"elementor-widget-container\">\n\t\t\t\t\t\t\t\t\t\t\t\t\t\t\t<img fetchpriority=\"high\" decoding=\"async\" width=\"800\" height=\"800\" src=\"https:\/\/topa.be\/wp-content\/uploads\/3500-Publicaties-1024x1024.jpg\" class=\"attachment-large size-large wp-image-12905\" alt=\"\" srcset=\"https:\/\/topa.be\/wp-content\/uploads\/3500-Publicaties.jpg 1024w, https:\/\/topa.be\/wp-content\/uploads\/3500-Publicaties-300x300.jpg 300w, https:\/\/topa.be\/wp-content\/uploads\/3500-Publicaties-200x200.jpg 200w, https:\/\/topa.be\/wp-content\/uploads\/3500-Publicaties-768x768.jpg 768w\" sizes=\"(max-width: 800px) 100vw, 800px\" \/>\t\t\t\t\t\t\t\t\t\t\t\t\t\t\t<\/div>\n\t\t\t\t<\/div>\n\t\t\t\t\t<\/div>\n\t\t<\/div>\n\t\t\t\t\t<\/div>\n\t\t<\/section>\n\t\t\t\t<\/div>\n\t\t","protected":false},"excerpt":{"rendered":"<p>Publikationen Im Laufe der Jahre hat TOPA vzw Brosch\u00fcren, Kataloge, Lehrpl\u00e4ne und B\u00fccher ver\u00f6ffentlicht. Eine m\u00f6glichst vollst\u00e4ndige Liste finden Sie hier. Die meisten der Ausgaben stammen von Pfarrer Rudi Mannaerts, Pfarrer der St. Andreas-Gemeinde, Religionslehrer am Sint-Lieven-Kolleg und Vorsitzender von TOPA vzw. Alle Publikationen sind auf Bestellung erh\u00e4ltlich: Toerismepastoraal Antwerpen vzw Heilige Geeststraat 23, 2000 [&hellip;]<\/p>\n","protected":false},"author":16,"featured_media":0,"parent":0,"menu_order":500,"comment_status":"closed","ping_status":"closed","template":"","meta":{"footnotes":""},"class_list":["post-53238","page","type-page","status-publish","hentry"],"aioseo_notices":[],"_links":{"self":[{"href":"https:\/\/topa.be\/de\/wp-json\/wp\/v2\/pages\/53238","targetHints":{"allow":["GET"]}}],"collection":[{"href":"https:\/\/topa.be\/de\/wp-json\/wp\/v2\/pages"}],"about":[{"href":"https:\/\/topa.be\/de\/wp-json\/wp\/v2\/types\/page"}],"author":[{"embeddable":true,"href":"https:\/\/topa.be\/de\/wp-json\/wp\/v2\/users\/16"}],"replies":[{"embeddable":true,"href":"https:\/\/topa.be\/de\/wp-json\/wp\/v2\/comments?post=53238"}],"version-history":[{"count":3,"href":"https:\/\/topa.be\/de\/wp-json\/wp\/v2\/pages\/53238\/revisions"}],"predecessor-version":[{"id":59602,"href":"https:\/\/topa.be\/de\/wp-json\/wp\/v2\/pages\/53238\/revisions\/59602"}],"wp:attachment":[{"href":"https:\/\/topa.be\/de\/wp-json\/wp\/v2\/media?parent=53238"}],"curies":[{"name":"wp","href":"https:\/\/api.w.org\/{rel}","templated":true}]}}