{"id":46423,"date":"2021-07-21T12:10:10","date_gmt":"2021-07-21T10:10:10","guid":{"rendered":"http:\/\/topa.be\/monumentale-kerken\/sint-michiel-en-petrus\/smp-kirche-in-kurze\/"},"modified":"2021-08-13T13:39:18","modified_gmt":"2021-08-13T11:39:18","slug":"lennismaking","status":"publish","type":"page","link":"https:\/\/topa.be\/de\/monumentale-kerken\/sint-michiel-en-petrus\/lennismaking\/","title":{"rendered":"SMP Kirche in Kurze"},"content":{"rendered":"\t\t<div data-elementor-type=\"wp-page\" data-elementor-id=\"46423\" class=\"elementor elementor-46423 elementor-34033\" data-elementor-post-type=\"page\">\n\t\t\t\t\t\t<section class=\"elementor-section elementor-top-section elementor-element elementor-element-f1d722d elementor-section-boxed elementor-section-height-default elementor-section-height-default\" data-id=\"f1d722d\" data-element_type=\"section\" data-e-type=\"section\">\n\t\t\t\t\t\t<div class=\"elementor-container elementor-column-gap-default\">\n\t\t\t\t\t<div class=\"elementor-column elementor-col-100 elementor-top-column elementor-element elementor-element-f203e39\" data-id=\"f203e39\" data-element_type=\"column\" data-e-type=\"column\">\n\t\t\t<div class=\"elementor-widget-wrap elementor-element-populated\">\n\t\t\t\t\t\t<div class=\"elementor-element elementor-element-e24c81c elementor-widget elementor-widget-heading\" data-id=\"e24c81c\" data-element_type=\"widget\" data-e-type=\"widget\" data-widget_type=\"heading.default\">\n\t\t\t\t<div class=\"elementor-widget-container\">\n\t\t\t\t\t<h1 class=\"elementor-heading-title elementor-size-default\"> Sankt Michael und Peter Kirche<\/h1>\t\t\t\t<\/div>\n\t\t\t\t<\/div>\n\t\t\t\t\t<\/div>\n\t\t<\/div>\n\t\t\t\t\t<\/div>\n\t\t<\/section>\n\t\t\t\t<section class=\"elementor-section elementor-top-section elementor-element elementor-element-d9d0f59 elementor-section-boxed elementor-section-height-default elementor-section-height-default\" data-id=\"d9d0f59\" data-element_type=\"section\" data-e-type=\"section\">\n\t\t\t\t\t\t<div class=\"elementor-container elementor-column-gap-default\">\n\t\t\t\t\t<div class=\"elementor-column elementor-col-100 elementor-top-column elementor-element elementor-element-fb48438\" data-id=\"fb48438\" data-element_type=\"column\" data-e-type=\"column\">\n\t\t\t<div class=\"elementor-widget-wrap elementor-element-populated\">\n\t\t\t\t\t\t<div class=\"elementor-element elementor-element-574c42e elementor-widget elementor-widget-heading\" data-id=\"574c42e\" data-element_type=\"widget\" data-e-type=\"widget\" data-widget_type=\"heading.default\">\n\t\t\t\t<div class=\"elementor-widget-container\">\n\t\t\t\t\t<h2 class=\"elementor-heading-title elementor-size-default\">Kirche in Kurze<\/h2>\t\t\t\t<\/div>\n\t\t\t\t<\/div>\n\t\t\t\t\t<\/div>\n\t\t<\/div>\n\t\t\t\t\t<\/div>\n\t\t<\/section>\n\t\t\t\t<section class=\"elementor-section elementor-top-section elementor-element elementor-element-52484ff elementor-section-boxed elementor-section-height-default elementor-section-height-default\" data-id=\"52484ff\" data-element_type=\"section\" data-e-type=\"section\">\n\t\t\t\t\t\t<div class=\"elementor-container elementor-column-gap-default\">\n\t\t\t\t\t<div class=\"elementor-column elementor-col-66 elementor-top-column elementor-element elementor-element-8bf59b1\" data-id=\"8bf59b1\" data-element_type=\"column\" data-e-type=\"column\">\n\t\t\t<div class=\"elementor-widget-wrap elementor-element-populated\">\n\t\t\t\t\t\t<div class=\"elementor-element elementor-element-6fc9855 elementor-widget elementor-widget-text-editor\" data-id=\"6fc9855\" data-element_type=\"widget\" data-e-type=\"widget\" data-widget_type=\"text-editor.default\">\n\t\t\t\t<div class=\"elementor-widget-container\">\n\t\t\t\t\t\t\t\t\t<div class=\"wpb_column vc_column_container vc_col-sm-8\">\n<div class=\"vc_column-inner\">\n<div class=\"wpb_wrapper\">\n<div class=\"wpb_text_column wpb_content_element \">\n<div class=\"wpb_wrapper\">\n<h3 style=\"text-align: justify;\">Geschichte<\/h3>\n<p style=\"text-align: justify;\">Die erste Kirche in Antwerpen, gegr\u00fcndet vom Heiligen Amandus im 7. Jahrhundert, war den Heiligen Petrus und Paulus geweiht. Nach der normannischen Invasion wurde sie durch eine neue Pfarrkirche ersetzt, die den Erzengel Michael als Schutzpatron hat. Im Jahr 1124 hat der Heilige Norbert dieser Kirche eine Klostergemeinschaft angegliedert. Die Franz\u00f6sische Revolution hob diese Pr\u00e4monstratenserabtei auf (1794) und der stattliche Geb\u00e4udekomplex wurde nach und nach von der Landkarte getilgt.<\/p>\n<p style=\"text-align: justify;\">Um dem enormen Bev\u00f6lkerungswachstum des 19. Jahrhunderts gerecht zu werden, wurden die spanischen Festungsanlagen um 1864 abgerissen. Der Abriss des Zuidkasteels dauerte bis 1881. Ein ganz neuer Stadtteil ist geplant: &#8218;het Zuid&#8216; (der S\u00fcden). Um die Ankunft der neuen Bewohner zu f\u00f6rdern, beschlie\u00dft die Baufirma, eine Kirche zu bauen. Eine provisorische Kapelle wird 1883 gebaut und drei Jahre sp\u00e4ter wird die neue Pfarrei per k\u00f6niglichem Dekret gegr\u00fcndet. Als Schutzpatron w\u00e4hlen sie &#8211; aus historischem Bewusstsein &#8211; den heiligen Michael, w\u00e4hrend der heilige Petrus hinzugef\u00fcgt wird. Pfarrer Hendrik Kinschots und Stadtrat Arthur Van den Nest wollten ein einzigartiges Bauwerk schaffen; so wurde es nicht die \u00fcbliche neugotische Kirche, sondern eine Art Basilika. Nach einer Studienreise nach Aachen und durch Italien im Jahr 1890 entschied sich der Pfarrer und Architekt Frans Van Dijk f\u00fcr eine Kombination aus neoromanischem und byzantinischem Stil. Auch \u00fcber den franz\u00f6sischen Architekten Paul Abadie (+1884), der u.a. romanische Kirchen in der Dordogne restaurierte und die Sacr\u00e9-Coeur in Montmartre entwarf, ist Van Dyck gut dokumentiert. All diese Einfl\u00fcsse zusammen spiegeln sich in einem erfolgreichen &#8211; einzigartigen &#8211; eklektischen Stil wider.<\/p>\n<p style=\"text-align: justify;\">Aufgrund finanzieller Schwierigkeiten konnte der Bau erst 1893 beginnen. Neben den Beitr\u00e4gen der Gemeindemitglieder gab es auch Zusch\u00fcsse von der Regierung: Staat, Provinz und &#8211; nach langem Z\u00f6gern &#8211; der Stadt. Den gr\u00f6\u00dften finanziellen Beitrag leistete jedoch der Bruder des Pastors. In der N\u00e4he der Baustelle der St. Michaelskirche wird die Weltausstellung 1894 er\u00f6ffnet.<\/p>\n<p style=\"text-align: justify;\">Bereits am 4. Mai 1897 wurde die Kirche von Kardinal Goossens, Erzbischof von Mechelen, eingeweiht.<\/p>\n<p style=\"text-align: justify;\">Die weitere Dekoration und Einrichtung des Innenraums w\u00fcrde Jahrzehnte dauern, aber immer in \u00dcbereinstimmung mit dem urspr\u00fcnglichen Plan. Die Vergoldung der Kirchendecke und die Marmorverkleidung des Hochchors wurden jedoch wegen der hohen Kosten nie ausgef\u00fchrt.<\/p>\n<p style=\"text-align: justify;\">1921 weiht Kardinal Mercier die neuen Gemeinder\u00e4ume in der Cuylitsstraat ein: der Kindergarten, das Kinderheil, die Sonntagsschule, ein Patronat f\u00fcr M\u00e4dchen und alle m\u00f6glichen sozialen Aktivit\u00e4ten der Gemeinde sind dort untergebracht.<\/p>\n<p style=\"text-align: justify;\">Durch Beschluss der fl\u00e4mischen Exekutive vom 7. Dezember 1983 ist die Kirche wegen ihres historischen Wertes als Beispiel f\u00fcr Neoarchitektur als Denkmal gesch\u00fctzt.<\/p>\n<p style=\"text-align: justify;\">Im Jahr 1984 wurde das 100-j\u00e4hrige Bestehen der Pfarrei ausgiebig gefeiert, unter anderem mit einem Jubil\u00e4umsbuch.<\/p>\n<\/div>\n<\/div>\n<\/div>\n<\/div>\n<\/div>\n\t\t\t\t\t\t\t\t<\/div>\n\t\t\t\t<\/div>\n\t\t\t\t\t<\/div>\n\t\t<\/div>\n\t\t\t\t<div class=\"elementor-column elementor-col-33 elementor-top-column elementor-element elementor-element-c313803\" data-id=\"c313803\" data-element_type=\"column\" data-e-type=\"column\">\n\t\t\t<div class=\"elementor-widget-wrap elementor-element-populated\">\n\t\t\t\t\t\t<div class=\"elementor-element elementor-element-c8a0f90 elementor-widget elementor-widget-image\" data-id=\"c8a0f90\" data-element_type=\"widget\" data-e-type=\"widget\" data-widget_type=\"image.default\">\n\t\t\t\t<div class=\"elementor-widget-container\">\n\t\t\t\t\t\t\t\t\t\t\t\t\t\t\t\t<a href=\"http:\/\/topa.be\/wp-content\/uploads\/St-MichielsPetruskerk-Luchtfoto.jpg\" data-elementor-open-lightbox=\"yes\" data-elementor-lightbox-title=\"St-Michiels&amp;Petruskerk - Luchtfoto\" data-e-action-hash=\"#elementor-action%3Aaction%3Dlightbox%26settings%3DeyJpZCI6MzUxMjksInVybCI6Imh0dHBzOlwvXC90b3BhLmJlXC93cC1jb250ZW50XC91cGxvYWRzXC9TdC1NaWNoaWVsc1BldHJ1c2tlcmstTHVjaHRmb3RvLmpwZyJ9\">\n\t\t\t\t\t\t\t<img decoding=\"async\" width=\"244\" height=\"169\" src=\"https:\/\/topa.be\/wp-content\/uploads\/St-MichielsPetruskerk-Luchtfoto.jpg\" class=\"attachment-large size-large wp-image-35129\" alt=\"\" srcset=\"https:\/\/topa.be\/wp-content\/uploads\/St-MichielsPetruskerk-Luchtfoto.jpg 244w, https:\/\/topa.be\/wp-content\/uploads\/St-MichielsPetruskerk-Luchtfoto-200x139.jpg 200w\" sizes=\"(max-width: 244px) 100vw, 244px\" \/>\t\t\t\t\t\t\t\t<\/a>\n\t\t\t\t\t\t\t\t\t\t\t\t\t\t\t<\/div>\n\t\t\t\t<\/div>\n\t\t\t\t\t<\/div>\n\t\t<\/div>\n\t\t\t\t\t<\/div>\n\t\t<\/section>\n\t\t\t\t<section class=\"elementor-section elementor-top-section elementor-element elementor-element-f1bf7d4 elementor-section-boxed elementor-section-height-default elementor-section-height-default\" data-id=\"f1bf7d4\" data-element_type=\"section\" data-e-type=\"section\">\n\t\t\t\t\t\t<div class=\"elementor-container elementor-column-gap-default\">\n\t\t\t\t\t<div class=\"elementor-column elementor-col-66 elementor-top-column elementor-element elementor-element-506ebf9\" data-id=\"506ebf9\" data-element_type=\"column\" data-e-type=\"column\">\n\t\t\t<div class=\"elementor-widget-wrap elementor-element-populated\">\n\t\t\t\t\t\t<div class=\"elementor-element elementor-element-bf42107 elementor-widget elementor-widget-text-editor\" data-id=\"bf42107\" data-element_type=\"widget\" data-e-type=\"widget\" data-widget_type=\"text-editor.default\">\n\t\t\t\t<div class=\"elementor-widget-container\">\n\t\t\t\t\t\t\t\t\t<div class=\"wpb_column vc_column_container vc_col-sm-8\">\n<div class=\"vc_column-inner\">\n<div class=\"wpb_wrapper\">\n<div class=\"wpb_text_column wpb_content_element \">\n<div class=\"wpb_wrapper\">\n<h3 style=\"text-align: justify;\">Beschreibung<\/h3>\n<p style=\"text-align: justify;\"><em><strong>\u00c4u\u00dfere Architektur<\/strong><\/em><\/p>\n<p style=\"text-align: justify;\">Die Westfassade, die Frontfassade, ist haupts\u00e4chlich mit romanischen Stilelementen verziert. Insbesondere der typische romanische Rundbogen wird h\u00e4ufig verwendet. Das reich mit Reliefs verzierte Tympanon zeigt den thronenden Christus, der das Buch des Lebens in seiner linken Hand h\u00e4lt und von den Figuren der vier Evangelisten umgeben ist.<\/p>\n<p style=\"text-align: justify;\">Die R\u00fcckfassade wird vom Hochchor mit Apsis und den vier kleineren Apsiden, die das Querschiff flankieren, dominiert.<\/p>\n<p style=\"text-align: justify;\">Der quadratische Glockenturm, 70 Meter hoch, ist gr\u00f6\u00dftenteils aus rotem Backstein gebaut und hat romanische Rundbogenfenster. Ab dem f\u00fcnften Stockwerk nimmt der Turm ein anmutigeres Aussehen an. Die von S\u00e4ulen umgebene Glockengalerie aus wei\u00dfem Stein, mit einer Evangelistenfigur an jeder Ecke, erinnert an venezianische Campanile. Die runde Kolonnade dar\u00fcber wird von einem gro\u00dfen geschuppten Kiefernzapfen gekr\u00f6nt.<\/p>\n<p style=\"text-align: justify;\"><em><strong>Innenarchitektur<\/strong><\/em><\/p>\n<p style=\"text-align: justify;\">Wie in den alten Basiliken sind das Mittelschiff und das Querschiff hoch, w\u00e4hrend die Seitenschiffe, die durch eine Reihe von S\u00e4ulen vom Mittelschiff getrennt sind, auf etwa der halben H\u00f6he des Mittelschiffs gehalten wurden.<\/p>\n<p style=\"text-align: justify;\">Im Querschiff, das die gleiche H\u00f6he wie das Mittelschiff hat, wurde die Vierung h\u00f6her verl\u00e4ngert. Dadurch war es m\u00f6glich, 12 zus\u00e4tzliche Fenster zu installieren.<\/p>\n<p style=\"text-align: justify;\">Nicht nur das reichlich vorhandene Tageslicht, sondern auch dessen Spiel auf den goldenen Mosaiken, besonders \u00fcber dem Hochaltar, tragen zu einer hellen Atmosph\u00e4re bei. Symbolisch bezieht sich dies auf den Text im Lebensbuch Christi in der Apsis: &#8222;Ego sum Lux mundi&#8220; (Ich bin das Licht der Welt).<\/p>\n<p style=\"text-align: justify;\"><em><strong>Mosaike<\/strong><\/em><\/p>\n<p style=\"text-align: justify;\">Die Mosaike dieser Kirche wurden von den byzantinischen Beispielen aus dem 11. und 12. Jahrhundert in den Kirchen von Rom, Sizilien und Venedig inspiriert. Sie finden sich hier an architektonischen Elementen wie den Apsiden, den Kuppelgew\u00f6lben, den Bogenfeldern und den langen durchgehenden Friesen sowie an Kirchenm\u00f6beln wie: Hochaltar, Kommunionbank mit Ambo, Chorgest\u00fchl, Kanzel und Beichtst\u00fchlen. Die Cosmate-Arbeit, eine Technik, die auf die italienische K\u00fcnstlerfamilie Cosma zur\u00fcckgeht, besteht aus dem Einlegen von ausgeschnittenen farbigen Marmorst\u00fccken, die nach einem bestimmten geometrischen Muster zusammengef\u00fcgt wurden. Es wurde auf dem Boden des Kirchenschiffs und des Hochchors verwendet.<\/p>\n<\/div>\n<\/div>\n<\/div>\n<\/div>\n<\/div>\n\t\t\t\t\t\t\t\t<\/div>\n\t\t\t\t<\/div>\n\t\t\t\t\t<\/div>\n\t\t<\/div>\n\t\t\t\t<div class=\"elementor-column elementor-col-33 elementor-top-column elementor-element elementor-element-fdfa66b\" data-id=\"fdfa66b\" data-element_type=\"column\" data-e-type=\"column\">\n\t\t\t<div class=\"elementor-widget-wrap elementor-element-populated\">\n\t\t\t\t\t\t<div class=\"elementor-element elementor-element-0e658b4 elementor-widget elementor-widget-image\" data-id=\"0e658b4\" data-element_type=\"widget\" data-e-type=\"widget\" data-widget_type=\"image.default\">\n\t\t\t\t<div class=\"elementor-widget-container\">\n\t\t\t\t\t\t\t\t\t\t\t\t<figure class=\"wp-caption\">\n\t\t\t\t\t\t\t\t\t\t\t<a href=\"http:\/\/topa.be\/wp-content\/uploads\/St-MichielPetruskerk-Tympaanmozaiek.jpg\" data-elementor-open-lightbox=\"yes\" data-elementor-lightbox-title=\"St-Michiel&amp;Petruskerk - Tympaanmoza\u00efek\" data-elementor-lightbox-description=\"St. Michael und Peter Kirche, Antwerpen - Mosaik auf dem Tympanon\" data-e-action-hash=\"#elementor-action%3Aaction%3Dlightbox%26settings%3DeyJpZCI6MzUxNDEsInVybCI6Imh0dHBzOlwvXC90b3BhLmJlXC93cC1jb250ZW50XC91cGxvYWRzXC9TdC1NaWNoaWVsUGV0cnVza2Vyay1UeW1wYWFubW96YWllay5qcGcifQ%3D%3D\">\n\t\t\t\t\t\t\t<img decoding=\"async\" width=\"244\" height=\"161\" src=\"https:\/\/topa.be\/wp-content\/uploads\/St-MichielPetruskerk-Tympaanmozaiek.jpg\" class=\"attachment-large size-large wp-image-35141\" alt=\"\" srcset=\"https:\/\/topa.be\/wp-content\/uploads\/St-MichielPetruskerk-Tympaanmozaiek.jpg 244w, https:\/\/topa.be\/wp-content\/uploads\/St-MichielPetruskerk-Tympaanmozaiek-200x132.jpg 200w\" sizes=\"(max-width: 244px) 100vw, 244px\" \/>\t\t\t\t\t\t\t\t<\/a>\n\t\t\t\t\t\t\t\t\t\t\t<figcaption class=\"widget-image-caption wp-caption-text\">St. Michael und Peter Kirche, Antwerpen - Mosaik auf dem Tympanon<\/figcaption>\n\t\t\t\t\t\t\t\t\t\t<\/figure>\n\t\t\t\t\t\t\t\t\t<\/div>\n\t\t\t\t<\/div>\n\t\t\t\t\t<\/div>\n\t\t<\/div>\n\t\t\t\t\t<\/div>\n\t\t<\/section>\n\t\t\t\t<section class=\"elementor-section elementor-top-section elementor-element elementor-element-c5542c0 elementor-section-boxed elementor-section-height-default elementor-section-height-default\" data-id=\"c5542c0\" data-element_type=\"section\" data-e-type=\"section\">\n\t\t\t\t\t\t<div class=\"elementor-container elementor-column-gap-default\">\n\t\t\t\t\t<div class=\"elementor-column elementor-col-66 elementor-top-column elementor-element elementor-element-aa0319a\" data-id=\"aa0319a\" data-element_type=\"column\" data-e-type=\"column\">\n\t\t\t<div class=\"elementor-widget-wrap elementor-element-populated\">\n\t\t\t\t\t\t<div class=\"elementor-element elementor-element-53fa422 elementor-widget elementor-widget-text-editor\" data-id=\"53fa422\" data-element_type=\"widget\" data-e-type=\"widget\" data-widget_type=\"text-editor.default\">\n\t\t\t\t<div class=\"elementor-widget-container\">\n\t\t\t\t\t\t\t\t\t<div class=\"wpb_column vc_column_container vc_col-sm-8\">\n<div class=\"vc_column-inner\">\n<div class=\"wpb_wrapper\">\n<div class=\"wpb_text_column wpb_content_element \">\n<div class=\"wpb_wrapper\">\n<p style=\"text-align: justify;\"><em><strong>Kirche M\u00f6bel<\/strong><\/em><\/p>\n<p style=\"text-align: justify;\">Der Hauptaltar ist der Mittelpunkt der Kirche mit seiner Struktur und der vielfarbigen Dekoration. F\u00fcnf Stufen aus ge\u00e4dertem Carrara-Marmor f\u00fchren zum Altar, der von einem Ziborium aus wei\u00dfem Carrara-Marmor \u00fcberragt wird. Dieser Baldachin ruht auf vier S\u00e4ulen aus ge\u00e4dertem gr\u00fcnem Marmor. Die Tabernakelt\u00fcr mit dem Mystischen Lamm in der Mitte wurde von dem Antwerpener Goldschmied J. Junes reich mit Juwelen und Bergkristall verziert. Er machte auch das byzantinische Kreuz \u00fcber dem Altar mit den Symbolen der Evangelisten in Emaille.<\/p>\n<p style=\"text-align: justify;\">Die Kanzel (1905) ist haupts\u00e4chlich aus wei\u00dfem Marmor gefertigt und enth\u00e4lt eine Vielzahl von kostbaren Marmor- und Mosaiksteinen. Die beiden aufrechten L\u00f6wen an der Vorderseite sind aus t\u00fcrkisblauem Marmor und die S\u00e4ulen darauf aus gr\u00fcnem Marmor.<\/p>\n<p style=\"text-align: justify;\">Die sechs Beichtst\u00fchle aus wei\u00dfem Marmor sind in die Wand eingebaut. Sie sind mit Bronzet\u00fcren verschlossen und werden von zwei verschiedenfarbigen Granits\u00e4ulen flankiert. \u00dcber den Beichtst\u00fchlen wird in einem Blumendekor eine Figur dargestellt, die mit dem Beichtstuhl in Verbindung steht: Die Arche Noah und der Gute Hirte stehen f\u00fcr die Erl\u00f6sung, der weinende Petrus f\u00fcr die Reue und der Ph\u00f6nix f\u00fcr die Wiedergeburt.<\/p>\n<p style=\"text-align: justify;\">Die vierzehn kupfernen Stationen des Kreuzweges (1903) sind das Werk des Graveurs Mauquoy nach den Karikaturen des Antwerpener K\u00fcnstlers Hendrik Redig.<\/p>\n<\/div>\n<\/div>\n<\/div>\n<\/div>\n<\/div>\n\t\t\t\t\t\t\t\t<\/div>\n\t\t\t\t<\/div>\n\t\t\t\t\t<\/div>\n\t\t<\/div>\n\t\t\t\t<div class=\"elementor-column elementor-col-33 elementor-top-column elementor-element elementor-element-d020137\" data-id=\"d020137\" data-element_type=\"column\" data-e-type=\"column\">\n\t\t\t<div class=\"elementor-widget-wrap elementor-element-populated\">\n\t\t\t\t\t\t<div class=\"elementor-element elementor-element-02dc82f elementor-widget elementor-widget-image\" data-id=\"02dc82f\" data-element_type=\"widget\" data-e-type=\"widget\" data-widget_type=\"image.default\">\n\t\t\t\t<div class=\"elementor-widget-container\">\n\t\t\t\t\t\t\t\t\t\t\t\t<figure class=\"wp-caption\">\n\t\t\t\t\t\t\t\t\t\t\t<a href=\"http:\/\/topa.be\/wp-content\/uploads\/ST-MichielPetruskerk-Preekstoel.jpg\" data-elementor-open-lightbox=\"yes\" data-elementor-lightbox-title=\"ST-Michiel&amp;Petruskerk - Preekstoel\" data-elementor-lightbox-description=\"St. Michael und Peter Kirche, Antwerpen - die Marmorkanzel\" data-e-action-hash=\"#elementor-action%3Aaction%3Dlightbox%26settings%3DeyJpZCI6MzUxNTMsInVybCI6Imh0dHBzOlwvXC90b3BhLmJlXC93cC1jb250ZW50XC91cGxvYWRzXC9TVC1NaWNoaWVsUGV0cnVza2Vyay1QcmVla3N0b2VsLmpwZyJ9\">\n\t\t\t\t\t\t\t<img decoding=\"async\" width=\"244\" height=\"198\" src=\"https:\/\/topa.be\/wp-content\/uploads\/ST-MichielPetruskerk-Preekstoel.jpg\" class=\"attachment-large size-large wp-image-35153\" alt=\"\" srcset=\"https:\/\/topa.be\/wp-content\/uploads\/ST-MichielPetruskerk-Preekstoel.jpg 244w, https:\/\/topa.be\/wp-content\/uploads\/ST-MichielPetruskerk-Preekstoel-200x162.jpg 200w\" sizes=\"(max-width: 244px) 100vw, 244px\" \/>\t\t\t\t\t\t\t\t<\/a>\n\t\t\t\t\t\t\t\t\t\t\t<figcaption class=\"widget-image-caption wp-caption-text\">St. Michael und Peter Kirche, Antwerpen - die Marmorkanzel<\/figcaption>\n\t\t\t\t\t\t\t\t\t\t<\/figure>\n\t\t\t\t\t\t\t\t\t<\/div>\n\t\t\t\t<\/div>\n\t\t\t\t\t<\/div>\n\t\t<\/div>\n\t\t\t\t\t<\/div>\n\t\t<\/section>\n\t\t\t\t<\/div>\n\t\t","protected":false},"excerpt":{"rendered":"<p>Sankt Michael und Peter Kirche Kirche in Kurze Geschichte Die erste Kirche in Antwerpen, gegr\u00fcndet vom Heiligen Amandus im 7. Jahrhundert, war den Heiligen Petrus und Paulus geweiht. Nach der normannischen Invasion wurde sie durch eine neue Pfarrkirche ersetzt, die den Erzengel Michael als Schutzpatron hat. Im Jahr 1124 hat der Heilige Norbert dieser Kirche [&hellip;]<\/p>\n","protected":false},"author":16,"featured_media":0,"parent":38844,"menu_order":120,"comment_status":"closed","ping_status":"closed","template":"","meta":{"footnotes":""},"class_list":["post-46423","page","type-page","status-publish","hentry"],"aioseo_notices":[],"_links":{"self":[{"href":"https:\/\/topa.be\/de\/wp-json\/wp\/v2\/pages\/46423","targetHints":{"allow":["GET"]}}],"collection":[{"href":"https:\/\/topa.be\/de\/wp-json\/wp\/v2\/pages"}],"about":[{"href":"https:\/\/topa.be\/de\/wp-json\/wp\/v2\/types\/page"}],"author":[{"embeddable":true,"href":"https:\/\/topa.be\/de\/wp-json\/wp\/v2\/users\/16"}],"replies":[{"embeddable":true,"href":"https:\/\/topa.be\/de\/wp-json\/wp\/v2\/comments?post=46423"}],"version-history":[{"count":1,"href":"https:\/\/topa.be\/de\/wp-json\/wp\/v2\/pages\/46423\/revisions"}],"predecessor-version":[{"id":46424,"href":"https:\/\/topa.be\/de\/wp-json\/wp\/v2\/pages\/46423\/revisions\/46424"}],"up":[{"embeddable":true,"href":"https:\/\/topa.be\/de\/wp-json\/wp\/v2\/pages\/38844"}],"wp:attachment":[{"href":"https:\/\/topa.be\/de\/wp-json\/wp\/v2\/media?parent=46423"}],"curies":[{"name":"wp","href":"https:\/\/api.w.org\/{rel}","templated":true}]}}