{"id":46412,"date":"2021-07-21T11:50:56","date_gmt":"2021-07-21T09:50:56","guid":{"rendered":"http:\/\/topa.be\/monumentale-kerken\/sint-laurentius\/sl-kirche-in-kuerze\/"},"modified":"2021-12-24T17:31:05","modified_gmt":"2021-12-24T16:31:05","slug":"kennismaking","status":"publish","type":"page","link":"https:\/\/topa.be\/de\/monumentale-kerken\/sint-laurentius\/kennismaking\/","title":{"rendered":"SL Kirche in Kurze"},"content":{"rendered":"\t\t<div data-elementor-type=\"wp-page\" data-elementor-id=\"46412\" class=\"elementor elementor-46412 elementor-34029\" data-elementor-post-type=\"page\">\n\t\t\t\t\t\t<section class=\"elementor-section elementor-top-section elementor-element elementor-element-1719ffb elementor-section-boxed elementor-section-height-default elementor-section-height-default\" data-id=\"1719ffb\" data-element_type=\"section\" data-e-type=\"section\">\n\t\t\t\t\t\t<div class=\"elementor-container elementor-column-gap-default\">\n\t\t\t\t\t<div class=\"elementor-column elementor-col-100 elementor-top-column elementor-element elementor-element-05a36d2\" data-id=\"05a36d2\" data-element_type=\"column\" data-e-type=\"column\">\n\t\t\t<div class=\"elementor-widget-wrap elementor-element-populated\">\n\t\t\t\t\t\t<div class=\"elementor-element elementor-element-233b346 elementor-widget elementor-widget-heading\" data-id=\"233b346\" data-element_type=\"widget\" data-e-type=\"widget\" data-widget_type=\"heading.default\">\n\t\t\t\t<div class=\"elementor-widget-container\">\n\t\t\t\t\t<h1 class=\"elementor-heading-title elementor-size-default\"> Sankt Lorenz Kirche<\/h1>\t\t\t\t<\/div>\n\t\t\t\t<\/div>\n\t\t\t\t\t<\/div>\n\t\t<\/div>\n\t\t\t\t\t<\/div>\n\t\t<\/section>\n\t\t\t\t<section class=\"elementor-section elementor-top-section elementor-element elementor-element-4395ecc elementor-section-boxed elementor-section-height-default elementor-section-height-default\" data-id=\"4395ecc\" data-element_type=\"section\" data-e-type=\"section\">\n\t\t\t\t\t\t<div class=\"elementor-container elementor-column-gap-default\">\n\t\t\t\t\t<div class=\"elementor-column elementor-col-100 elementor-top-column elementor-element elementor-element-bc0727b\" data-id=\"bc0727b\" data-element_type=\"column\" data-e-type=\"column\">\n\t\t\t<div class=\"elementor-widget-wrap elementor-element-populated\">\n\t\t\t\t\t\t<div class=\"elementor-element elementor-element-a2605cb elementor-widget elementor-widget-heading\" data-id=\"a2605cb\" data-element_type=\"widget\" data-e-type=\"widget\" data-widget_type=\"heading.default\">\n\t\t\t\t<div class=\"elementor-widget-container\">\n\t\t\t\t\t<h2 class=\"elementor-heading-title elementor-size-default\">Kirche in Kurze<\/h2>\t\t\t\t<\/div>\n\t\t\t\t<\/div>\n\t\t\t\t\t<\/div>\n\t\t<\/div>\n\t\t\t\t\t<\/div>\n\t\t<\/section>\n\t\t\t\t<section class=\"elementor-section elementor-top-section elementor-element elementor-element-570f9e9 elementor-section-boxed elementor-section-height-default elementor-section-height-default\" data-id=\"570f9e9\" data-element_type=\"section\" data-e-type=\"section\">\n\t\t\t\t\t\t<div class=\"elementor-container elementor-column-gap-default\">\n\t\t\t\t\t<div class=\"elementor-column elementor-col-66 elementor-top-column elementor-element elementor-element-6e7a2b3\" data-id=\"6e7a2b3\" data-element_type=\"column\" data-e-type=\"column\">\n\t\t\t<div class=\"elementor-widget-wrap elementor-element-populated\">\n\t\t\t\t\t\t<div class=\"elementor-element elementor-element-6b5e164 elementor-widget elementor-widget-text-editor\" data-id=\"6b5e164\" data-element_type=\"widget\" data-e-type=\"widget\" data-widget_type=\"text-editor.default\">\n\t\t\t\t<div class=\"elementor-widget-container\">\n\t\t\t\t\t\t\t\t\t<div class=\"wpb_text_column wpb_content_element \">\n<div class=\"wpb_wrapper\">\n<p style=\"text-align: justify;\">Die Pfarrei St. Lorenz war die erste Pfarrei, die 1659 au\u00dferhalb der Stadtmauern gegr\u00fcndet wurde.<\/p>\n<p style=\"text-align: justify;\">Die heutige Kirche, bereits die vierte in der Reihe, ist ein bemerkenswertes Zwischenkriegsdenkmal im neobyzantinischen Stil mit Art-D\u00e9co-Elementen. Sie wurde 1934 eingeweiht.<\/p>\n<p style=\"text-align: justify;\">Das zentrale Geb\u00e4ude mit einer gro\u00dfen Kuppel und einem robusten Turm (65 m) sticht in der Landschaft hervor. Der Turm und das Baptisterium begrenzen das Atrium vor dem Haupteingang.<\/p>\n<p style=\"text-align: justify;\">Der Architekt J. Huygh geht von einem Gesamtkonzept f\u00fcr das Geb\u00e4ude und seine Einrichtung aus. Dazu greift er auf verschiedene zeitgen\u00f6ssische K\u00fcnstler zur\u00fcck. Architektur, Dekoration und M\u00f6bel wurden explizit auf der Grundlage einer reichen Symbolik aus der Pilgerbewegung entworfen.<\/p>\n<p style=\"text-align: justify;\">Der Hochaltar (A. Bressers) ist in der Mitte platziert, so wie Christus die zentrale Figur in der Kirche ist. Die vier gro\u00dfen Doppels\u00e4ulen, die die gro\u00dfe Kuppel st\u00fctzen, tragen ebenfalls majest\u00e4tische Stierstatuen, an deren Spitze die allegorische Darstellung der vier Evangelisten (Rik Sauter) steht.<\/p>\n<p style=\"text-align: justify;\">Die 12 kleineren, roten Marmors\u00e4ulen stellen die zw\u00f6lf Apostel dar und st\u00fctzen die runde Galerie.<\/p>\n<p style=\"text-align: justify;\">Der gro\u00dfe, runde Kronleuchter (R. Haan) mit seinen 72 Lampen, erinnert an die 72 J\u00fcnger Christi. Die Darstellung des Pelikans kommt sowohl in Stein als auch in Bronze als Symbol der Liebe Christi immer wieder vor.<\/p>\n<p style=\"text-align: justify;\">Die Orgel, gebaut von B. Pels und gespielt von Flor Peeters im Jahr 1935, schm\u00fcckt noch immer die Feierlichkeiten und wird regelm\u00e4\u00dfig f\u00fcr Konzerte genutzt.<\/p>\n<p style=\"text-align: justify;\">Die farbenfrohen Mosaike (J. Collette) und die au\u00dfergew\u00f6hnlichen Buntglasfenster (J. Collette-Fr.Slijpen) wurden in den 1950er Jahren eingebaut. Als die Taufkapelle in eine Wochenkapelle umgewandelt wurde, wurden 1975 zwei Buntglasfenster von J. Huet eingebaut. Im Jahr 2009 werden schlie\u00dflich 2 weitere moderne Glasfenster und die Verbindungst\u00fcr zur Kirche von Joost Caen fertiggestellt.<\/p>\n<\/div>\n<\/div>\n\t\t\t\t\t\t\t\t<\/div>\n\t\t\t\t<\/div>\n\t\t\t\t\t<\/div>\n\t\t<\/div>\n\t\t\t\t<div class=\"elementor-column elementor-col-33 elementor-top-column elementor-element elementor-element-25f2943\" data-id=\"25f2943\" data-element_type=\"column\" data-e-type=\"column\">\n\t\t\t<div class=\"elementor-widget-wrap elementor-element-populated\">\n\t\t\t\t\t\t<div class=\"elementor-element elementor-element-b4f84e6 elementor-widget elementor-widget-image\" data-id=\"b4f84e6\" data-element_type=\"widget\" data-e-type=\"widget\" data-widget_type=\"image.default\">\n\t\t\t\t<div class=\"elementor-widget-container\">\n\t\t\t\t\t\t\t\t\t\t\t\t\t\t\t\t<a href=\"http:\/\/topa.be\/wp-content\/uploads\/image002.jpg\" data-elementor-open-lightbox=\"yes\" data-elementor-lightbox-title=\"Sint-Lurentius 2\" data-e-action-hash=\"#elementor-action%3Aaction%3Dlightbox%26settings%3DeyJpZCI6MjIwODUsInVybCI6Imh0dHBzOlwvXC90b3BhLmJlXC93cC1jb250ZW50XC91cGxvYWRzXC9pbWFnZTAwMi5qcGcifQ%3D%3D\">\n\t\t\t\t\t\t\t<img fetchpriority=\"high\" decoding=\"async\" width=\"557\" height=\"745\" src=\"https:\/\/topa.be\/wp-content\/uploads\/image002.jpg\" class=\"attachment-large size-large wp-image-22085\" alt=\"\" srcset=\"https:\/\/topa.be\/wp-content\/uploads\/image002.jpg 557w, https:\/\/topa.be\/wp-content\/uploads\/image002-224x300.jpg 224w, https:\/\/topa.be\/wp-content\/uploads\/image002-150x200.jpg 150w\" sizes=\"(max-width: 557px) 100vw, 557px\" \/>\t\t\t\t\t\t\t\t<\/a>\n\t\t\t\t\t\t\t\t\t\t\t\t\t\t\t<\/div>\n\t\t\t\t<\/div>\n\t\t\t\t<div class=\"elementor-element elementor-element-8a30f1d elementor-widget elementor-widget-image\" data-id=\"8a30f1d\" data-element_type=\"widget\" data-e-type=\"widget\" data-widget_type=\"image.default\">\n\t\t\t\t<div class=\"elementor-widget-container\">\n\t\t\t\t\t\t\t\t\t\t\t\t\t\t\t\t<a href=\"http:\/\/topa.be\/wp-content\/uploads\/image004.jpg\" data-elementor-open-lightbox=\"yes\" data-elementor-lightbox-title=\"Sint-Laurentius 4\" data-e-action-hash=\"#elementor-action%3Aaction%3Dlightbox%26settings%3DeyJpZCI6MjIwOTcsInVybCI6Imh0dHBzOlwvXC90b3BhLmJlXC93cC1jb250ZW50XC91cGxvYWRzXC9pbWFnZTAwNC5qcGcifQ%3D%3D\">\n\t\t\t\t\t\t\t<img decoding=\"async\" width=\"640\" height=\"480\" src=\"https:\/\/topa.be\/wp-content\/uploads\/image004.jpg\" class=\"attachment-large size-large wp-image-22097\" alt=\"\" srcset=\"https:\/\/topa.be\/wp-content\/uploads\/image004.jpg 640w, https:\/\/topa.be\/wp-content\/uploads\/image004-300x225.jpg 300w, https:\/\/topa.be\/wp-content\/uploads\/image004-200x150.jpg 200w\" sizes=\"(max-width: 640px) 100vw, 640px\" \/>\t\t\t\t\t\t\t\t<\/a>\n\t\t\t\t\t\t\t\t\t\t\t\t\t\t\t<\/div>\n\t\t\t\t<\/div>\n\t\t\t\t\t<\/div>\n\t\t<\/div>\n\t\t\t\t\t<\/div>\n\t\t<\/section>\n\t\t\t\t<\/div>\n\t\t","protected":false},"excerpt":{"rendered":"<p>Sankt Lorenz Kirche Kirche in Kurze Die Pfarrei St. Lorenz war die erste Pfarrei, die 1659 au\u00dferhalb der Stadtmauern gegr\u00fcndet wurde. Die heutige Kirche, bereits die vierte in der Reihe, ist ein bemerkenswertes Zwischenkriegsdenkmal im neobyzantinischen Stil mit Art-D\u00e9co-Elementen. Sie wurde 1934 eingeweiht. Das zentrale Geb\u00e4ude mit einer gro\u00dfen Kuppel und einem robusten Turm (65 [&hellip;]<\/p>\n","protected":false},"author":16,"featured_media":0,"parent":38846,"menu_order":10,"comment_status":"closed","ping_status":"closed","template":"","meta":{"footnotes":""},"class_list":["post-46412","page","type-page","status-publish","hentry"],"aioseo_notices":[],"_links":{"self":[{"href":"https:\/\/topa.be\/de\/wp-json\/wp\/v2\/pages\/46412","targetHints":{"allow":["GET"]}}],"collection":[{"href":"https:\/\/topa.be\/de\/wp-json\/wp\/v2\/pages"}],"about":[{"href":"https:\/\/topa.be\/de\/wp-json\/wp\/v2\/types\/page"}],"author":[{"embeddable":true,"href":"https:\/\/topa.be\/de\/wp-json\/wp\/v2\/users\/16"}],"replies":[{"embeddable":true,"href":"https:\/\/topa.be\/de\/wp-json\/wp\/v2\/comments?post=46412"}],"version-history":[{"count":3,"href":"https:\/\/topa.be\/de\/wp-json\/wp\/v2\/pages\/46412\/revisions"}],"predecessor-version":[{"id":63168,"href":"https:\/\/topa.be\/de\/wp-json\/wp\/v2\/pages\/46412\/revisions\/63168"}],"up":[{"embeddable":true,"href":"https:\/\/topa.be\/de\/wp-json\/wp\/v2\/pages\/38846"}],"wp:attachment":[{"href":"https:\/\/topa.be\/de\/wp-json\/wp\/v2\/media?parent=46412"}],"curies":[{"name":"wp","href":"https:\/\/api.w.org\/{rel}","templated":true}]}}