{"id":41705,"date":"2021-06-22T13:10:41","date_gmt":"2021-06-22T11:10:41","guid":{"rendered":"http:\/\/topa.be\/groepen\/"},"modified":"2025-03-12T17:18:51","modified_gmt":"2025-03-12T16:18:51","slug":"groepen","status":"publish","type":"page","link":"https:\/\/topa.be\/de\/groepen\/","title":{"rendered":"F\u00fchrungen f\u00fcr Gruppen"},"content":{"rendered":"\t\t<div data-elementor-type=\"wp-page\" data-elementor-id=\"41705\" class=\"elementor elementor-41705 elementor-11759\" data-elementor-post-type=\"page\">\n\t\t\t\t\t\t<section class=\"elementor-section elementor-top-section elementor-element elementor-element-59dbca5 elementor-section-boxed elementor-section-height-default elementor-section-height-default\" data-id=\"59dbca5\" data-element_type=\"section\" data-e-type=\"section\">\n\t\t\t\t\t\t<div class=\"elementor-container elementor-column-gap-default\">\n\t\t\t\t\t<div class=\"elementor-column elementor-col-100 elementor-top-column elementor-element elementor-element-6ed7a48\" data-id=\"6ed7a48\" data-element_type=\"column\" data-e-type=\"column\">\n\t\t\t<div class=\"elementor-widget-wrap elementor-element-populated\">\n\t\t\t\t\t\t<div class=\"elementor-element elementor-element-20fe0e2 elementor-widget elementor-widget-heading\" data-id=\"20fe0e2\" data-element_type=\"widget\" data-e-type=\"widget\" data-widget_type=\"heading.default\">\n\t\t\t\t<div class=\"elementor-widget-container\">\n\t\t\t\t\t<h1 class=\"elementor-heading-title elementor-size-default\"> F\u00fchrungen f\u00fcr Gruppen<\/h1>\t\t\t\t<\/div>\n\t\t\t\t<\/div>\n\t\t\t\t\t<\/div>\n\t\t<\/div>\n\t\t\t\t\t<\/div>\n\t\t<\/section>\n\t\t\t\t<section class=\"elementor-section elementor-top-section elementor-element elementor-element-77560bd elementor-section-boxed elementor-section-height-default elementor-section-height-default\" data-id=\"77560bd\" data-element_type=\"section\" data-e-type=\"section\">\n\t\t\t\t\t\t<div class=\"elementor-container elementor-column-gap-default\">\n\t\t\t\t\t<div class=\"elementor-column elementor-col-100 elementor-top-column elementor-element elementor-element-df53be5\" data-id=\"df53be5\" data-element_type=\"column\" data-e-type=\"column\">\n\t\t\t<div class=\"elementor-widget-wrap elementor-element-populated\">\n\t\t\t\t\t\t<section class=\"elementor-section elementor-inner-section elementor-element elementor-element-4594b7d elementor-section-boxed elementor-section-height-default elementor-section-height-default\" data-id=\"4594b7d\" data-element_type=\"section\" data-e-type=\"section\">\n\t\t\t\t\t\t<div class=\"elementor-container elementor-column-gap-default\">\n\t\t\t\t\t<div class=\"elementor-column elementor-col-66 elementor-inner-column elementor-element elementor-element-2538717\" data-id=\"2538717\" data-element_type=\"column\" data-e-type=\"column\">\n\t\t\t<div class=\"elementor-widget-wrap elementor-element-populated\">\n\t\t\t\t\t\t<div class=\"elementor-element elementor-element-df9076c elementor-widget elementor-widget-text-editor\" data-id=\"df9076c\" data-element_type=\"widget\" data-e-type=\"widget\" data-widget_type=\"text-editor.default\">\n\t\t\t\t<div class=\"elementor-widget-container\">\n\t\t\t\t\t\t\t\t\t<div class=\"wpb_text_column wpb_content_element \">\n<div class=\"wpb_wrapper\">\n<p style=\"text-align: justify;\">Es gibt viele M\u00f6glichkeiten, eine Kirche als Gruppe zu besuchen:<\/p>\n<ul style=\"text-align: justify;\">\n<li>Wenn Sie sich f\u00fcr ein Abenteuer entscheiden, erkunden Sie die Kirche auf eigene Faust oder in einer kleineren Gruppe, mit dem Flyer am Eingang als Kompass oder bewaffnet mit einem gr\u00fcndlichen Kunstf\u00fchrer (siehe <a href=\"https:\/\/www.topa.be\/de\/publicaties-2\/\"><strong>Publikationen<\/strong><\/a>).<\/li>\n<li>Als Gruppe mit eigenem F\u00fchrer.<\/li>\n<li>Aber wenn Sie den Wald noch durch die B\u00e4ume sehen und die Sch\u00f6nheit noch intensiver genie\u00dfen m\u00f6chten, k\u00f6nnen Sie unser Angebot an Gruppenreisen nutzen. Ein TOPA-F\u00fcrher nimmt Sie mit auf eine Entdeckungstour. Zu Ihrer eigenen \u00dcberraschung werden Sie oft viel mehr sehen \u2026 als das, was Sie auf den ersten Blick gesehen haben.\n<ul style=\"text-align: justify;\">\n<li>Eine Gruppe besteht in der Regel aus maximal 20 Besuchern, in Ausnahmef\u00e4llen k\u00f6nnen es bis zu 25 sein.<\/li>\n<\/ul>\n<\/li>\n<\/ul>\n<p style=\"text-align: justify;\">.<br \/>\nDie konkreten M\u00f6glichkeiten in den Kirchen von Antwerpen finden Sie \u00fcber folgende Links:<\/p>\n<\/div>\n<\/div>\n\t\t\t\t\t\t\t\t<\/div>\n\t\t\t\t<\/div>\n\t\t\t\t<div class=\"elementor-element elementor-element-1fb5d60 elementor-widget elementor-widget-text-editor\" data-id=\"1fb5d60\" data-element_type=\"widget\" data-e-type=\"widget\" data-widget_type=\"text-editor.default\">\n\t\t\t\t<div class=\"elementor-widget-container\">\n\t\t\t\t\t\t\t\t\t<div class=\"wpb_text_column wpb_content_element \">\n<div class=\"wpb_wrapper\">\n<p style=\"text-align: justify;\"><strong>Die f\u00fcnf Kirchen im Herzen von Antwerpen<\/strong><\/p>\n<p style=\"text-align: justify;\"><a href=\"https:\/\/www.topa.be\/de\/olv-kathedraal\/rondleidingen\/\"><strong>Liebfrauenkathedrale<\/strong><\/a><\/p>\n<p style=\"text-align: justify;\"><a href=\"https:\/\/www.topa.be\/de\/st-andries\/rondleidingen\/\"><strong>Sankt Andreas Kirche<\/strong><\/a><\/p>\n<p style=\"text-align: justify;\"><a href=\"https:\/\/www.topa.be\/de\/sint-carolus-borromeus\/rondleidingen\/\"><strong>Kirche des Heiligen Carolus Borromeo<\/strong><\/a><\/p>\n<p style=\"text-align: justify;\"><a href=\"https:\/\/www.topa.be\/de\/sint-jacob\/rondleidingen\/\"><strong>Sankt Jacobus Kirche<\/strong><\/a><\/p>\n<p style=\"text-align: justify;\"><a href=\"https:\/\/www.topa.be\/de\/sint-pauluskerk\/rondleidingen\/\"><strong>Sankt Paulus Kirche<\/strong><\/a><\/p>\n<\/div>\n<\/div>\n\t\t\t\t\t\t\t\t<\/div>\n\t\t\t\t<\/div>\n\t\t\t\t<div class=\"elementor-element elementor-element-dac1be0 elementor-widget elementor-widget-text-editor\" data-id=\"dac1be0\" data-element_type=\"widget\" data-e-type=\"widget\" data-widget_type=\"text-editor.default\">\n\t\t\t\t<div class=\"elementor-widget-container\">\n\t\t\t\t\t\t\t\t\t<div class=\"wpb_text_column wpb_content_element \">\n<div class=\"wpb_wrapper\">\n<p style=\"text-align: justify;\"><strong>Die anderen monumentalen Kirchen in Antwerpen<\/strong><\/p>\n<p style=\"text-align: justify;\"><strong><a href=\"https:\/\/www.topa.be\/de\/monumentale-kerken\/sint-antonius-van-padua\/\">Sankt Antonius von Padua Kirche<\/a><\/strong><\/p>\n<p style=\"text-align: justify;\"><strong><a href=\"https:\/\/www.topa.be\/de\/monumentale-kerken\/sint-catharina-begijnhof\/\">Sankt Katharinen Kirche, Beginenhof<\/a><\/strong><\/p>\n<p style=\"text-align: justify;\"><strong><a href=\"https:\/\/www.topa.be\/de\/monumentale-kerken\/sint-joris\/\">Sankt Georg Kirche<\/a><\/strong><\/p>\n<p style=\"text-align: justify;\"><strong><a href=\"https:\/\/www.topa.be\/de\/monumentale-kerken\/sint-laurentius\/\">Sankt Laurentius Kirche<\/a><\/strong><\/p>\n<p style=\"text-align: justify;\"><strong><a href=\"https:\/\/www.topa.be\/de\/monumentale-kerken\/sint-norbertus\/\">Sankt Norbert Kirche<\/a><\/strong><\/p>\n<p style=\"text-align: justify;\"><strong><a href=\"https:\/\/www.topa.be\/de\/monumentale-kerken\/sint-willibrordus\/\">Sankt Willibrord Kirche<\/a><\/strong><\/p>\n<p style=\"text-align: justify;\"><strong><a href=\"https:\/\/www.topa.be\/de\/monumentale-kerken\/deurne-sint-fredegandus\/\">Deurne, Sankt Fredegand Kirche<\/a><\/strong><\/p>\n<\/div>\n<\/div>\n\t\t\t\t\t\t\t\t<\/div>\n\t\t\t\t<\/div>\n\t\t\t\t<div class=\"elementor-element elementor-element-df5fd23 elementor-widget elementor-widget-text-editor\" data-id=\"df5fd23\" data-element_type=\"widget\" data-e-type=\"widget\" data-widget_type=\"text-editor.default\">\n\t\t\t\t<div class=\"elementor-widget-container\">\n\t\t\t\t\t\t\t\t\t<div class=\"wpb_text_column wpb_content_element \">\n<div class=\"wpb_wrapper\">\n<h2 style=\"text-align: justify;\">\u201eTouren zwischen T\u00fcrmen\u201c:<br \/>\nVon eine Kirche zur anderen wandern<\/h2>\n<p style=\"text-align: justify;\"><em>Diese Wanderungen sind abh\u00e4ngig von den \u00d6ffnungszeiten der jeweiligen Kirchen, die von Saison zu Saison variieren, und von den Gottesdiensten.<\/em><\/p>\n<p style=\"text-align: justify;\">F\u00fcr alle diese Wanderungen gilt:<br \/>\n<strong>F\u00fchrer\/in<\/strong>: \u20ac 95<br \/>\n<strong>Reservierung<\/strong><strong>: <\/strong>3 Wochen voraus bei <a href=\"mailto:info@dekathedraal.be\">info@dekathedraal.be<\/a><strong>\u00a0oder +32 (0)3 213 99 51<\/strong><\/p>\n<\/div>\n<\/div>\n\t\t\t\t\t\t\t\t<\/div>\n\t\t\t\t<\/div>\n\t\t\t\t<div class=\"elementor-element elementor-element-c6428ea elementor-widget elementor-widget-text-editor\" data-id=\"c6428ea\" data-element_type=\"widget\" data-e-type=\"widget\" data-widget_type=\"text-editor.default\">\n\t\t\t\t<div class=\"elementor-widget-container\">\n\t\t\t\t\t\t\t\t\t<h3 style=\"text-align: justify;\"><span style=\"color: #3366ff;\"><strong>Der Gipfel der Antwerpener Malkunst<\/strong><\/span><\/h3>\n<p style=\"text-align: justify;\">Dank dem \u201eTopstukkendecreet\u201c (Meisterwerkeerlass des fl\u00e4mischen Bundeslandes) wird der Gipfel der Antwerpener Barockmalerei nie\u00a0 unser Grundgebiet verlassen. Stehen Sie Auge in Auge mit 22 denkmalgesch\u00fctzten Antwerpener Meisterwerken in drei monumentalen Kirchen: St. Paulus, Kathedrale und St. Jakob. Entdecken Sie, wer neben Rubens, Van Dyck und Jordaens noch unseren Schutz und Bewunderung verdient.<\/p>\n<p style=\"text-align: justify;\"><strong>Dauer<\/strong>: 1h30 bis 2h<br \/>\n<strong>Preis: \u20ac 10 p. P., Einwohner der Provinz Antwerpen gratis.<\/strong><\/p>\n\t\t\t\t\t\t\t\t<\/div>\n\t\t\t\t<\/div>\n\t\t\t\t<div class=\"elementor-element elementor-element-ab312cb elementor-widget elementor-widget-text-editor\" data-id=\"ab312cb\" data-element_type=\"widget\" data-e-type=\"widget\" data-widget_type=\"text-editor.default\">\n\t\t\t\t<div class=\"elementor-widget-container\">\n\t\t\t\t\t\t\t\t\t<p>&#8230;<\/p>\n\t\t\t\t\t\t\t\t<\/div>\n\t\t\t\t<\/div>\n\t\t\t\t<div class=\"elementor-element elementor-element-c2b7f59 elementor-widget elementor-widget-text-editor\" data-id=\"c2b7f59\" data-element_type=\"widget\" data-e-type=\"widget\" data-widget_type=\"text-editor.default\">\n\t\t\t\t<div class=\"elementor-widget-container\">\n\t\t\t\t\t\t\t\t\t<h2 style=\"text-align: justify;\"><strong>Das Angebot f\u00fcr Gruppen in der Kathedrale<\/strong><\/h2>\n\t\t\t\t\t\t\t\t<\/div>\n\t\t\t\t<\/div>\n\t\t\t\t<div class=\"elementor-element elementor-element-a6a928f elementor-widget elementor-widget-text-editor\" data-id=\"a6a928f\" data-element_type=\"widget\" data-e-type=\"widget\" data-widget_type=\"text-editor.default\">\n\t\t\t\t<div class=\"elementor-widget-container\">\n\t\t\t\t\t\t\t\t\t<h3 style=\"text-align: justify;\"><span style=\"color: #3366ff;\"><strong>Auf Entdeckungstour in der Kathedrale<\/strong><\/span><\/h3>\n<p style=\"text-align: justify;\">Schon seit Jahrhunderten empf\u00e4ngt die Liebfrauenkathedrale Besucher aus aller Herren L\u00e4nder. Die gr\u00f6\u00dfte Kathedrale von Benelux ist nicht nur eine gro\u00dfe Schatzkammer, sondern beherbergt auch eine lebendige Kirchengemeinde. Gerne begleiten wir Sie auf ihrer Spurensuche von Peter Paul Rubens und Dutzender weniger bekannter K\u00fcnstler, die ihre Meisterwerke f\u00fcr Menschen angefertigt haben, die sich zu Hause f\u00fchlen im Haus Gottes.<br \/>\nLassen Sie sich \u00fcberraschen durch die Sch\u00f6nheit und die starken Geschichten, die sich hier verbergen. Der Schein von vielem tr\u00fcgt\u2026<\/p>\n<p style=\"text-align: justify;\"><strong>Dauer: 1h30 bis 2h<\/strong><br \/>\n<strong>Preis: \u20ac 10 p. P., Einwohner der Provinz Antwerpen gratis.<\/strong><\/p>\n\t\t\t\t\t\t\t\t<\/div>\n\t\t\t\t<\/div>\n\t\t\t\t<div class=\"elementor-element elementor-element-4f6aefe elementor-widget elementor-widget-text-editor\" data-id=\"4f6aefe\" data-element_type=\"widget\" data-e-type=\"widget\" data-widget_type=\"text-editor.default\">\n\t\t\t\t<div class=\"elementor-widget-container\">\n\t\t\t\t\t\t\t\t\t<h3 style=\"text-align: justify;\"><span style=\"color: #3366ff;\"><strong>Vom gro\u00dfen Garten zum kleinen Turm<\/strong><\/span><\/h3>\n<p style=\"text-align: justify;\">Ein Garten f\u00fcnf Meter \u00fcber dem Erdgeschoss und mitten im Zentrum Antwerpen\u2026 Lange war dies ein gut bewahrtes Geheimnis. Wie kommt der dorthin und was ist der Zusammenhang zwischen diesem Garten und dem unvollendetem Turm der Kathedrale? Von diesem Turm sehen Sie Antwerpen wie sie die Stadt und die Schelde noch nie gesehen haben. Sie machen auch Bekanntschaft mit einer Anzahl verborgener Orte \u201ehinter den Kulissen\u201c und bewundern das jahrhundertealte Fachwerk der Zimmerm\u00e4nner und Gew\u00f6lbe- und Turmbauer.<\/p>\n<p style=\"text-align: justify;\"><strong>Dauer: 2h<\/strong><br \/>\n<strong>Preis: \u20ac 15 p. P.<\/strong><\/p>\n\t\t\t\t\t\t\t\t<\/div>\n\t\t\t\t<\/div>\n\t\t\t\t<div class=\"elementor-element elementor-element-c02142b elementor-widget elementor-widget-text-editor\" data-id=\"c02142b\" data-element_type=\"widget\" data-e-type=\"widget\" data-widget_type=\"text-editor.default\">\n\t\t\t\t<div class=\"elementor-widget-container\">\n\t\t\t\t\t\t\t\t\t<h3 style=\"text-align: justify;\"><span style=\"color: #3366ff;\"><strong>Unter und \u00fcber den Gew\u00f6lben<\/strong><\/span><\/h3>\n<p style=\"text-align: justify;\">Die Gew\u00f6lbe der Kathedrale formen bereits seit Jahrhunderten ein steinernes Zelt, unter dem eine Vielzahl Kunstwerke Obdach finden.\u00a0 Wir erkunden mit Ihnen einige Meisterwerke und nehmen Sie mit in den Dachboden des Mittelschiffs. Unter den jahrhundertealten Balken erscheint das Gew\u00f6lbe noch spektakul\u00e4rer. Wir erklettern den \u201ekleinen Turm\u201c (der weniger klein ist, als Sie denken), sehen ein einzigartiges Laufrad und genie\u00dfen eine spektakul\u00e4re Aussicht \u00fcber die Stadt und ihren Flu\u00df.<\/p>\n<p style=\"text-align: justify;\"><strong>Dauer: 2h<\/strong><br \/>\n<strong>Preis: \u20ac 15 p. P.<\/strong><\/p>\n\t\t\t\t\t\t\t\t<\/div>\n\t\t\t\t<\/div>\n\t\t\t\t<div class=\"elementor-element elementor-element-6362a4e elementor-widget elementor-widget-text-editor\" data-id=\"6362a4e\" data-element_type=\"widget\" data-e-type=\"widget\" data-widget_type=\"text-editor.default\">\n\t\t\t\t<div class=\"elementor-widget-container\">\n\t\t\t\t\t\t\t\t\t<h3 style=\"text-align: justify;\"><span style=\"color: #3366ff;\"><strong>Bildh\u00fcbsch in 3D<\/strong><\/span><\/h3>\n<p style=\"text-align: justify;\">(von\u00a0<em>Maasl\u00e4ndischer Madonna<\/em>\u00a0bis Fabre, von\u00a0<em>der Frau, die das Kind tr\u00e4gt<\/em>\u00a0bis zum\u00a0<em>Mann, der das Kreuz tr\u00e4gt<\/em>)<\/p>\n<p style=\"text-align: justify;\">Holzschnitzer, Bildhauer und Bronzegie\u00dfer\u2026 Schon Jahrhunderte konfrontieren sie uns mit ihren dreidimensionalen Kunstwerken: r\u00fchrend, verbl\u00fcffend, konfrontierend, intrigierend, nie unverbindlich. Eiche und Stein werden zu Leben erweckt. Wie kalt der Marmor auch ist, er l\u00e4sst Sie nicht kalt. Vielleicht spiegelt die polierte Bronze sogar ein bisschen von ihrem Selbst.<\/p>\n<p style=\"text-align: justify;\"><strong>Dauer: 1h30 bis 2h<\/strong><br \/>\n<strong>Preis: \u20ac 10 p. P., Einwohner der Provinz Antwerpen gratis.<\/strong><\/p>\n\t\t\t\t\t\t\t\t<\/div>\n\t\t\t\t<\/div>\n\t\t\t\t<div class=\"elementor-element elementor-element-5eef3c3 elementor-widget elementor-widget-text-editor\" data-id=\"5eef3c3\" data-element_type=\"widget\" data-e-type=\"widget\" data-widget_type=\"text-editor.default\">\n\t\t\t\t<div class=\"elementor-widget-container\">\n\t\t\t\t\t\t\t\t\t<p>&#8230;<\/p>\n\t\t\t\t\t\t\t\t<\/div>\n\t\t\t\t<\/div>\n\t\t\t\t<div class=\"elementor-element elementor-element-c8d177a elementor-widget elementor-widget-text-editor\" data-id=\"c8d177a\" data-element_type=\"widget\" data-e-type=\"widget\" data-widget_type=\"text-editor.default\">\n\t\t\t\t<div class=\"elementor-widget-container\">\n\t\t\t\t\t\t\t\t\t<p>&#8230;<\/p>\n\t\t\t\t\t\t\t\t<\/div>\n\t\t\t\t<\/div>\n\t\t\t\t<div class=\"elementor-element elementor-element-bb7aa23 elementor-widget elementor-widget-text-editor\" data-id=\"bb7aa23\" data-element_type=\"widget\" data-e-type=\"widget\" data-widget_type=\"text-editor.default\">\n\t\t\t\t<div class=\"elementor-widget-container\">\n\t\t\t\t\t\t\t\t\t<p>&#8230;<\/p>\n\t\t\t\t\t\t\t\t<\/div>\n\t\t\t\t<\/div>\n\t\t\t\t<div class=\"elementor-element elementor-element-a7b8bc2 elementor-widget-divider--separator-type-pattern elementor-widget-divider--view-line elementor-widget elementor-widget-divider\" data-id=\"a7b8bc2\" data-element_type=\"widget\" data-e-type=\"widget\" data-widget_type=\"divider.default\">\n\t\t\t\t<div class=\"elementor-widget-container\">\n\t\t\t\t\t\t\t<div class=\"elementor-divider\" style=\"--divider-pattern-url: url(&quot;data:image\/svg+xml,%3Csvg xmlns=&#039;http:\/\/www.w3.org\/2000\/svg&#039; preserveAspectRatio=&#039;none&#039; overflow=&#039;visible&#039; height=&#039;100%&#039; viewBox=&#039;0 0 24 24&#039; fill=&#039;none&#039; stroke=&#039;black&#039; stroke-width=&#039;1&#039; stroke-linecap=&#039;square&#039; stroke-miterlimit=&#039;10&#039;%3E%3Cpath d=&#039;M0,21c3.3,0,8.3-0.9,15.7-7.1c6.6-5.4,4.4-9.3,2.4-10.3c-3.4-1.8-7.7,1.3-7.3,8.8C11.2,20,17.1,21,24,21&#039;\/%3E%3C\/svg%3E&quot;);\">\n\t\t\t<span class=\"elementor-divider-separator\">\n\t\t\t\t\t\t<\/span>\n\t\t<\/div>\n\t\t\t\t\t\t<\/div>\n\t\t\t\t<\/div>\n\t\t\t\t<div class=\"elementor-element elementor-element-ac4cfb6 elementor-widget elementor-widget-text-editor\" data-id=\"ac4cfb6\" data-element_type=\"widget\" data-e-type=\"widget\" data-widget_type=\"text-editor.default\">\n\t\t\t\t<div class=\"elementor-widget-container\">\n\t\t\t\t\t\t\t\t\t<p style=\"text-align: justify;\">&#8211;<\/p>\n\t\t\t\t\t\t\t\t<\/div>\n\t\t\t\t<\/div>\n\t\t\t\t\t<\/div>\n\t\t<\/div>\n\t\t\t\t<div class=\"elementor-column elementor-col-33 elementor-inner-column elementor-element elementor-element-801725c\" data-id=\"801725c\" data-element_type=\"column\" data-e-type=\"column\">\n\t\t\t<div class=\"elementor-widget-wrap elementor-element-populated\">\n\t\t\t\t\t\t<div class=\"elementor-element elementor-element-8361e10 elementor-widget elementor-widget-image\" data-id=\"8361e10\" data-element_type=\"widget\" data-e-type=\"widget\" data-widget_type=\"image.default\">\n\t\t\t\t<div class=\"elementor-widget-container\">\n\t\t\t\t\t\t\t\t\t\t\t\t\t\t\t<img fetchpriority=\"high\" decoding=\"async\" width=\"768\" height=\"767\" src=\"https:\/\/topa.be\/wp-content\/uploads\/Tegel-groepen-768x767.jpg\" class=\"attachment-medium_large size-medium_large wp-image-37029\" alt=\"\" srcset=\"https:\/\/topa.be\/wp-content\/uploads\/Tegel-groepen-768x767.jpg 768w, https:\/\/topa.be\/wp-content\/uploads\/Tegel-groepen-300x300.jpg 300w, https:\/\/topa.be\/wp-content\/uploads\/Tegel-groepen-200x200.jpg 200w, https:\/\/topa.be\/wp-content\/uploads\/Tegel-groepen.jpg 1024w\" sizes=\"(max-width: 768px) 100vw, 768px\" \/>\t\t\t\t\t\t\t\t\t\t\t\t\t\t\t<\/div>\n\t\t\t\t<\/div>\n\t\t\t\t<div class=\"elementor-element elementor-element-dcb6cb3 elementor-widget elementor-widget-text-editor\" data-id=\"dcb6cb3\" data-element_type=\"widget\" data-e-type=\"widget\" data-widget_type=\"text-editor.default\">\n\t\t\t\t<div class=\"elementor-widget-container\">\n\t\t\t\t\t\t\t\t\t<h4 style=\"text-align: justify;\">Was wir Ihnen bieten:<\/h4>\n\t\t\t\t\t\t\t\t<\/div>\n\t\t\t\t<\/div>\n\t\t\t\t<div class=\"elementor-element elementor-element-73eb60a elementor-nav-menu--dropdown-tablet elementor-nav-menu__text-align-aside elementor-nav-menu--toggle elementor-nav-menu--burger elementor-widget elementor-widget-nav-menu\" data-id=\"73eb60a\" data-element_type=\"widget\" data-e-type=\"widget\" data-settings=\"{&quot;layout&quot;:&quot;vertical&quot;,&quot;submenu_icon&quot;:{&quot;value&quot;:&quot;&lt;i class=\\&quot;fas fa-caret-down\\&quot; aria-hidden=\\&quot;true\\&quot;&gt;&lt;\\\/i&gt;&quot;,&quot;library&quot;:&quot;fa-solid&quot;},&quot;toggle&quot;:&quot;burger&quot;}\" data-widget_type=\"nav-menu.default\">\n\t\t\t\t<div class=\"elementor-widget-container\">\n\t\t\t\t\t\t\t\t<nav aria-label=\"Men\u00fc\" class=\"elementor-nav-menu--main elementor-nav-menu__container elementor-nav-menu--layout-vertical e--pointer-framed e--animation-fade\">\n\t\t\t\t<ul id=\"menu-1-73eb60a\" class=\"elementor-nav-menu sm-vertical\"><li class=\"menu-item menu-item-type-post_type menu-item-object-page menu-item-home menu-item-61191\"><a href=\"https:\/\/topa.be\/de\/\" class=\"elementor-item\">STARTSEITE<\/a><\/li>\n<li class=\"menu-item menu-item-type-post_type menu-item-object-page menu-item-60057\"><a href=\"https:\/\/topa.be\/de\/welkom\/\" class=\"elementor-item\">WILLKOMMEN !<\/a><\/li>\n<li class=\"menu-item menu-item-type-post_type menu-item-object-page menu-item-60058\"><a href=\"https:\/\/topa.be\/de\/praktisch-2\/\" class=\"elementor-item\">PRAKTISCHE INFORMATIONEN<\/a><\/li>\n<li class=\"menu-item menu-item-type-post_type menu-item-object-page menu-item-60059\"><a href=\"https:\/\/topa.be\/de\/individueel\/\" class=\"elementor-item\">F\u00fchrungen f\u00fcr Einzelpersonen<\/a><\/li>\n<li class=\"menu-item menu-item-type-post_type menu-item-object-page menu-item-60060\"><a href=\"https:\/\/topa.be\/de\/groepen\/\" class=\"elementor-item\">F\u00fchrungen f\u00fcr Gruppen<\/a><\/li>\n<li class=\"menu-item menu-item-type-post_type menu-item-object-page menu-item-60128\"><a href=\"https:\/\/topa.be\/de\/erediensten\/\" class=\"elementor-item\">GOTTESDIENSTE<\/a><\/li>\n<li class=\"menu-item menu-item-type-post_type menu-item-object-page menu-item-60129\"><a href=\"https:\/\/topa.be\/de\/monumentale-kerken\/\" class=\"elementor-item\">MONUMENTALE KIRCHEN<\/a><\/li>\n<li class=\"menu-item menu-item-type-custom menu-item-object-custom menu-item-60130\"><a href=\"https:\/\/www.google.com\/maps\/d\/edit?mid=1iZG2PyUpfgUaDqLc-C_n5kGoHu2os6Ku&#038;usp=sharing\" class=\"elementor-item\">Karte zur Hand<\/a><\/li>\n<li class=\"menu-item menu-item-type-post_type menu-item-object-page menu-item-60131\"><a href=\"https:\/\/topa.be\/de\/bezinning\/\" class=\"elementor-item\">REFLEXION<\/a><\/li>\n<\/ul>\t\t\t<\/nav>\n\t\t\t\t\t<div class=\"elementor-menu-toggle\" role=\"button\" tabindex=\"0\" aria-label=\"Men\u00fc Umschalter\" aria-expanded=\"false\">\n\t\t\t<i aria-hidden=\"true\" role=\"presentation\" class=\"elementor-menu-toggle__icon--open eicon-menu-bar\"><\/i><i aria-hidden=\"true\" role=\"presentation\" class=\"elementor-menu-toggle__icon--close eicon-close\"><\/i>\t\t<\/div>\n\t\t\t\t\t<nav class=\"elementor-nav-menu--dropdown elementor-nav-menu__container\" aria-hidden=\"true\">\n\t\t\t\t<ul id=\"menu-2-73eb60a\" class=\"elementor-nav-menu sm-vertical\"><li class=\"menu-item menu-item-type-post_type menu-item-object-page menu-item-home menu-item-61191\"><a href=\"https:\/\/topa.be\/de\/\" class=\"elementor-item\" tabindex=\"-1\">STARTSEITE<\/a><\/li>\n<li class=\"menu-item menu-item-type-post_type menu-item-object-page menu-item-60057\"><a href=\"https:\/\/topa.be\/de\/welkom\/\" class=\"elementor-item\" tabindex=\"-1\">WILLKOMMEN !<\/a><\/li>\n<li class=\"menu-item menu-item-type-post_type menu-item-object-page menu-item-60058\"><a href=\"https:\/\/topa.be\/de\/praktisch-2\/\" class=\"elementor-item\" tabindex=\"-1\">PRAKTISCHE INFORMATIONEN<\/a><\/li>\n<li class=\"menu-item menu-item-type-post_type menu-item-object-page menu-item-60059\"><a href=\"https:\/\/topa.be\/de\/individueel\/\" class=\"elementor-item\" tabindex=\"-1\">F\u00fchrungen f\u00fcr Einzelpersonen<\/a><\/li>\n<li class=\"menu-item menu-item-type-post_type menu-item-object-page menu-item-60060\"><a href=\"https:\/\/topa.be\/de\/groepen\/\" class=\"elementor-item\" tabindex=\"-1\">F\u00fchrungen f\u00fcr Gruppen<\/a><\/li>\n<li class=\"menu-item menu-item-type-post_type menu-item-object-page menu-item-60128\"><a href=\"https:\/\/topa.be\/de\/erediensten\/\" class=\"elementor-item\" tabindex=\"-1\">GOTTESDIENSTE<\/a><\/li>\n<li class=\"menu-item menu-item-type-post_type menu-item-object-page menu-item-60129\"><a href=\"https:\/\/topa.be\/de\/monumentale-kerken\/\" class=\"elementor-item\" tabindex=\"-1\">MONUMENTALE KIRCHEN<\/a><\/li>\n<li class=\"menu-item menu-item-type-custom menu-item-object-custom menu-item-60130\"><a href=\"https:\/\/www.google.com\/maps\/d\/edit?mid=1iZG2PyUpfgUaDqLc-C_n5kGoHu2os6Ku&#038;usp=sharing\" class=\"elementor-item\" tabindex=\"-1\">Karte zur Hand<\/a><\/li>\n<li class=\"menu-item menu-item-type-post_type menu-item-object-page menu-item-60131\"><a href=\"https:\/\/topa.be\/de\/bezinning\/\" class=\"elementor-item\" tabindex=\"-1\">REFLEXION<\/a><\/li>\n<\/ul>\t\t\t<\/nav>\n\t\t\t\t\t\t<\/div>\n\t\t\t\t<\/div>\n\t\t\t\t\t<\/div>\n\t\t<\/div>\n\t\t\t\t\t<\/div>\n\t\t<\/section>\n\t\t\t\t\t<\/div>\n\t\t<\/div>\n\t\t\t\t\t<\/div>\n\t\t<\/section>\n\t\t\t\t<\/div>\n\t\t","protected":false},"excerpt":{"rendered":"<p>F\u00fchrungen f\u00fcr Gruppen Es gibt viele M\u00f6glichkeiten, eine Kirche als Gruppe zu besuchen: Wenn Sie sich f\u00fcr ein Abenteuer entscheiden, erkunden Sie die Kirche auf eigene Faust oder in einer kleineren Gruppe, mit dem Flyer am Eingang als Kompass oder bewaffnet mit einem gr\u00fcndlichen Kunstf\u00fchrer (siehe Publikationen). Als Gruppe mit eigenem F\u00fchrer. Aber wenn Sie [&hellip;]<\/p>\n","protected":false},"author":16,"featured_media":0,"parent":0,"menu_order":40,"comment_status":"closed","ping_status":"closed","template":"","meta":{"footnotes":""},"class_list":["post-41705","page","type-page","status-publish","hentry"],"aioseo_notices":[],"_links":{"self":[{"href":"https:\/\/topa.be\/de\/wp-json\/wp\/v2\/pages\/41705","targetHints":{"allow":["GET"]}}],"collection":[{"href":"https:\/\/topa.be\/de\/wp-json\/wp\/v2\/pages"}],"about":[{"href":"https:\/\/topa.be\/de\/wp-json\/wp\/v2\/types\/page"}],"author":[{"embeddable":true,"href":"https:\/\/topa.be\/de\/wp-json\/wp\/v2\/users\/16"}],"replies":[{"embeddable":true,"href":"https:\/\/topa.be\/de\/wp-json\/wp\/v2\/comments?post=41705"}],"version-history":[{"count":3,"href":"https:\/\/topa.be\/de\/wp-json\/wp\/v2\/pages\/41705\/revisions"}],"predecessor-version":[{"id":71435,"href":"https:\/\/topa.be\/de\/wp-json\/wp\/v2\/pages\/41705\/revisions\/71435"}],"wp:attachment":[{"href":"https:\/\/topa.be\/de\/wp-json\/wp\/v2\/media?parent=41705"}],"curies":[{"name":"wp","href":"https:\/\/api.w.org\/{rel}","templated":true}]}}