{"id":41554,"date":"2021-06-21T13:35:04","date_gmt":"2021-06-21T11:35:04","guid":{"rendered":"http:\/\/topa.be\/individueel\/"},"modified":"2025-03-12T11:32:11","modified_gmt":"2025-03-12T10:32:11","slug":"individueel","status":"publish","type":"page","link":"https:\/\/topa.be\/de\/individueel\/","title":{"rendered":"F\u00fchrungen f\u00fcr Einzelpersonen"},"content":{"rendered":"\t\t<div data-elementor-type=\"wp-page\" data-elementor-id=\"41554\" class=\"elementor elementor-41554 elementor-11757\" data-elementor-post-type=\"page\">\n\t\t\t\t\t\t<section class=\"elementor-section elementor-top-section elementor-element elementor-element-3472d89 elementor-section-boxed elementor-section-height-default elementor-section-height-default\" data-id=\"3472d89\" data-element_type=\"section\" data-e-type=\"section\">\n\t\t\t\t\t\t<div class=\"elementor-container elementor-column-gap-default\">\n\t\t\t\t\t<div class=\"elementor-column elementor-col-100 elementor-top-column elementor-element elementor-element-c8bf0bb\" data-id=\"c8bf0bb\" data-element_type=\"column\" data-e-type=\"column\">\n\t\t\t<div class=\"elementor-widget-wrap elementor-element-populated\">\n\t\t\t\t\t\t<div class=\"elementor-element elementor-element-7a7b590 elementor-widget elementor-widget-heading\" data-id=\"7a7b590\" data-element_type=\"widget\" data-e-type=\"widget\" data-widget_type=\"heading.default\">\n\t\t\t\t<div class=\"elementor-widget-container\">\n\t\t\t\t\t<h1 class=\"elementor-heading-title elementor-size-default\"> F\u00fchrungen f\u00fcr Einzelpersonen<\/h1>\t\t\t\t<\/div>\n\t\t\t\t<\/div>\n\t\t\t\t\t<\/div>\n\t\t<\/div>\n\t\t\t\t\t<\/div>\n\t\t<\/section>\n\t\t\t\t<section class=\"elementor-section elementor-top-section elementor-element elementor-element-4a8639f elementor-section-boxed elementor-section-height-default elementor-section-height-default\" data-id=\"4a8639f\" data-element_type=\"section\" data-e-type=\"section\">\n\t\t\t\t\t\t<div class=\"elementor-container elementor-column-gap-default\">\n\t\t\t\t\t<div class=\"elementor-column elementor-col-100 elementor-top-column elementor-element elementor-element-379ac2f\" data-id=\"379ac2f\" data-element_type=\"column\" data-e-type=\"column\">\n\t\t\t<div class=\"elementor-widget-wrap elementor-element-populated\">\n\t\t\t\t\t\t<section class=\"elementor-section elementor-inner-section elementor-element elementor-element-64a91e3 elementor-section-boxed elementor-section-height-default elementor-section-height-default\" data-id=\"64a91e3\" data-element_type=\"section\" data-e-type=\"section\">\n\t\t\t\t\t\t<div class=\"elementor-container elementor-column-gap-default\">\n\t\t\t\t\t<div class=\"elementor-column elementor-col-66 elementor-inner-column elementor-element elementor-element-901d5f8\" data-id=\"901d5f8\" data-element_type=\"column\" data-e-type=\"column\">\n\t\t\t<div class=\"elementor-widget-wrap elementor-element-populated\">\n\t\t\t\t\t\t<div class=\"elementor-element elementor-element-e965471 elementor-widget elementor-widget-text-editor\" data-id=\"e965471\" data-element_type=\"widget\" data-e-type=\"widget\" data-widget_type=\"text-editor.default\">\n\t\t\t\t<div class=\"elementor-widget-container\">\n\t\t\t\t\t\t\t\t\t<div class=\"wpb_text_column wpb_content_element \"><\/p>\n<div class=\"wpb_wrapper\">\n<p>Wenn Sie sich f\u00fcr ein Abenteuer entscheiden, erkunden Sie die Kirche auf eigene Faust, mit dem Flyer am Eingang als Kompass oder bewaffnet mit einem gr\u00fcndlichen Kunstf\u00fchrer (siehe <a href=\"https:\/\/www.topa.be\/de\/publicaties-2\/\"><strong>Publikationen<\/strong><\/a>).<\/p>\n<p>Aber wenn Sie den Wald noch durch die B\u00e4ume sehen und seine Sch\u00f6nheit intensiver genie\u00dfen m\u00f6chten, k\u00f6nnen Sie unser Angebot an kostenlosen F\u00fchrungen nutzen. Ein TOPA-Guide nimmt Sie unverbindlich mit auf eine Entdeckung. Zu Ihrer eigenen \u00dcberraschung werden Sie oft viel mehr sehen \u2026 als das, was Sie auf den ersten Blick gesehen haben.<\/p>\n<p>Die konkreten M\u00f6glichkeiten in den f\u00fcnf touristischen Kirchen des Antwerpen-Zentrums finden Sie \u00fcber folgende Links:<\/p>\n<p><a href=\"https:\/\/www.topa.be\/de\/olv-kathedraal\/rondleidingen\/\"><strong>Liebfrauenkathedrale<\/strong><\/a><\/p>\n<p><a href=\"https:\/\/www.topa.be\/fr\/st-andries\/rondleidingen\/\"><strong>Sankt Andreas Kirche<\/strong><\/a><\/p>\n<p><a href=\"https:\/\/www.topa.be\/de\/sint-carolus-borromeus\/rondleidingen\/\"><strong>Kirche des Heiligen Carolus Borromeo<\/strong><\/a><\/p>\n<p><a href=\"https:\/\/www.topa.be\/de\/sint-jacob\/rondleidingen\/\"><strong>Sankt Jacobus Kirche<\/strong><\/a><\/p>\n<p><a href=\"https:\/\/www.topa.be\/de\/sint-pauluskerk\/rondleidingen\/\"><strong>Sankt Paulus Kirche<\/strong><\/a><\/p>\n<p style=\"text-align: justify;\">Anl\u00e4sslich des kulturellen Stadtfestivals <strong><em>\u201cAntwerpen Barock 2018. Rubens inspiriert\u201d<\/em><\/strong> hat der Verein vzw Monumentale Kerken Antwerpen in Zusammenarbeit mit Toerismepastoraal Antwerpen einige Aktivit\u00e4ten entwickelt, um Peter Paul Rubens (1577-1640) und das barocke Kulturerbe (wieder-) zu entdecken. Aktivit\u00e4ten, darunter ein Stadtrundgang <strong>\u2018Auf den Spuren von Rubens\u2019,<\/strong> st\u00e4rken seitdem das permanente Angebot der f\u00fcnf monumentalen Kirchen. Alle Informationen sind auf der <strong><a href=\"https:\/\/mkantwerpen.be\/de\/aktivitaeten\/\" target=\"_blank\" rel=\"noopener\">MKA-Website<\/a><\/strong> zu finden.<\/p>\n<\/div>\n<p><\/div>\n\t\t\t\t\t\t\t\t<\/div>\n\t\t\t\t<\/div>\n\t\t\t\t\t<\/div>\n\t\t<\/div>\n\t\t\t\t<div class=\"elementor-column elementor-col-33 elementor-inner-column elementor-element elementor-element-36f9938\" data-id=\"36f9938\" data-element_type=\"column\" data-e-type=\"column\">\n\t\t\t<div class=\"elementor-widget-wrap elementor-element-populated\">\n\t\t\t\t\t\t<div class=\"elementor-element elementor-element-5577b7d elementor-widget elementor-widget-image\" data-id=\"5577b7d\" data-element_type=\"widget\" data-e-type=\"widget\" data-widget_type=\"image.default\">\n\t\t\t\t<div class=\"elementor-widget-container\">\n\t\t\t\t\t\t\t\t\t\t\t\t\t\t\t<img fetchpriority=\"high\" decoding=\"async\" width=\"300\" height=\"300\" src=\"https:\/\/topa.be\/wp-content\/uploads\/3100-Rondleidingen-300x300.jpg\" class=\"attachment-medium size-medium wp-image-12845\" alt=\"\" srcset=\"https:\/\/topa.be\/wp-content\/uploads\/3100-Rondleidingen-300x300.jpg 300w, https:\/\/topa.be\/wp-content\/uploads\/3100-Rondleidingen.jpg 1024w, https:\/\/topa.be\/wp-content\/uploads\/3100-Rondleidingen-200x200.jpg 200w, https:\/\/topa.be\/wp-content\/uploads\/3100-Rondleidingen-768x768.jpg 768w\" sizes=\"(max-width: 300px) 100vw, 300px\" \/>\t\t\t\t\t\t\t\t\t\t\t\t\t\t\t<\/div>\n\t\t\t\t<\/div>\n\t\t\t\t<div class=\"elementor-element elementor-element-2f61c5d elementor-widget elementor-widget-text-editor\" data-id=\"2f61c5d\" data-element_type=\"widget\" data-e-type=\"widget\" data-widget_type=\"text-editor.default\">\n\t\t\t\t<div class=\"elementor-widget-container\">\n\t\t\t\t\t\t\t\t\t<h4><strong>Was wir Ihnen bieten:<\/strong><\/h4>\t\t\t\t\t\t\t\t<\/div>\n\t\t\t\t<\/div>\n\t\t\t\t<div class=\"elementor-element elementor-element-8ab06a0 elementor-nav-menu--dropdown-tablet elementor-nav-menu__text-align-aside elementor-nav-menu--toggle elementor-nav-menu--burger elementor-widget elementor-widget-nav-menu\" data-id=\"8ab06a0\" data-element_type=\"widget\" data-e-type=\"widget\" data-settings=\"{&quot;layout&quot;:&quot;vertical&quot;,&quot;submenu_icon&quot;:{&quot;value&quot;:&quot;&lt;i class=\\&quot;fas fa-caret-down\\&quot; aria-hidden=\\&quot;true\\&quot;&gt;&lt;\\\/i&gt;&quot;,&quot;library&quot;:&quot;fa-solid&quot;},&quot;toggle&quot;:&quot;burger&quot;}\" data-widget_type=\"nav-menu.default\">\n\t\t\t\t<div class=\"elementor-widget-container\">\n\t\t\t\t\t\t\t\t<nav aria-label=\"Menu\" class=\"elementor-nav-menu--main elementor-nav-menu__container elementor-nav-menu--layout-vertical e--pointer-framed e--animation-fade\">\n\t\t\t\t<ul id=\"menu-1-8ab06a0\" class=\"elementor-nav-menu sm-vertical\"><li class=\"menu-item menu-item-type-post_type menu-item-object-page menu-item-home menu-item-61191\"><a href=\"https:\/\/topa.be\/de\/\" class=\"elementor-item\">STARTSEITE<\/a><\/li>\n<li class=\"menu-item menu-item-type-post_type menu-item-object-page menu-item-60057\"><a href=\"https:\/\/topa.be\/de\/welkom\/\" class=\"elementor-item\">WILLKOMMEN !<\/a><\/li>\n<li class=\"menu-item menu-item-type-post_type menu-item-object-page menu-item-60058\"><a href=\"https:\/\/topa.be\/de\/praktisch-2\/\" class=\"elementor-item\">PRAKTISCHE INFORMATIONEN<\/a><\/li>\n<li class=\"menu-item menu-item-type-post_type menu-item-object-page menu-item-60059\"><a href=\"https:\/\/topa.be\/de\/individueel\/\" class=\"elementor-item\">F\u00fchrungen f\u00fcr Einzelpersonen<\/a><\/li>\n<li class=\"menu-item menu-item-type-post_type menu-item-object-page menu-item-60060\"><a href=\"https:\/\/topa.be\/de\/groepen\/\" class=\"elementor-item\">F\u00fchrungen f\u00fcr Gruppen<\/a><\/li>\n<li class=\"menu-item menu-item-type-post_type menu-item-object-page menu-item-60128\"><a href=\"https:\/\/topa.be\/de\/erediensten\/\" class=\"elementor-item\">GOTTESDIENSTE<\/a><\/li>\n<li class=\"menu-item menu-item-type-post_type menu-item-object-page menu-item-60129\"><a href=\"https:\/\/topa.be\/de\/monumentale-kerken\/\" class=\"elementor-item\">MONUMENTALE KIRCHEN<\/a><\/li>\n<li class=\"menu-item menu-item-type-custom menu-item-object-custom menu-item-60130\"><a href=\"https:\/\/www.google.com\/maps\/d\/edit?mid=1iZG2PyUpfgUaDqLc-C_n5kGoHu2os6Ku&#038;usp=sharing\" class=\"elementor-item\">Karte zur Hand<\/a><\/li>\n<li class=\"menu-item menu-item-type-post_type menu-item-object-page menu-item-60131\"><a href=\"https:\/\/topa.be\/de\/bezinning\/\" class=\"elementor-item\">REFLEXION<\/a><\/li>\n<\/ul>\t\t\t<\/nav>\n\t\t\t\t\t<div class=\"elementor-menu-toggle\" role=\"button\" tabindex=\"0\" aria-label=\"Men\u00fc Umschalter\" aria-expanded=\"false\">\n\t\t\t<i aria-hidden=\"true\" role=\"presentation\" class=\"elementor-menu-toggle__icon--open eicon-menu-bar\"><\/i><i aria-hidden=\"true\" role=\"presentation\" class=\"elementor-menu-toggle__icon--close eicon-close\"><\/i>\t\t<\/div>\n\t\t\t\t\t<nav class=\"elementor-nav-menu--dropdown elementor-nav-menu__container\" aria-hidden=\"true\">\n\t\t\t\t<ul id=\"menu-2-8ab06a0\" class=\"elementor-nav-menu sm-vertical\"><li class=\"menu-item menu-item-type-post_type menu-item-object-page menu-item-home menu-item-61191\"><a href=\"https:\/\/topa.be\/de\/\" class=\"elementor-item\" tabindex=\"-1\">STARTSEITE<\/a><\/li>\n<li class=\"menu-item menu-item-type-post_type menu-item-object-page menu-item-60057\"><a href=\"https:\/\/topa.be\/de\/welkom\/\" class=\"elementor-item\" tabindex=\"-1\">WILLKOMMEN !<\/a><\/li>\n<li class=\"menu-item menu-item-type-post_type menu-item-object-page menu-item-60058\"><a href=\"https:\/\/topa.be\/de\/praktisch-2\/\" class=\"elementor-item\" tabindex=\"-1\">PRAKTISCHE INFORMATIONEN<\/a><\/li>\n<li class=\"menu-item menu-item-type-post_type menu-item-object-page menu-item-60059\"><a href=\"https:\/\/topa.be\/de\/individueel\/\" class=\"elementor-item\" tabindex=\"-1\">F\u00fchrungen f\u00fcr Einzelpersonen<\/a><\/li>\n<li class=\"menu-item menu-item-type-post_type menu-item-object-page menu-item-60060\"><a href=\"https:\/\/topa.be\/de\/groepen\/\" class=\"elementor-item\" tabindex=\"-1\">F\u00fchrungen f\u00fcr Gruppen<\/a><\/li>\n<li class=\"menu-item menu-item-type-post_type menu-item-object-page menu-item-60128\"><a href=\"https:\/\/topa.be\/de\/erediensten\/\" class=\"elementor-item\" tabindex=\"-1\">GOTTESDIENSTE<\/a><\/li>\n<li class=\"menu-item menu-item-type-post_type menu-item-object-page menu-item-60129\"><a href=\"https:\/\/topa.be\/de\/monumentale-kerken\/\" class=\"elementor-item\" tabindex=\"-1\">MONUMENTALE KIRCHEN<\/a><\/li>\n<li class=\"menu-item menu-item-type-custom menu-item-object-custom menu-item-60130\"><a href=\"https:\/\/www.google.com\/maps\/d\/edit?mid=1iZG2PyUpfgUaDqLc-C_n5kGoHu2os6Ku&#038;usp=sharing\" class=\"elementor-item\" tabindex=\"-1\">Karte zur Hand<\/a><\/li>\n<li class=\"menu-item menu-item-type-post_type menu-item-object-page menu-item-60131\"><a href=\"https:\/\/topa.be\/de\/bezinning\/\" class=\"elementor-item\" tabindex=\"-1\">REFLEXION<\/a><\/li>\n<\/ul>\t\t\t<\/nav>\n\t\t\t\t\t\t<\/div>\n\t\t\t\t<\/div>\n\t\t\t\t\t<\/div>\n\t\t<\/div>\n\t\t\t\t\t<\/div>\n\t\t<\/section>\n\t\t\t\t\t<\/div>\n\t\t<\/div>\n\t\t\t\t\t<\/div>\n\t\t<\/section>\n\t\t\t\t<\/div>\n\t\t","protected":false},"excerpt":{"rendered":"<p>F\u00fchrungen f\u00fcr Einzelpersonen Wenn Sie sich f\u00fcr ein Abenteuer entscheiden, erkunden Sie die Kirche auf eigene Faust, mit dem Flyer am Eingang als Kompass oder bewaffnet mit einem gr\u00fcndlichen Kunstf\u00fchrer (siehe Publikationen). Aber wenn Sie den Wald noch durch die B\u00e4ume sehen und seine Sch\u00f6nheit intensiver genie\u00dfen m\u00f6chten, k\u00f6nnen Sie unser Angebot an kostenlosen F\u00fchrungen [&hellip;]<\/p>\n","protected":false},"author":16,"featured_media":0,"parent":0,"menu_order":30,"comment_status":"closed","ping_status":"closed","template":"","meta":{"footnotes":""},"class_list":["post-41554","page","type-page","status-publish","hentry"],"aioseo_notices":[],"_links":{"self":[{"href":"https:\/\/topa.be\/de\/wp-json\/wp\/v2\/pages\/41554","targetHints":{"allow":["GET"]}}],"collection":[{"href":"https:\/\/topa.be\/de\/wp-json\/wp\/v2\/pages"}],"about":[{"href":"https:\/\/topa.be\/de\/wp-json\/wp\/v2\/types\/page"}],"author":[{"embeddable":true,"href":"https:\/\/topa.be\/de\/wp-json\/wp\/v2\/users\/16"}],"replies":[{"embeddable":true,"href":"https:\/\/topa.be\/de\/wp-json\/wp\/v2\/comments?post=41554"}],"version-history":[{"count":3,"href":"https:\/\/topa.be\/de\/wp-json\/wp\/v2\/pages\/41554\/revisions"}],"predecessor-version":[{"id":71234,"href":"https:\/\/topa.be\/de\/wp-json\/wp\/v2\/pages\/41554\/revisions\/71234"}],"wp:attachment":[{"href":"https:\/\/topa.be\/de\/wp-json\/wp\/v2\/media?parent=41554"}],"curies":[{"name":"wp","href":"https:\/\/api.w.org\/{rel}","templated":true}]}}