{"id":41520,"date":"2021-06-20T19:55:24","date_gmt":"2021-06-20T17:55:24","guid":{"rendered":"http:\/\/topa.be\/praktisch-2\/"},"modified":"2025-03-12T10:13:04","modified_gmt":"2025-03-12T09:13:04","slug":"praktisch-2","status":"publish","type":"page","link":"https:\/\/topa.be\/de\/praktisch-2\/","title":{"rendered":"PRAKTISCHE INFORMATIONEN"},"content":{"rendered":"\t\t<div data-elementor-type=\"wp-page\" data-elementor-id=\"41520\" class=\"elementor elementor-41520 elementor-35064\" data-elementor-post-type=\"page\">\n\t\t\t\t\t\t<section class=\"elementor-section elementor-top-section elementor-element elementor-element-fd83ec3 elementor-section-boxed elementor-section-height-default elementor-section-height-default\" data-id=\"fd83ec3\" data-element_type=\"section\" data-e-type=\"section\">\n\t\t\t\t\t\t<div class=\"elementor-container elementor-column-gap-default\">\n\t\t\t\t\t<div class=\"elementor-column elementor-col-100 elementor-top-column elementor-element elementor-element-a4d2054\" data-id=\"a4d2054\" data-element_type=\"column\" data-e-type=\"column\">\n\t\t\t<div class=\"elementor-widget-wrap elementor-element-populated\">\n\t\t\t\t\t\t<div class=\"elementor-element elementor-element-0ba706a elementor-widget elementor-widget-heading\" data-id=\"0ba706a\" data-element_type=\"widget\" data-e-type=\"widget\" data-widget_type=\"heading.default\">\n\t\t\t\t<div class=\"elementor-widget-container\">\n\t\t\t\t\t<h1 class=\"elementor-heading-title elementor-size-default\">PRAKTISCHE INFORMATIONEN<\/h1>\t\t\t\t<\/div>\n\t\t\t\t<\/div>\n\t\t\t\t\t<\/div>\n\t\t<\/div>\n\t\t\t\t\t<\/div>\n\t\t<\/section>\n\t\t\t\t<section class=\"elementor-section elementor-top-section elementor-element elementor-element-522311f elementor-section-boxed elementor-section-height-default elementor-section-height-default\" data-id=\"522311f\" data-element_type=\"section\" data-e-type=\"section\">\n\t\t\t\t\t\t<div class=\"elementor-container elementor-column-gap-default\">\n\t\t\t\t\t<div class=\"elementor-column elementor-col-100 elementor-top-column elementor-element elementor-element-c415bd3\" data-id=\"c415bd3\" data-element_type=\"column\" data-e-type=\"column\">\n\t\t\t<div class=\"elementor-widget-wrap elementor-element-populated\">\n\t\t\t\t\t\t<div class=\"elementor-element elementor-element-44a2a9a elementor-widget elementor-widget-image\" data-id=\"44a2a9a\" data-element_type=\"widget\" data-e-type=\"widget\" data-widget_type=\"image.default\">\n\t\t\t\t<div class=\"elementor-widget-container\">\n\t\t\t\t\t\t\t\t\t\t\t\t<figure class=\"wp-caption\">\n\t\t\t\t\t\t\t\t\t\t<img fetchpriority=\"high\" decoding=\"async\" width=\"800\" height=\"240\" src=\"https:\/\/topa.be\/wp-content\/uploads\/Rede-Antwerpen-in-Oostenrijkse-tijd-1-1.jpg\" class=\"attachment-large size-large wp-image-32867\" alt=\"\" srcset=\"https:\/\/topa.be\/wp-content\/uploads\/Rede-Antwerpen-in-Oostenrijkse-tijd-1-1.jpg 832w, https:\/\/topa.be\/wp-content\/uploads\/Rede-Antwerpen-in-Oostenrijkse-tijd-1-1-300x90.jpg 300w, https:\/\/topa.be\/wp-content\/uploads\/Rede-Antwerpen-in-Oostenrijkse-tijd-1-1-200x60.jpg 200w, https:\/\/topa.be\/wp-content\/uploads\/Rede-Antwerpen-in-Oostenrijkse-tijd-1-1-768x231.jpg 768w\" sizes=\"(max-width: 800px) 100vw, 800px\" \/>\t\t\t\t\t\t\t\t\t\t\t<figcaption class=\"widget-image-caption wp-caption-text\">Der Hafen von Antwerpen in \u00f6sterreichischer Zeit<\/figcaption>\n\t\t\t\t\t\t\t\t\t\t<\/figure>\n\t\t\t\t\t\t\t\t\t<\/div>\n\t\t\t\t<\/div>\n\t\t\t\t\t<\/div>\n\t\t<\/div>\n\t\t\t\t\t<\/div>\n\t\t<\/section>\n\t\t\t\t<section class=\"elementor-section elementor-top-section elementor-element elementor-element-6c731c9 elementor-section-boxed elementor-section-height-default elementor-section-height-default\" data-id=\"6c731c9\" data-element_type=\"section\" data-e-type=\"section\">\n\t\t\t\t\t\t<div class=\"elementor-container elementor-column-gap-default\">\n\t\t\t\t\t<div class=\"elementor-column elementor-col-66 elementor-top-column elementor-element elementor-element-d4c01db\" data-id=\"d4c01db\" data-element_type=\"column\" data-e-type=\"column\">\n\t\t\t<div class=\"elementor-widget-wrap elementor-element-populated\">\n\t\t\t\t\t\t<div class=\"elementor-element elementor-element-4f29ca5 elementor-widget elementor-widget-text-editor\" data-id=\"4f29ca5\" data-element_type=\"widget\" data-e-type=\"widget\" data-widget_type=\"text-editor.default\">\n\t\t\t\t<div class=\"elementor-widget-container\">\n\t\t\t\t\t\t\t\t\t<p style=\"text-align: justify;\">M\u00f6chten Sie eine oder mehrere Kirchen in Antwerpen besuchen, um einen ruhigen Atem zugumsam zu machen und Kunst zu genie\u00dfen?<\/p>\n<p><\/p>\n<p style=\"text-align: justify;\">M\u00f6chten Sie ganz einfach herausfinden, welche Kirchen Sie besuchen k\u00f6nnen? Wo finden Sie sie? Wenn Sie sie besuchen k\u00f6nnen?<\/p>\n<p><\/p>\n<p style=\"text-align: justify;\">Wir helfen Ihnen auf Ihrem Weg mit einem direkten Link unten zu den praktischen Informationen f\u00fcr jede Kirche.<\/p>\n\t\t\t\t\t\t\t\t<\/div>\n\t\t\t\t<\/div>\n\t\t\t\t<div class=\"elementor-element elementor-element-e19a4f7 elementor-widget elementor-widget-text-editor\" data-id=\"e19a4f7\" data-element_type=\"widget\" data-e-type=\"widget\" data-widget_type=\"text-editor.default\">\n\t\t\t\t<div class=\"elementor-widget-container\">\n\t\t\t\t\t\t\t\t\t<p><strong>Die f\u00fcnf touristischen Kirchen im Stadtzentrum von Antwerpen<\/strong><\/p><p><strong><a href=\"https:\/\/topa.be\/de\/olv-kathedraal\/praktisch\/\" data-wpel-link=\"internal\">Liebfrauekathedrale<\/a><\/strong><\/p><p><strong><a href=\"https:\/\/topa.be\/de\/st-andries\/praktisch\/\" data-wpel-link=\"internal\">Sankt-Andreas Kirche<\/a><\/strong><\/p><p><strong><a href=\"https:\/\/topa.be\/de\/sint-carolus-borromeus\/praktisch\/\" data-wpel-link=\"internal\">Sankt-Carolus Borromeus Kirche<\/a><\/strong><\/p><p><strong><a href=\"https:\/\/topa.be\/de\/sint-jacob\/praktisch\/\" data-wpel-link=\"internal\">Sankt-Jacobi Kirche<\/a><\/strong><\/p><p><strong><a href=\"https:\/\/topa.be\/de\/sint-paulus\/praktisch\/\" data-wpel-link=\"internal\">Sankt Pauli Kirche<\/a><\/strong><\/p>\t\t\t\t\t\t\t\t<\/div>\n\t\t\t\t<\/div>\n\t\t\t\t<div class=\"elementor-element elementor-element-5aec215 elementor-widget elementor-widget-text-editor\" data-id=\"5aec215\" data-element_type=\"widget\" data-e-type=\"widget\" data-widget_type=\"text-editor.default\">\n\t\t\t\t<div class=\"elementor-widget-container\">\n\t\t\t\t\t\t\t\t\t<p><strong>Die anderen monumentalen Kirchen in Antwerpen<\/strong><\/p><p><strong><a href=\"https:\/\/topa.be\/de\/monumentale-kerken\/heilig-hart-van-jezus\/\" data-wpel-link=\"internal\">Kirche des Heiligen Herzens Jesu Christi<\/a><\/strong><\/p><p><strong><a href=\"https:\/\/topa.be\/de\/monumentale-kerken\/kristus-koning\/\" data-wpel-link=\"internal\">Christus K\u00f6nig Kirche<\/a><\/strong><\/p><p><strong><a href=\"https:\/\/topa.be\/de\/monumentale-kerken\/sint-amandus\/\" data-wpel-link=\"internal\">Sankt Amandus Kirche<\/a><\/strong><\/p><p><strong><a href=\"https:\/\/topa.be\/de\/monumentale-kerken\/sint-anna-ten-drieen\/\" data-wpel-link=\"internal\">Sankt Anna Selbdritt Kirche<\/a><\/strong><\/p><p><strong><a href=\"https:\/\/topa.be\/de\/monumentale-kerken\/sint-antonius-van-padua\/\" data-wpel-link=\"internal\">Sankt Antonius von Padua Kirche<\/a><\/strong><\/p><p><strong><a href=\"https:\/\/topa.be\/de\/monumentale-kerken\/sint-catharina-begijnhof\/\" data-wpel-link=\"internal\">Beginenhof, Sankt Katharina Kirche<\/a><\/strong><\/p><p><strong><a href=\"https:\/\/topa.be\/de\/monumentale-kerken\/sint-catharina-kiel\/\" data-wpel-link=\"internal\">Kiel, Sankt Katharina Kirche<\/a><\/strong><\/p><p><strong><a href=\"https:\/\/topa.be\/de\/monumentale-kerken\/sint-eligius\/\" data-wpel-link=\"internal\">Sankt Eligius Kirche<\/a><\/strong><\/p><p><strong><a href=\"https:\/\/topa.be\/de\/monumentale-kerken\/sint-franciscus\/\" data-wpel-link=\"internal\">Sankt Franciscus Kirche<\/a><\/strong><\/p><p><strong><a href=\"https:\/\/topa.be\/de\/monumentale-kerken\/sint-joris\/\" data-wpel-link=\"internal\">Sankt Georg Kirche<\/a><\/strong><\/p><p><strong><a href=\"https:\/\/topa.be\/de\/monumentale-kerken\/sint-laurentius\/\" data-wpel-link=\"internal\">Sankt Lorenz Kirche<\/a><\/strong><\/p><p><strong><a href=\"https:\/\/topa.be\/de\/monumentale-kerken\/sint-michiel-en-petrus\/\" data-wpel-link=\"internal\">Sankt Michael und Peter Kirche<\/a><\/strong><\/p><p><strong><a href=\"https:\/\/topa.be\/de\/monumentale-kerken\/sint-norbertus\/\" data-wpel-link=\"internal\">Sankt Norbert Kirche<\/a><\/strong><\/p><p><strong><a href=\"https:\/\/topa.be\/de\/monumentale-kerken\/sint-walburgis\/\" data-wpel-link=\"internal\">Sankt Walburgis Kirche<\/a><\/strong><\/p><p><strong><a href=\"https:\/\/topa.be\/de\/monumentale-kerken\/sint-willibrordus\/\" data-wpel-link=\"internal\">Sankt Willibrordus Kirche<\/a><\/strong><\/p><p><strong><a href=\"https:\/\/topa.be\/de\/monumentale-kerken\/berchem-sint-willibrordus\/\" data-wpel-link=\"internal\">Berchem, Sankt Willibrordus Kirche<\/a><\/strong><\/p><p><strong><a href=\"https:\/\/topa.be\/de\/monumentale-kerken\/borgerhout-st-jan-evangelist\/\" data-wpel-link=\"internal\">Borgerhout, Borgerhout, Sankt Johannes der Evangelist Kirche<\/a><\/strong><\/p><p><strong><a href=\"https:\/\/topa.be\/de\/monumentale-kerken\/deurne-sint-fredegandus\/\" data-wpel-link=\"internal\">Deurne, Sankt Fredegandus Kirche<\/a><\/strong><\/p><p><strong><a href=\"https:\/\/topa.be\/de\/monumentale-kerken\/ekeren-sint-lambertus\/\" data-wpel-link=\"internal\">Ekeren, Sankt Lambertus Kirche<\/a><\/strong><\/p><p><strong><a href=\"https:\/\/topa.be\/de\/monumentale-kerken\/ekeren-sint-laurentius\/\" data-wpel-link=\"internal\">Ekeren, Sankt Lorenz Kirche<\/a><\/strong><\/p><p><strong><a href=\"https:\/\/topa.be\/de\/monumentale-kerken\/lillo-sint-benedictus\/\" data-wpel-link=\"internal\">Lillo, Sankt Benediktus Kirche<\/a><\/strong><\/p><p><strong><a href=\"https:\/\/topa.be\/de\/monumentale-kerken\/merksem-st-bartholomeus\/\" data-wpel-link=\"internal\">Merksem, Sankt Bartholomeo Kirche<\/a><\/strong><\/p><p><strong><a href=\"https:\/\/topa.be\/de\/monumentale-kerken\/merksem-st-franciscus-van-assisi\/\" data-wpel-link=\"internal\">Merksem, Sankt Fransiscus von Assisi Kirche<\/a><\/strong><\/p>\t\t\t\t\t\t\t\t<\/div>\n\t\t\t\t<\/div>\n\t\t\t\t<div class=\"elementor-element elementor-element-9e816a4 elementor-widget elementor-widget-text-editor\" data-id=\"9e816a4\" data-element_type=\"widget\" data-e-type=\"widget\" data-widget_type=\"text-editor.default\">\n\t\t\t\t<div class=\"elementor-widget-container\">\n\t\t\t\t\t\t\t\t\t<p><strong>Einige Kapellen in Antwerpen<\/strong><\/p><p><strong><a href=\"https:\/\/topa.be\/de\/monumentale-kerken\/kapel-olv-toevlucht\/\" data-wpel-link=\"internal\">Mariahilf Kapelle (Schoenmarkt)<\/a><\/strong><\/p><p><strong><a href=\"https:\/\/topa.be\/de\/monumentale-kerken\/sint-annakapel\/\" data-wpel-link=\"internal\">Sankt Anna Kapelle (Keizerstraat)<\/a><\/strong><\/p>\t\t\t\t\t\t\t\t<\/div>\n\t\t\t\t<\/div>\n\t\t\t\t\t<\/div>\n\t\t<\/div>\n\t\t\t\t<div class=\"elementor-column elementor-col-33 elementor-top-column elementor-element elementor-element-ee6302a\" data-id=\"ee6302a\" data-element_type=\"column\" data-e-type=\"column\">\n\t\t\t<div class=\"elementor-widget-wrap elementor-element-populated\">\n\t\t\t\t\t\t<div class=\"elementor-element elementor-element-c5f107f elementor-widget elementor-widget-image\" data-id=\"c5f107f\" data-element_type=\"widget\" data-e-type=\"widget\" data-widget_type=\"image.default\">\n\t\t\t\t<div class=\"elementor-widget-container\">\n\t\t\t\t\t\t\t\t\t\t\t\t\t\t\t<img decoding=\"async\" width=\"480\" height=\"480\" src=\"https:\/\/topa.be\/wp-content\/uploads\/INFO-icon.png\" class=\"attachment-large size-large wp-image-22109\" alt=\"\" srcset=\"https:\/\/topa.be\/wp-content\/uploads\/INFO-icon.png 480w, https:\/\/topa.be\/wp-content\/uploads\/INFO-icon-300x300.png 300w, https:\/\/topa.be\/wp-content\/uploads\/INFO-icon-200x200.png 200w\" sizes=\"(max-width: 480px) 100vw, 480px\" \/>\t\t\t\t\t\t\t\t\t\t\t\t\t\t\t<\/div>\n\t\t\t\t<\/div>\n\t\t\t\t<div class=\"elementor-element elementor-element-3f115f3 elementor-widget elementor-widget-heading\" data-id=\"3f115f3\" data-element_type=\"widget\" data-e-type=\"widget\" data-widget_type=\"heading.default\">\n\t\t\t\t<div class=\"elementor-widget-container\">\n\t\t\t\t\t<h3 class=\"elementor-heading-title elementor-size-default\">Was wir Ihnen bieten:<\/h3>\t\t\t\t<\/div>\n\t\t\t\t<\/div>\n\t\t\t\t<div class=\"elementor-element elementor-element-12c7c68 elementor-nav-menu--dropdown-tablet elementor-nav-menu__text-align-aside elementor-nav-menu--toggle elementor-nav-menu--burger elementor-widget elementor-widget-nav-menu\" data-id=\"12c7c68\" data-element_type=\"widget\" data-e-type=\"widget\" data-settings=\"{&quot;layout&quot;:&quot;vertical&quot;,&quot;submenu_icon&quot;:{&quot;value&quot;:&quot;&lt;i class=\\&quot;fas fa-caret-down\\&quot; aria-hidden=\\&quot;true\\&quot;&gt;&lt;\\\/i&gt;&quot;,&quot;library&quot;:&quot;fa-solid&quot;},&quot;toggle&quot;:&quot;burger&quot;}\" data-widget_type=\"nav-menu.default\">\n\t\t\t\t<div class=\"elementor-widget-container\">\n\t\t\t\t\t\t\t\t<nav aria-label=\"Menu\" class=\"elementor-nav-menu--main elementor-nav-menu__container elementor-nav-menu--layout-vertical e--pointer-framed e--animation-fade\">\n\t\t\t\t<ul id=\"menu-1-12c7c68\" class=\"elementor-nav-menu sm-vertical\"><li class=\"menu-item menu-item-type-post_type menu-item-object-page menu-item-home menu-item-61191\"><a href=\"https:\/\/topa.be\/de\/\" class=\"elementor-item\">STARTSEITE<\/a><\/li>\n<li class=\"menu-item menu-item-type-post_type menu-item-object-page menu-item-60057\"><a href=\"https:\/\/topa.be\/de\/welkom\/\" class=\"elementor-item\">WILLKOMMEN !<\/a><\/li>\n<li class=\"menu-item menu-item-type-post_type menu-item-object-page menu-item-60058\"><a href=\"https:\/\/topa.be\/de\/praktisch-2\/\" class=\"elementor-item\">PRAKTISCHE INFORMATIONEN<\/a><\/li>\n<li class=\"menu-item menu-item-type-post_type menu-item-object-page menu-item-60059\"><a href=\"https:\/\/topa.be\/de\/individueel\/\" class=\"elementor-item\">F\u00fchrungen f\u00fcr Einzelpersonen<\/a><\/li>\n<li class=\"menu-item menu-item-type-post_type menu-item-object-page menu-item-60060\"><a href=\"https:\/\/topa.be\/de\/groepen\/\" class=\"elementor-item\">F\u00fchrungen f\u00fcr Gruppen<\/a><\/li>\n<li class=\"menu-item menu-item-type-post_type menu-item-object-page menu-item-60128\"><a href=\"https:\/\/topa.be\/de\/erediensten\/\" class=\"elementor-item\">GOTTESDIENSTE<\/a><\/li>\n<li class=\"menu-item menu-item-type-post_type menu-item-object-page menu-item-60129\"><a href=\"https:\/\/topa.be\/de\/monumentale-kerken\/\" class=\"elementor-item\">MONUMENTALE KIRCHEN<\/a><\/li>\n<li class=\"menu-item menu-item-type-custom menu-item-object-custom menu-item-60130\"><a href=\"https:\/\/www.google.com\/maps\/d\/edit?mid=1iZG2PyUpfgUaDqLc-C_n5kGoHu2os6Ku&#038;usp=sharing\" class=\"elementor-item\">Karte zur Hand<\/a><\/li>\n<li class=\"menu-item menu-item-type-post_type menu-item-object-page menu-item-60131\"><a href=\"https:\/\/topa.be\/de\/bezinning\/\" class=\"elementor-item\">REFLEXION<\/a><\/li>\n<\/ul>\t\t\t<\/nav>\n\t\t\t\t\t<div class=\"elementor-menu-toggle\" role=\"button\" tabindex=\"0\" aria-label=\"Men\u00fc Umschalter\" aria-expanded=\"false\">\n\t\t\t<i aria-hidden=\"true\" role=\"presentation\" class=\"elementor-menu-toggle__icon--open eicon-menu-bar\"><\/i><i aria-hidden=\"true\" role=\"presentation\" class=\"elementor-menu-toggle__icon--close eicon-close\"><\/i>\t\t<\/div>\n\t\t\t\t\t<nav class=\"elementor-nav-menu--dropdown elementor-nav-menu__container\" aria-hidden=\"true\">\n\t\t\t\t<ul id=\"menu-2-12c7c68\" class=\"elementor-nav-menu sm-vertical\"><li class=\"menu-item menu-item-type-post_type menu-item-object-page menu-item-home menu-item-61191\"><a href=\"https:\/\/topa.be\/de\/\" class=\"elementor-item\" tabindex=\"-1\">STARTSEITE<\/a><\/li>\n<li class=\"menu-item menu-item-type-post_type menu-item-object-page menu-item-60057\"><a href=\"https:\/\/topa.be\/de\/welkom\/\" class=\"elementor-item\" tabindex=\"-1\">WILLKOMMEN !<\/a><\/li>\n<li class=\"menu-item menu-item-type-post_type menu-item-object-page menu-item-60058\"><a href=\"https:\/\/topa.be\/de\/praktisch-2\/\" class=\"elementor-item\" tabindex=\"-1\">PRAKTISCHE INFORMATIONEN<\/a><\/li>\n<li class=\"menu-item menu-item-type-post_type menu-item-object-page menu-item-60059\"><a href=\"https:\/\/topa.be\/de\/individueel\/\" class=\"elementor-item\" tabindex=\"-1\">F\u00fchrungen f\u00fcr Einzelpersonen<\/a><\/li>\n<li class=\"menu-item menu-item-type-post_type menu-item-object-page menu-item-60060\"><a href=\"https:\/\/topa.be\/de\/groepen\/\" class=\"elementor-item\" tabindex=\"-1\">F\u00fchrungen f\u00fcr Gruppen<\/a><\/li>\n<li class=\"menu-item menu-item-type-post_type menu-item-object-page menu-item-60128\"><a href=\"https:\/\/topa.be\/de\/erediensten\/\" class=\"elementor-item\" tabindex=\"-1\">GOTTESDIENSTE<\/a><\/li>\n<li class=\"menu-item menu-item-type-post_type menu-item-object-page menu-item-60129\"><a href=\"https:\/\/topa.be\/de\/monumentale-kerken\/\" class=\"elementor-item\" tabindex=\"-1\">MONUMENTALE KIRCHEN<\/a><\/li>\n<li class=\"menu-item menu-item-type-custom menu-item-object-custom menu-item-60130\"><a href=\"https:\/\/www.google.com\/maps\/d\/edit?mid=1iZG2PyUpfgUaDqLc-C_n5kGoHu2os6Ku&#038;usp=sharing\" class=\"elementor-item\" tabindex=\"-1\">Karte zur Hand<\/a><\/li>\n<li class=\"menu-item menu-item-type-post_type menu-item-object-page menu-item-60131\"><a href=\"https:\/\/topa.be\/de\/bezinning\/\" class=\"elementor-item\" tabindex=\"-1\">REFLEXION<\/a><\/li>\n<\/ul>\t\t\t<\/nav>\n\t\t\t\t\t\t<\/div>\n\t\t\t\t<\/div>\n\t\t\t\t\t<\/div>\n\t\t<\/div>\n\t\t\t\t\t<\/div>\n\t\t<\/section>\n\t\t\t\t<\/div>\n\t\t","protected":false},"excerpt":{"rendered":"<p>PRAKTISCHE INFORMATIONEN Der Hafen von Antwerpen in \u00f6sterreichischer Zeit M\u00f6chten Sie eine oder mehrere Kirchen in Antwerpen besuchen, um einen ruhigen Atem zugumsam zu machen und Kunst zu genie\u00dfen? M\u00f6chten Sie ganz einfach herausfinden, welche Kirchen Sie besuchen k\u00f6nnen? Wo finden Sie sie? Wenn Sie sie besuchen k\u00f6nnen? Wir helfen Ihnen auf Ihrem Weg mit [&hellip;]<\/p>\n","protected":false},"author":16,"featured_media":0,"parent":0,"menu_order":20,"comment_status":"closed","ping_status":"closed","template":"","meta":{"footnotes":""},"class_list":["post-41520","page","type-page","status-publish","hentry"],"aioseo_notices":[],"_links":{"self":[{"href":"https:\/\/topa.be\/de\/wp-json\/wp\/v2\/pages\/41520","targetHints":{"allow":["GET"]}}],"collection":[{"href":"https:\/\/topa.be\/de\/wp-json\/wp\/v2\/pages"}],"about":[{"href":"https:\/\/topa.be\/de\/wp-json\/wp\/v2\/types\/page"}],"author":[{"embeddable":true,"href":"https:\/\/topa.be\/de\/wp-json\/wp\/v2\/users\/16"}],"replies":[{"embeddable":true,"href":"https:\/\/topa.be\/de\/wp-json\/wp\/v2\/comments?post=41520"}],"version-history":[{"count":3,"href":"https:\/\/topa.be\/de\/wp-json\/wp\/v2\/pages\/41520\/revisions"}],"predecessor-version":[{"id":71193,"href":"https:\/\/topa.be\/de\/wp-json\/wp\/v2\/pages\/41520\/revisions\/71193"}],"wp:attachment":[{"href":"https:\/\/topa.be\/de\/wp-json\/wp\/v2\/media?parent=41520"}],"curies":[{"name":"wp","href":"https:\/\/api.w.org\/{rel}","templated":true}]}}