{"id":41492,"date":"2021-06-20T13:23:42","date_gmt":"2021-06-20T11:23:42","guid":{"rendered":"http:\/\/topa.be\/welkom\/"},"modified":"2025-03-12T14:43:47","modified_gmt":"2025-03-12T13:43:47","slug":"welkom","status":"publish","type":"page","link":"https:\/\/topa.be\/de\/welkom\/","title":{"rendered":"WILLKOMMEN !"},"content":{"rendered":"\t\t<div data-elementor-type=\"wp-page\" data-elementor-id=\"41492\" class=\"elementor elementor-41492 elementor-36700\" data-elementor-post-type=\"page\">\n\t\t\t\t\t\t<section class=\"elementor-section elementor-top-section elementor-element elementor-element-65b950e elementor-section-boxed elementor-section-height-default elementor-section-height-default\" data-id=\"65b950e\" data-element_type=\"section\" data-e-type=\"section\">\n\t\t\t\t\t\t<div class=\"elementor-container elementor-column-gap-default\">\n\t\t\t\t\t<div class=\"elementor-column elementor-col-100 elementor-top-column elementor-element elementor-element-b350f80\" data-id=\"b350f80\" data-element_type=\"column\" data-e-type=\"column\">\n\t\t\t<div class=\"elementor-widget-wrap elementor-element-populated\">\n\t\t\t\t\t\t<div class=\"elementor-element elementor-element-97c1968 elementor-widget elementor-widget-heading\" data-id=\"97c1968\" data-element_type=\"widget\" data-e-type=\"widget\" data-widget_type=\"heading.default\">\n\t\t\t\t<div class=\"elementor-widget-container\">\n\t\t\t\t\t<h1 class=\"elementor-heading-title elementor-size-default\">WILLKOMMEN!<\/h1>\t\t\t\t<\/div>\n\t\t\t\t<\/div>\n\t\t\t\t\t<\/div>\n\t\t<\/div>\n\t\t\t\t\t<\/div>\n\t\t<\/section>\n\t\t\t\t<section class=\"elementor-section elementor-top-section elementor-element elementor-element-6c77aa9 elementor-section-boxed elementor-section-height-default elementor-section-height-default\" data-id=\"6c77aa9\" data-element_type=\"section\" data-e-type=\"section\">\n\t\t\t\t\t\t<div class=\"elementor-container elementor-column-gap-default\">\n\t\t\t\t\t<div class=\"elementor-column elementor-col-66 elementor-top-column elementor-element elementor-element-6b81432\" data-id=\"6b81432\" data-element_type=\"column\" data-e-type=\"column\">\n\t\t\t<div class=\"elementor-widget-wrap elementor-element-populated\">\n\t\t\t\t\t\t<div class=\"elementor-element elementor-element-4bd0947 elementor-widget elementor-widget-image\" data-id=\"4bd0947\" data-element_type=\"widget\" data-e-type=\"widget\" data-widget_type=\"image.default\">\n\t\t\t\t<div class=\"elementor-widget-container\">\n\t\t\t\t\t\t\t\t\t\t\t\t<figure class=\"wp-caption\">\n\t\t\t\t\t\t\t\t\t\t<img fetchpriority=\"high\" decoding=\"async\" width=\"800\" height=\"240\" src=\"https:\/\/topa.be\/wp-content\/uploads\/Rede-Antwerpen-in-Oostenrijkse-tijd-1.jpg\" class=\"attachment-large size-large wp-image-27725\" alt=\"\" srcset=\"https:\/\/topa.be\/wp-content\/uploads\/Rede-Antwerpen-in-Oostenrijkse-tijd-1.jpg 832w, https:\/\/topa.be\/wp-content\/uploads\/Rede-Antwerpen-in-Oostenrijkse-tijd-1-300x90.jpg 300w, https:\/\/topa.be\/wp-content\/uploads\/Rede-Antwerpen-in-Oostenrijkse-tijd-1-200x60.jpg 200w, https:\/\/topa.be\/wp-content\/uploads\/Rede-Antwerpen-in-Oostenrijkse-tijd-1-768x231.jpg 768w\" sizes=\"(max-width: 800px) 100vw, 800px\" \/>\t\t\t\t\t\t\t\t\t\t\t<figcaption class=\"widget-image-caption wp-caption-text\">Der Hafen von Antwerpen in \u00f6sterreichischer Zeit<\/figcaption>\n\t\t\t\t\t\t\t\t\t\t<\/figure>\n\t\t\t\t\t\t\t\t\t<\/div>\n\t\t\t\t<\/div>\n\t\t\t\t<div class=\"elementor-element elementor-element-f4b01e9 elementor-widget elementor-widget-text-editor\" data-id=\"f4b01e9\" data-element_type=\"widget\" data-e-type=\"widget\" data-widget_type=\"text-editor.default\">\n\t\t\t\t<div class=\"elementor-widget-container\">\n\t\t\t\t\t\t\t\t\t<p style=\"text-align: justify;\"><strong>Lieber Besucher<\/strong>, herzlich willkommen in Antwerpen und in einer der vielen sch\u00f6nen Kirchen, an denen unsere Stadt reich ist. Sie werden von der wechselvollen Geschichte und so viel wunderbarer Kreativit\u00e4t begeistert sein. Die zahlreichen Kircht\u00fcrme laden von weitem ein, Frieden und zeitlose Sch\u00f6nheit zu genie\u00dfen. Hier finden Sie alles, was bei Ihrem Touristenbesuch n\u00fctzlich sein kann:<\/p>\n<p style=\"text-align: justify;\">Und Sie, <strong>lieber Besucher aus <\/strong><strong>Deutschland oder \u00d6sterreich<\/strong>, k\u00f6nnen sich in unserer Stadt wohlf\u00fchlen, denn Sie werden \u00fcberrascht sein, wie \u201edeutsch\u201c oder \u201e\u00f6sterreichisch\u201c Antwerpen ist. In der Tat ist unsere Stadt auch Ihre Stadt. \u00dcber unsere gegenseitigen Beziehungen finden Sie alles im <strong>G\u00e4stebuch<\/strong><a href=\"https:\/\/topa.be\/de\/startpagina\/beste-buren\/\"><em> <strong>Liebe Nachbarn aus Deutschland und \u00d6sterreich, willkommen in Antwerpen!<\/strong><\/em><\/a><\/p>\n\t\t\t\t\t\t\t\t<\/div>\n\t\t\t\t<\/div>\n\t\t\t\t<div class=\"elementor-element elementor-element-19d716a elementor-widget elementor-widget-text-editor\" data-id=\"19d716a\" data-element_type=\"widget\" data-e-type=\"widget\" data-widget_type=\"text-editor.default\">\n\t\t\t\t<div class=\"elementor-widget-container\">\n\t\t\t\t\t\t\t\t\t<div class=\"wpb_text_column wpb_content_element \">\n<div class=\"wpb_wrapper\">\n<h3 style=\"text-align: justify;\"><strong>Was ist Ihr Interesse? <\/strong><\/h3>\n<\/div>\n<\/div>\n<div class=\"wpb_text_column wpb_content_element \" style=\"text-align: justify;\">\n<div class=\"wpb_wrapper\">\n<ul>\n<li>M\u00f6chten Sie ganz einfach herausfinden, welche Kirchen Sie besuchen k\u00f6nnen? Wo finden Sie sie? Wenn Sie sie besuchen k\u00f6nnen? Zu <a href=\"https:\/\/topa.be\/de\/praktisch-2\/\"><strong>den praktischen Informationen<\/strong><\/a>.<\/li>\n<\/ul>\n<p>&nbsp;<\/p>\n<\/div>\n<\/div>\n<div class=\"wpb_text_column wpb_content_element \" style=\"text-align: justify;\">\n<div class=\"wpb_wrapper\">\n<ul>\n<li>Schauen Sie sich das an und lassen Sie sich von unseren herzlichen Guides f\u00fchren. Sie helfen Ihnen gerne, die unbekannten Geschichten und die verborgene Symbolik aufzudecken. Es gibt mehrere M\u00f6glichkeiten.\n<ul>\n<li><strong>M\u00f6chten Sie eine <a href=\"https:\/\/topa.be\/de\/individueel\/\">individuelle Tour<\/a><\/strong> durch eine der f\u00fcnf touristischen Kirchen? <em>(Diese sind kostenlos und ohne Vorregistrierung. Konsultieren Sie auch die Valvas der Kirche vor Ort oder fragen Sie am Schalter).<\/em><\/li>\n<li><strong>M\u00f6chten Sie eine <a href=\"https:\/\/topa.be\/de\/groepen\/\">Gruppentour<\/a><\/strong> in den f\u00fcnf touristischen Kirchen? <em>(Diese sind nat\u00fcrlich kostenpflichtig)<\/em><\/li>\n<\/ul>\n<\/li>\n<\/ul>\n<p>&nbsp;<\/p>\n<\/div>\n<\/div>\n<div class=\"wpb_text_column wpb_content_element \">\n<div class=\"wpb_wrapper\">\n<ul>\n<li style=\"text-align: justify;\">M\u00f6chten Sie an einem <a href=\"https:\/\/topa.be\/de\/erediensten\/\"><strong>Gottesdienst<\/strong><\/a> teilnehmen? Dann treffen Sie hier Ihre Wahl f\u00fcr Ihre eigene Kirchengemeinde: r\u00f6misch-katholisch, orthodox, anglikanisch, protestantisch (soweit sie dem \u00d6kumenischen Antwerpener Kirchenrat angeschlossen ist). Hier finden Sie auch fremdsprachige Gottesdienste.<\/li>\n<\/ul>\n<\/div>\n<\/div>\n\t\t\t\t\t\t\t\t<\/div>\n\t\t\t\t<\/div>\n\t\t\t\t<div class=\"elementor-element elementor-element-f8f61a3 elementor-widget elementor-widget-text-editor\" data-id=\"f8f61a3\" data-element_type=\"widget\" data-e-type=\"widget\" data-widget_type=\"text-editor.default\">\n\t\t\t\t<div class=\"elementor-widget-container\">\n\t\t\t\t\t\t\t\t\t<div class=\"wpb_text_column wpb_content_element \">\n<div class=\"wpb_wrapper\">\n<h3 style=\"text-align: justify;\"><strong>Auf dieser Website k\u00f6nnen Sie die Kirchen bereits ausgiebig kennenlernen.<\/strong><\/h3>\n<\/div>\n<\/div>\n<div class=\"wpb_text_column wpb_content_element \" style=\"text-align: justify;\">\n<div class=\"wpb_wrapper\">\n<ul>\n<li>M\u00f6chten Sie die bildende Kunst von nicht weniger als 30 <strong><a href=\"https:\/\/topa.be\/de\/monumentale-kerken\/\">monumentalen Kirchen des Gro\u00dfraumes Antwerpen<\/a><\/strong> mit den f\u00fcnf Sehensw\u00fcrdigkeiten an der Spitze kennenlernen:\n<ul>\n<li><a href=\"https:\/\/topa.be\/de\/olv-kathedraal\/\"><strong>Liebfrauenkathedrale<\/strong><\/a><\/li>\n<li><a href=\"https:\/\/topa.be\/de\/st-andries\/\"><strong>Sankt Andreas Kirche<\/strong><\/a><\/li>\n<li><a href=\"https:\/\/topa.be\/de\/sint-carolus-borromeus\/\"><strong>Kirche des Heiligen Carolus Borromeo<\/strong><\/a><\/li>\n<li><a href=\"https:\/\/topa.be\/de\/sint-jacob\/\"><strong>Sankt Jacobus Kirche<\/strong><\/a><\/li>\n<li><a href=\"https:\/\/topa.be\/de\/sint-pauluskerk\/\"><strong>Sankt Paulus Kirche<\/strong><\/a><\/li>\n<\/ul>\n<\/li>\n<\/ul>\n<p>&nbsp;<\/p>\n<\/div>\n<\/div>\n<div class=\"wpb_text_column wpb_content_element \" style=\"text-align: justify;\">\n<div class=\"wpb_wrapper\">\n<ul>\n<li>Auf dieser Website finden Sie sowohl eine kurze Einf\u00fchrung oder eine detaillierte Beschreibung als auch kulturelle und wissenschaftliche Informationen. Treffen Sie Ihre eigene Wahl:\n<ul>\n<li><strong>M\u00f6chten Sie eine kurze Bekanntschaft machen? Ein Geschmacksmacher<\/strong> hilft Ihnen beim Einstieg. F\u00fcr die f\u00fcnf touristischen Kirchen sind diese Beschreibungen in mehreren Sprachen verf\u00fcgbar. <em>Besuchen Sie die TOPA-Website in der entsprechenden Sprache.<\/em><\/li>\n<li><strong>Entscheiden Sie sich daf\u00fcr, die Kunstsch\u00e4tze in unseren Kirchen intensiver zu genie\u00dfen?<\/strong> Dann finden Sie sicherlich, was Sie suchen, in der detaillierten <strong>Beschreibung<\/strong>. Sie werden erstaunt sein \u00fcber die erz\u00e4hlerische Bildsprache und die verborgene Symbolik, aber auch \u00fcber ihre bewegte Geschichte und wie das Kunstwerk mit dem zeitgen\u00f6ssischen soziokulturellen Leben verwoben ist.<\/li>\n<li>Die dritte Ebene ist das dynamische <strong>wissenschaftliche Forum<\/strong>, in dem Experten Fu\u00dfnoten und die wichtigsten Diskussionspunkte pro Kunstwerk finden k\u00f6nnen. <em>(noch in Entwicklung)<\/em>.<\/li>\n<\/ul>\n<\/li>\n<\/ul>\n<p>&nbsp;<\/p>\n<\/div>\n<\/div>\n<div class=\"wpb_text_column wpb_content_element \" style=\"text-align: justify;\">\n<div class=\"wpb_wrapper\">\n<ul>\n<li>Ist das Lesen von Karten f\u00fcr Sie bequemer? Dies ist auch \u00fcber diese <a href=\"https:\/\/www.google.com\/maps\/d\/edit?mid=1iZG2PyUpfgUaDqLc-C_n5kGoHu2os6Ku&amp;usp=sharing\"><strong>interaktive Karte<\/strong><\/a> der monumentalen Kirchen in der Di\u00f6zese Antwerpen m\u00f6glich.<\/li>\n<\/ul>\n<p>&nbsp;<\/p>\n<\/div>\n<\/div>\n<div class=\"wpb_text_column wpb_content_element \">\n<div class=\"wpb_wrapper\">\n<ul>\n<li style=\"text-align: justify;\">Sind Sie auf dem Weg in die <strong>Provinz Antwerpen<\/strong>? Zahlreiche sehenswerte Kirchen befinden sich im Kempen an Ihrer Route. Konsultieren Sie die eigenen Websites der Kirchen und die von TOPA: <a href=\"https:\/\/www.topa-kempen.be\/\"><strong>topa-kempen.be<\/strong><\/a><strong>.<\/strong><\/li>\n<\/ul>\n<\/div>\n<\/div>\n\t\t\t\t\t\t\t\t<\/div>\n\t\t\t\t<\/div>\n\t\t\t\t<div class=\"elementor-element elementor-element-c8dbdcf elementor-widget elementor-widget-text-editor\" data-id=\"c8dbdcf\" data-element_type=\"widget\" data-e-type=\"widget\" data-widget_type=\"text-editor.default\">\n\t\t\t\t<div class=\"elementor-widget-container\">\n\t\t\t\t\t\t\t\t\t<div class=\"wpb_text_column wpb_content_element \">\n<div class=\"wpb_wrapper\">\n<h3 style=\"text-align: justify;\"><strong>Und was entdecken Sie in unserer Stadt, wenn Sie von Kirche zu Kirche gehen?<\/strong><\/h3>\n<\/div>\n<\/div>\n<div class=\"wpb_text_column wpb_content_element \" style=\"text-align: justify;\">\n<div class=\"wpb_wrapper\">\n<ul>\n<li>Nicht nur innerhalb der Kirchen, sondern auch drau\u00dfen auf der Stra\u00dfe wird die \u201egute Nachricht\u201c dargestellt. Diese <a href=\"https:\/\/topa.be\/de\/gevelbeelden\/\"><strong>religi\u00f6sen Stra\u00dfenszenen<\/strong><\/a> sind sehr typisch f\u00fcr Antwerpen, vor allem die anmutigen Marienstatuen, die Sie an den Stra\u00dfenecken begr\u00fc\u00dfen. <em>(auf Englisch)<\/em><\/li>\n<\/ul>\n<p>&nbsp;<\/p>\n<\/div>\n<\/div>\n<div class=\"wpb_text_column wpb_content_element \" style=\"text-align: justify;\">\n<div class=\"wpb_wrapper\">\n<ul>\n<li><strong>Unsere Themenwanderungen <\/strong>helfen Ihnen, die Stadt und ihre Kirchen besser zu entdecken. Sie werden sich vom j\u00e4hrlichen Thema der <strong><a href=\"https:\/\/topa.be\/de\/nacht-van-de-kerken\/\">Nacht der Kirchen<\/a><\/strong> inspirieren lassen.<em> (auf Englisch)<\/em><\/li>\n<\/ul>\n<p>&nbsp;<\/p>\n<\/div>\n<\/div>\n<div class=\"wpb_text_column wpb_content_element \" style=\"text-align: justify;\">\n<div class=\"wpb_wrapper\">\n<ul>\n<li>Wenn Sie die Kunst von so viel Sch\u00f6nheit ruhig und intensiv erleben m\u00f6chten, k\u00f6nnen Sie sich auf <a href=\"https:\/\/topa.be\/de\/publicaties-2\/\"><strong>unsere Publikationen<\/strong><\/a> verlassen<em> (in der Regel in jeder touristischen Kirche verf\u00fcgbar)<\/em>.\n<ul>\n<li>Um Ihren Besuch gr\u00fcndlich vorzubereiten oder ihn f\u00fcr einen l\u00e4ngeren Zeitraum zu genie\u00dfen, tauchen Sie ein in eines der <strong>Kunstb\u00fccher<\/strong> jeder der f\u00fcnf touristischen Kirchen.<\/li>\n<li>Eine <strong>Reihe internationaler G\u00e4steb\u00fccher<\/strong> unterstreicht jeweils die vielf\u00e4ltigen Beziehungen zwischen einem bestimmten Land und Antwerpen. Es gibt auch <a href=\"https:\/\/topa.be\/de\/startpagina\/beste-buren\/\"><em><strong>Liebe Besucher aus Deutschland und \u00d6sterreich, willkommen in Antwerpen!<\/strong><\/em><\/a><\/li>\n<\/ul>\n<\/li>\n<\/ul>\n<\/div>\n<\/div>\n<div class=\"wpb_text_column wpb_content_element \" style=\"text-align: justify;\">\n<div class=\"wpb_wrapper\">\n<ul>\n<li>Dar\u00fcber hinaus bleiben Sie \u00fcber die <a href=\"https:\/\/topa.be\/de\/tentoonstelling\/\"><strong>Ausstellungen<\/strong><\/a> auf dem Laufenden, die TOPA selbst organisiert, unterst\u00fctzt oder zu denen sie beitragen.<\/li>\n<\/ul>\n<p>&nbsp;<\/p>\n<\/div>\n<\/div>\n<div class=\"wpb_text_column wpb_content_element \" style=\"text-align: justify;\">\n<div class=\"wpb_wrapper\">\n<ul>\n<li>Wenn Sie mehr \u00fcber <strong><a href=\"https:\/\/topa.be\/de\/bezinning\/\">Urlaub und Reisen nachdenken<\/a><\/strong> m\u00f6chten, finden Sie hier eine Reihe von Texten, die Sie begeistern k\u00f6nnen. Unter anderem gibt es ein internationales Gebet f\u00fcr Touristen, wie es seit Jahren unter den Gew\u00f6lben der Kathedrale von Antwerpen als Ruhest\u00e4tte auf dem Weg des Lebens erklingt.<\/li>\n<\/ul>\n<p>&nbsp;<\/p>\n<\/div>\n<\/div>\n<div class=\"wpb_text_column wpb_content_element \">\n<div class=\"wpb_wrapper\">\n<p style=\"text-align: justify;\">Unsere Mission bei <strong>To<\/strong>erisme<strong>P<\/strong>astoraal <strong>A<\/strong>ntwerpen <em>(Tourismus Pastoral Antwerpen)<\/em> (TOPA vzw) ist es, den Menschen auf ihrem Weg zu mehr sozialer, kultureller und spiritueller Tiefe zu dienen. Im Zeichen des Kunsttourismus lautet unser Motto in den Kirchen: \u201e<strong>Steine<\/strong> <strong>sprechen lassen\u201c.<\/strong> Gerne teilen wir unsere Erfahrungen mit jedem, der dies anstrebt. M\u00f6chten Sie mehr \u00fcber unseren Verein erfahren: \u00a0<strong><a href=\"https:\/\/topa.be\/de\/wie-zijn-we\/\">Wer sind wir?<\/a><\/strong> <em>(auf Englisch)<\/em><\/p>\n<\/div>\n<\/div>\n\t\t\t\t\t\t\t\t<\/div>\n\t\t\t\t<\/div>\n\t\t\t\t\t<\/div>\n\t\t<\/div>\n\t\t\t\t<div class=\"elementor-column elementor-col-33 elementor-top-column elementor-element elementor-element-5993c2b\" data-id=\"5993c2b\" data-element_type=\"column\" data-e-type=\"column\">\n\t\t\t<div class=\"elementor-widget-wrap elementor-element-populated\">\n\t\t\t\t\t\t<div class=\"elementor-element elementor-element-261daa2 elementor-widget elementor-widget-image\" data-id=\"261daa2\" data-element_type=\"widget\" data-e-type=\"widget\" data-widget_type=\"image.default\">\n\t\t\t\t<div class=\"elementor-widget-container\">\n\t\t\t\t\t\t\t\t\t\t\t\t\t\t\t<img decoding=\"async\" width=\"635\" height=\"635\" src=\"https:\/\/topa.be\/wp-content\/uploads\/Tegel-Welkom.png\" class=\"attachment-large size-large wp-image-37006\" alt=\"\" srcset=\"https:\/\/topa.be\/wp-content\/uploads\/Tegel-Welkom.png 635w, https:\/\/topa.be\/wp-content\/uploads\/Tegel-Welkom-300x300.png 300w, https:\/\/topa.be\/wp-content\/uploads\/Tegel-Welkom-200x200.png 200w\" sizes=\"(max-width: 635px) 100vw, 635px\" \/>\t\t\t\t\t\t\t\t\t\t\t\t\t\t\t<\/div>\n\t\t\t\t<\/div>\n\t\t\t\t\t<\/div>\n\t\t<\/div>\n\t\t\t\t\t<\/div>\n\t\t<\/section>\n\t\t\t\t<\/div>\n\t\t","protected":false},"excerpt":{"rendered":"<p>WILLKOMMEN! Der Hafen von Antwerpen in \u00f6sterreichischer Zeit Lieber Besucher, herzlich willkommen in Antwerpen und in einer der vielen sch\u00f6nen Kirchen, an denen unsere Stadt reich ist. Sie werden von der wechselvollen Geschichte und so viel wunderbarer Kreativit\u00e4t begeistert sein. Die zahlreichen Kircht\u00fcrme laden von weitem ein, Frieden und zeitlose Sch\u00f6nheit zu genie\u00dfen. Hier finden [&hellip;]<\/p>\n","protected":false},"author":16,"featured_media":0,"parent":0,"menu_order":10,"comment_status":"closed","ping_status":"closed","template":"","meta":{"footnotes":""},"class_list":["post-41492","page","type-page","status-publish","hentry"],"aioseo_notices":[],"_links":{"self":[{"href":"https:\/\/topa.be\/de\/wp-json\/wp\/v2\/pages\/41492","targetHints":{"allow":["GET"]}}],"collection":[{"href":"https:\/\/topa.be\/de\/wp-json\/wp\/v2\/pages"}],"about":[{"href":"https:\/\/topa.be\/de\/wp-json\/wp\/v2\/types\/page"}],"author":[{"embeddable":true,"href":"https:\/\/topa.be\/de\/wp-json\/wp\/v2\/users\/16"}],"replies":[{"embeddable":true,"href":"https:\/\/topa.be\/de\/wp-json\/wp\/v2\/comments?post=41492"}],"version-history":[{"count":3,"href":"https:\/\/topa.be\/de\/wp-json\/wp\/v2\/pages\/41492\/revisions"}],"predecessor-version":[{"id":71295,"href":"https:\/\/topa.be\/de\/wp-json\/wp\/v2\/pages\/41492\/revisions\/71295"}],"wp:attachment":[{"href":"https:\/\/topa.be\/de\/wp-json\/wp\/v2\/media?parent=41492"}],"curies":[{"name":"wp","href":"https:\/\/api.w.org\/{rel}","templated":true}]}}