{"id":39470,"date":"2021-06-08T23:48:59","date_gmt":"2021-06-08T21:48:59","guid":{"rendered":"http:\/\/topa.be\/st-andries\/qr-codes\/qr05\/"},"modified":"2021-08-06T20:07:07","modified_gmt":"2021-08-06T18:07:07","slug":"qr05","status":"publish","type":"page","link":"https:\/\/topa.be\/de\/st-andries\/qr-codes\/qr05\/","title":{"rendered":"SAK QR05 \u2013 Die Kanzel"},"content":{"rendered":"\t\t<div data-elementor-type=\"wp-page\" data-elementor-id=\"39470\" class=\"elementor elementor-39470 elementor-33656\" data-elementor-post-type=\"page\">\n\t\t\t\t\t\t<section class=\"elementor-section elementor-top-section elementor-element elementor-element-305bc0c elementor-section-boxed elementor-section-height-default elementor-section-height-default\" data-id=\"305bc0c\" data-element_type=\"section\" data-e-type=\"section\">\n\t\t\t\t\t\t<div class=\"elementor-container elementor-column-gap-default\">\n\t\t\t\t\t<div class=\"elementor-column elementor-col-66 elementor-top-column elementor-element elementor-element-022079e\" data-id=\"022079e\" data-element_type=\"column\" data-e-type=\"column\">\n\t\t\t<div class=\"elementor-widget-wrap elementor-element-populated\">\n\t\t\t\t\t\t<div class=\"elementor-element elementor-element-2a92d86 elementor-widget elementor-widget-heading\" data-id=\"2a92d86\" data-element_type=\"widget\" data-e-type=\"widget\" data-widget_type=\"heading.default\">\n\t\t\t\t<div class=\"elementor-widget-container\">\n\t\t\t\t\t<h2 class=\"elementor-heading-title elementor-size-default\">St.-Andreaskirche zu Antwerpen<\/h2>\t\t\t\t<\/div>\n\t\t\t\t<\/div>\n\t\t\t\t<div class=\"elementor-element elementor-element-1a5b157 elementor-widget elementor-widget-heading\" data-id=\"1a5b157\" data-element_type=\"widget\" data-e-type=\"widget\" data-widget_type=\"heading.default\">\n\t\t\t\t<div class=\"elementor-widget-container\">\n\t\t\t\t\t<h2 class=\"elementor-heading-title elementor-size-default\">Die Kanzel<\/h2>\t\t\t\t<\/div>\n\t\t\t\t<\/div>\n\t\t\t\t<div class=\"elementor-element elementor-element-af43813 elementor-widget elementor-widget-text-editor\" data-id=\"af43813\" data-element_type=\"widget\" data-e-type=\"widget\" data-widget_type=\"text-editor.default\">\n\t\t\t\t<div class=\"elementor-widget-container\">\n\t\t\t\t\t\t\t\t\t<p style=\"text-align: justify;\">Schreinerei : Jan Baptist Van Hool; Skulpturengruppe\u00a0<em>Die Berufung der Apostel Andreas und Petrus:<\/em>\u00a0Jan Frans Van Geel, 1821<\/p>\n<p style=\"text-align: justify;\"><strong>\u00a0<\/strong><\/p>\n<p style=\"text-align: justify;\">1559 schenkten die \u00e4u\u00dferst reichen Bankiers Fugger ihrer Pfarrkirche eine einfache Kanzel im Renaissancestil. Diese wurde verkauft, um 1821 der heute bekannten Kanzel Platz zu machen, einem meisterlichen Barockwerk.<\/p>\n<p style=\"text-align: justify;\">Nahezu leibhaftig wird die Berufung der ersten beiden Apostel abgebildet: Petrus und Andreas, die Schutzheiligen der Pfarrei. Die Darstellung der Personen, ihres Arbeitsmaterials und ihres Fangs ist verbl\u00fcffend. Christus und die beiden Br\u00fcder stehen dort greifbar und lebensgro\u00df, genauso wie alle Requisiten: das Boot, die Ruder, das Fangnetz, die Fische. Nur wer \u2013 naturgetreu \u2013 Beine an seinem K\u00f6rper hat, wie die Krabbe und der Krebs, kann noch entkommen. Dem Evangelium (Mt. 4:18-20) getreu werden Andreas und Petrus mitten in ihrer Arbeit als Fischer von Jesus angesprochen: \u201eKommet mir nach, und ich werde euch zu Menschenfischern machen.\u201c Ohne Zaudern, aber voll Erstaunen \u00fcber einen solchen \u00fcberraschenden Aufruf lassen sie ihre Netze zur\u00fcck.<\/p>\n<p style=\"text-align: justify;\">Wer \u00fcber \u201aBerufung\u2018 nachdenkt oder f\u00fcr \u201eBerufungen\u201c betet, ist beinahe nirgendwo richtiger als hier. Wer die Berufung von Jesus annimmt, muss auch dazu bereit sein \u201esein Kreuz aufzunehmen\u201c. Der mannhafte Andreas schreckt keineswegs davor zur\u00fcck, sein Bekenntnis zu Christus mit seinem Blut zu bezahlen. Deshalb wird der Pfarrgemeinde das r\u00f6mische Folterger\u00e4t als Troph\u00e4e pr\u00e4sentiert. Man darf sich schlie\u00dflich sicher sein, dass er \u201edas (ewige) Leben finden wird\u201c!<\/p>\n\t\t\t\t\t\t\t\t<\/div>\n\t\t\t\t<\/div>\n\t\t\t\t<div class=\"elementor-element elementor-element-bed477e elementor-widget elementor-widget-button\" data-id=\"bed477e\" data-element_type=\"widget\" data-e-type=\"widget\" data-widget_type=\"button.default\">\n\t\t\t\t<div class=\"elementor-widget-container\">\n\t\t\t\t\t\t\t\t\t<div class=\"elementor-button-wrapper\">\n\t\t\t\t\t<a class=\"elementor-button elementor-button-link elementor-size-sm\" href=\"http:\/\/topa.be\/en\/st-andries\/beschrijving\/preekstoel\/\">\n\t\t\t\t\t\t<span class=\"elementor-button-content-wrapper\">\n\t\t\t\t\t\t<span class=\"elementor-button-icon\">\n\t\t\t\t<i aria-hidden=\"true\" class=\"fas fa-book-reader\"><\/i>\t\t\t<\/span>\n\t\t\t\t\t\t\t\t\t<span class=\"elementor-button-text\">Read more?<\/span>\n\t\t\t\t\t<\/span>\n\t\t\t\t\t<\/a>\n\t\t\t\t<\/div>\n\t\t\t\t\t\t\t\t<\/div>\n\t\t\t\t<\/div>\n\t\t\t\t\t<\/div>\n\t\t<\/div>\n\t\t\t\t<div class=\"elementor-column elementor-col-33 elementor-top-column elementor-element elementor-element-918ba34\" data-id=\"918ba34\" data-element_type=\"column\" data-e-type=\"column\">\n\t\t\t<div class=\"elementor-widget-wrap elementor-element-populated\">\n\t\t\t\t\t\t<div class=\"elementor-element elementor-element-88eafa3 elementor-nav-menu--dropdown-tablet elementor-nav-menu__text-align-aside elementor-nav-menu--toggle elementor-nav-menu--burger elementor-widget elementor-widget-nav-menu\" data-id=\"88eafa3\" data-element_type=\"widget\" data-e-type=\"widget\" data-settings=\"{&quot;layout&quot;:&quot;vertical&quot;,&quot;submenu_icon&quot;:{&quot;value&quot;:&quot;&lt;i class=\\&quot;fas fa-caret-down\\&quot; aria-hidden=\\&quot;true\\&quot;&gt;&lt;\\\/i&gt;&quot;,&quot;library&quot;:&quot;fa-solid&quot;},&quot;toggle&quot;:&quot;burger&quot;}\" data-widget_type=\"nav-menu.default\">\n\t\t\t\t<div class=\"elementor-widget-container\">\n\t\t\t\t\t\t\t\t<nav aria-label=\"Men\u00fc\" class=\"elementor-nav-menu--main elementor-nav-menu__container elementor-nav-menu--layout-vertical e--pointer-framed e--animation-fade\">\n\t\t\t\t<ul id=\"menu-1-88eafa3\" class=\"elementor-nav-menu sm-vertical\"><li class=\"menu-item menu-item-type-post_type menu-item-object-page menu-item-60168\"><a href=\"https:\/\/topa.be\/de\/st-andries\/qr-codes\/qr01\/\" class=\"elementor-item\">QR01 \u2013 St.-Andreaskirche \u2013 Einf\u00fchrung<\/a><\/li>\n<li class=\"menu-item menu-item-type-post_type menu-item-object-page menu-item-60171\"><a href=\"https:\/\/topa.be\/de\/st-andries\/qr-codes\/qr02\/\" class=\"elementor-item\">QR02 \u2013 Die Geschichte<\/a><\/li>\n<li class=\"menu-item menu-item-type-post_type menu-item-object-page menu-item-60172\"><a href=\"https:\/\/topa.be\/de\/st-andries\/qr-codes\/qr03\/\" class=\"elementor-item\">QR03 \u2013 Der Turm<\/a><\/li>\n<li class=\"menu-item menu-item-type-post_type menu-item-object-page menu-item-60173\"><a href=\"https:\/\/topa.be\/de\/st-andries\/qr-codes\/qr04\/\" class=\"elementor-item\">QR04 \u2013 Das Innerraum<\/a><\/li>\n<li class=\"menu-item menu-item-type-post_type menu-item-object-page menu-item-60174\"><a href=\"https:\/\/topa.be\/de\/st-andries\/qr-codes\/qr05\/\" class=\"elementor-item\">QR05 \u2013 Die Kanzel<\/a><\/li>\n<li class=\"menu-item menu-item-type-post_type menu-item-object-page menu-item-60175\"><a href=\"https:\/\/topa.be\/de\/st-andries\/qr-codes\/qr06\/\" class=\"elementor-item\">QR06 \u2013 Die Seitenalt\u00e4re<\/a><\/li>\n<li class=\"menu-item menu-item-type-post_type menu-item-object-page menu-item-60176\"><a href=\"https:\/\/topa.be\/de\/st-andries\/qr-codes\/qr07\/\" class=\"elementor-item\">QR07 \u2013 Die Reise des Lebens<\/a><\/li>\n<li class=\"menu-item menu-item-type-post_type menu-item-object-page menu-item-60177\"><a href=\"https:\/\/topa.be\/de\/st-andries\/qr-codes\/qr08\/\" class=\"elementor-item\">QR08 \u2013 Epitaph der Augustiner<\/a><\/li>\n<li class=\"menu-item menu-item-type-post_type menu-item-object-page menu-item-60178\"><a href=\"https:\/\/topa.be\/de\/st-andries\/qr-codes\/qr09\/\" class=\"elementor-item\">QR09 \u2013 Sankt Eligius altar der M\u00fcnzer<\/a><\/li>\n<li class=\"menu-item menu-item-type-post_type menu-item-object-page menu-item-60179\"><a href=\"https:\/\/topa.be\/de\/st-andries\/qr-codes\/qr10\/\" class=\"elementor-item\">QR10 \u2013 Die Schatzkammer<\/a><\/li>\n<li class=\"menu-item menu-item-type-post_type menu-item-object-page menu-item-60180\"><a href=\"https:\/\/topa.be\/de\/st-andries\/qr-codes\/qr11\/\" class=\"elementor-item\">QR11 \u2013 Die Marienkapelle<\/a><\/li>\n<li class=\"menu-item menu-item-type-post_type menu-item-object-page menu-item-60221\"><a href=\"https:\/\/topa.be\/de\/st-andries\/qr-codes\/qr12\/\" class=\"elementor-item\">QR12 \u2013 Der Bruderschaft der Gl\u00e4ubigen Seelen<\/a><\/li>\n<li class=\"menu-item menu-item-type-post_type menu-item-object-page menu-item-60222\"><a href=\"https:\/\/topa.be\/de\/st-andries\/qr-codes\/qr13\/\" class=\"elementor-item\">QR13 \u2013 Die Statue des heiligen Petrus<\/a><\/li>\n<li class=\"menu-item menu-item-type-post_type menu-item-object-page menu-item-60223\"><a href=\"https:\/\/topa.be\/de\/st-andries\/qr-codes\/qr14\/\" class=\"elementor-item\">QR14 \u2013 Der Hochaltar<\/a><\/li>\n<li class=\"menu-item menu-item-type-post_type menu-item-object-page menu-item-60224\"><a href=\"https:\/\/topa.be\/de\/st-andries\/qr-codes\/qr15\/\" class=\"elementor-item\">QR15 \u2013 Das Martyrium des heiligen Andreas<\/a><\/li>\n<li class=\"menu-item menu-item-type-post_type menu-item-object-page menu-item-60225\"><a href=\"https:\/\/topa.be\/de\/st-andries\/qr-codes\/qr16\/\" class=\"elementor-item\">QR16 \u2013 Der Chor<\/a><\/li>\n<li class=\"menu-item menu-item-type-post_type menu-item-object-page menu-item-60226\"><a href=\"https:\/\/topa.be\/de\/st-andries\/qr-codes\/qr17\/\" class=\"elementor-item\">QR17 \u2013 Die Kapelle des heiligen Sakramentes<\/a><\/li>\n<li class=\"menu-item menu-item-type-post_type menu-item-object-page menu-item-60227\"><a href=\"https:\/\/topa.be\/de\/st-andries\/qr-codes\/qr18\/\" class=\"elementor-item\">QR18 \u2013 Das Epitaph der Hofdamen von Mary Stuart<\/a><\/li>\n<li class=\"menu-item menu-item-type-post_type menu-item-object-page menu-item-60228\"><a href=\"https:\/\/topa.be\/de\/st-andries\/qr-codes\/qr19\/\" class=\"elementor-item\">QR19 \u2013 Was ist Wahrheit?<\/a><\/li>\n<li class=\"menu-item menu-item-type-post_type menu-item-object-page menu-item-60229\"><a href=\"https:\/\/topa.be\/de\/st-andries\/qr-codes\/qr20\/\" class=\"elementor-item\">QR20 \u2013 Der Boxsack<\/a><\/li>\n<\/ul>\t\t\t<\/nav>\n\t\t\t\t\t<div class=\"elementor-menu-toggle\" role=\"button\" tabindex=\"0\" aria-label=\"Men\u00fc Umschalter\" aria-expanded=\"false\">\n\t\t\t<i aria-hidden=\"true\" role=\"presentation\" class=\"elementor-menu-toggle__icon--open eicon-menu-bar\"><\/i><i aria-hidden=\"true\" role=\"presentation\" class=\"elementor-menu-toggle__icon--close eicon-close\"><\/i>\t\t<\/div>\n\t\t\t\t\t<nav class=\"elementor-nav-menu--dropdown elementor-nav-menu__container\" aria-hidden=\"true\">\n\t\t\t\t<ul id=\"menu-2-88eafa3\" class=\"elementor-nav-menu sm-vertical\"><li class=\"menu-item menu-item-type-post_type menu-item-object-page menu-item-60168\"><a href=\"https:\/\/topa.be\/de\/st-andries\/qr-codes\/qr01\/\" class=\"elementor-item\" tabindex=\"-1\">QR01 \u2013 St.-Andreaskirche \u2013 Einf\u00fchrung<\/a><\/li>\n<li class=\"menu-item menu-item-type-post_type menu-item-object-page menu-item-60171\"><a href=\"https:\/\/topa.be\/de\/st-andries\/qr-codes\/qr02\/\" class=\"elementor-item\" tabindex=\"-1\">QR02 \u2013 Die Geschichte<\/a><\/li>\n<li class=\"menu-item menu-item-type-post_type menu-item-object-page menu-item-60172\"><a href=\"https:\/\/topa.be\/de\/st-andries\/qr-codes\/qr03\/\" class=\"elementor-item\" tabindex=\"-1\">QR03 \u2013 Der Turm<\/a><\/li>\n<li class=\"menu-item menu-item-type-post_type menu-item-object-page menu-item-60173\"><a href=\"https:\/\/topa.be\/de\/st-andries\/qr-codes\/qr04\/\" class=\"elementor-item\" tabindex=\"-1\">QR04 \u2013 Das Innerraum<\/a><\/li>\n<li class=\"menu-item menu-item-type-post_type menu-item-object-page menu-item-60174\"><a href=\"https:\/\/topa.be\/de\/st-andries\/qr-codes\/qr05\/\" class=\"elementor-item\" tabindex=\"-1\">QR05 \u2013 Die Kanzel<\/a><\/li>\n<li class=\"menu-item menu-item-type-post_type menu-item-object-page menu-item-60175\"><a href=\"https:\/\/topa.be\/de\/st-andries\/qr-codes\/qr06\/\" class=\"elementor-item\" tabindex=\"-1\">QR06 \u2013 Die Seitenalt\u00e4re<\/a><\/li>\n<li class=\"menu-item menu-item-type-post_type menu-item-object-page menu-item-60176\"><a href=\"https:\/\/topa.be\/de\/st-andries\/qr-codes\/qr07\/\" class=\"elementor-item\" tabindex=\"-1\">QR07 \u2013 Die Reise des Lebens<\/a><\/li>\n<li class=\"menu-item menu-item-type-post_type menu-item-object-page menu-item-60177\"><a href=\"https:\/\/topa.be\/de\/st-andries\/qr-codes\/qr08\/\" class=\"elementor-item\" tabindex=\"-1\">QR08 \u2013 Epitaph der Augustiner<\/a><\/li>\n<li class=\"menu-item menu-item-type-post_type menu-item-object-page menu-item-60178\"><a href=\"https:\/\/topa.be\/de\/st-andries\/qr-codes\/qr09\/\" class=\"elementor-item\" tabindex=\"-1\">QR09 \u2013 Sankt Eligius altar der M\u00fcnzer<\/a><\/li>\n<li class=\"menu-item menu-item-type-post_type menu-item-object-page menu-item-60179\"><a href=\"https:\/\/topa.be\/de\/st-andries\/qr-codes\/qr10\/\" class=\"elementor-item\" tabindex=\"-1\">QR10 \u2013 Die Schatzkammer<\/a><\/li>\n<li class=\"menu-item menu-item-type-post_type menu-item-object-page menu-item-60180\"><a href=\"https:\/\/topa.be\/de\/st-andries\/qr-codes\/qr11\/\" class=\"elementor-item\" tabindex=\"-1\">QR11 \u2013 Die Marienkapelle<\/a><\/li>\n<li class=\"menu-item menu-item-type-post_type menu-item-object-page menu-item-60221\"><a href=\"https:\/\/topa.be\/de\/st-andries\/qr-codes\/qr12\/\" class=\"elementor-item\" tabindex=\"-1\">QR12 \u2013 Der Bruderschaft der Gl\u00e4ubigen Seelen<\/a><\/li>\n<li class=\"menu-item menu-item-type-post_type menu-item-object-page menu-item-60222\"><a href=\"https:\/\/topa.be\/de\/st-andries\/qr-codes\/qr13\/\" class=\"elementor-item\" tabindex=\"-1\">QR13 \u2013 Die Statue des heiligen Petrus<\/a><\/li>\n<li class=\"menu-item menu-item-type-post_type menu-item-object-page menu-item-60223\"><a href=\"https:\/\/topa.be\/de\/st-andries\/qr-codes\/qr14\/\" class=\"elementor-item\" tabindex=\"-1\">QR14 \u2013 Der Hochaltar<\/a><\/li>\n<li class=\"menu-item menu-item-type-post_type menu-item-object-page menu-item-60224\"><a href=\"https:\/\/topa.be\/de\/st-andries\/qr-codes\/qr15\/\" class=\"elementor-item\" tabindex=\"-1\">QR15 \u2013 Das Martyrium des heiligen Andreas<\/a><\/li>\n<li class=\"menu-item menu-item-type-post_type menu-item-object-page menu-item-60225\"><a href=\"https:\/\/topa.be\/de\/st-andries\/qr-codes\/qr16\/\" class=\"elementor-item\" tabindex=\"-1\">QR16 \u2013 Der Chor<\/a><\/li>\n<li class=\"menu-item menu-item-type-post_type menu-item-object-page menu-item-60226\"><a href=\"https:\/\/topa.be\/de\/st-andries\/qr-codes\/qr17\/\" class=\"elementor-item\" tabindex=\"-1\">QR17 \u2013 Die Kapelle des heiligen Sakramentes<\/a><\/li>\n<li class=\"menu-item menu-item-type-post_type menu-item-object-page menu-item-60227\"><a href=\"https:\/\/topa.be\/de\/st-andries\/qr-codes\/qr18\/\" class=\"elementor-item\" tabindex=\"-1\">QR18 \u2013 Das Epitaph der Hofdamen von Mary Stuart<\/a><\/li>\n<li class=\"menu-item menu-item-type-post_type menu-item-object-page menu-item-60228\"><a href=\"https:\/\/topa.be\/de\/st-andries\/qr-codes\/qr19\/\" class=\"elementor-item\" tabindex=\"-1\">QR19 \u2013 Was ist Wahrheit?<\/a><\/li>\n<li class=\"menu-item menu-item-type-post_type menu-item-object-page menu-item-60229\"><a href=\"https:\/\/topa.be\/de\/st-andries\/qr-codes\/qr20\/\" class=\"elementor-item\" tabindex=\"-1\">QR20 \u2013 Der Boxsack<\/a><\/li>\n<\/ul>\t\t\t<\/nav>\n\t\t\t\t\t\t<\/div>\n\t\t\t\t<\/div>\n\t\t\t\t\t<\/div>\n\t\t<\/div>\n\t\t\t\t\t<\/div>\n\t\t<\/section>\n\t\t\t\t<\/div>\n\t\t","protected":false},"excerpt":{"rendered":"<p>St.-Andreaskirche zu Antwerpen Die Kanzel Schreinerei : Jan Baptist Van Hool; Skulpturengruppe\u00a0Die Berufung der Apostel Andreas und Petrus:\u00a0Jan Frans Van Geel, 1821 \u00a0 1559 schenkten die \u00e4u\u00dferst reichen Bankiers Fugger ihrer Pfarrkirche eine einfache Kanzel im Renaissancestil. Diese wurde verkauft, um 1821 der heute bekannten Kanzel Platz zu machen, einem meisterlichen Barockwerk. Nahezu leibhaftig wird [&hellip;]<\/p>\n","protected":false},"author":16,"featured_media":0,"parent":39146,"menu_order":50,"comment_status":"closed","ping_status":"closed","template":"","meta":{"footnotes":""},"class_list":["post-39470","page","type-page","status-publish","hentry"],"aioseo_notices":[],"_links":{"self":[{"href":"https:\/\/topa.be\/de\/wp-json\/wp\/v2\/pages\/39470","targetHints":{"allow":["GET"]}}],"collection":[{"href":"https:\/\/topa.be\/de\/wp-json\/wp\/v2\/pages"}],"about":[{"href":"https:\/\/topa.be\/de\/wp-json\/wp\/v2\/types\/page"}],"author":[{"embeddable":true,"href":"https:\/\/topa.be\/de\/wp-json\/wp\/v2\/users\/16"}],"replies":[{"embeddable":true,"href":"https:\/\/topa.be\/de\/wp-json\/wp\/v2\/comments?post=39470"}],"version-history":[{"count":3,"href":"https:\/\/topa.be\/de\/wp-json\/wp\/v2\/pages\/39470\/revisions"}],"predecessor-version":[{"id":51522,"href":"https:\/\/topa.be\/de\/wp-json\/wp\/v2\/pages\/39470\/revisions\/51522"}],"up":[{"embeddable":true,"href":"https:\/\/topa.be\/de\/wp-json\/wp\/v2\/pages\/39146"}],"wp:attachment":[{"href":"https:\/\/topa.be\/de\/wp-json\/wp\/v2\/media?parent=39470"}],"curies":[{"name":"wp","href":"https:\/\/api.w.org\/{rel}","templated":true}]}}