{"id":39444,"date":"2021-06-08T23:10:20","date_gmt":"2021-06-08T21:10:20","guid":{"rendered":"http:\/\/topa.be\/st-andries\/qr-codes\/qr19\/"},"modified":"2021-08-06T19:43:30","modified_gmt":"2021-08-06T17:43:30","slug":"qr19","status":"publish","type":"page","link":"https:\/\/topa.be\/de\/st-andries\/qr-codes\/qr19\/","title":{"rendered":"SAK QR19 \u2013 Was ist Wahrheit?"},"content":{"rendered":"\t\t<div data-elementor-type=\"wp-page\" data-elementor-id=\"39444\" class=\"elementor elementor-39444 elementor-33684\" data-elementor-post-type=\"page\">\n\t\t\t\t\t\t<section class=\"elementor-section elementor-top-section elementor-element elementor-element-d4b446f elementor-section-boxed elementor-section-height-default elementor-section-height-default\" data-id=\"d4b446f\" data-element_type=\"section\" data-e-type=\"section\">\n\t\t\t\t\t\t<div class=\"elementor-container elementor-column-gap-default\">\n\t\t\t\t\t<div class=\"elementor-column elementor-col-66 elementor-top-column elementor-element elementor-element-199a4fe\" data-id=\"199a4fe\" data-element_type=\"column\" data-e-type=\"column\">\n\t\t\t<div class=\"elementor-widget-wrap elementor-element-populated\">\n\t\t\t\t\t\t<div class=\"elementor-element elementor-element-36a2b59 elementor-widget elementor-widget-heading\" data-id=\"36a2b59\" data-element_type=\"widget\" data-e-type=\"widget\" data-widget_type=\"heading.default\">\n\t\t\t\t<div class=\"elementor-widget-container\">\n\t\t\t\t\t<h2 class=\"elementor-heading-title elementor-size-default\">St.-Andreaskirche zu Antwerpen<\/h2>\t\t\t\t<\/div>\n\t\t\t\t<\/div>\n\t\t\t\t<div class=\"elementor-element elementor-element-472d341 elementor-widget elementor-widget-heading\" data-id=\"472d341\" data-element_type=\"widget\" data-e-type=\"widget\" data-widget_type=\"heading.default\">\n\t\t\t\t<div class=\"elementor-widget-container\">\n\t\t\t\t\t<h2 class=\"elementor-heading-title elementor-size-default\">Was ist Wahrheit?<\/h2>\t\t\t\t<\/div>\n\t\t\t\t<\/div>\n\t\t\t\t<div class=\"elementor-element elementor-element-723d8e0 elementor-widget elementor-widget-text-editor\" data-id=\"723d8e0\" data-element_type=\"widget\" data-e-type=\"widget\" data-widget_type=\"text-editor.default\">\n\t\t\t\t<div class=\"elementor-widget-container\">\n\t\t\t\t\t\t\t\t\t<p style=\"text-align: justify;\">Gem\u00e4lde, Alain Senez, 2012<\/p>\n<p style=\"text-align: justify;\">Dieses Kunstwerk formt das Gegenst\u00fcck zum M\u00fcnzeraltar im n\u00f6rdlichen Querschiff. W\u00e4hrend bei diesem die Macht des Geldes im Mittelpunkt steht, geht es hier um das Ph\u00e4nomen der Medien. Wie keine anderen bestimmen diese zwei Kr\u00e4fte unsere heutige Gesellschaft.<\/p>\n<p style=\"text-align: justify;\">Da der heilige Franziskus von Sales der Schutzpatron der Journalisten ist, wurde seine 40-j\u00e4hrige Verbannung im Keller aufgehoben und hat seine Statue einen neuen Platz in der Kirche erhalten. Dieser Umzug war der Impuls f\u00fcr die Erstellung eines zeitgen\u00f6ssischen Werks durch den franz\u00f6sischen K\u00fcnstler Alain Senez, bekannt durch seine meisterhafte Wiedergabe von Licht.<\/p>\n<p style=\"text-align: justify;\">Jeden Tag werden wir durch einen wahren Informations-Tsunami aus verschiedenen Medienquellen \u00fcbersp\u00fclt. Die Gretchenfrage, die also aufkommt, ist \u201eWas ist Wahrheit?\u201c. \u00dcbrigens dieselbe Frage, die Pontius Pilatus stellte, kurz bevor Jesus verurteilt wurde (\u201aQuid est veritas\u2018, Johannes 18:38). Je mehr Information, desto bestimmter wird die Frage von Pilatus. So wie der K\u00fcnstler anhand einer Abbildung der Zeitung\u00a0<em>Corriere della Sera<\/em>\u00a0deutlich macht, kann ein Monopol die Quelle von Manipulation sein, aber auch die Obrigkeit selber, gezeigt mit\u00a0<em>Pravda<\/em>, der Zeitung der ehemaligen Sowjetunion.<\/p>\n<p style=\"text-align: justify;\">Das bringt uns zu Plato und seinem H\u00f6hlengleichnis: so lange wir in dieser physischen Welt bleiben, werden wir durch unsere Stellung in Zeit und Raum eingeschr\u00e4nkt, sicher was unser Wissen angeht.<\/p>\n<p style=\"text-align: justify;\">Schlussendlich wird es im Jenseits sein \u2013 die ewige Welt der Ideale \u2013 in dem wir von allen Standortbegrenzungen befreit werden, so dass wir die gesamte Wahrheit begreifen k\u00f6nnen. M\u00fcssen wir dann auf Pilatus Frage antworten, dass so etwas wie Wahrheit nicht besteht? Weit davon entfernt: die Wahrheitsfrage ist n\u00fctzlich zum faszinieren und ist eine Einladung f\u00fcr weitere Entdeckungen, mit dem Ziel, so nah wie m\u00f6glich zu kommen und Wahrheit irgendwie zu fassen.<\/p>\n<p style=\"text-align: justify;\">Schl\u00fcsselfigur ist Franziskus von Sales, der hier drei Mal abgebildet wird: in unserer Welt mit einem idealisierten barocken Portr\u00e4t an der Wand, im Hintergrund spazierend als himmlischer Heiliger im Jenseits, und so auch projiziert auf einem Bildschirm, aber mit einem abgewandelten Bild, wieder weit weg von der Wahrheit.<\/p>\n<p style=\"text-align: justify;\">Die Wahrheitsfrage ist nicht nur f\u00fcr Hercule Poirot als Kammerphilosoph wichtig, sondern betrifft auch ihr Leben. Bemerken sie also die Kamera im Eck rechts oben?<\/p>\n\t\t\t\t\t\t\t\t<\/div>\n\t\t\t\t<\/div>\n\t\t\t\t\t<\/div>\n\t\t<\/div>\n\t\t\t\t<div class=\"elementor-column elementor-col-33 elementor-top-column elementor-element elementor-element-864ca89\" data-id=\"864ca89\" data-element_type=\"column\" data-e-type=\"column\">\n\t\t\t<div class=\"elementor-widget-wrap elementor-element-populated\">\n\t\t\t\t\t\t<div class=\"elementor-element elementor-element-7acc63c elementor-nav-menu--dropdown-tablet elementor-nav-menu__text-align-aside elementor-nav-menu--toggle elementor-nav-menu--burger elementor-widget elementor-widget-nav-menu\" data-id=\"7acc63c\" data-element_type=\"widget\" data-e-type=\"widget\" data-settings=\"{&quot;layout&quot;:&quot;vertical&quot;,&quot;submenu_icon&quot;:{&quot;value&quot;:&quot;&lt;i class=\\&quot;fas fa-caret-down\\&quot; aria-hidden=\\&quot;true\\&quot;&gt;&lt;\\\/i&gt;&quot;,&quot;library&quot;:&quot;fa-solid&quot;},&quot;toggle&quot;:&quot;burger&quot;}\" data-widget_type=\"nav-menu.default\">\n\t\t\t\t<div class=\"elementor-widget-container\">\n\t\t\t\t\t\t\t\t<nav aria-label=\"Men\u00fc\" class=\"elementor-nav-menu--main elementor-nav-menu__container elementor-nav-menu--layout-vertical e--pointer-framed e--animation-fade\">\n\t\t\t\t<ul id=\"menu-1-7acc63c\" class=\"elementor-nav-menu sm-vertical\"><li class=\"menu-item menu-item-type-post_type menu-item-object-page menu-item-60168\"><a href=\"https:\/\/topa.be\/de\/st-andries\/qr-codes\/qr01\/\" class=\"elementor-item\">QR01 \u2013 St.-Andreaskirche \u2013 Einf\u00fchrung<\/a><\/li>\n<li class=\"menu-item menu-item-type-post_type menu-item-object-page menu-item-60171\"><a href=\"https:\/\/topa.be\/de\/st-andries\/qr-codes\/qr02\/\" class=\"elementor-item\">QR02 \u2013 Die Geschichte<\/a><\/li>\n<li class=\"menu-item menu-item-type-post_type menu-item-object-page menu-item-60172\"><a href=\"https:\/\/topa.be\/de\/st-andries\/qr-codes\/qr03\/\" class=\"elementor-item\">QR03 \u2013 Der Turm<\/a><\/li>\n<li class=\"menu-item menu-item-type-post_type menu-item-object-page menu-item-60173\"><a href=\"https:\/\/topa.be\/de\/st-andries\/qr-codes\/qr04\/\" class=\"elementor-item\">QR04 \u2013 Das Innerraum<\/a><\/li>\n<li class=\"menu-item menu-item-type-post_type menu-item-object-page menu-item-60174\"><a href=\"https:\/\/topa.be\/de\/st-andries\/qr-codes\/qr05\/\" class=\"elementor-item\">QR05 \u2013 Die Kanzel<\/a><\/li>\n<li class=\"menu-item menu-item-type-post_type menu-item-object-page menu-item-60175\"><a href=\"https:\/\/topa.be\/de\/st-andries\/qr-codes\/qr06\/\" class=\"elementor-item\">QR06 \u2013 Die Seitenalt\u00e4re<\/a><\/li>\n<li class=\"menu-item menu-item-type-post_type menu-item-object-page menu-item-60176\"><a href=\"https:\/\/topa.be\/de\/st-andries\/qr-codes\/qr07\/\" class=\"elementor-item\">QR07 \u2013 Die Reise des Lebens<\/a><\/li>\n<li class=\"menu-item menu-item-type-post_type menu-item-object-page menu-item-60177\"><a href=\"https:\/\/topa.be\/de\/st-andries\/qr-codes\/qr08\/\" class=\"elementor-item\">QR08 \u2013 Epitaph der Augustiner<\/a><\/li>\n<li class=\"menu-item menu-item-type-post_type menu-item-object-page menu-item-60178\"><a href=\"https:\/\/topa.be\/de\/st-andries\/qr-codes\/qr09\/\" class=\"elementor-item\">QR09 \u2013 Sankt Eligius altar der M\u00fcnzer<\/a><\/li>\n<li class=\"menu-item menu-item-type-post_type menu-item-object-page menu-item-60179\"><a href=\"https:\/\/topa.be\/de\/st-andries\/qr-codes\/qr10\/\" class=\"elementor-item\">QR10 \u2013 Die Schatzkammer<\/a><\/li>\n<li class=\"menu-item menu-item-type-post_type menu-item-object-page menu-item-60180\"><a href=\"https:\/\/topa.be\/de\/st-andries\/qr-codes\/qr11\/\" class=\"elementor-item\">QR11 \u2013 Die Marienkapelle<\/a><\/li>\n<li class=\"menu-item menu-item-type-post_type menu-item-object-page menu-item-60221\"><a href=\"https:\/\/topa.be\/de\/st-andries\/qr-codes\/qr12\/\" class=\"elementor-item\">QR12 \u2013 Der Bruderschaft der Gl\u00e4ubigen Seelen<\/a><\/li>\n<li class=\"menu-item menu-item-type-post_type menu-item-object-page menu-item-60222\"><a href=\"https:\/\/topa.be\/de\/st-andries\/qr-codes\/qr13\/\" class=\"elementor-item\">QR13 \u2013 Die Statue des heiligen Petrus<\/a><\/li>\n<li class=\"menu-item menu-item-type-post_type menu-item-object-page menu-item-60223\"><a href=\"https:\/\/topa.be\/de\/st-andries\/qr-codes\/qr14\/\" class=\"elementor-item\">QR14 \u2013 Der Hochaltar<\/a><\/li>\n<li class=\"menu-item menu-item-type-post_type menu-item-object-page menu-item-60224\"><a href=\"https:\/\/topa.be\/de\/st-andries\/qr-codes\/qr15\/\" class=\"elementor-item\">QR15 \u2013 Das Martyrium des heiligen Andreas<\/a><\/li>\n<li class=\"menu-item menu-item-type-post_type menu-item-object-page menu-item-60225\"><a href=\"https:\/\/topa.be\/de\/st-andries\/qr-codes\/qr16\/\" class=\"elementor-item\">QR16 \u2013 Der Chor<\/a><\/li>\n<li class=\"menu-item menu-item-type-post_type menu-item-object-page menu-item-60226\"><a href=\"https:\/\/topa.be\/de\/st-andries\/qr-codes\/qr17\/\" class=\"elementor-item\">QR17 \u2013 Die Kapelle des heiligen Sakramentes<\/a><\/li>\n<li class=\"menu-item menu-item-type-post_type menu-item-object-page menu-item-60227\"><a href=\"https:\/\/topa.be\/de\/st-andries\/qr-codes\/qr18\/\" class=\"elementor-item\">QR18 \u2013 Das Epitaph der Hofdamen von Mary Stuart<\/a><\/li>\n<li class=\"menu-item menu-item-type-post_type menu-item-object-page menu-item-60228\"><a href=\"https:\/\/topa.be\/de\/st-andries\/qr-codes\/qr19\/\" class=\"elementor-item\">QR19 \u2013 Was ist Wahrheit?<\/a><\/li>\n<li class=\"menu-item menu-item-type-post_type menu-item-object-page menu-item-60229\"><a href=\"https:\/\/topa.be\/de\/st-andries\/qr-codes\/qr20\/\" class=\"elementor-item\">QR20 \u2013 Der Boxsack<\/a><\/li>\n<\/ul>\t\t\t<\/nav>\n\t\t\t\t\t<div class=\"elementor-menu-toggle\" role=\"button\" tabindex=\"0\" aria-label=\"Men\u00fc Umschalter\" aria-expanded=\"false\">\n\t\t\t<i aria-hidden=\"true\" role=\"presentation\" class=\"elementor-menu-toggle__icon--open eicon-menu-bar\"><\/i><i aria-hidden=\"true\" role=\"presentation\" class=\"elementor-menu-toggle__icon--close eicon-close\"><\/i>\t\t<\/div>\n\t\t\t\t\t<nav class=\"elementor-nav-menu--dropdown elementor-nav-menu__container\" aria-hidden=\"true\">\n\t\t\t\t<ul id=\"menu-2-7acc63c\" class=\"elementor-nav-menu sm-vertical\"><li class=\"menu-item menu-item-type-post_type menu-item-object-page menu-item-60168\"><a href=\"https:\/\/topa.be\/de\/st-andries\/qr-codes\/qr01\/\" class=\"elementor-item\" tabindex=\"-1\">QR01 \u2013 St.-Andreaskirche \u2013 Einf\u00fchrung<\/a><\/li>\n<li class=\"menu-item menu-item-type-post_type menu-item-object-page menu-item-60171\"><a href=\"https:\/\/topa.be\/de\/st-andries\/qr-codes\/qr02\/\" class=\"elementor-item\" tabindex=\"-1\">QR02 \u2013 Die Geschichte<\/a><\/li>\n<li class=\"menu-item menu-item-type-post_type menu-item-object-page menu-item-60172\"><a href=\"https:\/\/topa.be\/de\/st-andries\/qr-codes\/qr03\/\" class=\"elementor-item\" tabindex=\"-1\">QR03 \u2013 Der Turm<\/a><\/li>\n<li class=\"menu-item menu-item-type-post_type menu-item-object-page menu-item-60173\"><a href=\"https:\/\/topa.be\/de\/st-andries\/qr-codes\/qr04\/\" class=\"elementor-item\" tabindex=\"-1\">QR04 \u2013 Das Innerraum<\/a><\/li>\n<li class=\"menu-item menu-item-type-post_type menu-item-object-page menu-item-60174\"><a href=\"https:\/\/topa.be\/de\/st-andries\/qr-codes\/qr05\/\" class=\"elementor-item\" tabindex=\"-1\">QR05 \u2013 Die Kanzel<\/a><\/li>\n<li class=\"menu-item menu-item-type-post_type menu-item-object-page menu-item-60175\"><a href=\"https:\/\/topa.be\/de\/st-andries\/qr-codes\/qr06\/\" class=\"elementor-item\" tabindex=\"-1\">QR06 \u2013 Die Seitenalt\u00e4re<\/a><\/li>\n<li class=\"menu-item menu-item-type-post_type menu-item-object-page menu-item-60176\"><a href=\"https:\/\/topa.be\/de\/st-andries\/qr-codes\/qr07\/\" class=\"elementor-item\" tabindex=\"-1\">QR07 \u2013 Die Reise des Lebens<\/a><\/li>\n<li class=\"menu-item menu-item-type-post_type menu-item-object-page menu-item-60177\"><a href=\"https:\/\/topa.be\/de\/st-andries\/qr-codes\/qr08\/\" class=\"elementor-item\" tabindex=\"-1\">QR08 \u2013 Epitaph der Augustiner<\/a><\/li>\n<li class=\"menu-item menu-item-type-post_type menu-item-object-page menu-item-60178\"><a href=\"https:\/\/topa.be\/de\/st-andries\/qr-codes\/qr09\/\" class=\"elementor-item\" tabindex=\"-1\">QR09 \u2013 Sankt Eligius altar der M\u00fcnzer<\/a><\/li>\n<li class=\"menu-item menu-item-type-post_type menu-item-object-page menu-item-60179\"><a href=\"https:\/\/topa.be\/de\/st-andries\/qr-codes\/qr10\/\" class=\"elementor-item\" tabindex=\"-1\">QR10 \u2013 Die Schatzkammer<\/a><\/li>\n<li class=\"menu-item menu-item-type-post_type menu-item-object-page menu-item-60180\"><a href=\"https:\/\/topa.be\/de\/st-andries\/qr-codes\/qr11\/\" class=\"elementor-item\" tabindex=\"-1\">QR11 \u2013 Die Marienkapelle<\/a><\/li>\n<li class=\"menu-item menu-item-type-post_type menu-item-object-page menu-item-60221\"><a href=\"https:\/\/topa.be\/de\/st-andries\/qr-codes\/qr12\/\" class=\"elementor-item\" tabindex=\"-1\">QR12 \u2013 Der Bruderschaft der Gl\u00e4ubigen Seelen<\/a><\/li>\n<li class=\"menu-item menu-item-type-post_type menu-item-object-page menu-item-60222\"><a href=\"https:\/\/topa.be\/de\/st-andries\/qr-codes\/qr13\/\" class=\"elementor-item\" tabindex=\"-1\">QR13 \u2013 Die Statue des heiligen Petrus<\/a><\/li>\n<li class=\"menu-item menu-item-type-post_type menu-item-object-page menu-item-60223\"><a href=\"https:\/\/topa.be\/de\/st-andries\/qr-codes\/qr14\/\" class=\"elementor-item\" tabindex=\"-1\">QR14 \u2013 Der Hochaltar<\/a><\/li>\n<li class=\"menu-item menu-item-type-post_type menu-item-object-page menu-item-60224\"><a href=\"https:\/\/topa.be\/de\/st-andries\/qr-codes\/qr15\/\" class=\"elementor-item\" tabindex=\"-1\">QR15 \u2013 Das Martyrium des heiligen Andreas<\/a><\/li>\n<li class=\"menu-item menu-item-type-post_type menu-item-object-page menu-item-60225\"><a href=\"https:\/\/topa.be\/de\/st-andries\/qr-codes\/qr16\/\" class=\"elementor-item\" tabindex=\"-1\">QR16 \u2013 Der Chor<\/a><\/li>\n<li class=\"menu-item menu-item-type-post_type menu-item-object-page menu-item-60226\"><a href=\"https:\/\/topa.be\/de\/st-andries\/qr-codes\/qr17\/\" class=\"elementor-item\" tabindex=\"-1\">QR17 \u2013 Die Kapelle des heiligen Sakramentes<\/a><\/li>\n<li class=\"menu-item menu-item-type-post_type menu-item-object-page menu-item-60227\"><a href=\"https:\/\/topa.be\/de\/st-andries\/qr-codes\/qr18\/\" class=\"elementor-item\" tabindex=\"-1\">QR18 \u2013 Das Epitaph der Hofdamen von Mary Stuart<\/a><\/li>\n<li class=\"menu-item menu-item-type-post_type menu-item-object-page menu-item-60228\"><a href=\"https:\/\/topa.be\/de\/st-andries\/qr-codes\/qr19\/\" class=\"elementor-item\" tabindex=\"-1\">QR19 \u2013 Was ist Wahrheit?<\/a><\/li>\n<li class=\"menu-item menu-item-type-post_type menu-item-object-page menu-item-60229\"><a href=\"https:\/\/topa.be\/de\/st-andries\/qr-codes\/qr20\/\" class=\"elementor-item\" tabindex=\"-1\">QR20 \u2013 Der Boxsack<\/a><\/li>\n<\/ul>\t\t\t<\/nav>\n\t\t\t\t\t\t<\/div>\n\t\t\t\t<\/div>\n\t\t\t\t\t<\/div>\n\t\t<\/div>\n\t\t\t\t\t<\/div>\n\t\t<\/section>\n\t\t\t\t<\/div>\n\t\t","protected":false},"excerpt":{"rendered":"<p>St.-Andreaskirche zu Antwerpen Was ist Wahrheit? Gem\u00e4lde, Alain Senez, 2012 Dieses Kunstwerk formt das Gegenst\u00fcck zum M\u00fcnzeraltar im n\u00f6rdlichen Querschiff. W\u00e4hrend bei diesem die Macht des Geldes im Mittelpunkt steht, geht es hier um das Ph\u00e4nomen der Medien. Wie keine anderen bestimmen diese zwei Kr\u00e4fte unsere heutige Gesellschaft. Da der heilige Franziskus von Sales der [&hellip;]<\/p>\n","protected":false},"author":16,"featured_media":0,"parent":39146,"menu_order":190,"comment_status":"closed","ping_status":"closed","template":"","meta":{"footnotes":""},"class_list":["post-39444","page","type-page","status-publish","hentry"],"aioseo_notices":[],"_links":{"self":[{"href":"https:\/\/topa.be\/de\/wp-json\/wp\/v2\/pages\/39444","targetHints":{"allow":["GET"]}}],"collection":[{"href":"https:\/\/topa.be\/de\/wp-json\/wp\/v2\/pages"}],"about":[{"href":"https:\/\/topa.be\/de\/wp-json\/wp\/v2\/types\/page"}],"author":[{"embeddable":true,"href":"https:\/\/topa.be\/de\/wp-json\/wp\/v2\/users\/16"}],"replies":[{"embeddable":true,"href":"https:\/\/topa.be\/de\/wp-json\/wp\/v2\/comments?post=39444"}],"version-history":[{"count":3,"href":"https:\/\/topa.be\/de\/wp-json\/wp\/v2\/pages\/39444\/revisions"}],"predecessor-version":[{"id":45908,"href":"https:\/\/topa.be\/de\/wp-json\/wp\/v2\/pages\/39444\/revisions\/45908"}],"up":[{"embeddable":true,"href":"https:\/\/topa.be\/de\/wp-json\/wp\/v2\/pages\/39146"}],"wp:attachment":[{"href":"https:\/\/topa.be\/de\/wp-json\/wp\/v2\/media?parent=39444"}],"curies":[{"name":"wp","href":"https:\/\/api.w.org\/{rel}","templated":true}]}}