{"id":39150,"date":"2021-06-05T15:00:51","date_gmt":"2021-06-05T13:00:51","guid":{"rendered":"http:\/\/topa.be\/st-andries\/rondleidingen\/"},"modified":"2024-04-03T16:27:38","modified_gmt":"2024-04-03T14:27:38","slug":"rondleidingen","status":"publish","type":"page","link":"https:\/\/topa.be\/de\/st-andries\/rondleidingen\/","title":{"rendered":"SAK F\u00fchrungen"},"content":{"rendered":"\t\t<div data-elementor-type=\"wp-page\" data-elementor-id=\"39150\" class=\"elementor elementor-39150 elementor-33496\" data-elementor-post-type=\"page\">\n\t\t\t\t\t\t<section class=\"elementor-section elementor-top-section elementor-element elementor-element-51f28c8 elementor-section-boxed elementor-section-height-default elementor-section-height-default\" data-id=\"51f28c8\" data-element_type=\"section\" data-e-type=\"section\">\n\t\t\t\t\t\t<div class=\"elementor-container elementor-column-gap-default\">\n\t\t\t\t\t<div class=\"elementor-column elementor-col-100 elementor-top-column elementor-element elementor-element-4ad7364\" data-id=\"4ad7364\" data-element_type=\"column\" data-e-type=\"column\">\n\t\t\t<div class=\"elementor-widget-wrap elementor-element-populated\">\n\t\t\t\t\t\t<div class=\"elementor-element elementor-element-ee5c81e elementor-widget elementor-widget-heading\" data-id=\"ee5c81e\" data-element_type=\"widget\" data-e-type=\"widget\" data-widget_type=\"heading.default\">\n\t\t\t\t<div class=\"elementor-widget-container\">\n\t\t\t\t\t<h1 class=\"elementor-heading-title elementor-size-default\">Sankt-Andreaskirche<\/h1>\t\t\t\t<\/div>\n\t\t\t\t<\/div>\n\t\t\t\t\t<\/div>\n\t\t<\/div>\n\t\t\t\t\t<\/div>\n\t\t<\/section>\n\t\t\t\t<section class=\"elementor-section elementor-top-section elementor-element elementor-element-4f33e1d elementor-section-boxed elementor-section-height-default elementor-section-height-default\" data-id=\"4f33e1d\" data-element_type=\"section\" data-e-type=\"section\">\n\t\t\t\t\t\t<div class=\"elementor-container elementor-column-gap-default\">\n\t\t\t\t\t<div class=\"elementor-column elementor-col-100 elementor-top-column elementor-element elementor-element-9b00d87\" data-id=\"9b00d87\" data-element_type=\"column\" data-e-type=\"column\">\n\t\t\t<div class=\"elementor-widget-wrap elementor-element-populated\">\n\t\t\t\t\t\t<div class=\"elementor-element elementor-element-724c834 elementor-widget elementor-widget-heading\" data-id=\"724c834\" data-element_type=\"widget\" data-e-type=\"widget\" data-widget_type=\"heading.default\">\n\t\t\t\t<div class=\"elementor-widget-container\">\n\t\t\t\t\t<h2 class=\"elementor-heading-title elementor-size-default\">F\u00fchrungen<\/h2>\t\t\t\t<\/div>\n\t\t\t\t<\/div>\n\t\t\t\t\t<\/div>\n\t\t<\/div>\n\t\t\t\t\t<\/div>\n\t\t<\/section>\n\t\t\t\t<section class=\"elementor-section elementor-top-section elementor-element elementor-element-56dbe77 elementor-section-boxed elementor-section-height-default elementor-section-height-default\" data-id=\"56dbe77\" data-element_type=\"section\" data-e-type=\"section\">\n\t\t\t\t\t\t<div class=\"elementor-container elementor-column-gap-default\">\n\t\t\t\t\t<div class=\"elementor-column elementor-col-66 elementor-top-column elementor-element elementor-element-c8edc9d\" data-id=\"c8edc9d\" data-element_type=\"column\" data-e-type=\"column\">\n\t\t\t<div class=\"elementor-widget-wrap elementor-element-populated\">\n\t\t\t\t\t\t<div class=\"elementor-element elementor-element-8401ecf elementor-widget elementor-widget-text-editor\" data-id=\"8401ecf\" data-element_type=\"widget\" data-e-type=\"widget\" data-widget_type=\"text-editor.default\">\n\t\t\t\t<div class=\"elementor-widget-container\">\n\t\t\t\t\t\t\t\t\t<p><strong>F\u00fcr Einzelbesucher<\/strong><br \/>\n01\/05 \u2013 30\/09.: jeden Sonntag um 15 Uhr (in Niederl\u00e4ndisch)<br \/>\nGratis, Keine Reservierung m\u00f6glich<\/p>\n\t\t\t\t\t\t\t\t<\/div>\n\t\t\t\t<\/div>\n\t\t\t\t<div class=\"elementor-element elementor-element-9ed08ef elementor-widget elementor-widget-text-editor\" data-id=\"9ed08ef\" data-element_type=\"widget\" data-e-type=\"widget\" data-widget_type=\"text-editor.default\">\n\t\t\t\t<div class=\"elementor-widget-container\">\n\t\t\t\t\t\t\t\t\t<p><strong>F\u00fcr Gruppen<\/strong><strong>\u00a0<\/strong><strong><br \/>\n<\/strong>St. Andreas 2000 e. V.,<br \/>\ne-Mail:\u00a0<a href=\"mailto:sint-andrieskerk@topa.be\"><strong>sint-andrieskerk@topa.be<\/strong><\/a><strong>\u00a0\u00a0<\/strong><br \/>\nTourismusdienst, Telefon: +32 (0)3 232 01 03<br \/>\nPfarrer Rudi Mannaerts, Telefon: +32 (0)3 226 52 53<br \/>\nPreis: \u20ac 95 pro F\u00fchrer und maximal 25 Personen<\/p>\n<p><strong>\u00a0<\/strong><\/p>\n<p><strong>Eintritt:<\/strong><strong>\u00a0<\/strong><strong><br \/>\n<\/strong>Gratis w\u00e4hrend den \u00d6ffnungszeiten,<br \/>\n\u20ac25 f\u00fcr Gruppen au\u00dferhalb\u00a0der \u00d6ffnungszeiten<\/p>\n\t\t\t\t\t\t\t\t<\/div>\n\t\t\t\t<\/div>\n\t\t\t\t<div class=\"elementor-element elementor-element-b891ba2 elementor-widget elementor-widget-text-editor\" data-id=\"b891ba2\" data-element_type=\"widget\" data-e-type=\"widget\" data-widget_type=\"text-editor.default\">\n\t\t\t\t<div class=\"elementor-widget-container\">\n\t\t\t\t\t\t\t\t\t<p>.<\/p>\n\t\t\t\t\t\t\t\t<\/div>\n\t\t\t\t<\/div>\n\t\t\t\t<div class=\"elementor-element elementor-element-ddca48d elementor-widget elementor-widget-text-editor\" data-id=\"ddca48d\" data-element_type=\"widget\" data-e-type=\"widget\" data-widget_type=\"text-editor.default\">\n\t\t\t\t<div class=\"elementor-widget-container\">\n\t\t\t\t\t\t\t\t\t<p>&#8211;<\/p>\n\t\t\t\t\t\t\t\t<\/div>\n\t\t\t\t<\/div>\n\t\t\t\t\t<\/div>\n\t\t<\/div>\n\t\t\t\t<div class=\"elementor-column elementor-col-33 elementor-top-column elementor-element elementor-element-baab0c4\" data-id=\"baab0c4\" data-element_type=\"column\" data-e-type=\"column\">\n\t\t\t<div class=\"elementor-widget-wrap elementor-element-populated\">\n\t\t\t\t\t\t<div class=\"elementor-element elementor-element-d6a1ee9 elementor-widget elementor-widget-heading\" data-id=\"d6a1ee9\" data-element_type=\"widget\" data-e-type=\"widget\" data-widget_type=\"heading.default\">\n\t\t\t\t<div class=\"elementor-widget-container\">\n\t\t\t\t\t<h4 class=\"elementor-heading-title elementor-size-default\">Um mehr zur erfahren:<\/h4>\t\t\t\t<\/div>\n\t\t\t\t<\/div>\n\t\t\t\t<div class=\"elementor-element elementor-element-42dc686 elementor-nav-menu--dropdown-tablet elementor-nav-menu__text-align-aside elementor-nav-menu--toggle elementor-nav-menu--burger elementor-widget elementor-widget-nav-menu\" data-id=\"42dc686\" data-element_type=\"widget\" data-e-type=\"widget\" data-settings=\"{&quot;layout&quot;:&quot;vertical&quot;,&quot;submenu_icon&quot;:{&quot;value&quot;:&quot;&lt;i class=\\&quot;fas fa-caret-down\\&quot; aria-hidden=\\&quot;true\\&quot;&gt;&lt;\\\/i&gt;&quot;,&quot;library&quot;:&quot;fa-solid&quot;},&quot;toggle&quot;:&quot;burger&quot;}\" data-widget_type=\"nav-menu.default\">\n\t\t\t\t<div class=\"elementor-widget-container\">\n\t\t\t\t\t\t\t\t<nav aria-label=\"Men\u00fc\" class=\"elementor-nav-menu--main elementor-nav-menu__container elementor-nav-menu--layout-vertical e--pointer-framed e--animation-fade\">\n\t\t\t\t<ul id=\"menu-1-42dc686\" class=\"elementor-nav-menu sm-vertical\"><li class=\"menu-item menu-item-type-post_type menu-item-object-page menu-item-59957\"><a href=\"https:\/\/topa.be\/de\/st-andries\/praktisch\/\" class=\"elementor-item\">Praktische Informationen<\/a><\/li>\n<li class=\"menu-item menu-item-type-post_type menu-item-object-page menu-item-59958\"><a href=\"https:\/\/topa.be\/de\/st-andries\/rondleidingen\/\" class=\"elementor-item\">F\u00fchrungen<\/a><\/li>\n<li class=\"menu-item menu-item-type-post_type menu-item-object-page menu-item-59959\"><a href=\"https:\/\/topa.be\/de\/st-andries\/kennismaking\/\" class=\"elementor-item\">Kirche in K\u00fcrze<\/a><\/li>\n<li class=\"menu-item menu-item-type-custom menu-item-object-custom menu-item-59960\"><a href=\"https:\/\/topantwerpen-my.sharepoint.com\/:v:\/g\/personal\/webmaster_topa_be\/EXZm-WjCFWJFtCAUxTMcGNYBkBAa1fZYYv5T6ESnKUYSmQ?e=XA6tST\" class=\"elementor-item\">Virtueller Besuch (3\u201945\u201d)<\/a><\/li>\n<li class=\"menu-item menu-item-type-post_type menu-item-object-page menu-item-59961\"><a href=\"https:\/\/topa.be\/de\/st-andries\/interactief-grondplan\/\" class=\"elementor-item\">Interaktiver Grundriss<\/a><\/li>\n<li class=\"menu-item menu-item-type-post_type menu-item-object-page menu-item-61489\"><a href=\"https:\/\/topa.be\/de\/st-andries\/beschrijving\/\" class=\"elementor-item\">History &#038; Description<\/a><\/li>\n<li class=\"menu-item menu-item-type-post_type menu-item-object-page menu-item-59962\"><a href=\"https:\/\/topa.be\/de\/st-andries\/kerkmuseum\/\" class=\"elementor-item\">The museum<\/a><\/li>\n<li class=\"menu-item menu-item-type-post_type menu-item-object-page menu-item-59963\"><a href=\"https:\/\/topa.be\/de\/st-andries\/qr-codes\/\" class=\"elementor-item\">QR-codes<\/a><\/li>\n<\/ul>\t\t\t<\/nav>\n\t\t\t\t\t<div class=\"elementor-menu-toggle\" role=\"button\" tabindex=\"0\" aria-label=\"Men\u00fc Umschalter\" aria-expanded=\"false\">\n\t\t\t<i aria-hidden=\"true\" role=\"presentation\" class=\"elementor-menu-toggle__icon--open eicon-menu-bar\"><\/i><i aria-hidden=\"true\" role=\"presentation\" class=\"elementor-menu-toggle__icon--close eicon-close\"><\/i>\t\t<\/div>\n\t\t\t\t\t<nav class=\"elementor-nav-menu--dropdown elementor-nav-menu__container\" aria-hidden=\"true\">\n\t\t\t\t<ul id=\"menu-2-42dc686\" class=\"elementor-nav-menu sm-vertical\"><li class=\"menu-item menu-item-type-post_type menu-item-object-page menu-item-59957\"><a href=\"https:\/\/topa.be\/de\/st-andries\/praktisch\/\" class=\"elementor-item\" tabindex=\"-1\">Praktische Informationen<\/a><\/li>\n<li class=\"menu-item menu-item-type-post_type menu-item-object-page menu-item-59958\"><a href=\"https:\/\/topa.be\/de\/st-andries\/rondleidingen\/\" class=\"elementor-item\" tabindex=\"-1\">F\u00fchrungen<\/a><\/li>\n<li class=\"menu-item menu-item-type-post_type menu-item-object-page menu-item-59959\"><a href=\"https:\/\/topa.be\/de\/st-andries\/kennismaking\/\" class=\"elementor-item\" tabindex=\"-1\">Kirche in K\u00fcrze<\/a><\/li>\n<li class=\"menu-item menu-item-type-custom menu-item-object-custom menu-item-59960\"><a href=\"https:\/\/topantwerpen-my.sharepoint.com\/:v:\/g\/personal\/webmaster_topa_be\/EXZm-WjCFWJFtCAUxTMcGNYBkBAa1fZYYv5T6ESnKUYSmQ?e=XA6tST\" class=\"elementor-item\" tabindex=\"-1\">Virtueller Besuch (3\u201945\u201d)<\/a><\/li>\n<li class=\"menu-item menu-item-type-post_type menu-item-object-page menu-item-59961\"><a href=\"https:\/\/topa.be\/de\/st-andries\/interactief-grondplan\/\" class=\"elementor-item\" tabindex=\"-1\">Interaktiver Grundriss<\/a><\/li>\n<li class=\"menu-item menu-item-type-post_type menu-item-object-page menu-item-61489\"><a href=\"https:\/\/topa.be\/de\/st-andries\/beschrijving\/\" class=\"elementor-item\" tabindex=\"-1\">History &#038; Description<\/a><\/li>\n<li class=\"menu-item menu-item-type-post_type menu-item-object-page menu-item-59962\"><a href=\"https:\/\/topa.be\/de\/st-andries\/kerkmuseum\/\" class=\"elementor-item\" tabindex=\"-1\">The museum<\/a><\/li>\n<li class=\"menu-item menu-item-type-post_type menu-item-object-page menu-item-59963\"><a href=\"https:\/\/topa.be\/de\/st-andries\/qr-codes\/\" class=\"elementor-item\" tabindex=\"-1\">QR-codes<\/a><\/li>\n<\/ul>\t\t\t<\/nav>\n\t\t\t\t\t\t<\/div>\n\t\t\t\t<\/div>\n\t\t\t\t\t<\/div>\n\t\t<\/div>\n\t\t\t\t\t<\/div>\n\t\t<\/section>\n\t\t\t\t<section class=\"elementor-section elementor-top-section elementor-element elementor-element-d5058f4 elementor-section-boxed elementor-section-height-default elementor-section-height-default\" data-id=\"d5058f4\" data-element_type=\"section\" data-e-type=\"section\">\n\t\t\t\t\t\t<div class=\"elementor-container elementor-column-gap-default\">\n\t\t\t\t\t<div class=\"elementor-column elementor-col-100 elementor-top-column elementor-element elementor-element-c4af0f9\" data-id=\"c4af0f9\" data-element_type=\"column\" data-e-type=\"column\">\n\t\t\t<div class=\"elementor-widget-wrap elementor-element-populated\">\n\t\t\t\t\t\t<div class=\"elementor-element elementor-element-a0b61b6 elementor-widget elementor-widget-image\" data-id=\"a0b61b6\" data-element_type=\"widget\" data-e-type=\"widget\" data-widget_type=\"image.default\">\n\t\t\t\t<div class=\"elementor-widget-container\">\n\t\t\t\t\t\t\t\t\t\t\t\t\t\t\t<img fetchpriority=\"high\" decoding=\"async\" width=\"800\" height=\"566\" src=\"https:\/\/topa.be\/wp-content\/uploads\/WAAIER-erfoed-Sint-Andries-1024x724.jpg\" class=\"attachment-large size-large wp-image-64989\" alt=\"\" srcset=\"https:\/\/topa.be\/wp-content\/uploads\/WAAIER-erfoed-Sint-Andries-1024x724.jpg 1024w, https:\/\/topa.be\/wp-content\/uploads\/WAAIER-erfoed-Sint-Andries-300x212.jpg 300w, https:\/\/topa.be\/wp-content\/uploads\/WAAIER-erfoed-Sint-Andries-200x141.jpg 200w, https:\/\/topa.be\/wp-content\/uploads\/WAAIER-erfoed-Sint-Andries-768x543.jpg 768w, https:\/\/topa.be\/wp-content\/uploads\/WAAIER-erfoed-Sint-Andries-1536x1086.jpg 1536w, https:\/\/topa.be\/wp-content\/uploads\/WAAIER-erfoed-Sint-Andries-2048x1448.jpg 2048w\" sizes=\"(max-width: 800px) 100vw, 800px\" \/>\t\t\t\t\t\t\t\t\t\t\t\t\t\t\t<\/div>\n\t\t\t\t<\/div>\n\t\t\t\t<div class=\"elementor-element elementor-element-9685f8c elementor-widget elementor-widget-text-editor\" data-id=\"9685f8c\" data-element_type=\"widget\" data-e-type=\"widget\" data-widget_type=\"text-editor.default\">\n\t\t\t\t<div class=\"elementor-widget-container\">\n\t\t\t\t\t\t\t\t\t<p><b>&#8211;<\/b><\/p>\n\t\t\t\t\t\t\t\t<\/div>\n\t\t\t\t<\/div>\n\t\t\t\t\t<\/div>\n\t\t<\/div>\n\t\t\t\t\t<\/div>\n\t\t<\/section>\n\t\t\t\t<\/div>\n\t\t","protected":false},"excerpt":{"rendered":"<p>Sankt-Andreaskirche F\u00fchrungen F\u00fcr Einzelbesucher 01\/05 \u2013 30\/09.: jeden Sonntag um 15 Uhr (in Niederl\u00e4ndisch) Gratis, Keine Reservierung m\u00f6glich F\u00fcr Gruppen\u00a0 St. Andreas 2000 e. V., e-Mail:\u00a0sint-andrieskerk@topa.be\u00a0\u00a0 Tourismusdienst, Telefon: +32 (0)3 232 01 03 Pfarrer Rudi Mannaerts, Telefon: +32 (0)3 226 52 53 Preis: \u20ac 95 pro F\u00fchrer und maximal 25 Personen \u00a0 Eintritt:\u00a0 Gratis w\u00e4hrend [&hellip;]<\/p>\n","protected":false},"author":16,"featured_media":0,"parent":38908,"menu_order":20,"comment_status":"closed","ping_status":"closed","template":"","meta":{"footnotes":""},"class_list":["post-39150","page","type-page","status-publish","hentry"],"aioseo_notices":[],"_links":{"self":[{"href":"https:\/\/topa.be\/de\/wp-json\/wp\/v2\/pages\/39150","targetHints":{"allow":["GET"]}}],"collection":[{"href":"https:\/\/topa.be\/de\/wp-json\/wp\/v2\/pages"}],"about":[{"href":"https:\/\/topa.be\/de\/wp-json\/wp\/v2\/types\/page"}],"author":[{"embeddable":true,"href":"https:\/\/topa.be\/de\/wp-json\/wp\/v2\/users\/16"}],"replies":[{"embeddable":true,"href":"https:\/\/topa.be\/de\/wp-json\/wp\/v2\/comments?post=39150"}],"version-history":[{"count":3,"href":"https:\/\/topa.be\/de\/wp-json\/wp\/v2\/pages\/39150\/revisions"}],"predecessor-version":[{"id":70409,"href":"https:\/\/topa.be\/de\/wp-json\/wp\/v2\/pages\/39150\/revisions\/70409"}],"up":[{"embeddable":true,"href":"https:\/\/topa.be\/de\/wp-json\/wp\/v2\/pages\/38908"}],"wp:attachment":[{"href":"https:\/\/topa.be\/de\/wp-json\/wp\/v2\/media?parent=39150"}],"curies":[{"name":"wp","href":"https:\/\/api.w.org\/{rel}","templated":true}]}}