{"id":39142,"date":"2021-06-05T14:13:08","date_gmt":"2021-06-05T12:13:08","guid":{"rendered":"http:\/\/topa.be\/sint-carolus-borromeus\/praktisch\/"},"modified":"2024-11-14T15:25:25","modified_gmt":"2024-11-14T14:25:25","slug":"praktisch","status":"publish","type":"page","link":"https:\/\/topa.be\/de\/sint-carolus-borromeus\/praktisch\/","title":{"rendered":"SCB Praktische Informationen"},"content":{"rendered":"\t\t<div data-elementor-type=\"wp-page\" data-elementor-id=\"39142\" class=\"elementor elementor-39142 elementor-33711\" data-elementor-post-type=\"page\">\n\t\t\t\t\t\t<section class=\"elementor-section elementor-top-section elementor-element elementor-element-cd03269 elementor-section-boxed elementor-section-height-default elementor-section-height-default\" data-id=\"cd03269\" data-element_type=\"section\" data-e-type=\"section\">\n\t\t\t\t\t\t<div class=\"elementor-container elementor-column-gap-default\">\n\t\t\t\t\t<div class=\"elementor-column elementor-col-100 elementor-top-column elementor-element elementor-element-bbe7070\" data-id=\"bbe7070\" data-element_type=\"column\" data-e-type=\"column\">\n\t\t\t<div class=\"elementor-widget-wrap elementor-element-populated\">\n\t\t\t\t\t\t<div class=\"elementor-element elementor-element-321a5a8 elementor-widget elementor-widget-heading\" data-id=\"321a5a8\" data-element_type=\"widget\" data-e-type=\"widget\" data-widget_type=\"heading.default\">\n\t\t\t\t<div class=\"elementor-widget-container\">\n\t\t\t\t\t<h1 class=\"elementor-heading-title elementor-size-default\">Sankt-Carolus Borromeuskirche<\/h1>\t\t\t\t<\/div>\n\t\t\t\t<\/div>\n\t\t\t\t\t<\/div>\n\t\t<\/div>\n\t\t\t\t\t<\/div>\n\t\t<\/section>\n\t\t\t\t<section class=\"elementor-section elementor-top-section elementor-element elementor-element-8d79d40 elementor-section-boxed elementor-section-height-default elementor-section-height-default\" data-id=\"8d79d40\" data-element_type=\"section\" data-e-type=\"section\">\n\t\t\t\t\t\t<div class=\"elementor-container elementor-column-gap-default\">\n\t\t\t\t\t<div class=\"elementor-column elementor-col-100 elementor-top-column elementor-element elementor-element-a723a23\" data-id=\"a723a23\" data-element_type=\"column\" data-e-type=\"column\">\n\t\t\t<div class=\"elementor-widget-wrap elementor-element-populated\">\n\t\t\t\t\t\t<div class=\"elementor-element elementor-element-1450267 elementor-widget elementor-widget-heading\" data-id=\"1450267\" data-element_type=\"widget\" data-e-type=\"widget\" data-widget_type=\"heading.default\">\n\t\t\t\t<div class=\"elementor-widget-container\">\n\t\t\t\t\t<h2 class=\"elementor-heading-title elementor-size-default\">Praktische Informationen<\/h2>\t\t\t\t<\/div>\n\t\t\t\t<\/div>\n\t\t\t\t\t<\/div>\n\t\t<\/div>\n\t\t\t\t\t<\/div>\n\t\t<\/section>\n\t\t\t\t<section class=\"elementor-section elementor-top-section elementor-element elementor-element-1212934 elementor-section-boxed elementor-section-height-default elementor-section-height-default\" data-id=\"1212934\" data-element_type=\"section\" data-e-type=\"section\">\n\t\t\t\t\t\t<div class=\"elementor-container elementor-column-gap-default\">\n\t\t\t\t\t<div class=\"elementor-column elementor-col-66 elementor-top-column elementor-element elementor-element-97038f6\" data-id=\"97038f6\" data-element_type=\"column\" data-e-type=\"column\">\n\t\t\t<div class=\"elementor-widget-wrap elementor-element-populated\">\n\t\t\t\t\t\t<div class=\"elementor-element elementor-element-647cf87 elementor-widget elementor-widget-text-editor\" data-id=\"647cf87\" data-element_type=\"widget\" data-e-type=\"widget\" data-widget_type=\"text-editor.default\">\n\t\t\t\t<div class=\"elementor-widget-container\">\n\t\t\t\t\t\t\t\t\t<p><strong>Gottesdienste<\/strong><br \/>\nSonntag und Feiertag:<br \/>\n11.30 Uhr K\u00fcnstlermesse<br \/>\n17.00 Uhr Gemeinde-Eucharisty mit Sant\u2019Egidio<\/p>\n<p><strong>\u00d6ffnungszeiten<\/strong><br \/>\n<em>Kirche<\/em><br \/>\nMontag \u2013 Samstag:\u00a010.00 \u2013 12.30 Uhr &amp; 14.00 \u2013 17.00 Uhr<br \/>\nSonntag und Feiertag: nur f\u00fcr den Gottesdienst ge\u00f6ffnet<\/p>\n<p><em>Spitzengesteckmuseum<\/em>:<br \/>\nMittwoch: 10 \u2013 12.30 Uhr, 14 \u2013 16 Uhr<br \/>\nAndere Tagen: Besuch auf Anfrage<\/p>\n<p>Vorbehaltlich besonderer Gottesdienste<br \/>\nSiehe auch unter\u00a0<a href=\"https:\/\/topa.be\/de\/sint-carolus-borromeus\/rondleidingen\/\"><strong>F\u00fchrungen<\/strong><\/a><\/p>\n<p><strong>Geb\u00fchr f\u00fcr touristischen Besuch<\/strong><br \/>\nKirche, einschlie\u00dflich des Spitzenmuseums:<\/p>\n<ul>\n<li>Normale Eintrittskarte: 5 Euro<\/li>\n<li>Studenten und 60+: 3 Euro<\/li>\n<li>Gruppen von 20 Personen oder mehr: 3 Euro<\/li>\n<li>Kinder unter 12 Jahren, Begleitpersonen von Behinderten und Inhaber eines Antwerpener Stadtpasses: kostenlos<\/li>\n<\/ul>\n<p>Die Besucher erhalten eine mehrsprachige Brosch\u00fcre \u00fcber die St.-Karl-Borrom\u00e4us-Kirche und k\u00f6nnen w\u00e4hrend der \u00d6ffnungszeiten fachkundige Erkl\u00e4rungen von einem F\u00fchrer des Toerismepastoraal Antwerpen (TOPA) erhalten.<\/p>\n<p><strong>Informationen<br \/>\nDimitri De Hert, intendant<\/strong><br \/>\nGSM: +32 477 62 37 94<br \/>\ne-mail:\u00a0<a href=\"mailto:dimitri.dehert@scba.be\"><strong>dimitri.dehert@scba.be\u00a0<\/strong><\/a><strong>\u00a0\u00a0\u00a0<\/strong><\/p>\n<p><strong>Pfarramt<\/strong><br \/>\nHendrik Conscienceplein 6, 2000 Antwerpen<br \/>\n<strong>Jean-Paul Van Putten, K\u00fcster<\/strong><br \/>\nTel: +32 472 93 17 69<br \/>\n<strong>E-mail:\u00a0<a href=\"mailto:parochie@scba.be%C2%A0\">parochie@scba.be<\/a><\/strong><\/p>\n\t\t\t\t\t\t\t\t<\/div>\n\t\t\t\t<\/div>\n\t\t\t\t\t<\/div>\n\t\t<\/div>\n\t\t\t\t<div class=\"elementor-column elementor-col-33 elementor-top-column elementor-element elementor-element-43ca8b8\" data-id=\"43ca8b8\" data-element_type=\"column\" data-e-type=\"column\">\n\t\t\t<div class=\"elementor-widget-wrap elementor-element-populated\">\n\t\t\t\t\t\t<div class=\"elementor-element elementor-element-0792ada elementor-widget elementor-widget-text-editor\" data-id=\"0792ada\" data-element_type=\"widget\" data-e-type=\"widget\" data-widget_type=\"text-editor.default\">\n\t\t\t\t<div class=\"elementor-widget-container\">\n\t\t\t\t\t\t\t\t\t<h4 class=\"widgettitle\" style=\"text-align: justify;\">Um mehr zur erfahren:<\/h4>\n\t\t\t\t\t\t\t\t<\/div>\n\t\t\t\t<\/div>\n\t\t\t\t<div class=\"elementor-element elementor-element-5bacc63 elementor-nav-menu--dropdown-tablet elementor-nav-menu__text-align-aside elementor-nav-menu--toggle elementor-nav-menu--burger elementor-widget elementor-widget-nav-menu\" data-id=\"5bacc63\" data-element_type=\"widget\" data-e-type=\"widget\" data-settings=\"{&quot;layout&quot;:&quot;vertical&quot;,&quot;submenu_icon&quot;:{&quot;value&quot;:&quot;&lt;i class=\\&quot;fas fa-caret-down\\&quot; aria-hidden=\\&quot;true\\&quot;&gt;&lt;\\\/i&gt;&quot;,&quot;library&quot;:&quot;fa-solid&quot;},&quot;toggle&quot;:&quot;burger&quot;}\" data-widget_type=\"nav-menu.default\">\n\t\t\t\t<div class=\"elementor-widget-container\">\n\t\t\t\t\t\t\t\t<nav aria-label=\"Menu\" class=\"elementor-nav-menu--main elementor-nav-menu__container elementor-nav-menu--layout-vertical e--pointer-framed e--animation-fade\">\n\t\t\t\t<ul id=\"menu-1-5bacc63\" class=\"elementor-nav-menu sm-vertical\"><li class=\"menu-item menu-item-type-post_type menu-item-object-page menu-item-59990\"><a href=\"https:\/\/topa.be\/de\/sint-carolus-borromeus\/praktisch\/\" class=\"elementor-item\">Praktische Informationen<\/a><\/li>\n<li class=\"menu-item menu-item-type-post_type menu-item-object-page menu-item-59991\"><a href=\"https:\/\/topa.be\/de\/sint-carolus-borromeus\/rondleidingen\/\" class=\"elementor-item\">F\u00fchrungen<\/a><\/li>\n<li class=\"menu-item menu-item-type-post_type menu-item-object-page menu-item-59992\"><a href=\"https:\/\/topa.be\/de\/sint-carolus-borromeus\/kennismaking\/\" class=\"elementor-item\">Kirche in K\u00fcrze<\/a><\/li>\n<li class=\"menu-item menu-item-type-post_type menu-item-object-page menu-item-59993\"><a href=\"https:\/\/topa.be\/de\/sint-carolus-borromeus\/interactief-grondplan\/\" class=\"elementor-item\">Interactive floor plan<\/a><\/li>\n<li class=\"menu-item menu-item-type-post_type menu-item-object-page menu-item-61492\"><a href=\"https:\/\/topa.be\/de\/sint-carolus-borromeus\/beschrijving\/\" class=\"elementor-item\">History &#038; Description<\/a><\/li>\n<li class=\"menu-item menu-item-type-post_type menu-item-object-page menu-item-59994\"><a href=\"https:\/\/topa.be\/de\/sint-carolus-borromeus\/publicaties\/\" class=\"elementor-item\">Publications<\/a><\/li>\n<\/ul>\t\t\t<\/nav>\n\t\t\t\t\t<div class=\"elementor-menu-toggle\" role=\"button\" tabindex=\"0\" aria-label=\"Men\u00fc Umschalter\" aria-expanded=\"false\">\n\t\t\t<i aria-hidden=\"true\" role=\"presentation\" class=\"elementor-menu-toggle__icon--open eicon-menu-bar\"><\/i><i aria-hidden=\"true\" role=\"presentation\" class=\"elementor-menu-toggle__icon--close eicon-close\"><\/i>\t\t<\/div>\n\t\t\t\t\t<nav class=\"elementor-nav-menu--dropdown elementor-nav-menu__container\" aria-hidden=\"true\">\n\t\t\t\t<ul id=\"menu-2-5bacc63\" class=\"elementor-nav-menu sm-vertical\"><li class=\"menu-item menu-item-type-post_type menu-item-object-page menu-item-59990\"><a href=\"https:\/\/topa.be\/de\/sint-carolus-borromeus\/praktisch\/\" class=\"elementor-item\" tabindex=\"-1\">Praktische Informationen<\/a><\/li>\n<li class=\"menu-item menu-item-type-post_type menu-item-object-page menu-item-59991\"><a href=\"https:\/\/topa.be\/de\/sint-carolus-borromeus\/rondleidingen\/\" class=\"elementor-item\" tabindex=\"-1\">F\u00fchrungen<\/a><\/li>\n<li class=\"menu-item menu-item-type-post_type menu-item-object-page menu-item-59992\"><a href=\"https:\/\/topa.be\/de\/sint-carolus-borromeus\/kennismaking\/\" class=\"elementor-item\" tabindex=\"-1\">Kirche in K\u00fcrze<\/a><\/li>\n<li class=\"menu-item menu-item-type-post_type menu-item-object-page menu-item-59993\"><a href=\"https:\/\/topa.be\/de\/sint-carolus-borromeus\/interactief-grondplan\/\" class=\"elementor-item\" tabindex=\"-1\">Interactive floor plan<\/a><\/li>\n<li class=\"menu-item menu-item-type-post_type menu-item-object-page menu-item-61492\"><a href=\"https:\/\/topa.be\/de\/sint-carolus-borromeus\/beschrijving\/\" class=\"elementor-item\" tabindex=\"-1\">History &#038; Description<\/a><\/li>\n<li class=\"menu-item menu-item-type-post_type menu-item-object-page menu-item-59994\"><a href=\"https:\/\/topa.be\/de\/sint-carolus-borromeus\/publicaties\/\" class=\"elementor-item\" tabindex=\"-1\">Publications<\/a><\/li>\n<\/ul>\t\t\t<\/nav>\n\t\t\t\t\t\t<\/div>\n\t\t\t\t<\/div>\n\t\t\t\t\t<\/div>\n\t\t<\/div>\n\t\t\t\t\t<\/div>\n\t\t<\/section>\n\t\t\t\t<section class=\"elementor-section elementor-top-section elementor-element elementor-element-7b6f8380 elementor-section-boxed elementor-section-height-default elementor-section-height-default\" data-id=\"7b6f8380\" data-element_type=\"section\" data-e-type=\"section\">\n\t\t\t\t\t\t<div class=\"elementor-container elementor-column-gap-default\">\n\t\t\t\t\t<div class=\"elementor-column elementor-col-100 elementor-top-column elementor-element elementor-element-6e6e924a\" data-id=\"6e6e924a\" data-element_type=\"column\" data-e-type=\"column\">\n\t\t\t<div class=\"elementor-widget-wrap elementor-element-populated\">\n\t\t\t\t\t\t<div class=\"elementor-element elementor-element-21645c8f elementor-widget elementor-widget-text-editor\" data-id=\"21645c8f\" data-element_type=\"widget\" data-e-type=\"widget\" data-widget_type=\"text-editor.default\">\n\t\t\t\t<div class=\"elementor-widget-container\">\n\t\t\t\t\t\t\t\t\t<p style=\"text-align: justify;\">Mit <a href=\"https:\/\/goo.gl\/maps\/xScaEcKYeKGMe5oA8\"><strong>DIESE KARTE<\/strong><\/a> k\u00f6nnen Sie eine Route in Funktion Ihres Verkehrsmittels bestimmen.<br \/>\nVielleicht m\u00f6chten Sie VELO-Antwerpen verwenden:\u00a0<strong><a href=\"https:\/\/www.velo-antwerpen.be\/de\">https:\/\/www.velo-antwerpen.be\/de<\/a><\/strong><\/p>\n\t\t\t\t\t\t\t\t<\/div>\n\t\t\t\t<\/div>\n\t\t\t\t\t<\/div>\n\t\t<\/div>\n\t\t\t\t\t<\/div>\n\t\t<\/section>\n\t\t\t\t<\/div>\n\t\t","protected":false},"excerpt":{"rendered":"<p>Sankt-Carolus Borromeuskirche Praktische Informationen Gottesdienste Sonntag und Feiertag: 11.30 Uhr K\u00fcnstlermesse 17.00 Uhr Gemeinde-Eucharisty mit Sant\u2019Egidio \u00d6ffnungszeiten Kirche Montag \u2013 Samstag:\u00a010.00 \u2013 12.30 Uhr &amp; 14.00 \u2013 17.00 Uhr Sonntag und Feiertag: nur f\u00fcr den Gottesdienst ge\u00f6ffnet Spitzengesteckmuseum: Mittwoch: 10 \u2013 12.30 Uhr, 14 \u2013 16 Uhr Andere Tagen: Besuch auf Anfrage Vorbehaltlich besonderer Gottesdienste [&hellip;]<\/p>\n","protected":false},"author":16,"featured_media":0,"parent":38912,"menu_order":10,"comment_status":"closed","ping_status":"closed","template":"","meta":{"footnotes":""},"class_list":["post-39142","page","type-page","status-publish","hentry"],"aioseo_notices":[],"_links":{"self":[{"href":"https:\/\/topa.be\/de\/wp-json\/wp\/v2\/pages\/39142","targetHints":{"allow":["GET"]}}],"collection":[{"href":"https:\/\/topa.be\/de\/wp-json\/wp\/v2\/pages"}],"about":[{"href":"https:\/\/topa.be\/de\/wp-json\/wp\/v2\/types\/page"}],"author":[{"embeddable":true,"href":"https:\/\/topa.be\/de\/wp-json\/wp\/v2\/users\/16"}],"replies":[{"embeddable":true,"href":"https:\/\/topa.be\/de\/wp-json\/wp\/v2\/comments?post=39142"}],"version-history":[{"count":3,"href":"https:\/\/topa.be\/de\/wp-json\/wp\/v2\/pages\/39142\/revisions"}],"predecessor-version":[{"id":70880,"href":"https:\/\/topa.be\/de\/wp-json\/wp\/v2\/pages\/39142\/revisions\/70880"}],"up":[{"embeddable":true,"href":"https:\/\/topa.be\/de\/wp-json\/wp\/v2\/pages\/38912"}],"wp:attachment":[{"href":"https:\/\/topa.be\/de\/wp-json\/wp\/v2\/media?parent=39142"}],"curies":[{"name":"wp","href":"https:\/\/api.w.org\/{rel}","templated":true}]}}