{"id":39137,"date":"2021-06-05T14:09:28","date_gmt":"2021-06-05T12:09:28","guid":{"rendered":"http:\/\/topa.be\/sint-carolus-borromeus\/fuehrungen\/"},"modified":"2024-04-03T16:36:18","modified_gmt":"2024-04-03T14:36:18","slug":"rondleidingen","status":"publish","type":"page","link":"https:\/\/topa.be\/de\/sint-carolus-borromeus\/rondleidingen\/","title":{"rendered":"SCB F\u00fchrungen"},"content":{"rendered":"\t\t<div data-elementor-type=\"wp-page\" data-elementor-id=\"39137\" class=\"elementor elementor-39137 elementor-33713\" data-elementor-post-type=\"page\">\n\t\t\t\t\t\t<section class=\"elementor-section elementor-top-section elementor-element elementor-element-6b45692 elementor-section-boxed elementor-section-height-default elementor-section-height-default\" data-id=\"6b45692\" data-element_type=\"section\" data-e-type=\"section\">\n\t\t\t\t\t\t<div class=\"elementor-container elementor-column-gap-default\">\n\t\t\t\t\t<div class=\"elementor-column elementor-col-100 elementor-top-column elementor-element elementor-element-326c59d\" data-id=\"326c59d\" data-element_type=\"column\" data-e-type=\"column\">\n\t\t\t<div class=\"elementor-widget-wrap elementor-element-populated\">\n\t\t\t\t\t\t<div class=\"elementor-element elementor-element-daffaf0 elementor-widget elementor-widget-heading\" data-id=\"daffaf0\" data-element_type=\"widget\" data-e-type=\"widget\" data-widget_type=\"heading.default\">\n\t\t\t\t<div class=\"elementor-widget-container\">\n\t\t\t\t\t<h1 class=\"elementor-heading-title elementor-size-default\">Sankt-Carolus Borromeuskirche<\/h1>\t\t\t\t<\/div>\n\t\t\t\t<\/div>\n\t\t\t\t\t<\/div>\n\t\t<\/div>\n\t\t\t\t\t<\/div>\n\t\t<\/section>\n\t\t\t\t<section class=\"elementor-section elementor-top-section elementor-element elementor-element-6b10e10 elementor-section-boxed elementor-section-height-default elementor-section-height-default\" data-id=\"6b10e10\" data-element_type=\"section\" data-e-type=\"section\">\n\t\t\t\t\t\t<div class=\"elementor-container elementor-column-gap-default\">\n\t\t\t\t\t<div class=\"elementor-column elementor-col-100 elementor-top-column elementor-element elementor-element-0a3b217\" data-id=\"0a3b217\" data-element_type=\"column\" data-e-type=\"column\">\n\t\t\t<div class=\"elementor-widget-wrap elementor-element-populated\">\n\t\t\t\t\t\t<div class=\"elementor-element elementor-element-e6eb390 elementor-widget elementor-widget-heading\" data-id=\"e6eb390\" data-element_type=\"widget\" data-e-type=\"widget\" data-widget_type=\"heading.default\">\n\t\t\t\t<div class=\"elementor-widget-container\">\n\t\t\t\t\t<h2 class=\"elementor-heading-title elementor-size-default\">F\u00fchrungen<\/h2>\t\t\t\t<\/div>\n\t\t\t\t<\/div>\n\t\t\t\t\t<\/div>\n\t\t<\/div>\n\t\t\t\t\t<\/div>\n\t\t<\/section>\n\t\t\t\t<section class=\"elementor-section elementor-top-section elementor-element elementor-element-65743d1 elementor-section-boxed elementor-section-height-default elementor-section-height-default\" data-id=\"65743d1\" data-element_type=\"section\" data-e-type=\"section\">\n\t\t\t\t\t\t<div class=\"elementor-container elementor-column-gap-default\">\n\t\t\t\t\t<div class=\"elementor-column elementor-col-66 elementor-top-column elementor-element elementor-element-9831ea3\" data-id=\"9831ea3\" data-element_type=\"column\" data-e-type=\"column\">\n\t\t\t<div class=\"elementor-widget-wrap elementor-element-populated\">\n\t\t\t\t\t\t<div class=\"elementor-element elementor-element-bc54fda elementor-widget elementor-widget-text-editor\" data-id=\"bc54fda\" data-element_type=\"widget\" data-e-type=\"widget\" data-widget_type=\"text-editor.default\">\n\t\t\t\t<div class=\"elementor-widget-container\">\n\t\t\t\t\t\t\t\t\t<h3 style=\"text-align: justify;\"><span style=\"color: #3366ff;\"><strong>F\u00fcr Einzelbesucher:<\/strong><\/span><\/h3>\n<p style=\"text-align: justify;\"><strong>Kirchenbezuch<\/strong><b><br \/>\n<\/b><em>in mehreren Sprachen\u00a0<\/em><i><br \/>\n<\/i>\u2022 Montag \u2013 Samstag: kontinuierlich w\u00e4hrend der \u00d6ffnungszeiten<br \/>\n\u2022 F\u00fchrungen werden von den F\u00fchrern von TOPA vorgesehen, unter dem Motto: \u201e<strong>Kunst sehen: mehr als ein Augen-Blick<\/strong>\u201e.<br \/>\n\u2022 Frei<\/p>\n<p style=\"text-align: justify;\"><strong>\u00a0<\/strong><\/p>\n<p style=\"text-align: justify;\"><strong>Spitzengesteckkammer \u00a0<\/strong><b><br \/>\n<\/b>Mittwoch: kontinuierlich w\u00e4hrend der \u00d6ffnungszeiten<\/p>\n\t\t\t\t\t\t\t\t<\/div>\n\t\t\t\t<\/div>\n\t\t\t\t<div class=\"elementor-element elementor-element-672188e elementor-widget elementor-widget-text-editor\" data-id=\"672188e\" data-element_type=\"widget\" data-e-type=\"widget\" data-widget_type=\"text-editor.default\">\n\t\t\t\t<div class=\"elementor-widget-container\">\n\t\t\t\t\t\t\t\t\t<h3 style=\"text-align: justify;\"><span style=\"color: #3366ff;\"><strong>F\u00fcr Gruppen<\/strong><\/span><strong><br \/>\n<\/strong><\/h3>\n<p style=\"text-align: justify;\"><strong>Kirchenbezuch<\/strong><strong><br \/>\n<\/strong>Die spezialisierten F\u00fchrer von TOPA wollen \u2013 wenn m\u00f6glich \u2013 auf die spezifischen Interessen Ihrer Gruppe\u00a0eingehen<br \/>\n\u2022 In mehreren Sprachen m\u00f6glich<br \/>\n\u2022 \u20ac 95 pro F\u00fchrer und maximal 20 Personen<\/p>\n<p style=\"text-align: justify;\">Extra: Besuch hinter den Kulissen (einschlie\u00dflich der Krypta) + 5 EUR p.P.<\/p>\n<p style=\"text-align: justify;\"><strong>Reservierung<\/strong>:<br \/>\nPfarrei: <strong><a href=\"mailto:info@scba.be\">info@scba.be<\/a><\/strong><strong>\u00a0<\/strong><br \/>\nKoordinator TOPA-F\u00fchrer: <a href=\"mailto:sint-caroluskerk@topa.be\"><strong>sint-caroluskerk@topa.be<\/strong><\/a> +32 (0)477 520 198<\/p>\n<p style=\"text-align: justify;\"><strong>Spitzengesteckkammer \u00a0<\/strong><strong><br \/>\n<\/strong>Mittwoch: kontinuierlich w\u00e4hrend der \u00d6ffnungszeiten<br \/>\nAn anderen Tagen Besuch auf Anfrage via +32 (0)3 231 37 51<\/p>\n\t\t\t\t\t\t\t\t<\/div>\n\t\t\t\t<\/div>\n\t\t\t\t<div class=\"elementor-element elementor-element-366793a elementor-widget-divider--separator-type-pattern elementor-widget-divider--no-spacing elementor-widget-divider--view-line elementor-widget elementor-widget-divider\" data-id=\"366793a\" data-element_type=\"widget\" data-e-type=\"widget\" data-widget_type=\"divider.default\">\n\t\t\t\t<div class=\"elementor-widget-container\">\n\t\t\t\t\t\t\t<div class=\"elementor-divider\" style=\"--divider-pattern-url: url(&quot;data:image\/svg+xml,%3Csvg xmlns=&#039;http:\/\/www.w3.org\/2000\/svg&#039; preserveAspectRatio=&#039;xMidYMid meet&#039; overflow=&#039;visible&#039; height=&#039;100%&#039; viewBox=&#039;0 0 120 26&#039; fill=&#039;black&#039; stroke=&#039;none&#039;%3E%3Cpath d=&#039;M11.9,15.9L11.9,15.9L0,16c-0.2-3.7,1.5-5.7,4.9-6C10,9.6,12.4,14.2,11.9,15.9zM26.9,15.9L26.9,15.9L15,16c0.5-3.7,2.5-5.7,5.9-6C26,9.6,27.4,14.2,26.9,15.9z M37.1,10c3.4,0.3,5.1,2.3,4.9,6H30.1C29.5,14.4,31.9,9.6,37.1,10z M57,15.9L57,15.9L45,16c0-3.4,1.6-5.4,4.9-5.9C54.8,9.3,57.4,14.2,57,15.9z M71.9,15.9L71.9,15.9L60,16c-0.2-3.7,1.5-5.7,4.9-6C70,9.6,72.4,14.2,71.9,15.9z M82.2,10c3.4,0.3,5,2.3,4.8,6H75.3C74,13,77.1,9.6,82.2,10zM101.9,15.9L101.9,15.9L90,16c-0.2-3.7,1.5-5.7,4.9-6C100,9.6,102.4,14.2,101.9,15.9z M112.1,10.1c2.7,0.5,4.3,2.5,4.9,5.9h-11.9l0,0C104.5,14.4,108,9.3,112.1,10.1z&#039;\/%3E%3C\/svg%3E&quot;);\">\n\t\t\t<span class=\"elementor-divider-separator\">\n\t\t\t\t\t\t<\/span>\n\t\t<\/div>\n\t\t\t\t\t\t<\/div>\n\t\t\t\t<\/div>\n\t\t\t\t<div class=\"elementor-element elementor-element-8df8632 elementor-widget elementor-widget-text-editor\" data-id=\"8df8632\" data-element_type=\"widget\" data-e-type=\"widget\" data-widget_type=\"text-editor.default\">\n\t\t\t\t<div class=\"elementor-widget-container\">\n\t\t\t\t\t\t\t\t\t<p style=\"text-align: justify;\">&#8211;<\/p>\n\t\t\t\t\t\t\t\t<\/div>\n\t\t\t\t<\/div>\n\t\t\t\t\t<\/div>\n\t\t<\/div>\n\t\t\t\t<div class=\"elementor-column elementor-col-33 elementor-top-column elementor-element elementor-element-f43f001\" data-id=\"f43f001\" data-element_type=\"column\" data-e-type=\"column\">\n\t\t\t<div class=\"elementor-widget-wrap elementor-element-populated\">\n\t\t\t\t\t\t<div class=\"elementor-element elementor-element-cc60044 elementor-widget elementor-widget-text-editor\" data-id=\"cc60044\" data-element_type=\"widget\" data-e-type=\"widget\" data-widget_type=\"text-editor.default\">\n\t\t\t\t<div class=\"elementor-widget-container\">\n\t\t\t\t\t\t\t\t\t<h4 class=\"widgettitle\" style=\"text-align: justify;\">Um mehr zur erfahren:<\/h4>\n\t\t\t\t\t\t\t\t<\/div>\n\t\t\t\t<\/div>\n\t\t\t\t<div class=\"elementor-element elementor-element-45b4fd4 elementor-nav-menu--dropdown-tablet elementor-nav-menu__text-align-aside elementor-nav-menu--toggle elementor-nav-menu--burger elementor-widget elementor-widget-nav-menu\" data-id=\"45b4fd4\" data-element_type=\"widget\" data-e-type=\"widget\" data-settings=\"{&quot;layout&quot;:&quot;vertical&quot;,&quot;submenu_icon&quot;:{&quot;value&quot;:&quot;&lt;i class=\\&quot;fas fa-caret-down\\&quot; aria-hidden=\\&quot;true\\&quot;&gt;&lt;\\\/i&gt;&quot;,&quot;library&quot;:&quot;fa-solid&quot;},&quot;toggle&quot;:&quot;burger&quot;}\" data-widget_type=\"nav-menu.default\">\n\t\t\t\t<div class=\"elementor-widget-container\">\n\t\t\t\t\t\t\t\t<nav aria-label=\"Men\u00fc\" class=\"elementor-nav-menu--main elementor-nav-menu__container elementor-nav-menu--layout-vertical e--pointer-framed e--animation-fade\">\n\t\t\t\t<ul id=\"menu-1-45b4fd4\" class=\"elementor-nav-menu sm-vertical\"><li class=\"menu-item menu-item-type-post_type menu-item-object-page menu-item-59990\"><a href=\"https:\/\/topa.be\/de\/sint-carolus-borromeus\/praktisch\/\" class=\"elementor-item\">Praktische Informationen<\/a><\/li>\n<li class=\"menu-item menu-item-type-post_type menu-item-object-page menu-item-59991\"><a href=\"https:\/\/topa.be\/de\/sint-carolus-borromeus\/rondleidingen\/\" class=\"elementor-item\">F\u00fchrungen<\/a><\/li>\n<li class=\"menu-item menu-item-type-post_type menu-item-object-page menu-item-59992\"><a href=\"https:\/\/topa.be\/de\/sint-carolus-borromeus\/kennismaking\/\" class=\"elementor-item\">Kirche in K\u00fcrze<\/a><\/li>\n<li class=\"menu-item menu-item-type-post_type menu-item-object-page menu-item-59993\"><a href=\"https:\/\/topa.be\/de\/sint-carolus-borromeus\/interactief-grondplan\/\" class=\"elementor-item\">Interactive floor plan<\/a><\/li>\n<li class=\"menu-item menu-item-type-post_type menu-item-object-page menu-item-61492\"><a href=\"https:\/\/topa.be\/de\/sint-carolus-borromeus\/beschrijving\/\" class=\"elementor-item\">History &#038; Description<\/a><\/li>\n<li class=\"menu-item menu-item-type-post_type menu-item-object-page menu-item-59994\"><a href=\"https:\/\/topa.be\/de\/sint-carolus-borromeus\/publicaties\/\" class=\"elementor-item\">Publications<\/a><\/li>\n<\/ul>\t\t\t<\/nav>\n\t\t\t\t\t<div class=\"elementor-menu-toggle\" role=\"button\" tabindex=\"0\" aria-label=\"Men\u00fc Umschalter\" aria-expanded=\"false\">\n\t\t\t<i aria-hidden=\"true\" role=\"presentation\" class=\"elementor-menu-toggle__icon--open eicon-menu-bar\"><\/i><i aria-hidden=\"true\" role=\"presentation\" class=\"elementor-menu-toggle__icon--close eicon-close\"><\/i>\t\t<\/div>\n\t\t\t\t\t<nav class=\"elementor-nav-menu--dropdown elementor-nav-menu__container\" aria-hidden=\"true\">\n\t\t\t\t<ul id=\"menu-2-45b4fd4\" class=\"elementor-nav-menu sm-vertical\"><li class=\"menu-item menu-item-type-post_type menu-item-object-page menu-item-59990\"><a href=\"https:\/\/topa.be\/de\/sint-carolus-borromeus\/praktisch\/\" class=\"elementor-item\" tabindex=\"-1\">Praktische Informationen<\/a><\/li>\n<li class=\"menu-item menu-item-type-post_type menu-item-object-page menu-item-59991\"><a href=\"https:\/\/topa.be\/de\/sint-carolus-borromeus\/rondleidingen\/\" class=\"elementor-item\" tabindex=\"-1\">F\u00fchrungen<\/a><\/li>\n<li class=\"menu-item menu-item-type-post_type menu-item-object-page menu-item-59992\"><a href=\"https:\/\/topa.be\/de\/sint-carolus-borromeus\/kennismaking\/\" class=\"elementor-item\" tabindex=\"-1\">Kirche in K\u00fcrze<\/a><\/li>\n<li class=\"menu-item menu-item-type-post_type menu-item-object-page menu-item-59993\"><a href=\"https:\/\/topa.be\/de\/sint-carolus-borromeus\/interactief-grondplan\/\" class=\"elementor-item\" tabindex=\"-1\">Interactive floor plan<\/a><\/li>\n<li class=\"menu-item menu-item-type-post_type menu-item-object-page menu-item-61492\"><a href=\"https:\/\/topa.be\/de\/sint-carolus-borromeus\/beschrijving\/\" class=\"elementor-item\" tabindex=\"-1\">History &#038; Description<\/a><\/li>\n<li class=\"menu-item menu-item-type-post_type menu-item-object-page menu-item-59994\"><a href=\"https:\/\/topa.be\/de\/sint-carolus-borromeus\/publicaties\/\" class=\"elementor-item\" tabindex=\"-1\">Publications<\/a><\/li>\n<\/ul>\t\t\t<\/nav>\n\t\t\t\t\t\t<\/div>\n\t\t\t\t<\/div>\n\t\t\t\t\t<\/div>\n\t\t<\/div>\n\t\t\t\t\t<\/div>\n\t\t<\/section>\n\t\t\t\t<\/div>\n\t\t","protected":false},"excerpt":{"rendered":"<p>Sankt-Carolus Borromeuskirche F\u00fchrungen F\u00fcr Einzelbesucher: Kirchenbezuch in mehreren Sprachen\u00a0 \u2022 Montag \u2013 Samstag: kontinuierlich w\u00e4hrend der \u00d6ffnungszeiten \u2022 F\u00fchrungen werden von den F\u00fchrern von TOPA vorgesehen, unter dem Motto: \u201eKunst sehen: mehr als ein Augen-Blick\u201e. \u2022 Frei \u00a0 Spitzengesteckkammer \u00a0 Mittwoch: kontinuierlich w\u00e4hrend der \u00d6ffnungszeiten F\u00fcr Gruppen Kirchenbezuch Die spezialisierten F\u00fchrer von TOPA wollen \u2013 [&hellip;]<\/p>\n","protected":false},"author":16,"featured_media":0,"parent":38912,"menu_order":20,"comment_status":"closed","ping_status":"closed","template":"","meta":{"footnotes":""},"class_list":["post-39137","page","type-page","status-publish","hentry"],"aioseo_notices":[],"_links":{"self":[{"href":"https:\/\/topa.be\/de\/wp-json\/wp\/v2\/pages\/39137","targetHints":{"allow":["GET"]}}],"collection":[{"href":"https:\/\/topa.be\/de\/wp-json\/wp\/v2\/pages"}],"about":[{"href":"https:\/\/topa.be\/de\/wp-json\/wp\/v2\/types\/page"}],"author":[{"embeddable":true,"href":"https:\/\/topa.be\/de\/wp-json\/wp\/v2\/users\/16"}],"replies":[{"embeddable":true,"href":"https:\/\/topa.be\/de\/wp-json\/wp\/v2\/comments?post=39137"}],"version-history":[{"count":3,"href":"https:\/\/topa.be\/de\/wp-json\/wp\/v2\/pages\/39137\/revisions"}],"predecessor-version":[{"id":70419,"href":"https:\/\/topa.be\/de\/wp-json\/wp\/v2\/pages\/39137\/revisions\/70419"}],"up":[{"embeddable":true,"href":"https:\/\/topa.be\/de\/wp-json\/wp\/v2\/pages\/38912"}],"wp:attachment":[{"href":"https:\/\/topa.be\/de\/wp-json\/wp\/v2\/media?parent=39137"}],"curies":[{"name":"wp","href":"https:\/\/api.w.org\/{rel}","templated":true}]}}