{"id":39132,"date":"2021-06-05T14:04:43","date_gmt":"2021-06-05T12:04:43","guid":{"rendered":"http:\/\/topa.be\/sint-carolus-borromeus\/kennismaking\/"},"modified":"2021-07-19T17:37:44","modified_gmt":"2021-07-19T15:37:44","slug":"kennismaking","status":"publish","type":"page","link":"https:\/\/topa.be\/de\/sint-carolus-borromeus\/kennismaking\/","title":{"rendered":"SCB Kirche in K\u00fcrze"},"content":{"rendered":"\t\t<div data-elementor-type=\"wp-page\" data-elementor-id=\"39132\" class=\"elementor elementor-39132 elementor-33715\" data-elementor-post-type=\"page\">\n\t\t\t\t\t\t<section class=\"elementor-section elementor-top-section elementor-element elementor-element-a81f834 elementor-section-boxed elementor-section-height-default elementor-section-height-default\" data-id=\"a81f834\" data-element_type=\"section\" data-e-type=\"section\">\n\t\t\t\t\t\t<div class=\"elementor-container elementor-column-gap-default\">\n\t\t\t\t\t<div class=\"elementor-column elementor-col-100 elementor-top-column elementor-element elementor-element-ec56d5d\" data-id=\"ec56d5d\" data-element_type=\"column\" data-e-type=\"column\">\n\t\t\t<div class=\"elementor-widget-wrap elementor-element-populated\">\n\t\t\t\t\t\t<div class=\"elementor-element elementor-element-4d72501 elementor-widget elementor-widget-heading\" data-id=\"4d72501\" data-element_type=\"widget\" data-e-type=\"widget\" data-widget_type=\"heading.default\">\n\t\t\t\t<div class=\"elementor-widget-container\">\n\t\t\t\t\t<h1 class=\"elementor-heading-title elementor-size-default\">SANKT-KARL-BORROM\u00c4USKIRCHE<\/h1>\t\t\t\t<\/div>\n\t\t\t\t<\/div>\n\t\t\t\t\t<\/div>\n\t\t<\/div>\n\t\t\t\t\t<\/div>\n\t\t<\/section>\n\t\t\t\t<section class=\"elementor-section elementor-top-section elementor-element elementor-element-f30bfaa elementor-section-boxed elementor-section-height-default elementor-section-height-default\" data-id=\"f30bfaa\" data-element_type=\"section\" data-e-type=\"section\">\n\t\t\t\t\t\t<div class=\"elementor-container elementor-column-gap-default\">\n\t\t\t\t\t<div class=\"elementor-column elementor-col-100 elementor-top-column elementor-element elementor-element-b69f2c1\" data-id=\"b69f2c1\" data-element_type=\"column\" data-e-type=\"column\">\n\t\t\t<div class=\"elementor-widget-wrap elementor-element-populated\">\n\t\t\t\t\t\t<div class=\"elementor-element elementor-element-c6f1f30 elementor-widget elementor-widget-heading\" data-id=\"c6f1f30\" data-element_type=\"widget\" data-e-type=\"widget\" data-widget_type=\"heading.default\">\n\t\t\t\t<div class=\"elementor-widget-container\">\n\t\t\t\t\t<h2 class=\"elementor-heading-title elementor-size-default\">Kirche in K\u00fcrze<\/h2>\t\t\t\t<\/div>\n\t\t\t\t<\/div>\n\t\t\t\t\t<\/div>\n\t\t<\/div>\n\t\t\t\t\t<\/div>\n\t\t<\/section>\n\t\t\t\t<section class=\"elementor-section elementor-top-section elementor-element elementor-element-884383f elementor-section-boxed elementor-section-height-default elementor-section-height-default\" data-id=\"884383f\" data-element_type=\"section\" data-e-type=\"section\">\n\t\t\t\t\t\t<div class=\"elementor-container elementor-column-gap-default\">\n\t\t\t\t\t<div class=\"elementor-column elementor-col-66 elementor-top-column elementor-element elementor-element-d895672\" data-id=\"d895672\" data-element_type=\"column\" data-e-type=\"column\">\n\t\t\t<div class=\"elementor-widget-wrap elementor-element-populated\">\n\t\t\t\t\t\t<div class=\"elementor-element elementor-element-1f25e6d elementor-widget elementor-widget-text-editor\" data-id=\"1f25e6d\" data-element_type=\"widget\" data-e-type=\"widget\" data-widget_type=\"text-editor.default\">\n\t\t\t\t<div class=\"elementor-widget-container\">\n\t\t\t\t\t\t\t\t\t<p style=\"text-align: justify;\">Liebe Besucher! Willkommen in unserer sch\u00f6nen barocken Pfarrkirche. Obwohl dieses Monument im Laufe der Zeit von Unheil nicht verschont geblieben ist, blieb es doch ein wahrer Kunsttempel. Ganz besonders aber ist es die Kirche von Rubens, er hat hier nicht nur nachhaltig gemalt, sondern auch die Bildhauerarbeiten entworfen. Es ist also kein Wunder, da\u00df der Ruhm dieser Kirche bis \u00fcber die Grenzen reicht.<\/p>\n<p style=\"text-align: justify;\">\u2022\u00a0<strong>Geschichte<\/strong><\/p>\n<p style=\"text-align: justify;\">Dieses Schulbeispiel der Barock\u00adarchitektur wurde in den Jahren 1614-21 im Auftrag der damals so begeisterten Jesuiten gebaut. Die Baupl\u00e4ne wurden vom Orden selbst entworfen, erst vom Rektor Fran\u00e7ois d\u2019Aguilon, dann von Bruder Pieter Huyssens.<\/p>\n<p style=\"text-align: justify;\">Im Jahre 1773 wird der Jesuitenorden auf Befehl des Papstes, der dem weltlichen Druck erlag, abgeschafft, denn die weltlichen Macht\u00adhaber f\u00fchlten sich in der N\u00e4he dieser gelehrten Geist\u00adlichen nicht wohl. Auf der ganzen Welt wurden die G\u00fcter der Jesuiten konfisziert und \u00f6ffent\u00adlich verkauft. Ihre Kirche in Antwer\u00adpen bekommt einige Jahre sp\u00e4ter eine neue Bestim\u00admung als Ort der Katechese, dessen Schutz\u00adpatron der heilige Bischof Carolus Borrom\u00e4us ist. Der Name dieses spezifischen Vorbild\u00adheiligen der Katechese wird von der Kirche \u00fcber\u00adnom\u00admen, als sie beim Konkordat von Napoleon 1803 zur selbst\u00e4ndigen Pfarrkirche be\u00adstimmt wird. W\u00e4hrend der holl\u00e4ndischen Herr\u00adschaft will K\u00f6nig Wilhelm sie den Calvi\u00adnis\u00adten \u00fcbertragen. Das war eine Rechnung ohne den (katholischen) Wirt. Sofort ver\u00adanstal\u00adten die treuen Pfarrei\u00admitglieder eine Geldsammlung, wodurch sie ihre Kirche erwerben k\u00f6nnen.<\/p>\n<p style=\"text-align: justify;\">\u2022\u00a0<strong>Der Platz vor der Kirche<\/strong><\/p>\n<p style=\"text-align: justify;\">Die ganze Gestaltung dieses stimmungsvollen Platzes beruht auf einer Planung der Jesuiten. Sie hatten hier damals das Hauptquartier f\u00fcr ihre fl\u00e4mische Provinz. Die Patres haben ihr pastorales Arbeits\u00adfeld in der Scheldestadt seit 1655 allm\u00e4hlich erweitert. Die wichtigste Einrichtung war eine Schule f\u00fcr den h\u00f6heren Unterricht. Verschie\u00adde\u00adne H\u00e4user und sogar ein Str\u00e4\u00dfc\u00adhen wurden 1614 abgerissen f\u00fcr den Bau dieses neuen Barock\u00adkomplexes. Dadurch, da\u00df die neuen Klostergeb\u00e4ude um einen Platz, der einen \u00f6ffentlichen Charakter bekommt, gruppiert wurden, wird es zum modernen st\u00e4dtebaulichen Eingriff in das mittelalterliche Stra\u00dfenbild.<\/p>\n<p style=\"text-align: justify;\">\u2022\u00a0<strong>Die Fassade (\u21d2\u00a0A)<\/strong><\/p>\n<p style=\"text-align: justify;\">Die eindrucksvolle Fassade ist direkt inspiriert von der damals schon 40 Jahre alten Mutterkir\u00adche des Ordens in Rom: der Ges\u00f9kirche. Wie bei jedem Barock\u00adbau versucht auch hier die Fassade mit allen Mitteln die Aufmerksamkeit der Vor\u00fcbergehenden\u2019 zu wecken:<\/p>\n<ul style=\"text-align: justify;\">\n<li>die gewaltigen Ausma\u00dfe (die Fassade ist h\u00f6her als das Geb\u00e4ude),<\/li>\n<li>das Gleichgewicht von horizontalen und vertikalen Linien,<\/li>\n<li>die dynamische Formgebung mit den enormen Voluten, und die klassische Anordnung von S\u00e4ulen und Pilastern (den schweren dorischen S\u00e4ulen zu ebener Erde, den eleganten ionischen im ersten Stock und den korinthischen im zweiten Stock),<\/li>\n<li>und die luxuri\u00f6se Dekoration, die zum Teil P.P. Rubens zugeschrieben wird.<\/li>\n<\/ul>\n<p style=\"text-align: justify;\">Die Fassade dr\u00fcckt somit das enorme Selbstbewu\u00dftsein der katholischen Kirche in der Zeit der Gegenreformation aus. Obwohl die Mentalit\u00e4t der Gegenreformation heute weit hinter uns liegt, vermeinen wir noch den freudevollen Klang der Musikinstrumenten zu h\u00f6ren. 1621 wird die Kirche dem damals noch seligen Ignatius von Loyola, dem Gr\u00fcnder des Ordens, gewidmet. Daher hat man au\u00dferdem noch als richtige Schutzheilige Unsere Liebe Frau gew\u00e4hlt. Das erkl\u00e4rt, warum auf der Fassade die mit Lorbeer gekr\u00f6nte B\u00fcste des seligen Vater Ignatius steht und die ganze Fassade von einem Fronton gekr\u00f6nt ist, in dem die Madonna mit Kind sitzt. Das ist ein Werk von Hans van Mildert. Als ein Jahr sp\u00e4ter der Gr\u00fcnder des Ordens heilig gesprochen wurde, ist die Kirche allgemein\u00a0 als \u201cSankt Ignatius\u201d bekannt. Die Heiligspre\u00adchung von Ignatius und dem gro\u00dfen Jesuiten\u00admissionar Franciscus Xaverius wird hier mit der Pracht von Prozessionen, Theater\u00adauff\u00fchrungen und allerhand Stra\u00dfenschmuck gefeiert. Im Mittelpunkt steht das \u2018IHS\u2019-Wappenschild des Jesuitenordens als Symbol seiner Widmung an Jesus (nach der urspr\u00fcng\u00adlichen griechischen Auffassung handelt es sich um die ersten drei Buchstaben des Namens Jesus; nach der lateinischen Auffassung handelt es sich um die Initialen des Bekenntnisses, da\u00df Jesus der Retter aller Menschen ist).<\/p>\n<p style=\"text-align: justify;\"><strong>\u2022 Innenraum im \u00dcberblick (\u21d2\u00a0B)\u00a0<\/strong><\/p>\n<p style=\"text-align: justify;\">Die Raumgestaltung der Kirche gleicht einem barocken Festsaal, und das war auch die Absicht. Man will doch den Himmel auf die Erde bringen, oder besser gesagt, man will einen Vorgeschmack der himmlischen Festfreude im ewigen Vaterhaus vermitteln. Riesige Summen werden f\u00fcr die Dekoration ausgegeben, nicht umsonst wird die Kirche \u2018Marmorner Tempel\u2019 genannt. Wegen der H\u00f6he der Ausgaben wurde man von Rom ermahnt und zu mehr Verantwortung angehalten. Das erkl\u00e4rt dann die relative Schlicht\u00adheit der St. Ignatius Seitenkapelle, weil sie in der Dekorati\u00adons\u00adkampagne zuletzt an die Reihe kam. Da\u00df diese Kirche sehr pittoresk war, beweisen die zahlreich\u00a0 erhaltenen Innenansich\u00adten aus dem 17. Jhrh.<\/p>\n<p style=\"text-align: justify;\">Der 18. Juli 1718 ist die dunkelste Seite im Tagebuch der Kirche. Der Blitz schlug ein. Nicht weniger als 39 Deckengem\u00e4lde von Peter Paul Rubens gehen in Flammen auf, ebenso wie der au\u00dferordentliche Reichtum an Marmorsorten im Schiff. Der Wiederaufbau der S\u00e4ulenbasilika wird Jan Pieter Van Baurscheit \u2018dem \u00c4lteren\u2019 anvertraut, und nach drei Jahren kann die Kirche ihre Tore wieder \u00f6ffnen. In den Jahren nach 1980 wird die Kirche wieder im Ganzen restauriert. Dabei hat man versucht, dem urspr\u00fcng\u00adlichen Innenraum aus der Zeit von vor 1718 wieder n\u00e4her zu kommen, besonders durch das Imitieren von Marmor.<\/p>\n<p style=\"text-align: justify;\">\u2022\u00a0<strong>Hauptaltar (\u21d2\u00a0C)<\/strong><\/p>\n<p style=\"text-align: justify;\">Nach Art einer Jesuitenkirche wird gleich beim Eintritt alle Aufmerk\u00adsam\u00adkeit auf den Hauptaltar gerichtet, der wie ein gro\u00dfartiges Theaterdekor gestaltet ist. Um seine Rolle als Blickfang optimal erf\u00fcllen zu k\u00f6nnen, hat man die M\u00f6glichkeit geschaffen, das gewaltige Gem\u00e4lde am Hauptaltar durch ein anderes ersetzen zu k\u00f6nnen. Dazu wurde hinter dem Hauptaltar ein spezieller Rahmen angebracht, in dem vier Gem\u00e4lde gelagert werden k\u00f6nnen. Sie k\u00f6nnen der Reihe nach in \u00dcbereinstimmung mit dem Zeitpunkt im liturgischen Jahr mittels eines Rollenzuges ausgewechselt und gezeigt werden. Die Messe wird somit thematisch illustriert. Die Barock\u00admalerei hat ja das Ziel, den Zuschauer in die Darstellung aufzunehmen, damit er sich fester mit Christus und den Heiligen verbun\u00adden f\u00fchle. Die konkrete Darstellung einer biblischen Szene dient ja als Anfang der Meditations-Methode des Ignatius. Daher nimmt das Auge, die visuelle Wahrnehmung, eine Schl\u00fcssel\u00adstellung im Begreifen einer Barockkirche ein. Gro\u00dfe K\u00fcnstler werden dazu herangezogen. Zwei von den vier Gem\u00e4lden,\u00a0<em>\u201aSt. Ignatius\u2018<\/em>\u00a0und\u00a0<em>\u201aSt. Franziskus Xaverius\u2018<\/em>, beide als Wunder\u00adt\u00e4ter dargestellt, sind von den H\u00e4nden P.P. Rubens. Doch sie wurden von den Kaiserin Maria Theresia \u2013 gegen ein Entgelt \u2013 gefordert und von den \u00d6ster\u00adreichern nach Wien mitge\u00adnom\u00admen. Die beiden anderen Gem\u00e4lde sind ab\u00adwechselnd noch an dieser Stelle zu bewundern.\u00a0<em>\u2018Die Kreuzaufrich\u00adtung\u2019<\/em>\u00a0von Gerard Zegers, und\u00a0<em>\u2018Die Kr\u00f6nung von Maria\u2019<\/em>\u00a0von Cornelis Schut. Sp\u00e4ter kam noch eine\u00a0<em>\u2018Liebe Frau vom Karmel\u2019<\/em>\u00a0von G. Wappers (Ende des 19. Jhrh.) hinzu.<\/p>\n<p style=\"text-align: justify;\">Da\u00df es in dieser Klosterkirche kein Chor\u00adgest\u00fchl (also auch keinen langen Chorraum) gibt, weist auf den eigenen Charakter der Jesuiten hin. Sie w\u00fcnschen pastoral so zielbewu\u00dft wie m\u00f6glich zu sein, und daher beten sie das t\u00e4gliche Brevier einzeln.<\/p>\n<p style=\"text-align: justify;\">\u2022\u00a0<strong>Kirchenschiff\u00a0<\/strong><\/p>\n<p style=\"text-align: justify;\">Auf der T\u00e4felung der Seitenschiffe zwischen den Beichtst\u00fchlen kann man die bewegte Lebensgeschich\u00adte von Ignatius (<strong>F<\/strong><strong>\u00a0D<\/strong>) und von Franziskus Xaverius (<strong>\u21d2<\/strong><strong>\u00a0E<\/strong>) auf je 20\u00a0<u>Medaillons<\/u>\u00a0verfolgen, eine Arbeit von Michiel Van der Voort dem \u00c4lteren und Jan Pieter Van Baurscheit dem \u00c4lteren (nach 1718).<\/p>\n<p style=\"text-align: justify;\">Auch die monumentale\u00a0<u>Kanzel<\/u>\u00a0(<strong>\u21d2<\/strong><strong>\u00a0F<\/strong>) mit der Allegorie der triumphierenden Kirche als Tr\u00e4gerfigur ist eine Arbeit von Letzterem. Sie zertritt die Ungeheuer der L\u00fcge und der Unwissenheit, sowie die Masken (!) des falschen Scheins.<\/p>\n<p style=\"text-align: justify;\">\u2022\u00a0<strong>Marienkapelle (\u21d2\u00a0G)\u00a0<\/strong><\/p>\n<p style=\"text-align: justify;\">Noch \u00fcberw\u00e4ltigendere Eindr\u00fccke bietet uns die Madonna in der \u00fcberaus reich ausgestatteten Marienkapelle, einem Werk, das erm\u00f6glicht wurde durch das M\u00e4zenat der drei Schwestern Houtappel aus Ranst, die als geistliche T\u00f6chter des Jesuiten\u00adgedankens\u00ad durch\u2019s Leben gingen. Die Malereikunst von Rubens wird hier zu einer thematischen Einheit mit den Marmorarbeiten der Bildhauerkunst aus dem Atelier von Colijns de Nole gebracht. Maria, die mit aller Farbenpracht in den Himmel aufgenommen wird, wird gleichzeitig vom kr\u00e4ftigen Arm Gott Vaters gekr\u00f6nt. Urspr\u00fcnglich bote er ihr eine vergoldete Krone an. Diese phantasti\u00adsche Kapelle ist in Antwerpen der beste Ort, um sich von der ausschweifenden Barockkunst begeistern zu lassen. Hier jauchzt der Barockstil einem zu in seinem bizarren Spiel der Linien in dem marmornen Tafeln, den bemalten marmornen T\u00e4felchen am Altar mit einem Marienle\u00adben von Hendrik van Balen dem \u00c4lteren, mit der so naturgetreuen Kommunion\u00adbank, ihren Blumen, Maiskolben und Traben, und mit der von Rubens entworfenen Decke in Stuckarbeit mit den symbolischen Ehren\u00adtiteln Unserer Lieben Frau und den mehr oder weniger maskenhaften Konsolen und Reliefs. Wer hier nicht mit frohem Gem\u00fct weggeht, mu\u00df wohl sehr schwer zu beeindrucken sein\u2026.<\/p>\n<p style=\"text-align: justify;\">\u2022\u00a0<strong>St.-Ignatiuskapelle<\/strong>\u00a0(<strong>\u21d2<\/strong>\u00a0<strong>H<\/strong>)<\/p>\n<p style=\"text-align: justify;\">In dieser bescheideneren Kapelle erw\u00e4hnen wir nur die besonders sch\u00f6ne wei\u00dfe ma\u00adrmorne Kommunionbank. Das Material ist so naturgetreu bearbeitet, da\u00df man fast vergessen k\u00f6nnte, es mit Bildhauerarbeit zu tun zu haben.<\/p>\n<p style=\"text-align: justify;\">\u2022\u00a0<strong>Musik und Gesang\u00a0<\/strong><\/p>\n<p style=\"text-align: justify;\">Zu all der Freude f\u00fcr das Auge geh\u00f6rt auch die Freude f\u00fcr das Ohr. Sie wird hier vokal oder instrumental w\u00e4hrend den \u2018Artisten-Messen\u2019 am Sonntag um 11.30 geboten. Diese sch\u00f6ne Tradition, von Benoit Roose begr\u00fcndet, existiert in Antwerpen schon seit 1943, und das Interesse daran ist in ganz Gro\u00df-Antwerpen wach.<\/p>\n<p style=\"text-align: justify;\">\u2022\u00a0<strong>Das Spitzenmuseum\u00a0<\/strong><\/p>\n<p style=\"text-align: justify;\">Auf Anfrage kann man im Kirchenmuseum die besonders reiche Sammlung von Spitzen besichtigen.<\/p>\n<p style=\"text-align: justify;\">\u2022\u00a0<strong>Der Turm (\u21d2\u00a0I)\u00a0<\/strong><\/p>\n<p style=\"text-align: justify;\">Vergessen wir zum Abschied nicht, den wundersch\u00f6nen Turm an der St.-Katelijnevest zu gr\u00fc\u00dfen. Direkt \u00fcber dem Hauptaltar, mit einer H\u00f6he von 58m, weist uns auch diese Perle des Barock \u2013 getreu ihrem Symbolcharakter \u2013 auf Gott hin, in dem all diese barocke Freude ihren wahren Ursprung und ihre Inspiration findet\u2026<\/p>\n<h2 style=\"text-align: center;\"><strong>M\u00d6GE DIESES GEWALTIGE GOTTESHAUS<\/strong><\/h2>\n<h2 style=\"text-align: center;\"><strong>AUCH IHRE LEBENSFREUDE<\/strong><\/h2>\n<h2 style=\"text-align: center;\"><strong>VERMEHRT WECKEN . . .<\/strong><\/h2>\n<h2 style=\"text-align: center;\"><\/h2>\n<h2 style=\"text-align: center;\">\u266b\u266a\u266b\u266a<\/h2>\n<h2 style=\"text-align: center;\">\u266b\u266a<\/h2>\n<h2 style=\"text-align: center;\">\u266a<\/h2>\n\t\t\t\t\t\t\t\t<\/div>\n\t\t\t\t<\/div>\n\t\t\t\t\t<\/div>\n\t\t<\/div>\n\t\t\t\t<div class=\"elementor-column elementor-col-33 elementor-top-column elementor-element elementor-element-6874547\" data-id=\"6874547\" data-element_type=\"column\" data-e-type=\"column\">\n\t\t\t<div class=\"elementor-widget-wrap elementor-element-populated\">\n\t\t\t\t\t\t<div class=\"elementor-element elementor-element-b0a4840 elementor-widget elementor-widget-image\" data-id=\"b0a4840\" data-element_type=\"widget\" data-e-type=\"widget\" data-widget_type=\"image.default\">\n\t\t\t\t<div class=\"elementor-widget-container\">\n\t\t\t\t\t\t\t\t\t\t\t\t<figure class=\"wp-caption\">\n\t\t\t\t\t\t\t\t\t\t\t<a href=\"http:\/\/topa.be\/wp-content\/uploads\/Antwerpen-Carolus-Borromeuskerk-Wilhelm-Schubert-von-Ehrenberg.jpg\" data-elementor-open-lightbox=\"yes\" data-elementor-lightbox-title=\"Antwerpen Carolus Borromeus Kirche, Wilhelm Schubert von Ehrenberg\" data-elementor-lightbox-description=\"Antwerpen Carolus Borromeus Kirche, Wilhelm Schubert von Ehrenberg\" data-e-action-hash=\"#elementor-action%3Aaction%3Dlightbox%26settings%3DeyJpZCI6MTMxODEsInVybCI6Imh0dHBzOlwvXC90b3BhLmJlXC93cC1jb250ZW50XC91cGxvYWRzXC9BbnR3ZXJwZW4tQ2Fyb2x1cy1Cb3Jyb21ldXNrZXJrLVdpbGhlbG0tU2NodWJlcnQtdm9uLUVocmVuYmVyZy5qcGcifQ%3D%3D\">\n\t\t\t\t\t\t\t<img fetchpriority=\"high\" decoding=\"async\" width=\"741\" height=\"699\" src=\"https:\/\/topa.be\/wp-content\/uploads\/Antwerpen-Carolus-Borromeuskerk-Wilhelm-Schubert-von-Ehrenberg.jpg\" class=\"attachment-large size-large wp-image-13181\" alt=\"\" srcset=\"https:\/\/topa.be\/wp-content\/uploads\/Antwerpen-Carolus-Borromeuskerk-Wilhelm-Schubert-von-Ehrenberg.jpg 741w, https:\/\/topa.be\/wp-content\/uploads\/Antwerpen-Carolus-Borromeuskerk-Wilhelm-Schubert-von-Ehrenberg-300x283.jpg 300w, https:\/\/topa.be\/wp-content\/uploads\/Antwerpen-Carolus-Borromeuskerk-Wilhelm-Schubert-von-Ehrenberg-200x189.jpg 200w\" sizes=\"(max-width: 741px) 100vw, 741px\" \/>\t\t\t\t\t\t\t\t<\/a>\n\t\t\t\t\t\t\t\t\t\t\t<figcaption class=\"widget-image-caption wp-caption-text\">Antwerpen Carolus Borromeus Kirche, Wilhelm Schubert von Ehrenberg<\/figcaption>\n\t\t\t\t\t\t\t\t\t\t<\/figure>\n\t\t\t\t\t\t\t\t\t<\/div>\n\t\t\t\t<\/div>\n\t\t\t\t<div class=\"elementor-element elementor-element-2eebd66 elementor-widget elementor-widget-text-editor\" data-id=\"2eebd66\" data-element_type=\"widget\" data-e-type=\"widget\" data-widget_type=\"text-editor.default\">\n\t\t\t\t<div class=\"elementor-widget-container\">\n\t\t\t\t\t\t\t\t\t<h4 class=\"widgettitle\" style=\"text-align: justify;\">Um mehr zur erfahren:<\/h4>\n\t\t\t\t\t\t\t\t<\/div>\n\t\t\t\t<\/div>\n\t\t\t\t<div class=\"elementor-element elementor-element-5c3e538 elementor-nav-menu--dropdown-tablet elementor-nav-menu__text-align-aside elementor-nav-menu--toggle elementor-nav-menu--burger elementor-widget elementor-widget-nav-menu\" data-id=\"5c3e538\" data-element_type=\"widget\" data-e-type=\"widget\" data-settings=\"{&quot;layout&quot;:&quot;vertical&quot;,&quot;submenu_icon&quot;:{&quot;value&quot;:&quot;&lt;i class=\\&quot;fas fa-caret-down\\&quot; aria-hidden=\\&quot;true\\&quot;&gt;&lt;\\\/i&gt;&quot;,&quot;library&quot;:&quot;fa-solid&quot;},&quot;toggle&quot;:&quot;burger&quot;}\" data-widget_type=\"nav-menu.default\">\n\t\t\t\t<div class=\"elementor-widget-container\">\n\t\t\t\t\t\t\t\t<nav aria-label=\"Men\u00fc\" class=\"elementor-nav-menu--main elementor-nav-menu__container elementor-nav-menu--layout-vertical e--pointer-framed e--animation-fade\">\n\t\t\t\t<ul id=\"menu-1-5c3e538\" class=\"elementor-nav-menu sm-vertical\"><li class=\"menu-item menu-item-type-post_type menu-item-object-page menu-item-59990\"><a href=\"https:\/\/topa.be\/de\/sint-carolus-borromeus\/praktisch\/\" class=\"elementor-item\">Praktische Informationen<\/a><\/li>\n<li class=\"menu-item menu-item-type-post_type menu-item-object-page menu-item-59991\"><a href=\"https:\/\/topa.be\/de\/sint-carolus-borromeus\/rondleidingen\/\" class=\"elementor-item\">F\u00fchrungen<\/a><\/li>\n<li class=\"menu-item menu-item-type-post_type menu-item-object-page menu-item-59992\"><a href=\"https:\/\/topa.be\/de\/sint-carolus-borromeus\/kennismaking\/\" class=\"elementor-item\">Kirche in K\u00fcrze<\/a><\/li>\n<li class=\"menu-item menu-item-type-post_type menu-item-object-page menu-item-59993\"><a href=\"https:\/\/topa.be\/de\/sint-carolus-borromeus\/interactief-grondplan\/\" class=\"elementor-item\">Interactive floor plan<\/a><\/li>\n<li class=\"menu-item menu-item-type-post_type menu-item-object-page menu-item-61492\"><a href=\"https:\/\/topa.be\/de\/sint-carolus-borromeus\/beschrijving\/\" class=\"elementor-item\">History &#038; Description<\/a><\/li>\n<li class=\"menu-item menu-item-type-post_type menu-item-object-page menu-item-59994\"><a href=\"https:\/\/topa.be\/de\/sint-carolus-borromeus\/publicaties\/\" class=\"elementor-item\">Publications<\/a><\/li>\n<\/ul>\t\t\t<\/nav>\n\t\t\t\t\t<div class=\"elementor-menu-toggle\" role=\"button\" tabindex=\"0\" aria-label=\"Men\u00fc Umschalter\" aria-expanded=\"false\">\n\t\t\t<i aria-hidden=\"true\" role=\"presentation\" class=\"elementor-menu-toggle__icon--open eicon-menu-bar\"><\/i><i aria-hidden=\"true\" role=\"presentation\" class=\"elementor-menu-toggle__icon--close eicon-close\"><\/i>\t\t<\/div>\n\t\t\t\t\t<nav class=\"elementor-nav-menu--dropdown elementor-nav-menu__container\" aria-hidden=\"true\">\n\t\t\t\t<ul id=\"menu-2-5c3e538\" class=\"elementor-nav-menu sm-vertical\"><li class=\"menu-item menu-item-type-post_type menu-item-object-page menu-item-59990\"><a href=\"https:\/\/topa.be\/de\/sint-carolus-borromeus\/praktisch\/\" class=\"elementor-item\" tabindex=\"-1\">Praktische Informationen<\/a><\/li>\n<li class=\"menu-item menu-item-type-post_type menu-item-object-page menu-item-59991\"><a href=\"https:\/\/topa.be\/de\/sint-carolus-borromeus\/rondleidingen\/\" class=\"elementor-item\" tabindex=\"-1\">F\u00fchrungen<\/a><\/li>\n<li class=\"menu-item menu-item-type-post_type menu-item-object-page menu-item-59992\"><a href=\"https:\/\/topa.be\/de\/sint-carolus-borromeus\/kennismaking\/\" class=\"elementor-item\" tabindex=\"-1\">Kirche in K\u00fcrze<\/a><\/li>\n<li class=\"menu-item menu-item-type-post_type menu-item-object-page menu-item-59993\"><a href=\"https:\/\/topa.be\/de\/sint-carolus-borromeus\/interactief-grondplan\/\" class=\"elementor-item\" tabindex=\"-1\">Interactive floor plan<\/a><\/li>\n<li class=\"menu-item menu-item-type-post_type menu-item-object-page menu-item-61492\"><a href=\"https:\/\/topa.be\/de\/sint-carolus-borromeus\/beschrijving\/\" class=\"elementor-item\" tabindex=\"-1\">History &#038; Description<\/a><\/li>\n<li class=\"menu-item menu-item-type-post_type menu-item-object-page menu-item-59994\"><a href=\"https:\/\/topa.be\/de\/sint-carolus-borromeus\/publicaties\/\" class=\"elementor-item\" tabindex=\"-1\">Publications<\/a><\/li>\n<\/ul>\t\t\t<\/nav>\n\t\t\t\t\t\t<\/div>\n\t\t\t\t<\/div>\n\t\t\t\t\t<\/div>\n\t\t<\/div>\n\t\t\t\t\t<\/div>\n\t\t<\/section>\n\t\t\t\t<\/div>\n\t\t","protected":false},"excerpt":{"rendered":"<p>SANKT-KARL-BORROM\u00c4USKIRCHE Kirche in K\u00fcrze Liebe Besucher! Willkommen in unserer sch\u00f6nen barocken Pfarrkirche. Obwohl dieses Monument im Laufe der Zeit von Unheil nicht verschont geblieben ist, blieb es doch ein wahrer Kunsttempel. Ganz besonders aber ist es die Kirche von Rubens, er hat hier nicht nur nachhaltig gemalt, sondern auch die Bildhauerarbeiten entworfen. Es ist also [&hellip;]<\/p>\n","protected":false},"author":16,"featured_media":0,"parent":38912,"menu_order":30,"comment_status":"closed","ping_status":"closed","template":"","meta":{"footnotes":""},"class_list":["post-39132","page","type-page","status-publish","hentry"],"aioseo_notices":[],"_links":{"self":[{"href":"https:\/\/topa.be\/de\/wp-json\/wp\/v2\/pages\/39132","targetHints":{"allow":["GET"]}}],"collection":[{"href":"https:\/\/topa.be\/de\/wp-json\/wp\/v2\/pages"}],"about":[{"href":"https:\/\/topa.be\/de\/wp-json\/wp\/v2\/types\/page"}],"author":[{"embeddable":true,"href":"https:\/\/topa.be\/de\/wp-json\/wp\/v2\/users\/16"}],"replies":[{"embeddable":true,"href":"https:\/\/topa.be\/de\/wp-json\/wp\/v2\/comments?post=39132"}],"version-history":[{"count":3,"href":"https:\/\/topa.be\/de\/wp-json\/wp\/v2\/pages\/39132\/revisions"}],"predecessor-version":[{"id":45912,"href":"https:\/\/topa.be\/de\/wp-json\/wp\/v2\/pages\/39132\/revisions\/45912"}],"up":[{"embeddable":true,"href":"https:\/\/topa.be\/de\/wp-json\/wp\/v2\/pages\/38912"}],"wp:attachment":[{"href":"https:\/\/topa.be\/de\/wp-json\/wp\/v2\/media?parent=39132"}],"curies":[{"name":"wp","href":"https:\/\/api.w.org\/{rel}","templated":true}]}}