{"id":39126,"date":"2021-06-05T13:54:36","date_gmt":"2021-06-05T11:54:36","guid":{"rendered":"http:\/\/topa.be\/sint-jacob\/praktisch\/"},"modified":"2025-05-19T09:39:19","modified_gmt":"2025-05-19T07:39:19","slug":"praktisch","status":"publish","type":"page","link":"https:\/\/topa.be\/de\/sint-jacob\/praktisch\/","title":{"rendered":"SJK Praktische Informationen"},"content":{"rendered":"\t\t<div data-elementor-type=\"wp-page\" data-elementor-id=\"39126\" class=\"elementor elementor-39126 elementor-33813\" data-elementor-post-type=\"page\">\n\t\t\t\t\t\t<section class=\"elementor-section elementor-top-section elementor-element elementor-element-e7851f7 elementor-section-boxed elementor-section-height-default elementor-section-height-default\" data-id=\"e7851f7\" data-element_type=\"section\" data-e-type=\"section\">\n\t\t\t\t\t\t<div class=\"elementor-container elementor-column-gap-default\">\n\t\t\t\t\t<div class=\"elementor-column elementor-col-100 elementor-top-column elementor-element elementor-element-36a0879\" data-id=\"36a0879\" data-element_type=\"column\" data-e-type=\"column\">\n\t\t\t<div class=\"elementor-widget-wrap elementor-element-populated\">\n\t\t\t\t\t\t<div class=\"elementor-element elementor-element-4674e92 elementor-widget elementor-widget-heading\" data-id=\"4674e92\" data-element_type=\"widget\" data-e-type=\"widget\" data-widget_type=\"heading.default\">\n\t\t\t\t<div class=\"elementor-widget-container\">\n\t\t\t\t\t<h1 class=\"elementor-heading-title elementor-size-default\">Sankt-Jakobskirche<\/h1>\t\t\t\t<\/div>\n\t\t\t\t<\/div>\n\t\t\t\t\t<\/div>\n\t\t<\/div>\n\t\t\t\t\t<\/div>\n\t\t<\/section>\n\t\t\t\t<section class=\"elementor-section elementor-top-section elementor-element elementor-element-49d5aa7 elementor-section-boxed elementor-section-height-default elementor-section-height-default\" data-id=\"49d5aa7\" data-element_type=\"section\" data-e-type=\"section\">\n\t\t\t\t\t\t<div class=\"elementor-container elementor-column-gap-default\">\n\t\t\t\t\t<div class=\"elementor-column elementor-col-100 elementor-top-column elementor-element elementor-element-de3273a\" data-id=\"de3273a\" data-element_type=\"column\" data-e-type=\"column\">\n\t\t\t<div class=\"elementor-widget-wrap elementor-element-populated\">\n\t\t\t\t\t\t<div class=\"elementor-element elementor-element-c9afd2b elementor-widget elementor-widget-heading\" data-id=\"c9afd2b\" data-element_type=\"widget\" data-e-type=\"widget\" data-widget_type=\"heading.default\">\n\t\t\t\t<div class=\"elementor-widget-container\">\n\t\t\t\t\t<h2 class=\"elementor-heading-title elementor-size-default\">Praktische Informationen<\/h2>\t\t\t\t<\/div>\n\t\t\t\t<\/div>\n\t\t\t\t\t<\/div>\n\t\t<\/div>\n\t\t\t\t\t<\/div>\n\t\t<\/section>\n\t\t\t\t<section class=\"elementor-section elementor-top-section elementor-element elementor-element-7af8480 elementor-section-boxed elementor-section-height-default elementor-section-height-default\" data-id=\"7af8480\" data-element_type=\"section\" data-e-type=\"section\">\n\t\t\t\t\t\t<div class=\"elementor-container elementor-column-gap-default\">\n\t\t\t\t\t<div class=\"elementor-column elementor-col-66 elementor-top-column elementor-element elementor-element-701a573\" data-id=\"701a573\" data-element_type=\"column\" data-e-type=\"column\">\n\t\t\t<div class=\"elementor-widget-wrap elementor-element-populated\">\n\t\t\t\t\t\t<div class=\"elementor-element elementor-element-4cc6866 elementor-widget elementor-widget-text-editor\" data-id=\"4cc6866\" data-element_type=\"widget\" data-e-type=\"widget\" data-widget_type=\"text-editor.default\">\n\t\t\t\t<div class=\"elementor-widget-container\">\n\t\t\t\t\t\t\t\t\t<p style=\"text-align: justify;\"><strong>Gottesdienste\u00a0<\/strong><strong><br \/>\n<\/strong>Sonntag und Feiertag: 10.00 Uhr.<\/p>\n<p><\/p>\n<p style=\"text-align: justify;\"><strong>\u00d6ffnungszeiten<\/strong><strong><br \/>\n<\/strong><\/p>\n<p>Jeden Tag von 14.00 bis 17.00 Uhr.<\/p>\n<p>An Feiertagen k\u00f6nnen sich die \u00d6ffnungszeiten in Ausnahmef\u00e4llen \u00e4ndern.<br \/>Die Jakobskirche ist \u00fcber den Haupteingang in der Rue St. James 9 zug\u00e4nglich.<br \/>Der Eingang f\u00fcr Rollstuhlfahrer ist \u00fcber den Sint-Jacobsmarkt.<br \/>Zugang f\u00fcr Rollstuhlfahrer: Telefon 0495-36 93 37 &#8211; nur w\u00e4hrend der Besuchszeiten.<\/p>\n<h4 style=\"text-align: justify;\">Die Kirche ist frei zug\u00e4nglich<\/h4>\n<p><\/p>\n<p style=\"text-align: justify;\">Siehe auch das Angebot unter <a href=\"https:\/\/topa.be\/de\/sint-jacob\/rondleidingen\/\"><strong>F\u00fchrungen<\/strong><\/a><\/p>\n<p><\/p>\n<p style=\"text-align: justify;\"><strong>Informationen<\/strong><strong><br \/>\n<\/strong><strong>tel. +32 (0)3\u00a0232 10 32<br \/>\ne-mail:\u00a0<a href=\"mailto:info@sintjacobantwerpen.be\">info@sintjacobantwerpen.be<\/a><a href=\"mailto:roelants.peter@gmail.com\"><br \/>\n<\/a>Website:\u00a0<a href=\"http:\/\/www.sintjacobantwerpen.be\/\" target=\"_blank\" rel=\"noopener noreferrer\">www.sintjacobantwerpen.be<\/a><\/strong><\/p>\n<p><\/p>\n<p style=\"text-align: justify;\"><strong>Pfarramt<\/strong><strong><br \/>\n<\/strong>Lange Nieuwstraat 73 \u2013 B 2000 Antwerpen<br \/>\nTel\/Fax +32 (0)3 232 10 32<\/p>\n\t\t\t\t\t\t\t\t<\/div>\n\t\t\t\t<\/div>\n\t\t\t\t\t<\/div>\n\t\t<\/div>\n\t\t\t\t<div class=\"elementor-column elementor-col-33 elementor-top-column elementor-element elementor-element-74b826f\" data-id=\"74b826f\" data-element_type=\"column\" data-e-type=\"column\">\n\t\t\t<div class=\"elementor-widget-wrap elementor-element-populated\">\n\t\t\t\t\t\t<div class=\"elementor-element elementor-element-8fb7f30 elementor-widget elementor-widget-text-editor\" data-id=\"8fb7f30\" data-element_type=\"widget\" data-e-type=\"widget\" data-widget_type=\"text-editor.default\">\n\t\t\t\t<div class=\"elementor-widget-container\">\n\t\t\t\t\t\t\t\t\t<h4 class=\"widgettitle\" style=\"text-align: justify;\">Um mehr zur erfahren:<\/h4>\n\t\t\t\t\t\t\t\t<\/div>\n\t\t\t\t<\/div>\n\t\t\t\t<div class=\"elementor-element elementor-element-0f5d4f4 elementor-nav-menu--dropdown-tablet elementor-nav-menu__text-align-aside elementor-nav-menu--toggle elementor-nav-menu--burger elementor-widget elementor-widget-nav-menu\" data-id=\"0f5d4f4\" data-element_type=\"widget\" data-e-type=\"widget\" data-settings=\"{&quot;layout&quot;:&quot;vertical&quot;,&quot;submenu_icon&quot;:{&quot;value&quot;:&quot;&lt;i class=\\&quot;fas fa-caret-down\\&quot; aria-hidden=\\&quot;true\\&quot;&gt;&lt;\\\/i&gt;&quot;,&quot;library&quot;:&quot;fa-solid&quot;},&quot;toggle&quot;:&quot;burger&quot;}\" data-widget_type=\"nav-menu.default\">\n\t\t\t\t<div class=\"elementor-widget-container\">\n\t\t\t\t\t\t\t\t<nav aria-label=\"Menu\" class=\"elementor-nav-menu--main elementor-nav-menu__container elementor-nav-menu--layout-vertical e--pointer-framed e--animation-fade\">\n\t\t\t\t<ul id=\"menu-1-0f5d4f4\" class=\"elementor-nav-menu sm-vertical\"><li class=\"menu-item menu-item-type-post_type menu-item-object-page menu-item-60011\"><a href=\"https:\/\/topa.be\/de\/sint-jacob\/praktisch\/\" class=\"elementor-item\">Praktische Informationen<\/a><\/li>\n<li class=\"menu-item menu-item-type-post_type menu-item-object-page menu-item-60012\"><a href=\"https:\/\/topa.be\/de\/sint-jacob\/rondleidingen\/\" class=\"elementor-item\">F\u00fchrungen<\/a><\/li>\n<li class=\"menu-item menu-item-type-post_type menu-item-object-page menu-item-60017\"><a href=\"https:\/\/topa.be\/de\/sint-jacob\/kennismaking\/\" class=\"elementor-item\">Kirche in K\u00fcrze<\/a><\/li>\n<\/ul>\t\t\t<\/nav>\n\t\t\t\t\t<div class=\"elementor-menu-toggle\" role=\"button\" tabindex=\"0\" aria-label=\"Men\u00fc Umschalter\" aria-expanded=\"false\">\n\t\t\t<i aria-hidden=\"true\" role=\"presentation\" class=\"elementor-menu-toggle__icon--open eicon-menu-bar\"><\/i><i aria-hidden=\"true\" role=\"presentation\" class=\"elementor-menu-toggle__icon--close eicon-close\"><\/i>\t\t<\/div>\n\t\t\t\t\t<nav class=\"elementor-nav-menu--dropdown elementor-nav-menu__container\" aria-hidden=\"true\">\n\t\t\t\t<ul id=\"menu-2-0f5d4f4\" class=\"elementor-nav-menu sm-vertical\"><li class=\"menu-item menu-item-type-post_type menu-item-object-page menu-item-60011\"><a href=\"https:\/\/topa.be\/de\/sint-jacob\/praktisch\/\" class=\"elementor-item\" tabindex=\"-1\">Praktische Informationen<\/a><\/li>\n<li class=\"menu-item menu-item-type-post_type menu-item-object-page menu-item-60012\"><a href=\"https:\/\/topa.be\/de\/sint-jacob\/rondleidingen\/\" class=\"elementor-item\" tabindex=\"-1\">F\u00fchrungen<\/a><\/li>\n<li class=\"menu-item menu-item-type-post_type menu-item-object-page menu-item-60017\"><a href=\"https:\/\/topa.be\/de\/sint-jacob\/kennismaking\/\" class=\"elementor-item\" tabindex=\"-1\">Kirche in K\u00fcrze<\/a><\/li>\n<\/ul>\t\t\t<\/nav>\n\t\t\t\t\t\t<\/div>\n\t\t\t\t<\/div>\n\t\t\t\t\t<\/div>\n\t\t<\/div>\n\t\t\t\t\t<\/div>\n\t\t<\/section>\n\t\t\t\t<section class=\"elementor-section elementor-top-section elementor-element elementor-element-7733b191 elementor-section-boxed elementor-section-height-default elementor-section-height-default\" data-id=\"7733b191\" data-element_type=\"section\" data-e-type=\"section\">\n\t\t\t\t\t\t<div class=\"elementor-container elementor-column-gap-default\">\n\t\t\t\t\t<div class=\"elementor-column elementor-col-100 elementor-top-column elementor-element elementor-element-45348d16\" data-id=\"45348d16\" data-element_type=\"column\" data-e-type=\"column\">\n\t\t\t<div class=\"elementor-widget-wrap elementor-element-populated\">\n\t\t\t\t\t\t<div class=\"elementor-element elementor-element-77469cc3 elementor-widget elementor-widget-text-editor\" data-id=\"77469cc3\" data-element_type=\"widget\" data-e-type=\"widget\" data-widget_type=\"text-editor.default\">\n\t\t\t\t<div class=\"elementor-widget-container\">\n\t\t\t\t\t\t\t\t\t<p style=\"text-align: justify;\">Mit <a href=\"https:\/\/goo.gl\/maps\/Bpx75rvqBZzvnjme6\"><strong>DIESE KARTE<\/strong><\/a> k\u00f6nnen Sie eine Route in Funktion Ihres Verkehrsmittels bestimmen.<br \/>\nVielleicht m\u00f6chten Sie VELO-Antwerpen verwenden:\u00a0<strong><a href=\"https:\/\/www.velo-antwerpen.be\/de\">https:\/\/www.velo-antwerpen.be\/de<\/a><\/strong><\/p>\n\t\t\t\t\t\t\t\t<\/div>\n\t\t\t\t<\/div>\n\t\t\t\t\t<\/div>\n\t\t<\/div>\n\t\t\t\t\t<\/div>\n\t\t<\/section>\n\t\t\t\t<\/div>\n\t\t","protected":false},"excerpt":{"rendered":"<p>Sankt-Jakobskirche Praktische Informationen Gottesdienste\u00a0 Sonntag und Feiertag: 10.00 Uhr. \u00d6ffnungszeiten Jeden Tag von 14.00 bis 17.00 Uhr. An Feiertagen k\u00f6nnen sich die \u00d6ffnungszeiten in Ausnahmef\u00e4llen \u00e4ndern.Die Jakobskirche ist \u00fcber den Haupteingang in der Rue St. James 9 zug\u00e4nglich.Der Eingang f\u00fcr Rollstuhlfahrer ist \u00fcber den Sint-Jacobsmarkt.Zugang f\u00fcr Rollstuhlfahrer: Telefon 0495-36 93 37 &#8211; nur w\u00e4hrend der [&hellip;]<\/p>\n","protected":false},"author":16,"featured_media":0,"parent":38910,"menu_order":10,"comment_status":"closed","ping_status":"closed","template":"","meta":{"footnotes":""},"class_list":["post-39126","page","type-page","status-publish","hentry"],"aioseo_notices":[],"_links":{"self":[{"href":"https:\/\/topa.be\/de\/wp-json\/wp\/v2\/pages\/39126","targetHints":{"allow":["GET"]}}],"collection":[{"href":"https:\/\/topa.be\/de\/wp-json\/wp\/v2\/pages"}],"about":[{"href":"https:\/\/topa.be\/de\/wp-json\/wp\/v2\/types\/page"}],"author":[{"embeddable":true,"href":"https:\/\/topa.be\/de\/wp-json\/wp\/v2\/users\/16"}],"replies":[{"embeddable":true,"href":"https:\/\/topa.be\/de\/wp-json\/wp\/v2\/comments?post=39126"}],"version-history":[{"count":3,"href":"https:\/\/topa.be\/de\/wp-json\/wp\/v2\/pages\/39126\/revisions"}],"predecessor-version":[{"id":71604,"href":"https:\/\/topa.be\/de\/wp-json\/wp\/v2\/pages\/39126\/revisions\/71604"}],"up":[{"embeddable":true,"href":"https:\/\/topa.be\/de\/wp-json\/wp\/v2\/pages\/38910"}],"wp:attachment":[{"href":"https:\/\/topa.be\/de\/wp-json\/wp\/v2\/media?parent=39126"}],"curies":[{"name":"wp","href":"https:\/\/api.w.org\/{rel}","templated":true}]}}