{"id":39070,"date":"2021-06-04T22:47:21","date_gmt":"2021-06-04T20:47:21","guid":{"rendered":"http:\/\/topa.be\/sint-jacob\/rondleidingen\/"},"modified":"2024-04-03T16:42:49","modified_gmt":"2024-04-03T14:42:49","slug":"rondleidingen","status":"publish","type":"page","link":"https:\/\/topa.be\/de\/sint-jacob\/rondleidingen\/","title":{"rendered":"SJK F\u00fchrungen"},"content":{"rendered":"\t\t<div data-elementor-type=\"wp-page\" data-elementor-id=\"39070\" class=\"elementor elementor-39070 elementor-33815\" data-elementor-post-type=\"page\">\n\t\t\t\t\t\t<section class=\"elementor-section elementor-top-section elementor-element elementor-element-f23f1b6 elementor-section-boxed elementor-section-height-default elementor-section-height-default\" data-id=\"f23f1b6\" data-element_type=\"section\" data-e-type=\"section\">\n\t\t\t\t\t\t<div class=\"elementor-container elementor-column-gap-default\">\n\t\t\t\t\t<div class=\"elementor-column elementor-col-100 elementor-top-column elementor-element elementor-element-866bbc3\" data-id=\"866bbc3\" data-element_type=\"column\" data-e-type=\"column\">\n\t\t\t<div class=\"elementor-widget-wrap elementor-element-populated\">\n\t\t\t\t\t\t<div class=\"elementor-element elementor-element-73b5fa0 elementor-widget elementor-widget-heading\" data-id=\"73b5fa0\" data-element_type=\"widget\" data-e-type=\"widget\" data-widget_type=\"heading.default\">\n\t\t\t\t<div class=\"elementor-widget-container\">\n\t\t\t\t\t<h1 class=\"elementor-heading-title elementor-size-default\">Sankt-Jakobskirche<\/h1>\t\t\t\t<\/div>\n\t\t\t\t<\/div>\n\t\t\t\t\t<\/div>\n\t\t<\/div>\n\t\t\t\t\t<\/div>\n\t\t<\/section>\n\t\t\t\t<section class=\"elementor-section elementor-top-section elementor-element elementor-element-283407b elementor-section-boxed elementor-section-height-default elementor-section-height-default\" data-id=\"283407b\" data-element_type=\"section\" data-e-type=\"section\">\n\t\t\t\t\t\t<div class=\"elementor-container elementor-column-gap-default\">\n\t\t\t\t\t<div class=\"elementor-column elementor-col-100 elementor-top-column elementor-element elementor-element-d4de931\" data-id=\"d4de931\" data-element_type=\"column\" data-e-type=\"column\">\n\t\t\t<div class=\"elementor-widget-wrap elementor-element-populated\">\n\t\t\t\t\t\t<div class=\"elementor-element elementor-element-15c0b9d elementor-widget elementor-widget-heading\" data-id=\"15c0b9d\" data-element_type=\"widget\" data-e-type=\"widget\" data-widget_type=\"heading.default\">\n\t\t\t\t<div class=\"elementor-widget-container\">\n\t\t\t\t\t<h2 class=\"elementor-heading-title elementor-size-default\">F\u00fchrungen<\/h2>\t\t\t\t<\/div>\n\t\t\t\t<\/div>\n\t\t\t\t\t<\/div>\n\t\t<\/div>\n\t\t\t\t\t<\/div>\n\t\t<\/section>\n\t\t\t\t<section class=\"elementor-section elementor-top-section elementor-element elementor-element-8319dc8 elementor-section-boxed elementor-section-height-default elementor-section-height-default\" data-id=\"8319dc8\" data-element_type=\"section\" data-e-type=\"section\">\n\t\t\t\t\t\t<div class=\"elementor-container elementor-column-gap-default\">\n\t\t\t\t\t<div class=\"elementor-column elementor-col-66 elementor-top-column elementor-element elementor-element-e824d6f\" data-id=\"e824d6f\" data-element_type=\"column\" data-e-type=\"column\">\n\t\t\t<div class=\"elementor-widget-wrap elementor-element-populated\">\n\t\t\t\t\t\t<div class=\"elementor-element elementor-element-3985470 elementor-widget elementor-widget-text-editor\" data-id=\"3985470\" data-element_type=\"widget\" data-e-type=\"widget\" data-widget_type=\"text-editor.default\">\n\t\t\t\t<div class=\"elementor-widget-container\">\n\t\t\t\t\t\t\t\t\t<p><strong>F\u00fcr Einzelbesucher<\/strong><strong><br \/>\n<\/strong><em>In Niederl\u00e4ndisch<\/em><em>\u00a0<\/em><em><br \/>\n<\/em>\u2022 Montag-Sonntag: zwischen 14 und 17 Uhr<br \/>\n\u2022 F\u00fchrungen durch die F\u00fchrer von TOPA angeboten, mit dem Motto: <strong>\u201eKunst sehen: mehr als ein Augen-Blick\u201c<\/strong><br \/>\n\u2022 Gratis<\/p>\n\t\t\t\t\t\t\t\t<\/div>\n\t\t\t\t<\/div>\n\t\t\t\t<div class=\"elementor-element elementor-element-d4466d7 elementor-widget elementor-widget-text-editor\" data-id=\"d4466d7\" data-element_type=\"widget\" data-e-type=\"widget\" data-widget_type=\"text-editor.default\">\n\t\t\t\t<div class=\"elementor-widget-container\">\n\t\t\t\t\t\t\t\t\t<p><strong>F\u00fcr Gruppen<\/strong><strong><br \/>\n<\/strong><em>In mehreren Sprachen<\/em><em><br \/>\n<\/em>\u2022 Reservierung via E-mail:\u00a0<b><a href=\"mailto:sintjacobskerk@topa.be\">sintjacobskerk@topa.be<\/a>\u00a0<\/b><br \/>\n\u2022 Die spezialisierten F\u00fchrer von TOPA werden gern \u2013 als m\u00f6glich \u2013 auf spezielle Interessen ihrer Gruppe eingehen<br \/>\n\u2022 In mehreren Sprachen m\u00f6glich<br \/>\n\u20ac 95 pro F\u00fchrer und maximal 20 Personen<\/p>\n\t\t\t\t\t\t\t\t<\/div>\n\t\t\t\t<\/div>\n\t\t\t\t\t<\/div>\n\t\t<\/div>\n\t\t\t\t<div class=\"elementor-column elementor-col-33 elementor-top-column elementor-element elementor-element-54b3fc7\" data-id=\"54b3fc7\" data-element_type=\"column\" data-e-type=\"column\">\n\t\t\t<div class=\"elementor-widget-wrap elementor-element-populated\">\n\t\t\t\t\t\t<div class=\"elementor-element elementor-element-41c8a95 elementor-widget elementor-widget-text-editor\" data-id=\"41c8a95\" data-element_type=\"widget\" data-e-type=\"widget\" data-widget_type=\"text-editor.default\">\n\t\t\t\t<div class=\"elementor-widget-container\">\n\t\t\t\t\t\t\t\t\t<h4 class=\"widgettitle\" style=\"text-align: justify;\">Um mehr zur erfahren:<\/h4>\n\t\t\t\t\t\t\t\t<\/div>\n\t\t\t\t<\/div>\n\t\t\t\t<div class=\"elementor-element elementor-element-75c8b1c elementor-nav-menu--dropdown-tablet elementor-nav-menu__text-align-aside elementor-nav-menu--toggle elementor-nav-menu--burger elementor-widget elementor-widget-nav-menu\" data-id=\"75c8b1c\" data-element_type=\"widget\" data-e-type=\"widget\" data-settings=\"{&quot;layout&quot;:&quot;vertical&quot;,&quot;submenu_icon&quot;:{&quot;value&quot;:&quot;&lt;i class=\\&quot;fas fa-caret-down\\&quot; aria-hidden=\\&quot;true\\&quot;&gt;&lt;\\\/i&gt;&quot;,&quot;library&quot;:&quot;fa-solid&quot;},&quot;toggle&quot;:&quot;burger&quot;}\" data-widget_type=\"nav-menu.default\">\n\t\t\t\t<div class=\"elementor-widget-container\">\n\t\t\t\t\t\t\t\t<nav aria-label=\"Men\u00fc\" class=\"elementor-nav-menu--main elementor-nav-menu__container elementor-nav-menu--layout-vertical e--pointer-framed e--animation-fade\">\n\t\t\t\t<ul id=\"menu-1-75c8b1c\" class=\"elementor-nav-menu sm-vertical\"><li class=\"menu-item menu-item-type-post_type menu-item-object-page menu-item-60011\"><a href=\"https:\/\/topa.be\/de\/sint-jacob\/praktisch\/\" class=\"elementor-item\">Praktische Informationen<\/a><\/li>\n<li class=\"menu-item menu-item-type-post_type menu-item-object-page menu-item-60012\"><a href=\"https:\/\/topa.be\/de\/sint-jacob\/rondleidingen\/\" class=\"elementor-item\">F\u00fchrungen<\/a><\/li>\n<li class=\"menu-item menu-item-type-post_type menu-item-object-page menu-item-60017\"><a href=\"https:\/\/topa.be\/de\/sint-jacob\/kennismaking\/\" class=\"elementor-item\">Kirche in K\u00fcrze<\/a><\/li>\n<\/ul>\t\t\t<\/nav>\n\t\t\t\t\t<div class=\"elementor-menu-toggle\" role=\"button\" tabindex=\"0\" aria-label=\"Men\u00fc Umschalter\" aria-expanded=\"false\">\n\t\t\t<i aria-hidden=\"true\" role=\"presentation\" class=\"elementor-menu-toggle__icon--open eicon-menu-bar\"><\/i><i aria-hidden=\"true\" role=\"presentation\" class=\"elementor-menu-toggle__icon--close eicon-close\"><\/i>\t\t<\/div>\n\t\t\t\t\t<nav class=\"elementor-nav-menu--dropdown elementor-nav-menu__container\" aria-hidden=\"true\">\n\t\t\t\t<ul id=\"menu-2-75c8b1c\" class=\"elementor-nav-menu sm-vertical\"><li class=\"menu-item menu-item-type-post_type menu-item-object-page menu-item-60011\"><a href=\"https:\/\/topa.be\/de\/sint-jacob\/praktisch\/\" class=\"elementor-item\" tabindex=\"-1\">Praktische Informationen<\/a><\/li>\n<li class=\"menu-item menu-item-type-post_type menu-item-object-page menu-item-60012\"><a href=\"https:\/\/topa.be\/de\/sint-jacob\/rondleidingen\/\" class=\"elementor-item\" tabindex=\"-1\">F\u00fchrungen<\/a><\/li>\n<li class=\"menu-item menu-item-type-post_type menu-item-object-page menu-item-60017\"><a href=\"https:\/\/topa.be\/de\/sint-jacob\/kennismaking\/\" class=\"elementor-item\" tabindex=\"-1\">Kirche in K\u00fcrze<\/a><\/li>\n<\/ul>\t\t\t<\/nav>\n\t\t\t\t\t\t<\/div>\n\t\t\t\t<\/div>\n\t\t\t\t\t<\/div>\n\t\t<\/div>\n\t\t\t\t\t<\/div>\n\t\t<\/section>\n\t\t\t\t<\/div>\n\t\t","protected":false},"excerpt":{"rendered":"<p>Sankt-Jakobskirche F\u00fchrungen F\u00fcr Einzelbesucher In Niederl\u00e4ndisch\u00a0 \u2022 Montag-Sonntag: zwischen 14 und 17 Uhr \u2022 F\u00fchrungen durch die F\u00fchrer von TOPA angeboten, mit dem Motto: \u201eKunst sehen: mehr als ein Augen-Blick\u201c \u2022 Gratis F\u00fcr Gruppen In mehreren Sprachen \u2022 Reservierung via E-mail:\u00a0sintjacobskerk@topa.be\u00a0 \u2022 Die spezialisierten F\u00fchrer von TOPA werden gern \u2013 als m\u00f6glich \u2013 auf spezielle [&hellip;]<\/p>\n","protected":false},"author":16,"featured_media":0,"parent":38910,"menu_order":20,"comment_status":"closed","ping_status":"closed","template":"","meta":{"footnotes":""},"class_list":["post-39070","page","type-page","status-publish","hentry"],"aioseo_notices":[],"_links":{"self":[{"href":"https:\/\/topa.be\/de\/wp-json\/wp\/v2\/pages\/39070","targetHints":{"allow":["GET"]}}],"collection":[{"href":"https:\/\/topa.be\/de\/wp-json\/wp\/v2\/pages"}],"about":[{"href":"https:\/\/topa.be\/de\/wp-json\/wp\/v2\/types\/page"}],"author":[{"embeddable":true,"href":"https:\/\/topa.be\/de\/wp-json\/wp\/v2\/users\/16"}],"replies":[{"embeddable":true,"href":"https:\/\/topa.be\/de\/wp-json\/wp\/v2\/comments?post=39070"}],"version-history":[{"count":3,"href":"https:\/\/topa.be\/de\/wp-json\/wp\/v2\/pages\/39070\/revisions"}],"predecessor-version":[{"id":70427,"href":"https:\/\/topa.be\/de\/wp-json\/wp\/v2\/pages\/39070\/revisions\/70427"}],"up":[{"embeddable":true,"href":"https:\/\/topa.be\/de\/wp-json\/wp\/v2\/pages\/38910"}],"wp:attachment":[{"href":"https:\/\/topa.be\/de\/wp-json\/wp\/v2\/media?parent=39070"}],"curies":[{"name":"wp","href":"https:\/\/api.w.org\/{rel}","templated":true}]}}