{"id":39064,"date":"2021-06-04T22:36:39","date_gmt":"2021-06-04T20:36:39","guid":{"rendered":"http:\/\/topa.be\/sint-pauluskerk\/praktisch\/"},"modified":"2023-12-22T09:23:29","modified_gmt":"2023-12-22T08:23:29","slug":"praktisch","status":"publish","type":"page","link":"https:\/\/topa.be\/de\/sint-pauluskerk\/praktisch\/","title":{"rendered":"SPK Praktische Informationen"},"content":{"rendered":"\t\t<div data-elementor-type=\"wp-page\" data-elementor-id=\"39064\" class=\"elementor elementor-39064 elementor-33900\" data-elementor-post-type=\"page\">\n\t\t\t\t\t\t<section class=\"elementor-section elementor-top-section elementor-element elementor-element-73d6dd4 elementor-section-boxed elementor-section-height-default elementor-section-height-default\" data-id=\"73d6dd4\" data-element_type=\"section\" data-e-type=\"section\">\n\t\t\t\t\t\t<div class=\"elementor-container elementor-column-gap-default\">\n\t\t\t\t\t<div class=\"elementor-column elementor-col-100 elementor-top-column elementor-element elementor-element-59ee20a\" data-id=\"59ee20a\" data-element_type=\"column\" data-e-type=\"column\">\n\t\t\t<div class=\"elementor-widget-wrap elementor-element-populated\">\n\t\t\t\t\t\t<div class=\"elementor-element elementor-element-9e60af6 elementor-widget elementor-widget-heading\" data-id=\"9e60af6\" data-element_type=\"widget\" data-e-type=\"widget\" data-widget_type=\"heading.default\">\n\t\t\t\t<div class=\"elementor-widget-container\">\n\t\t\t\t\t<h1 class=\"elementor-heading-title elementor-size-default\">Sankt-Pauluskirche<\/h1>\t\t\t\t<\/div>\n\t\t\t\t<\/div>\n\t\t\t\t\t<\/div>\n\t\t<\/div>\n\t\t\t\t\t<\/div>\n\t\t<\/section>\n\t\t\t\t<section class=\"elementor-section elementor-top-section elementor-element elementor-element-d1be9e2 elementor-section-boxed elementor-section-height-default elementor-section-height-default\" data-id=\"d1be9e2\" data-element_type=\"section\" data-e-type=\"section\">\n\t\t\t\t\t\t<div class=\"elementor-container elementor-column-gap-default\">\n\t\t\t\t\t<div class=\"elementor-column elementor-col-100 elementor-top-column elementor-element elementor-element-d3ca173\" data-id=\"d3ca173\" data-element_type=\"column\" data-e-type=\"column\">\n\t\t\t<div class=\"elementor-widget-wrap elementor-element-populated\">\n\t\t\t\t\t\t<div class=\"elementor-element elementor-element-f1cdbfe elementor-widget elementor-widget-heading\" data-id=\"f1cdbfe\" data-element_type=\"widget\" data-e-type=\"widget\" data-widget_type=\"heading.default\">\n\t\t\t\t<div class=\"elementor-widget-container\">\n\t\t\t\t\t<h2 class=\"elementor-heading-title elementor-size-default\">Praktische Informationen<\/h2>\t\t\t\t<\/div>\n\t\t\t\t<\/div>\n\t\t\t\t\t<\/div>\n\t\t<\/div>\n\t\t\t\t\t<\/div>\n\t\t<\/section>\n\t\t\t\t<section class=\"elementor-section elementor-top-section elementor-element elementor-element-1fbc407 elementor-section-boxed elementor-section-height-default elementor-section-height-default\" data-id=\"1fbc407\" data-element_type=\"section\" data-e-type=\"section\">\n\t\t\t\t\t\t<div class=\"elementor-container elementor-column-gap-default\">\n\t\t\t\t\t<div class=\"elementor-column elementor-col-66 elementor-top-column elementor-element elementor-element-ee8d260\" data-id=\"ee8d260\" data-element_type=\"column\" data-e-type=\"column\">\n\t\t\t<div class=\"elementor-widget-wrap elementor-element-populated\">\n\t\t\t\t\t\t<div class=\"elementor-element elementor-element-d2f0a6d elementor-widget elementor-widget-text-editor\" data-id=\"d2f0a6d\" data-element_type=\"widget\" data-e-type=\"widget\" data-widget_type=\"text-editor.default\">\n\t\t\t\t<div class=\"elementor-widget-container\">\n\t\t\t\t\t\t\t\t\t<p style=\"text-align: justify;\"><strong>Gottesdienste\u00a0<\/strong><strong><br \/>\n<\/strong>Sonntag: 10.30 Uhr (Orgel und gregorianisch)<br \/>\nFeiertag: 10.30 Uhr (Orchester, Chor und Solisten, Orgel)<strong>\u00a0<\/strong><\/p>\n<p style=\"text-align: justify;\"><strong>\u00d6ffnungszeiten<br \/>\n<\/strong><strong>Vom 1. April bis zu den Herbstferien ist die Kirche jeden Tag von 14 bis 17 Uhr ge\u00f6ffnet.<br \/>\nNach den Herbstferien bis zum 31. M\u00e4rz ist die Kirche nur samstags und sonntags von 14 bis 17 Uhr ge\u00f6ffnet.<\/strong><\/p>\n<p style=\"text-align: justify;\"><strong>W\u00e4hrend des Weihnachtsurlaubs 2023\/24 ist die Kirche t\u00e4glich von 14-17 Uhr ge\u00f6ffnet, au\u00dfer am 1. Januar 2024.<\/strong><\/p>\n<p style=\"text-align: justify;\">Vorbehaltlich besonderer Gottesdienste<br \/>\nSiehe auch unter\u00a0<a href=\"https:\/\/topa.be\/de\/sint-pauluskerk\/rondleidingen\/\"><strong>F\u00fchrungen<\/strong><strong>\u00a0<\/strong><\/a><\/p>\n<p><strong>Geb\u00fchr f\u00fcr touristischen Besuch<\/strong><\/p>\n<ul>\n<li>5 Euro Standardticket<\/li>\n<li>3 Euro pro Person f\u00fcr Gruppen ab 15 Personen und f\u00fcr Studenten (bei Vorlage eines Studentenausweises)<\/li>\n<li>kostenlos f\u00fcr Jugendliche bis 18 Jahre, Begleitpersonen von Rollstuhlfahrern, f\u00fcr Antwerp City Card und ICOM-Karte<\/li>\n<\/ul>\n<p>&nbsp;<\/p>\n<p>Frei f\u00fcr alle:<\/p>\n<ul>\n<li>Bei religi\u00f6sen Zeremonien<\/li>\n<li>Katholische Feiertage: Ostern, Himmelfahrt, Pfingsten, Mari\u00e4 Himmelfahrt (15. August), Allerheiligen und Weihnachten.<\/li>\n<li>Jeden ersten Dienstag im Monat (w\u00e4hrend der Tourismussaison)<\/li>\n<\/ul>\n<p style=\"text-align: justify;\"><strong>Informationen<\/strong><strong><br \/>\n<\/strong>Walter Geluyckens \u2013\u00a0Tel.: +32 (0)494 448 253 \u2013\u00a0<strong>E-mail:<\/strong><strong>\u00a0<\/strong><a href=\"mailto:Walter.geluyckens@hotmail.com\"><strong>Walter.geluyckens@hotmail.com<\/strong><\/a><strong>\u00a0<\/strong><strong>\u00a0<\/strong><\/p>\n<p style=\"text-align: justify;\"><strong>Pfarramt<\/strong><br \/>\nSt. Paulusstraat 22<br \/>\nB-2000 Antwerpen<br \/>\nTelefon: +32 (0)3 231 33 21<br \/>\nFax: +32 (0)3 231 10 87<br \/>\n<a href=\"https:\/\/www.sint-paulusparochie.be\/en\/\"><strong>www.sint-paulusparochie.be<\/strong><\/a><\/p>\n\t\t\t\t\t\t\t\t<\/div>\n\t\t\t\t<\/div>\n\t\t\t\t\t<\/div>\n\t\t<\/div>\n\t\t\t\t<div class=\"elementor-column elementor-col-33 elementor-top-column elementor-element elementor-element-55045b4\" data-id=\"55045b4\" data-element_type=\"column\" data-e-type=\"column\">\n\t\t\t<div class=\"elementor-widget-wrap elementor-element-populated\">\n\t\t\t\t\t\t<div class=\"elementor-element elementor-element-b123dae elementor-widget elementor-widget-heading\" data-id=\"b123dae\" data-element_type=\"widget\" data-e-type=\"widget\" data-widget_type=\"heading.default\">\n\t\t\t\t<div class=\"elementor-widget-container\">\n\t\t\t\t\t<h4 class=\"elementor-heading-title elementor-size-default\">Um mehr zur erfahren:<\/h4>\t\t\t\t<\/div>\n\t\t\t\t<\/div>\n\t\t\t\t<div class=\"elementor-element elementor-element-a20abc4 elementor-nav-menu--dropdown-tablet elementor-nav-menu__text-align-aside elementor-nav-menu--toggle elementor-nav-menu--burger elementor-widget elementor-widget-nav-menu\" data-id=\"a20abc4\" data-element_type=\"widget\" data-e-type=\"widget\" data-settings=\"{&quot;layout&quot;:&quot;vertical&quot;,&quot;submenu_icon&quot;:{&quot;value&quot;:&quot;&lt;i class=\\&quot;fas fa-caret-down\\&quot; aria-hidden=\\&quot;true\\&quot;&gt;&lt;\\\/i&gt;&quot;,&quot;library&quot;:&quot;fa-solid&quot;},&quot;toggle&quot;:&quot;burger&quot;}\" data-widget_type=\"nav-menu.default\">\n\t\t\t\t<div class=\"elementor-widget-container\">\n\t\t\t\t\t\t\t\t<nav aria-label=\"Men\u00fc\" class=\"elementor-nav-menu--main elementor-nav-menu__container elementor-nav-menu--layout-vertical e--pointer-framed e--animation-fade\">\n\t\t\t\t<ul id=\"menu-1-a20abc4\" class=\"elementor-nav-menu sm-vertical\"><li class=\"menu-item menu-item-type-post_type menu-item-object-page menu-item-60029\"><a href=\"https:\/\/topa.be\/de\/sint-pauluskerk\/praktisch\/\" class=\"elementor-item\">Praktische Informationen<\/a><\/li>\n<li class=\"menu-item menu-item-type-post_type menu-item-object-page menu-item-60030\"><a href=\"https:\/\/topa.be\/de\/sint-pauluskerk\/rondleidingen\/\" class=\"elementor-item\">F\u00fchrungen<\/a><\/li>\n<li class=\"menu-item menu-item-type-post_type menu-item-object-page menu-item-60031\"><a href=\"https:\/\/topa.be\/de\/sint-pauluskerk\/kennismaking\/\" class=\"elementor-item\">Kirche In K\u00fcrze<\/a><\/li>\n<li class=\"menu-item menu-item-type-post_type menu-item-object-page menu-item-61185\"><a href=\"https:\/\/topa.be\/de\/sint-pauluskerk\/interactief-grondplan\/\" class=\"elementor-item\">Interactive floor plan<\/a><\/li>\n<li class=\"menu-item menu-item-type-post_type menu-item-object-page menu-item-61496\"><a href=\"https:\/\/topa.be\/de\/sint-pauluskerk\/beschrijving\/\" class=\"elementor-item\">History &#038; Description<\/a><\/li>\n<li class=\"menu-item menu-item-type-custom menu-item-object-custom menu-item-60032\"><a href=\"https:\/\/www.kunstgeschiedenis-kerken-antwerpen.be\/hestia-front\/sint-pauluskerk\/\" class=\"elementor-item\">Wissenschaftsforum<\/a><\/li>\n<\/ul>\t\t\t<\/nav>\n\t\t\t\t\t<div class=\"elementor-menu-toggle\" role=\"button\" tabindex=\"0\" aria-label=\"Men\u00fc Umschalter\" aria-expanded=\"false\">\n\t\t\t<i aria-hidden=\"true\" role=\"presentation\" class=\"elementor-menu-toggle__icon--open eicon-menu-bar\"><\/i><i aria-hidden=\"true\" role=\"presentation\" class=\"elementor-menu-toggle__icon--close eicon-close\"><\/i>\t\t<\/div>\n\t\t\t\t\t<nav class=\"elementor-nav-menu--dropdown elementor-nav-menu__container\" aria-hidden=\"true\">\n\t\t\t\t<ul id=\"menu-2-a20abc4\" class=\"elementor-nav-menu sm-vertical\"><li class=\"menu-item menu-item-type-post_type menu-item-object-page menu-item-60029\"><a href=\"https:\/\/topa.be\/de\/sint-pauluskerk\/praktisch\/\" class=\"elementor-item\" tabindex=\"-1\">Praktische Informationen<\/a><\/li>\n<li class=\"menu-item menu-item-type-post_type menu-item-object-page menu-item-60030\"><a href=\"https:\/\/topa.be\/de\/sint-pauluskerk\/rondleidingen\/\" class=\"elementor-item\" tabindex=\"-1\">F\u00fchrungen<\/a><\/li>\n<li class=\"menu-item menu-item-type-post_type menu-item-object-page menu-item-60031\"><a href=\"https:\/\/topa.be\/de\/sint-pauluskerk\/kennismaking\/\" class=\"elementor-item\" tabindex=\"-1\">Kirche In K\u00fcrze<\/a><\/li>\n<li class=\"menu-item menu-item-type-post_type menu-item-object-page menu-item-61185\"><a href=\"https:\/\/topa.be\/de\/sint-pauluskerk\/interactief-grondplan\/\" class=\"elementor-item\" tabindex=\"-1\">Interactive floor plan<\/a><\/li>\n<li class=\"menu-item menu-item-type-post_type menu-item-object-page menu-item-61496\"><a href=\"https:\/\/topa.be\/de\/sint-pauluskerk\/beschrijving\/\" class=\"elementor-item\" tabindex=\"-1\">History &#038; Description<\/a><\/li>\n<li class=\"menu-item menu-item-type-custom menu-item-object-custom menu-item-60032\"><a href=\"https:\/\/www.kunstgeschiedenis-kerken-antwerpen.be\/hestia-front\/sint-pauluskerk\/\" class=\"elementor-item\" tabindex=\"-1\">Wissenschaftsforum<\/a><\/li>\n<\/ul>\t\t\t<\/nav>\n\t\t\t\t\t\t<\/div>\n\t\t\t\t<\/div>\n\t\t\t\t\t<\/div>\n\t\t<\/div>\n\t\t\t\t\t<\/div>\n\t\t<\/section>\n\t\t\t\t<section class=\"elementor-section elementor-top-section elementor-element elementor-element-75c5c442 elementor-section-boxed elementor-section-height-default elementor-section-height-default\" data-id=\"75c5c442\" data-element_type=\"section\" data-e-type=\"section\">\n\t\t\t\t\t\t<div class=\"elementor-container elementor-column-gap-default\">\n\t\t\t\t\t<div class=\"elementor-column elementor-col-100 elementor-top-column elementor-element elementor-element-45aa8fe0\" data-id=\"45aa8fe0\" data-element_type=\"column\" data-e-type=\"column\">\n\t\t\t<div class=\"elementor-widget-wrap elementor-element-populated\">\n\t\t\t\t\t\t<div class=\"elementor-element elementor-element-3dec7101 elementor-widget elementor-widget-text-editor\" data-id=\"3dec7101\" data-element_type=\"widget\" data-e-type=\"widget\" data-widget_type=\"text-editor.default\">\n\t\t\t\t<div class=\"elementor-widget-container\">\n\t\t\t\t\t\t\t\t\t<p style=\"text-align: justify;\" data-mce-style=\"text-align: justify;\">Mit <a href=\"https:\/\/goo.gl\/maps\/XhpwcWkffGjWnMks9\" data-mce-href=\"https:\/\/goo.gl\/maps\/XhpwcWkffGjWnMks9\"><strong>DIESE KARTE<\/strong><\/a> k\u00f6nnen Sie eine Route in Funktion Ihres Verkehrsmittels bestimmen.<br \/>Vielleicht m\u00f6chten Sie VELO-Antwerpen verwenden:&nbsp;<strong><a href=\"https:\/\/www.velo-antwerpen.be\/de\" data-mce-href=\"https:\/\/www.velo-antwerpen.be\/de\">https:\/\/www.velo-antwerpen.be\/de<\/a><\/strong><\/p>\n\t\t\t\t\t\t\t\t<\/div>\n\t\t\t\t<\/div>\n\t\t\t\t\t<\/div>\n\t\t<\/div>\n\t\t\t\t\t<\/div>\n\t\t<\/section>\n\t\t\t\t<\/div>\n\t\t","protected":false},"excerpt":{"rendered":"<p>Sankt-Pauluskirche Praktische Informationen Gottesdienste\u00a0 Sonntag: 10.30 Uhr (Orgel und gregorianisch) Feiertag: 10.30 Uhr (Orchester, Chor und Solisten, Orgel)\u00a0 \u00d6ffnungszeiten Vom 1. April bis zu den Herbstferien ist die Kirche jeden Tag von 14 bis 17 Uhr ge\u00f6ffnet. Nach den Herbstferien bis zum 31. M\u00e4rz ist die Kirche nur samstags und sonntags von 14 bis 17 [&hellip;]<\/p>\n","protected":false},"author":16,"featured_media":0,"parent":38061,"menu_order":10,"comment_status":"closed","ping_status":"closed","template":"","meta":{"footnotes":""},"class_list":["post-39064","page","type-page","status-publish","hentry"],"aioseo_notices":[],"_links":{"self":[{"href":"https:\/\/topa.be\/de\/wp-json\/wp\/v2\/pages\/39064","targetHints":{"allow":["GET"]}}],"collection":[{"href":"https:\/\/topa.be\/de\/wp-json\/wp\/v2\/pages"}],"about":[{"href":"https:\/\/topa.be\/de\/wp-json\/wp\/v2\/types\/page"}],"author":[{"embeddable":true,"href":"https:\/\/topa.be\/de\/wp-json\/wp\/v2\/users\/16"}],"replies":[{"embeddable":true,"href":"https:\/\/topa.be\/de\/wp-json\/wp\/v2\/comments?post=39064"}],"version-history":[{"count":3,"href":"https:\/\/topa.be\/de\/wp-json\/wp\/v2\/pages\/39064\/revisions"}],"predecessor-version":[{"id":70080,"href":"https:\/\/topa.be\/de\/wp-json\/wp\/v2\/pages\/39064\/revisions\/70080"}],"up":[{"embeddable":true,"href":"https:\/\/topa.be\/de\/wp-json\/wp\/v2\/pages\/38061"}],"wp:attachment":[{"href":"https:\/\/topa.be\/de\/wp-json\/wp\/v2\/media?parent=39064"}],"curies":[{"name":"wp","href":"https:\/\/api.w.org\/{rel}","templated":true}]}}