{"id":39060,"date":"2021-06-04T22:30:36","date_gmt":"2021-06-04T20:30:36","guid":{"rendered":"http:\/\/topa.be\/sint-pauluskerk\/kennismaking\/"},"modified":"2021-10-15T12:23:04","modified_gmt":"2021-10-15T10:23:04","slug":"kennismaking","status":"publish","type":"page","link":"https:\/\/topa.be\/de\/sint-pauluskerk\/kennismaking\/","title":{"rendered":"SPK Kirche In K\u00fcrze"},"content":{"rendered":"\t\t<div data-elementor-type=\"wp-page\" data-elementor-id=\"39060\" class=\"elementor elementor-39060 elementor-33904\" data-elementor-post-type=\"page\">\n\t\t\t\t\t\t<section class=\"elementor-section elementor-top-section elementor-element elementor-element-3609b7c elementor-section-boxed elementor-section-height-default elementor-section-height-default\" data-id=\"3609b7c\" data-element_type=\"section\" data-e-type=\"section\">\n\t\t\t\t\t\t<div class=\"elementor-container elementor-column-gap-default\">\n\t\t\t\t\t<div class=\"elementor-column elementor-col-100 elementor-top-column elementor-element elementor-element-600ac45\" data-id=\"600ac45\" data-element_type=\"column\" data-e-type=\"column\">\n\t\t\t<div class=\"elementor-widget-wrap elementor-element-populated\">\n\t\t\t\t\t\t<div class=\"elementor-element elementor-element-f72d6d4 elementor-widget elementor-widget-heading\" data-id=\"f72d6d4\" data-element_type=\"widget\" data-e-type=\"widget\" data-widget_type=\"heading.default\">\n\t\t\t\t<div class=\"elementor-widget-container\">\n\t\t\t\t\t<h1 class=\"elementor-heading-title elementor-size-default\">Sankt-Paulus-Kirche<\/h1>\t\t\t\t<\/div>\n\t\t\t\t<\/div>\n\t\t\t\t\t<\/div>\n\t\t<\/div>\n\t\t\t\t\t<\/div>\n\t\t<\/section>\n\t\t\t\t<section class=\"elementor-section elementor-top-section elementor-element elementor-element-c83248d elementor-section-boxed elementor-section-height-default elementor-section-height-default\" data-id=\"c83248d\" data-element_type=\"section\" data-e-type=\"section\">\n\t\t\t\t\t\t<div class=\"elementor-container elementor-column-gap-default\">\n\t\t\t\t\t<div class=\"elementor-column elementor-col-100 elementor-top-column elementor-element elementor-element-2e0090f\" data-id=\"2e0090f\" data-element_type=\"column\" data-e-type=\"column\">\n\t\t\t<div class=\"elementor-widget-wrap elementor-element-populated\">\n\t\t\t\t\t\t<div class=\"elementor-element elementor-element-114133e elementor-widget elementor-widget-heading\" data-id=\"114133e\" data-element_type=\"widget\" data-e-type=\"widget\" data-widget_type=\"heading.default\">\n\t\t\t\t<div class=\"elementor-widget-container\">\n\t\t\t\t\t<h2 class=\"elementor-heading-title elementor-size-default\">Kirche In K\u00fcrze<\/h2>\t\t\t\t<\/div>\n\t\t\t\t<\/div>\n\t\t\t\t\t<\/div>\n\t\t<\/div>\n\t\t\t\t\t<\/div>\n\t\t<\/section>\n\t\t\t\t<section class=\"elementor-section elementor-top-section elementor-element elementor-element-8b6b4b6 elementor-section-boxed elementor-section-height-default elementor-section-height-default\" data-id=\"8b6b4b6\" data-element_type=\"section\" data-e-type=\"section\">\n\t\t\t\t\t\t<div class=\"elementor-container elementor-column-gap-default\">\n\t\t\t\t\t<div class=\"elementor-column elementor-col-66 elementor-top-column elementor-element elementor-element-59e29f8\" data-id=\"59e29f8\" data-element_type=\"column\" data-e-type=\"column\">\n\t\t\t<div class=\"elementor-widget-wrap elementor-element-populated\">\n\t\t\t\t\t\t<div class=\"elementor-element elementor-element-c7bb6a6 elementor-widget elementor-widget-text-editor\" data-id=\"c7bb6a6\" data-element_type=\"widget\" data-e-type=\"widget\" data-widget_type=\"text-editor.default\">\n\t\t\t\t<div class=\"elementor-widget-container\">\n\t\t\t\t\t\t\t\t\t<p>Die Sankt Paulus Kirche ist einer der Eckpfeiler von Antwerpen. Es hat seinen ganz besonderen Reiz. In Antwerpen ist \u2018Sankt Paulus\u2019 ein Begriff dank seiner immensen k\u00fcnstlerischen Erbes, die ruhigen und malerischen Kalvarienberg, die Geschichte des alten Klosters, die Herrlichkeit der feierlichen Massen, sondern auch dank seiner Lage als gut verankerte Leuchtfeuer in der Matrosenviertel, Verdienter durch die Zeit. Der barocke monumentale Turm, mit einer Doppel-Laterne Krone hat oft einem sorglosen Blick in das Stadtbild.<\/p>\n<p>Das Dominikaner Haus war ein Zentrum der geistigen Studien im Mittelalter und noch mehr in der Zeit der Gegenreformation. Sein Patron, Paul, sch\u00fctzt die Prediger von hier, da sie durch ihre Stadt und Umgebung reisen und, im siebzehnten Jahrhundert, auch in Nordeuropa, \u00fcberwiegend protestantisch. Ihrer Devise achtsam, als auf der Hauptaltar geschrieben, sie predigen \u201eim Glauben und in der Wahrheit\u201c.<\/p>\n<p>Die erste Kirche an dieser Stelle wurde in 1276 gebaut. Im sechzehnten Jahrhundert sind die B\u00f6den erh\u00f6ht um die regelm\u00e4\u00dfigen \u00dcberschwemmungen durch den Fluss Schelde zu beenden (obwohl noch sauber und rein). Nach der st\u00fcrmischen Zeit des sechzehnten Jahrhunderts, kann man die Erweiterungsarbeiten im gotischen Stil wieder aufnehmen. Nicht umsonst sagt man das \u2018Sankt Paulus ist ein barocke Juwel in gotischen Brust\u2019; Barocke M\u00f6bel ist in v\u00f6lliger \u00dcbereinstimmung mit der gotischen Architektur.<\/p>\n<p>Nach der Aufhebung des Klosters durch die Franz\u00f6sen, im Jahre 1796, kann Prior Peltiers die Kirche einl\u00f6sen. Die Kirche wurde von der Stadt erworben um eine neue Gemeinde zu gr\u00fcnden. Im Jahr 1968 zerst\u00f6rte ein verheerender Brand den gesamten Komplex. Die dringendsten Reparaturen wurden zu lange verz\u00f6gert. Nach zwei Jahrzehnten wurde schlie\u00dflich ein neues Dach setzen. Heute hat sich diese lange Agonie zu Ende gekommen. Das goldene Zeitalter des Barock kann hier wieder gl\u00e4nzen.<\/p>\n<p>Die Kunst der Malerei wird durch die Antwerpener Meister wie Rubens, Jordaens und Van Dyck, nicht zuletzt in der Serie von f\u00fcnfzehn Gem\u00e4lde, auf denen die Geheimnisse des Rosenkranzes hier vertreten.<\/p>\n<p>Es gibt eine \u00dcberf\u00fclle von Skulpturen: Alt\u00e4re, Balustraden, das Chorgest\u00fchl und Orgel, Epitaphien und vor allem die Beichtst\u00fchle mit nicht weniger als vierzig gro\u00dfen Figuren und \u2026 \u2013 als ob das alles nicht genug w\u00e4re \u2013 es gibt einen gro\u00dfen Garten wie ein lebende Sommertheater.<\/p>\n<p>Kerricx, Verbruggen, Quellin und andere zeigen einen unverwechselbaren fl\u00e4mischen Akzent in die Vitalit\u00e4t ihrer Erz\u00e4hlkunst. Dies ist besonders auff\u00e4llig in den Beichtst\u00fchlen, wo der innere Kampf zwischen Gut und B\u00f6se \u00fcberraschend kreativ dargestellt ist. Daher \u201efast echten\u201c widerspenstigen Hunde, br\u00fcllende L\u00f6wen, singende H\u00e4hnen, l\u00fcstern Affen oder ein \u201eS\u00fcndenbock\u201c: ihre Macht muss gez\u00e4hmt und domestiziert werden. Die Kreativit\u00e4t hinter diesen Andacht Symbole ist von unsch\u00e4tzbarem Wert: ein Tanz Skelett uns des Todes erinnert; ein Schmetterling auf die Auferstehung zu einem neuen Leben. Das Spiel der Kinder als \u201ehigh five\u201c, bl\u00e4st Seifenblasen oder Katze und Maus gezeigt, um die Praxis der himmlischen Tugenden zu stimulieren, ohne notwendigerweise Unterhaltung verbannen \u2026 noch eine g\u00fcltige Nachricht.<\/p>\n<p>Und es gibt noch mehr. Das Gem\u00e4lde von\u00a0<em>\u201eDie sieben Werke der Barmherzigkeit\u201c<\/em>\u00a0zeugt von der sozialen Zustand unserer Vorfahren und die Einstellung\u00a0<em>\u201eDie Seeschlacht von Lepanto\u201c<\/em>\u00a0(J. Peeters, 1671) zeigt einen Querschnitt der europ\u00e4ischen Geschichte. Die Sankt Paulus Kirche hat auch noch etwas anderes \u00fcber Kunst zu sagen und vor allem \u00fcber die Kunstdiebstahl. Mehrere Werke wurden von ausl\u00e4ndischen Besuchern gekauft oder genommen worden: der Preis des Erfolges! Nun werden die Touristen von einer ganzen Reihe von Ver\u00f6ffentlichungen von der Sankt Paulus Freunde produziert zufrieden. Und nirgendwo sonst in Antwerpen sind so viele Masken. Jeder auf seine Art und Weise; l\u00e4cheln sie \u00fcber dich, auch in den Kl\u00f6stern: eine psychologische Trick mit einem t\u00e4glichen L\u00e4cheln aufhellen, das Gesicht zu helfen konzipiert.<\/p>\n<p>Die imposante Orgel, die eine der Top-Zehn-historischen Orgeln in Europa betrachtet wird, ist eine weitere Quelle der Freude. Zusammen mit dem Chor und Orchester, weckt sie die Gef\u00fchle derer, die in den ber\u00fchmten Feierlichkeiten an den Feiertagen zur Messe gehen. Nicht entgehen lassen sollten.<\/p>\n\t\t\t\t\t\t\t\t<\/div>\n\t\t\t\t<\/div>\n\t\t\t\t\t<\/div>\n\t\t<\/div>\n\t\t\t\t<div class=\"elementor-column elementor-col-33 elementor-top-column elementor-element elementor-element-a99a1cf\" data-id=\"a99a1cf\" data-element_type=\"column\" data-e-type=\"column\">\n\t\t\t<div class=\"elementor-widget-wrap elementor-element-populated\">\n\t\t\t\t\t\t<div class=\"elementor-element elementor-element-28d5328 elementor-widget elementor-widget-image\" data-id=\"28d5328\" data-element_type=\"widget\" data-e-type=\"widget\" data-widget_type=\"image.default\">\n\t\t\t\t<div class=\"elementor-widget-container\">\n\t\t\t\t\t\t\t\t\t\t\t\t\t\t\t\t<a href=\"http:\/\/topa.be\/wp-content\/uploads\/Antwerpen-Sint-Pauluskerk-Torenbekroning.jpg\" data-elementor-open-lightbox=\"yes\" data-elementor-lightbox-title=\"Antwerpen-Sint-Pauluskerk-Torenbekroning\" data-elementor-lightbox-description=\"Antwerpener St. Paulskirche - Turmbekr\u00f6nung\" data-e-action-hash=\"#elementor-action%3Aaction%3Dlightbox%26settings%3DeyJpZCI6MTM2MDEsInVybCI6Imh0dHBzOlwvXC90b3BhLmJlXC93cC1jb250ZW50XC91cGxvYWRzXC9BbnR3ZXJwZW4tU2ludC1QYXVsdXNrZXJrLVRvcmVuYmVrcm9uaW5nLmpwZyJ9\">\n\t\t\t\t\t\t\t<img fetchpriority=\"high\" decoding=\"async\" width=\"520\" height=\"1024\" src=\"https:\/\/topa.be\/wp-content\/uploads\/Antwerpen-Sint-Pauluskerk-Torenbekroning-520x1024.jpg\" class=\"attachment-large size-large wp-image-13601\" alt=\"\" srcset=\"https:\/\/topa.be\/wp-content\/uploads\/Antwerpen-Sint-Pauluskerk-Torenbekroning-520x1024.jpg 520w, https:\/\/topa.be\/wp-content\/uploads\/Antwerpen-Sint-Pauluskerk-Torenbekroning-152x300.jpg 152w, https:\/\/topa.be\/wp-content\/uploads\/Antwerpen-Sint-Pauluskerk-Torenbekroning-102x200.jpg 102w, https:\/\/topa.be\/wp-content\/uploads\/Antwerpen-Sint-Pauluskerk-Torenbekroning.jpg 742w\" sizes=\"(max-width: 520px) 100vw, 520px\" \/>\t\t\t\t\t\t\t\t<\/a>\n\t\t\t\t\t\t\t\t\t\t\t\t\t\t\t<\/div>\n\t\t\t\t<\/div>\n\t\t\t\t<div class=\"elementor-element elementor-element-8428563 elementor-widget elementor-widget-image\" data-id=\"8428563\" data-element_type=\"widget\" data-e-type=\"widget\" data-widget_type=\"image.default\">\n\t\t\t\t<div class=\"elementor-widget-container\">\n\t\t\t\t\t\t\t\t\t\t\t\t\t\t\t\t<a href=\"http:\/\/topa.be\/wp-content\/uploads\/Antwerpen-Sint-Pauluskerk-Koorgestoelte.jpg\" data-elementor-open-lightbox=\"yes\" data-elementor-lightbox-title=\"Antwerpen-Sint-Pauluskerk-Koorgestoelte\" data-elementor-lightbox-description=\"Antwerpener St. Paulskirche - Chorgest\u00fchl\" data-e-action-hash=\"#elementor-action%3Aaction%3Dlightbox%26settings%3DeyJpZCI6MTM1NzcsInVybCI6Imh0dHBzOlwvXC90b3BhLmJlXC93cC1jb250ZW50XC91cGxvYWRzXC9BbnR3ZXJwZW4tU2ludC1QYXVsdXNrZXJrLUtvb3JnZXN0b2VsdGUuanBnIn0%3D\">\n\t\t\t\t\t\t\t<img decoding=\"async\" width=\"766\" height=\"1024\" src=\"https:\/\/topa.be\/wp-content\/uploads\/Antwerpen-Sint-Pauluskerk-Koorgestoelte.jpg\" class=\"attachment-large size-large wp-image-13577\" alt=\"\" srcset=\"https:\/\/topa.be\/wp-content\/uploads\/Antwerpen-Sint-Pauluskerk-Koorgestoelte.jpg 766w, https:\/\/topa.be\/wp-content\/uploads\/Antwerpen-Sint-Pauluskerk-Koorgestoelte-224x300.jpg 224w, https:\/\/topa.be\/wp-content\/uploads\/Antwerpen-Sint-Pauluskerk-Koorgestoelte-150x200.jpg 150w\" sizes=\"(max-width: 766px) 100vw, 766px\" \/>\t\t\t\t\t\t\t\t<\/a>\n\t\t\t\t\t\t\t\t\t\t\t\t\t\t\t<\/div>\n\t\t\t\t<\/div>\n\t\t\t\t\t<\/div>\n\t\t<\/div>\n\t\t\t\t\t<\/div>\n\t\t<\/section>\n\t\t\t\t<section class=\"elementor-section elementor-top-section elementor-element elementor-element-be292ba elementor-section-boxed elementor-section-height-default elementor-section-height-default\" data-id=\"be292ba\" data-element_type=\"section\" data-e-type=\"section\">\n\t\t\t\t\t\t<div class=\"elementor-container elementor-column-gap-default\">\n\t\t\t\t\t<div class=\"elementor-column elementor-col-100 elementor-top-column elementor-element elementor-element-a7350c4\" data-id=\"a7350c4\" data-element_type=\"column\" data-e-type=\"column\">\n\t\t\t<div class=\"elementor-widget-wrap\">\n\t\t\t\t\t\t\t<\/div>\n\t\t<\/div>\n\t\t\t\t\t<\/div>\n\t\t<\/section>\n\t\t\t\t<section class=\"elementor-section elementor-top-section elementor-element elementor-element-e53b874 elementor-section-boxed elementor-section-height-default elementor-section-height-default\" data-id=\"e53b874\" data-element_type=\"section\" data-e-type=\"section\">\n\t\t\t\t\t\t<div class=\"elementor-container elementor-column-gap-default\">\n\t\t\t\t\t<div class=\"elementor-column elementor-col-66 elementor-top-column elementor-element elementor-element-3580f12\" data-id=\"3580f12\" data-element_type=\"column\" data-e-type=\"column\">\n\t\t\t<div class=\"elementor-widget-wrap elementor-element-populated\">\n\t\t\t\t\t\t<div class=\"elementor-element elementor-element-4ac730e elementor-widget elementor-widget-heading\" data-id=\"4ac730e\" data-element_type=\"widget\" data-e-type=\"widget\" data-widget_type=\"heading.default\">\n\t\t\t\t<div class=\"elementor-widget-container\">\n\t\t\t\t\t<h4 class=\"elementor-heading-title elementor-size-default\">Um mehr zur erfahren:<\/h4>\t\t\t\t<\/div>\n\t\t\t\t<\/div>\n\t\t\t\t<div class=\"elementor-element elementor-element-b201132 elementor-nav-menu--dropdown-tablet elementor-nav-menu__text-align-aside elementor-nav-menu--toggle elementor-nav-menu--burger elementor-widget elementor-widget-nav-menu\" data-id=\"b201132\" data-element_type=\"widget\" data-e-type=\"widget\" data-settings=\"{&quot;layout&quot;:&quot;vertical&quot;,&quot;submenu_icon&quot;:{&quot;value&quot;:&quot;&lt;i class=\\&quot;fas fa-caret-down\\&quot; aria-hidden=\\&quot;true\\&quot;&gt;&lt;\\\/i&gt;&quot;,&quot;library&quot;:&quot;fa-solid&quot;},&quot;toggle&quot;:&quot;burger&quot;}\" data-widget_type=\"nav-menu.default\">\n\t\t\t\t<div class=\"elementor-widget-container\">\n\t\t\t\t\t\t\t\t<nav aria-label=\"Men\u00fc\" class=\"elementor-nav-menu--main elementor-nav-menu__container elementor-nav-menu--layout-vertical e--pointer-framed e--animation-fade\">\n\t\t\t\t<ul id=\"menu-1-b201132\" class=\"elementor-nav-menu sm-vertical\"><li class=\"menu-item menu-item-type-post_type menu-item-object-page menu-item-60029\"><a href=\"https:\/\/topa.be\/de\/sint-pauluskerk\/praktisch\/\" class=\"elementor-item\">Praktische Informationen<\/a><\/li>\n<li class=\"menu-item menu-item-type-post_type menu-item-object-page menu-item-60030\"><a href=\"https:\/\/topa.be\/de\/sint-pauluskerk\/rondleidingen\/\" class=\"elementor-item\">F\u00fchrungen<\/a><\/li>\n<li class=\"menu-item menu-item-type-post_type menu-item-object-page menu-item-60031\"><a href=\"https:\/\/topa.be\/de\/sint-pauluskerk\/kennismaking\/\" class=\"elementor-item\">Kirche In K\u00fcrze<\/a><\/li>\n<li class=\"menu-item menu-item-type-post_type menu-item-object-page menu-item-61185\"><a href=\"https:\/\/topa.be\/de\/sint-pauluskerk\/interactief-grondplan\/\" class=\"elementor-item\">Interactive floor plan<\/a><\/li>\n<li class=\"menu-item menu-item-type-post_type menu-item-object-page menu-item-61496\"><a href=\"https:\/\/topa.be\/de\/sint-pauluskerk\/beschrijving\/\" class=\"elementor-item\">History &#038; Description<\/a><\/li>\n<li class=\"menu-item menu-item-type-custom menu-item-object-custom menu-item-60032\"><a href=\"https:\/\/www.kunstgeschiedenis-kerken-antwerpen.be\/hestia-front\/sint-pauluskerk\/\" class=\"elementor-item\">Wissenschaftsforum<\/a><\/li>\n<\/ul>\t\t\t<\/nav>\n\t\t\t\t\t<div class=\"elementor-menu-toggle\" role=\"button\" tabindex=\"0\" aria-label=\"Men\u00fc Umschalter\" aria-expanded=\"false\">\n\t\t\t<i aria-hidden=\"true\" role=\"presentation\" class=\"elementor-menu-toggle__icon--open eicon-menu-bar\"><\/i><i aria-hidden=\"true\" role=\"presentation\" class=\"elementor-menu-toggle__icon--close eicon-close\"><\/i>\t\t<\/div>\n\t\t\t\t\t<nav class=\"elementor-nav-menu--dropdown elementor-nav-menu__container\" aria-hidden=\"true\">\n\t\t\t\t<ul id=\"menu-2-b201132\" class=\"elementor-nav-menu sm-vertical\"><li class=\"menu-item menu-item-type-post_type menu-item-object-page menu-item-60029\"><a href=\"https:\/\/topa.be\/de\/sint-pauluskerk\/praktisch\/\" class=\"elementor-item\" tabindex=\"-1\">Praktische Informationen<\/a><\/li>\n<li class=\"menu-item menu-item-type-post_type menu-item-object-page menu-item-60030\"><a href=\"https:\/\/topa.be\/de\/sint-pauluskerk\/rondleidingen\/\" class=\"elementor-item\" tabindex=\"-1\">F\u00fchrungen<\/a><\/li>\n<li class=\"menu-item menu-item-type-post_type menu-item-object-page menu-item-60031\"><a href=\"https:\/\/topa.be\/de\/sint-pauluskerk\/kennismaking\/\" class=\"elementor-item\" tabindex=\"-1\">Kirche In K\u00fcrze<\/a><\/li>\n<li class=\"menu-item menu-item-type-post_type menu-item-object-page menu-item-61185\"><a href=\"https:\/\/topa.be\/de\/sint-pauluskerk\/interactief-grondplan\/\" class=\"elementor-item\" tabindex=\"-1\">Interactive floor plan<\/a><\/li>\n<li class=\"menu-item menu-item-type-post_type menu-item-object-page menu-item-61496\"><a href=\"https:\/\/topa.be\/de\/sint-pauluskerk\/beschrijving\/\" class=\"elementor-item\" tabindex=\"-1\">History &#038; Description<\/a><\/li>\n<li class=\"menu-item menu-item-type-custom menu-item-object-custom menu-item-60032\"><a href=\"https:\/\/www.kunstgeschiedenis-kerken-antwerpen.be\/hestia-front\/sint-pauluskerk\/\" class=\"elementor-item\" tabindex=\"-1\">Wissenschaftsforum<\/a><\/li>\n<\/ul>\t\t\t<\/nav>\n\t\t\t\t\t\t<\/div>\n\t\t\t\t<\/div>\n\t\t\t\t\t<\/div>\n\t\t<\/div>\n\t\t\t\t<div class=\"elementor-column elementor-col-33 elementor-top-column elementor-element elementor-element-5f19e51\" data-id=\"5f19e51\" data-element_type=\"column\" data-e-type=\"column\">\n\t\t\t<div class=\"elementor-widget-wrap elementor-element-populated\">\n\t\t\t\t\t\t<div class=\"elementor-element elementor-element-35c56e2 elementor-widget elementor-widget-image\" data-id=\"35c56e2\" data-element_type=\"widget\" data-e-type=\"widget\" data-widget_type=\"image.default\">\n\t\t\t\t<div class=\"elementor-widget-container\">\n\t\t\t\t\t\t\t\t\t\t\t\t\t\t\t\t<a href=\"http:\/\/topa.be\/wp-content\/uploads\/Antwerpen-Sint-Pauluskerk-Rozenkrans.jpg\" data-elementor-open-lightbox=\"yes\" data-elementor-lightbox-title=\"Antwerpen-Sint-Pauluskerk-Rozenkrans\" data-e-action-hash=\"#elementor-action%3Aaction%3Dlightbox%26settings%3DeyJpZCI6MTM1ODksInVybCI6Imh0dHBzOlwvXC90b3BhLmJlXC93cC1jb250ZW50XC91cGxvYWRzXC9BbnR3ZXJwZW4tU2ludC1QYXVsdXNrZXJrLVJvemVua3JhbnMuanBnIn0%3D\">\n\t\t\t\t\t\t\t<img decoding=\"async\" width=\"800\" height=\"600\" src=\"https:\/\/topa.be\/wp-content\/uploads\/Antwerpen-Sint-Pauluskerk-Rozenkrans.jpg\" class=\"attachment-large size-large wp-image-13589\" alt=\"\" srcset=\"https:\/\/topa.be\/wp-content\/uploads\/Antwerpen-Sint-Pauluskerk-Rozenkrans.jpg 807w, https:\/\/topa.be\/wp-content\/uploads\/Antwerpen-Sint-Pauluskerk-Rozenkrans-300x225.jpg 300w, https:\/\/topa.be\/wp-content\/uploads\/Antwerpen-Sint-Pauluskerk-Rozenkrans-200x150.jpg 200w, https:\/\/topa.be\/wp-content\/uploads\/Antwerpen-Sint-Pauluskerk-Rozenkrans-768x576.jpg 768w\" sizes=\"(max-width: 800px) 100vw, 800px\" \/>\t\t\t\t\t\t\t\t<\/a>\n\t\t\t\t\t\t\t\t\t\t\t\t\t\t\t<\/div>\n\t\t\t\t<\/div>\n\t\t\t\t\t<\/div>\n\t\t<\/div>\n\t\t\t\t\t<\/div>\n\t\t<\/section>\n\t\t\t\t<\/div>\n\t\t","protected":false},"excerpt":{"rendered":"<p>Sankt-Paulus-Kirche Kirche In K\u00fcrze Die Sankt Paulus Kirche ist einer der Eckpfeiler von Antwerpen. Es hat seinen ganz besonderen Reiz. In Antwerpen ist \u2018Sankt Paulus\u2019 ein Begriff dank seiner immensen k\u00fcnstlerischen Erbes, die ruhigen und malerischen Kalvarienberg, die Geschichte des alten Klosters, die Herrlichkeit der feierlichen Massen, sondern auch dank seiner Lage als gut verankerte [&hellip;]<\/p>\n","protected":false},"author":16,"featured_media":0,"parent":38061,"menu_order":30,"comment_status":"closed","ping_status":"closed","template":"","meta":{"footnotes":""},"class_list":["post-39060","page","type-page","status-publish","hentry"],"aioseo_notices":[],"_links":{"self":[{"href":"https:\/\/topa.be\/de\/wp-json\/wp\/v2\/pages\/39060","targetHints":{"allow":["GET"]}}],"collection":[{"href":"https:\/\/topa.be\/de\/wp-json\/wp\/v2\/pages"}],"about":[{"href":"https:\/\/topa.be\/de\/wp-json\/wp\/v2\/types\/page"}],"author":[{"embeddable":true,"href":"https:\/\/topa.be\/de\/wp-json\/wp\/v2\/users\/16"}],"replies":[{"embeddable":true,"href":"https:\/\/topa.be\/de\/wp-json\/wp\/v2\/comments?post=39060"}],"version-history":[{"count":3,"href":"https:\/\/topa.be\/de\/wp-json\/wp\/v2\/pages\/39060\/revisions"}],"predecessor-version":[{"id":59461,"href":"https:\/\/topa.be\/de\/wp-json\/wp\/v2\/pages\/39060\/revisions\/59461"}],"up":[{"embeddable":true,"href":"https:\/\/topa.be\/de\/wp-json\/wp\/v2\/pages\/38061"}],"wp:attachment":[{"href":"https:\/\/topa.be\/de\/wp-json\/wp\/v2\/media?parent=39060"}],"curies":[{"name":"wp","href":"https:\/\/api.w.org\/{rel}","templated":true}]}}