{"id":38914,"date":"2021-06-04T00:44:34","date_gmt":"2021-06-03T22:44:34","guid":{"rendered":"http:\/\/topa.be\/monumentale-kerken\/kristus-koning\/"},"modified":"2022-12-08T08:23:43","modified_gmt":"2022-12-08T07:23:43","slug":"kristus-koning","status":"publish","type":"page","link":"https:\/\/topa.be\/de\/monumentale-kerken\/kristus-koning\/","title":{"rendered":"Christus K\u00f6nig Kirche"},"content":{"rendered":"\t\t<div data-elementor-type=\"wp-page\" data-elementor-id=\"38914\" class=\"elementor elementor-38914 elementor-33999\" data-elementor-post-type=\"page\">\n\t\t\t\t\t\t<section class=\"elementor-section elementor-top-section elementor-element elementor-element-bcd8f58 elementor-section-boxed elementor-section-height-default elementor-section-height-default\" data-id=\"bcd8f58\" data-element_type=\"section\" data-e-type=\"section\">\n\t\t\t\t\t\t<div class=\"elementor-container elementor-column-gap-default\">\n\t\t\t\t\t<div class=\"elementor-column elementor-col-100 elementor-top-column elementor-element elementor-element-cd5cce4\" data-id=\"cd5cce4\" data-element_type=\"column\" data-e-type=\"column\">\n\t\t\t<div class=\"elementor-widget-wrap elementor-element-populated\">\n\t\t\t\t\t\t<div class=\"elementor-element elementor-element-7925421 elementor-widget elementor-widget-heading\" data-id=\"7925421\" data-element_type=\"widget\" data-e-type=\"widget\" data-widget_type=\"heading.default\">\n\t\t\t\t<div class=\"elementor-widget-container\">\n\t\t\t\t\t<h1 class=\"elementor-heading-title elementor-size-default\">Christus K\u00f6nig Kirche<\/h1>\t\t\t\t<\/div>\n\t\t\t\t<\/div>\n\t\t\t\t\t<\/div>\n\t\t<\/div>\n\t\t\t\t\t<\/div>\n\t\t<\/section>\n\t\t\t\t<section class=\"elementor-section elementor-top-section elementor-element elementor-element-4715d9e elementor-section-boxed elementor-section-height-default elementor-section-height-default\" data-id=\"4715d9e\" data-element_type=\"section\" data-e-type=\"section\">\n\t\t\t\t\t\t<div class=\"elementor-container elementor-column-gap-default\">\n\t\t\t\t\t<div class=\"elementor-column elementor-col-50 elementor-top-column elementor-element elementor-element-43d40ef\" data-id=\"43d40ef\" data-element_type=\"column\" data-e-type=\"column\">\n\t\t\t<div class=\"elementor-widget-wrap elementor-element-populated\">\n\t\t\t\t\t\t<div class=\"elementor-element elementor-element-506d244 elementor-widget elementor-widget-image\" data-id=\"506d244\" data-element_type=\"widget\" data-e-type=\"widget\" data-widget_type=\"image.default\">\n\t\t\t\t<div class=\"elementor-widget-container\">\n\t\t\t\t\t\t\t\t\t\t\t\t\t\t\t\t<a href=\"https:\/\/topa.be\/wp-content\/uploads\/Antwerpen-Kristus-Koning-Buiten.jpg\" data-elementor-open-lightbox=\"yes\" data-elementor-lightbox-title=\"Antwerpen-Kristus-Koning-Buiten\" data-e-action-hash=\"#elementor-action%3Aaction%3Dlightbox%26settings%3DeyJpZCI6MTMyNTMsInVybCI6Imh0dHBzOlwvXC90b3BhLmJlXC93cC1jb250ZW50XC91cGxvYWRzXC9BbnR3ZXJwZW4tS3Jpc3R1cy1Lb25pbmctQnVpdGVuLmpwZyJ9\">\n\t\t\t\t\t\t\t<img fetchpriority=\"high\" decoding=\"async\" width=\"800\" height=\"599\" src=\"https:\/\/topa.be\/wp-content\/uploads\/Antwerpen-Kristus-Koning-Buiten.jpg\" class=\"attachment-large size-large wp-image-13253\" alt=\"\" srcset=\"https:\/\/topa.be\/wp-content\/uploads\/Antwerpen-Kristus-Koning-Buiten.jpg 1024w, https:\/\/topa.be\/wp-content\/uploads\/Antwerpen-Kristus-Koning-Buiten-300x225.jpg 300w, https:\/\/topa.be\/wp-content\/uploads\/Antwerpen-Kristus-Koning-Buiten-200x150.jpg 200w, https:\/\/topa.be\/wp-content\/uploads\/Antwerpen-Kristus-Koning-Buiten-768x575.jpg 768w\" sizes=\"(max-width: 800px) 100vw, 800px\" \/>\t\t\t\t\t\t\t\t<\/a>\n\t\t\t\t\t\t\t\t\t\t\t\t\t\t\t<\/div>\n\t\t\t\t<\/div>\n\t\t\t\t\t<\/div>\n\t\t<\/div>\n\t\t\t\t<div class=\"elementor-column elementor-col-50 elementor-top-column elementor-element elementor-element-35018a6\" data-id=\"35018a6\" data-element_type=\"column\" data-e-type=\"column\">\n\t\t\t<div class=\"elementor-widget-wrap elementor-element-populated\">\n\t\t\t\t\t\t<div class=\"elementor-element elementor-element-e5a5625 elementor-widget elementor-widget-image\" data-id=\"e5a5625\" data-element_type=\"widget\" data-e-type=\"widget\" data-widget_type=\"image.default\">\n\t\t\t\t<div class=\"elementor-widget-container\">\n\t\t\t\t\t\t\t\t\t\t\t\t\t\t\t\t<a href=\"https:\/\/topa.be\/wp-content\/uploads\/Antwerpen-Kristus-Koning-Binnen.jpg\" data-elementor-open-lightbox=\"yes\" data-elementor-lightbox-title=\"Kristus-Koning\" data-elementor-lightbox-description=\"OLYMPUS DIGITAL CAMERA\" data-e-action-hash=\"#elementor-action%3Aaction%3Dlightbox%26settings%3DeyJpZCI6MTMyNDEsInVybCI6Imh0dHBzOlwvXC90b3BhLmJlXC93cC1jb250ZW50XC91cGxvYWRzXC9BbnR3ZXJwZW4tS3Jpc3R1cy1Lb25pbmctQmlubmVuLmpwZyJ9\">\n\t\t\t\t\t\t\t<img decoding=\"async\" width=\"800\" height=\"600\" src=\"https:\/\/topa.be\/wp-content\/uploads\/Antwerpen-Kristus-Koning-Binnen.jpg\" class=\"attachment-large size-large wp-image-13241\" alt=\"\" srcset=\"https:\/\/topa.be\/wp-content\/uploads\/Antwerpen-Kristus-Koning-Binnen.jpg 1024w, https:\/\/topa.be\/wp-content\/uploads\/Antwerpen-Kristus-Koning-Binnen-300x225.jpg 300w, https:\/\/topa.be\/wp-content\/uploads\/Antwerpen-Kristus-Koning-Binnen-200x150.jpg 200w, https:\/\/topa.be\/wp-content\/uploads\/Antwerpen-Kristus-Koning-Binnen-768x576.jpg 768w\" sizes=\"(max-width: 800px) 100vw, 800px\" \/>\t\t\t\t\t\t\t\t<\/a>\n\t\t\t\t\t\t\t\t\t\t\t\t\t\t\t<\/div>\n\t\t\t\t<\/div>\n\t\t\t\t\t<\/div>\n\t\t<\/div>\n\t\t\t\t\t<\/div>\n\t\t<\/section>\n\t\t\t\t<section class=\"elementor-section elementor-top-section elementor-element elementor-element-0f3b3ca elementor-section-boxed elementor-section-height-default elementor-section-height-default\" data-id=\"0f3b3ca\" data-element_type=\"section\" data-e-type=\"section\">\n\t\t\t\t\t\t<div class=\"elementor-container elementor-column-gap-default\">\n\t\t\t\t\t<div class=\"elementor-column elementor-col-100 elementor-top-column elementor-element elementor-element-d6a2db7\" data-id=\"d6a2db7\" data-element_type=\"column\" data-e-type=\"column\">\n\t\t\t<div class=\"elementor-widget-wrap elementor-element-populated\">\n\t\t\t\t\t\t<div class=\"elementor-element elementor-element-4a0b4b2 elementor-widget elementor-widget-text-editor\" data-id=\"4a0b4b2\" data-element_type=\"widget\" data-e-type=\"widget\" data-widget_type=\"text-editor.default\">\n\t\t\t\t<div class=\"elementor-widget-container\">\n\t\t\t\t\t\t\t\t\t<p style=\"text-align: justify;\">Die Christus-K\u00f6nigkirche ist ein Sonderling unter den Kirchen von Antwerpen.<\/p>\r\nArchitekt Jos Smolderen entwirft diese romanisch-byzantinisch inspirierte Art-Deco-Kirche als religi\u00f6s-fl\u00e4mischen Kunstpavillon f\u00fcr die Weltausstellung von 1930 in Antwerpen. Danach wird sie zu einer Pfarrkirche umgebaut. Mit ihrem 64 m hohen Turm und den drei gewaltigen Kuppeln dominiert sie das Stadtbild.\r\n\r\nDas Innere der von Osten nach Westen gerichteten Basilika ist stark von der Raumwirkung und durch den herrlichen Lichteinfall beeinflusst. Die bemerkenswerte Homogenit\u00e4t der Neo-Stile kommt in der Verwendung von \u00fcberwiegend wei\u00dfen Marmor und Kupfer f\u00fcr die zahlreichen Alt\u00e4re, die Kanzel, die Chor- und Kommunionsb\u00e4nke und Beichtst\u00fchle stark zum Ausdruck.\r\n\r\nDie zeitgen\u00f6ssische Kunst macht diese Kirche zu einem besonderen Erlebnis: das au\u00dfergew\u00f6hnliche Glasmalereiprogramm von Jos Michiels (Atelier Calders), die schlanken Skulpturen von Alfons De Roeck und der sch\u00f6ne Leuchter.\r\n\r\nEine besondere Erw\u00e4hnung verdient die gro\u00dfe elektro-pneumatische Klaisorgel (1930) mit 5.564 Pfeifen, auf der regelm\u00e4\u00dfig w\u00e4hrend Konzertgottesdiensten und dem j\u00e4hrlichen Orgelzyklus (Oktober) gespielt wird.\r\n<p style=\"text-align: justify;\">Die Kirche ist mit privaten und \u00f6ffentlichen Verkehrsmitteln gut erreichbar. Sie ist auch t\u00e4glich f\u00fcr Besucher ge\u00f6ffnet. Sehr zu empfehlen.<\/p>\t\t\t\t\t\t\t\t<\/div>\n\t\t\t\t<\/div>\n\t\t\t\t\t<\/div>\n\t\t<\/div>\n\t\t\t\t\t<\/div>\n\t\t<\/section>\n\t\t\t\t<section class=\"elementor-section elementor-top-section elementor-element elementor-element-7d7bbb5a elementor-section-boxed elementor-section-height-default elementor-section-height-default\" data-id=\"7d7bbb5a\" data-element_type=\"section\" data-e-type=\"section\">\n\t\t\t\t\t\t<div class=\"elementor-container elementor-column-gap-default\">\n\t\t\t\t\t<div class=\"elementor-column elementor-col-100 elementor-top-column elementor-element elementor-element-7334f714\" data-id=\"7334f714\" data-element_type=\"column\" data-e-type=\"column\">\n\t\t\t<div class=\"elementor-widget-wrap elementor-element-populated\">\n\t\t\t\t\t\t<div class=\"elementor-element elementor-element-60817746 elementor-widget elementor-widget-text-editor\" data-id=\"60817746\" data-element_type=\"widget\" data-e-type=\"widget\" data-widget_type=\"text-editor.default\">\n\t\t\t\t<div class=\"elementor-widget-container\">\n\t\t\t\t\t\t\t\t\t<p style=\"text-align: justify;\">Mit <a href=\"https:\/\/goo.gl\/maps\/bTspt4FVpaxgR5wB6\"><strong>DIESE KARTE<\/strong><\/a> k\u00f6nnen Sie eine Route in Funktion Ihres Verkehrsmittels bestimmen.\r\nVielleicht m\u00f6chten Sie VELO-Antwerpen verwenden:\u00a0<strong><a href=\"https:\/\/www.velo-antwerpen.be\/de\">https:\/\/www.velo-antwerpen.be\/de<\/a><\/strong><\/p>\t\t\t\t\t\t\t\t<\/div>\n\t\t\t\t<\/div>\n\t\t\t\t\t<\/div>\n\t\t<\/div>\n\t\t\t\t\t<\/div>\n\t\t<\/section>\n\t\t\t\t<section class=\"elementor-section elementor-top-section elementor-element elementor-element-73d80f4 elementor-section-boxed elementor-section-height-default elementor-section-height-default\" data-id=\"73d80f4\" data-element_type=\"section\" data-e-type=\"section\">\n\t\t\t\t\t\t<div class=\"elementor-container elementor-column-gap-default\">\n\t\t\t\t\t<div class=\"elementor-column elementor-col-50 elementor-top-column elementor-element elementor-element-d998de6\" data-id=\"d998de6\" data-element_type=\"column\" data-e-type=\"column\">\n\t\t\t<div class=\"elementor-widget-wrap elementor-element-populated\">\n\t\t\t\t\t\t<div class=\"elementor-element elementor-element-d3f6df6 elementor-widget elementor-widget-text-editor\" data-id=\"d3f6df6\" data-element_type=\"widget\" data-e-type=\"widget\" data-widget_type=\"text-editor.default\">\n\t\t\t\t<div class=\"elementor-widget-container\">\n\t\t\t\t\t\t\t\t\t<h2 style=\"text-align: justify;\">Praktische informationen<\/h2>\r\n<strong>Gottesdienste:<\/strong>\r\nSonntag : 11.00 Uhr (Konzertmesse jeden 1. Sonntag im Monat von September bis Juni)<strong>\u00a0<\/strong>\r\n\r\n<strong>\u00d6ffnungszeiten:<\/strong><strong>\r\n<\/strong>Montag \u2013 Samstag : 09.00 \u2013 12.00 Uhr\r\nSonntag : 10.30 \u2013 12.00 Uhr\r\nVorbehaltlich besonderer Feiern\r\n\r\n<strong>Eintritt frei<\/strong><strong>\u00a0<\/strong>\r\n\r\n<strong>Informationen:<\/strong><strong>\u00a0<\/strong><strong>\u00a0<\/strong><strong>\r\n<\/strong><a href=\"https:\/\/openchurches.eu\/de\/gebaude\/kristus-koning-antwerpen\" target=\"_blank\" rel=\"noopener\"><strong>Offene Kirchen<\/strong><\/a><strong>\u00a0<\/strong>\r\n<p style=\"text-align: justify;\"><strong>Pfarramt<\/strong>\r\nLouis Straussstraat 1\r\n2020 Antwerpen\r\n+32 (0)3 237 58 47<\/p>\t\t\t\t\t\t\t\t<\/div>\n\t\t\t\t<\/div>\n\t\t\t\t\t<\/div>\n\t\t<\/div>\n\t\t\t\t<div class=\"elementor-column elementor-col-50 elementor-top-column elementor-element elementor-element-b8769a2\" data-id=\"b8769a2\" data-element_type=\"column\" data-e-type=\"column\">\n\t\t\t<div class=\"elementor-widget-wrap elementor-element-populated\">\n\t\t\t\t\t\t<div class=\"elementor-element elementor-element-a432f39 elementor-widget elementor-widget-text-editor\" data-id=\"a432f39\" data-element_type=\"widget\" data-e-type=\"widget\" data-widget_type=\"text-editor.default\">\n\t\t\t\t<div class=\"elementor-widget-container\">\n\t\t\t\t\t\t\t\t\t.\t\t\t\t\t\t\t\t<\/div>\n\t\t\t\t<\/div>\n\t\t\t\t<div class=\"elementor-element elementor-element-0452028 elementor-widget elementor-widget-text-editor\" data-id=\"0452028\" data-element_type=\"widget\" data-e-type=\"widget\" data-widget_type=\"text-editor.default\">\n\t\t\t\t<div class=\"elementor-widget-container\">\n\t\t\t\t\t\t\t\t\t.\t\t\t\t\t\t\t\t<\/div>\n\t\t\t\t<\/div>\n\t\t\t\t\t<\/div>\n\t\t<\/div>\n\t\t\t\t\t<\/div>\n\t\t<\/section>\n\t\t\t\t<\/div>\n\t\t","protected":false},"excerpt":{"rendered":"<p>Christus K\u00f6nig Kirche Die Christus-K\u00f6nigkirche ist ein Sonderling unter den Kirchen von Antwerpen. Architekt Jos Smolderen entwirft diese romanisch-byzantinisch inspirierte Art-Deco-Kirche als religi\u00f6s-fl\u00e4mischen Kunstpavillon f\u00fcr die Weltausstellung von 1930 in Antwerpen. Danach wird sie zu einer Pfarrkirche umgebaut. Mit ihrem 64 m hohen Turm und den drei gewaltigen Kuppeln dominiert sie das Stadtbild. Das Innere [&hellip;]<\/p>\n","protected":false},"author":16,"featured_media":0,"parent":37854,"menu_order":20,"comment_status":"closed","ping_status":"closed","template":"","meta":{"footnotes":""},"class_list":["post-38914","page","type-page","status-publish","hentry"],"aioseo_notices":[],"_links":{"self":[{"href":"https:\/\/topa.be\/de\/wp-json\/wp\/v2\/pages\/38914","targetHints":{"allow":["GET"]}}],"collection":[{"href":"https:\/\/topa.be\/de\/wp-json\/wp\/v2\/pages"}],"about":[{"href":"https:\/\/topa.be\/de\/wp-json\/wp\/v2\/types\/page"}],"author":[{"embeddable":true,"href":"https:\/\/topa.be\/de\/wp-json\/wp\/v2\/users\/16"}],"replies":[{"embeddable":true,"href":"https:\/\/topa.be\/de\/wp-json\/wp\/v2\/comments?post=38914"}],"version-history":[{"count":3,"href":"https:\/\/topa.be\/de\/wp-json\/wp\/v2\/pages\/38914\/revisions"}],"predecessor-version":[{"id":66270,"href":"https:\/\/topa.be\/de\/wp-json\/wp\/v2\/pages\/38914\/revisions\/66270"}],"up":[{"embeddable":true,"href":"https:\/\/topa.be\/de\/wp-json\/wp\/v2\/pages\/37854"}],"wp:attachment":[{"href":"https:\/\/topa.be\/de\/wp-json\/wp\/v2\/media?parent=38914"}],"curies":[{"name":"wp","href":"https:\/\/api.w.org\/{rel}","templated":true}]}}