{"id":38908,"date":"2021-06-04T00:36:12","date_gmt":"2021-06-03T22:36:12","guid":{"rendered":"http:\/\/topa.be\/st-andries\/"},"modified":"2022-03-18T19:36:33","modified_gmt":"2022-03-18T18:36:33","slug":"st-andries","status":"publish","type":"page","link":"https:\/\/topa.be\/de\/st-andries\/","title":{"rendered":"Sankt Andreas Kirche"},"content":{"rendered":"\t\t<div data-elementor-type=\"wp-page\" data-elementor-id=\"38908\" class=\"elementor elementor-38908 elementor-33492\" data-elementor-post-type=\"page\">\n\t\t\t\t\t\t<section class=\"elementor-section elementor-top-section elementor-element elementor-element-b6ee05c elementor-section-boxed elementor-section-height-default elementor-section-height-default\" data-id=\"b6ee05c\" data-element_type=\"section\" data-e-type=\"section\">\n\t\t\t\t\t\t<div class=\"elementor-container elementor-column-gap-default\">\n\t\t\t\t\t<div class=\"elementor-column elementor-col-100 elementor-top-column elementor-element elementor-element-d92a64f\" data-id=\"d92a64f\" data-element_type=\"column\" data-e-type=\"column\">\n\t\t\t<div class=\"elementor-widget-wrap elementor-element-populated\">\n\t\t\t\t\t\t<div class=\"elementor-element elementor-element-ed733d0 elementor-widget elementor-widget-heading\" data-id=\"ed733d0\" data-element_type=\"widget\" data-e-type=\"widget\" data-widget_type=\"heading.default\">\n\t\t\t\t<div class=\"elementor-widget-container\">\n\t\t\t\t\t<h1 class=\"elementor-heading-title elementor-size-default\">Sankt-Andreas-Kirche<\/h1>\t\t\t\t<\/div>\n\t\t\t\t<\/div>\n\t\t\t\t\t<\/div>\n\t\t<\/div>\n\t\t\t\t\t<\/div>\n\t\t<\/section>\n\t\t\t\t<section class=\"elementor-section elementor-top-section elementor-element elementor-element-627e40d elementor-section-boxed elementor-section-height-default elementor-section-height-default\" data-id=\"627e40d\" data-element_type=\"section\" data-e-type=\"section\">\n\t\t\t\t\t\t<div class=\"elementor-container elementor-column-gap-default\">\n\t\t\t\t\t<div class=\"elementor-column elementor-col-100 elementor-top-column elementor-element elementor-element-ad5ee5f\" data-id=\"ad5ee5f\" data-element_type=\"column\" data-e-type=\"column\">\n\t\t\t<div class=\"elementor-widget-wrap elementor-element-populated\">\n\t\t\t\t\t\t<section class=\"elementor-section elementor-inner-section elementor-element elementor-element-0f58c78 elementor-section-boxed elementor-section-height-default elementor-section-height-default\" data-id=\"0f58c78\" data-element_type=\"section\" data-e-type=\"section\">\n\t\t\t\t\t\t<div class=\"elementor-container elementor-column-gap-default\">\n\t\t\t\t\t<div class=\"elementor-column elementor-col-50 elementor-inner-column elementor-element elementor-element-704f5da\" data-id=\"704f5da\" data-element_type=\"column\" data-e-type=\"column\">\n\t\t\t<div class=\"elementor-widget-wrap elementor-element-populated\">\n\t\t\t\t\t\t<div class=\"elementor-element elementor-element-b1b6de5 elementor-widget elementor-widget-image\" data-id=\"b1b6de5\" data-element_type=\"widget\" data-e-type=\"widget\" data-widget_type=\"image.default\">\n\t\t\t\t<div class=\"elementor-widget-container\">\n\t\t\t\t\t\t\t\t\t\t\t\t\t\t\t<img fetchpriority=\"high\" decoding=\"async\" width=\"800\" height=\"452\" src=\"https:\/\/topa.be\/wp-content\/uploads\/Antwerpen-Sint-Andrieskerk-Buiten-1.jpg\" class=\"attachment-large size-large wp-image-13349\" alt=\"\" srcset=\"https:\/\/topa.be\/wp-content\/uploads\/Antwerpen-Sint-Andrieskerk-Buiten-1.jpg 1024w, https:\/\/topa.be\/wp-content\/uploads\/Antwerpen-Sint-Andrieskerk-Buiten-1-300x169.jpg 300w, https:\/\/topa.be\/wp-content\/uploads\/Antwerpen-Sint-Andrieskerk-Buiten-1-200x113.jpg 200w, https:\/\/topa.be\/wp-content\/uploads\/Antwerpen-Sint-Andrieskerk-Buiten-1-768x434.jpg 768w\" sizes=\"(max-width: 800px) 100vw, 800px\" \/>\t\t\t\t\t\t\t\t\t\t\t\t\t\t\t<\/div>\n\t\t\t\t<\/div>\n\t\t\t\t\t<\/div>\n\t\t<\/div>\n\t\t\t\t<div class=\"elementor-column elementor-col-50 elementor-inner-column elementor-element elementor-element-ec01092\" data-id=\"ec01092\" data-element_type=\"column\" data-e-type=\"column\">\n\t\t\t<div class=\"elementor-widget-wrap elementor-element-populated\">\n\t\t\t\t\t\t<div class=\"elementor-element elementor-element-a940dd6 elementor-widget elementor-widget-image\" data-id=\"a940dd6\" data-element_type=\"widget\" data-e-type=\"widget\" data-widget_type=\"image.default\">\n\t\t\t\t<div class=\"elementor-widget-container\">\n\t\t\t\t\t\t\t\t\t\t\t\t\t\t\t<img decoding=\"async\" width=\"800\" height=\"452\" src=\"https:\/\/topa.be\/wp-content\/uploads\/Antwerpen-Sint-Andrieskerk-Binnen-1.jpg\" class=\"attachment-large size-large wp-image-13337\" alt=\"\" srcset=\"https:\/\/topa.be\/wp-content\/uploads\/Antwerpen-Sint-Andrieskerk-Binnen-1.jpg 1024w, https:\/\/topa.be\/wp-content\/uploads\/Antwerpen-Sint-Andrieskerk-Binnen-1-300x169.jpg 300w, https:\/\/topa.be\/wp-content\/uploads\/Antwerpen-Sint-Andrieskerk-Binnen-1-200x113.jpg 200w, https:\/\/topa.be\/wp-content\/uploads\/Antwerpen-Sint-Andrieskerk-Binnen-1-768x434.jpg 768w\" sizes=\"(max-width: 800px) 100vw, 800px\" \/>\t\t\t\t\t\t\t\t\t\t\t\t\t\t\t<\/div>\n\t\t\t\t<\/div>\n\t\t\t\t\t<\/div>\n\t\t<\/div>\n\t\t\t\t\t<\/div>\n\t\t<\/section>\n\t\t\t\t\t<\/div>\n\t\t<\/div>\n\t\t\t\t\t<\/div>\n\t\t<\/section>\n\t\t\t\t<section class=\"elementor-section elementor-top-section elementor-element elementor-element-d8c8a77 elementor-section-boxed elementor-section-height-default elementor-section-height-default\" data-id=\"d8c8a77\" data-element_type=\"section\" data-e-type=\"section\">\n\t\t\t\t\t\t<div class=\"elementor-container elementor-column-gap-default\">\n\t\t\t\t\t<div class=\"elementor-column elementor-col-100 elementor-top-column elementor-element elementor-element-0327c9c\" data-id=\"0327c9c\" data-element_type=\"column\" data-e-type=\"column\">\n\t\t\t<div class=\"elementor-widget-wrap elementor-element-populated\">\n\t\t\t\t\t\t<div class=\"elementor-element elementor-element-368c41d elementor-widget elementor-widget-text-editor\" data-id=\"368c41d\" data-element_type=\"widget\" data-e-type=\"widget\" data-widget_type=\"text-editor.default\">\n\t\t\t\t<div class=\"elementor-widget-container\">\n\t\t\t\t\t\t\t\t\t<p style=\"text-align: justify;\">In einem fr\u00fcher volkst\u00fcmlichen Viertel \u2013 heute ein Stadtteil der Mode und Antiquariaten \u2013 entstand diese Kirche zu Beginn des 16. Jahrhunderts dank Augustinerm\u00f6nche. Sie hat eine wechselhafte Geschichte. Innen ist alles vorrangig Barock, aufgrund der barocken Alt\u00e4re und einiger pr\u00e4chtiger Kunstwerke aus dem 17. Jahrhundert. Ins Auge springen das Monument f\u00fcr die schottische K\u00f6nigin Mary Stuart, der Hochaltar aus der verschwundenen Klosterkirche von Hemiksem und die theatralische Kanzel. In dieser ersten Pfarrkirche von Rubens h\u00e4ngt auch ein Gem\u00e4lde von seinem Lehrmeister Otto van Veen.<\/p>\n\t\t\t\t\t\t\t\t<\/div>\n\t\t\t\t<\/div>\n\t\t\t\t\t<\/div>\n\t\t<\/div>\n\t\t\t\t\t<\/div>\n\t\t<\/section>\n\t\t\t\t<section class=\"elementor-section elementor-top-section elementor-element elementor-element-49202ee0 elementor-section-boxed elementor-section-height-default elementor-section-height-default\" data-id=\"49202ee0\" data-element_type=\"section\" data-e-type=\"section\">\n\t\t\t\t\t\t<div class=\"elementor-container elementor-column-gap-default\">\n\t\t\t\t\t<div class=\"elementor-column elementor-col-100 elementor-top-column elementor-element elementor-element-49583ff9\" data-id=\"49583ff9\" data-element_type=\"column\" data-e-type=\"column\">\n\t\t\t<div class=\"elementor-widget-wrap elementor-element-populated\">\n\t\t\t\t\t\t<div class=\"elementor-element elementor-element-442d0922 elementor-widget elementor-widget-text-editor\" data-id=\"442d0922\" data-element_type=\"widget\" data-e-type=\"widget\" data-widget_type=\"text-editor.default\">\n\t\t\t\t<div class=\"elementor-widget-container\">\n\t\t\t\t\t\t\t\t\t<p style=\"text-align: justify;\">Mit <strong><a href=\"https:\/\/goo.gl\/maps\/op4cbvPCrJEKioQp9\">DIESE KARTE<\/a><\/strong>\u00a0k\u00f6nnen Sie eine Route in Funktion Ihres Verkehrsmittels bestimmen.<br \/>\nVielleicht m\u00f6chten Sie VELO-Antwerpen verwenden:\u00a0<strong><a href=\"https:\/\/www.velo-antwerpen.be\/de\">https:\/\/www.velo-antwerpen.be\/de<\/a><\/strong><\/p>\n\t\t\t\t\t\t\t\t<\/div>\n\t\t\t\t<\/div>\n\t\t\t\t\t<\/div>\n\t\t<\/div>\n\t\t\t\t\t<\/div>\n\t\t<\/section>\n\t\t\t\t<section class=\"elementor-section elementor-top-section elementor-element elementor-element-4552f66 elementor-section-boxed elementor-section-height-default elementor-section-height-default\" data-id=\"4552f66\" data-element_type=\"section\" data-e-type=\"section\">\n\t\t\t\t\t\t<div class=\"elementor-container elementor-column-gap-default\">\n\t\t\t\t\t<div class=\"elementor-column elementor-col-100 elementor-top-column elementor-element elementor-element-b6fbfe4\" data-id=\"b6fbfe4\" data-element_type=\"column\" data-e-type=\"column\">\n\t\t\t<div class=\"elementor-widget-wrap elementor-element-populated\">\n\t\t\t\t\t\t<section class=\"elementor-section elementor-inner-section elementor-element elementor-element-9f58354 elementor-section-boxed elementor-section-height-default elementor-section-height-default\" data-id=\"9f58354\" data-element_type=\"section\" data-e-type=\"section\">\n\t\t\t\t\t\t<div class=\"elementor-container elementor-column-gap-default\">\n\t\t\t\t\t<div class=\"elementor-column elementor-col-100 elementor-inner-column elementor-element elementor-element-3820f2c\" data-id=\"3820f2c\" data-element_type=\"column\" data-e-type=\"column\">\n\t\t\t<div class=\"elementor-widget-wrap elementor-element-populated\">\n\t\t\t\t\t\t<div class=\"elementor-element elementor-element-c371be2 elementor-widget elementor-widget-text-editor\" data-id=\"c371be2\" data-element_type=\"widget\" data-e-type=\"widget\" data-widget_type=\"text-editor.default\">\n\t\t\t\t<div class=\"elementor-widget-container\">\n\t\t\t\t\t\t\t\t\t<h4 class=\"widgettitle\" style=\"text-align: justify;\">Um mehr zur erfahren:<\/h4>\n\t\t\t\t\t\t\t\t<\/div>\n\t\t\t\t<\/div>\n\t\t\t\t<div class=\"elementor-element elementor-element-00c68a7 elementor-nav-menu--dropdown-tablet elementor-nav-menu__text-align-aside elementor-nav-menu--toggle elementor-nav-menu--burger elementor-widget elementor-widget-nav-menu\" data-id=\"00c68a7\" data-element_type=\"widget\" data-e-type=\"widget\" data-settings=\"{&quot;layout&quot;:&quot;horizontal&quot;,&quot;submenu_icon&quot;:{&quot;value&quot;:&quot;&lt;i class=\\&quot;fas fa-caret-down\\&quot; aria-hidden=\\&quot;true\\&quot;&gt;&lt;\\\/i&gt;&quot;,&quot;library&quot;:&quot;fa-solid&quot;},&quot;toggle&quot;:&quot;burger&quot;}\" data-widget_type=\"nav-menu.default\">\n\t\t\t\t<div class=\"elementor-widget-container\">\n\t\t\t\t\t\t\t\t<nav aria-label=\"Men\u00fc\" class=\"elementor-nav-menu--main elementor-nav-menu__container elementor-nav-menu--layout-horizontal e--pointer-framed e--animation-fade\">\n\t\t\t\t<ul id=\"menu-1-00c68a7\" class=\"elementor-nav-menu\"><li class=\"menu-item menu-item-type-post_type menu-item-object-page menu-item-59957\"><a href=\"https:\/\/topa.be\/de\/st-andries\/praktisch\/\" class=\"elementor-item\">Praktische Informationen<\/a><\/li>\n<li class=\"menu-item menu-item-type-post_type menu-item-object-page menu-item-59958\"><a href=\"https:\/\/topa.be\/de\/st-andries\/rondleidingen\/\" class=\"elementor-item\">F\u00fchrungen<\/a><\/li>\n<li class=\"menu-item menu-item-type-post_type menu-item-object-page menu-item-59959\"><a href=\"https:\/\/topa.be\/de\/st-andries\/kennismaking\/\" class=\"elementor-item\">Kirche in K\u00fcrze<\/a><\/li>\n<li class=\"menu-item menu-item-type-custom menu-item-object-custom menu-item-59960\"><a href=\"https:\/\/topantwerpen-my.sharepoint.com\/:v:\/g\/personal\/webmaster_topa_be\/EXZm-WjCFWJFtCAUxTMcGNYBkBAa1fZYYv5T6ESnKUYSmQ?e=XA6tST\" class=\"elementor-item\">Virtueller Besuch (3\u201945\u201d)<\/a><\/li>\n<li class=\"menu-item menu-item-type-post_type menu-item-object-page menu-item-59961\"><a href=\"https:\/\/topa.be\/de\/st-andries\/interactief-grondplan\/\" class=\"elementor-item\">Interaktiver Grundriss<\/a><\/li>\n<li class=\"menu-item menu-item-type-post_type menu-item-object-page menu-item-61489\"><a href=\"https:\/\/topa.be\/de\/st-andries\/beschrijving\/\" class=\"elementor-item\">History &#038; Description<\/a><\/li>\n<li class=\"menu-item menu-item-type-post_type menu-item-object-page menu-item-59962\"><a href=\"https:\/\/topa.be\/de\/st-andries\/kerkmuseum\/\" class=\"elementor-item\">The museum<\/a><\/li>\n<li class=\"menu-item menu-item-type-post_type menu-item-object-page menu-item-59963\"><a href=\"https:\/\/topa.be\/de\/st-andries\/qr-codes\/\" class=\"elementor-item\">QR-codes<\/a><\/li>\n<\/ul>\t\t\t<\/nav>\n\t\t\t\t\t<div class=\"elementor-menu-toggle\" role=\"button\" tabindex=\"0\" aria-label=\"Men\u00fc Umschalter\" aria-expanded=\"false\">\n\t\t\t<i aria-hidden=\"true\" role=\"presentation\" class=\"elementor-menu-toggle__icon--open eicon-menu-bar\"><\/i><i aria-hidden=\"true\" role=\"presentation\" class=\"elementor-menu-toggle__icon--close eicon-close\"><\/i>\t\t<\/div>\n\t\t\t\t\t<nav class=\"elementor-nav-menu--dropdown elementor-nav-menu__container\" aria-hidden=\"true\">\n\t\t\t\t<ul id=\"menu-2-00c68a7\" class=\"elementor-nav-menu\"><li class=\"menu-item menu-item-type-post_type menu-item-object-page menu-item-59957\"><a href=\"https:\/\/topa.be\/de\/st-andries\/praktisch\/\" class=\"elementor-item\" tabindex=\"-1\">Praktische Informationen<\/a><\/li>\n<li class=\"menu-item menu-item-type-post_type menu-item-object-page menu-item-59958\"><a href=\"https:\/\/topa.be\/de\/st-andries\/rondleidingen\/\" class=\"elementor-item\" tabindex=\"-1\">F\u00fchrungen<\/a><\/li>\n<li class=\"menu-item menu-item-type-post_type menu-item-object-page menu-item-59959\"><a href=\"https:\/\/topa.be\/de\/st-andries\/kennismaking\/\" class=\"elementor-item\" tabindex=\"-1\">Kirche in K\u00fcrze<\/a><\/li>\n<li class=\"menu-item menu-item-type-custom menu-item-object-custom menu-item-59960\"><a href=\"https:\/\/topantwerpen-my.sharepoint.com\/:v:\/g\/personal\/webmaster_topa_be\/EXZm-WjCFWJFtCAUxTMcGNYBkBAa1fZYYv5T6ESnKUYSmQ?e=XA6tST\" class=\"elementor-item\" tabindex=\"-1\">Virtueller Besuch (3\u201945\u201d)<\/a><\/li>\n<li class=\"menu-item menu-item-type-post_type menu-item-object-page menu-item-59961\"><a href=\"https:\/\/topa.be\/de\/st-andries\/interactief-grondplan\/\" class=\"elementor-item\" tabindex=\"-1\">Interaktiver Grundriss<\/a><\/li>\n<li class=\"menu-item menu-item-type-post_type menu-item-object-page menu-item-61489\"><a href=\"https:\/\/topa.be\/de\/st-andries\/beschrijving\/\" class=\"elementor-item\" tabindex=\"-1\">History &#038; Description<\/a><\/li>\n<li class=\"menu-item menu-item-type-post_type menu-item-object-page menu-item-59962\"><a href=\"https:\/\/topa.be\/de\/st-andries\/kerkmuseum\/\" class=\"elementor-item\" tabindex=\"-1\">The museum<\/a><\/li>\n<li class=\"menu-item menu-item-type-post_type menu-item-object-page menu-item-59963\"><a href=\"https:\/\/topa.be\/de\/st-andries\/qr-codes\/\" class=\"elementor-item\" tabindex=\"-1\">QR-codes<\/a><\/li>\n<\/ul>\t\t\t<\/nav>\n\t\t\t\t\t\t<\/div>\n\t\t\t\t<\/div>\n\t\t\t\t\t<\/div>\n\t\t<\/div>\n\t\t\t\t\t<\/div>\n\t\t<\/section>\n\t\t\t\t\t<\/div>\n\t\t<\/div>\n\t\t\t\t\t<\/div>\n\t\t<\/section>\n\t\t\t\t<\/div>\n\t\t","protected":false},"excerpt":{"rendered":"<p>Sankt-Andreas-Kirche In einem fr\u00fcher volkst\u00fcmlichen Viertel \u2013 heute ein Stadtteil der Mode und Antiquariaten \u2013 entstand diese Kirche zu Beginn des 16. Jahrhunderts dank Augustinerm\u00f6nche. Sie hat eine wechselhafte Geschichte. Innen ist alles vorrangig Barock, aufgrund der barocken Alt\u00e4re und einiger pr\u00e4chtiger Kunstwerke aus dem 17. Jahrhundert. Ins Auge springen das Monument f\u00fcr die schottische [&hellip;]<\/p>\n","protected":false},"author":16,"featured_media":0,"parent":0,"menu_order":110,"comment_status":"closed","ping_status":"closed","template":"","meta":{"footnotes":""},"class_list":["post-38908","page","type-page","status-publish","hentry"],"aioseo_notices":[],"_links":{"self":[{"href":"https:\/\/topa.be\/de\/wp-json\/wp\/v2\/pages\/38908","targetHints":{"allow":["GET"]}}],"collection":[{"href":"https:\/\/topa.be\/de\/wp-json\/wp\/v2\/pages"}],"about":[{"href":"https:\/\/topa.be\/de\/wp-json\/wp\/v2\/types\/page"}],"author":[{"embeddable":true,"href":"https:\/\/topa.be\/de\/wp-json\/wp\/v2\/users\/16"}],"replies":[{"embeddable":true,"href":"https:\/\/topa.be\/de\/wp-json\/wp\/v2\/comments?post=38908"}],"version-history":[{"count":3,"href":"https:\/\/topa.be\/de\/wp-json\/wp\/v2\/pages\/38908\/revisions"}],"predecessor-version":[{"id":64162,"href":"https:\/\/topa.be\/de\/wp-json\/wp\/v2\/pages\/38908\/revisions\/64162"}],"wp:attachment":[{"href":"https:\/\/topa.be\/de\/wp-json\/wp\/v2\/media?parent=38908"}],"curies":[{"name":"wp","href":"https:\/\/api.w.org\/{rel}","templated":true}]}}