{"id":38906,"date":"2021-06-04T00:33:52","date_gmt":"2021-06-03T22:33:52","guid":{"rendered":"http:\/\/topa.be\/monumentale-kerken\/heilig-hart-van-jezus\/"},"modified":"2022-03-21T17:03:48","modified_gmt":"2022-03-21T16:03:48","slug":"heilig-hart-van-jezus","status":"publish","type":"page","link":"https:\/\/topa.be\/de\/monumentale-kerken\/heilig-hart-van-jezus\/","title":{"rendered":"Kirche des Heiligen Herzens Jesu Christi"},"content":{"rendered":"\t\t<div data-elementor-type=\"wp-page\" data-elementor-id=\"38906\" class=\"elementor elementor-38906 elementor-33997\" data-elementor-post-type=\"page\">\n\t\t\t\t\t\t<section class=\"elementor-section elementor-top-section elementor-element elementor-element-dd2ef19 elementor-section-boxed elementor-section-height-default elementor-section-height-default\" data-id=\"dd2ef19\" data-element_type=\"section\" data-e-type=\"section\">\n\t\t\t\t\t\t<div class=\"elementor-container elementor-column-gap-default\">\n\t\t\t\t\t<div class=\"elementor-column elementor-col-100 elementor-top-column elementor-element elementor-element-d952bde\" data-id=\"d952bde\" data-element_type=\"column\" data-e-type=\"column\">\n\t\t\t<div class=\"elementor-widget-wrap elementor-element-populated\">\n\t\t\t\t\t\t<div class=\"elementor-element elementor-element-71fdc0e elementor-widget elementor-widget-heading\" data-id=\"71fdc0e\" data-element_type=\"widget\" data-e-type=\"widget\" data-widget_type=\"heading.default\">\n\t\t\t\t<div class=\"elementor-widget-container\">\n\t\t\t\t\t<h1 class=\"elementor-heading-title elementor-size-default\">Kirche des Heiligen Herzens Jesu Christi<\/h1>\t\t\t\t<\/div>\n\t\t\t\t<\/div>\n\t\t\t\t\t<\/div>\n\t\t<\/div>\n\t\t\t\t\t<\/div>\n\t\t<\/section>\n\t\t\t\t<section class=\"elementor-section elementor-top-section elementor-element elementor-element-c01294d elementor-section-boxed elementor-section-height-default elementor-section-height-default\" data-id=\"c01294d\" data-element_type=\"section\" data-e-type=\"section\">\n\t\t\t\t\t\t<div class=\"elementor-container elementor-column-gap-default\">\n\t\t\t\t\t<div class=\"elementor-column elementor-col-50 elementor-top-column elementor-element elementor-element-bb90121\" data-id=\"bb90121\" data-element_type=\"column\" data-e-type=\"column\">\n\t\t\t<div class=\"elementor-widget-wrap elementor-element-populated\">\n\t\t\t\t\t\t<div class=\"elementor-element elementor-element-4afd358 elementor-widget elementor-widget-image\" data-id=\"4afd358\" data-element_type=\"widget\" data-e-type=\"widget\" data-widget_type=\"image.default\">\n\t\t\t\t<div class=\"elementor-widget-container\">\n\t\t\t\t\t\t\t\t\t\t\t\t\t\t\t\t<a href=\"https:\/\/topa.be\/wp-content\/uploads\/Antwerpen-Heilig-Hart-Ontwerp.jpg\" data-elementor-open-lightbox=\"yes\" data-elementor-lightbox-title=\"Antwerpen-Heilig-Hart-Ontwerp\" data-e-action-hash=\"#elementor-action%3Aaction%3Dlightbox%26settings%3DeyJpZCI6MTMyMDUsInVybCI6Imh0dHBzOlwvXC90b3BhLmJlXC93cC1jb250ZW50XC91cGxvYWRzXC9BbnR3ZXJwZW4tSGVpbGlnLUhhcnQtT250d2VycC5qcGcifQ%3D%3D\">\n\t\t\t\t\t\t\t<img fetchpriority=\"high\" decoding=\"async\" width=\"469\" height=\"375\" src=\"https:\/\/topa.be\/wp-content\/uploads\/Antwerpen-Heilig-Hart-Ontwerp.jpg\" class=\"attachment-large size-large wp-image-13205\" alt=\"\" srcset=\"https:\/\/topa.be\/wp-content\/uploads\/Antwerpen-Heilig-Hart-Ontwerp.jpg 469w, https:\/\/topa.be\/wp-content\/uploads\/Antwerpen-Heilig-Hart-Ontwerp-300x240.jpg 300w, https:\/\/topa.be\/wp-content\/uploads\/Antwerpen-Heilig-Hart-Ontwerp-200x160.jpg 200w\" sizes=\"(max-width: 469px) 100vw, 469px\" \/>\t\t\t\t\t\t\t\t<\/a>\n\t\t\t\t\t\t\t\t\t\t\t\t\t\t\t<\/div>\n\t\t\t\t<\/div>\n\t\t\t\t\t<\/div>\n\t\t<\/div>\n\t\t\t\t<div class=\"elementor-column elementor-col-50 elementor-top-column elementor-element elementor-element-31e3509\" data-id=\"31e3509\" data-element_type=\"column\" data-e-type=\"column\">\n\t\t\t<div class=\"elementor-widget-wrap elementor-element-populated\">\n\t\t\t\t\t\t<div class=\"elementor-element elementor-element-acef373 elementor-widget elementor-widget-image\" data-id=\"acef373\" data-element_type=\"widget\" data-e-type=\"widget\" data-widget_type=\"image.default\">\n\t\t\t\t<div class=\"elementor-widget-container\">\n\t\t\t\t\t\t\t\t\t\t\t\t\t\t\t<img decoding=\"async\" width=\"800\" height=\"638\" src=\"https:\/\/topa.be\/wp-content\/uploads\/Antwerpen-Heilig-Hart-Binnen.jpg\" class=\"attachment-large size-large wp-image-13193\" alt=\"\" srcset=\"https:\/\/topa.be\/wp-content\/uploads\/Antwerpen-Heilig-Hart-Binnen.jpg 1003w, https:\/\/topa.be\/wp-content\/uploads\/Antwerpen-Heilig-Hart-Binnen-300x239.jpg 300w, https:\/\/topa.be\/wp-content\/uploads\/Antwerpen-Heilig-Hart-Binnen-200x160.jpg 200w, https:\/\/topa.be\/wp-content\/uploads\/Antwerpen-Heilig-Hart-Binnen-768x613.jpg 768w\" sizes=\"(max-width: 800px) 100vw, 800px\" \/>\t\t\t\t\t\t\t\t\t\t\t\t\t\t\t<\/div>\n\t\t\t\t<\/div>\n\t\t\t\t\t<\/div>\n\t\t<\/div>\n\t\t\t\t\t<\/div>\n\t\t<\/section>\n\t\t\t\t<section class=\"elementor-section elementor-top-section elementor-element elementor-element-82ba7e7 elementor-section-boxed elementor-section-height-default elementor-section-height-default\" data-id=\"82ba7e7\" data-element_type=\"section\" data-e-type=\"section\">\n\t\t\t\t\t\t<div class=\"elementor-container elementor-column-gap-default\">\n\t\t\t\t\t<div class=\"elementor-column elementor-col-100 elementor-top-column elementor-element elementor-element-f0e3182\" data-id=\"f0e3182\" data-element_type=\"column\" data-e-type=\"column\">\n\t\t\t<div class=\"elementor-widget-wrap elementor-element-populated\">\n\t\t\t\t\t\t<div class=\"elementor-element elementor-element-625fa42 elementor-widget elementor-widget-text-editor\" data-id=\"625fa42\" data-element_type=\"widget\" data-e-type=\"widget\" data-widget_type=\"text-editor.default\">\n\t\t\t\t<div class=\"elementor-widget-container\">\n\t\t\t\t\t\t\t\t\t<p style=\"text-align: justify;\">Diese neoromanische Kirche, die dem Heiligen Herzen gewidmet ist, wurde 1933-1934 erbaut. Der Entwerfer E. Goethals lie\u00df sich von der Sacr\u00e9-Coeur in Paris inspirieren. Die Kirche hebt sich im Stra\u00dfenbild kaum ab, aber das Innere ist umso bemerkenswerter mit ihrer markanten zw\u00f6lfseitigen Kuppel mit einem Durchmesser von 25 Metern, ihrer gro\u00dfen Freifl\u00e4che und den sch\u00f6nen Glasmalereien im Chor von Marc de Groot.<\/p>\n<p style=\"text-align: justify;\">Die Kirche befindet sich in einem ausgesprochen multikulturellen Stadtteil. Die Gemeinde ist Teil der F\u00f6deration \u201eWarm Noord\u201c, die die Kirchen von Antwerpen Nord vereint. Sonntags findet in der Kirche sowohl eine r\u00f6misch-katholische als auch eine griechisch-katholische Eucharistie statt.<\/p>\n\t\t\t\t\t\t\t\t<\/div>\n\t\t\t\t<\/div>\n\t\t\t\t\t<\/div>\n\t\t<\/div>\n\t\t\t\t\t<\/div>\n\t\t<\/section>\n\t\t\t\t<section class=\"elementor-section elementor-top-section elementor-element elementor-element-302b9be1 elementor-section-boxed elementor-section-height-default elementor-section-height-default\" data-id=\"302b9be1\" data-element_type=\"section\" data-e-type=\"section\">\n\t\t\t\t\t\t<div class=\"elementor-container elementor-column-gap-default\">\n\t\t\t\t\t<div class=\"elementor-column elementor-col-100 elementor-top-column elementor-element elementor-element-422ae01b\" data-id=\"422ae01b\" data-element_type=\"column\" data-e-type=\"column\">\n\t\t\t<div class=\"elementor-widget-wrap elementor-element-populated\">\n\t\t\t\t\t\t<div class=\"elementor-element elementor-element-4f8ccb1e elementor-widget elementor-widget-text-editor\" data-id=\"4f8ccb1e\" data-element_type=\"widget\" data-e-type=\"widget\" data-widget_type=\"text-editor.default\">\n\t\t\t\t<div class=\"elementor-widget-container\">\n\t\t\t\t\t\t\t\t\t<p>Mit <a href=\"https:\/\/goo.gl\/maps\/ZKgcbcSzJvnjRb2u9\"><strong>DIESE KARTE<\/strong><\/a> k\u00f6nnen Sie eine Route in Funktion Ihres Verkehrsmittels bestimmen.<br \/>\nVielleicht m\u00f6chten Sie VELO-Antwerpen verwenden:\u00a0<a href=\"https:\/\/www.velo-antwerpen.be\/de\"><strong>https:\/\/www.velo-antwerpen.be\/de<\/strong><\/a><\/p>\n\t\t\t\t\t\t\t\t<\/div>\n\t\t\t\t<\/div>\n\t\t\t\t\t<\/div>\n\t\t<\/div>\n\t\t\t\t\t<\/div>\n\t\t<\/section>\n\t\t\t\t<section class=\"elementor-section elementor-top-section elementor-element elementor-element-9ee20a7 elementor-section-boxed elementor-section-height-default elementor-section-height-default\" data-id=\"9ee20a7\" data-element_type=\"section\" data-e-type=\"section\">\n\t\t\t\t\t\t<div class=\"elementor-container elementor-column-gap-default\">\n\t\t\t\t\t<div class=\"elementor-column elementor-col-50 elementor-top-column elementor-element elementor-element-5bafca0\" data-id=\"5bafca0\" data-element_type=\"column\" data-e-type=\"column\">\n\t\t\t<div class=\"elementor-widget-wrap elementor-element-populated\">\n\t\t\t\t\t\t<div class=\"elementor-element elementor-element-a15c0d6 elementor-widget elementor-widget-text-editor\" data-id=\"a15c0d6\" data-element_type=\"widget\" data-e-type=\"widget\" data-widget_type=\"text-editor.default\">\n\t\t\t\t<div class=\"elementor-widget-container\">\n\t\t\t\t\t\t\t\t\t<h2 style=\"text-align: justify;\">Praktische informationen<\/h2>\n<p style=\"text-align: justify;\"><strong>Feiern<br \/>\nSonntag 10.30 Uhr: <a href=\"https:\/\/www.kerknet.be\/parochie-heilig-hart-van-jezus-antwerpen\/informatie\/internationale-mis-%E2%80%93-international-mass\" target=\"_blank\" rel=\"noopener\">Internationale Messe<\/a><\/strong>\u00a0\u2013 f\u00fcr die niederl\u00e4ndischsprachige und internationale Gemeinschaft<br \/>\n<strong>Sonntag 12.00 Uhr: Wei\u00dfrussische Griechisch-Katholische G\u00f6ttliche Liturgie<\/strong>\u00a0\u2013 \u0411\u0435\u043b\u0430\u0440\u0443\u0441\u043a\u0430\u044f \u0413\u0440\u044d\u043a\u0430-\u041a\u0430\u0442\u0430\u043b\u0456\u0446\u043a\u0430\u044f \u0426\u0430\u0440\u043a\u0432\u0430<\/p>\n<p style=\"text-align: justify;\"><strong>Dritter Sonntag im Monat um 10.30 Uhr: gemeinsame Feier mit den drei Gemeinden<\/strong><\/p>\n<p style=\"text-align: justify;\"><strong>Pfarrer:<br \/>\n<\/strong>Bruder Marcin Derdziuk OFM Cap<br \/>\n0474 624 031\u00a0<a href=\"mailto:marcinderdziuk@gmail.com\">marcinderdziuk@gmail.com<\/a><\/p>\n<p style=\"text-align: justify;\"><strong>Sekret\u00e4r der Gemeinde:<br \/>\n<\/strong>Wim Adriaenssens.\u00a0<a href=\"mailto:kerkraadHHART@skynet.be\">kerkraadHHART@skynet.be<\/a><\/p>\n\t\t\t\t\t\t\t\t<\/div>\n\t\t\t\t<\/div>\n\t\t\t\t\t<\/div>\n\t\t<\/div>\n\t\t\t\t<div class=\"elementor-column elementor-col-50 elementor-top-column elementor-element elementor-element-497f3b1\" data-id=\"497f3b1\" data-element_type=\"column\" data-e-type=\"column\">\n\t\t\t<div class=\"elementor-widget-wrap\">\n\t\t\t\t\t\t\t<\/div>\n\t\t<\/div>\n\t\t\t\t\t<\/div>\n\t\t<\/section>\n\t\t\t\t<\/div>\n\t\t","protected":false},"excerpt":{"rendered":"<p>Kirche des Heiligen Herzens Jesu Christi Diese neoromanische Kirche, die dem Heiligen Herzen gewidmet ist, wurde 1933-1934 erbaut. Der Entwerfer E. Goethals lie\u00df sich von der Sacr\u00e9-Coeur in Paris inspirieren. Die Kirche hebt sich im Stra\u00dfenbild kaum ab, aber das Innere ist umso bemerkenswerter mit ihrer markanten zw\u00f6lfseitigen Kuppel mit einem Durchmesser von 25 Metern, [&hellip;]<\/p>\n","protected":false},"author":16,"featured_media":0,"parent":37854,"menu_order":10,"comment_status":"closed","ping_status":"closed","template":"","meta":{"footnotes":""},"class_list":["post-38906","page","type-page","status-publish","hentry"],"aioseo_notices":[],"_links":{"self":[{"href":"https:\/\/topa.be\/de\/wp-json\/wp\/v2\/pages\/38906","targetHints":{"allow":["GET"]}}],"collection":[{"href":"https:\/\/topa.be\/de\/wp-json\/wp\/v2\/pages"}],"about":[{"href":"https:\/\/topa.be\/de\/wp-json\/wp\/v2\/types\/page"}],"author":[{"embeddable":true,"href":"https:\/\/topa.be\/de\/wp-json\/wp\/v2\/users\/16"}],"replies":[{"embeddable":true,"href":"https:\/\/topa.be\/de\/wp-json\/wp\/v2\/comments?post=38906"}],"version-history":[{"count":3,"href":"https:\/\/topa.be\/de\/wp-json\/wp\/v2\/pages\/38906\/revisions"}],"predecessor-version":[{"id":64320,"href":"https:\/\/topa.be\/de\/wp-json\/wp\/v2\/pages\/38906\/revisions\/64320"}],"up":[{"embeddable":true,"href":"https:\/\/topa.be\/de\/wp-json\/wp\/v2\/pages\/37854"}],"wp:attachment":[{"href":"https:\/\/topa.be\/de\/wp-json\/wp\/v2\/media?parent=38906"}],"curies":[{"name":"wp","href":"https:\/\/api.w.org\/{rel}","templated":true}]}}