{"id":38904,"date":"2021-06-04T00:28:26","date_gmt":"2021-06-03T22:28:26","guid":{"rendered":"http:\/\/topa.be\/monumentale-kerken\/sint-amandus\/"},"modified":"2022-03-21T17:06:50","modified_gmt":"2022-03-21T16:06:50","slug":"sint-amandus","status":"publish","type":"page","link":"https:\/\/topa.be\/de\/monumentale-kerken\/sint-amandus\/","title":{"rendered":"Sankt Amandus Kirche"},"content":{"rendered":"\t\t<div data-elementor-type=\"wp-page\" data-elementor-id=\"38904\" class=\"elementor elementor-38904 elementor-34001\" data-elementor-post-type=\"page\">\n\t\t\t\t\t\t<section class=\"elementor-section elementor-top-section elementor-element elementor-element-75c0bb3 elementor-section-boxed elementor-section-height-default elementor-section-height-default\" data-id=\"75c0bb3\" data-element_type=\"section\" data-e-type=\"section\">\n\t\t\t\t\t\t<div class=\"elementor-container elementor-column-gap-default\">\n\t\t\t\t\t<div class=\"elementor-column elementor-col-100 elementor-top-column elementor-element elementor-element-2046212\" data-id=\"2046212\" data-element_type=\"column\" data-e-type=\"column\">\n\t\t\t<div class=\"elementor-widget-wrap elementor-element-populated\">\n\t\t\t\t\t\t<div class=\"elementor-element elementor-element-55897e0 elementor-widget elementor-widget-heading\" data-id=\"55897e0\" data-element_type=\"widget\" data-e-type=\"widget\" data-widget_type=\"heading.default\">\n\t\t\t\t<div class=\"elementor-widget-container\">\n\t\t\t\t\t<h1 class=\"elementor-heading-title elementor-size-default\">Sankt Amandus Kirche<\/h1>\t\t\t\t<\/div>\n\t\t\t\t<\/div>\n\t\t\t\t\t<\/div>\n\t\t<\/div>\n\t\t\t\t\t<\/div>\n\t\t<\/section>\n\t\t\t\t<section class=\"elementor-section elementor-top-section elementor-element elementor-element-87568de elementor-section-boxed elementor-section-height-default elementor-section-height-default\" data-id=\"87568de\" data-element_type=\"section\" data-e-type=\"section\">\n\t\t\t\t\t\t<div class=\"elementor-container elementor-column-gap-default\">\n\t\t\t\t\t<div class=\"elementor-column elementor-col-50 elementor-top-column elementor-element elementor-element-494a873\" data-id=\"494a873\" data-element_type=\"column\" data-e-type=\"column\">\n\t\t\t<div class=\"elementor-widget-wrap elementor-element-populated\">\n\t\t\t\t\t\t<div class=\"elementor-element elementor-element-9248533 elementor-widget elementor-widget-image\" data-id=\"9248533\" data-element_type=\"widget\" data-e-type=\"widget\" data-widget_type=\"image.default\">\n\t\t\t\t<div class=\"elementor-widget-container\">\n\t\t\t\t\t\t\t\t\t\t\t\t\t\t\t\t<a href=\"https:\/\/topa.be\/wp-content\/uploads\/Antwerpen-Sint-Amandus-Buiten.jpg\" data-elementor-open-lightbox=\"yes\" data-elementor-lightbox-title=\"Antwerpen-Sint-Amandus-Buiten\" data-e-action-hash=\"#elementor-action%3Aaction%3Dlightbox%26settings%3DeyJpZCI6MTMzMjUsInVybCI6Imh0dHBzOlwvXC90b3BhLmJlXC93cC1jb250ZW50XC91cGxvYWRzXC9BbnR3ZXJwZW4tU2ludC1BbWFuZHVzLUJ1aXRlbi5qcGcifQ%3D%3D\">\n\t\t\t\t\t\t\t<img fetchpriority=\"high\" decoding=\"async\" width=\"800\" height=\"450\" src=\"https:\/\/topa.be\/wp-content\/uploads\/Antwerpen-Sint-Amandus-Buiten.jpg\" class=\"attachment-large size-large wp-image-13325\" alt=\"\" srcset=\"https:\/\/topa.be\/wp-content\/uploads\/Antwerpen-Sint-Amandus-Buiten.jpg 1024w, https:\/\/topa.be\/wp-content\/uploads\/Antwerpen-Sint-Amandus-Buiten-300x169.jpg 300w, https:\/\/topa.be\/wp-content\/uploads\/Antwerpen-Sint-Amandus-Buiten-200x113.jpg 200w, https:\/\/topa.be\/wp-content\/uploads\/Antwerpen-Sint-Amandus-Buiten-768x432.jpg 768w\" sizes=\"(max-width: 800px) 100vw, 800px\" \/>\t\t\t\t\t\t\t\t<\/a>\n\t\t\t\t\t\t\t\t\t\t\t\t\t\t\t<\/div>\n\t\t\t\t<\/div>\n\t\t\t\t\t<\/div>\n\t\t<\/div>\n\t\t\t\t<div class=\"elementor-column elementor-col-50 elementor-top-column elementor-element elementor-element-43013b1\" data-id=\"43013b1\" data-element_type=\"column\" data-e-type=\"column\">\n\t\t\t<div class=\"elementor-widget-wrap elementor-element-populated\">\n\t\t\t\t\t\t<div class=\"elementor-element elementor-element-5a99bb9 elementor-widget elementor-widget-image\" data-id=\"5a99bb9\" data-element_type=\"widget\" data-e-type=\"widget\" data-widget_type=\"image.default\">\n\t\t\t\t<div class=\"elementor-widget-container\">\n\t\t\t\t\t\t\t\t\t\t\t\t\t\t\t\t<a href=\"https:\/\/topa.be\/wp-content\/uploads\/Antwerpen-Sint-Amandus-Binnen.jpg\" data-elementor-open-lightbox=\"yes\" data-elementor-lightbox-title=\"Antwerpen Sint-Amandus Binnen\" data-elementor-lightbox-description=\"SONY DSC\" data-e-action-hash=\"#elementor-action%3Aaction%3Dlightbox%26settings%3DeyJpZCI6MTMzMTMsInVybCI6Imh0dHBzOlwvXC90b3BhLmJlXC93cC1jb250ZW50XC91cGxvYWRzXC9BbnR3ZXJwZW4tU2ludC1BbWFuZHVzLUJpbm5lbi5qcGcifQ%3D%3D\">\n\t\t\t\t\t\t\t<img decoding=\"async\" width=\"800\" height=\"452\" src=\"https:\/\/topa.be\/wp-content\/uploads\/Antwerpen-Sint-Amandus-Binnen-1024x579.jpg\" class=\"attachment-large size-large wp-image-13313\" alt=\"\" srcset=\"https:\/\/topa.be\/wp-content\/uploads\/Antwerpen-Sint-Amandus-Binnen-1024x579.jpg 1024w, https:\/\/topa.be\/wp-content\/uploads\/Antwerpen-Sint-Amandus-Binnen-300x170.jpg 300w, https:\/\/topa.be\/wp-content\/uploads\/Antwerpen-Sint-Amandus-Binnen-200x113.jpg 200w, https:\/\/topa.be\/wp-content\/uploads\/Antwerpen-Sint-Amandus-Binnen-768x434.jpg 768w, https:\/\/topa.be\/wp-content\/uploads\/Antwerpen-Sint-Amandus-Binnen.jpg 1523w\" sizes=\"(max-width: 800px) 100vw, 800px\" \/>\t\t\t\t\t\t\t\t<\/a>\n\t\t\t\t\t\t\t\t\t\t\t\t\t\t\t<\/div>\n\t\t\t\t<\/div>\n\t\t\t\t\t<\/div>\n\t\t<\/div>\n\t\t\t\t\t<\/div>\n\t\t<\/section>\n\t\t\t\t<section class=\"elementor-section elementor-top-section elementor-element elementor-element-5e13c86 elementor-section-boxed elementor-section-height-default elementor-section-height-default\" data-id=\"5e13c86\" data-element_type=\"section\" data-e-type=\"section\">\n\t\t\t\t\t\t<div class=\"elementor-container elementor-column-gap-default\">\n\t\t\t\t\t<div class=\"elementor-column elementor-col-100 elementor-top-column elementor-element elementor-element-c574c75\" data-id=\"c574c75\" data-element_type=\"column\" data-e-type=\"column\">\n\t\t\t<div class=\"elementor-widget-wrap elementor-element-populated\">\n\t\t\t\t\t\t<div class=\"elementor-element elementor-element-bd1b6a4 elementor-widget elementor-widget-text-editor\" data-id=\"bd1b6a4\" data-element_type=\"widget\" data-e-type=\"widget\" data-widget_type=\"text-editor.default\">\n\t\t\t\t<div class=\"elementor-widget-container\">\n\t\t\t\t\t\t\t\t\t<p style=\"text-align: justify;\">St. Amandus ist eine neugotische Kirche von Lode Baeckelmans und wurde zwischen 1869 und 1874 gebaut. Ihr architektonisches Konzept ist vorz\u00fcglich: eine Kombination aus klassischen Elementen der franz\u00f6sischen Gotik, wie sie vom franz\u00f6sischen Architekten Violet-Le-Duc im 19. Jahrhundert angewandt wurden, und der fl\u00e4mischen Scheldegotik. Besondere Aufmerksamkeit verdienen die neugotischen Glasfenster von Bethune, Didron und Stalin &amp; Janssens, sowie Fenster von E. Steyaert aus dem 20. Jahrhundert.<\/p>\n\t\t\t\t\t\t\t\t<\/div>\n\t\t\t\t<\/div>\n\t\t\t\t\t<\/div>\n\t\t<\/div>\n\t\t\t\t\t<\/div>\n\t\t<\/section>\n\t\t\t\t<section class=\"elementor-section elementor-top-section elementor-element elementor-element-40772806 elementor-section-boxed elementor-section-height-default elementor-section-height-default\" data-id=\"40772806\" data-element_type=\"section\" data-e-type=\"section\">\n\t\t\t\t\t\t<div class=\"elementor-container elementor-column-gap-default\">\n\t\t\t\t\t<div class=\"elementor-column elementor-col-100 elementor-top-column elementor-element elementor-element-fdc6b99\" data-id=\"fdc6b99\" data-element_type=\"column\" data-e-type=\"column\">\n\t\t\t<div class=\"elementor-widget-wrap elementor-element-populated\">\n\t\t\t\t\t\t<div class=\"elementor-element elementor-element-684e4b87 elementor-widget elementor-widget-text-editor\" data-id=\"684e4b87\" data-element_type=\"widget\" data-e-type=\"widget\" data-widget_type=\"text-editor.default\">\n\t\t\t\t<div class=\"elementor-widget-container\">\n\t\t\t\t\t\t\t\t\t<p style=\"text-align: justify;\">Mit <a href=\"https:\/\/goo.gl\/maps\/5sbVw2ThVjq9bJoS8\"><strong>DIESE KARTE<\/strong><\/a> k\u00f6nnen Sie eine Route in Funktion Ihres Verkehrsmittels bestimmen.<br \/>\nVielleicht m\u00f6chten Sie VELO-Antwerpen verwenden:\u00a0<strong><a href=\"https:\/\/www.velo-antwerpen.be\/de\">https:\/\/www.velo-antwerpen.be\/de<\/a><\/strong><\/p>\n\t\t\t\t\t\t\t\t<\/div>\n\t\t\t\t<\/div>\n\t\t\t\t\t<\/div>\n\t\t<\/div>\n\t\t\t\t\t<\/div>\n\t\t<\/section>\n\t\t\t\t<section class=\"elementor-section elementor-top-section elementor-element elementor-element-cf9ee83 elementor-section-boxed elementor-section-height-default elementor-section-height-default\" data-id=\"cf9ee83\" data-element_type=\"section\" data-e-type=\"section\">\n\t\t\t\t\t\t<div class=\"elementor-container elementor-column-gap-default\">\n\t\t\t\t\t<div class=\"elementor-column elementor-col-50 elementor-top-column elementor-element elementor-element-d65c4ee\" data-id=\"d65c4ee\" data-element_type=\"column\" data-e-type=\"column\">\n\t\t\t<div class=\"elementor-widget-wrap elementor-element-populated\">\n\t\t\t\t\t\t<div class=\"elementor-element elementor-element-5cb2f3a elementor-widget elementor-widget-text-editor\" data-id=\"5cb2f3a\" data-element_type=\"widget\" data-e-type=\"widget\" data-widget_type=\"text-editor.default\">\n\t\t\t\t<div class=\"elementor-widget-container\">\n\t\t\t\t\t\t\t\t\t<h2 style=\"text-align: justify;\">Praktische Informationen<\/h2>\n<p style=\"text-align: justify;\"><strong>Gottesdienste<\/strong><strong><br \/>\n<\/strong>Sontag: 11:00 Uhr<strong>\u00a0<\/strong><\/p>\n<p style=\"text-align: justify;\"><strong>Pfarramt<\/strong><strong><br \/>\n<\/strong>Sint Norbertusstraat 1, 2060 Antwerpen<br \/>\ntel. +32 (0)3 232 08 48<br \/>\n<a href=\"mailto:sint-amandus@warmnoord.be\"><strong>sint-amandus@warmnoord.be<\/strong><\/a><\/p>\n\t\t\t\t\t\t\t\t<\/div>\n\t\t\t\t<\/div>\n\t\t\t\t\t<\/div>\n\t\t<\/div>\n\t\t\t\t<div class=\"elementor-column elementor-col-50 elementor-top-column elementor-element elementor-element-5db7be8\" data-id=\"5db7be8\" data-element_type=\"column\" data-e-type=\"column\">\n\t\t\t<div class=\"elementor-widget-wrap elementor-element-populated\">\n\t\t\t\t\t\t<div class=\"elementor-element elementor-element-ce74ad9 elementor-widget elementor-widget-text-editor\" data-id=\"ce74ad9\" data-element_type=\"widget\" data-e-type=\"widget\" data-widget_type=\"text-editor.default\">\n\t\t\t\t<div class=\"elementor-widget-container\">\n\t\t\t\t\t\t\t\t\t<p>.<\/p>\n\t\t\t\t\t\t\t\t<\/div>\n\t\t\t\t<\/div>\n\t\t\t\t\t<\/div>\n\t\t<\/div>\n\t\t\t\t\t<\/div>\n\t\t<\/section>\n\t\t\t\t<\/div>\n\t\t","protected":false},"excerpt":{"rendered":"<p>Sankt Amandus Kirche St. Amandus ist eine neugotische Kirche von Lode Baeckelmans und wurde zwischen 1869 und 1874 gebaut. Ihr architektonisches Konzept ist vorz\u00fcglich: eine Kombination aus klassischen Elementen der franz\u00f6sischen Gotik, wie sie vom franz\u00f6sischen Architekten Violet-Le-Duc im 19. Jahrhundert angewandt wurden, und der fl\u00e4mischen Scheldegotik. Besondere Aufmerksamkeit verdienen die neugotischen Glasfenster von Bethune, [&hellip;]<\/p>\n","protected":false},"author":16,"featured_media":0,"parent":37854,"menu_order":30,"comment_status":"closed","ping_status":"closed","template":"","meta":{"footnotes":""},"class_list":["post-38904","page","type-page","status-publish","hentry"],"aioseo_notices":[],"_links":{"self":[{"href":"https:\/\/topa.be\/de\/wp-json\/wp\/v2\/pages\/38904","targetHints":{"allow":["GET"]}}],"collection":[{"href":"https:\/\/topa.be\/de\/wp-json\/wp\/v2\/pages"}],"about":[{"href":"https:\/\/topa.be\/de\/wp-json\/wp\/v2\/types\/page"}],"author":[{"embeddable":true,"href":"https:\/\/topa.be\/de\/wp-json\/wp\/v2\/users\/16"}],"replies":[{"embeddable":true,"href":"https:\/\/topa.be\/de\/wp-json\/wp\/v2\/comments?post=38904"}],"version-history":[{"count":3,"href":"https:\/\/topa.be\/de\/wp-json\/wp\/v2\/pages\/38904\/revisions"}],"predecessor-version":[{"id":64329,"href":"https:\/\/topa.be\/de\/wp-json\/wp\/v2\/pages\/38904\/revisions\/64329"}],"up":[{"embeddable":true,"href":"https:\/\/topa.be\/de\/wp-json\/wp\/v2\/pages\/37854"}],"wp:attachment":[{"href":"https:\/\/topa.be\/de\/wp-json\/wp\/v2\/media?parent=38904"}],"curies":[{"name":"wp","href":"https:\/\/api.w.org\/{rel}","templated":true}]}}