{"id":38900,"date":"2021-06-04T00:24:02","date_gmt":"2021-06-03T22:24:02","guid":{"rendered":"http:\/\/topa.be\/monumentale-kerken\/sint-anna-ten-drieen\/"},"modified":"2022-03-21T11:48:26","modified_gmt":"2022-03-21T10:48:26","slug":"sint-anna-ten-drieen","status":"publish","type":"page","link":"https:\/\/topa.be\/de\/monumentale-kerken\/sint-anna-ten-drieen\/","title":{"rendered":"Sankt Anna Selbdritt Kirche"},"content":{"rendered":"\t\t<div data-elementor-type=\"wp-page\" data-elementor-id=\"38900\" class=\"elementor elementor-38900 elementor-34003\" data-elementor-post-type=\"page\">\n\t\t\t\t\t\t<section class=\"elementor-section elementor-top-section elementor-element elementor-element-77b8593 elementor-section-boxed elementor-section-height-default elementor-section-height-default\" data-id=\"77b8593\" data-element_type=\"section\" data-e-type=\"section\">\n\t\t\t\t\t\t<div class=\"elementor-container elementor-column-gap-default\">\n\t\t\t\t\t<div class=\"elementor-column elementor-col-100 elementor-top-column elementor-element elementor-element-d864920\" data-id=\"d864920\" data-element_type=\"column\" data-e-type=\"column\">\n\t\t\t<div class=\"elementor-widget-wrap elementor-element-populated\">\n\t\t\t\t\t\t<div class=\"elementor-element elementor-element-b3c3c43 elementor-widget elementor-widget-heading\" data-id=\"b3c3c43\" data-element_type=\"widget\" data-e-type=\"widget\" data-widget_type=\"heading.default\">\n\t\t\t\t<div class=\"elementor-widget-container\">\n\t\t\t\t\t<h1 class=\"elementor-heading-title elementor-size-default\">Sankt Anna Selbdritt Kirche<\/h1>\t\t\t\t<\/div>\n\t\t\t\t<\/div>\n\t\t\t\t\t<\/div>\n\t\t<\/div>\n\t\t\t\t\t<\/div>\n\t\t<\/section>\n\t\t\t\t<section class=\"elementor-section elementor-top-section elementor-element elementor-element-cfede34 elementor-section-boxed elementor-section-height-default elementor-section-height-default\" data-id=\"cfede34\" data-element_type=\"section\" data-e-type=\"section\">\n\t\t\t\t\t\t<div class=\"elementor-container elementor-column-gap-default\">\n\t\t\t\t\t<div class=\"elementor-column elementor-col-100 elementor-top-column elementor-element elementor-element-40a4687\" data-id=\"40a4687\" data-element_type=\"column\" data-e-type=\"column\">\n\t\t\t<div class=\"elementor-widget-wrap elementor-element-populated\">\n\t\t\t\t\t\t<div class=\"elementor-element elementor-element-3472117 elementor-widget elementor-widget-heading\" data-id=\"3472117\" data-element_type=\"widget\" data-e-type=\"widget\" data-widget_type=\"heading.default\">\n\t\t\t\t<div class=\"elementor-widget-container\">\n\t\t\t\t\t<h3 class=\"elementor-heading-title elementor-size-default\">Antwerpen Linke Ufer<\/h3>\t\t\t\t<\/div>\n\t\t\t\t<\/div>\n\t\t\t\t\t<\/div>\n\t\t<\/div>\n\t\t\t\t\t<\/div>\n\t\t<\/section>\n\t\t\t\t<section class=\"elementor-section elementor-top-section elementor-element elementor-element-93ebf7c elementor-section-boxed elementor-section-height-default elementor-section-height-default\" data-id=\"93ebf7c\" data-element_type=\"section\" data-e-type=\"section\">\n\t\t\t\t\t\t<div class=\"elementor-container elementor-column-gap-default\">\n\t\t\t\t\t<div class=\"elementor-column elementor-col-50 elementor-top-column elementor-element elementor-element-dcf6b6f\" data-id=\"dcf6b6f\" data-element_type=\"column\" data-e-type=\"column\">\n\t\t\t<div class=\"elementor-widget-wrap elementor-element-populated\">\n\t\t\t\t\t\t<div class=\"elementor-element elementor-element-17f9c61 elementor-widget elementor-widget-image\" data-id=\"17f9c61\" data-element_type=\"widget\" data-e-type=\"widget\" data-widget_type=\"image.default\">\n\t\t\t\t<div class=\"elementor-widget-container\">\n\t\t\t\t\t\t\t\t\t\t\t\t\t\t\t\t<a href=\"https:\/\/topa.be\/wp-content\/uploads\/Antwerpen-Anna-ten-Drieen-Buiten.jpg\" data-elementor-open-lightbox=\"yes\" data-elementor-lightbox-title=\"Antwerpen-Anna-ten-Drieen-Buiten\" data-e-action-hash=\"#elementor-action%3Aaction%3Dlightbox%26settings%3DeyJpZCI6MTMxMDksInVybCI6Imh0dHBzOlwvXC90b3BhLmJlXC93cC1jb250ZW50XC91cGxvYWRzXC9BbnR3ZXJwZW4tQW5uYS10ZW4tRHJpZWVuLUJ1aXRlbi5qcGcifQ%3D%3D\">\n\t\t\t\t\t\t\t<img fetchpriority=\"high\" decoding=\"async\" width=\"800\" height=\"450\" src=\"https:\/\/topa.be\/wp-content\/uploads\/Antwerpen-Anna-ten-Drieen-Buiten.jpg\" class=\"attachment-large size-large wp-image-13109\" alt=\"\" srcset=\"https:\/\/topa.be\/wp-content\/uploads\/Antwerpen-Anna-ten-Drieen-Buiten.jpg 1024w, https:\/\/topa.be\/wp-content\/uploads\/Antwerpen-Anna-ten-Drieen-Buiten-300x169.jpg 300w, https:\/\/topa.be\/wp-content\/uploads\/Antwerpen-Anna-ten-Drieen-Buiten-200x113.jpg 200w, https:\/\/topa.be\/wp-content\/uploads\/Antwerpen-Anna-ten-Drieen-Buiten-768x432.jpg 768w\" sizes=\"(max-width: 800px) 100vw, 800px\" \/>\t\t\t\t\t\t\t\t<\/a>\n\t\t\t\t\t\t\t\t\t\t\t\t\t\t\t<\/div>\n\t\t\t\t<\/div>\n\t\t\t\t\t<\/div>\n\t\t<\/div>\n\t\t\t\t<div class=\"elementor-column elementor-col-50 elementor-top-column elementor-element elementor-element-c57ee71\" data-id=\"c57ee71\" data-element_type=\"column\" data-e-type=\"column\">\n\t\t\t<div class=\"elementor-widget-wrap elementor-element-populated\">\n\t\t\t\t\t\t<div class=\"elementor-element elementor-element-d8a01f5 elementor-widget elementor-widget-image\" data-id=\"d8a01f5\" data-element_type=\"widget\" data-e-type=\"widget\" data-widget_type=\"image.default\">\n\t\t\t\t<div class=\"elementor-widget-container\">\n\t\t\t\t\t\t\t\t\t\t\t\t\t\t\t\t<a href=\"https:\/\/topa.be\/wp-content\/uploads\/Antwerpen-Anna-ten-Drieen-Binnen.jpg\" data-elementor-open-lightbox=\"yes\" data-elementor-lightbox-title=\"Antwerpen-Anna-ten-Drieen-Binnen\" data-e-action-hash=\"#elementor-action%3Aaction%3Dlightbox%26settings%3DeyJpZCI6MTMwOTcsInVybCI6Imh0dHBzOlwvXC90b3BhLmJlXC93cC1jb250ZW50XC91cGxvYWRzXC9BbnR3ZXJwZW4tQW5uYS10ZW4tRHJpZWVuLUJpbm5lbi5qcGcifQ%3D%3D\">\n\t\t\t\t\t\t\t<img decoding=\"async\" width=\"800\" height=\"449\" src=\"https:\/\/topa.be\/wp-content\/uploads\/Antwerpen-Anna-ten-Drieen-Binnen.jpg\" class=\"attachment-large size-large wp-image-13097\" alt=\"\" srcset=\"https:\/\/topa.be\/wp-content\/uploads\/Antwerpen-Anna-ten-Drieen-Binnen.jpg 1024w, https:\/\/topa.be\/wp-content\/uploads\/Antwerpen-Anna-ten-Drieen-Binnen-300x168.jpg 300w, https:\/\/topa.be\/wp-content\/uploads\/Antwerpen-Anna-ten-Drieen-Binnen-200x112.jpg 200w, https:\/\/topa.be\/wp-content\/uploads\/Antwerpen-Anna-ten-Drieen-Binnen-768x431.jpg 768w\" sizes=\"(max-width: 800px) 100vw, 800px\" \/>\t\t\t\t\t\t\t\t<\/a>\n\t\t\t\t\t\t\t\t\t\t\t\t\t\t\t<\/div>\n\t\t\t\t<\/div>\n\t\t\t\t\t<\/div>\n\t\t<\/div>\n\t\t\t\t\t<\/div>\n\t\t<\/section>\n\t\t\t\t<section class=\"elementor-section elementor-top-section elementor-element elementor-element-e39231f elementor-section-boxed elementor-section-height-default elementor-section-height-default\" data-id=\"e39231f\" data-element_type=\"section\" data-e-type=\"section\">\n\t\t\t\t\t\t<div class=\"elementor-container elementor-column-gap-default\">\n\t\t\t\t\t<div class=\"elementor-column elementor-col-100 elementor-top-column elementor-element elementor-element-9432a8b\" data-id=\"9432a8b\" data-element_type=\"column\" data-e-type=\"column\">\n\t\t\t<div class=\"elementor-widget-wrap elementor-element-populated\">\n\t\t\t\t\t\t<div class=\"elementor-element elementor-element-6a19a03 elementor-widget elementor-widget-text-editor\" data-id=\"6a19a03\" data-element_type=\"widget\" data-e-type=\"widget\" data-widget_type=\"text-editor.default\">\n\t\t\t\t<div class=\"elementor-widget-container\">\n\t\t\t\t\t\t\t\t\t<p style=\"text-align: justify;\">Eine moderne Kirche von 1970 in der Form eines Amphitheaters. Die Kirche verdient eine besondere Erw\u00e4hnung, nicht zuletzt durch die Glasfenster des franz\u00f6sischen K\u00fcnstlers Jacques Loire, die f\u00fcr bunte Lichteffekte sorgen. Auch der gl\u00e4serne Tabernakel ist von ihm gestaltet. In dieser Kirche gibt es jeden Sommer eine gro\u00dfe Ausstellung zeitgen\u00f6ssischer Kunst, und es finden oft Konzerte statt.<\/p>\n\t\t\t\t\t\t\t\t<\/div>\n\t\t\t\t<\/div>\n\t\t\t\t\t<\/div>\n\t\t<\/div>\n\t\t\t\t\t<\/div>\n\t\t<\/section>\n\t\t\t\t<section class=\"elementor-section elementor-top-section elementor-element elementor-element-374de7f2 elementor-section-boxed elementor-section-height-default elementor-section-height-default\" data-id=\"374de7f2\" data-element_type=\"section\" data-e-type=\"section\">\n\t\t\t\t\t\t<div class=\"elementor-container elementor-column-gap-default\">\n\t\t\t\t\t<div class=\"elementor-column elementor-col-100 elementor-top-column elementor-element elementor-element-61645a76\" data-id=\"61645a76\" data-element_type=\"column\" data-e-type=\"column\">\n\t\t\t<div class=\"elementor-widget-wrap elementor-element-populated\">\n\t\t\t\t\t\t<div class=\"elementor-element elementor-element-2ec21359 elementor-widget elementor-widget-text-editor\" data-id=\"2ec21359\" data-element_type=\"widget\" data-e-type=\"widget\" data-widget_type=\"text-editor.default\">\n\t\t\t\t<div class=\"elementor-widget-container\">\n\t\t\t\t\t\t\t\t\t<p style=\"text-align: justify;\">Mit <a href=\"https:\/\/goo.gl\/maps\/iMmfy9oL7QttVaew5\"><strong>DIESE KARTE<\/strong><\/a> k\u00f6nnen Sie eine Route in Funktion Ihres Verkehrsmittels bestimmen.<br \/>\nVielleicht m\u00f6chten Sie VELO-Antwerpen verwenden:\u00a0<strong><a href=\"https:\/\/www.velo-antwerpen.be\/de\">https:\/\/www.velo-antwerpen.be\/de<\/a><\/strong><\/p>\n\t\t\t\t\t\t\t\t<\/div>\n\t\t\t\t<\/div>\n\t\t\t\t\t<\/div>\n\t\t<\/div>\n\t\t\t\t\t<\/div>\n\t\t<\/section>\n\t\t\t\t<section class=\"elementor-section elementor-top-section elementor-element elementor-element-2670ef6 elementor-section-boxed elementor-section-height-default elementor-section-height-default\" data-id=\"2670ef6\" data-element_type=\"section\" data-e-type=\"section\">\n\t\t\t\t\t\t<div class=\"elementor-container elementor-column-gap-default\">\n\t\t\t\t\t<div class=\"elementor-column elementor-col-50 elementor-top-column elementor-element elementor-element-c0ac863\" data-id=\"c0ac863\" data-element_type=\"column\" data-e-type=\"column\">\n\t\t\t<div class=\"elementor-widget-wrap elementor-element-populated\">\n\t\t\t\t\t\t<div class=\"elementor-element elementor-element-cfc6a1c elementor-widget elementor-widget-text-editor\" data-id=\"cfc6a1c\" data-element_type=\"widget\" data-e-type=\"widget\" data-widget_type=\"text-editor.default\">\n\t\t\t\t<div class=\"elementor-widget-container\">\n\t\t\t\t\t\t\t\t\t<h2>Praktische Informationen<\/h2>\n<p><strong>Gottesdienst<\/strong><br \/>\nSontag: 11:00<strong>\u00a0<\/strong><\/p>\n<p><strong>Info<br \/>\n<\/strong><strong><a href=\"mailto:info@anna3.be\">info@anna3.be<\/a>\u00a0<\/strong><\/p>\n<p style=\"text-align: justify;\"><strong>Pfaramt<\/strong><strong><br \/>\n<\/strong>Gaston Burssenslaan 17<br \/>\n2050 Antwerpen<br \/>\nTel. +32 (0)3 219 32 29<br \/>\n<a href=\"mailto:secretariaat@sint-anna-ten-drieen.be\"><b>secretariaat@sint-anna-ten-drieen.be<\/b><\/a><\/p>\n\t\t\t\t\t\t\t\t<\/div>\n\t\t\t\t<\/div>\n\t\t\t\t\t<\/div>\n\t\t<\/div>\n\t\t\t\t<div class=\"elementor-column elementor-col-50 elementor-top-column elementor-element elementor-element-edfdc81\" data-id=\"edfdc81\" data-element_type=\"column\" data-e-type=\"column\">\n\t\t\t<div class=\"elementor-widget-wrap elementor-element-populated\">\n\t\t\t\t\t\t<div class=\"elementor-element elementor-element-52e4b8e elementor-widget elementor-widget-text-editor\" data-id=\"52e4b8e\" data-element_type=\"widget\" data-e-type=\"widget\" data-widget_type=\"text-editor.default\">\n\t\t\t\t<div class=\"elementor-widget-container\">\n\t\t\t\t\t\t\t\t\t<p>.<\/p>\n\t\t\t\t\t\t\t\t<\/div>\n\t\t\t\t<\/div>\n\t\t\t\t\t<\/div>\n\t\t<\/div>\n\t\t\t\t\t<\/div>\n\t\t<\/section>\n\t\t\t\t<\/div>\n\t\t","protected":false},"excerpt":{"rendered":"<p>Sankt Anna Selbdritt Kirche Antwerpen Linke Ufer Eine moderne Kirche von 1970 in der Form eines Amphitheaters. Die Kirche verdient eine besondere Erw\u00e4hnung, nicht zuletzt durch die Glasfenster des franz\u00f6sischen K\u00fcnstlers Jacques Loire, die f\u00fcr bunte Lichteffekte sorgen. Auch der gl\u00e4serne Tabernakel ist von ihm gestaltet. In dieser Kirche gibt es jeden Sommer eine gro\u00dfe [&hellip;]<\/p>\n","protected":false},"author":16,"featured_media":0,"parent":37854,"menu_order":40,"comment_status":"closed","ping_status":"closed","template":"","meta":{"footnotes":""},"class_list":["post-38900","page","type-page","status-publish","hentry"],"aioseo_notices":[],"_links":{"self":[{"href":"https:\/\/topa.be\/de\/wp-json\/wp\/v2\/pages\/38900","targetHints":{"allow":["GET"]}}],"collection":[{"href":"https:\/\/topa.be\/de\/wp-json\/wp\/v2\/pages"}],"about":[{"href":"https:\/\/topa.be\/de\/wp-json\/wp\/v2\/types\/page"}],"author":[{"embeddable":true,"href":"https:\/\/topa.be\/de\/wp-json\/wp\/v2\/users\/16"}],"replies":[{"embeddable":true,"href":"https:\/\/topa.be\/de\/wp-json\/wp\/v2\/comments?post=38900"}],"version-history":[{"count":3,"href":"https:\/\/topa.be\/de\/wp-json\/wp\/v2\/pages\/38900\/revisions"}],"predecessor-version":[{"id":64232,"href":"https:\/\/topa.be\/de\/wp-json\/wp\/v2\/pages\/38900\/revisions\/64232"}],"up":[{"embeddable":true,"href":"https:\/\/topa.be\/de\/wp-json\/wp\/v2\/pages\/37854"}],"wp:attachment":[{"href":"https:\/\/topa.be\/de\/wp-json\/wp\/v2\/media?parent=38900"}],"curies":[{"name":"wp","href":"https:\/\/api.w.org\/{rel}","templated":true}]}}