{"id":38852,"date":"2021-06-03T23:49:46","date_gmt":"2021-06-03T21:49:46","guid":{"rendered":"http:\/\/topa.be\/monumentale-kerken\/sint-eligius\/"},"modified":"2022-12-14T15:18:16","modified_gmt":"2022-12-14T14:18:16","slug":"sint-eligius","status":"publish","type":"page","link":"https:\/\/topa.be\/de\/monumentale-kerken\/sint-eligius\/","title":{"rendered":"Sankt Eligius Kirche"},"content":{"rendered":"\t\t<div data-elementor-type=\"wp-page\" data-elementor-id=\"38852\" class=\"elementor elementor-38852 elementor-34011\" data-elementor-post-type=\"page\">\n\t\t\t\t\t\t<section class=\"elementor-section elementor-top-section elementor-element elementor-element-f453663 elementor-section-boxed elementor-section-height-default elementor-section-height-default\" data-id=\"f453663\" data-element_type=\"section\" data-e-type=\"section\">\n\t\t\t\t\t\t<div class=\"elementor-container elementor-column-gap-default\">\n\t\t\t\t\t<div class=\"elementor-column elementor-col-100 elementor-top-column elementor-element elementor-element-ec42e10\" data-id=\"ec42e10\" data-element_type=\"column\" data-e-type=\"column\">\n\t\t\t<div class=\"elementor-widget-wrap elementor-element-populated\">\n\t\t\t\t\t\t<div class=\"elementor-element elementor-element-57b9c29 elementor-widget elementor-widget-heading\" data-id=\"57b9c29\" data-element_type=\"widget\" data-e-type=\"widget\" data-widget_type=\"heading.default\">\n\t\t\t\t<div class=\"elementor-widget-container\">\n\t\t\t\t\t<h1 class=\"elementor-heading-title elementor-size-default\">Sankt Eligius Kirche<\/h1>\t\t\t\t<\/div>\n\t\t\t\t<\/div>\n\t\t\t\t\t<\/div>\n\t\t<\/div>\n\t\t\t\t\t<\/div>\n\t\t<\/section>\n\t\t\t\t<section class=\"elementor-section elementor-top-section elementor-element elementor-element-3cd79f0 elementor-section-boxed elementor-section-height-default elementor-section-height-default\" data-id=\"3cd79f0\" data-element_type=\"section\" data-e-type=\"section\">\n\t\t\t\t\t\t<div class=\"elementor-container elementor-column-gap-default\">\n\t\t\t\t\t<div class=\"elementor-column elementor-col-50 elementor-top-column elementor-element elementor-element-dbf6f96\" data-id=\"dbf6f96\" data-element_type=\"column\" data-e-type=\"column\">\n\t\t\t<div class=\"elementor-widget-wrap elementor-element-populated\">\n\t\t\t\t\t\t<div class=\"elementor-element elementor-element-055d10e elementor-widget elementor-widget-image\" data-id=\"055d10e\" data-element_type=\"widget\" data-e-type=\"widget\" data-widget_type=\"image.default\">\n\t\t\t\t<div class=\"elementor-widget-container\">\n\t\t\t\t\t\t\t\t\t\t\t\t\t\t\t\t<a href=\"https:\/\/topa.be\/wp-content\/uploads\/Antwerpen-Sint-Eligius-Buiten.jpg\" data-elementor-open-lightbox=\"yes\" data-elementor-lightbox-title=\"Antwerpen Sint-Eligius Buiten\" data-elementor-lightbox-description=\"OLYMPUS DIGITAL CAMERA\" data-e-action-hash=\"#elementor-action%3Aaction%3Dlightbox%26settings%3DeyJpZCI6MTM0MjEsInVybCI6Imh0dHBzOlwvXC90b3BhLmJlXC93cC1jb250ZW50XC91cGxvYWRzXC9BbnR3ZXJwZW4tU2ludC1FbGlnaXVzLUJ1aXRlbi5qcGcifQ%3D%3D\">\n\t\t\t\t\t\t\t<img fetchpriority=\"high\" decoding=\"async\" width=\"800\" height=\"600\" src=\"https:\/\/topa.be\/wp-content\/uploads\/Antwerpen-Sint-Eligius-Buiten.jpg\" class=\"attachment-large size-large wp-image-13421\" alt=\"\" srcset=\"https:\/\/topa.be\/wp-content\/uploads\/Antwerpen-Sint-Eligius-Buiten.jpg 1024w, https:\/\/topa.be\/wp-content\/uploads\/Antwerpen-Sint-Eligius-Buiten-300x225.jpg 300w, https:\/\/topa.be\/wp-content\/uploads\/Antwerpen-Sint-Eligius-Buiten-200x150.jpg 200w, https:\/\/topa.be\/wp-content\/uploads\/Antwerpen-Sint-Eligius-Buiten-768x576.jpg 768w\" sizes=\"(max-width: 800px) 100vw, 800px\" \/>\t\t\t\t\t\t\t\t<\/a>\n\t\t\t\t\t\t\t\t\t\t\t\t\t\t\t<\/div>\n\t\t\t\t<\/div>\n\t\t\t\t\t<\/div>\n\t\t<\/div>\n\t\t\t\t<div class=\"elementor-column elementor-col-50 elementor-top-column elementor-element elementor-element-acb0489\" data-id=\"acb0489\" data-element_type=\"column\" data-e-type=\"column\">\n\t\t\t<div class=\"elementor-widget-wrap elementor-element-populated\">\n\t\t\t\t\t\t<div class=\"elementor-element elementor-element-29bf2de elementor-widget elementor-widget-image\" data-id=\"29bf2de\" data-element_type=\"widget\" data-e-type=\"widget\" data-widget_type=\"image.default\">\n\t\t\t\t<div class=\"elementor-widget-container\">\n\t\t\t\t\t\t\t\t\t\t\t\t\t\t\t\t<a href=\"https:\/\/topa.be\/wp-content\/uploads\/Antwerpen-Sint-Eligius-Binnen.jpg\" data-elementor-open-lightbox=\"yes\" data-elementor-lightbox-title=\"Antwerpen-Sint-Eligius-Binnen\" data-e-action-hash=\"#elementor-action%3Aaction%3Dlightbox%26settings%3DeyJpZCI6MTM0MDksInVybCI6Imh0dHBzOlwvXC90b3BhLmJlXC93cC1jb250ZW50XC91cGxvYWRzXC9BbnR3ZXJwZW4tU2ludC1FbGlnaXVzLUJpbm5lbi5qcGcifQ%3D%3D\">\n\t\t\t\t\t\t\t<img decoding=\"async\" width=\"800\" height=\"600\" src=\"https:\/\/topa.be\/wp-content\/uploads\/Antwerpen-Sint-Eligius-Binnen.jpg\" class=\"attachment-large size-large wp-image-13409\" alt=\"\" srcset=\"https:\/\/topa.be\/wp-content\/uploads\/Antwerpen-Sint-Eligius-Binnen.jpg 1024w, https:\/\/topa.be\/wp-content\/uploads\/Antwerpen-Sint-Eligius-Binnen-300x225.jpg 300w, https:\/\/topa.be\/wp-content\/uploads\/Antwerpen-Sint-Eligius-Binnen-200x150.jpg 200w, https:\/\/topa.be\/wp-content\/uploads\/Antwerpen-Sint-Eligius-Binnen-768x576.jpg 768w\" sizes=\"(max-width: 800px) 100vw, 800px\" \/>\t\t\t\t\t\t\t\t<\/a>\n\t\t\t\t\t\t\t\t\t\t\t\t\t\t\t<\/div>\n\t\t\t\t<\/div>\n\t\t\t\t\t<\/div>\n\t\t<\/div>\n\t\t\t\t\t<\/div>\n\t\t<\/section>\n\t\t\t\t<section class=\"elementor-section elementor-top-section elementor-element elementor-element-4edd2e4 elementor-section-boxed elementor-section-height-default elementor-section-height-default\" data-id=\"4edd2e4\" data-element_type=\"section\" data-e-type=\"section\">\n\t\t\t\t\t\t<div class=\"elementor-container elementor-column-gap-default\">\n\t\t\t\t\t<div class=\"elementor-column elementor-col-100 elementor-top-column elementor-element elementor-element-ba354ca\" data-id=\"ba354ca\" data-element_type=\"column\" data-e-type=\"column\">\n\t\t\t<div class=\"elementor-widget-wrap elementor-element-populated\">\n\t\t\t\t\t\t<div class=\"elementor-element elementor-element-6f134d3 elementor-widget elementor-widget-text-editor\" data-id=\"6f134d3\" data-element_type=\"widget\" data-e-type=\"widget\" data-widget_type=\"text-editor.default\">\n\t\t\t\t<div class=\"elementor-widget-container\">\n\t\t\t\t\t\t\t\t\t<p style=\"text-align: justify;\">Um 1990 sch\u00f6n restaurierte neugotische Kirche aus dem Jahr 1905. Feiner Innenausbau (u. a. die Vert\u00e4felungen) ganz im Stil des Geb\u00e4udes. Ein aus Granit gemei\u00dfelte Kanzel (Mouffart) und polychromer Kreuzweg im Flachrelief (A. De Beule). Pr\u00e4chtige Glasfenster von Gust Ladon und C. Ganton. Einzigartig in Antwerpen ist das beeindruckende Marmorgrab in Erinnerung an Constance Teichmann.<\/p>\t\t\t\t\t\t\t\t<\/div>\n\t\t\t\t<\/div>\n\t\t\t\t\t<\/div>\n\t\t<\/div>\n\t\t\t\t\t<\/div>\n\t\t<\/section>\n\t\t\t\t<section class=\"elementor-section elementor-top-section elementor-element elementor-element-3ea7127f elementor-section-boxed elementor-section-height-default elementor-section-height-default\" data-id=\"3ea7127f\" data-element_type=\"section\" data-e-type=\"section\">\n\t\t\t\t\t\t<div class=\"elementor-container elementor-column-gap-default\">\n\t\t\t\t\t<div class=\"elementor-column elementor-col-100 elementor-top-column elementor-element elementor-element-46b46a\" data-id=\"46b46a\" data-element_type=\"column\" data-e-type=\"column\">\n\t\t\t<div class=\"elementor-widget-wrap elementor-element-populated\">\n\t\t\t\t\t\t<div class=\"elementor-element elementor-element-5a7e5d26 elementor-widget elementor-widget-text-editor\" data-id=\"5a7e5d26\" data-element_type=\"widget\" data-e-type=\"widget\" data-widget_type=\"text-editor.default\">\n\t\t\t\t<div class=\"elementor-widget-container\">\n\t\t\t\t\t\t\t\t\t<p style=\"text-align: justify;\">Mit <a href=\"https:\/\/goo.gl\/maps\/A6bS3jHY9NGDGEJ6A\"><strong>DIESE KARTE<\/strong><\/a> k\u00f6nnen Sie eine Route in Funktion Ihres Verkehrsmittels bestimmen.\r\nVielleicht m\u00f6chten Sie VELO-Antwerpen verwenden:\u00a0<strong><a href=\"https:\/\/www.velo-antwerpen.be\/de\">https:\/\/www.velo-antwerpen.be\/de<\/a><\/strong><\/p>\t\t\t\t\t\t\t\t<\/div>\n\t\t\t\t<\/div>\n\t\t\t\t\t<\/div>\n\t\t<\/div>\n\t\t\t\t\t<\/div>\n\t\t<\/section>\n\t\t\t\t<section class=\"elementor-section elementor-top-section elementor-element elementor-element-05ef107 elementor-section-boxed elementor-section-height-default elementor-section-height-default\" data-id=\"05ef107\" data-element_type=\"section\" data-e-type=\"section\">\n\t\t\t\t\t\t<div class=\"elementor-container elementor-column-gap-default\">\n\t\t\t\t\t<div class=\"elementor-column elementor-col-50 elementor-top-column elementor-element elementor-element-f9dd215\" data-id=\"f9dd215\" data-element_type=\"column\" data-e-type=\"column\">\n\t\t\t<div class=\"elementor-widget-wrap elementor-element-populated\">\n\t\t\t\t\t\t<div class=\"elementor-element elementor-element-adafe3c elementor-widget elementor-widget-text-editor\" data-id=\"adafe3c\" data-element_type=\"widget\" data-e-type=\"widget\" data-widget_type=\"text-editor.default\">\n\t\t\t\t<div class=\"elementor-widget-container\">\n\t\t\t\t\t\t\t\t\t<h2 style=\"text-align: justify;\">Praktische Informationen<\/h2>\r\n<strong>Gottesdienste<\/strong><strong>\r\n<\/strong>\r\n<ul>\r\n \t<li>Jeden dritten Sonntag im Monat: Eucharistiefeier um 10.30 Uhr<\/li>\r\n \t<li>Jeden anderen Sonntag: Wort- und Abendmahlsgottesdienst um 10.30 Uhr<\/li>\r\n \t<li>Jeden Sonntag um 12.30 Uhr: Eucharistie im Chald\u00e4ischen Ritus.<\/li>\r\n<\/ul>\r\n<strong>\u00d6ffnungszeiten<\/strong><strong>\r\n<\/strong>Auf Anfrage via\r\n+32 (0)479 42 89 88\r\n<a href=\"mailto:gaby.vanhoorick@telenet.be\"><strong>gaby.vanhoorick@telenet.be<\/strong><\/a>\r\n\r\n<strong>Pfarramt<\/strong><strong>\r\n<\/strong>Onderwijsstraat 38\r\n2060 Antwerpen\r\nTel. +32 (0)479 42 89 88\r\n<a href=\"mailto:gaby.vanhoorick@telenet.be\"><strong>gaby.vanhoorick@telenet.be<\/strong><\/a>\t\t\t\t\t\t\t\t<\/div>\n\t\t\t\t<\/div>\n\t\t\t\t\t<\/div>\n\t\t<\/div>\n\t\t\t\t<div class=\"elementor-column elementor-col-50 elementor-top-column elementor-element elementor-element-b1f9309\" data-id=\"b1f9309\" data-element_type=\"column\" data-e-type=\"column\">\n\t\t\t<div class=\"elementor-widget-wrap\">\n\t\t\t\t\t\t\t<\/div>\n\t\t<\/div>\n\t\t\t\t\t<\/div>\n\t\t<\/section>\n\t\t\t\t<\/div>\n\t\t","protected":false},"excerpt":{"rendered":"<p>Sankt Eligius Kirche Um 1990 sch\u00f6n restaurierte neugotische Kirche aus dem Jahr 1905. Feiner Innenausbau (u. a. die Vert\u00e4felungen) ganz im Stil des Geb\u00e4udes. Ein aus Granit gemei\u00dfelte Kanzel (Mouffart) und polychromer Kreuzweg im Flachrelief (A. De Beule). Pr\u00e4chtige Glasfenster von Gust Ladon und C. Ganton. Einzigartig in Antwerpen ist das beeindruckende Marmorgrab in Erinnerung [&hellip;]<\/p>\n","protected":false},"author":16,"featured_media":0,"parent":37854,"menu_order":80,"comment_status":"closed","ping_status":"closed","template":"","meta":{"footnotes":""},"class_list":["post-38852","page","type-page","status-publish","hentry"],"aioseo_notices":[],"_links":{"self":[{"href":"https:\/\/topa.be\/de\/wp-json\/wp\/v2\/pages\/38852","targetHints":{"allow":["GET"]}}],"collection":[{"href":"https:\/\/topa.be\/de\/wp-json\/wp\/v2\/pages"}],"about":[{"href":"https:\/\/topa.be\/de\/wp-json\/wp\/v2\/types\/page"}],"author":[{"embeddable":true,"href":"https:\/\/topa.be\/de\/wp-json\/wp\/v2\/users\/16"}],"replies":[{"embeddable":true,"href":"https:\/\/topa.be\/de\/wp-json\/wp\/v2\/comments?post=38852"}],"version-history":[{"count":3,"href":"https:\/\/topa.be\/de\/wp-json\/wp\/v2\/pages\/38852\/revisions"}],"predecessor-version":[{"id":66308,"href":"https:\/\/topa.be\/de\/wp-json\/wp\/v2\/pages\/38852\/revisions\/66308"}],"up":[{"embeddable":true,"href":"https:\/\/topa.be\/de\/wp-json\/wp\/v2\/pages\/37854"}],"wp:attachment":[{"href":"https:\/\/topa.be\/de\/wp-json\/wp\/v2\/media?parent=38852"}],"curies":[{"name":"wp","href":"https:\/\/api.w.org\/{rel}","templated":true}]}}