{"id":38848,"date":"2021-06-03T23:44:58","date_gmt":"2021-06-03T21:44:58","guid":{"rendered":"http:\/\/topa.be\/monumentale-kerken\/sint-joris\/"},"modified":"2022-06-23T10:29:43","modified_gmt":"2022-06-23T08:29:43","slug":"sint-joris","status":"publish","type":"page","link":"https:\/\/topa.be\/de\/monumentale-kerken\/sint-joris\/","title":{"rendered":"Sankt Georg Kirche"},"content":{"rendered":"\t\t<div data-elementor-type=\"wp-page\" data-elementor-id=\"38848\" class=\"elementor elementor-38848 elementor-34015\" data-elementor-post-type=\"page\">\n\t\t\t\t\t\t<section class=\"elementor-section elementor-top-section elementor-element elementor-element-a241b67 elementor-section-boxed elementor-section-height-default elementor-section-height-default\" data-id=\"a241b67\" data-element_type=\"section\" data-e-type=\"section\">\n\t\t\t\t\t\t<div class=\"elementor-container elementor-column-gap-default\">\n\t\t\t\t\t<div class=\"elementor-column elementor-col-100 elementor-top-column elementor-element elementor-element-6b01b79\" data-id=\"6b01b79\" data-element_type=\"column\" data-e-type=\"column\">\n\t\t\t<div class=\"elementor-widget-wrap elementor-element-populated\">\n\t\t\t\t\t\t<div class=\"elementor-element elementor-element-aa9742c elementor-widget elementor-widget-heading\" data-id=\"aa9742c\" data-element_type=\"widget\" data-e-type=\"widget\" data-widget_type=\"heading.default\">\n\t\t\t\t<div class=\"elementor-widget-container\">\n\t\t\t\t\t<h1 class=\"elementor-heading-title elementor-size-default\">Sankt Georg Kirche<\/h1>\t\t\t\t<\/div>\n\t\t\t\t<\/div>\n\t\t\t\t\t<\/div>\n\t\t<\/div>\n\t\t\t\t\t<\/div>\n\t\t<\/section>\n\t\t\t\t<section class=\"elementor-section elementor-top-section elementor-element elementor-element-9817b8b elementor-section-boxed elementor-section-height-default elementor-section-height-default\" data-id=\"9817b8b\" data-element_type=\"section\" data-e-type=\"section\">\n\t\t\t\t\t\t<div class=\"elementor-container elementor-column-gap-default\">\n\t\t\t\t\t<div class=\"elementor-column elementor-col-50 elementor-top-column elementor-element elementor-element-27c99a2\" data-id=\"27c99a2\" data-element_type=\"column\" data-e-type=\"column\">\n\t\t\t<div class=\"elementor-widget-wrap elementor-element-populated\">\n\t\t\t\t\t\t<div class=\"elementor-element elementor-element-5ec32cf elementor-widget elementor-widget-image\" data-id=\"5ec32cf\" data-element_type=\"widget\" data-e-type=\"widget\" data-widget_type=\"image.default\">\n\t\t\t\t<div class=\"elementor-widget-container\">\n\t\t\t\t\t\t\t\t\t\t\t\t\t\t\t\t<a href=\"https:\/\/topa.be\/wp-content\/uploads\/Antwerpen-Sint-Joris-Buiten.jpg\" data-elementor-open-lightbox=\"yes\" data-elementor-lightbox-title=\"Antwerpen-Sint-Joris-Buiten\" data-e-action-hash=\"#elementor-action%3Aaction%3Dlightbox%26settings%3DeyJpZCI6MTM0OTMsInVybCI6Imh0dHBzOlwvXC90b3BhLmJlXC93cC1jb250ZW50XC91cGxvYWRzXC9BbnR3ZXJwZW4tU2ludC1Kb3Jpcy1CdWl0ZW4uanBnIn0%3D\">\n\t\t\t\t\t\t\t<img fetchpriority=\"high\" decoding=\"async\" width=\"800\" height=\"450\" src=\"https:\/\/topa.be\/wp-content\/uploads\/Antwerpen-Sint-Joris-Buiten.jpg\" class=\"attachment-large size-large wp-image-13493\" alt=\"\" srcset=\"https:\/\/topa.be\/wp-content\/uploads\/Antwerpen-Sint-Joris-Buiten.jpg 1024w, https:\/\/topa.be\/wp-content\/uploads\/Antwerpen-Sint-Joris-Buiten-300x169.jpg 300w, https:\/\/topa.be\/wp-content\/uploads\/Antwerpen-Sint-Joris-Buiten-200x113.jpg 200w, https:\/\/topa.be\/wp-content\/uploads\/Antwerpen-Sint-Joris-Buiten-768x432.jpg 768w\" sizes=\"(max-width: 800px) 100vw, 800px\" \/>\t\t\t\t\t\t\t\t<\/a>\n\t\t\t\t\t\t\t\t\t\t\t\t\t\t\t<\/div>\n\t\t\t\t<\/div>\n\t\t\t\t\t<\/div>\n\t\t<\/div>\n\t\t\t\t<div class=\"elementor-column elementor-col-50 elementor-top-column elementor-element elementor-element-57c785d\" data-id=\"57c785d\" data-element_type=\"column\" data-e-type=\"column\">\n\t\t\t<div class=\"elementor-widget-wrap elementor-element-populated\">\n\t\t\t\t\t\t<div class=\"elementor-element elementor-element-05e7c4b elementor-widget elementor-widget-image\" data-id=\"05e7c4b\" data-element_type=\"widget\" data-e-type=\"widget\" data-widget_type=\"image.default\">\n\t\t\t\t<div class=\"elementor-widget-container\">\n\t\t\t\t\t\t\t\t\t\t\t\t\t\t\t\t<a href=\"https:\/\/topa.be\/wp-content\/uploads\/Antwerpen-Sint-Joris-Binnen.jpg\" data-elementor-open-lightbox=\"yes\" data-elementor-lightbox-title=\"Antwerpen-Sint-Joris-Binnen\" data-e-action-hash=\"#elementor-action%3Aaction%3Dlightbox%26settings%3DeyJpZCI6MTM0ODEsInVybCI6Imh0dHBzOlwvXC90b3BhLmJlXC93cC1jb250ZW50XC91cGxvYWRzXC9BbnR3ZXJwZW4tU2ludC1Kb3Jpcy1CaW5uZW4uanBnIn0%3D\">\n\t\t\t\t\t\t\t<img decoding=\"async\" width=\"800\" height=\"449\" src=\"https:\/\/topa.be\/wp-content\/uploads\/Antwerpen-Sint-Joris-Binnen.jpg\" class=\"attachment-large size-large wp-image-13481\" alt=\"\" srcset=\"https:\/\/topa.be\/wp-content\/uploads\/Antwerpen-Sint-Joris-Binnen.jpg 1024w, https:\/\/topa.be\/wp-content\/uploads\/Antwerpen-Sint-Joris-Binnen-300x168.jpg 300w, https:\/\/topa.be\/wp-content\/uploads\/Antwerpen-Sint-Joris-Binnen-200x112.jpg 200w, https:\/\/topa.be\/wp-content\/uploads\/Antwerpen-Sint-Joris-Binnen-768x431.jpg 768w\" sizes=\"(max-width: 800px) 100vw, 800px\" \/>\t\t\t\t\t\t\t\t<\/a>\n\t\t\t\t\t\t\t\t\t\t\t\t\t\t\t<\/div>\n\t\t\t\t<\/div>\n\t\t\t\t\t<\/div>\n\t\t<\/div>\n\t\t\t\t\t<\/div>\n\t\t<\/section>\n\t\t\t\t<section class=\"elementor-section elementor-top-section elementor-element elementor-element-34716bd elementor-section-boxed elementor-section-height-default elementor-section-height-default\" data-id=\"34716bd\" data-element_type=\"section\" data-e-type=\"section\">\n\t\t\t\t\t\t<div class=\"elementor-container elementor-column-gap-default\">\n\t\t\t\t\t<div class=\"elementor-column elementor-col-100 elementor-top-column elementor-element elementor-element-e4d8e9b\" data-id=\"e4d8e9b\" data-element_type=\"column\" data-e-type=\"column\">\n\t\t\t<div class=\"elementor-widget-wrap elementor-element-populated\">\n\t\t\t\t\t\t<div class=\"elementor-element elementor-element-c88e803 elementor-widget elementor-widget-text-editor\" data-id=\"c88e803\" data-element_type=\"widget\" data-e-type=\"widget\" data-widget_type=\"text-editor.default\">\n\t\t\t\t<div class=\"elementor-widget-container\">\n\t\t\t\t\t\t\t\t\t<p style=\"text-align: justify;\">St. Georg ist eine von Architekt Leon Suys konzipierte neugotische Kirche von 1853 und von West nach Ost ausgerichtet. Auffallend sch\u00f6n sind die beiden durchbrochenen \u00f6stlichen T\u00fcrme mit vergoldeten Kronen. Die Fassaden sind ges\u00e4umt mit Statuen von St. Georg und den 12 Aposteln. Im Innern ein moralisierender Zyklus sch\u00f6ner Wandmalereien (1871) von G. Guffens und J. Swerts. M\u00f6bel und Dekor bilden ein stilistisches Ganzes. Aus der Vorg\u00e4ngerkirche, w\u00e4hrend der Franz\u00f6sischen Revolution abgerissen, sind einige Altarbilder und Grabm\u00e4ler (einschlie\u00dflich Frans I Francken) erhalten geblieben. Aus der spanischen Zitadellenkirche stammt das Gnadenbild \u201eLiebe Frau vom Schlo\u00df\u201c mit ihrer stattlichen Robe (1867). Ein Reliquienschrein (1878), der an nicht weniger als 40 Schutzheiligen geweiht ist, erinnert an die Cholera-Epidemie von 1859.<\/p>\t\t\t\t\t\t\t\t<\/div>\n\t\t\t\t<\/div>\n\t\t\t\t\t<\/div>\n\t\t<\/div>\n\t\t\t\t\t<\/div>\n\t\t<\/section>\n\t\t\t\t<section class=\"elementor-section elementor-top-section elementor-element elementor-element-111f1b9e elementor-section-boxed elementor-section-height-default elementor-section-height-default\" data-id=\"111f1b9e\" data-element_type=\"section\" data-e-type=\"section\">\n\t\t\t\t\t\t<div class=\"elementor-container elementor-column-gap-default\">\n\t\t\t\t\t<div class=\"elementor-column elementor-col-100 elementor-top-column elementor-element elementor-element-3d0eeb92\" data-id=\"3d0eeb92\" data-element_type=\"column\" data-e-type=\"column\">\n\t\t\t<div class=\"elementor-widget-wrap elementor-element-populated\">\n\t\t\t\t\t\t<div class=\"elementor-element elementor-element-703e52da elementor-widget elementor-widget-text-editor\" data-id=\"703e52da\" data-element_type=\"widget\" data-e-type=\"widget\" data-widget_type=\"text-editor.default\">\n\t\t\t\t<div class=\"elementor-widget-container\">\n\t\t\t\t\t\t\t\t\t<div class=\"middle_sec_main\">\r\n<div class=\"second_sec_main\">\r\n<div class=\"sec_tp_main\">\r\n<div class=\"col-md-12\">\r\n<div class=\"page_main\">\r\n<div class=\"vc_row wpb_row vc_row-fluid\">\r\n<div class=\"wpb_column vc_column_container vc_col-sm-6\">\r\n<div class=\"vc_column-inner\">\r\n<div class=\"wpb_wrapper\">\r\n<div class=\"wpb_text_column wpb_content_element \">\r\n<div class=\"wpb_wrapper\">\r\n<p style=\"text-align: justify;\">Mit <a href=\"https:\/\/goo.gl\/maps\/vjJfYaJFuU7VmFQCA\"><strong>DIESE KARTE<\/strong><\/a> k\u00f6nnen Sie eine Route in Funktion Ihres Verkehrsmittels bestimmen.\r\nVielleicht m\u00f6chten Sie VELO-Antwerpen verwenden:\u00a0<strong><a href=\"https:\/\/www.velo-antwerpen.be\/de\">https:\/\/www.velo-antwerpen.be\/de<\/a><\/strong><\/p>\r\n\r\n<\/div>\r\n<\/div>\r\n<\/div>\r\n<\/div>\r\n<\/div>\r\n<\/div>\r\n<\/div>\r\n<\/div>\r\n<\/div>\r\n<\/div>\r\n<\/div>\r\n<div class=\"footer_main\">\r\n<div class=\"col-md-12\">\r\n<div class=\"row\">\r\n<div class=\"col-md-6\">\r\n<div class=\"left_link_ftr\">\r\n<div class=\"ftr_link\"><\/div>\r\n<\/div>\r\n<\/div>\r\n<\/div>\r\n<\/div>\r\n<\/div>\t\t\t\t\t\t\t\t<\/div>\n\t\t\t\t<\/div>\n\t\t\t\t\t<\/div>\n\t\t<\/div>\n\t\t\t\t\t<\/div>\n\t\t<\/section>\n\t\t\t\t<section class=\"elementor-section elementor-top-section elementor-element elementor-element-f9c72e8 elementor-section-boxed elementor-section-height-default elementor-section-height-default\" data-id=\"f9c72e8\" data-element_type=\"section\" data-e-type=\"section\">\n\t\t\t\t\t\t<div class=\"elementor-container elementor-column-gap-default\">\n\t\t\t\t\t<div class=\"elementor-column elementor-col-50 elementor-top-column elementor-element elementor-element-3d8a456\" data-id=\"3d8a456\" data-element_type=\"column\" data-e-type=\"column\">\n\t\t\t<div class=\"elementor-widget-wrap elementor-element-populated\">\n\t\t\t\t\t\t<div class=\"elementor-element elementor-element-dc044a9 elementor-widget elementor-widget-text-editor\" data-id=\"dc044a9\" data-element_type=\"widget\" data-e-type=\"widget\" data-widget_type=\"text-editor.default\">\n\t\t\t\t<div class=\"elementor-widget-container\">\n\t\t\t\t\t\t\t\t\t<h2 style=\"text-align: justify;\">Praktische Informationen<\/h2>\r\n<strong>Gottesdienste<\/strong><strong>\r\n<\/strong>Sontag 11:15 Uhr<strong>\u00a0<\/strong>\r\n\r\n<strong>\u00d6ffnungszeiten<\/strong>\r\nDonnerstag, Freitag und Samstag: 14.00h &#8211; 16.00h\r\nMontag, Dienstag und Mittwoch geschlossen\r\nVorbehaltlich besonderer Feiern\r\n<strong>Eintritt frei<\/strong><strong>\u00a0<\/strong>\r\n\r\n<strong>Informationen<\/strong><strong>\u00a0<\/strong>\r\n<strong><a href=\"https:\/\/openchurches.eu\/de\/gebaude\/sint-joris-antwerpen\" target=\"_blank\" rel=\"noopener noreferrer\">Offene Kirchen<\/a>\u00a0<\/strong>\r\n<p style=\"text-align: justify;\"><strong>Pfarramt:<\/strong><strong>\r\n<\/strong>E.H. Herman Augustyns,\r\nMechelseplein 24, 2000 Antwerpen,\r\n+32 (0)3 233 81 24\r\n<a href=\"mailto:secretariaat@sintjorisparochie.be\">secretariaat@sintjorisparochie.be<\/a><\/p>\t\t\t\t\t\t\t\t<\/div>\n\t\t\t\t<\/div>\n\t\t\t\t\t<\/div>\n\t\t<\/div>\n\t\t\t\t<div class=\"elementor-column elementor-col-50 elementor-top-column elementor-element elementor-element-e3d3ac4\" data-id=\"e3d3ac4\" data-element_type=\"column\" data-e-type=\"column\">\n\t\t\t<div class=\"elementor-widget-wrap elementor-element-populated\">\n\t\t\t\t\t\t<div class=\"elementor-element elementor-element-cfeb357 elementor-widget elementor-widget-text-editor\" data-id=\"cfeb357\" data-element_type=\"widget\" data-e-type=\"widget\" data-widget_type=\"text-editor.default\">\n\t\t\t\t<div class=\"elementor-widget-container\">\n\t\t\t\t\t\t\t\t\t.\t\t\t\t\t\t\t\t<\/div>\n\t\t\t\t<\/div>\n\t\t\t\t<div class=\"elementor-element elementor-element-42e3907 elementor-widget elementor-widget-text-editor\" data-id=\"42e3907\" data-element_type=\"widget\" data-e-type=\"widget\" data-widget_type=\"text-editor.default\">\n\t\t\t\t<div class=\"elementor-widget-container\">\n\t\t\t\t\t\t\t\t\t.\t\t\t\t\t\t\t\t<\/div>\n\t\t\t\t<\/div>\n\t\t\t\t\t<\/div>\n\t\t<\/div>\n\t\t\t\t\t<\/div>\n\t\t<\/section>\n\t\t\t\t<\/div>\n\t\t","protected":false},"excerpt":{"rendered":"<p>Sankt Georg Kirche St. Georg ist eine von Architekt Leon Suys konzipierte neugotische Kirche von 1853 und von West nach Ost ausgerichtet. Auffallend sch\u00f6n sind die beiden durchbrochenen \u00f6stlichen T\u00fcrme mit vergoldeten Kronen. Die Fassaden sind ges\u00e4umt mit Statuen von St. Georg und den 12 Aposteln. Im Innern ein moralisierender Zyklus sch\u00f6ner Wandmalereien (1871) von [&hellip;]<\/p>\n","protected":false},"author":16,"featured_media":0,"parent":37854,"menu_order":100,"comment_status":"closed","ping_status":"closed","template":"","meta":{"footnotes":""},"class_list":["post-38848","page","type-page","status-publish","hentry"],"aioseo_notices":[],"_links":{"self":[{"href":"https:\/\/topa.be\/de\/wp-json\/wp\/v2\/pages\/38848","targetHints":{"allow":["GET"]}}],"collection":[{"href":"https:\/\/topa.be\/de\/wp-json\/wp\/v2\/pages"}],"about":[{"href":"https:\/\/topa.be\/de\/wp-json\/wp\/v2\/types\/page"}],"author":[{"embeddable":true,"href":"https:\/\/topa.be\/de\/wp-json\/wp\/v2\/users\/16"}],"replies":[{"embeddable":true,"href":"https:\/\/topa.be\/de\/wp-json\/wp\/v2\/comments?post=38848"}],"version-history":[{"count":3,"href":"https:\/\/topa.be\/de\/wp-json\/wp\/v2\/pages\/38848\/revisions"}],"predecessor-version":[{"id":65448,"href":"https:\/\/topa.be\/de\/wp-json\/wp\/v2\/pages\/38848\/revisions\/65448"}],"up":[{"embeddable":true,"href":"https:\/\/topa.be\/de\/wp-json\/wp\/v2\/pages\/37854"}],"wp:attachment":[{"href":"https:\/\/topa.be\/de\/wp-json\/wp\/v2\/media?parent=38848"}],"curies":[{"name":"wp","href":"https:\/\/api.w.org\/{rel}","templated":true}]}}