{"id":38846,"date":"2021-06-03T23:42:46","date_gmt":"2021-06-03T21:42:46","guid":{"rendered":"http:\/\/topa.be\/monumentale-kerken\/sint-laurentius\/"},"modified":"2022-11-28T13:39:07","modified_gmt":"2022-11-28T12:39:07","slug":"sint-laurentius","status":"publish","type":"page","link":"https:\/\/topa.be\/de\/monumentale-kerken\/sint-laurentius\/","title":{"rendered":"Sankt Lorenz Kirche"},"content":{"rendered":"\t\t<div data-elementor-type=\"wp-page\" data-elementor-id=\"38846\" class=\"elementor elementor-38846 elementor-34027\" data-elementor-post-type=\"page\">\n\t\t\t\t\t\t<section class=\"elementor-section elementor-top-section elementor-element elementor-element-77b7680 elementor-section-boxed elementor-section-height-default elementor-section-height-default\" data-id=\"77b7680\" data-element_type=\"section\" data-e-type=\"section\">\n\t\t\t\t\t\t<div class=\"elementor-container elementor-column-gap-default\">\n\t\t\t\t\t<div class=\"elementor-column elementor-col-100 elementor-top-column elementor-element elementor-element-cc129ea\" data-id=\"cc129ea\" data-element_type=\"column\" data-e-type=\"column\">\n\t\t\t<div class=\"elementor-widget-wrap elementor-element-populated\">\n\t\t\t\t\t\t<div class=\"elementor-element elementor-element-a5d57c3 elementor-widget elementor-widget-heading\" data-id=\"a5d57c3\" data-element_type=\"widget\" data-e-type=\"widget\" data-widget_type=\"heading.default\">\n\t\t\t\t<div class=\"elementor-widget-container\">\n\t\t\t\t\t<h1 class=\"elementor-heading-title elementor-size-default\">Sankt Lorenz Kirche<\/h1>\t\t\t\t<\/div>\n\t\t\t\t<\/div>\n\t\t\t\t\t<\/div>\n\t\t<\/div>\n\t\t\t\t\t<\/div>\n\t\t<\/section>\n\t\t\t\t<section class=\"elementor-section elementor-top-section elementor-element elementor-element-be8eada elementor-section-boxed elementor-section-height-default elementor-section-height-default\" data-id=\"be8eada\" data-element_type=\"section\" data-e-type=\"section\">\n\t\t\t\t\t\t<div class=\"elementor-container elementor-column-gap-default\">\n\t\t\t\t\t<div class=\"elementor-column elementor-col-50 elementor-top-column elementor-element elementor-element-8e93612\" data-id=\"8e93612\" data-element_type=\"column\" data-e-type=\"column\">\n\t\t\t<div class=\"elementor-widget-wrap elementor-element-populated\">\n\t\t\t\t\t\t<div class=\"elementor-element elementor-element-369e8c2 elementor-widget elementor-widget-image\" data-id=\"369e8c2\" data-element_type=\"widget\" data-e-type=\"widget\" data-widget_type=\"image.default\">\n\t\t\t\t<div class=\"elementor-widget-container\">\n\t\t\t\t\t\t\t\t\t\t\t\t\t\t\t\t<a href=\"https:\/\/topa.be\/wp-content\/uploads\/Antwerpen-Laurentius-Buiten.jpg\" data-elementor-open-lightbox=\"yes\" data-elementor-lightbox-title=\"Antwerpen-Laurentius-Buiten\" data-e-action-hash=\"#elementor-action%3Aaction%3Dlightbox%26settings%3DeyJpZCI6MTMyNzcsInVybCI6Imh0dHBzOlwvXC90b3BhLmJlXC93cC1jb250ZW50XC91cGxvYWRzXC9BbnR3ZXJwZW4tTGF1cmVudGl1cy1CdWl0ZW4uanBnIn0%3D\">\n\t\t\t\t\t\t\t<img fetchpriority=\"high\" decoding=\"async\" width=\"800\" height=\"452\" src=\"https:\/\/topa.be\/wp-content\/uploads\/Antwerpen-Laurentius-Buiten.jpg\" class=\"attachment-large size-large wp-image-13277\" alt=\"\" srcset=\"https:\/\/topa.be\/wp-content\/uploads\/Antwerpen-Laurentius-Buiten.jpg 1019w, https:\/\/topa.be\/wp-content\/uploads\/Antwerpen-Laurentius-Buiten-300x170.jpg 300w, https:\/\/topa.be\/wp-content\/uploads\/Antwerpen-Laurentius-Buiten-200x113.jpg 200w, https:\/\/topa.be\/wp-content\/uploads\/Antwerpen-Laurentius-Buiten-768x434.jpg 768w\" sizes=\"(max-width: 800px) 100vw, 800px\" \/>\t\t\t\t\t\t\t\t<\/a>\n\t\t\t\t\t\t\t\t\t\t\t\t\t\t\t<\/div>\n\t\t\t\t<\/div>\n\t\t\t\t\t<\/div>\n\t\t<\/div>\n\t\t\t\t<div class=\"elementor-column elementor-col-50 elementor-top-column elementor-element elementor-element-1fdbd45\" data-id=\"1fdbd45\" data-element_type=\"column\" data-e-type=\"column\">\n\t\t\t<div class=\"elementor-widget-wrap elementor-element-populated\">\n\t\t\t\t\t\t<div class=\"elementor-element elementor-element-b43e093 elementor-widget elementor-widget-image\" data-id=\"b43e093\" data-element_type=\"widget\" data-e-type=\"widget\" data-widget_type=\"image.default\">\n\t\t\t\t<div class=\"elementor-widget-container\">\n\t\t\t\t\t\t\t\t\t\t\t\t\t\t\t\t<a href=\"https:\/\/topa.be\/wp-content\/uploads\/Antwerpen-Laurentius-Binnen.jpg\" data-elementor-open-lightbox=\"yes\" data-elementor-lightbox-title=\"Antwerpen-Laurentius-Binnen\" data-e-action-hash=\"#elementor-action%3Aaction%3Dlightbox%26settings%3DeyJpZCI6MTMyNjUsInVybCI6Imh0dHBzOlwvXC90b3BhLmJlXC93cC1jb250ZW50XC91cGxvYWRzXC9BbnR3ZXJwZW4tTGF1cmVudGl1cy1CaW5uZW4uanBnIn0%3D\">\n\t\t\t\t\t\t\t<img decoding=\"async\" width=\"639\" height=\"361\" src=\"https:\/\/topa.be\/wp-content\/uploads\/Antwerpen-Laurentius-Binnen.jpg\" class=\"attachment-large size-large wp-image-13265\" alt=\"\" srcset=\"https:\/\/topa.be\/wp-content\/uploads\/Antwerpen-Laurentius-Binnen.jpg 639w, https:\/\/topa.be\/wp-content\/uploads\/Antwerpen-Laurentius-Binnen-300x169.jpg 300w, https:\/\/topa.be\/wp-content\/uploads\/Antwerpen-Laurentius-Binnen-200x113.jpg 200w\" sizes=\"(max-width: 639px) 100vw, 639px\" \/>\t\t\t\t\t\t\t\t<\/a>\n\t\t\t\t\t\t\t\t\t\t\t\t\t\t\t<\/div>\n\t\t\t\t<\/div>\n\t\t\t\t\t<\/div>\n\t\t<\/div>\n\t\t\t\t\t<\/div>\n\t\t<\/section>\n\t\t\t\t<section class=\"elementor-section elementor-top-section elementor-element elementor-element-f10fadc elementor-section-boxed elementor-section-height-default elementor-section-height-default\" data-id=\"f10fadc\" data-element_type=\"section\" data-e-type=\"section\">\n\t\t\t\t\t\t<div class=\"elementor-container elementor-column-gap-default\">\n\t\t\t\t\t<div class=\"elementor-column elementor-col-100 elementor-top-column elementor-element elementor-element-8aeb804\" data-id=\"8aeb804\" data-element_type=\"column\" data-e-type=\"column\">\n\t\t\t<div class=\"elementor-widget-wrap elementor-element-populated\">\n\t\t\t\t\t\t<div class=\"elementor-element elementor-element-439d147 elementor-widget elementor-widget-text-editor\" data-id=\"439d147\" data-element_type=\"widget\" data-e-type=\"widget\" data-widget_type=\"text-editor.default\">\n\t\t\t\t<div class=\"elementor-widget-container\">\n\t\t\t\t\t\t\t\t\t<p style=\"text-align: justify;\">St. Lorenz ist ein bemerkenswertes Denkmal der Zwischenkriegszeit im neubyzantinischen Stil mit Elementen des Art Deco, 1934 eingeweiht.<\/p>\r\nIn der Umgebung auffallend ist der Zentralbau mit gro\u00dfer Kuppel und massiven, freistehendem Turm (65 m).\r\n<p style=\"text-align: justify;\">Ein gutes Beispiel f\u00fcr ein Gesamtkonzept von Geb\u00e4ude und Einrichtung. Architektur, Dekorationen und M\u00f6bel wurden speziell auf der Basis einer reichen Symbolik aus der Pilgerbewegung entworfen.<\/p>\t\t\t\t\t\t\t\t<\/div>\n\t\t\t\t<\/div>\n\t\t\t\t\t<\/div>\n\t\t<\/div>\n\t\t\t\t\t<\/div>\n\t\t<\/section>\n\t\t\t\t<section class=\"elementor-section elementor-top-section elementor-element elementor-element-8bab672 elementor-section-boxed elementor-section-height-default elementor-section-height-default\" data-id=\"8bab672\" data-element_type=\"section\" data-e-type=\"section\">\n\t\t\t\t\t\t<div class=\"elementor-container elementor-column-gap-default\">\n\t\t\t\t\t<div class=\"elementor-column elementor-col-100 elementor-top-column elementor-element elementor-element-3e2cffa6\" data-id=\"3e2cffa6\" data-element_type=\"column\" data-e-type=\"column\">\n\t\t\t<div class=\"elementor-widget-wrap elementor-element-populated\">\n\t\t\t\t\t\t<div class=\"elementor-element elementor-element-75d306df elementor-widget elementor-widget-text-editor\" data-id=\"75d306df\" data-element_type=\"widget\" data-e-type=\"widget\" data-widget_type=\"text-editor.default\">\n\t\t\t\t<div class=\"elementor-widget-container\">\n\t\t\t\t\t\t\t\t\t<p style=\"text-align: justify;\">Mit <a href=\"https:\/\/goo.gl\/maps\/AxLxW2g21oQrcGzV7\"><strong>DIESE KARTE<\/strong><\/a> k\u00f6nnen Sie eine Route in Funktion Ihres Verkehrsmittels bestimmen.\r\nVielleicht m\u00f6chten Sie VELO-Antwerpen verwenden:\u00a0<strong><a href=\"https:\/\/www.velo-antwerpen.be\/de\">https:\/\/www.velo-antwerpen.be\/de<\/a><\/strong><\/p>\t\t\t\t\t\t\t\t<\/div>\n\t\t\t\t<\/div>\n\t\t\t\t\t<\/div>\n\t\t<\/div>\n\t\t\t\t\t<\/div>\n\t\t<\/section>\n\t\t\t\t<section class=\"elementor-section elementor-top-section elementor-element elementor-element-f77178c elementor-section-boxed elementor-section-height-default elementor-section-height-default\" data-id=\"f77178c\" data-element_type=\"section\" data-e-type=\"section\">\n\t\t\t\t\t\t<div class=\"elementor-container elementor-column-gap-default\">\n\t\t\t\t\t<div class=\"elementor-column elementor-col-50 elementor-top-column elementor-element elementor-element-298c381\" data-id=\"298c381\" data-element_type=\"column\" data-e-type=\"column\">\n\t\t\t<div class=\"elementor-widget-wrap elementor-element-populated\">\n\t\t\t\t\t\t<div class=\"elementor-element elementor-element-68a7ddb elementor-widget elementor-widget-text-editor\" data-id=\"68a7ddb\" data-element_type=\"widget\" data-e-type=\"widget\" data-widget_type=\"text-editor.default\">\n\t\t\t\t<div class=\"elementor-widget-container\">\n\t\t\t\t\t\t\t\t\t<h2 style=\"text-align: justify;\">Praktische Informationen<\/h2>\r\n<strong>Gottesdienste<\/strong><strong>\r\n<\/strong>Sontag: 10:30 Uhr<strong>\u00a0<\/strong>\r\n\r\n<strong>\u00d6fnungszeiten<\/strong><strong>\u00a0<\/strong><strong>\r\n<\/strong>Kulturerbtag (mei)\r\nTag des offene Monumenten (september).\r\n\r\n<strong>Eintritt frei<\/strong><strong>\u00a0<\/strong>\r\n\r\n<strong>Informationen<\/strong><strong>\r\n<\/strong>Alfred Derde +32 (0)3 216 05 40\r\n<strong>derdealfred@skynet.be<\/strong>\r\n\r\n<strong>Pfarramt<\/strong><strong>\r\n<\/strong>Markgravelei 93\r\n2018 Antwerpen\r\nTel: +32 (0)3 237 40 53\r\n<a href=\"mailto:st.laurentius.antw@skynet.be\"><strong>st.laurentius.antw@skynet.be<\/strong><\/a>\t\t\t\t\t\t\t\t<\/div>\n\t\t\t\t<\/div>\n\t\t\t\t\t<\/div>\n\t\t<\/div>\n\t\t\t\t<div class=\"elementor-column elementor-col-50 elementor-top-column elementor-element elementor-element-9ea9b68\" data-id=\"9ea9b68\" data-element_type=\"column\" data-e-type=\"column\">\n\t\t\t<div class=\"elementor-widget-wrap elementor-element-populated\">\n\t\t\t\t\t\t<div class=\"elementor-element elementor-element-b4d5328 elementor-widget elementor-widget-text-editor\" data-id=\"b4d5328\" data-element_type=\"widget\" data-e-type=\"widget\" data-widget_type=\"text-editor.default\">\n\t\t\t\t<div class=\"elementor-widget-container\">\n\t\t\t\t\t\t\t\t\t<h2><a href=\"https:\/\/www.topa.be\/en\/antwerp\/kerken-in-antwerpen\/sint-laurentius-2\/kennismaking\/\">Kirche in Kurze<\/a><\/h2>\t\t\t\t\t\t\t\t<\/div>\n\t\t\t\t<\/div>\n\t\t\t\t<div class=\"elementor-element elementor-element-3b8dad3 elementor-widget elementor-widget-text-editor\" data-id=\"3b8dad3\" data-element_type=\"widget\" data-e-type=\"widget\" data-widget_type=\"text-editor.default\">\n\t\t\t\t<div class=\"elementor-widget-container\">\n\t\t\t\t\t\t\t\t\t.\t\t\t\t\t\t\t\t<\/div>\n\t\t\t\t<\/div>\n\t\t\t\t<div class=\"elementor-element elementor-element-07c31bc elementor-widget elementor-widget-text-editor\" data-id=\"07c31bc\" data-element_type=\"widget\" data-e-type=\"widget\" data-widget_type=\"text-editor.default\">\n\t\t\t\t<div class=\"elementor-widget-container\">\n\t\t\t\t\t\t\t\t\t<h2 style=\"text-align: justify;\">F\u00fchrungen (auf Englisch)<\/h2>\r\n<p style=\"text-align: justify;\">Guided visits for groups can be cared for on request.\r\nA cost sharing fee of 50 \u20ac will be asked for.\r\nMaximum 25 persons per group.<strong>\u00a0<\/strong><\/p>\r\n<strong>Contact:<\/strong><strong>\r\n<\/strong>Th\u00e9r\u00e8se Verschueren +32 (0)3 288 82 72\r\n<a href=\"mailto:Th.verschueren@telenet.be\"><strong>Th.verschueren@telenet.be<\/strong><\/a><strong>\u00a0<\/strong>\t\t\t\t\t\t\t\t<\/div>\n\t\t\t\t<\/div>\n\t\t\t\t<div class=\"elementor-element elementor-element-b42978c elementor-widget elementor-widget-text-editor\" data-id=\"b42978c\" data-element_type=\"widget\" data-e-type=\"widget\" data-widget_type=\"text-editor.default\">\n\t\t\t\t<div class=\"elementor-widget-container\">\n\t\t\t\t\t\t\t\t\t.\t\t\t\t\t\t\t\t<\/div>\n\t\t\t\t<\/div>\n\t\t\t\t\t<\/div>\n\t\t<\/div>\n\t\t\t\t\t<\/div>\n\t\t<\/section>\n\t\t\t\t<\/div>\n\t\t","protected":false},"excerpt":{"rendered":"<p>Sankt Lorenz Kirche St. Lorenz ist ein bemerkenswertes Denkmal der Zwischenkriegszeit im neubyzantinischen Stil mit Elementen des Art Deco, 1934 eingeweiht. In der Umgebung auffallend ist der Zentralbau mit gro\u00dfer Kuppel und massiven, freistehendem Turm (65 m). Ein gutes Beispiel f\u00fcr ein Gesamtkonzept von Geb\u00e4ude und Einrichtung. Architektur, Dekorationen und M\u00f6bel wurden speziell auf der [&hellip;]<\/p>\n","protected":false},"author":16,"featured_media":0,"parent":37854,"menu_order":110,"comment_status":"closed","ping_status":"closed","template":"","meta":{"footnotes":""},"class_list":["post-38846","page","type-page","status-publish","hentry"],"aioseo_notices":[],"_links":{"self":[{"href":"https:\/\/topa.be\/de\/wp-json\/wp\/v2\/pages\/38846","targetHints":{"allow":["GET"]}}],"collection":[{"href":"https:\/\/topa.be\/de\/wp-json\/wp\/v2\/pages"}],"about":[{"href":"https:\/\/topa.be\/de\/wp-json\/wp\/v2\/types\/page"}],"author":[{"embeddable":true,"href":"https:\/\/topa.be\/de\/wp-json\/wp\/v2\/users\/16"}],"replies":[{"embeddable":true,"href":"https:\/\/topa.be\/de\/wp-json\/wp\/v2\/comments?post=38846"}],"version-history":[{"count":3,"href":"https:\/\/topa.be\/de\/wp-json\/wp\/v2\/pages\/38846\/revisions"}],"predecessor-version":[{"id":66263,"href":"https:\/\/topa.be\/de\/wp-json\/wp\/v2\/pages\/38846\/revisions\/66263"}],"up":[{"embeddable":true,"href":"https:\/\/topa.be\/de\/wp-json\/wp\/v2\/pages\/37854"}],"wp:attachment":[{"href":"https:\/\/topa.be\/de\/wp-json\/wp\/v2\/media?parent=38846"}],"curies":[{"name":"wp","href":"https:\/\/api.w.org\/{rel}","templated":true}]}}