{"id":38844,"date":"2021-06-03T23:37:58","date_gmt":"2021-06-03T21:37:58","guid":{"rendered":"http:\/\/topa.be\/monumentale-kerken\/sint-michiel-en-petrus\/"},"modified":"2025-04-21T10:46:46","modified_gmt":"2025-04-21T08:46:46","slug":"sint-michiel-en-petrus","status":"publish","type":"page","link":"https:\/\/topa.be\/de\/monumentale-kerken\/sint-michiel-en-petrus\/","title":{"rendered":"Sankt Michael und Peter Kirche"},"content":{"rendered":"\t\t<div data-elementor-type=\"wp-page\" data-elementor-id=\"38844\" class=\"elementor elementor-38844 elementor-34031\" data-elementor-post-type=\"page\">\n\t\t\t\t\t\t<section class=\"elementor-section elementor-top-section elementor-element elementor-element-190f2b0 elementor-section-boxed elementor-section-height-default elementor-section-height-default\" data-id=\"190f2b0\" data-element_type=\"section\" data-e-type=\"section\">\n\t\t\t\t\t\t<div class=\"elementor-container elementor-column-gap-default\">\n\t\t\t\t\t<div class=\"elementor-column elementor-col-100 elementor-top-column elementor-element elementor-element-a5f7440\" data-id=\"a5f7440\" data-element_type=\"column\" data-e-type=\"column\">\n\t\t\t<div class=\"elementor-widget-wrap elementor-element-populated\">\n\t\t\t\t\t\t<div class=\"elementor-element elementor-element-8d09fe6 elementor-widget elementor-widget-heading\" data-id=\"8d09fe6\" data-element_type=\"widget\" data-e-type=\"widget\" data-widget_type=\"heading.default\">\n\t\t\t\t<div class=\"elementor-widget-container\">\n\t\t\t\t\t<h1 class=\"elementor-heading-title elementor-size-default\">Sankt Michael und Peter Kirche<\/h1>\t\t\t\t<\/div>\n\t\t\t\t<\/div>\n\t\t\t\t\t<\/div>\n\t\t<\/div>\n\t\t\t\t\t<\/div>\n\t\t<\/section>\n\t\t\t\t<section class=\"elementor-section elementor-top-section elementor-element elementor-element-d6f041f elementor-section-boxed elementor-section-height-default elementor-section-height-default\" data-id=\"d6f041f\" data-element_type=\"section\" data-e-type=\"section\">\n\t\t\t\t\t\t<div class=\"elementor-container elementor-column-gap-default\">\n\t\t\t\t\t<div class=\"elementor-column elementor-col-50 elementor-top-column elementor-element elementor-element-c5af6f3\" data-id=\"c5af6f3\" data-element_type=\"column\" data-e-type=\"column\">\n\t\t\t<div class=\"elementor-widget-wrap elementor-element-populated\">\n\t\t\t\t\t\t<div class=\"elementor-element elementor-element-2753106 elementor-widget elementor-widget-image\" data-id=\"2753106\" data-element_type=\"widget\" data-e-type=\"widget\" data-widget_type=\"image.default\">\n\t\t\t\t<div class=\"elementor-widget-container\">\n\t\t\t\t\t\t\t\t\t\t\t\t\t\t\t\t<a href=\"https:\/\/topa.be\/wp-content\/uploads\/Antwerpen-Sint-MichielPetrus-Buiten.jpg\" data-elementor-open-lightbox=\"yes\" data-elementor-lightbox-title=\"Antwerpen-Sint-MichielPetrus-Buiten\" data-e-action-hash=\"#elementor-action%3Aaction%3Dlightbox%26settings%3DeyJpZCI6MTM1MTcsInVybCI6Imh0dHBzOlwvXC90b3BhLmJlXC93cC1jb250ZW50XC91cGxvYWRzXC9BbnR3ZXJwZW4tU2ludC1NaWNoaWVsUGV0cnVzLUJ1aXRlbi5qcGcifQ%3D%3D\">\n\t\t\t\t\t\t\t<img fetchpriority=\"high\" decoding=\"async\" width=\"800\" height=\"600\" src=\"https:\/\/topa.be\/wp-content\/uploads\/Antwerpen-Sint-MichielPetrus-Buiten.jpg\" class=\"attachment-large size-large wp-image-13517\" alt=\"\" srcset=\"https:\/\/topa.be\/wp-content\/uploads\/Antwerpen-Sint-MichielPetrus-Buiten.jpg 1024w, https:\/\/topa.be\/wp-content\/uploads\/Antwerpen-Sint-MichielPetrus-Buiten-300x225.jpg 300w, https:\/\/topa.be\/wp-content\/uploads\/Antwerpen-Sint-MichielPetrus-Buiten-200x150.jpg 200w, https:\/\/topa.be\/wp-content\/uploads\/Antwerpen-Sint-MichielPetrus-Buiten-768x576.jpg 768w\" sizes=\"(max-width: 800px) 100vw, 800px\" \/>\t\t\t\t\t\t\t\t<\/a>\n\t\t\t\t\t\t\t\t\t\t\t\t\t\t\t<\/div>\n\t\t\t\t<\/div>\n\t\t\t\t\t<\/div>\n\t\t<\/div>\n\t\t\t\t<div class=\"elementor-column elementor-col-50 elementor-top-column elementor-element elementor-element-d5c20f8\" data-id=\"d5c20f8\" data-element_type=\"column\" data-e-type=\"column\">\n\t\t\t<div class=\"elementor-widget-wrap elementor-element-populated\">\n\t\t\t\t\t\t<div class=\"elementor-element elementor-element-39465f2 elementor-widget elementor-widget-image\" data-id=\"39465f2\" data-element_type=\"widget\" data-e-type=\"widget\" data-widget_type=\"image.default\">\n\t\t\t\t<div class=\"elementor-widget-container\">\n\t\t\t\t\t\t\t\t\t\t\t\t\t\t\t\t<a href=\"https:\/\/topa.be\/wp-content\/uploads\/Antwerpen-Sint-MichielPetrus-Binnen.jpg\" data-elementor-open-lightbox=\"yes\" data-elementor-lightbox-title=\"Antwerpen-Sint-MichielPetrus-Binnen\" data-e-action-hash=\"#elementor-action%3Aaction%3Dlightbox%26settings%3DeyJpZCI6MTM1MDUsInVybCI6Imh0dHBzOlwvXC90b3BhLmJlXC93cC1jb250ZW50XC91cGxvYWRzXC9BbnR3ZXJwZW4tU2ludC1NaWNoaWVsUGV0cnVzLUJpbm5lbi5qcGcifQ%3D%3D\">\n\t\t\t\t\t\t\t<img decoding=\"async\" width=\"800\" height=\"600\" src=\"https:\/\/topa.be\/wp-content\/uploads\/Antwerpen-Sint-MichielPetrus-Binnen.jpg\" class=\"attachment-large size-large wp-image-13505\" alt=\"\" srcset=\"https:\/\/topa.be\/wp-content\/uploads\/Antwerpen-Sint-MichielPetrus-Binnen.jpg 1024w, https:\/\/topa.be\/wp-content\/uploads\/Antwerpen-Sint-MichielPetrus-Binnen-300x225.jpg 300w, https:\/\/topa.be\/wp-content\/uploads\/Antwerpen-Sint-MichielPetrus-Binnen-200x150.jpg 200w, https:\/\/topa.be\/wp-content\/uploads\/Antwerpen-Sint-MichielPetrus-Binnen-768x576.jpg 768w\" sizes=\"(max-width: 800px) 100vw, 800px\" \/>\t\t\t\t\t\t\t\t<\/a>\n\t\t\t\t\t\t\t\t\t\t\t\t\t\t\t<\/div>\n\t\t\t\t<\/div>\n\t\t\t\t\t<\/div>\n\t\t<\/div>\n\t\t\t\t\t<\/div>\n\t\t<\/section>\n\t\t\t\t<section class=\"elementor-section elementor-top-section elementor-element elementor-element-2339e5f elementor-section-boxed elementor-section-height-default elementor-section-height-default\" data-id=\"2339e5f\" data-element_type=\"section\" data-e-type=\"section\">\n\t\t\t\t\t\t<div class=\"elementor-container elementor-column-gap-default\">\n\t\t\t\t\t<div class=\"elementor-column elementor-col-100 elementor-top-column elementor-element elementor-element-fa43c80\" data-id=\"fa43c80\" data-element_type=\"column\" data-e-type=\"column\">\n\t\t\t<div class=\"elementor-widget-wrap elementor-element-populated\">\n\t\t\t\t\t\t<div class=\"elementor-element elementor-element-aa1482e elementor-widget elementor-widget-text-editor\" data-id=\"aa1482e\" data-element_type=\"widget\" data-e-type=\"widget\" data-widget_type=\"text-editor.default\">\n\t\t\t\t<div class=\"elementor-widget-container\">\n\t\t\t\t\t\t\t\t\t<p style=\"text-align: justify;\">Einzigartige neuromanische (\u00c4u\u00dferes und Grundriss) und neubyzantinische (Innenausstattung) Basilika von 1896. Architekt Frans Van Dijk st\u00fctzte sich auf die romanische Architektur der Dordogne-Gegend und auf den lateinisch-byzantinischen und fr\u00fchchristlichen Kirchenbau. Das Tympanon beruht auf dem Vorbild von Chartres. Trotz der vielz\u00e4hligen Ornamente strahlt die Kirche Schlichtheit und Ruhe aus. Die Innenverzierung ist stark symbolisch. Gro\u00dfe polierte Monoliths\u00e4ulen und herrliche goldene Mosaiken. Auffallende Kassettendecke. Hauptaltar mit reichlich verziertem Ziborium, Kanzel und Beichtst\u00fchle gemacht aus wei\u00dfem Carrara- und anderem kostbaren Marmorsorten, Mosaik, Kupfer und Granit.<\/p>\n<p><\/p>\n<p style=\"text-align: justify;\">Seit M\u00e4rz 2022 ist diese Kirche auch der Ort, an dem sich die ukrainische griechisch-katholische Gemeinde zu Hause f\u00fchlen kann.<\/p>\n\t\t\t\t\t\t\t\t<\/div>\n\t\t\t\t<\/div>\n\t\t\t\t\t<\/div>\n\t\t<\/div>\n\t\t\t\t\t<\/div>\n\t\t<\/section>\n\t\t\t\t<section class=\"elementor-section elementor-top-section elementor-element elementor-element-c3a85cb elementor-section-boxed elementor-section-height-default elementor-section-height-default\" data-id=\"c3a85cb\" data-element_type=\"section\" data-e-type=\"section\">\n\t\t\t\t\t\t<div class=\"elementor-container elementor-column-gap-default\">\n\t\t\t\t\t<div class=\"elementor-column elementor-col-100 elementor-top-column elementor-element elementor-element-27feabba\" data-id=\"27feabba\" data-element_type=\"column\" data-e-type=\"column\">\n\t\t\t<div class=\"elementor-widget-wrap elementor-element-populated\">\n\t\t\t\t\t\t<div class=\"elementor-element elementor-element-7224da28 elementor-widget elementor-widget-text-editor\" data-id=\"7224da28\" data-element_type=\"widget\" data-e-type=\"widget\" data-widget_type=\"text-editor.default\">\n\t\t\t\t<div class=\"elementor-widget-container\">\n\t\t\t\t\t\t\t\t\t<p style=\"text-align: justify;\">Mit <a href=\"https:\/\/goo.gl\/maps\/QwjpPiv3XikZjLP86\"><strong>DIESE KARTE<\/strong><\/a> k\u00f6nnen Sie eine Route in Funktion Ihres Verkehrsmittels bestimmen.<br \/>\nVielleicht m\u00f6chten Sie VELO-Antwerpen verwenden:\u00a0<strong><a href=\"https:\/\/www.velo-antwerpen.be\/de\">https:\/\/www.velo-antwerpen.be\/de<\/a><\/strong><\/p>\n\t\t\t\t\t\t\t\t<\/div>\n\t\t\t\t<\/div>\n\t\t\t\t\t<\/div>\n\t\t<\/div>\n\t\t\t\t\t<\/div>\n\t\t<\/section>\n\t\t\t\t<section class=\"elementor-section elementor-top-section elementor-element elementor-element-7b5569c elementor-section-boxed elementor-section-height-default elementor-section-height-default\" data-id=\"7b5569c\" data-element_type=\"section\" data-e-type=\"section\">\n\t\t\t\t\t\t<div class=\"elementor-container elementor-column-gap-default\">\n\t\t\t\t\t<div class=\"elementor-column elementor-col-50 elementor-top-column elementor-element elementor-element-1b8888a\" data-id=\"1b8888a\" data-element_type=\"column\" data-e-type=\"column\">\n\t\t\t<div class=\"elementor-widget-wrap elementor-element-populated\">\n\t\t\t\t\t\t<div class=\"elementor-element elementor-element-cdff374 elementor-widget elementor-widget-text-editor\" data-id=\"cdff374\" data-element_type=\"widget\" data-e-type=\"widget\" data-widget_type=\"text-editor.default\">\n\t\t\t\t<div class=\"elementor-widget-container\">\n\t\t\t\t\t\t\t\t\t<h2>Praktische Informationen<\/h2>\n<p><strong>Gottesdienste<\/strong><strong><br \/>\n<\/strong>Sonntag<br \/>09:00 Ukrainische Feier<br \/>11:00 R\u00f6misch-katholische Feier<br \/>12:30 Ukrainische Feier<br \/>Unter der Woche: ukrainische Feier um 18:30 Uhr jeden Tag<\/p>\n<p><strong>\u00d6ffnungszeiten<\/strong><strong><br \/>\n<\/strong>Auf Anfrage via<br \/>e-mail:\u00a0<a href=\"mailto:paul.clerckx@telenet.be\">paul.clerckx@telenet.be<\/a><br \/>gsm: 0479 670 182<strong>\u00a0<\/strong><\/p>\n<p><strong>Pfarramt<\/strong><strong><br \/>\n<\/strong>Cuylitsstraat 24, 2018 Antwerpen,<br \/>tel. +32 (0)3) 238 37 83<\/p>\n\t\t\t\t\t\t\t\t<\/div>\n\t\t\t\t<\/div>\n\t\t\t\t\t<\/div>\n\t\t<\/div>\n\t\t\t\t<div class=\"elementor-column elementor-col-50 elementor-top-column elementor-element elementor-element-7069e02\" data-id=\"7069e02\" data-element_type=\"column\" data-e-type=\"column\">\n\t\t\t<div class=\"elementor-widget-wrap elementor-element-populated\">\n\t\t\t\t\t\t<div class=\"elementor-element elementor-element-28d7d12 elementor-widget elementor-widget-text-editor\" data-id=\"28d7d12\" data-element_type=\"widget\" data-e-type=\"widget\" data-widget_type=\"text-editor.default\">\n\t\t\t\t<div class=\"elementor-widget-container\">\n\t\t\t\t\t\t\t\t\t<h2><a href=\"https:\/\/www.topa.be\/en\/antwerp\/kerken-in-antwerpen\/sint-laurentius-2\/kennismaking\/\">Kirche in Kurze<\/a><\/h2>\n\t\t\t\t\t\t\t\t<\/div>\n\t\t\t\t<\/div>\n\t\t\t\t<div class=\"elementor-element elementor-element-6675442 elementor-widget elementor-widget-text-editor\" data-id=\"6675442\" data-element_type=\"widget\" data-e-type=\"widget\" data-widget_type=\"text-editor.default\">\n\t\t\t\t<div class=\"elementor-widget-container\">\n\t\t\t\t\t\t\t\t\t<p>.<\/p>\n\t\t\t\t\t\t\t\t<\/div>\n\t\t\t\t<\/div>\n\t\t\t\t<div class=\"elementor-element elementor-element-4ce9321 elementor-widget elementor-widget-text-editor\" data-id=\"4ce9321\" data-element_type=\"widget\" data-e-type=\"widget\" data-widget_type=\"text-editor.default\">\n\t\t\t\t<div class=\"elementor-widget-container\">\n\t\t\t\t\t\t\t\t\t<p>.<\/p>\n\t\t\t\t\t\t\t\t<\/div>\n\t\t\t\t<\/div>\n\t\t\t\t\t<\/div>\n\t\t<\/div>\n\t\t\t\t\t<\/div>\n\t\t<\/section>\n\t\t\t\t<\/div>\n\t\t","protected":false},"excerpt":{"rendered":"<p>Sankt Michael und Peter Kirche Einzigartige neuromanische (\u00c4u\u00dferes und Grundriss) und neubyzantinische (Innenausstattung) Basilika von 1896. Architekt Frans Van Dijk st\u00fctzte sich auf die romanische Architektur der Dordogne-Gegend und auf den lateinisch-byzantinischen und fr\u00fchchristlichen Kirchenbau. Das Tympanon beruht auf dem Vorbild von Chartres. Trotz der vielz\u00e4hligen Ornamente strahlt die Kirche Schlichtheit und Ruhe aus. Die [&hellip;]<\/p>\n","protected":false},"author":16,"featured_media":0,"parent":37854,"menu_order":120,"comment_status":"closed","ping_status":"closed","template":"","meta":{"footnotes":""},"class_list":["post-38844","page","type-page","status-publish","hentry"],"aioseo_notices":[],"_links":{"self":[{"href":"https:\/\/topa.be\/de\/wp-json\/wp\/v2\/pages\/38844","targetHints":{"allow":["GET"]}}],"collection":[{"href":"https:\/\/topa.be\/de\/wp-json\/wp\/v2\/pages"}],"about":[{"href":"https:\/\/topa.be\/de\/wp-json\/wp\/v2\/types\/page"}],"author":[{"embeddable":true,"href":"https:\/\/topa.be\/de\/wp-json\/wp\/v2\/users\/16"}],"replies":[{"embeddable":true,"href":"https:\/\/topa.be\/de\/wp-json\/wp\/v2\/comments?post=38844"}],"version-history":[{"count":3,"href":"https:\/\/topa.be\/de\/wp-json\/wp\/v2\/pages\/38844\/revisions"}],"predecessor-version":[{"id":71575,"href":"https:\/\/topa.be\/de\/wp-json\/wp\/v2\/pages\/38844\/revisions\/71575"}],"up":[{"embeddable":true,"href":"https:\/\/topa.be\/de\/wp-json\/wp\/v2\/pages\/37854"}],"wp:attachment":[{"href":"https:\/\/topa.be\/de\/wp-json\/wp\/v2\/media?parent=38844"}],"curies":[{"name":"wp","href":"https:\/\/api.w.org\/{rel}","templated":true}]}}