{"id":38840,"date":"2021-06-03T23:31:11","date_gmt":"2021-06-03T21:31:11","guid":{"rendered":"http:\/\/topa.be\/monumentale-kerken\/sint-walburgis\/"},"modified":"2023-06-19T08:17:28","modified_gmt":"2023-06-19T06:17:28","slug":"sint-walburgis","status":"publish","type":"page","link":"https:\/\/topa.be\/de\/monumentale-kerken\/sint-walburgis\/","title":{"rendered":"Sankt Walburga Kirche"},"content":{"rendered":"\t\t<div data-elementor-type=\"wp-page\" data-elementor-id=\"38840\" class=\"elementor elementor-38840 elementor-34037\" data-elementor-post-type=\"page\">\n\t\t\t\t\t\t<section class=\"elementor-section elementor-top-section elementor-element elementor-element-c9aba71 elementor-section-boxed elementor-section-height-default elementor-section-height-default\" data-id=\"c9aba71\" data-element_type=\"section\" data-e-type=\"section\">\n\t\t\t\t\t\t<div class=\"elementor-container elementor-column-gap-default\">\n\t\t\t\t\t<div class=\"elementor-column elementor-col-100 elementor-top-column elementor-element elementor-element-226f916\" data-id=\"226f916\" data-element_type=\"column\" data-e-type=\"column\">\n\t\t\t<div class=\"elementor-widget-wrap elementor-element-populated\">\n\t\t\t\t\t\t<div class=\"elementor-element elementor-element-dfcbfc6 elementor-widget elementor-widget-heading\" data-id=\"dfcbfc6\" data-element_type=\"widget\" data-e-type=\"widget\" data-widget_type=\"heading.default\">\n\t\t\t\t<div class=\"elementor-widget-container\">\n\t\t\t\t\t<h1 class=\"elementor-heading-title elementor-size-default\">Sankt Walburga Kirche<\/h1>\t\t\t\t<\/div>\n\t\t\t\t<\/div>\n\t\t\t\t\t<\/div>\n\t\t<\/div>\n\t\t\t\t\t<\/div>\n\t\t<\/section>\n\t\t\t\t<section class=\"elementor-section elementor-top-section elementor-element elementor-element-0dcbc7e elementor-section-boxed elementor-section-height-default elementor-section-height-default\" data-id=\"0dcbc7e\" data-element_type=\"section\" data-e-type=\"section\">\n\t\t\t\t\t\t<div class=\"elementor-container elementor-column-gap-default\">\n\t\t\t\t\t<div class=\"elementor-column elementor-col-50 elementor-top-column elementor-element elementor-element-613f636\" data-id=\"613f636\" data-element_type=\"column\" data-e-type=\"column\">\n\t\t\t<div class=\"elementor-widget-wrap elementor-element-populated\">\n\t\t\t\t\t\t<div class=\"elementor-element elementor-element-7456f8b elementor-widget elementor-widget-image\" data-id=\"7456f8b\" data-element_type=\"widget\" data-e-type=\"widget\" data-widget_type=\"image.default\">\n\t\t\t\t<div class=\"elementor-widget-container\">\n\t\t\t\t\t\t\t\t\t\t\t\t\t\t\t\t<a href=\"https:\/\/topa.be\/wp-content\/uploads\/Antwerpen-Sint-Walburgis-Buiten.jpg\" data-elementor-open-lightbox=\"yes\" data-elementor-lightbox-title=\"Antwerpen-Sint-Walburgis-Buiten\" data-e-action-hash=\"#elementor-action%3Aaction%3Dlightbox%26settings%3DeyJpZCI6MTM2MjUsInVybCI6Imh0dHBzOlwvXC90b3BhLmJlXC93cC1jb250ZW50XC91cGxvYWRzXC9BbnR3ZXJwZW4tU2ludC1XYWxidXJnaXMtQnVpdGVuLmpwZyJ9\">\n\t\t\t\t\t\t\t<img fetchpriority=\"high\" decoding=\"async\" width=\"800\" height=\"449\" src=\"https:\/\/topa.be\/wp-content\/uploads\/Antwerpen-Sint-Walburgis-Buiten.jpg\" class=\"attachment-large size-large wp-image-13625\" alt=\"\" srcset=\"https:\/\/topa.be\/wp-content\/uploads\/Antwerpen-Sint-Walburgis-Buiten.jpg 1024w, https:\/\/topa.be\/wp-content\/uploads\/Antwerpen-Sint-Walburgis-Buiten-300x168.jpg 300w, https:\/\/topa.be\/wp-content\/uploads\/Antwerpen-Sint-Walburgis-Buiten-200x112.jpg 200w, https:\/\/topa.be\/wp-content\/uploads\/Antwerpen-Sint-Walburgis-Buiten-768x431.jpg 768w\" sizes=\"(max-width: 800px) 100vw, 800px\" \/>\t\t\t\t\t\t\t\t<\/a>\n\t\t\t\t\t\t\t\t\t\t\t\t\t\t\t<\/div>\n\t\t\t\t<\/div>\n\t\t\t\t\t<\/div>\n\t\t<\/div>\n\t\t\t\t<div class=\"elementor-column elementor-col-50 elementor-top-column elementor-element elementor-element-4f07224\" data-id=\"4f07224\" data-element_type=\"column\" data-e-type=\"column\">\n\t\t\t<div class=\"elementor-widget-wrap elementor-element-populated\">\n\t\t\t\t\t\t<div class=\"elementor-element elementor-element-0cb1bf3 elementor-widget elementor-widget-image\" data-id=\"0cb1bf3\" data-element_type=\"widget\" data-e-type=\"widget\" data-widget_type=\"image.default\">\n\t\t\t\t<div class=\"elementor-widget-container\">\n\t\t\t\t\t\t\t\t\t\t\t\t\t\t\t\t<a href=\"https:\/\/topa.be\/wp-content\/uploads\/Antwerpen-Sint-Walburgis-Binnen.jpg\" data-elementor-open-lightbox=\"yes\" data-elementor-lightbox-title=\"Antwerpen-Sint-Walburgis-Binnen\" data-e-action-hash=\"#elementor-action%3Aaction%3Dlightbox%26settings%3DeyJpZCI6MTM2MTMsInVybCI6Imh0dHBzOlwvXC90b3BhLmJlXC93cC1jb250ZW50XC91cGxvYWRzXC9BbnR3ZXJwZW4tU2ludC1XYWxidXJnaXMtQmlubmVuLmpwZyJ9\">\n\t\t\t\t\t\t\t<img decoding=\"async\" width=\"800\" height=\"452\" src=\"https:\/\/topa.be\/wp-content\/uploads\/Antwerpen-Sint-Walburgis-Binnen.jpg\" class=\"attachment-large size-large wp-image-13613\" alt=\"\" srcset=\"https:\/\/topa.be\/wp-content\/uploads\/Antwerpen-Sint-Walburgis-Binnen.jpg 995w, https:\/\/topa.be\/wp-content\/uploads\/Antwerpen-Sint-Walburgis-Binnen-300x169.jpg 300w, https:\/\/topa.be\/wp-content\/uploads\/Antwerpen-Sint-Walburgis-Binnen-200x113.jpg 200w, https:\/\/topa.be\/wp-content\/uploads\/Antwerpen-Sint-Walburgis-Binnen-768x434.jpg 768w\" sizes=\"(max-width: 800px) 100vw, 800px\" \/>\t\t\t\t\t\t\t\t<\/a>\n\t\t\t\t\t\t\t\t\t\t\t\t\t\t\t<\/div>\n\t\t\t\t<\/div>\n\t\t\t\t\t<\/div>\n\t\t<\/div>\n\t\t\t\t\t<\/div>\n\t\t<\/section>\n\t\t\t\t<section class=\"elementor-section elementor-top-section elementor-element elementor-element-0c90381 elementor-section-boxed elementor-section-height-default elementor-section-height-default\" data-id=\"0c90381\" data-element_type=\"section\" data-e-type=\"section\">\n\t\t\t\t\t\t<div class=\"elementor-container elementor-column-gap-default\">\n\t\t\t\t\t<div class=\"elementor-column elementor-col-100 elementor-top-column elementor-element elementor-element-915b35f\" data-id=\"915b35f\" data-element_type=\"column\" data-e-type=\"column\">\n\t\t\t<div class=\"elementor-widget-wrap elementor-element-populated\">\n\t\t\t\t\t\t<div class=\"elementor-element elementor-element-65619ff elementor-widget elementor-widget-text-editor\" data-id=\"65619ff\" data-element_type=\"widget\" data-e-type=\"widget\" data-widget_type=\"text-editor.default\">\n\t\t\t\t<div class=\"elementor-widget-container\">\n\t\t\t\t\t\t\t\t\t<p style=\"text-align: justify;\">Moderne Hallenkirche (1938) im Stil der \u201eNeuen Sachlichkeit\u201c. Ein Beispiel f\u00fcr \u201eKunst-Einheit\u201c, von den Ideen der Pilgerbewegung inspiriert. Dies gilt sowohl f\u00fcr das Geb\u00e4ude (Architekten Flor Van Reeth und Jan Smits), als auch f\u00fcr die farbenfrohen Glasfenster (Eugeen Yoors), die n\u00fcchterne Steinskulptur (Simon Goossens) und die Silberkunstwerke (Rie Haan). Sie unterst\u00fctzen nachdr\u00fccklich die liturgische Funktion.<\/p>\n\t\t\t\t\t\t\t\t<\/div>\n\t\t\t\t<\/div>\n\t\t\t\t\t<\/div>\n\t\t<\/div>\n\t\t\t\t\t<\/div>\n\t\t<\/section>\n\t\t\t\t<section class=\"elementor-section elementor-top-section elementor-element elementor-element-600dcb00 elementor-section-boxed elementor-section-height-default elementor-section-height-default\" data-id=\"600dcb00\" data-element_type=\"section\" data-e-type=\"section\">\n\t\t\t\t\t\t<div class=\"elementor-container elementor-column-gap-default\">\n\t\t\t\t\t<div class=\"elementor-column elementor-col-100 elementor-top-column elementor-element elementor-element-687c166e\" data-id=\"687c166e\" data-element_type=\"column\" data-e-type=\"column\">\n\t\t\t<div class=\"elementor-widget-wrap elementor-element-populated\">\n\t\t\t\t\t\t<div class=\"elementor-element elementor-element-63b9ba85 elementor-widget elementor-widget-text-editor\" data-id=\"63b9ba85\" data-element_type=\"widget\" data-e-type=\"widget\" data-widget_type=\"text-editor.default\">\n\t\t\t\t<div class=\"elementor-widget-container\">\n\t\t\t\t\t\t\t\t\t<p style=\"text-align: justify;\">Mit <a href=\"https:\/\/goo.gl\/maps\/QWuxvbjbJYfJVfrt6\"><strong>DIESE KARTE<\/strong><\/a> k\u00f6nnen Sie eine Route in Funktion Ihres Verkehrsmittels bestimmen.<br \/>\nVielleicht m\u00f6chten Sie VELO-Antwerpen verwenden:\u00a0<strong><a href=\"https:\/\/www.velo-antwerpen.be\/de\">https:\/\/www.velo-antwerpen.be\/de<\/a><\/strong><\/p>\n\t\t\t\t\t\t\t\t<\/div>\n\t\t\t\t<\/div>\n\t\t\t\t\t<\/div>\n\t\t<\/div>\n\t\t\t\t\t<\/div>\n\t\t<\/section>\n\t\t\t\t<section class=\"elementor-section elementor-top-section elementor-element elementor-element-e473db2 elementor-section-boxed elementor-section-height-default elementor-section-height-default\" data-id=\"e473db2\" data-element_type=\"section\" data-e-type=\"section\">\n\t\t\t\t\t\t<div class=\"elementor-container elementor-column-gap-default\">\n\t\t\t\t\t<div class=\"elementor-column elementor-col-50 elementor-top-column elementor-element elementor-element-7b0d031\" data-id=\"7b0d031\" data-element_type=\"column\" data-e-type=\"column\">\n\t\t\t<div class=\"elementor-widget-wrap elementor-element-populated\">\n\t\t\t\t\t\t<div class=\"elementor-element elementor-element-a7a3087 elementor-widget elementor-widget-text-editor\" data-id=\"a7a3087\" data-element_type=\"widget\" data-e-type=\"widget\" data-widget_type=\"text-editor.default\">\n\t\t\t\t<div class=\"elementor-widget-container\">\n\t\t\t\t\t\t\t\t\t<h2>Praktische Informationen<\/h2>\n<p><strong>Gottesdienste<\/strong><strong>\u00a0<\/strong><strong><br \/>\n<\/strong>Sontag: 10.30 Uhr<strong>\u00a0<\/strong><\/p>\n<p><strong>\u00d6ffnungszeiten<\/strong><strong><br \/>\n<\/strong>jeden Tag: 09.00 \u2013 11.45 Uhr<br \/>\nVorbehaltlich besonderer Feiern<\/p>\n<p><strong>eintritt frei<\/strong><strong>\u00a0<\/strong><\/p>\n<p><strong>Info<\/strong><strong><br \/>\n<\/strong>+ 32 (0)3 238 62 83<br \/>\n<strong><a href=\"mailto:marc.mestdagh1@skynet.be\">marc.mestdagh1@skynet.be<\/a><\/strong><\/p>\n<p><strong>Pfarramt<\/strong><strong><br \/>\n<\/strong>Karel Rogierstraat 12<br \/>\n2000 Antwerpen<br \/>\nTel. +32 (0)3 238 62 83<\/p>\n\t\t\t\t\t\t\t\t<\/div>\n\t\t\t\t<\/div>\n\t\t\t\t\t<\/div>\n\t\t<\/div>\n\t\t\t\t<div class=\"elementor-column elementor-col-50 elementor-top-column elementor-element elementor-element-e5c68cf\" data-id=\"e5c68cf\" data-element_type=\"column\" data-e-type=\"column\">\n\t\t\t<div class=\"elementor-widget-wrap elementor-element-populated\">\n\t\t\t\t\t\t<div class=\"elementor-element elementor-element-4c84b01 elementor-widget elementor-widget-text-editor\" data-id=\"4c84b01\" data-element_type=\"widget\" data-e-type=\"widget\" data-widget_type=\"text-editor.default\">\n\t\t\t\t<div class=\"elementor-widget-container\">\n\t\t\t\t\t\t\t\t\t<p>.<\/p>\n\t\t\t\t\t\t\t\t<\/div>\n\t\t\t\t<\/div>\n\t\t\t\t\t<\/div>\n\t\t<\/div>\n\t\t\t\t\t<\/div>\n\t\t<\/section>\n\t\t\t\t<\/div>\n\t\t","protected":false},"excerpt":{"rendered":"<p>Sankt Walburga Kirche Moderne Hallenkirche (1938) im Stil der \u201eNeuen Sachlichkeit\u201c. Ein Beispiel f\u00fcr \u201eKunst-Einheit\u201c, von den Ideen der Pilgerbewegung inspiriert. Dies gilt sowohl f\u00fcr das Geb\u00e4ude (Architekten Flor Van Reeth und Jan Smits), als auch f\u00fcr die farbenfrohen Glasfenster (Eugeen Yoors), die n\u00fcchterne Steinskulptur (Simon Goossens) und die Silberkunstwerke (Rie Haan). Sie unterst\u00fctzen nachdr\u00fccklich [&hellip;]<\/p>\n","protected":false},"author":16,"featured_media":0,"parent":37854,"menu_order":140,"comment_status":"closed","ping_status":"closed","template":"","meta":{"footnotes":""},"class_list":["post-38840","page","type-page","status-publish","hentry"],"aioseo_notices":[],"_links":{"self":[{"href":"https:\/\/topa.be\/de\/wp-json\/wp\/v2\/pages\/38840","targetHints":{"allow":["GET"]}}],"collection":[{"href":"https:\/\/topa.be\/de\/wp-json\/wp\/v2\/pages"}],"about":[{"href":"https:\/\/topa.be\/de\/wp-json\/wp\/v2\/types\/page"}],"author":[{"embeddable":true,"href":"https:\/\/topa.be\/de\/wp-json\/wp\/v2\/users\/16"}],"replies":[{"embeddable":true,"href":"https:\/\/topa.be\/de\/wp-json\/wp\/v2\/comments?post=38840"}],"version-history":[{"count":3,"href":"https:\/\/topa.be\/de\/wp-json\/wp\/v2\/pages\/38840\/revisions"}],"predecessor-version":[{"id":68188,"href":"https:\/\/topa.be\/de\/wp-json\/wp\/v2\/pages\/38840\/revisions\/68188"}],"up":[{"embeddable":true,"href":"https:\/\/topa.be\/de\/wp-json\/wp\/v2\/pages\/37854"}],"wp:attachment":[{"href":"https:\/\/topa.be\/de\/wp-json\/wp\/v2\/media?parent=38840"}],"curies":[{"name":"wp","href":"https:\/\/api.w.org\/{rel}","templated":true}]}}