{"id":38836,"date":"2021-06-03T23:24:59","date_gmt":"2021-06-03T21:24:59","guid":{"rendered":"http:\/\/topa.be\/monumentale-kerken\/berchem-sint-willibrordus\/"},"modified":"2022-03-21T17:22:48","modified_gmt":"2022-03-21T16:22:48","slug":"berchem-sint-willibrordus","status":"publish","type":"page","link":"https:\/\/topa.be\/de\/monumentale-kerken\/berchem-sint-willibrordus\/","title":{"rendered":"Berchem, Sankt Willibrord Kirche"},"content":{"rendered":"\t\t<div data-elementor-type=\"wp-page\" data-elementor-id=\"38836\" class=\"elementor elementor-38836 elementor-34048\" data-elementor-post-type=\"page\">\n\t\t\t\t\t\t<section class=\"elementor-section elementor-top-section elementor-element elementor-element-fa98360 elementor-section-boxed elementor-section-height-default elementor-section-height-default\" data-id=\"fa98360\" data-element_type=\"section\" data-e-type=\"section\">\n\t\t\t\t\t\t<div class=\"elementor-container elementor-column-gap-default\">\n\t\t\t\t\t<div class=\"elementor-column elementor-col-100 elementor-top-column elementor-element elementor-element-d6c6b40\" data-id=\"d6c6b40\" data-element_type=\"column\" data-e-type=\"column\">\n\t\t\t<div class=\"elementor-widget-wrap elementor-element-populated\">\n\t\t\t\t\t\t<div class=\"elementor-element elementor-element-1dcc0c6 elementor-widget elementor-widget-heading\" data-id=\"1dcc0c6\" data-element_type=\"widget\" data-e-type=\"widget\" data-widget_type=\"heading.default\">\n\t\t\t\t<div class=\"elementor-widget-container\">\n\t\t\t\t\t<h1 class=\"elementor-heading-title elementor-size-default\">Berchem, Sankt Willibrord Kirche<\/h1>\t\t\t\t<\/div>\n\t\t\t\t<\/div>\n\t\t\t\t\t<\/div>\n\t\t<\/div>\n\t\t\t\t\t<\/div>\n\t\t<\/section>\n\t\t\t\t<section class=\"elementor-section elementor-top-section elementor-element elementor-element-925934b elementor-section-boxed elementor-section-height-default elementor-section-height-default\" data-id=\"925934b\" data-element_type=\"section\" data-e-type=\"section\">\n\t\t\t\t\t\t<div class=\"elementor-container elementor-column-gap-default\">\n\t\t\t\t\t<div class=\"elementor-column elementor-col-50 elementor-top-column elementor-element elementor-element-3b2c676\" data-id=\"3b2c676\" data-element_type=\"column\" data-e-type=\"column\">\n\t\t\t<div class=\"elementor-widget-wrap elementor-element-populated\">\n\t\t\t\t\t\t<div class=\"elementor-element elementor-element-2925dc1 elementor-widget elementor-widget-image\" data-id=\"2925dc1\" data-element_type=\"widget\" data-e-type=\"widget\" data-widget_type=\"image.default\">\n\t\t\t\t<div class=\"elementor-widget-container\">\n\t\t\t\t\t\t\t\t\t\t\t\t\t\t\t\t<a href=\"https:\/\/topa.be\/wp-content\/uploads\/Berchem-Sint-Willibrordus-Buiten.jpg\" data-elementor-open-lightbox=\"yes\" data-elementor-lightbox-title=\"Berchem-Sint-Willibrordus-Buiten\" data-e-action-hash=\"#elementor-action%3Aaction%3Dlightbox%26settings%3DeyJpZCI6MTM4MTcsInVybCI6Imh0dHBzOlwvXC90b3BhLmJlXC93cC1jb250ZW50XC91cGxvYWRzXC9CZXJjaGVtLVNpbnQtV2lsbGlicm9yZHVzLUJ1aXRlbi5qcGcifQ%3D%3D\">\n\t\t\t\t\t\t\t<img fetchpriority=\"high\" decoding=\"async\" width=\"800\" height=\"450\" src=\"https:\/\/topa.be\/wp-content\/uploads\/Berchem-Sint-Willibrordus-Buiten.jpg\" class=\"attachment-large size-large wp-image-13817\" alt=\"\" srcset=\"https:\/\/topa.be\/wp-content\/uploads\/Berchem-Sint-Willibrordus-Buiten.jpg 1024w, https:\/\/topa.be\/wp-content\/uploads\/Berchem-Sint-Willibrordus-Buiten-300x169.jpg 300w, https:\/\/topa.be\/wp-content\/uploads\/Berchem-Sint-Willibrordus-Buiten-200x113.jpg 200w, https:\/\/topa.be\/wp-content\/uploads\/Berchem-Sint-Willibrordus-Buiten-768x432.jpg 768w\" sizes=\"(max-width: 800px) 100vw, 800px\" \/>\t\t\t\t\t\t\t\t<\/a>\n\t\t\t\t\t\t\t\t\t\t\t\t\t\t\t<\/div>\n\t\t\t\t<\/div>\n\t\t\t\t\t<\/div>\n\t\t<\/div>\n\t\t\t\t<div class=\"elementor-column elementor-col-50 elementor-top-column elementor-element elementor-element-1fbb216\" data-id=\"1fbb216\" data-element_type=\"column\" data-e-type=\"column\">\n\t\t\t<div class=\"elementor-widget-wrap elementor-element-populated\">\n\t\t\t\t\t\t<div class=\"elementor-element elementor-element-2ddf540 elementor-widget elementor-widget-image\" data-id=\"2ddf540\" data-element_type=\"widget\" data-e-type=\"widget\" data-widget_type=\"image.default\">\n\t\t\t\t<div class=\"elementor-widget-container\">\n\t\t\t\t\t\t\t\t\t\t\t\t\t\t\t\t<a href=\"https:\/\/topa.be\/wp-content\/uploads\/Berchem-Sint-Willibrordus-Binnen.jpg\" data-elementor-open-lightbox=\"yes\" data-elementor-lightbox-title=\"Berchem-Sint-Willibrordus-Binnen\" data-e-action-hash=\"#elementor-action%3Aaction%3Dlightbox%26settings%3DeyJpZCI6MTM4MDUsInVybCI6Imh0dHBzOlwvXC90b3BhLmJlXC93cC1jb250ZW50XC91cGxvYWRzXC9CZXJjaGVtLVNpbnQtV2lsbGlicm9yZHVzLUJpbm5lbi5qcGcifQ%3D%3D\">\n\t\t\t\t\t\t\t<img decoding=\"async\" width=\"800\" height=\"453\" src=\"https:\/\/topa.be\/wp-content\/uploads\/Berchem-Sint-Willibrordus-Binnen.jpg\" class=\"attachment-large size-large wp-image-13805\" alt=\"\" srcset=\"https:\/\/topa.be\/wp-content\/uploads\/Berchem-Sint-Willibrordus-Binnen.jpg 1021w, https:\/\/topa.be\/wp-content\/uploads\/Berchem-Sint-Willibrordus-Binnen-300x170.jpg 300w, https:\/\/topa.be\/wp-content\/uploads\/Berchem-Sint-Willibrordus-Binnen-200x113.jpg 200w, https:\/\/topa.be\/wp-content\/uploads\/Berchem-Sint-Willibrordus-Binnen-768x435.jpg 768w\" sizes=\"(max-width: 800px) 100vw, 800px\" \/>\t\t\t\t\t\t\t\t<\/a>\n\t\t\t\t\t\t\t\t\t\t\t\t\t\t\t<\/div>\n\t\t\t\t<\/div>\n\t\t\t\t\t<\/div>\n\t\t<\/div>\n\t\t\t\t\t<\/div>\n\t\t<\/section>\n\t\t\t\t<section class=\"elementor-section elementor-top-section elementor-element elementor-element-1e9c13f elementor-section-boxed elementor-section-height-default elementor-section-height-default\" data-id=\"1e9c13f\" data-element_type=\"section\" data-e-type=\"section\">\n\t\t\t\t\t\t<div class=\"elementor-container elementor-column-gap-default\">\n\t\t\t\t\t<div class=\"elementor-column elementor-col-100 elementor-top-column elementor-element elementor-element-2c47c08\" data-id=\"2c47c08\" data-element_type=\"column\" data-e-type=\"column\">\n\t\t\t<div class=\"elementor-widget-wrap elementor-element-populated\">\n\t\t\t\t\t\t<div class=\"elementor-element elementor-element-c1767fe elementor-widget elementor-widget-text-editor\" data-id=\"c1767fe\" data-element_type=\"widget\" data-e-type=\"widget\" data-widget_type=\"text-editor.default\">\n\t\t\t\t<div class=\"elementor-widget-container\">\n\t\t\t\t\t\t\t\t\t<p style=\"text-align: justify;\">Die Geschichte der Kirche geht zur\u00fcck bis in das 9. Jahrhundert. Das heutige Geb\u00e4ude stammt teilweise aus dem fr\u00fchen 16. Jahrhundert, der Chor und die Querschiffe sind im sp\u00e4tgotischen Stil erbaut. Das Kirchenschiff und die Seitenschiffe sind Neurenaissance- und klassizistische Anbauten aus der Mitte des 19. Jahrhunderts. Es gibt Kunstschnitzereien aus dem 17. Jahrhundert in Beichtst\u00fchlen und Chorgest\u00fchl, sowie Prunkgr\u00e4ber aus dieser Zeit. Alt\u00e4re von P. Scheemaekers (1692) und eine sch\u00f6ne Forceville-Orgel (1725).<\/p>\n\t\t\t\t\t\t\t\t<\/div>\n\t\t\t\t<\/div>\n\t\t\t\t\t<\/div>\n\t\t<\/div>\n\t\t\t\t\t<\/div>\n\t\t<\/section>\n\t\t\t\t<section class=\"elementor-section elementor-top-section elementor-element elementor-element-21e3d5b4 elementor-section-boxed elementor-section-height-default elementor-section-height-default\" data-id=\"21e3d5b4\" data-element_type=\"section\" data-e-type=\"section\">\n\t\t\t\t\t\t<div class=\"elementor-container elementor-column-gap-default\">\n\t\t\t\t\t<div class=\"elementor-column elementor-col-100 elementor-top-column elementor-element elementor-element-5609572f\" data-id=\"5609572f\" data-element_type=\"column\" data-e-type=\"column\">\n\t\t\t<div class=\"elementor-widget-wrap elementor-element-populated\">\n\t\t\t\t\t\t<div class=\"elementor-element elementor-element-3c28f3f6 elementor-widget elementor-widget-text-editor\" data-id=\"3c28f3f6\" data-element_type=\"widget\" data-e-type=\"widget\" data-widget_type=\"text-editor.default\">\n\t\t\t\t<div class=\"elementor-widget-container\">\n\t\t\t\t\t\t\t\t\t<div class=\"middle_sec_main\">\n<div class=\"second_sec_main\">\n<div class=\"sec_tp_main\">\n<div class=\"col-md-12\">\n<div class=\"page_main\">\n<div class=\"vc_row wpb_row vc_row-fluid\">\n<div class=\"wpb_column vc_column_container vc_col-sm-6\">\n<div class=\"vc_column-inner\">\n<div class=\"wpb_wrapper\">\n<div class=\"wpb_text_column wpb_content_element \">\n<div class=\"wpb_wrapper\">\n<p style=\"text-align: justify;\">Mit <a href=\"https:\/\/goo.gl\/maps\/9oQVxfH9UBjs2iu36\"><strong>DIESE KARTE<\/strong><\/a> k\u00f6nnen Sie eine Route in Funktion Ihres Verkehrsmittels bestimmen.<br \/>\nVielleicht m\u00f6chten Sie VELO-Antwerpen verwenden:\u00a0<strong><a href=\"https:\/\/www.velo-antwerpen.be\/de\">https:\/\/www.velo-antwerpen.be\/de<\/a><\/strong><\/p>\n<\/div>\n<\/div>\n<\/div>\n<\/div>\n<\/div>\n<\/div>\n<\/div>\n<\/div>\n<\/div>\n<\/div>\n<\/div>\n<div class=\"footer_main\">\n<div class=\"col-md-12\">\n<div class=\"row\">\n<div class=\"col-md-6\">\n<div class=\"left_link_ftr\">\n<div class=\"ftr_link\" style=\"text-align: justify;\"><\/div>\n<\/div>\n<\/div>\n<\/div>\n<\/div>\n<\/div>\n\t\t\t\t\t\t\t\t<\/div>\n\t\t\t\t<\/div>\n\t\t\t\t\t<\/div>\n\t\t<\/div>\n\t\t\t\t\t<\/div>\n\t\t<\/section>\n\t\t\t\t<section class=\"elementor-section elementor-top-section elementor-element elementor-element-8365c90 elementor-section-boxed elementor-section-height-default elementor-section-height-default\" data-id=\"8365c90\" data-element_type=\"section\" data-e-type=\"section\">\n\t\t\t\t\t\t<div class=\"elementor-container elementor-column-gap-default\">\n\t\t\t\t\t<div class=\"elementor-column elementor-col-50 elementor-top-column elementor-element elementor-element-818a8b8\" data-id=\"818a8b8\" data-element_type=\"column\" data-e-type=\"column\">\n\t\t\t<div class=\"elementor-widget-wrap elementor-element-populated\">\n\t\t\t\t\t\t<div class=\"elementor-element elementor-element-793797a elementor-widget elementor-widget-text-editor\" data-id=\"793797a\" data-element_type=\"widget\" data-e-type=\"widget\" data-widget_type=\"text-editor.default\">\n\t\t\t\t<div class=\"elementor-widget-container\">\n\t\t\t\t\t\t\t\t\t<h2>Praktische Informationen<\/h2>\n<p><strong>Gottesdienste<\/strong><strong>\u00a0<\/strong><strong><br \/>\n<\/strong>Sontag: 8.30 und 11.30 Uhr<strong>\u00a0<\/strong><\/p>\n<p><strong>\u00d6ffnungszeiten<\/strong><strong>\u00a0<\/strong><strong><br \/>\n<\/strong>Jedem Sontag : 08.00 \u2013 12.30 Uhr<br \/>\nJedem Donnerstag : 08.00 \u2013 12.00 Uhr<br \/>\nWeihnachtsferien, jeden Tag: 13.00 \u2013 17.00 Uhr\u00a0Krippenausstellung<br \/>\nVorbehaltlich besonderer Feiern<\/p>\n<p><strong>Eintritt frei<\/strong><strong>\u00a0<\/strong><\/p>\n<p><strong>Pfarramt<\/strong><strong><br \/>\n<\/strong>Heilig Hartstraat 11, 2600 Berchem<br \/>\nTel +32 (0)3 239 21 99<br \/>\n<a href=\"mailto:sint.willibrordus@skynet.be\"><strong>sint.willibrordus@skynet.be<\/strong><\/a><strong>\u00a0<\/strong><\/p>\n\t\t\t\t\t\t\t\t<\/div>\n\t\t\t\t<\/div>\n\t\t\t\t\t<\/div>\n\t\t<\/div>\n\t\t\t\t<div class=\"elementor-column elementor-col-50 elementor-top-column elementor-element elementor-element-2bcef25\" data-id=\"2bcef25\" data-element_type=\"column\" data-e-type=\"column\">\n\t\t\t<div class=\"elementor-widget-wrap elementor-element-populated\">\n\t\t\t\t\t\t<div class=\"elementor-element elementor-element-c442112 elementor-widget elementor-widget-text-editor\" data-id=\"c442112\" data-element_type=\"widget\" data-e-type=\"widget\" data-widget_type=\"text-editor.default\">\n\t\t\t\t<div class=\"elementor-widget-container\">\n\t\t\t\t\t\t\t\t\t<p>.<\/p>\n\t\t\t\t\t\t\t\t<\/div>\n\t\t\t\t<\/div>\n\t\t\t\t\t<\/div>\n\t\t<\/div>\n\t\t\t\t\t<\/div>\n\t\t<\/section>\n\t\t\t\t<\/div>\n\t\t","protected":false},"excerpt":{"rendered":"<p>Berchem, Sankt Willibrord Kirche Die Geschichte der Kirche geht zur\u00fcck bis in das 9. Jahrhundert. Das heutige Geb\u00e4ude stammt teilweise aus dem fr\u00fchen 16. Jahrhundert, der Chor und die Querschiffe sind im sp\u00e4tgotischen Stil erbaut. Das Kirchenschiff und die Seitenschiffe sind Neurenaissance- und klassizistische Anbauten aus der Mitte des 19. Jahrhunderts. Es gibt Kunstschnitzereien aus [&hellip;]<\/p>\n","protected":false},"author":16,"featured_media":0,"parent":37854,"menu_order":210,"comment_status":"closed","ping_status":"closed","template":"","meta":{"footnotes":""},"class_list":["post-38836","page","type-page","status-publish","hentry"],"aioseo_notices":[],"_links":{"self":[{"href":"https:\/\/topa.be\/de\/wp-json\/wp\/v2\/pages\/38836","targetHints":{"allow":["GET"]}}],"collection":[{"href":"https:\/\/topa.be\/de\/wp-json\/wp\/v2\/pages"}],"about":[{"href":"https:\/\/topa.be\/de\/wp-json\/wp\/v2\/types\/page"}],"author":[{"embeddable":true,"href":"https:\/\/topa.be\/de\/wp-json\/wp\/v2\/users\/16"}],"replies":[{"embeddable":true,"href":"https:\/\/topa.be\/de\/wp-json\/wp\/v2\/comments?post=38836"}],"version-history":[{"count":3,"href":"https:\/\/topa.be\/de\/wp-json\/wp\/v2\/pages\/38836\/revisions"}],"predecessor-version":[{"id":64374,"href":"https:\/\/topa.be\/de\/wp-json\/wp\/v2\/pages\/38836\/revisions\/64374"}],"up":[{"embeddable":true,"href":"https:\/\/topa.be\/de\/wp-json\/wp\/v2\/pages\/37854"}],"wp:attachment":[{"href":"https:\/\/topa.be\/de\/wp-json\/wp\/v2\/media?parent=38836"}],"curies":[{"name":"wp","href":"https:\/\/api.w.org\/{rel}","templated":true}]}}