{"id":38339,"date":"2021-05-30T00:14:29","date_gmt":"2021-05-29T22:14:29","guid":{"rendered":"http:\/\/topa.be\/monumentale-kerken\/borgerhout-st-jan-evangelist\/"},"modified":"2022-03-21T17:25:59","modified_gmt":"2022-03-21T16:25:59","slug":"borgerhout-st-jan-evangelist","status":"publish","type":"page","link":"https:\/\/topa.be\/de\/monumentale-kerken\/borgerhout-st-jan-evangelist\/","title":{"rendered":"Borgerhout, St. Johannes der Evangelist Kirche"},"content":{"rendered":"\t\t<div data-elementor-type=\"wp-page\" data-elementor-id=\"38339\" class=\"elementor elementor-38339 elementor-34050\" data-elementor-post-type=\"page\">\n\t\t\t\t\t\t<section class=\"elementor-section elementor-top-section elementor-element elementor-element-5a1da78 elementor-section-boxed elementor-section-height-default elementor-section-height-default\" data-id=\"5a1da78\" data-element_type=\"section\" data-e-type=\"section\">\n\t\t\t\t\t\t<div class=\"elementor-container elementor-column-gap-default\">\n\t\t\t\t\t<div class=\"elementor-column elementor-col-100 elementor-top-column elementor-element elementor-element-88ff647\" data-id=\"88ff647\" data-element_type=\"column\" data-e-type=\"column\">\n\t\t\t<div class=\"elementor-widget-wrap elementor-element-populated\">\n\t\t\t\t\t\t<div class=\"elementor-element elementor-element-4735132 elementor-widget elementor-widget-heading\" data-id=\"4735132\" data-element_type=\"widget\" data-e-type=\"widget\" data-widget_type=\"heading.default\">\n\t\t\t\t<div class=\"elementor-widget-container\">\n\t\t\t\t\t<h1 class=\"elementor-heading-title elementor-size-default\">Borgerhout, St. Johannes der Evangelist Kirche<\/h1>\t\t\t\t<\/div>\n\t\t\t\t<\/div>\n\t\t\t\t\t<\/div>\n\t\t<\/div>\n\t\t\t\t\t<\/div>\n\t\t<\/section>\n\t\t\t\t<section class=\"elementor-section elementor-top-section elementor-element elementor-element-a2dbded elementor-section-boxed elementor-section-height-default elementor-section-height-default\" data-id=\"a2dbded\" data-element_type=\"section\" data-e-type=\"section\">\n\t\t\t\t\t\t<div class=\"elementor-container elementor-column-gap-default\">\n\t\t\t\t\t<div class=\"elementor-column elementor-col-50 elementor-top-column elementor-element elementor-element-ab55f89\" data-id=\"ab55f89\" data-element_type=\"column\" data-e-type=\"column\">\n\t\t\t<div class=\"elementor-widget-wrap elementor-element-populated\">\n\t\t\t\t\t\t<div class=\"elementor-element elementor-element-d12ddc3 elementor-widget elementor-widget-image\" data-id=\"d12ddc3\" data-element_type=\"widget\" data-e-type=\"widget\" data-widget_type=\"image.default\">\n\t\t\t\t<div class=\"elementor-widget-container\">\n\t\t\t\t\t\t\t\t\t\t\t\t\t\t\t\t<a href=\"https:\/\/topa.be\/wp-content\/uploads\/Borgerhout-Sint-Jan-Evangelist-Buiten.jpg\" data-elementor-open-lightbox=\"yes\" data-elementor-lightbox-title=\"Borgerhout-Sint-Jan-Evangelist-Buiten\" data-e-action-hash=\"#elementor-action%3Aaction%3Dlightbox%26settings%3DeyJpZCI6MTU1OTMsInVybCI6Imh0dHBzOlwvXC90b3BhLmJlXC93cC1jb250ZW50XC91cGxvYWRzXC9Cb3JnZXJob3V0LVNpbnQtSmFuLUV2YW5nZWxpc3QtQnVpdGVuLmpwZyJ9\">\n\t\t\t\t\t\t\t<img fetchpriority=\"high\" decoding=\"async\" width=\"800\" height=\"600\" src=\"https:\/\/topa.be\/wp-content\/uploads\/Borgerhout-Sint-Jan-Evangelist-Buiten.jpg\" class=\"attachment-large size-large wp-image-15593\" alt=\"\" srcset=\"https:\/\/topa.be\/wp-content\/uploads\/Borgerhout-Sint-Jan-Evangelist-Buiten.jpg 1024w, https:\/\/topa.be\/wp-content\/uploads\/Borgerhout-Sint-Jan-Evangelist-Buiten-300x225.jpg 300w, https:\/\/topa.be\/wp-content\/uploads\/Borgerhout-Sint-Jan-Evangelist-Buiten-200x150.jpg 200w, https:\/\/topa.be\/wp-content\/uploads\/Borgerhout-Sint-Jan-Evangelist-Buiten-768x576.jpg 768w\" sizes=\"(max-width: 800px) 100vw, 800px\" \/>\t\t\t\t\t\t\t\t<\/a>\n\t\t\t\t\t\t\t\t\t\t\t\t\t\t\t<\/div>\n\t\t\t\t<\/div>\n\t\t\t\t\t<\/div>\n\t\t<\/div>\n\t\t\t\t<div class=\"elementor-column elementor-col-50 elementor-top-column elementor-element elementor-element-6624fed\" data-id=\"6624fed\" data-element_type=\"column\" data-e-type=\"column\">\n\t\t\t<div class=\"elementor-widget-wrap elementor-element-populated\">\n\t\t\t\t\t\t<div class=\"elementor-element elementor-element-4151239 elementor-widget elementor-widget-image\" data-id=\"4151239\" data-element_type=\"widget\" data-e-type=\"widget\" data-widget_type=\"image.default\">\n\t\t\t\t<div class=\"elementor-widget-container\">\n\t\t\t\t\t\t\t\t\t\t\t\t\t\t\t\t<a href=\"https:\/\/topa.be\/wp-content\/uploads\/Borgerhout-Sint-Jan-Evangelist-Binnen.jpg\" data-elementor-open-lightbox=\"yes\" data-elementor-lightbox-title=\"Borgerhout-Sint-Jan-Evangelist-Binnen\" data-e-action-hash=\"#elementor-action%3Aaction%3Dlightbox%26settings%3DeyJpZCI6MTU1ODEsInVybCI6Imh0dHBzOlwvXC90b3BhLmJlXC93cC1jb250ZW50XC91cGxvYWRzXC9Cb3JnZXJob3V0LVNpbnQtSmFuLUV2YW5nZWxpc3QtQmlubmVuLmpwZyJ9\">\n\t\t\t\t\t\t\t<img decoding=\"async\" width=\"800\" height=\"600\" src=\"https:\/\/topa.be\/wp-content\/uploads\/Borgerhout-Sint-Jan-Evangelist-Binnen.jpg\" class=\"attachment-large size-large wp-image-15581\" alt=\"\" srcset=\"https:\/\/topa.be\/wp-content\/uploads\/Borgerhout-Sint-Jan-Evangelist-Binnen.jpg 1024w, https:\/\/topa.be\/wp-content\/uploads\/Borgerhout-Sint-Jan-Evangelist-Binnen-300x225.jpg 300w, https:\/\/topa.be\/wp-content\/uploads\/Borgerhout-Sint-Jan-Evangelist-Binnen-200x150.jpg 200w, https:\/\/topa.be\/wp-content\/uploads\/Borgerhout-Sint-Jan-Evangelist-Binnen-768x576.jpg 768w\" sizes=\"(max-width: 800px) 100vw, 800px\" \/>\t\t\t\t\t\t\t\t<\/a>\n\t\t\t\t\t\t\t\t\t\t\t\t\t\t\t<\/div>\n\t\t\t\t<\/div>\n\t\t\t\t\t<\/div>\n\t\t<\/div>\n\t\t\t\t\t<\/div>\n\t\t<\/section>\n\t\t\t\t<section class=\"elementor-section elementor-top-section elementor-element elementor-element-217a564 elementor-section-boxed elementor-section-height-default elementor-section-height-default\" data-id=\"217a564\" data-element_type=\"section\" data-e-type=\"section\">\n\t\t\t\t\t\t<div class=\"elementor-container elementor-column-gap-default\">\n\t\t\t\t\t<div class=\"elementor-column elementor-col-100 elementor-top-column elementor-element elementor-element-ad8cf4e\" data-id=\"ad8cf4e\" data-element_type=\"column\" data-e-type=\"column\">\n\t\t\t<div class=\"elementor-widget-wrap elementor-element-populated\">\n\t\t\t\t\t\t<div class=\"elementor-element elementor-element-37b3d77 elementor-widget elementor-widget-text-editor\" data-id=\"37b3d77\" data-element_type=\"widget\" data-e-type=\"widget\" data-widget_type=\"text-editor.default\">\n\t\t\t\t<div class=\"elementor-widget-container\">\n\t\t\t\t\t\t\t\t\t<p style=\"text-align: justify;\">Eine neuromanische Kirche des Architekten F. Baeckelmans (1890). Grundriss einer Basilika und in Kreuzform, mit markanten halbkreisf\u00f6rmigen Strukturen und ineinander flie\u00dfenden B\u00f6gen. Triforium (Galerie), das die ganze Kirche \u00fcberspannt. Auffallend robuster Turm. N\u00fcchterne Innendekorationen. Einzigartiger Kreuzweg (JW Rosier, 1908), auf Kupfer gemalt und ummantelt. Gem\u00e4lde aus dem 16. und 18. Jahrhundert von P. Thijs bzw. W. J.Herreyns. Anneessens-Orgel aus dem Jahr 1895.<\/p>\n<p>Die Kirche wurde 2018 aus dem Gottesdienst zur\u00fcckgezogen. Die erste \u00f6ffentliche Aktivit\u00e4t war ein erfolgreicher Lappenmarkt\u2026. in Anwesenheit des repr\u00e4sentativen Hochaltars. O tempora, o mores.<\/p>\n<p style=\"text-align: justify;\">Die Kirche, die mit ihrem robusten und einzigartigen Turm von der Ringstra\u00dfe einer der wichtigsten Blickf\u00e4nge Antwerpens ist \u2013 besonders wenn man aus L\u00fcttich \u00fcber die E 313 oder Eindhoven \u00fcber die E 34 kommt \u2013 ist seit mehr als 100 Jahren ein Triumphzeichen des Christentums. F\u00fcr diejenigen unter euch, die es jetzt wissen, steht das Turmkreuz nun dort als Symbol f\u00fcr die vergangene Herrlichkeit und f\u00fcr eine schwindende Kirchengemeinde.<\/p>\n\t\t\t\t\t\t\t\t<\/div>\n\t\t\t\t<\/div>\n\t\t\t\t\t<\/div>\n\t\t<\/div>\n\t\t\t\t\t<\/div>\n\t\t<\/section>\n\t\t\t\t<section class=\"elementor-section elementor-top-section elementor-element elementor-element-2f93d642 elementor-section-boxed elementor-section-height-default elementor-section-height-default\" data-id=\"2f93d642\" data-element_type=\"section\" data-e-type=\"section\">\n\t\t\t\t\t\t<div class=\"elementor-container elementor-column-gap-default\">\n\t\t\t\t\t<div class=\"elementor-column elementor-col-100 elementor-top-column elementor-element elementor-element-38e03537\" data-id=\"38e03537\" data-element_type=\"column\" data-e-type=\"column\">\n\t\t\t<div class=\"elementor-widget-wrap elementor-element-populated\">\n\t\t\t\t\t\t<div class=\"elementor-element elementor-element-5e2a16d9 elementor-widget elementor-widget-text-editor\" data-id=\"5e2a16d9\" data-element_type=\"widget\" data-e-type=\"widget\" data-widget_type=\"text-editor.default\">\n\t\t\t\t<div class=\"elementor-widget-container\">\n\t\t\t\t\t\t\t\t\t<p style=\"text-align: justify;\">Mit <a href=\"https:\/\/goo.gl\/maps\/oSvFbwFZkQZCxPcp8\"><strong>DIESE KARTE<\/strong><\/a> k\u00f6nnen Sie eine Route in Funktion Ihres Verkehrsmittels bestimmen.<br \/>\nVielleicht m\u00f6chten Sie VELO-Antwerpen verwenden:\u00a0<strong><a href=\"https:\/\/www.velo-antwerpen.be\/de\">https:\/\/www.velo-antwerpen.be\/de<\/a><\/strong><\/p>\n\t\t\t\t\t\t\t\t<\/div>\n\t\t\t\t<\/div>\n\t\t\t\t\t<\/div>\n\t\t<\/div>\n\t\t\t\t\t<\/div>\n\t\t<\/section>\n\t\t\t\t<\/div>\n\t\t","protected":false},"excerpt":{"rendered":"<p>Borgerhout, St. Johannes der Evangelist Kirche Eine neuromanische Kirche des Architekten F. Baeckelmans (1890). Grundriss einer Basilika und in Kreuzform, mit markanten halbkreisf\u00f6rmigen Strukturen und ineinander flie\u00dfenden B\u00f6gen. Triforium (Galerie), das die ganze Kirche \u00fcberspannt. Auffallend robuster Turm. N\u00fcchterne Innendekorationen. Einzigartiger Kreuzweg (JW Rosier, 1908), auf Kupfer gemalt und ummantelt. Gem\u00e4lde aus dem 16. und [&hellip;]<\/p>\n","protected":false},"author":16,"featured_media":0,"parent":37854,"menu_order":220,"comment_status":"closed","ping_status":"closed","template":"","meta":{"footnotes":""},"class_list":["post-38339","page","type-page","status-publish","hentry"],"aioseo_notices":[],"_links":{"self":[{"href":"https:\/\/topa.be\/de\/wp-json\/wp\/v2\/pages\/38339","targetHints":{"allow":["GET"]}}],"collection":[{"href":"https:\/\/topa.be\/de\/wp-json\/wp\/v2\/pages"}],"about":[{"href":"https:\/\/topa.be\/de\/wp-json\/wp\/v2\/types\/page"}],"author":[{"embeddable":true,"href":"https:\/\/topa.be\/de\/wp-json\/wp\/v2\/users\/16"}],"replies":[{"embeddable":true,"href":"https:\/\/topa.be\/de\/wp-json\/wp\/v2\/comments?post=38339"}],"version-history":[{"count":3,"href":"https:\/\/topa.be\/de\/wp-json\/wp\/v2\/pages\/38339\/revisions"}],"predecessor-version":[{"id":64383,"href":"https:\/\/topa.be\/de\/wp-json\/wp\/v2\/pages\/38339\/revisions\/64383"}],"up":[{"embeddable":true,"href":"https:\/\/topa.be\/de\/wp-json\/wp\/v2\/pages\/37854"}],"wp:attachment":[{"href":"https:\/\/topa.be\/de\/wp-json\/wp\/v2\/media?parent=38339"}],"curies":[{"name":"wp","href":"https:\/\/api.w.org\/{rel}","templated":true}]}}