{"id":38337,"date":"2021-05-29T23:58:02","date_gmt":"2021-05-29T21:58:02","guid":{"rendered":"http:\/\/topa.be\/monumentale-kerken\/deurne-sint-fredegandus\/"},"modified":"2022-12-10T14:25:40","modified_gmt":"2022-12-10T13:25:40","slug":"deurne-sint-fredegandus","status":"publish","type":"page","link":"https:\/\/topa.be\/de\/monumentale-kerken\/deurne-sint-fredegandus\/","title":{"rendered":"Deurne, Sankt Fredegandus Kirche"},"content":{"rendered":"\t\t<div data-elementor-type=\"wp-page\" data-elementor-id=\"38337\" class=\"elementor elementor-38337 elementor-34052\" data-elementor-post-type=\"page\">\n\t\t\t\t\t\t<section class=\"elementor-section elementor-top-section elementor-element elementor-element-bfb860a elementor-section-boxed elementor-section-height-default elementor-section-height-default\" data-id=\"bfb860a\" data-element_type=\"section\" data-e-type=\"section\">\n\t\t\t\t\t\t<div class=\"elementor-container elementor-column-gap-default\">\n\t\t\t\t\t<div class=\"elementor-column elementor-col-100 elementor-top-column elementor-element elementor-element-69810e2\" data-id=\"69810e2\" data-element_type=\"column\" data-e-type=\"column\">\n\t\t\t<div class=\"elementor-widget-wrap elementor-element-populated\">\n\t\t\t\t\t\t<div class=\"elementor-element elementor-element-31a1a3c elementor-widget elementor-widget-heading\" data-id=\"31a1a3c\" data-element_type=\"widget\" data-e-type=\"widget\" data-widget_type=\"heading.default\">\n\t\t\t\t<div class=\"elementor-widget-container\">\n\t\t\t\t\t<h1 class=\"elementor-heading-title elementor-size-default\">Deurne, Sankt Fredegandus Kirche<\/h1>\t\t\t\t<\/div>\n\t\t\t\t<\/div>\n\t\t\t\t\t<\/div>\n\t\t<\/div>\n\t\t\t\t\t<\/div>\n\t\t<\/section>\n\t\t\t\t<section class=\"elementor-section elementor-top-section elementor-element elementor-element-6caccc6 elementor-section-boxed elementor-section-height-default elementor-section-height-default\" data-id=\"6caccc6\" data-element_type=\"section\" data-e-type=\"section\">\n\t\t\t\t\t\t<div class=\"elementor-container elementor-column-gap-default\">\n\t\t\t\t\t<div class=\"elementor-column elementor-col-50 elementor-top-column elementor-element elementor-element-99b5fd8\" data-id=\"99b5fd8\" data-element_type=\"column\" data-e-type=\"column\">\n\t\t\t<div class=\"elementor-widget-wrap elementor-element-populated\">\n\t\t\t\t\t\t<div class=\"elementor-element elementor-element-7f2ed55 elementor-widget elementor-widget-image\" data-id=\"7f2ed55\" data-element_type=\"widget\" data-e-type=\"widget\" data-widget_type=\"image.default\">\n\t\t\t\t<div class=\"elementor-widget-container\">\n\t\t\t\t\t\t\t\t\t\t\t\t\t\t\t<img fetchpriority=\"high\" decoding=\"async\" width=\"800\" height=\"452\" src=\"https:\/\/topa.be\/wp-content\/uploads\/Deurne-Sint-Fredegandus-Buiten.jpg\" class=\"attachment-large size-large wp-image-21593\" alt=\"\" srcset=\"https:\/\/topa.be\/wp-content\/uploads\/Deurne-Sint-Fredegandus-Buiten.jpg 1024w, https:\/\/topa.be\/wp-content\/uploads\/Deurne-Sint-Fredegandus-Buiten-300x169.jpg 300w, https:\/\/topa.be\/wp-content\/uploads\/Deurne-Sint-Fredegandus-Buiten-200x113.jpg 200w, https:\/\/topa.be\/wp-content\/uploads\/Deurne-Sint-Fredegandus-Buiten-768x434.jpg 768w\" sizes=\"(max-width: 800px) 100vw, 800px\" \/>\t\t\t\t\t\t\t\t\t\t\t\t\t\t\t<\/div>\n\t\t\t\t<\/div>\n\t\t\t\t\t<\/div>\n\t\t<\/div>\n\t\t\t\t<div class=\"elementor-column elementor-col-50 elementor-top-column elementor-element elementor-element-4f5c977\" data-id=\"4f5c977\" data-element_type=\"column\" data-e-type=\"column\">\n\t\t\t<div class=\"elementor-widget-wrap\">\n\t\t\t\t\t\t\t<\/div>\n\t\t<\/div>\n\t\t\t\t\t<\/div>\n\t\t<\/section>\n\t\t\t\t<section class=\"elementor-section elementor-top-section elementor-element elementor-element-2b6bb31 elementor-section-boxed elementor-section-height-default elementor-section-height-default\" data-id=\"2b6bb31\" data-element_type=\"section\" data-e-type=\"section\">\n\t\t\t\t\t\t<div class=\"elementor-container elementor-column-gap-default\">\n\t\t\t\t\t<div class=\"elementor-column elementor-col-100 elementor-top-column elementor-element elementor-element-feb04bc\" data-id=\"feb04bc\" data-element_type=\"column\" data-e-type=\"column\">\n\t\t\t<div class=\"elementor-widget-wrap elementor-element-populated\">\n\t\t\t\t\t\t<div class=\"elementor-element elementor-element-be3d4ed elementor-widget elementor-widget-text-editor\" data-id=\"be3d4ed\" data-element_type=\"widget\" data-e-type=\"widget\" data-widget_type=\"text-editor.default\">\n\t\t\t\t<div class=\"elementor-widget-container\">\n\t\t\t\t\t\t\t\t\t<p style=\"text-align: justify;\">Die Kirche steht im Zentrum von Deurne und steht unter Denkmalschutz.<\/p>\r\n<p style=\"text-align: justify;\">In der \u201eSchlacht von Deurne\u201c zwischen Spaniern und Generalstaaten am 2. M\u00e4rz 1579 werden die Kirche und das ganze Dorf zerst\u00f6rt. In der ersten H\u00e4lfte des 17. Jahrhunderts wurde die frei stehende dreischiffige Kirche im sp\u00e4tgotischen Stil mit Backstein aus der Region wieder aufgebaut, mit Schichten aus wei\u00dfem Sandstein (sogenannte \u201eFettschichten\u201c). Im Oktober 1644 wurde die Kirche feierlich geweiht. Bemerkenswert ist das Fehlen eines Westturms.<\/p>\r\n<p style=\"text-align: justify;\">Die reiche barocke Innenausstattung stammt teilweise aus der Antwerpener St. Michaelsabtei, denn bis in das 19. Jahrhundert hinein wurde die St. Fredegandusparochie von dieser Pr\u00e4monstratenserabtei geleitet. Sch\u00f6ne barocke Alt\u00e4re: Der Hauptaltar (1700) mit einem Gem\u00e4lde von J. P. Ykens (1701) und St. Fredegandusaltar (1680) von JB. De Vr\u00e9 geschnitzt, mit einem Gem\u00e4lde von P. Ykens (1682).<\/p>\r\n<p style=\"text-align: justify;\">Es wird angenommen, dass der heilige Fredegandus aus dieser Region kam und im 7. Jahrhundert lebte. Er sei ein Benediktiner-Abt in Deurne gewesen und war insbesondere mit der Christianisierung der Bev\u00f6lkerung besch\u00e4ftigt. Aufgrund der zunehmenden Verehrung dieses Heiligen wurde die Kirche 1644 St. Fredegandus gewidmet. Vor dieser Zeit war sie eine Marienkirche, Unsere-Liebe-Frau-von-Frieden wird \u00fcbrigens noch immer in dieser Kirche angebetet.<\/p>\r\n<p style=\"text-align: justify;\">Der Standort ist auch ber\u00fchmt f\u00fcr seine angrenzenden Friedhof mit zahlreichen Mausoleen des Antwerpener B\u00fcrgertums seit dem 18. Jahrhundert.<\/p>\t\t\t\t\t\t\t\t<\/div>\n\t\t\t\t<\/div>\n\t\t\t\t\t<\/div>\n\t\t<\/div>\n\t\t\t\t\t<\/div>\n\t\t<\/section>\n\t\t\t\t<section class=\"elementor-section elementor-top-section elementor-element elementor-element-34bcfc68 elementor-section-boxed elementor-section-height-default elementor-section-height-default\" data-id=\"34bcfc68\" data-element_type=\"section\" data-e-type=\"section\">\n\t\t\t\t\t\t<div class=\"elementor-container elementor-column-gap-default\">\n\t\t\t\t\t<div class=\"elementor-column elementor-col-100 elementor-top-column elementor-element elementor-element-6310d9f6\" data-id=\"6310d9f6\" data-element_type=\"column\" data-e-type=\"column\">\n\t\t\t<div class=\"elementor-widget-wrap elementor-element-populated\">\n\t\t\t\t\t\t<div class=\"elementor-element elementor-element-ab4cae9 elementor-widget elementor-widget-text-editor\" data-id=\"ab4cae9\" data-element_type=\"widget\" data-e-type=\"widget\" data-widget_type=\"text-editor.default\">\n\t\t\t\t<div class=\"elementor-widget-container\">\n\t\t\t\t\t\t\t\t\t<p style=\"text-align: justify;\">Mit <a href=\"https:\/\/goo.gl\/maps\/bLSNKYJa7HGZmtQV8\"><strong>DIESE KARTE<\/strong><\/a> k\u00f6nnen Sie eine Route in Funktion Ihres Verkehrsmittels bestimmen.\r\nVielleicht m\u00f6chten Sie VELO-Antwerpen verwenden:\u00a0<strong><a href=\"https:\/\/www.velo-antwerpen.be\/de\">https:\/\/www.velo-antwerpen.be\/de<\/a><\/strong><\/p>\t\t\t\t\t\t\t\t<\/div>\n\t\t\t\t<\/div>\n\t\t\t\t\t<\/div>\n\t\t<\/div>\n\t\t\t\t\t<\/div>\n\t\t<\/section>\n\t\t\t\t<section class=\"elementor-section elementor-top-section elementor-element elementor-element-5aa5e0c elementor-section-boxed elementor-section-height-default elementor-section-height-default\" data-id=\"5aa5e0c\" data-element_type=\"section\" data-e-type=\"section\">\n\t\t\t\t\t\t<div class=\"elementor-container elementor-column-gap-default\">\n\t\t\t\t\t<div class=\"elementor-column elementor-col-50 elementor-top-column elementor-element elementor-element-2be3dde\" data-id=\"2be3dde\" data-element_type=\"column\" data-e-type=\"column\">\n\t\t\t<div class=\"elementor-widget-wrap elementor-element-populated\">\n\t\t\t\t\t\t<div class=\"elementor-element elementor-element-30ff133 elementor-widget elementor-widget-text-editor\" data-id=\"30ff133\" data-element_type=\"widget\" data-e-type=\"widget\" data-widget_type=\"text-editor.default\">\n\t\t\t\t<div class=\"elementor-widget-container\">\n\t\t\t\t\t\t\t\t\t<h2>Praktische Informationen<\/h2>\r\n<strong>Gottesdienste<\/strong>\r\nSontag: 10:30<strong>\u00a0<\/strong>\r\n\r\n<strong>Besuch<\/strong>\r\nVor und nach der Me\u00dffeier\r\nO.-H.-Himmelfahrt, Kulturerbetag, Tagen der offenen Kirche\r\n\r\n<strong>Eintritt frei<\/strong><strong>\u00a0<\/strong>\r\n\r\n<strong>Informationen\u00a0\u00a0<\/strong><strong>\r\n<\/strong><a href=\"mailto:jan.oversteyns@Antwerpen.be\"><strong>jan.oversteyns@Antwerpen.be<\/strong><\/a>\r\n+32 (0)479 73 50 03<strong>\u00a0<\/strong>\r\n<p style=\"text-align: justify;\"><strong>Pfarramt<\/strong>\r\nLakborslei 31\r\n+32 (0)3 324 20 24<\/p>\t\t\t\t\t\t\t\t<\/div>\n\t\t\t\t<\/div>\n\t\t\t\t\t<\/div>\n\t\t<\/div>\n\t\t\t\t<div class=\"elementor-column elementor-col-50 elementor-top-column elementor-element elementor-element-84357fe\" data-id=\"84357fe\" data-element_type=\"column\" data-e-type=\"column\">\n\t\t\t<div class=\"elementor-widget-wrap elementor-element-populated\">\n\t\t\t\t\t\t<div class=\"elementor-element elementor-element-24e1e72 elementor-widget elementor-widget-text-editor\" data-id=\"24e1e72\" data-element_type=\"widget\" data-e-type=\"widget\" data-widget_type=\"text-editor.default\">\n\t\t\t\t<div class=\"elementor-widget-container\">\n\t\t\t\t\t\t\t\t\t.\t\t\t\t\t\t\t\t<\/div>\n\t\t\t\t<\/div>\n\t\t\t\t<div class=\"elementor-element elementor-element-ed70e8f elementor-widget elementor-widget-text-editor\" data-id=\"ed70e8f\" data-element_type=\"widget\" data-e-type=\"widget\" data-widget_type=\"text-editor.default\">\n\t\t\t\t<div class=\"elementor-widget-container\">\n\t\t\t\t\t\t\t\t\t.\t\t\t\t\t\t\t\t<\/div>\n\t\t\t\t<\/div>\n\t\t\t\t\t<\/div>\n\t\t<\/div>\n\t\t\t\t\t<\/div>\n\t\t<\/section>\n\t\t\t\t<\/div>\n\t\t","protected":false},"excerpt":{"rendered":"<p>Deurne, Sankt Fredegandus Kirche Die Kirche steht im Zentrum von Deurne und steht unter Denkmalschutz. In der \u201eSchlacht von Deurne\u201c zwischen Spaniern und Generalstaaten am 2. M\u00e4rz 1579 werden die Kirche und das ganze Dorf zerst\u00f6rt. In der ersten H\u00e4lfte des 17. Jahrhunderts wurde die frei stehende dreischiffige Kirche im sp\u00e4tgotischen Stil mit Backstein aus [&hellip;]<\/p>\n","protected":false},"author":16,"featured_media":0,"parent":37854,"menu_order":230,"comment_status":"closed","ping_status":"closed","template":"","meta":{"footnotes":""},"class_list":["post-38337","page","type-page","status-publish","hentry"],"aioseo_notices":[],"_links":{"self":[{"href":"https:\/\/topa.be\/de\/wp-json\/wp\/v2\/pages\/38337","targetHints":{"allow":["GET"]}}],"collection":[{"href":"https:\/\/topa.be\/de\/wp-json\/wp\/v2\/pages"}],"about":[{"href":"https:\/\/topa.be\/de\/wp-json\/wp\/v2\/types\/page"}],"author":[{"embeddable":true,"href":"https:\/\/topa.be\/de\/wp-json\/wp\/v2\/users\/16"}],"replies":[{"embeddable":true,"href":"https:\/\/topa.be\/de\/wp-json\/wp\/v2\/comments?post=38337"}],"version-history":[{"count":3,"href":"https:\/\/topa.be\/de\/wp-json\/wp\/v2\/pages\/38337\/revisions"}],"predecessor-version":[{"id":66284,"href":"https:\/\/topa.be\/de\/wp-json\/wp\/v2\/pages\/38337\/revisions\/66284"}],"up":[{"embeddable":true,"href":"https:\/\/topa.be\/de\/wp-json\/wp\/v2\/pages\/37854"}],"wp:attachment":[{"href":"https:\/\/topa.be\/de\/wp-json\/wp\/v2\/media?parent=38337"}],"curies":[{"name":"wp","href":"https:\/\/api.w.org\/{rel}","templated":true}]}}