{"id":38335,"date":"2021-05-29T23:53:39","date_gmt":"2021-05-29T21:53:39","guid":{"rendered":"http:\/\/topa.be\/monumentale-kerken\/ekeren-sint-lambertus\/"},"modified":"2022-03-23T11:36:24","modified_gmt":"2022-03-23T10:36:24","slug":"ekeren-sint-lambertus","status":"publish","type":"page","link":"https:\/\/topa.be\/de\/monumentale-kerken\/ekeren-sint-lambertus\/","title":{"rendered":"Ekeren, Sankt Lambert Kirche"},"content":{"rendered":"\t\t<div data-elementor-type=\"wp-page\" data-elementor-id=\"38335\" class=\"elementor elementor-38335 elementor-34054\" data-elementor-post-type=\"page\">\n\t\t\t\t\t\t<section class=\"elementor-section elementor-top-section elementor-element elementor-element-55c8bf7 elementor-section-boxed elementor-section-height-default elementor-section-height-default\" data-id=\"55c8bf7\" data-element_type=\"section\" data-e-type=\"section\">\n\t\t\t\t\t\t<div class=\"elementor-container elementor-column-gap-default\">\n\t\t\t\t\t<div class=\"elementor-column elementor-col-100 elementor-top-column elementor-element elementor-element-4e60ae7\" data-id=\"4e60ae7\" data-element_type=\"column\" data-e-type=\"column\">\n\t\t\t<div class=\"elementor-widget-wrap elementor-element-populated\">\n\t\t\t\t\t\t<div class=\"elementor-element elementor-element-9ab8a70 elementor-widget elementor-widget-heading\" data-id=\"9ab8a70\" data-element_type=\"widget\" data-e-type=\"widget\" data-widget_type=\"heading.default\">\n\t\t\t\t<div class=\"elementor-widget-container\">\n\t\t\t\t\t<h1 class=\"elementor-heading-title elementor-size-default\">Ekeren, Sankt Lambert Kirche<\/h1>\t\t\t\t<\/div>\n\t\t\t\t<\/div>\n\t\t\t\t\t<\/div>\n\t\t<\/div>\n\t\t\t\t\t<\/div>\n\t\t<\/section>\n\t\t\t\t<section class=\"elementor-section elementor-top-section elementor-element elementor-element-79672d5 elementor-section-boxed elementor-section-height-default elementor-section-height-default\" data-id=\"79672d5\" data-element_type=\"section\" data-e-type=\"section\">\n\t\t\t\t\t\t<div class=\"elementor-container elementor-column-gap-default\">\n\t\t\t\t\t<div class=\"elementor-column elementor-col-50 elementor-top-column elementor-element elementor-element-2b04819\" data-id=\"2b04819\" data-element_type=\"column\" data-e-type=\"column\">\n\t\t\t<div class=\"elementor-widget-wrap elementor-element-populated\">\n\t\t\t\t\t\t<div class=\"elementor-element elementor-element-1a9b752 elementor-widget elementor-widget-image\" data-id=\"1a9b752\" data-element_type=\"widget\" data-e-type=\"widget\" data-widget_type=\"image.default\">\n\t\t\t\t<div class=\"elementor-widget-container\">\n\t\t\t\t\t\t\t\t\t\t\t\t\t\t\t\t<a href=\"https:\/\/topa.be\/wp-content\/uploads\/Ekeren-Lambertus-Buiten.jpg\" data-elementor-open-lightbox=\"yes\" data-elementor-lightbox-title=\"Ekeren Sint-Lambertus Buiten\" data-elementor-lightbox-description=\".\" data-e-action-hash=\"#elementor-action%3Aaction%3Dlightbox%26settings%3DeyJpZCI6MjE2ODksInVybCI6Imh0dHBzOlwvXC90b3BhLmJlXC93cC1jb250ZW50XC91cGxvYWRzXC9Fa2VyZW4tTGFtYmVydHVzLUJ1aXRlbi5qcGcifQ%3D%3D\">\n\t\t\t\t\t\t\t<img fetchpriority=\"high\" decoding=\"async\" width=\"400\" height=\"300\" src=\"https:\/\/topa.be\/wp-content\/uploads\/Ekeren-Lambertus-Buiten.jpg\" class=\"attachment-large size-large wp-image-21689\" alt=\"\" srcset=\"https:\/\/topa.be\/wp-content\/uploads\/Ekeren-Lambertus-Buiten.jpg 400w, https:\/\/topa.be\/wp-content\/uploads\/Ekeren-Lambertus-Buiten-300x225.jpg 300w, https:\/\/topa.be\/wp-content\/uploads\/Ekeren-Lambertus-Buiten-200x150.jpg 200w\" sizes=\"(max-width: 400px) 100vw, 400px\" \/>\t\t\t\t\t\t\t\t<\/a>\n\t\t\t\t\t\t\t\t\t\t\t\t\t\t\t<\/div>\n\t\t\t\t<\/div>\n\t\t\t\t\t<\/div>\n\t\t<\/div>\n\t\t\t\t<div class=\"elementor-column elementor-col-50 elementor-top-column elementor-element elementor-element-a7569de\" data-id=\"a7569de\" data-element_type=\"column\" data-e-type=\"column\">\n\t\t\t<div class=\"elementor-widget-wrap elementor-element-populated\">\n\t\t\t\t\t\t<div class=\"elementor-element elementor-element-68002bf elementor-widget elementor-widget-image\" data-id=\"68002bf\" data-element_type=\"widget\" data-e-type=\"widget\" data-widget_type=\"image.default\">\n\t\t\t\t<div class=\"elementor-widget-container\">\n\t\t\t\t\t\t\t\t\t\t\t\t\t\t\t\t<a href=\"https:\/\/topa.be\/wp-content\/uploads\/Ekeren-Sint-Lambertus-Binnen.jpg\" data-elementor-open-lightbox=\"yes\" data-elementor-lightbox-title=\"Ekeren-Sint-Lambertus-Binnen\" data-e-action-hash=\"#elementor-action%3Aaction%3Dlightbox%26settings%3DeyJpZCI6MjE3MTMsInVybCI6Imh0dHBzOlwvXC90b3BhLmJlXC93cC1jb250ZW50XC91cGxvYWRzXC9Fa2VyZW4tU2ludC1MYW1iZXJ0dXMtQmlubmVuLmpwZyJ9\">\n\t\t\t\t\t\t\t<img decoding=\"async\" width=\"800\" height=\"599\" src=\"https:\/\/topa.be\/wp-content\/uploads\/Ekeren-Sint-Lambertus-Binnen.jpg\" class=\"attachment-large size-large wp-image-21713\" alt=\"\" srcset=\"https:\/\/topa.be\/wp-content\/uploads\/Ekeren-Sint-Lambertus-Binnen.jpg 940w, https:\/\/topa.be\/wp-content\/uploads\/Ekeren-Sint-Lambertus-Binnen-300x225.jpg 300w, https:\/\/topa.be\/wp-content\/uploads\/Ekeren-Sint-Lambertus-Binnen-200x150.jpg 200w, https:\/\/topa.be\/wp-content\/uploads\/Ekeren-Sint-Lambertus-Binnen-768x575.jpg 768w\" sizes=\"(max-width: 800px) 100vw, 800px\" \/>\t\t\t\t\t\t\t\t<\/a>\n\t\t\t\t\t\t\t\t\t\t\t\t\t\t\t<\/div>\n\t\t\t\t<\/div>\n\t\t\t\t\t<\/div>\n\t\t<\/div>\n\t\t\t\t\t<\/div>\n\t\t<\/section>\n\t\t\t\t<section class=\"elementor-section elementor-top-section elementor-element elementor-element-aad1749 elementor-section-boxed elementor-section-height-default elementor-section-height-default\" data-id=\"aad1749\" data-element_type=\"section\" data-e-type=\"section\">\n\t\t\t\t\t\t<div class=\"elementor-container elementor-column-gap-default\">\n\t\t\t\t\t<div class=\"elementor-column elementor-col-100 elementor-top-column elementor-element elementor-element-9e32f4c\" data-id=\"9e32f4c\" data-element_type=\"column\" data-e-type=\"column\">\n\t\t\t<div class=\"elementor-widget-wrap elementor-element-populated\">\n\t\t\t\t\t\t<div class=\"elementor-element elementor-element-de4fbdd elementor-widget elementor-widget-text-editor\" data-id=\"de4fbdd\" data-element_type=\"widget\" data-e-type=\"widget\" data-widget_type=\"text-editor.default\">\n\t\t\t\t<div class=\"elementor-widget-container\">\n\t\t\t\t\t\t\t\t\t<p style=\"text-align: justify;\">St. Lambert ist eine urspr\u00fcnglich gotische Kirche. Die gotische Chor aus Backstein stammt aus dem 15. Jahrhundert, der eindrucksvolle Westturm aus wei\u00dfem Sandstein ist von 1504 und die Turmspitze von 1911. N\u00fcchterner Innenraum, mit historischen M\u00f6beln: ein Beichtstuhl und Heiligenskulpturen von A. Quellinus (1660 und 1668), Kanzel von L. Willemsens (1701), Orgelgeh\u00e4use von C. de Cock (1713), eine Forceville-Orgel (1713), und Glasmalerei von u. a. Stalins und Janssens (ca. 1890).<\/p>\n\t\t\t\t\t\t\t\t<\/div>\n\t\t\t\t<\/div>\n\t\t\t\t\t<\/div>\n\t\t<\/div>\n\t\t\t\t\t<\/div>\n\t\t<\/section>\n\t\t\t\t<section class=\"elementor-section elementor-top-section elementor-element elementor-element-47c85d85 elementor-section-boxed elementor-section-height-default elementor-section-height-default\" data-id=\"47c85d85\" data-element_type=\"section\" data-e-type=\"section\">\n\t\t\t\t\t\t<div class=\"elementor-container elementor-column-gap-default\">\n\t\t\t\t\t<div class=\"elementor-column elementor-col-100 elementor-top-column elementor-element elementor-element-43c86158\" data-id=\"43c86158\" data-element_type=\"column\" data-e-type=\"column\">\n\t\t\t<div class=\"elementor-widget-wrap elementor-element-populated\">\n\t\t\t\t\t\t<div class=\"elementor-element elementor-element-41ba5682 elementor-widget elementor-widget-text-editor\" data-id=\"41ba5682\" data-element_type=\"widget\" data-e-type=\"widget\" data-widget_type=\"text-editor.default\">\n\t\t\t\t<div class=\"elementor-widget-container\">\n\t\t\t\t\t\t\t\t\t<p style=\"text-align: justify;\">Mit <a href=\"https:\/\/goo.gl\/maps\/UqPBknzqmbVgrGL16\"><strong>DIESE KARTE<\/strong><\/a> k\u00f6nnen Sie eine Route in Funktion Ihres Verkehrsmittels bestimmen.<br \/>\nVielleicht m\u00f6chten Sie VELO-Antwerpen verwenden:\u00a0<strong><a href=\"https:\/\/www.velo-antwerpen.be\/de\">https:\/\/www.velo-antwerpen.be\/de<\/a><\/strong><\/p>\n\t\t\t\t\t\t\t\t<\/div>\n\t\t\t\t<\/div>\n\t\t\t\t\t<\/div>\n\t\t<\/div>\n\t\t\t\t\t<\/div>\n\t\t<\/section>\n\t\t\t\t<section class=\"elementor-section elementor-top-section elementor-element elementor-element-44cf7e9 elementor-section-boxed elementor-section-height-default elementor-section-height-default\" data-id=\"44cf7e9\" data-element_type=\"section\" data-e-type=\"section\">\n\t\t\t\t\t\t<div class=\"elementor-container elementor-column-gap-default\">\n\t\t\t\t\t<div class=\"elementor-column elementor-col-50 elementor-top-column elementor-element elementor-element-2364db4\" data-id=\"2364db4\" data-element_type=\"column\" data-e-type=\"column\">\n\t\t\t<div class=\"elementor-widget-wrap elementor-element-populated\">\n\t\t\t\t\t\t<div class=\"elementor-element elementor-element-706484a elementor-widget elementor-widget-text-editor\" data-id=\"706484a\" data-element_type=\"widget\" data-e-type=\"widget\" data-widget_type=\"text-editor.default\">\n\t\t\t\t<div class=\"elementor-widget-container\">\n\t\t\t\t\t\t\t\t\t<h2 style=\"text-align: justify;\">Praktische Informationen<\/h2>\n<p><strong>Gottesdienste<\/strong><strong><br \/>\n<\/strong>Samstag 17:30.<br \/>\nSontag 10:00 und 11:15<strong>\u00a0<\/strong><\/p>\n<p><strong>Besuch<\/strong><strong><br \/>\n<\/strong>Jeden Mittwoch und Freitag von 9 bis 12 Uhr.<strong>\u00a0<\/strong><\/p>\n<p><strong>Pfarramt<\/strong><strong><br \/>\n<\/strong>Frans Lenaertsstraat 6<br \/>\n2180 Ekeren<br \/>\nTel. +32 (0)3 542 67 68<br \/>\n<a href=\"mailto:st.lambertus.ekeren@parochies.kerknet.be\"><strong>st.lambertus.ekeren@parochies.kerknet.be<\/strong><\/a><\/p>\n\t\t\t\t\t\t\t\t<\/div>\n\t\t\t\t<\/div>\n\t\t\t\t\t<\/div>\n\t\t<\/div>\n\t\t\t\t<div class=\"elementor-column elementor-col-50 elementor-top-column elementor-element elementor-element-03224ec\" data-id=\"03224ec\" data-element_type=\"column\" data-e-type=\"column\">\n\t\t\t<div class=\"elementor-widget-wrap elementor-element-populated\">\n\t\t\t\t\t\t<div class=\"elementor-element elementor-element-879cafa elementor-widget elementor-widget-text-editor\" data-id=\"879cafa\" data-element_type=\"widget\" data-e-type=\"widget\" data-widget_type=\"text-editor.default\">\n\t\t\t\t<div class=\"elementor-widget-container\">\n\t\t\t\t\t\t\t\t\t<p>.<\/p>\n\t\t\t\t\t\t\t\t<\/div>\n\t\t\t\t<\/div>\n\t\t\t\t\t<\/div>\n\t\t<\/div>\n\t\t\t\t\t<\/div>\n\t\t<\/section>\n\t\t\t\t<\/div>\n\t\t","protected":false},"excerpt":{"rendered":"<p>Ekeren, Sankt Lambert Kirche St. Lambert ist eine urspr\u00fcnglich gotische Kirche. Die gotische Chor aus Backstein stammt aus dem 15. Jahrhundert, der eindrucksvolle Westturm aus wei\u00dfem Sandstein ist von 1504 und die Turmspitze von 1911. N\u00fcchterner Innenraum, mit historischen M\u00f6beln: ein Beichtstuhl und Heiligenskulpturen von A. Quellinus (1660 und 1668), Kanzel von L. Willemsens (1701), [&hellip;]<\/p>\n","protected":false},"author":16,"featured_media":0,"parent":37854,"menu_order":240,"comment_status":"closed","ping_status":"closed","template":"","meta":{"footnotes":""},"class_list":["post-38335","page","type-page","status-publish","hentry"],"aioseo_notices":[],"_links":{"self":[{"href":"https:\/\/topa.be\/de\/wp-json\/wp\/v2\/pages\/38335","targetHints":{"allow":["GET"]}}],"collection":[{"href":"https:\/\/topa.be\/de\/wp-json\/wp\/v2\/pages"}],"about":[{"href":"https:\/\/topa.be\/de\/wp-json\/wp\/v2\/types\/page"}],"author":[{"embeddable":true,"href":"https:\/\/topa.be\/de\/wp-json\/wp\/v2\/users\/16"}],"replies":[{"embeddable":true,"href":"https:\/\/topa.be\/de\/wp-json\/wp\/v2\/comments?post=38335"}],"version-history":[{"count":3,"href":"https:\/\/topa.be\/de\/wp-json\/wp\/v2\/pages\/38335\/revisions"}],"predecessor-version":[{"id":64410,"href":"https:\/\/topa.be\/de\/wp-json\/wp\/v2\/pages\/38335\/revisions\/64410"}],"up":[{"embeddable":true,"href":"https:\/\/topa.be\/de\/wp-json\/wp\/v2\/pages\/37854"}],"wp:attachment":[{"href":"https:\/\/topa.be\/de\/wp-json\/wp\/v2\/media?parent=38335"}],"curies":[{"name":"wp","href":"https:\/\/api.w.org\/{rel}","templated":true}]}}