{"id":38333,"date":"2021-05-29T23:47:38","date_gmt":"2021-05-29T21:47:38","guid":{"rendered":"http:\/\/topa.be\/monumentale-kerken\/ekeren-sint-laurentius\/"},"modified":"2022-03-23T11:39:47","modified_gmt":"2022-03-23T10:39:47","slug":"ekeren-sint-laurentius","status":"publish","type":"page","link":"https:\/\/topa.be\/de\/monumentale-kerken\/ekeren-sint-laurentius\/","title":{"rendered":"Ekeren, Sankt Lorenz Kirche"},"content":{"rendered":"\t\t<div data-elementor-type=\"wp-page\" data-elementor-id=\"38333\" class=\"elementor elementor-38333 elementor-34056\" data-elementor-post-type=\"page\">\n\t\t\t\t\t\t<section class=\"elementor-section elementor-top-section elementor-element elementor-element-969a38e elementor-section-boxed elementor-section-height-default elementor-section-height-default\" data-id=\"969a38e\" data-element_type=\"section\" data-e-type=\"section\">\n\t\t\t\t\t\t<div class=\"elementor-container elementor-column-gap-default\">\n\t\t\t\t\t<div class=\"elementor-column elementor-col-100 elementor-top-column elementor-element elementor-element-253e55f\" data-id=\"253e55f\" data-element_type=\"column\" data-e-type=\"column\">\n\t\t\t<div class=\"elementor-widget-wrap elementor-element-populated\">\n\t\t\t\t\t\t<div class=\"elementor-element elementor-element-b8d6d21 elementor-widget elementor-widget-heading\" data-id=\"b8d6d21\" data-element_type=\"widget\" data-e-type=\"widget\" data-widget_type=\"heading.default\">\n\t\t\t\t<div class=\"elementor-widget-container\">\n\t\t\t\t\t<h1 class=\"elementor-heading-title elementor-size-default\">Ekeren, Sankt Lorenz Kirche<\/h1>\t\t\t\t<\/div>\n\t\t\t\t<\/div>\n\t\t\t\t\t<\/div>\n\t\t<\/div>\n\t\t\t\t\t<\/div>\n\t\t<\/section>\n\t\t\t\t<section class=\"elementor-section elementor-top-section elementor-element elementor-element-f928fac elementor-section-boxed elementor-section-height-default elementor-section-height-default\" data-id=\"f928fac\" data-element_type=\"section\" data-e-type=\"section\">\n\t\t\t\t\t\t<div class=\"elementor-container elementor-column-gap-default\">\n\t\t\t\t\t<div class=\"elementor-column elementor-col-50 elementor-top-column elementor-element elementor-element-b504c5e\" data-id=\"b504c5e\" data-element_type=\"column\" data-e-type=\"column\">\n\t\t\t<div class=\"elementor-widget-wrap elementor-element-populated\">\n\t\t\t\t\t\t<div class=\"elementor-element elementor-element-7fdbbc6 elementor-widget elementor-widget-image\" data-id=\"7fdbbc6\" data-element_type=\"widget\" data-e-type=\"widget\" data-widget_type=\"image.default\">\n\t\t\t\t<div class=\"elementor-widget-container\">\n\t\t\t\t\t\t\t\t\t\t\t\t\t\t\t\t<a href=\"https:\/\/topa.be\/wp-content\/uploads\/Ekeren-Sint-Laurentius-Buiten.jpg\" data-elementor-open-lightbox=\"yes\" data-elementor-lightbox-title=\"Ekeren Sint-Laurentius Buiten\" data-elementor-lightbox-description=\"OLYMPUS DIGITAL CAMERA\" data-e-action-hash=\"#elementor-action%3Aaction%3Dlightbox%26settings%3DeyJpZCI6MjE3NzMsInVybCI6Imh0dHBzOlwvXC90b3BhLmJlXC93cC1jb250ZW50XC91cGxvYWRzXC9Fa2VyZW4tU2ludC1MYXVyZW50aXVzLUJ1aXRlbi5qcGcifQ%3D%3D\">\n\t\t\t\t\t\t\t<img fetchpriority=\"high\" decoding=\"async\" width=\"512\" height=\"385\" src=\"https:\/\/topa.be\/wp-content\/uploads\/Ekeren-Sint-Laurentius-Buiten.jpg\" class=\"attachment-large size-large wp-image-21773\" alt=\"\" srcset=\"https:\/\/topa.be\/wp-content\/uploads\/Ekeren-Sint-Laurentius-Buiten.jpg 512w, https:\/\/topa.be\/wp-content\/uploads\/Ekeren-Sint-Laurentius-Buiten-300x226.jpg 300w, https:\/\/topa.be\/wp-content\/uploads\/Ekeren-Sint-Laurentius-Buiten-200x150.jpg 200w\" sizes=\"(max-width: 512px) 100vw, 512px\" \/>\t\t\t\t\t\t\t\t<\/a>\n\t\t\t\t\t\t\t\t\t\t\t\t\t\t\t<\/div>\n\t\t\t\t<\/div>\n\t\t\t\t\t<\/div>\n\t\t<\/div>\n\t\t\t\t<div class=\"elementor-column elementor-col-50 elementor-top-column elementor-element elementor-element-f81c396\" data-id=\"f81c396\" data-element_type=\"column\" data-e-type=\"column\">\n\t\t\t<div class=\"elementor-widget-wrap elementor-element-populated\">\n\t\t\t\t\t\t<div class=\"elementor-element elementor-element-9275a57 elementor-widget elementor-widget-image\" data-id=\"9275a57\" data-element_type=\"widget\" data-e-type=\"widget\" data-widget_type=\"image.default\">\n\t\t\t\t<div class=\"elementor-widget-container\">\n\t\t\t\t\t\t\t\t\t\t\t\t\t\t\t\t<a href=\"https:\/\/topa.be\/wp-content\/uploads\/Ekeren-Sint-Laurentius-Binnen.jpg\" data-elementor-open-lightbox=\"yes\" data-elementor-lightbox-title=\"Ekeren-Sint-Laurentius-Binnen\" data-e-action-hash=\"#elementor-action%3Aaction%3Dlightbox%26settings%3DeyJpZCI6MjE3NjEsInVybCI6Imh0dHBzOlwvXC90b3BhLmJlXC93cC1jb250ZW50XC91cGxvYWRzXC9Fa2VyZW4tU2ludC1MYXVyZW50aXVzLUJpbm5lbi5qcGcifQ%3D%3D\">\n\t\t\t\t\t\t\t<img decoding=\"async\" width=\"800\" height=\"599\" src=\"https:\/\/topa.be\/wp-content\/uploads\/Ekeren-Sint-Laurentius-Binnen.jpg\" class=\"attachment-large size-large wp-image-21761\" alt=\"\" srcset=\"https:\/\/topa.be\/wp-content\/uploads\/Ekeren-Sint-Laurentius-Binnen.jpg 1024w, https:\/\/topa.be\/wp-content\/uploads\/Ekeren-Sint-Laurentius-Binnen-300x225.jpg 300w, https:\/\/topa.be\/wp-content\/uploads\/Ekeren-Sint-Laurentius-Binnen-200x150.jpg 200w, https:\/\/topa.be\/wp-content\/uploads\/Ekeren-Sint-Laurentius-Binnen-768x575.jpg 768w\" sizes=\"(max-width: 800px) 100vw, 800px\" \/>\t\t\t\t\t\t\t\t<\/a>\n\t\t\t\t\t\t\t\t\t\t\t\t\t\t\t<\/div>\n\t\t\t\t<\/div>\n\t\t\t\t\t<\/div>\n\t\t<\/div>\n\t\t\t\t\t<\/div>\n\t\t<\/section>\n\t\t\t\t<section class=\"elementor-section elementor-top-section elementor-element elementor-element-e62d19c elementor-section-boxed elementor-section-height-default elementor-section-height-default\" data-id=\"e62d19c\" data-element_type=\"section\" data-e-type=\"section\">\n\t\t\t\t\t\t<div class=\"elementor-container elementor-column-gap-default\">\n\t\t\t\t\t<div class=\"elementor-column elementor-col-100 elementor-top-column elementor-element elementor-element-aa3741b\" data-id=\"aa3741b\" data-element_type=\"column\" data-e-type=\"column\">\n\t\t\t<div class=\"elementor-widget-wrap elementor-element-populated\">\n\t\t\t\t\t\t<div class=\"elementor-element elementor-element-81d3f59 elementor-widget elementor-widget-text-editor\" data-id=\"81d3f59\" data-element_type=\"widget\" data-e-type=\"widget\" data-widget_type=\"text-editor.default\">\n\t\t\t\t<div class=\"elementor-widget-container\">\n\t\t\t\t\t\t\t\t\t<p style=\"text-align: justify;\">Die Sankt Laurentius Kirche in Ekeren-Schoonbroek ist buchst\u00e4blich ein Au\u00dfenseiter, sowohl was die Lage als auch die Architektur betrifft. W\u00e4hrend der Erweiterung des Hafens von Antwerpen wurden eine Reihe von Polderd\u00f6rfern, darunter auch der benachbarte Wilmarsdonk, vollst\u00e4ndig von der Landkarte gestrichen. Die jahrhundertealte gotische Dorfkirche musste sich ihr stellen und wurde 1966 abgerissen. Sein Turm ist das einzige Leuchtfeuer des verschwundenen Dorfes, das inmitten endloser Containerhaufen einsam stehen geblieben ist. Um der vertriebenen Bev\u00f6lkerung ein neues Zuhause zu geben, wurde neben dem Dorf Ekeren, der neue Bezirk Schoonbroek gebaut das eine eigenst\u00e4ndigen Gemeinde wird. Als Erbin der Gemeinde Wilmarsdonk wurde ihr auch der Schutzpatron des verschwundenen Wilmarsdonks zugewiesen: Laurentius.<\/p>\n<p>Die Notfallkapelle diente rund 25 Jahre lang bis zur Einweihung der heutigen Kirche im Jahr 1980, entworfen von P. Schellekens und K. Beuten.<\/p>\n<p style=\"text-align: justify;\">Als Erbe der ehemaligen Dorfkirche Wilmarsdonk beherbergt diese moderne Kirche einige der Kunstwerke und religi\u00f6sen Artefakte aus der abgerissenen Polderkirche. Die auff\u00e4lligste und klangvollste ist nat\u00fcrlich die k\u00fcrzlich restaurierte barocke Bremser-Orgel, die fast einzigartig ist.\u00a0 Sie stammt aus dem dritten Viertel des 17. Jahrhunderts.<\/p>\n\t\t\t\t\t\t\t\t<\/div>\n\t\t\t\t<\/div>\n\t\t\t\t\t<\/div>\n\t\t<\/div>\n\t\t\t\t\t<\/div>\n\t\t<\/section>\n\t\t\t\t<section class=\"elementor-section elementor-top-section elementor-element elementor-element-3354c6b1 elementor-section-boxed elementor-section-height-default elementor-section-height-default\" data-id=\"3354c6b1\" data-element_type=\"section\" data-e-type=\"section\">\n\t\t\t\t\t\t<div class=\"elementor-container elementor-column-gap-default\">\n\t\t\t\t\t<div class=\"elementor-column elementor-col-100 elementor-top-column elementor-element elementor-element-38ec1ee7\" data-id=\"38ec1ee7\" data-element_type=\"column\" data-e-type=\"column\">\n\t\t\t<div class=\"elementor-widget-wrap elementor-element-populated\">\n\t\t\t\t\t\t<div class=\"elementor-element elementor-element-448d0287 elementor-widget elementor-widget-text-editor\" data-id=\"448d0287\" data-element_type=\"widget\" data-e-type=\"widget\" data-widget_type=\"text-editor.default\">\n\t\t\t\t<div class=\"elementor-widget-container\">\n\t\t\t\t\t\t\t\t\t<p style=\"text-align: justify;\">Mit <a href=\"https:\/\/goo.gl\/maps\/LJa9zc8aEyvAWyoh9\"><strong>DIESE KARTE<\/strong><\/a> k\u00f6nnen Sie eine Route in Funktion Ihres Verkehrsmittels bestimmen.<br \/>\nVielleicht m\u00f6chten Sie VELO-Antwerpen verwenden:\u00a0<strong><a href=\"https:\/\/www.velo-antwerpen.be\/de\">https:\/\/www.velo-antwerpen.be\/de<\/a><\/strong><\/p>\n\t\t\t\t\t\t\t\t<\/div>\n\t\t\t\t<\/div>\n\t\t\t\t\t<\/div>\n\t\t<\/div>\n\t\t\t\t\t<\/div>\n\t\t<\/section>\n\t\t\t\t<\/div>\n\t\t","protected":false},"excerpt":{"rendered":"<p>Ekeren, Sankt Lorenz Kirche Die Sankt Laurentius Kirche in Ekeren-Schoonbroek ist buchst\u00e4blich ein Au\u00dfenseiter, sowohl was die Lage als auch die Architektur betrifft. W\u00e4hrend der Erweiterung des Hafens von Antwerpen wurden eine Reihe von Polderd\u00f6rfern, darunter auch der benachbarte Wilmarsdonk, vollst\u00e4ndig von der Landkarte gestrichen. Die jahrhundertealte gotische Dorfkirche musste sich ihr stellen und wurde [&hellip;]<\/p>\n","protected":false},"author":16,"featured_media":0,"parent":37854,"menu_order":250,"comment_status":"closed","ping_status":"closed","template":"","meta":{"footnotes":""},"class_list":["post-38333","page","type-page","status-publish","hentry"],"aioseo_notices":[],"_links":{"self":[{"href":"https:\/\/topa.be\/de\/wp-json\/wp\/v2\/pages\/38333","targetHints":{"allow":["GET"]}}],"collection":[{"href":"https:\/\/topa.be\/de\/wp-json\/wp\/v2\/pages"}],"about":[{"href":"https:\/\/topa.be\/de\/wp-json\/wp\/v2\/types\/page"}],"author":[{"embeddable":true,"href":"https:\/\/topa.be\/de\/wp-json\/wp\/v2\/users\/16"}],"replies":[{"embeddable":true,"href":"https:\/\/topa.be\/de\/wp-json\/wp\/v2\/comments?post=38333"}],"version-history":[{"count":3,"href":"https:\/\/topa.be\/de\/wp-json\/wp\/v2\/pages\/38333\/revisions"}],"predecessor-version":[{"id":64419,"href":"https:\/\/topa.be\/de\/wp-json\/wp\/v2\/pages\/38333\/revisions\/64419"}],"up":[{"embeddable":true,"href":"https:\/\/topa.be\/de\/wp-json\/wp\/v2\/pages\/37854"}],"wp:attachment":[{"href":"https:\/\/topa.be\/de\/wp-json\/wp\/v2\/media?parent=38333"}],"curies":[{"name":"wp","href":"https:\/\/api.w.org\/{rel}","templated":true}]}}