{"id":38329,"date":"2021-05-29T23:33:09","date_gmt":"2021-05-29T21:33:09","guid":{"rendered":"http:\/\/topa.be\/monumentale-kerken\/merksem-st-bartholomeus\/"},"modified":"2022-03-28T16:43:41","modified_gmt":"2022-03-28T14:43:41","slug":"merksem-st-bartholomeus","status":"publish","type":"page","link":"https:\/\/topa.be\/de\/monumentale-kerken\/merksem-st-bartholomeus\/","title":{"rendered":"Merksem, Sankt Bartholom\u00e4us Kirche"},"content":{"rendered":"\t\t<div data-elementor-type=\"wp-page\" data-elementor-id=\"38329\" class=\"elementor elementor-38329 elementor-34060\" data-elementor-post-type=\"page\">\n\t\t\t\t\t\t<section class=\"elementor-section elementor-top-section elementor-element elementor-element-e132e9c elementor-section-boxed elementor-section-height-default elementor-section-height-default\" data-id=\"e132e9c\" data-element_type=\"section\" data-e-type=\"section\">\n\t\t\t\t\t\t<div class=\"elementor-container elementor-column-gap-default\">\n\t\t\t\t\t<div class=\"elementor-column elementor-col-100 elementor-top-column elementor-element elementor-element-08f9945\" data-id=\"08f9945\" data-element_type=\"column\" data-e-type=\"column\">\n\t\t\t<div class=\"elementor-widget-wrap elementor-element-populated\">\n\t\t\t\t\t\t<div class=\"elementor-element elementor-element-8be23ac elementor-widget elementor-widget-heading\" data-id=\"8be23ac\" data-element_type=\"widget\" data-e-type=\"widget\" data-widget_type=\"heading.default\">\n\t\t\t\t<div class=\"elementor-widget-container\">\n\t\t\t\t\t<h1 class=\"elementor-heading-title elementor-size-default\">Merksem, Sankt Bartholom\u00e4us Kirche<\/h1>\t\t\t\t<\/div>\n\t\t\t\t<\/div>\n\t\t\t\t\t<\/div>\n\t\t<\/div>\n\t\t\t\t\t<\/div>\n\t\t<\/section>\n\t\t\t\t<section class=\"elementor-section elementor-top-section elementor-element elementor-element-c6c9908 elementor-section-boxed elementor-section-height-default elementor-section-height-default\" data-id=\"c6c9908\" data-element_type=\"section\" data-e-type=\"section\">\n\t\t\t\t\t\t<div class=\"elementor-container elementor-column-gap-default\">\n\t\t\t\t\t<div class=\"elementor-column elementor-col-50 elementor-top-column elementor-element elementor-element-40ad881\" data-id=\"40ad881\" data-element_type=\"column\" data-e-type=\"column\">\n\t\t\t<div class=\"elementor-widget-wrap elementor-element-populated\">\n\t\t\t\t\t\t<div class=\"elementor-element elementor-element-2c051a8 elementor-widget elementor-widget-image\" data-id=\"2c051a8\" data-element_type=\"widget\" data-e-type=\"widget\" data-widget_type=\"image.default\">\n\t\t\t\t<div class=\"elementor-widget-container\">\n\t\t\t\t\t\t\t\t\t\t\t\t\t\t\t\t<a href=\"https:\/\/topa.be\/wp-content\/uploads\/Merksem-Sint-Bartholomeus-Buiten.jpg\" data-elementor-open-lightbox=\"yes\" data-elementor-lightbox-title=\"Merksem Sint-Bartholomeus Buiten\" data-e-action-hash=\"#elementor-action%3Aaction%3Dlightbox%26settings%3DeyJpZCI6MjMzMDksInVybCI6Imh0dHBzOlwvXC90b3BhLmJlXC93cC1jb250ZW50XC91cGxvYWRzXC9NZXJrc2VtLVNpbnQtQmFydGhvbG9tZXVzLUJ1aXRlbi5qcGcifQ%3D%3D\">\n\t\t\t\t\t\t\t<img fetchpriority=\"high\" decoding=\"async\" width=\"800\" height=\"600\" src=\"https:\/\/topa.be\/wp-content\/uploads\/Merksem-Sint-Bartholomeus-Buiten.jpg\" class=\"attachment-large size-large wp-image-23309\" alt=\"\" srcset=\"https:\/\/topa.be\/wp-content\/uploads\/Merksem-Sint-Bartholomeus-Buiten.jpg 1024w, https:\/\/topa.be\/wp-content\/uploads\/Merksem-Sint-Bartholomeus-Buiten-300x225.jpg 300w, https:\/\/topa.be\/wp-content\/uploads\/Merksem-Sint-Bartholomeus-Buiten-200x150.jpg 200w, https:\/\/topa.be\/wp-content\/uploads\/Merksem-Sint-Bartholomeus-Buiten-768x576.jpg 768w\" sizes=\"(max-width: 800px) 100vw, 800px\" \/>\t\t\t\t\t\t\t\t<\/a>\n\t\t\t\t\t\t\t\t\t\t\t\t\t\t\t<\/div>\n\t\t\t\t<\/div>\n\t\t\t\t\t<\/div>\n\t\t<\/div>\n\t\t\t\t<div class=\"elementor-column elementor-col-50 elementor-top-column elementor-element elementor-element-2f04fd5\" data-id=\"2f04fd5\" data-element_type=\"column\" data-e-type=\"column\">\n\t\t\t<div class=\"elementor-widget-wrap elementor-element-populated\">\n\t\t\t\t\t\t<div class=\"elementor-element elementor-element-36e08cd elementor-widget elementor-widget-image\" data-id=\"36e08cd\" data-element_type=\"widget\" data-e-type=\"widget\" data-widget_type=\"image.default\">\n\t\t\t\t<div class=\"elementor-widget-container\">\n\t\t\t\t\t\t\t\t\t\t\t\t\t\t\t\t<a href=\"https:\/\/topa.be\/wp-content\/uploads\/Merksem-Sint-Bartholomeus-Binnen.jpg\" data-elementor-open-lightbox=\"yes\" data-elementor-lightbox-title=\"Merksem Sint-Bartholomeus Binnen\" data-e-action-hash=\"#elementor-action%3Aaction%3Dlightbox%26settings%3DeyJpZCI6MjMyOTcsInVybCI6Imh0dHBzOlwvXC90b3BhLmJlXC93cC1jb250ZW50XC91cGxvYWRzXC9NZXJrc2VtLVNpbnQtQmFydGhvbG9tZXVzLUJpbm5lbi5qcGcifQ%3D%3D\">\n\t\t\t\t\t\t\t<img decoding=\"async\" width=\"512\" height=\"383\" src=\"https:\/\/topa.be\/wp-content\/uploads\/Merksem-Sint-Bartholomeus-Binnen.jpg\" class=\"attachment-large size-large wp-image-23297\" alt=\"\" srcset=\"https:\/\/topa.be\/wp-content\/uploads\/Merksem-Sint-Bartholomeus-Binnen.jpg 512w, https:\/\/topa.be\/wp-content\/uploads\/Merksem-Sint-Bartholomeus-Binnen-300x224.jpg 300w, https:\/\/topa.be\/wp-content\/uploads\/Merksem-Sint-Bartholomeus-Binnen-200x150.jpg 200w\" sizes=\"(max-width: 512px) 100vw, 512px\" \/>\t\t\t\t\t\t\t\t<\/a>\n\t\t\t\t\t\t\t\t\t\t\t\t\t\t\t<\/div>\n\t\t\t\t<\/div>\n\t\t\t\t\t<\/div>\n\t\t<\/div>\n\t\t\t\t\t<\/div>\n\t\t<\/section>\n\t\t\t\t<section class=\"elementor-section elementor-top-section elementor-element elementor-element-87eb2d0 elementor-section-boxed elementor-section-height-default elementor-section-height-default\" data-id=\"87eb2d0\" data-element_type=\"section\" data-e-type=\"section\">\n\t\t\t\t\t\t<div class=\"elementor-container elementor-column-gap-default\">\n\t\t\t\t\t<div class=\"elementor-column elementor-col-100 elementor-top-column elementor-element elementor-element-c87b9a4\" data-id=\"c87b9a4\" data-element_type=\"column\" data-e-type=\"column\">\n\t\t\t<div class=\"elementor-widget-wrap elementor-element-populated\">\n\t\t\t\t\t\t<div class=\"elementor-element elementor-element-1523fc7 elementor-widget elementor-widget-text-editor\" data-id=\"1523fc7\" data-element_type=\"widget\" data-e-type=\"widget\" data-widget_type=\"text-editor.default\">\n\t\t\t\t<div class=\"elementor-widget-container\">\n\t\t\t\t\t\t\t\t\t<p style=\"text-align: justify;\">Orientierte Kreuzkirche mit eingebautem Westturm n\u00f6rdlich des Chores. Das Geb\u00e4ude reicht bis in das 15. Jahrhundert zur\u00fcck. Sowohl die Kirche wird dramatisch zunehmen in der 18., 19. und 20. Jahrhundert. Nach der fast vollst\u00e4ndigen Zerst\u00f6rung im 2. Weltkrieg wurde die Kirche zwischen 1947 und 1950 mit dem Vorkriegs-Plan von dem Architekten H. Huygh wieder aufgebaut. Die Kirche hat eine F\u00fclle von Barockm\u00f6bel: die St.-Bartholom\u00e4us-Portikus Altar Paschier (1645), die Seitenalt\u00e4re W. Kerrickx und W. Pompe (fr\u00fches 18. Jahrhundert), aus dem 17. Jahrhundert Verkleidung, die Beichtst\u00fchle und die Gemeinschaft Schienen Cornelis Struyf (1734). Kanzel von Jan Pieter Van Baurscheit (1725) noch die Medaillons erhalten. Im 20. Jahrhundert ist die Kirche mit Buntglasfenstern von u.a. A. Stalin (1914) und J. Huet (1939) bereichert.<\/p>\n\t\t\t\t\t\t\t\t<\/div>\n\t\t\t\t<\/div>\n\t\t\t\t\t<\/div>\n\t\t<\/div>\n\t\t\t\t\t<\/div>\n\t\t<\/section>\n\t\t\t\t<section class=\"elementor-section elementor-top-section elementor-element elementor-element-7afe5fff elementor-section-boxed elementor-section-height-default elementor-section-height-default\" data-id=\"7afe5fff\" data-element_type=\"section\" data-e-type=\"section\">\n\t\t\t\t\t\t<div class=\"elementor-container elementor-column-gap-default\">\n\t\t\t\t\t<div class=\"elementor-column elementor-col-100 elementor-top-column elementor-element elementor-element-78b1498d\" data-id=\"78b1498d\" data-element_type=\"column\" data-e-type=\"column\">\n\t\t\t<div class=\"elementor-widget-wrap elementor-element-populated\">\n\t\t\t\t\t\t<div class=\"elementor-element elementor-element-119bc93c elementor-widget elementor-widget-text-editor\" data-id=\"119bc93c\" data-element_type=\"widget\" data-e-type=\"widget\" data-widget_type=\"text-editor.default\">\n\t\t\t\t<div class=\"elementor-widget-container\">\n\t\t\t\t\t\t\t\t\t<p style=\"text-align: justify;\">Mit <a href=\"https:\/\/goo.gl\/maps\/1cpjmTzdbvUPRd9C9\"><strong>DIESE KARTE<\/strong><\/a> k\u00f6nnen Sie eine Route in Funktion Ihres Verkehrsmittels bestimmen.<br \/>\nVielleicht m\u00f6chten Sie VELO-Antwerpen verwenden:\u00a0<strong><a href=\"https:\/\/www.velo-antwerpen.be\/de\">https:\/\/www.velo-antwerpen.be\/de<\/a><\/strong><\/p>\n\t\t\t\t\t\t\t\t<\/div>\n\t\t\t\t<\/div>\n\t\t\t\t\t<\/div>\n\t\t<\/div>\n\t\t\t\t\t<\/div>\n\t\t<\/section>\n\t\t\t\t<section class=\"elementor-section elementor-top-section elementor-element elementor-element-0ab6eee elementor-section-boxed elementor-section-height-default elementor-section-height-default\" data-id=\"0ab6eee\" data-element_type=\"section\" data-e-type=\"section\">\n\t\t\t\t\t\t<div class=\"elementor-container elementor-column-gap-default\">\n\t\t\t\t\t<div class=\"elementor-column elementor-col-50 elementor-top-column elementor-element elementor-element-a168b58\" data-id=\"a168b58\" data-element_type=\"column\" data-e-type=\"column\">\n\t\t\t<div class=\"elementor-widget-wrap elementor-element-populated\">\n\t\t\t\t\t\t<div class=\"elementor-element elementor-element-56b5ef7 elementor-widget elementor-widget-text-editor\" data-id=\"56b5ef7\" data-element_type=\"widget\" data-e-type=\"widget\" data-widget_type=\"text-editor.default\">\n\t\t\t\t<div class=\"elementor-widget-container\">\n\t\t\t\t\t\t\t\t\t<h2>Praktische Informationen<\/h2>\n<p><strong>Gottesdienst<\/strong><br \/>\nSonntag: 11:00<strong>\u00a0<\/strong><\/p>\n<p><strong>Besuch<\/strong><br \/>\nauf Anfrage von +32 (0)3 645 47 46<strong>\u00a0<\/strong><\/p>\n<p style=\"text-align: justify;\"><strong>Pfarramt<\/strong><br \/>\nSint-Bartholomeusstraat 1A<br \/>\n2170 Merksem<br \/>\n+32 (0)3 645 47 46<br \/>\n<strong><br \/>\n<\/strong><a href=\"mailto:sint.bartholomeus@belgacom.net\"><strong>sint.bartholomeus@belgacom.net<\/strong><\/a><strong>\u00a0<\/strong><strong>\u00a0\u00a0<\/strong><\/p>\n\t\t\t\t\t\t\t\t<\/div>\n\t\t\t\t<\/div>\n\t\t\t\t\t<\/div>\n\t\t<\/div>\n\t\t\t\t<div class=\"elementor-column elementor-col-50 elementor-top-column elementor-element elementor-element-4ee5f5c\" data-id=\"4ee5f5c\" data-element_type=\"column\" data-e-type=\"column\">\n\t\t\t<div class=\"elementor-widget-wrap elementor-element-populated\">\n\t\t\t\t\t\t<div class=\"elementor-element elementor-element-a60f7dd elementor-widget elementor-widget-text-editor\" data-id=\"a60f7dd\" data-element_type=\"widget\" data-e-type=\"widget\" data-widget_type=\"text-editor.default\">\n\t\t\t\t<div class=\"elementor-widget-container\">\n\t\t\t\t\t\t\t\t\t<p>.<\/p>\n\t\t\t\t\t\t\t\t<\/div>\n\t\t\t\t<\/div>\n\t\t\t\t\t<\/div>\n\t\t<\/div>\n\t\t\t\t\t<\/div>\n\t\t<\/section>\n\t\t\t\t<\/div>\n\t\t","protected":false},"excerpt":{"rendered":"<p>Merksem, Sankt Bartholom\u00e4us Kirche Orientierte Kreuzkirche mit eingebautem Westturm n\u00f6rdlich des Chores. Das Geb\u00e4ude reicht bis in das 15. Jahrhundert zur\u00fcck. Sowohl die Kirche wird dramatisch zunehmen in der 18., 19. und 20. Jahrhundert. Nach der fast vollst\u00e4ndigen Zerst\u00f6rung im 2. Weltkrieg wurde die Kirche zwischen 1947 und 1950 mit dem Vorkriegs-Plan von dem Architekten [&hellip;]<\/p>\n","protected":false},"author":16,"featured_media":0,"parent":37854,"menu_order":280,"comment_status":"closed","ping_status":"closed","template":"","meta":{"footnotes":""},"class_list":["post-38329","page","type-page","status-publish","hentry"],"aioseo_notices":[],"_links":{"self":[{"href":"https:\/\/topa.be\/de\/wp-json\/wp\/v2\/pages\/38329","targetHints":{"allow":["GET"]}}],"collection":[{"href":"https:\/\/topa.be\/de\/wp-json\/wp\/v2\/pages"}],"about":[{"href":"https:\/\/topa.be\/de\/wp-json\/wp\/v2\/types\/page"}],"author":[{"embeddable":true,"href":"https:\/\/topa.be\/de\/wp-json\/wp\/v2\/users\/16"}],"replies":[{"embeddable":true,"href":"https:\/\/topa.be\/de\/wp-json\/wp\/v2\/comments?post=38329"}],"version-history":[{"count":3,"href":"https:\/\/topa.be\/de\/wp-json\/wp\/v2\/pages\/38329\/revisions"}],"predecessor-version":[{"id":64441,"href":"https:\/\/topa.be\/de\/wp-json\/wp\/v2\/pages\/38329\/revisions\/64441"}],"up":[{"embeddable":true,"href":"https:\/\/topa.be\/de\/wp-json\/wp\/v2\/pages\/37854"}],"wp:attachment":[{"href":"https:\/\/topa.be\/de\/wp-json\/wp\/v2\/media?parent=38329"}],"curies":[{"name":"wp","href":"https:\/\/api.w.org\/{rel}","templated":true}]}}