{"id":38327,"date":"2021-05-29T23:29:09","date_gmt":"2021-05-29T21:29:09","guid":{"rendered":"http:\/\/topa.be\/monumentale-kerken\/merksem-st-franciscus-van-assisi\/"},"modified":"2022-03-28T16:48:51","modified_gmt":"2022-03-28T14:48:51","slug":"merksem-st-franciscus-van-assisi","status":"publish","type":"page","link":"https:\/\/topa.be\/de\/monumentale-kerken\/merksem-st-franciscus-van-assisi\/","title":{"rendered":"Merksem, Sankt Franz von Assisi Kirche"},"content":{"rendered":"\t\t<div data-elementor-type=\"wp-page\" data-elementor-id=\"38327\" class=\"elementor elementor-38327 elementor-34062\" data-elementor-post-type=\"page\">\n\t\t\t\t\t\t<section class=\"elementor-section elementor-top-section elementor-element elementor-element-e34e5e0 elementor-section-boxed elementor-section-height-default elementor-section-height-default\" data-id=\"e34e5e0\" data-element_type=\"section\" data-e-type=\"section\">\n\t\t\t\t\t\t<div class=\"elementor-container elementor-column-gap-default\">\n\t\t\t\t\t<div class=\"elementor-column elementor-col-100 elementor-top-column elementor-element elementor-element-4b21a8c\" data-id=\"4b21a8c\" data-element_type=\"column\" data-e-type=\"column\">\n\t\t\t<div class=\"elementor-widget-wrap elementor-element-populated\">\n\t\t\t\t\t\t<div class=\"elementor-element elementor-element-580aafe elementor-widget elementor-widget-heading\" data-id=\"580aafe\" data-element_type=\"widget\" data-e-type=\"widget\" data-widget_type=\"heading.default\">\n\t\t\t\t<div class=\"elementor-widget-container\">\n\t\t\t\t\t<h1 class=\"elementor-heading-title elementor-size-default\">Merksem, Sankt Franz von Assisi Kirche<\/h1>\t\t\t\t<\/div>\n\t\t\t\t<\/div>\n\t\t\t\t\t<\/div>\n\t\t<\/div>\n\t\t\t\t\t<\/div>\n\t\t<\/section>\n\t\t\t\t<section class=\"elementor-section elementor-top-section elementor-element elementor-element-8c850d3 elementor-section-boxed elementor-section-height-default elementor-section-height-default\" data-id=\"8c850d3\" data-element_type=\"section\" data-e-type=\"section\">\n\t\t\t\t\t\t<div class=\"elementor-container elementor-column-gap-default\">\n\t\t\t\t\t<div class=\"elementor-column elementor-col-50 elementor-top-column elementor-element elementor-element-7843c95\" data-id=\"7843c95\" data-element_type=\"column\" data-e-type=\"column\">\n\t\t\t<div class=\"elementor-widget-wrap elementor-element-populated\">\n\t\t\t\t\t\t<div class=\"elementor-element elementor-element-de72e70 elementor-widget elementor-widget-image\" data-id=\"de72e70\" data-element_type=\"widget\" data-e-type=\"widget\" data-widget_type=\"image.default\">\n\t\t\t\t<div class=\"elementor-widget-container\">\n\t\t\t\t\t\t\t\t\t\t\t\t\t\t\t\t<a href=\"https:\/\/topa.be\/wp-content\/uploads\/Merksem-Sint-Franciscus-Buiten.jpg\" data-elementor-open-lightbox=\"yes\" data-elementor-lightbox-title=\"Merksem Sint-Franciscus Buiten\" data-e-action-hash=\"#elementor-action%3Aaction%3Dlightbox%26settings%3DeyJpZCI6MjMzODEsInVybCI6Imh0dHBzOlwvXC90b3BhLmJlXC93cC1jb250ZW50XC91cGxvYWRzXC9NZXJrc2VtLVNpbnQtRnJhbmNpc2N1cy1CdWl0ZW4uanBnIn0%3D\">\n\t\t\t\t\t\t\t<img fetchpriority=\"high\" decoding=\"async\" width=\"800\" height=\"600\" src=\"https:\/\/topa.be\/wp-content\/uploads\/Merksem-Sint-Franciscus-Buiten.jpg\" class=\"attachment-large size-large wp-image-23381\" alt=\"\" srcset=\"https:\/\/topa.be\/wp-content\/uploads\/Merksem-Sint-Franciscus-Buiten.jpg 1024w, https:\/\/topa.be\/wp-content\/uploads\/Merksem-Sint-Franciscus-Buiten-300x225.jpg 300w, https:\/\/topa.be\/wp-content\/uploads\/Merksem-Sint-Franciscus-Buiten-200x150.jpg 200w, https:\/\/topa.be\/wp-content\/uploads\/Merksem-Sint-Franciscus-Buiten-768x576.jpg 768w\" sizes=\"(max-width: 800px) 100vw, 800px\" \/>\t\t\t\t\t\t\t\t<\/a>\n\t\t\t\t\t\t\t\t\t\t\t\t\t\t\t<\/div>\n\t\t\t\t<\/div>\n\t\t\t\t\t<\/div>\n\t\t<\/div>\n\t\t\t\t<div class=\"elementor-column elementor-col-50 elementor-top-column elementor-element elementor-element-201c43a\" data-id=\"201c43a\" data-element_type=\"column\" data-e-type=\"column\">\n\t\t\t<div class=\"elementor-widget-wrap elementor-element-populated\">\n\t\t\t\t\t\t<div class=\"elementor-element elementor-element-41ecff8 elementor-widget elementor-widget-image\" data-id=\"41ecff8\" data-element_type=\"widget\" data-e-type=\"widget\" data-widget_type=\"image.default\">\n\t\t\t\t<div class=\"elementor-widget-container\">\n\t\t\t\t\t\t\t\t\t\t\t\t\t\t\t\t<a href=\"https:\/\/topa.be\/wp-content\/uploads\/Merksem-Sint-Franciscus-Binnen.jpg\" data-elementor-open-lightbox=\"yes\" data-elementor-lightbox-title=\"Merksem-Sint-Franciscus-Binnen\" data-e-action-hash=\"#elementor-action%3Aaction%3Dlightbox%26settings%3DeyJpZCI6MjMzNjksInVybCI6Imh0dHBzOlwvXC90b3BhLmJlXC93cC1jb250ZW50XC91cGxvYWRzXC9NZXJrc2VtLVNpbnQtRnJhbmNpc2N1cy1CaW5uZW4uanBnIn0%3D\">\n\t\t\t\t\t\t\t<img decoding=\"async\" width=\"800\" height=\"599\" src=\"https:\/\/topa.be\/wp-content\/uploads\/Merksem-Sint-Franciscus-Binnen.jpg\" class=\"attachment-large size-large wp-image-23369\" alt=\"\" srcset=\"https:\/\/topa.be\/wp-content\/uploads\/Merksem-Sint-Franciscus-Binnen.jpg 1024w, https:\/\/topa.be\/wp-content\/uploads\/Merksem-Sint-Franciscus-Binnen-300x225.jpg 300w, https:\/\/topa.be\/wp-content\/uploads\/Merksem-Sint-Franciscus-Binnen-200x150.jpg 200w, https:\/\/topa.be\/wp-content\/uploads\/Merksem-Sint-Franciscus-Binnen-768x575.jpg 768w\" sizes=\"(max-width: 800px) 100vw, 800px\" \/>\t\t\t\t\t\t\t\t<\/a>\n\t\t\t\t\t\t\t\t\t\t\t\t\t\t\t<\/div>\n\t\t\t\t<\/div>\n\t\t\t\t\t<\/div>\n\t\t<\/div>\n\t\t\t\t\t<\/div>\n\t\t<\/section>\n\t\t\t\t<section class=\"elementor-section elementor-top-section elementor-element elementor-element-6b1da35 elementor-section-boxed elementor-section-height-default elementor-section-height-default\" data-id=\"6b1da35\" data-element_type=\"section\" data-e-type=\"section\">\n\t\t\t\t\t\t<div class=\"elementor-container elementor-column-gap-default\">\n\t\t\t\t\t<div class=\"elementor-column elementor-col-100 elementor-top-column elementor-element elementor-element-81c3135\" data-id=\"81c3135\" data-element_type=\"column\" data-e-type=\"column\">\n\t\t\t<div class=\"elementor-widget-wrap elementor-element-populated\">\n\t\t\t\t\t\t<div class=\"elementor-element elementor-element-b5ae40b elementor-widget elementor-widget-text-editor\" data-id=\"b5ae40b\" data-element_type=\"widget\" data-e-type=\"widget\" data-widget_type=\"text-editor.default\">\n\t\t\t\t<div class=\"elementor-widget-container\">\n\t\t\t\t\t\t\t\t\t<p style=\"text-align: justify;\">Eklektische Kirche, erbaut 1893-1896 von dem Architekten H. Blomme, im sp\u00e4ten neoromanischen Stil mit neobyzantinische Aspekte. Orientierte Basilika. Alt\u00e4re, Altarbilder und M\u00f6bel von Pierre Peeters (1903), Buntglasfenster ausgef\u00fchrt von Hochreiter &amp; Geyer (1909), Crespin &amp; Calders (1947) Steyaert (1910), Stalin (1912).<\/p>\n\t\t\t\t\t\t\t\t<\/div>\n\t\t\t\t<\/div>\n\t\t\t\t\t<\/div>\n\t\t<\/div>\n\t\t\t\t\t<\/div>\n\t\t<\/section>\n\t\t\t\t<section class=\"elementor-section elementor-top-section elementor-element elementor-element-4204d474 elementor-section-boxed elementor-section-height-default elementor-section-height-default\" data-id=\"4204d474\" data-element_type=\"section\" data-e-type=\"section\">\n\t\t\t\t\t\t<div class=\"elementor-container elementor-column-gap-default\">\n\t\t\t\t\t<div class=\"elementor-column elementor-col-100 elementor-top-column elementor-element elementor-element-578714e5\" data-id=\"578714e5\" data-element_type=\"column\" data-e-type=\"column\">\n\t\t\t<div class=\"elementor-widget-wrap elementor-element-populated\">\n\t\t\t\t\t\t<div class=\"elementor-element elementor-element-1c451769 elementor-widget elementor-widget-text-editor\" data-id=\"1c451769\" data-element_type=\"widget\" data-e-type=\"widget\" data-widget_type=\"text-editor.default\">\n\t\t\t\t<div class=\"elementor-widget-container\">\n\t\t\t\t\t\t\t\t\t<p style=\"text-align: justify;\">Mit <a href=\"https:\/\/goo.gl\/maps\/34MZZ4QzRAzG6xeQ6\"><strong>DIESE KARTE<\/strong><\/a> k\u00f6nnen Sie eine Route in Funktion Ihres Verkehrsmittels bestimmen.<br \/>\nVielleicht m\u00f6chten Sie VELO-Antwerpen verwenden:\u00a0<strong><a href=\"https:\/\/www.velo-antwerpen.be\/de\">https:\/\/www.velo-antwerpen.be\/de<\/a><\/strong><\/p>\n\t\t\t\t\t\t\t\t<\/div>\n\t\t\t\t<\/div>\n\t\t\t\t\t<\/div>\n\t\t<\/div>\n\t\t\t\t\t<\/div>\n\t\t<\/section>\n\t\t\t\t<section class=\"elementor-section elementor-top-section elementor-element elementor-element-8b96120 elementor-section-boxed elementor-section-height-default elementor-section-height-default\" data-id=\"8b96120\" data-element_type=\"section\" data-e-type=\"section\">\n\t\t\t\t\t\t<div class=\"elementor-container elementor-column-gap-default\">\n\t\t\t\t\t<div class=\"elementor-column elementor-col-50 elementor-top-column elementor-element elementor-element-52e585c\" data-id=\"52e585c\" data-element_type=\"column\" data-e-type=\"column\">\n\t\t\t<div class=\"elementor-widget-wrap\">\n\t\t\t\t\t\t\t<\/div>\n\t\t<\/div>\n\t\t\t\t<div class=\"elementor-column elementor-col-50 elementor-top-column elementor-element elementor-element-6d1fc96\" data-id=\"6d1fc96\" data-element_type=\"column\" data-e-type=\"column\">\n\t\t\t<div class=\"elementor-widget-wrap elementor-element-populated\">\n\t\t\t\t\t\t<div class=\"elementor-element elementor-element-9f291f4 elementor-widget elementor-widget-text-editor\" data-id=\"9f291f4\" data-element_type=\"widget\" data-e-type=\"widget\" data-widget_type=\"text-editor.default\">\n\t\t\t\t<div class=\"elementor-widget-container\">\n\t\t\t\t\t\t\t\t\t<p>.<\/p>\n\t\t\t\t\t\t\t\t<\/div>\n\t\t\t\t<\/div>\n\t\t\t\t\t<\/div>\n\t\t<\/div>\n\t\t\t\t\t<\/div>\n\t\t<\/section>\n\t\t\t\t<\/div>\n\t\t","protected":false},"excerpt":{"rendered":"<p>Merksem, Sankt Franz von Assisi Kirche Eklektische Kirche, erbaut 1893-1896 von dem Architekten H. Blomme, im sp\u00e4ten neoromanischen Stil mit neobyzantinische Aspekte. Orientierte Basilika. Alt\u00e4re, Altarbilder und M\u00f6bel von Pierre Peeters (1903), Buntglasfenster ausgef\u00fchrt von Hochreiter &amp; Geyer (1909), Crespin &amp; Calders (1947) Steyaert (1910), Stalin (1912). Mit DIESE KARTE k\u00f6nnen Sie eine Route in [&hellip;]<\/p>\n","protected":false},"author":16,"featured_media":0,"parent":37854,"menu_order":290,"comment_status":"closed","ping_status":"closed","template":"","meta":{"footnotes":""},"class_list":["post-38327","page","type-page","status-publish","hentry"],"aioseo_notices":[],"_links":{"self":[{"href":"https:\/\/topa.be\/de\/wp-json\/wp\/v2\/pages\/38327","targetHints":{"allow":["GET"]}}],"collection":[{"href":"https:\/\/topa.be\/de\/wp-json\/wp\/v2\/pages"}],"about":[{"href":"https:\/\/topa.be\/de\/wp-json\/wp\/v2\/types\/page"}],"author":[{"embeddable":true,"href":"https:\/\/topa.be\/de\/wp-json\/wp\/v2\/users\/16"}],"replies":[{"embeddable":true,"href":"https:\/\/topa.be\/de\/wp-json\/wp\/v2\/comments?post=38327"}],"version-history":[{"count":3,"href":"https:\/\/topa.be\/de\/wp-json\/wp\/v2\/pages\/38327\/revisions"}],"predecessor-version":[{"id":64450,"href":"https:\/\/topa.be\/de\/wp-json\/wp\/v2\/pages\/38327\/revisions\/64450"}],"up":[{"embeddable":true,"href":"https:\/\/topa.be\/de\/wp-json\/wp\/v2\/pages\/37854"}],"wp:attachment":[{"href":"https:\/\/topa.be\/de\/wp-json\/wp\/v2\/media?parent=38327"}],"curies":[{"name":"wp","href":"https:\/\/api.w.org\/{rel}","templated":true}]}}