{"id":38065,"date":"2021-05-28T00:29:23","date_gmt":"2021-05-27T22:29:23","guid":{"rendered":"http:\/\/topa.be\/monumentale-kerken\/kapel-olv-toevlucht\/"},"modified":"2022-07-12T11:01:35","modified_gmt":"2022-07-12T09:01:35","slug":"kapel-olv-toevlucht","status":"publish","type":"page","link":"https:\/\/topa.be\/de\/monumentale-kerken\/kapel-olv-toevlucht\/","title":{"rendered":"Mariahilf Kapelle"},"content":{"rendered":"\t\t<div data-elementor-type=\"wp-page\" data-elementor-id=\"38065\" class=\"elementor elementor-38065 elementor-34074\" data-elementor-post-type=\"page\">\n\t\t\t\t\t\t<section class=\"elementor-section elementor-top-section elementor-element elementor-element-49fc104 elementor-section-boxed elementor-section-height-default elementor-section-height-default\" data-id=\"49fc104\" data-element_type=\"section\" data-e-type=\"section\">\n\t\t\t\t\t\t<div class=\"elementor-container elementor-column-gap-default\">\n\t\t\t\t\t<div class=\"elementor-column elementor-col-100 elementor-top-column elementor-element elementor-element-ab5fa59\" data-id=\"ab5fa59\" data-element_type=\"column\" data-e-type=\"column\">\n\t\t\t<div class=\"elementor-widget-wrap elementor-element-populated\">\n\t\t\t\t\t\t<div class=\"elementor-element elementor-element-e9e2a61 elementor-widget elementor-widget-heading\" data-id=\"e9e2a61\" data-element_type=\"widget\" data-e-type=\"widget\" data-widget_type=\"heading.default\">\n\t\t\t\t<div class=\"elementor-widget-container\">\n\t\t\t\t\t<h1 class=\"elementor-heading-title elementor-size-default\">Mariahilf-Kapelle<\/h1>\t\t\t\t<\/div>\n\t\t\t\t<\/div>\n\t\t\t\t\t<\/div>\n\t\t<\/div>\n\t\t\t\t\t<\/div>\n\t\t<\/section>\n\t\t\t\t<section class=\"elementor-section elementor-top-section elementor-element elementor-element-634ba64 elementor-section-boxed elementor-section-height-default elementor-section-height-default\" data-id=\"634ba64\" data-element_type=\"section\" data-e-type=\"section\">\n\t\t\t\t\t\t<div class=\"elementor-container elementor-column-gap-default\">\n\t\t\t\t\t<div class=\"elementor-column elementor-col-100 elementor-top-column elementor-element elementor-element-4db0918\" data-id=\"4db0918\" data-element_type=\"column\" data-e-type=\"column\">\n\t\t\t<div class=\"elementor-widget-wrap elementor-element-populated\">\n\t\t\t\t\t\t<div class=\"elementor-element elementor-element-1d81ca6 elementor-widget elementor-widget-heading\" data-id=\"1d81ca6\" data-element_type=\"widget\" data-e-type=\"widget\" data-widget_type=\"heading.default\">\n\t\t\t\t<div class=\"elementor-widget-container\">\n\t\t\t\t\t<h2 class=\"elementor-heading-title elementor-size-default\">Auch als Schuhmacher-Kapelle bekannt<\/h2>\t\t\t\t<\/div>\n\t\t\t\t<\/div>\n\t\t\t\t\t<\/div>\n\t\t<\/div>\n\t\t\t\t\t<\/div>\n\t\t<\/section>\n\t\t\t\t<section class=\"elementor-section elementor-top-section elementor-element elementor-element-c752c92 elementor-section-boxed elementor-section-height-default elementor-section-height-default\" data-id=\"c752c92\" data-element_type=\"section\" data-e-type=\"section\">\n\t\t\t\t\t\t<div class=\"elementor-container elementor-column-gap-default\">\n\t\t\t\t\t<div class=\"elementor-column elementor-col-50 elementor-top-column elementor-element elementor-element-4433233\" data-id=\"4433233\" data-element_type=\"column\" data-e-type=\"column\">\n\t\t\t<div class=\"elementor-widget-wrap elementor-element-populated\">\n\t\t\t\t\t\t<div class=\"elementor-element elementor-element-8fc4140 elementor-widget elementor-widget-image\" data-id=\"8fc4140\" data-element_type=\"widget\" data-e-type=\"widget\" data-widget_type=\"image.default\">\n\t\t\t\t<div class=\"elementor-widget-container\">\n\t\t\t\t\t\t\t\t\t\t\t\t\t\t\t\t<a href=\"https:\/\/topa.be\/wp-content\/uploads\/Antwerpen-Schoenmakerskapel-Buiten.jpg\" data-elementor-open-lightbox=\"yes\" data-elementor-lightbox-title=\"Antwerpen-Schoenmakerskapel-Buiten\" data-e-action-hash=\"#elementor-action%3Aaction%3Dlightbox%26settings%3DeyJpZCI6MTMzMDEsInVybCI6Imh0dHBzOlwvXC90b3BhLmJlXC93cC1jb250ZW50XC91cGxvYWRzXC9BbnR3ZXJwZW4tU2Nob2VubWFrZXJza2FwZWwtQnVpdGVuLmpwZyJ9\">\n\t\t\t\t\t\t\t<img fetchpriority=\"high\" decoding=\"async\" width=\"800\" height=\"449\" src=\"https:\/\/topa.be\/wp-content\/uploads\/Antwerpen-Schoenmakerskapel-Buiten.jpg\" class=\"attachment-large size-large wp-image-13301\" alt=\"\" srcset=\"https:\/\/topa.be\/wp-content\/uploads\/Antwerpen-Schoenmakerskapel-Buiten.jpg 1024w, https:\/\/topa.be\/wp-content\/uploads\/Antwerpen-Schoenmakerskapel-Buiten-300x168.jpg 300w, https:\/\/topa.be\/wp-content\/uploads\/Antwerpen-Schoenmakerskapel-Buiten-200x112.jpg 200w, https:\/\/topa.be\/wp-content\/uploads\/Antwerpen-Schoenmakerskapel-Buiten-768x431.jpg 768w\" sizes=\"(max-width: 800px) 100vw, 800px\" \/>\t\t\t\t\t\t\t\t<\/a>\n\t\t\t\t\t\t\t\t\t\t\t\t\t\t\t<\/div>\n\t\t\t\t<\/div>\n\t\t\t\t\t<\/div>\n\t\t<\/div>\n\t\t\t\t<div class=\"elementor-column elementor-col-50 elementor-top-column elementor-element elementor-element-c829949\" data-id=\"c829949\" data-element_type=\"column\" data-e-type=\"column\">\n\t\t\t<div class=\"elementor-widget-wrap elementor-element-populated\">\n\t\t\t\t\t\t<div class=\"elementor-element elementor-element-acaf8cf elementor-widget elementor-widget-image\" data-id=\"acaf8cf\" data-element_type=\"widget\" data-e-type=\"widget\" data-widget_type=\"image.default\">\n\t\t\t\t<div class=\"elementor-widget-container\">\n\t\t\t\t\t\t\t\t\t\t\t\t\t\t\t\t<a href=\"https:\/\/topa.be\/wp-content\/uploads\/Antwerpen-Schoenmakerskapel-Binnen.jpg\" data-elementor-open-lightbox=\"yes\" data-elementor-lightbox-title=\"Antwerpen-Schoenmakerskapel-Binnen\" data-e-action-hash=\"#elementor-action%3Aaction%3Dlightbox%26settings%3DeyJpZCI6MTMyODksInVybCI6Imh0dHBzOlwvXC90b3BhLmJlXC93cC1jb250ZW50XC91cGxvYWRzXC9BbnR3ZXJwZW4tU2Nob2VubWFrZXJza2FwZWwtQmlubmVuLmpwZyJ9\">\n\t\t\t\t\t\t\t<img decoding=\"async\" width=\"800\" height=\"449\" src=\"https:\/\/topa.be\/wp-content\/uploads\/Antwerpen-Schoenmakerskapel-Binnen.jpg\" class=\"attachment-large size-large wp-image-13289\" alt=\"\" srcset=\"https:\/\/topa.be\/wp-content\/uploads\/Antwerpen-Schoenmakerskapel-Binnen.jpg 1024w, https:\/\/topa.be\/wp-content\/uploads\/Antwerpen-Schoenmakerskapel-Binnen-300x168.jpg 300w, https:\/\/topa.be\/wp-content\/uploads\/Antwerpen-Schoenmakerskapel-Binnen-200x112.jpg 200w, https:\/\/topa.be\/wp-content\/uploads\/Antwerpen-Schoenmakerskapel-Binnen-768x431.jpg 768w\" sizes=\"(max-width: 800px) 100vw, 800px\" \/>\t\t\t\t\t\t\t\t<\/a>\n\t\t\t\t\t\t\t\t\t\t\t\t\t\t\t<\/div>\n\t\t\t\t<\/div>\n\t\t\t\t\t<\/div>\n\t\t<\/div>\n\t\t\t\t\t<\/div>\n\t\t<\/section>\n\t\t\t\t<section class=\"elementor-section elementor-top-section elementor-element elementor-element-32de446 elementor-section-boxed elementor-section-height-default elementor-section-height-default\" data-id=\"32de446\" data-element_type=\"section\" data-e-type=\"section\">\n\t\t\t\t\t\t<div class=\"elementor-container elementor-column-gap-default\">\n\t\t\t\t\t<div class=\"elementor-column elementor-col-100 elementor-top-column elementor-element elementor-element-c8c17bf\" data-id=\"c8c17bf\" data-element_type=\"column\" data-e-type=\"column\">\n\t\t\t<div class=\"elementor-widget-wrap elementor-element-populated\">\n\t\t\t\t\t\t<div class=\"elementor-element elementor-element-7dfd890 elementor-widget elementor-widget-text-editor\" data-id=\"7dfd890\" data-element_type=\"widget\" data-e-type=\"widget\" data-widget_type=\"text-editor.default\">\n\t\t\t\t<div class=\"elementor-widget-container\">\n\t\t\t\t\t\t\t\t\t<p style=\"text-align: justify;\">Lieber Besucher, herzlich willkommen in dieser Oase der Ruhe und des Gebets am Schoenmarkt. Aufgrund der Lage kennen die Menschen in Antwerpen dieses Gebetshaus als \u201eSchuhmacherkapelle\u201c. Mit dem Handwerksberuf hat es aber sonst nichts zu tun. Der Name in der Verkleinerungsform zeigt die Sympathie vieler Sinjoren f\u00fcr diesen Gebetsflecken. Die Kapelle badet in einer Atmosph\u00e4re der Volksfr\u00f6mmigkeit: Es werden st\u00e4ndig Kerzen geopfert, der Altar mit Blumen bedeckt, Votivgaben sind in die Wand gemauert. All dies, weil die Kapelle Jesus\u2018 Mutter Maria gewidmet ist: offiziell \u2013 die Kapelle Unserer-Lieben-Frau-von-der-Geburt oder Mariahilfkapelle. Hilfe f\u00fcr alle, unabh\u00e4ngig von den N\u00f6ten, Rang, Stellung oder dem Alter (der Berufung). Einfach nur darum, weil bis in die 1970er eine Menge von Prostituierten aus der Innenstadt kamen, um hier zu beten, verbreitete sich der Spitzname \u201edie Hurenkapelle\u201c.<\/p>\t\t\t\t\t\t\t\t<\/div>\n\t\t\t\t<\/div>\n\t\t\t\t<div class=\"elementor-element elementor-element-8ccf1e9 elementor-widget elementor-widget-text-editor\" data-id=\"8ccf1e9\" data-element_type=\"widget\" data-e-type=\"widget\" data-widget_type=\"text-editor.default\">\n\t\t\t\t<div class=\"elementor-widget-container\">\n\t\t\t\t\t\t\t\t\t<p style=\"text-align: justify;\"><em>Mit gro\u00dfem Bedauern m\u00fcssen wir die Sch\u00f6nmakerskapelle ab dem 4. Juli 2022 auf unbestimmte Zeit schlie\u00dfen, da wir die Sicherheit der Kapelle nicht ausreichend gew\u00e4hrleisten k\u00f6nnen. W\u00e4hrend der Schlie\u00dfung werden wir die notwendigen Arbeiten durchf\u00fchren, um diesen Ort der Andacht auf sichere Art und Weise wieder \u00f6ffnen zu k\u00f6nnen.<\/em><\/p>\r\n<p style=\"text-align: justify;\"><em>In der Zwischenzeit ist jeder willkommen, in die Kathedrale zu kommen, um eine Kerze anzuz\u00fcnden, zu beten oder eine Messe zu feiern. Die Gottesdienste finden werktags um 16.00 Uhr in der Ehrw\u00fcrdigen Kapelle, samstags um 16.00 und 17.30 Uhr (englisch) im Mittelschiff und sonntags um 10.00 und 12.00 Uhr, ebenfalls im Mittelschiff, statt.<\/em><\/p>\r\n<p style=\"text-align: justify;\"><em>In de tussentijd is iedereen natuurlijk van harte welkom\u00a0in de kathedraal, om een kaars te branden, te bidden of een misviering bij te wonen. De vieringen gaan door op weekdagen om 16 u.\u00a0in de Venerabelkapel, op zaterdagen om 16 u. en 17.30 u. (Engels) in de middenbeuk en op zondagen om 10 u. en 12 u., eveneens in de middenbeuk.<\/em><\/p>\t\t\t\t\t\t\t\t<\/div>\n\t\t\t\t<\/div>\n\t\t\t\t\t<\/div>\n\t\t<\/div>\n\t\t\t\t\t<\/div>\n\t\t<\/section>\n\t\t\t\t<section class=\"elementor-section elementor-top-section elementor-element elementor-element-31573f3e elementor-section-boxed elementor-section-height-default elementor-section-height-default\" data-id=\"31573f3e\" data-element_type=\"section\" data-e-type=\"section\">\n\t\t\t\t\t\t<div class=\"elementor-container elementor-column-gap-default\">\n\t\t\t\t\t<div class=\"elementor-column elementor-col-100 elementor-top-column elementor-element elementor-element-4231950d\" data-id=\"4231950d\" data-element_type=\"column\" data-e-type=\"column\">\n\t\t\t<div class=\"elementor-widget-wrap elementor-element-populated\">\n\t\t\t\t\t\t<div class=\"elementor-element elementor-element-3b0c6f2a elementor-widget elementor-widget-text-editor\" data-id=\"3b0c6f2a\" data-element_type=\"widget\" data-e-type=\"widget\" data-widget_type=\"text-editor.default\">\n\t\t\t\t<div class=\"elementor-widget-container\">\n\t\t\t\t\t\t\t\t\t<p style=\"text-align: justify;\">Mit <a href=\"https:\/\/goo.gl\/maps\/g5kJZ6nwFoYmNxno6\"><strong>DIESE KARTE<\/strong><\/a> k\u00f6nnen Sie eine Route in Funktion Ihres Verkehrsmittels bestimmen.\r\nVielleicht m\u00f6chten Sie VELO-Antwerpen verwenden:\u00a0<strong><a href=\"https:\/\/www.velo-antwerpen.be\/de\">https:\/\/www.velo-antwerpen.be\/de<\/a><\/strong><\/p>\t\t\t\t\t\t\t\t<\/div>\n\t\t\t\t<\/div>\n\t\t\t\t\t<\/div>\n\t\t<\/div>\n\t\t\t\t\t<\/div>\n\t\t<\/section>\n\t\t\t\t<section class=\"elementor-section elementor-top-section elementor-element elementor-element-2ef7790 elementor-section-boxed elementor-section-height-default elementor-section-height-default\" data-id=\"2ef7790\" data-element_type=\"section\" data-e-type=\"section\">\n\t\t\t\t\t\t<div class=\"elementor-container elementor-column-gap-default\">\n\t\t\t\t\t<div class=\"elementor-column elementor-col-50 elementor-top-column elementor-element elementor-element-b4370a9\" data-id=\"b4370a9\" data-element_type=\"column\" data-e-type=\"column\">\n\t\t\t<div class=\"elementor-widget-wrap elementor-element-populated\">\n\t\t\t\t\t\t<div class=\"elementor-element elementor-element-32987a3 elementor-widget elementor-widget-text-editor\" data-id=\"32987a3\" data-element_type=\"widget\" data-e-type=\"widget\" data-widget_type=\"text-editor.default\">\n\t\t\t\t<div class=\"elementor-widget-container\">\n\t\t\t\t\t\t\t\t\t<h2 style=\"text-align: justify;\">Praktische Informationen<\/h2>\r\n<strong>Ge\u00f6ffnet f\u00fcr das Gebet, Reflexion und Stille<\/strong><strong>\r\n<\/strong>Montag \u2013 Freitag: 13 \u2013 17 Uhr\r\ngeschlo\u00dfen am Samstag, Sontag und Ferientage\r\n\r\n<strong>Info:<\/strong>\r\nPermanentie Schoenmarkt 8, 2000 Antwerpen\r\n03\/231.53.63\t\t\t\t\t\t\t\t<\/div>\n\t\t\t\t<\/div>\n\t\t\t\t\t<\/div>\n\t\t<\/div>\n\t\t\t\t<div class=\"elementor-column elementor-col-50 elementor-top-column elementor-element elementor-element-9b7b820\" data-id=\"9b7b820\" data-element_type=\"column\" data-e-type=\"column\">\n\t\t\t<div class=\"elementor-widget-wrap elementor-element-populated\">\n\t\t\t\t\t\t<div class=\"elementor-element elementor-element-84f5c71 elementor-widget elementor-widget-text-editor\" data-id=\"84f5c71\" data-element_type=\"widget\" data-e-type=\"widget\" data-widget_type=\"text-editor.default\">\n\t\t\t\t<div class=\"elementor-widget-container\">\n\t\t\t\t\t\t\t\t\t.\t\t\t\t\t\t\t\t<\/div>\n\t\t\t\t<\/div>\n\t\t\t\t<div class=\"elementor-element elementor-element-efc7d3a elementor-widget elementor-widget-text-editor\" data-id=\"efc7d3a\" data-element_type=\"widget\" data-e-type=\"widget\" data-widget_type=\"text-editor.default\">\n\t\t\t\t<div class=\"elementor-widget-container\">\n\t\t\t\t\t\t\t\t\t.\t\t\t\t\t\t\t\t<\/div>\n\t\t\t\t<\/div>\n\t\t\t\t\t<\/div>\n\t\t<\/div>\n\t\t\t\t\t<\/div>\n\t\t<\/section>\n\t\t\t\t<\/div>\n\t\t","protected":false},"excerpt":{"rendered":"<p>Mariahilf-Kapelle Auch als Schuhmacher-Kapelle bekannt Lieber Besucher, herzlich willkommen in dieser Oase der Ruhe und des Gebets am Schoenmarkt. Aufgrund der Lage kennen die Menschen in Antwerpen dieses Gebetshaus als \u201eSchuhmacherkapelle\u201c. Mit dem Handwerksberuf hat es aber sonst nichts zu tun. Der Name in der Verkleinerungsform zeigt die Sympathie vieler Sinjoren f\u00fcr diesen Gebetsflecken. Die [&hellip;]<\/p>\n","protected":false},"author":16,"featured_media":0,"parent":37854,"menu_order":410,"comment_status":"closed","ping_status":"closed","template":"","meta":{"footnotes":""},"class_list":["post-38065","page","type-page","status-publish","hentry"],"aioseo_notices":[],"_links":{"self":[{"href":"https:\/\/topa.be\/de\/wp-json\/wp\/v2\/pages\/38065","targetHints":{"allow":["GET"]}}],"collection":[{"href":"https:\/\/topa.be\/de\/wp-json\/wp\/v2\/pages"}],"about":[{"href":"https:\/\/topa.be\/de\/wp-json\/wp\/v2\/types\/page"}],"author":[{"embeddable":true,"href":"https:\/\/topa.be\/de\/wp-json\/wp\/v2\/users\/16"}],"replies":[{"embeddable":true,"href":"https:\/\/topa.be\/de\/wp-json\/wp\/v2\/comments?post=38065"}],"version-history":[{"count":3,"href":"https:\/\/topa.be\/de\/wp-json\/wp\/v2\/pages\/38065\/revisions"}],"predecessor-version":[{"id":65578,"href":"https:\/\/topa.be\/de\/wp-json\/wp\/v2\/pages\/38065\/revisions\/65578"}],"up":[{"embeddable":true,"href":"https:\/\/topa.be\/de\/wp-json\/wp\/v2\/pages\/37854"}],"wp:attachment":[{"href":"https:\/\/topa.be\/de\/wp-json\/wp\/v2\/media?parent=38065"}],"curies":[{"name":"wp","href":"https:\/\/api.w.org\/{rel}","templated":true}]}}