{"id":38063,"date":"2021-05-28T00:24:32","date_gmt":"2021-05-27T22:24:32","guid":{"rendered":"http:\/\/topa.be\/monumentale-kerken\/sint-annakapel\/"},"modified":"2022-03-28T17:26:57","modified_gmt":"2022-03-28T15:26:57","slug":"sint-annakapel","status":"publish","type":"page","link":"https:\/\/topa.be\/de\/monumentale-kerken\/sint-annakapel\/","title":{"rendered":"Sankt Anna Kapelle"},"content":{"rendered":"\t\t<div data-elementor-type=\"wp-page\" data-elementor-id=\"38063\" class=\"elementor elementor-38063 elementor-34078\" data-elementor-post-type=\"page\">\n\t\t\t\t\t\t<section class=\"elementor-section elementor-top-section elementor-element elementor-element-95b0d73 elementor-section-boxed elementor-section-height-default elementor-section-height-default\" data-id=\"95b0d73\" data-element_type=\"section\" data-e-type=\"section\">\n\t\t\t\t\t\t<div class=\"elementor-container elementor-column-gap-default\">\n\t\t\t\t\t<div class=\"elementor-column elementor-col-100 elementor-top-column elementor-element elementor-element-52da9be\" data-id=\"52da9be\" data-element_type=\"column\" data-e-type=\"column\">\n\t\t\t<div class=\"elementor-widget-wrap elementor-element-populated\">\n\t\t\t\t\t\t<div class=\"elementor-element elementor-element-0ca3259 elementor-widget elementor-widget-heading\" data-id=\"0ca3259\" data-element_type=\"widget\" data-e-type=\"widget\" data-widget_type=\"heading.default\">\n\t\t\t\t<div class=\"elementor-widget-container\">\n\t\t\t\t\t<h1 class=\"elementor-heading-title elementor-size-default\">Sankt-Anna-Kapelle<\/h1>\t\t\t\t<\/div>\n\t\t\t\t<\/div>\n\t\t\t\t\t<\/div>\n\t\t<\/div>\n\t\t\t\t\t<\/div>\n\t\t<\/section>\n\t\t\t\t<section class=\"elementor-section elementor-top-section elementor-element elementor-element-c198893 elementor-section-boxed elementor-section-height-default elementor-section-height-default\" data-id=\"c198893\" data-element_type=\"section\" data-e-type=\"section\">\n\t\t\t\t\t\t<div class=\"elementor-container elementor-column-gap-default\">\n\t\t\t\t\t<div class=\"elementor-column elementor-col-100 elementor-top-column elementor-element elementor-element-aa4408c\" data-id=\"aa4408c\" data-element_type=\"column\" data-e-type=\"column\">\n\t\t\t<div class=\"elementor-widget-wrap elementor-element-populated\">\n\t\t\t\t\t\t<div class=\"elementor-element elementor-element-1ec362e elementor-widget elementor-widget-heading\" data-id=\"1ec362e\" data-element_type=\"widget\" data-e-type=\"widget\" data-widget_type=\"heading.default\">\n\t\t\t\t<div class=\"elementor-widget-container\">\n\t\t\t\t\t<h2 class=\"elementor-heading-title elementor-size-default\">Auch Kaiserkapelle genannt<\/h2>\t\t\t\t<\/div>\n\t\t\t\t<\/div>\n\t\t\t\t\t<\/div>\n\t\t<\/div>\n\t\t\t\t\t<\/div>\n\t\t<\/section>\n\t\t\t\t<section class=\"elementor-section elementor-top-section elementor-element elementor-element-bd3a501 elementor-section-boxed elementor-section-height-default elementor-section-height-default\" data-id=\"bd3a501\" data-element_type=\"section\" data-e-type=\"section\">\n\t\t\t\t\t\t<div class=\"elementor-container elementor-column-gap-default\">\n\t\t\t\t\t<div class=\"elementor-column elementor-col-50 elementor-top-column elementor-element elementor-element-36f3d52\" data-id=\"36f3d52\" data-element_type=\"column\" data-e-type=\"column\">\n\t\t\t<div class=\"elementor-widget-wrap elementor-element-populated\">\n\t\t\t\t\t\t<div class=\"elementor-element elementor-element-0d27436 elementor-widget elementor-widget-image\" data-id=\"0d27436\" data-element_type=\"widget\" data-e-type=\"widget\" data-widget_type=\"image.default\">\n\t\t\t\t<div class=\"elementor-widget-container\">\n\t\t\t\t\t\t\t\t\t\t\t\t\t\t\t\t<a href=\"https:\/\/topa.be\/wp-content\/uploads\/Antwerpen-Keizerskapel-Buiten.jpg\" data-elementor-open-lightbox=\"yes\" data-elementor-lightbox-title=\"Antwerpen-Keizerskapel-Buiten\" data-e-action-hash=\"#elementor-action%3Aaction%3Dlightbox%26settings%3DeyJpZCI6MTMyMjksInVybCI6Imh0dHBzOlwvXC90b3BhLmJlXC93cC1jb250ZW50XC91cGxvYWRzXC9BbnR3ZXJwZW4tS2VpemVyc2thcGVsLUJ1aXRlbi5qcGcifQ%3D%3D\">\n\t\t\t\t\t\t\t<img fetchpriority=\"high\" decoding=\"async\" width=\"800\" height=\"450\" src=\"https:\/\/topa.be\/wp-content\/uploads\/Antwerpen-Keizerskapel-Buiten.jpg\" class=\"attachment-large size-large wp-image-13229\" alt=\"\" srcset=\"https:\/\/topa.be\/wp-content\/uploads\/Antwerpen-Keizerskapel-Buiten.jpg 1024w, https:\/\/topa.be\/wp-content\/uploads\/Antwerpen-Keizerskapel-Buiten-300x169.jpg 300w, https:\/\/topa.be\/wp-content\/uploads\/Antwerpen-Keizerskapel-Buiten-200x113.jpg 200w, https:\/\/topa.be\/wp-content\/uploads\/Antwerpen-Keizerskapel-Buiten-768x432.jpg 768w\" sizes=\"(max-width: 800px) 100vw, 800px\" \/>\t\t\t\t\t\t\t\t<\/a>\n\t\t\t\t\t\t\t\t\t\t\t\t\t\t\t<\/div>\n\t\t\t\t<\/div>\n\t\t\t\t\t<\/div>\n\t\t<\/div>\n\t\t\t\t<div class=\"elementor-column elementor-col-50 elementor-top-column elementor-element elementor-element-8e89980\" data-id=\"8e89980\" data-element_type=\"column\" data-e-type=\"column\">\n\t\t\t<div class=\"elementor-widget-wrap elementor-element-populated\">\n\t\t\t\t\t\t<div class=\"elementor-element elementor-element-4838383 elementor-widget elementor-widget-image\" data-id=\"4838383\" data-element_type=\"widget\" data-e-type=\"widget\" data-widget_type=\"image.default\">\n\t\t\t\t<div class=\"elementor-widget-container\">\n\t\t\t\t\t\t\t\t\t\t\t\t\t\t\t\t<a href=\"https:\/\/topa.be\/wp-content\/uploads\/Antwerpen-Keizerskapel-Binnen.jpg\" data-elementor-open-lightbox=\"yes\" data-elementor-lightbox-title=\"Antwerpen-Keizerskapel-Binnen\" data-e-action-hash=\"#elementor-action%3Aaction%3Dlightbox%26settings%3DeyJpZCI6MTMyMTcsInVybCI6Imh0dHBzOlwvXC90b3BhLmJlXC93cC1jb250ZW50XC91cGxvYWRzXC9BbnR3ZXJwZW4tS2VpemVyc2thcGVsLUJpbm5lbi5qcGcifQ%3D%3D\">\n\t\t\t\t\t\t\t<img decoding=\"async\" width=\"800\" height=\"450\" src=\"https:\/\/topa.be\/wp-content\/uploads\/Antwerpen-Keizerskapel-Binnen.jpg\" class=\"attachment-large size-large wp-image-13217\" alt=\"\" srcset=\"https:\/\/topa.be\/wp-content\/uploads\/Antwerpen-Keizerskapel-Binnen.jpg 1024w, https:\/\/topa.be\/wp-content\/uploads\/Antwerpen-Keizerskapel-Binnen-300x169.jpg 300w, https:\/\/topa.be\/wp-content\/uploads\/Antwerpen-Keizerskapel-Binnen-200x113.jpg 200w, https:\/\/topa.be\/wp-content\/uploads\/Antwerpen-Keizerskapel-Binnen-768x432.jpg 768w\" sizes=\"(max-width: 800px) 100vw, 800px\" \/>\t\t\t\t\t\t\t\t<\/a>\n\t\t\t\t\t\t\t\t\t\t\t\t\t\t\t<\/div>\n\t\t\t\t<\/div>\n\t\t\t\t\t<\/div>\n\t\t<\/div>\n\t\t\t\t\t<\/div>\n\t\t<\/section>\n\t\t\t\t<section class=\"elementor-section elementor-top-section elementor-element elementor-element-345f5c5 elementor-section-boxed elementor-section-height-default elementor-section-height-default\" data-id=\"345f5c5\" data-element_type=\"section\" data-e-type=\"section\">\n\t\t\t\t\t\t<div class=\"elementor-container elementor-column-gap-default\">\n\t\t\t\t\t<div class=\"elementor-column elementor-col-100 elementor-top-column elementor-element elementor-element-eafd3ce\" data-id=\"eafd3ce\" data-element_type=\"column\" data-e-type=\"column\">\n\t\t\t<div class=\"elementor-widget-wrap elementor-element-populated\">\n\t\t\t\t\t\t<div class=\"elementor-element elementor-element-705bef5 elementor-widget elementor-widget-text-editor\" data-id=\"705bef5\" data-element_type=\"widget\" data-e-type=\"widget\" data-widget_type=\"text-editor.default\">\n\t\t\t\t<div class=\"elementor-widget-container\">\n\t\t\t\t\t\t\t\t\t<p style=\"text-align: justify;\">Eine der kleinen historischen Kapellen in Antwerpen ist die Kapelle der Z\u00fcnfte der Trockenrasierer, 1512 in der Keizerstraat gebaut, daher \u201eKaiserkapelle\u201c in der Umgangssprache. Die Bl\u00fctezeit ist auch hier das 17. Jahrhundert, als unter anderem die St. Willebrordgemeinde wegen Sicherheitsbedenken hier ihre zeitliche Heimat findet. Vor allem unter dem Rektorat von Priester Peter Louwe erlebt die Kapelle eine Bl\u00fctezeit. Die gotische Kapelle wird mit einigen barocken M\u00f6belst\u00fccken wie dem Altar geschm\u00fcckt, dazu kommen die Kanzel (Peeter Verbrugghen II), Beichtst\u00fchle, Altarbank, das S\u00fcdportal, der Marmorboden und die sch\u00f6ne Monstranz (Corbion, 1653). Auch die Verehrung des heiligen Liborius sorgte f\u00fcr einen gro\u00dfen Bekannheitsgrad der Kapelle. Nach der Schlie\u00dfung w\u00e4hrend des Franz\u00f6sischen Regimes, war die Kapelle die erste Kirche in Antwerpen, die f\u00fcr die katholische Gottesdienst wiederer\u00f6ffnet wurde. Im 19. Jahrhundert wurde die Kapelle Privatbesitz und ein paar Mal entkam sie der Abrissbirne. Danach \u2013 bis zum heutigen Tag \u2013 ist sie Klosterkapelle der Missionare von Afrika (Wei\u00dfe V\u00e4ter), die hier in der Hafenstadt Antwerpen einen Ausgangspunkt haben f\u00fcr ihre Missionen in \u00dcbersee. Am Ende dem 19. Jahrhundert wurden glanzvolle Fenster (L. Pluys und E. Steyaert) hinzugef\u00fcgt, die das Leben der jungen Maria \u201ereflektieren\u201c. 1994 konnte die Kapelle wieder in ihrem fr\u00fcheren Glanz er\u00f6ffnet werden, dank der Schirmherrschaft von X. Nieberding.<\/p>\n\t\t\t\t\t\t\t\t<\/div>\n\t\t\t\t<\/div>\n\t\t\t\t\t<\/div>\n\t\t<\/div>\n\t\t\t\t\t<\/div>\n\t\t<\/section>\n\t\t\t\t<section class=\"elementor-section elementor-top-section elementor-element elementor-element-68741c10 elementor-section-boxed elementor-section-height-default elementor-section-height-default\" data-id=\"68741c10\" data-element_type=\"section\" data-e-type=\"section\">\n\t\t\t\t\t\t<div class=\"elementor-container elementor-column-gap-default\">\n\t\t\t\t\t<div class=\"elementor-column elementor-col-100 elementor-top-column elementor-element elementor-element-5826c612\" data-id=\"5826c612\" data-element_type=\"column\" data-e-type=\"column\">\n\t\t\t<div class=\"elementor-widget-wrap elementor-element-populated\">\n\t\t\t\t\t\t<div class=\"elementor-element elementor-element-58a840db elementor-widget elementor-widget-text-editor\" data-id=\"58a840db\" data-element_type=\"widget\" data-e-type=\"widget\" data-widget_type=\"text-editor.default\">\n\t\t\t\t<div class=\"elementor-widget-container\">\n\t\t\t\t\t\t\t\t\t<p style=\"text-align: justify;\">Mit <a href=\"https:\/\/goo.gl\/maps\/X8LFCaSxiW94Wa6WA\"><strong>DIESE KARTE<\/strong><\/a> k\u00f6nnen Sie eine Route in Funktion Ihres Verkehrsmittels bestimmen.<br \/>\nVielleicht m\u00f6chten Sie VELO-Antwerpen verwenden:\u00a0<strong><a href=\"https:\/\/www.velo-antwerpen.be\/de\">https:\/\/www.velo-antwerpen.be\/de<\/a><\/strong><\/p>\n\t\t\t\t\t\t\t\t<\/div>\n\t\t\t\t<\/div>\n\t\t\t\t\t<\/div>\n\t\t<\/div>\n\t\t\t\t\t<\/div>\n\t\t<\/section>\n\t\t\t\t<section class=\"elementor-section elementor-top-section elementor-element elementor-element-4cfac87 elementor-section-boxed elementor-section-height-default elementor-section-height-default\" data-id=\"4cfac87\" data-element_type=\"section\" data-e-type=\"section\">\n\t\t\t\t\t\t<div class=\"elementor-container elementor-column-gap-default\">\n\t\t\t\t\t<div class=\"elementor-column elementor-col-50 elementor-top-column elementor-element elementor-element-a353bfd\" data-id=\"a353bfd\" data-element_type=\"column\" data-e-type=\"column\">\n\t\t\t<div class=\"elementor-widget-wrap elementor-element-populated\">\n\t\t\t\t\t\t<div class=\"elementor-element elementor-element-708c958 elementor-widget elementor-widget-text-editor\" data-id=\"708c958\" data-element_type=\"widget\" data-e-type=\"widget\" data-widget_type=\"text-editor.default\">\n\t\t\t\t<div class=\"elementor-widget-container\">\n\t\t\t\t\t\t\t\t\t<h2 style=\"text-align: justify;\">Praktische Informationen<\/h2>\n<p><strong>\u00d6ffnungszeiten<\/strong><strong><br \/>\n<\/strong>Am Samstag, Sonntag und Montag von 13.00 bis 18.00 Uhr<br \/>\nF\u00fcr Gruppen nach Vereinbarung.<strong>\u00a0<\/strong><\/p>\n<p><strong>Info<\/strong><br \/>\nKeizerstraat 21 \u2013 B-2000 Antwerpen,<br \/>\n+32 (0)03 226 76 31<br \/>\nContactpersoon dr. De Bruyn Jean-Pierre:<br \/>\n+32 (0)9 355 69 60<\/p>\n\t\t\t\t\t\t\t\t<\/div>\n\t\t\t\t<\/div>\n\t\t\t\t\t<\/div>\n\t\t<\/div>\n\t\t\t\t<div class=\"elementor-column elementor-col-50 elementor-top-column elementor-element elementor-element-1650eff\" data-id=\"1650eff\" data-element_type=\"column\" data-e-type=\"column\">\n\t\t\t<div class=\"elementor-widget-wrap\">\n\t\t\t\t\t\t\t<\/div>\n\t\t<\/div>\n\t\t\t\t\t<\/div>\n\t\t<\/section>\n\t\t\t\t<\/div>\n\t\t","protected":false},"excerpt":{"rendered":"<p>Sankt-Anna-Kapelle Auch Kaiserkapelle genannt Eine der kleinen historischen Kapellen in Antwerpen ist die Kapelle der Z\u00fcnfte der Trockenrasierer, 1512 in der Keizerstraat gebaut, daher \u201eKaiserkapelle\u201c in der Umgangssprache. Die Bl\u00fctezeit ist auch hier das 17. Jahrhundert, als unter anderem die St. Willebrordgemeinde wegen Sicherheitsbedenken hier ihre zeitliche Heimat findet. Vor allem unter dem Rektorat von [&hellip;]<\/p>\n","protected":false},"author":16,"featured_media":0,"parent":37854,"menu_order":420,"comment_status":"closed","ping_status":"closed","template":"","meta":{"footnotes":""},"class_list":["post-38063","page","type-page","status-publish","hentry"],"aioseo_notices":[],"_links":{"self":[{"href":"https:\/\/topa.be\/de\/wp-json\/wp\/v2\/pages\/38063","targetHints":{"allow":["GET"]}}],"collection":[{"href":"https:\/\/topa.be\/de\/wp-json\/wp\/v2\/pages"}],"about":[{"href":"https:\/\/topa.be\/de\/wp-json\/wp\/v2\/types\/page"}],"author":[{"embeddable":true,"href":"https:\/\/topa.be\/de\/wp-json\/wp\/v2\/users\/16"}],"replies":[{"embeddable":true,"href":"https:\/\/topa.be\/de\/wp-json\/wp\/v2\/comments?post=38063"}],"version-history":[{"count":3,"href":"https:\/\/topa.be\/de\/wp-json\/wp\/v2\/pages\/38063\/revisions"}],"predecessor-version":[{"id":64479,"href":"https:\/\/topa.be\/de\/wp-json\/wp\/v2\/pages\/38063\/revisions\/64479"}],"up":[{"embeddable":true,"href":"https:\/\/topa.be\/de\/wp-json\/wp\/v2\/pages\/37854"}],"wp:attachment":[{"href":"https:\/\/topa.be\/de\/wp-json\/wp\/v2\/media?parent=38063"}],"curies":[{"name":"wp","href":"https:\/\/api.w.org\/{rel}","templated":true}]}}