{"id":38061,"date":"2021-05-28T00:20:42","date_gmt":"2021-05-27T22:20:42","guid":{"rendered":"http:\/\/topa.be\/sint-pauluskerk\/"},"modified":"2022-03-21T11:40:08","modified_gmt":"2022-03-21T10:40:08","slug":"sint-pauluskerk","status":"publish","type":"page","link":"https:\/\/topa.be\/de\/sint-pauluskerk\/","title":{"rendered":"Sankt Paulus Kirche"},"content":{"rendered":"\t\t<div data-elementor-type=\"wp-page\" data-elementor-id=\"38061\" class=\"elementor elementor-38061 elementor-34469\" data-elementor-post-type=\"page\">\n\t\t\t\t\t\t<section class=\"elementor-section elementor-top-section elementor-element elementor-element-d7b45f9 elementor-section-boxed elementor-section-height-default elementor-section-height-default\" data-id=\"d7b45f9\" data-element_type=\"section\" data-e-type=\"section\">\n\t\t\t\t\t\t<div class=\"elementor-container elementor-column-gap-default\">\n\t\t\t\t\t<div class=\"elementor-column elementor-col-100 elementor-top-column elementor-element elementor-element-e95c6b8\" data-id=\"e95c6b8\" data-element_type=\"column\" data-e-type=\"column\">\n\t\t\t<div class=\"elementor-widget-wrap elementor-element-populated\">\n\t\t\t\t\t\t<div class=\"elementor-element elementor-element-372a3e1 elementor-widget elementor-widget-heading\" data-id=\"372a3e1\" data-element_type=\"widget\" data-e-type=\"widget\" data-widget_type=\"heading.default\">\n\t\t\t\t<div class=\"elementor-widget-container\">\n\t\t\t\t\t<h1 class=\"elementor-heading-title elementor-size-default\">Sankt-Paulus-Kirche<\/h1>\t\t\t\t<\/div>\n\t\t\t\t<\/div>\n\t\t\t\t\t<\/div>\n\t\t<\/div>\n\t\t\t\t\t<\/div>\n\t\t<\/section>\n\t\t\t\t<section class=\"elementor-section elementor-top-section elementor-element elementor-element-9b3da52 elementor-section-boxed elementor-section-height-default elementor-section-height-default\" data-id=\"9b3da52\" data-element_type=\"section\" data-e-type=\"section\">\n\t\t\t\t\t\t<div class=\"elementor-container elementor-column-gap-default\">\n\t\t\t\t\t<div class=\"elementor-column elementor-col-100 elementor-top-column elementor-element elementor-element-b8153c1\" data-id=\"b8153c1\" data-element_type=\"column\" data-e-type=\"column\">\n\t\t\t<div class=\"elementor-widget-wrap elementor-element-populated\">\n\t\t\t\t\t\t<section class=\"elementor-section elementor-inner-section elementor-element elementor-element-994d7b7 elementor-section-boxed elementor-section-height-default elementor-section-height-default\" data-id=\"994d7b7\" data-element_type=\"section\" data-e-type=\"section\">\n\t\t\t\t\t\t<div class=\"elementor-container elementor-column-gap-default\">\n\t\t\t\t\t<div class=\"elementor-column elementor-col-50 elementor-inner-column elementor-element elementor-element-fed6abb\" data-id=\"fed6abb\" data-element_type=\"column\" data-e-type=\"column\">\n\t\t\t<div class=\"elementor-widget-wrap elementor-element-populated\">\n\t\t\t\t\t\t<div class=\"elementor-element elementor-element-df46ed0 elementor-widget elementor-widget-image\" data-id=\"df46ed0\" data-element_type=\"widget\" data-e-type=\"widget\" data-widget_type=\"image.default\">\n\t\t\t\t<div class=\"elementor-widget-container\">\n\t\t\t\t\t\t\t\t\t\t\t\t\t\t\t<img fetchpriority=\"high\" decoding=\"async\" width=\"800\" height=\"452\" src=\"https:\/\/topa.be\/wp-content\/uploads\/Antwerpen-Sint-Pauluskerk-Buiten.jpg\" class=\"attachment-large size-large wp-image-13565\" alt=\"\" srcset=\"https:\/\/topa.be\/wp-content\/uploads\/Antwerpen-Sint-Pauluskerk-Buiten.jpg 1024w, https:\/\/topa.be\/wp-content\/uploads\/Antwerpen-Sint-Pauluskerk-Buiten-300x169.jpg 300w, https:\/\/topa.be\/wp-content\/uploads\/Antwerpen-Sint-Pauluskerk-Buiten-200x113.jpg 200w, https:\/\/topa.be\/wp-content\/uploads\/Antwerpen-Sint-Pauluskerk-Buiten-768x434.jpg 768w\" sizes=\"(max-width: 800px) 100vw, 800px\" \/>\t\t\t\t\t\t\t\t\t\t\t\t\t\t\t<\/div>\n\t\t\t\t<\/div>\n\t\t\t\t\t<\/div>\n\t\t<\/div>\n\t\t\t\t<div class=\"elementor-column elementor-col-50 elementor-inner-column elementor-element elementor-element-a726778\" data-id=\"a726778\" data-element_type=\"column\" data-e-type=\"column\">\n\t\t\t<div class=\"elementor-widget-wrap elementor-element-populated\">\n\t\t\t\t\t\t<div class=\"elementor-element elementor-element-a5341da elementor-widget elementor-widget-image\" data-id=\"a5341da\" data-element_type=\"widget\" data-e-type=\"widget\" data-widget_type=\"image.default\">\n\t\t\t\t<div class=\"elementor-widget-container\">\n\t\t\t\t\t\t\t\t\t\t\t\t\t\t\t<img decoding=\"async\" width=\"800\" height=\"452\" src=\"https:\/\/topa.be\/wp-content\/uploads\/Antwerpen-Sint-Pauluskerk-Binnen.jpg\" class=\"attachment-large size-large wp-image-13553\" alt=\"\" srcset=\"https:\/\/topa.be\/wp-content\/uploads\/Antwerpen-Sint-Pauluskerk-Binnen.jpg 1024w, https:\/\/topa.be\/wp-content\/uploads\/Antwerpen-Sint-Pauluskerk-Binnen-300x169.jpg 300w, https:\/\/topa.be\/wp-content\/uploads\/Antwerpen-Sint-Pauluskerk-Binnen-200x113.jpg 200w, https:\/\/topa.be\/wp-content\/uploads\/Antwerpen-Sint-Pauluskerk-Binnen-768x434.jpg 768w\" sizes=\"(max-width: 800px) 100vw, 800px\" \/>\t\t\t\t\t\t\t\t\t\t\t\t\t\t\t<\/div>\n\t\t\t\t<\/div>\n\t\t\t\t\t<\/div>\n\t\t<\/div>\n\t\t\t\t\t<\/div>\n\t\t<\/section>\n\t\t\t\t\t<\/div>\n\t\t<\/div>\n\t\t\t\t\t<\/div>\n\t\t<\/section>\n\t\t\t\t<section class=\"elementor-section elementor-top-section elementor-element elementor-element-33111fd elementor-section-boxed elementor-section-height-default elementor-section-height-default\" data-id=\"33111fd\" data-element_type=\"section\" data-e-type=\"section\">\n\t\t\t\t\t\t<div class=\"elementor-container elementor-column-gap-default\">\n\t\t\t\t\t<div class=\"elementor-column elementor-col-100 elementor-top-column elementor-element elementor-element-7c00d57\" data-id=\"7c00d57\" data-element_type=\"column\" data-e-type=\"column\">\n\t\t\t<div class=\"elementor-widget-wrap elementor-element-populated\">\n\t\t\t\t\t\t<div class=\"elementor-element elementor-element-8c4be78 elementor-widget elementor-widget-text-editor\" data-id=\"8c4be78\" data-element_type=\"widget\" data-e-type=\"widget\" data-widget_type=\"text-editor.default\">\n\t\t\t\t<div class=\"elementor-widget-container\">\n\t\t\t\t\t\t\t\t\t<p style=\"text-align: justify;\">Einen Steinwurf von der Schelde entfernt liegt dieses \u201ebarocke Juwel in einem gotischen Schrein\u201c. Die fr\u00fchere Klosterkirche der Dominikaner aus 1571 ist ein Genuss f\u00fcr das Auge: die pr\u00e4chtigen Barockalt\u00e4re, das aussergew\u00f6hnliche Mobiliar, die besondere Orgel, die mehr als 200 Statuen und mehr als 50 Gem\u00e4lde, darunter eine Folge von 15 St\u00fccken von Jordaens, Teniers, Van Balen, Van Dyck\u2026 Sie verschafft der Kirche ihre einzigartige Ausstrahlung. Der Kalvarien-Garten nebenan erscheint wie ein Fragment aus einem epischen Film \u00fcber das Leiden und die Auferstehung von Christus.<\/p>\n\t\t\t\t\t\t\t\t<\/div>\n\t\t\t\t<\/div>\n\t\t\t\t\t<\/div>\n\t\t<\/div>\n\t\t\t\t\t<\/div>\n\t\t<\/section>\n\t\t\t\t<section class=\"elementor-section elementor-top-section elementor-element elementor-element-534f8c47 elementor-section-boxed elementor-section-height-default elementor-section-height-default\" data-id=\"534f8c47\" data-element_type=\"section\" data-e-type=\"section\">\n\t\t\t\t\t\t<div class=\"elementor-container elementor-column-gap-default\">\n\t\t\t\t\t<div class=\"elementor-column elementor-col-100 elementor-top-column elementor-element elementor-element-263ceb50\" data-id=\"263ceb50\" data-element_type=\"column\" data-e-type=\"column\">\n\t\t\t<div class=\"elementor-widget-wrap elementor-element-populated\">\n\t\t\t\t\t\t<div class=\"elementor-element elementor-element-42ea98a7 elementor-widget elementor-widget-text-editor\" data-id=\"42ea98a7\" data-element_type=\"widget\" data-e-type=\"widget\" data-widget_type=\"text-editor.default\">\n\t\t\t\t<div class=\"elementor-widget-container\">\n\t\t\t\t\t\t\t\t\t<p style=\"text-align: justify;\">Mit <a href=\"https:\/\/goo.gl\/maps\/XhpwcWkffGjWnMks9\"><strong>DIESE KARTE<\/strong><\/a> k\u00f6nnen Sie eine Route in Funktion Ihres Verkehrsmittels bestimmen.<br \/>\nVielleicht m\u00f6chten Sie VELO-Antwerpen verwenden:\u00a0<strong><a href=\"https:\/\/www.velo-antwerpen.be\/de\">https:\/\/www.velo-antwerpen.be\/de<\/a><\/strong><\/p>\n\t\t\t\t\t\t\t\t<\/div>\n\t\t\t\t<\/div>\n\t\t\t\t\t<\/div>\n\t\t<\/div>\n\t\t\t\t\t<\/div>\n\t\t<\/section>\n\t\t\t\t<section class=\"elementor-section elementor-top-section elementor-element elementor-element-7dbc9f7 elementor-section-boxed elementor-section-height-default elementor-section-height-default\" data-id=\"7dbc9f7\" data-element_type=\"section\" data-e-type=\"section\">\n\t\t\t\t\t\t<div class=\"elementor-container elementor-column-gap-default\">\n\t\t\t\t\t<div class=\"elementor-column elementor-col-100 elementor-top-column elementor-element elementor-element-2f540ab\" data-id=\"2f540ab\" data-element_type=\"column\" data-e-type=\"column\">\n\t\t\t<div class=\"elementor-widget-wrap elementor-element-populated\">\n\t\t\t\t\t\t<div class=\"elementor-element elementor-element-b0917dc elementor-widget elementor-widget-text-editor\" data-id=\"b0917dc\" data-element_type=\"widget\" data-e-type=\"widget\" data-widget_type=\"text-editor.default\">\n\t\t\t\t<div class=\"elementor-widget-container\">\n\t\t\t\t\t\t\t\t\t<h4 class=\"widgettitle\" style=\"text-align: justify;\">Um mehr zur erfahren:<\/h4>\n\t\t\t\t\t\t\t\t<\/div>\n\t\t\t\t<\/div>\n\t\t\t\t\t<\/div>\n\t\t<\/div>\n\t\t\t\t\t<\/div>\n\t\t<\/section>\n\t\t\t\t<section class=\"elementor-section elementor-top-section elementor-element elementor-element-d1e46e2 elementor-section-boxed elementor-section-height-default elementor-section-height-default\" data-id=\"d1e46e2\" data-element_type=\"section\" data-e-type=\"section\">\n\t\t\t\t\t\t<div class=\"elementor-container elementor-column-gap-default\">\n\t\t\t\t\t<div class=\"elementor-column elementor-col-100 elementor-top-column elementor-element elementor-element-532687d\" data-id=\"532687d\" data-element_type=\"column\" data-e-type=\"column\">\n\t\t\t<div class=\"elementor-widget-wrap elementor-element-populated\">\n\t\t\t\t\t\t<div class=\"elementor-element elementor-element-763405e elementor-nav-menu--dropdown-tablet elementor-nav-menu__text-align-aside elementor-nav-menu--toggle elementor-nav-menu--burger elementor-widget elementor-widget-nav-menu\" data-id=\"763405e\" data-element_type=\"widget\" data-e-type=\"widget\" data-settings=\"{&quot;layout&quot;:&quot;horizontal&quot;,&quot;submenu_icon&quot;:{&quot;value&quot;:&quot;&lt;i class=\\&quot;fas fa-caret-down\\&quot; aria-hidden=\\&quot;true\\&quot;&gt;&lt;\\\/i&gt;&quot;,&quot;library&quot;:&quot;fa-solid&quot;},&quot;toggle&quot;:&quot;burger&quot;}\" data-widget_type=\"nav-menu.default\">\n\t\t\t\t<div class=\"elementor-widget-container\">\n\t\t\t\t\t\t\t\t<nav aria-label=\"Men\u00fc\" class=\"elementor-nav-menu--main elementor-nav-menu__container elementor-nav-menu--layout-horizontal e--pointer-framed e--animation-fade\">\n\t\t\t\t<ul id=\"menu-1-763405e\" class=\"elementor-nav-menu\"><li class=\"menu-item menu-item-type-post_type menu-item-object-page menu-item-60029\"><a href=\"https:\/\/topa.be\/de\/sint-pauluskerk\/praktisch\/\" class=\"elementor-item\">Praktische Informationen<\/a><\/li>\n<li class=\"menu-item menu-item-type-post_type menu-item-object-page menu-item-60030\"><a href=\"https:\/\/topa.be\/de\/sint-pauluskerk\/rondleidingen\/\" class=\"elementor-item\">F\u00fchrungen<\/a><\/li>\n<li class=\"menu-item menu-item-type-post_type menu-item-object-page menu-item-60031\"><a href=\"https:\/\/topa.be\/de\/sint-pauluskerk\/kennismaking\/\" class=\"elementor-item\">Kirche In K\u00fcrze<\/a><\/li>\n<li class=\"menu-item menu-item-type-post_type menu-item-object-page menu-item-61185\"><a href=\"https:\/\/topa.be\/de\/sint-pauluskerk\/interactief-grondplan\/\" class=\"elementor-item\">Interactive floor plan<\/a><\/li>\n<li class=\"menu-item menu-item-type-post_type menu-item-object-page menu-item-61496\"><a href=\"https:\/\/topa.be\/de\/sint-pauluskerk\/beschrijving\/\" class=\"elementor-item\">History &#038; Description<\/a><\/li>\n<li class=\"menu-item menu-item-type-custom menu-item-object-custom menu-item-60032\"><a href=\"https:\/\/www.kunstgeschiedenis-kerken-antwerpen.be\/hestia-front\/sint-pauluskerk\/\" class=\"elementor-item\">Wissenschaftsforum<\/a><\/li>\n<\/ul>\t\t\t<\/nav>\n\t\t\t\t\t<div class=\"elementor-menu-toggle\" role=\"button\" tabindex=\"0\" aria-label=\"Men\u00fc Umschalter\" aria-expanded=\"false\">\n\t\t\t<i aria-hidden=\"true\" role=\"presentation\" class=\"elementor-menu-toggle__icon--open eicon-menu-bar\"><\/i><i aria-hidden=\"true\" role=\"presentation\" class=\"elementor-menu-toggle__icon--close eicon-close\"><\/i>\t\t<\/div>\n\t\t\t\t\t<nav class=\"elementor-nav-menu--dropdown elementor-nav-menu__container\" aria-hidden=\"true\">\n\t\t\t\t<ul id=\"menu-2-763405e\" class=\"elementor-nav-menu\"><li class=\"menu-item menu-item-type-post_type menu-item-object-page menu-item-60029\"><a href=\"https:\/\/topa.be\/de\/sint-pauluskerk\/praktisch\/\" class=\"elementor-item\" tabindex=\"-1\">Praktische Informationen<\/a><\/li>\n<li class=\"menu-item menu-item-type-post_type menu-item-object-page menu-item-60030\"><a href=\"https:\/\/topa.be\/de\/sint-pauluskerk\/rondleidingen\/\" class=\"elementor-item\" tabindex=\"-1\">F\u00fchrungen<\/a><\/li>\n<li class=\"menu-item menu-item-type-post_type menu-item-object-page menu-item-60031\"><a href=\"https:\/\/topa.be\/de\/sint-pauluskerk\/kennismaking\/\" class=\"elementor-item\" tabindex=\"-1\">Kirche In K\u00fcrze<\/a><\/li>\n<li class=\"menu-item menu-item-type-post_type menu-item-object-page menu-item-61185\"><a href=\"https:\/\/topa.be\/de\/sint-pauluskerk\/interactief-grondplan\/\" class=\"elementor-item\" tabindex=\"-1\">Interactive floor plan<\/a><\/li>\n<li class=\"menu-item menu-item-type-post_type menu-item-object-page menu-item-61496\"><a href=\"https:\/\/topa.be\/de\/sint-pauluskerk\/beschrijving\/\" class=\"elementor-item\" tabindex=\"-1\">History &#038; Description<\/a><\/li>\n<li class=\"menu-item menu-item-type-custom menu-item-object-custom menu-item-60032\"><a href=\"https:\/\/www.kunstgeschiedenis-kerken-antwerpen.be\/hestia-front\/sint-pauluskerk\/\" class=\"elementor-item\" tabindex=\"-1\">Wissenschaftsforum<\/a><\/li>\n<\/ul>\t\t\t<\/nav>\n\t\t\t\t\t\t<\/div>\n\t\t\t\t<\/div>\n\t\t\t\t\t<\/div>\n\t\t<\/div>\n\t\t\t\t\t<\/div>\n\t\t<\/section>\n\t\t\t\t<\/div>\n\t\t","protected":false},"excerpt":{"rendered":"<p>Sankt-Paulus-Kirche Einen Steinwurf von der Schelde entfernt liegt dieses \u201ebarocke Juwel in einem gotischen Schrein\u201c. Die fr\u00fchere Klosterkirche der Dominikaner aus 1571 ist ein Genuss f\u00fcr das Auge: die pr\u00e4chtigen Barockalt\u00e4re, das aussergew\u00f6hnliche Mobiliar, die besondere Orgel, die mehr als 200 Statuen und mehr als 50 Gem\u00e4lde, darunter eine Folge von 15 St\u00fccken von Jordaens, [&hellip;]<\/p>\n","protected":false},"author":16,"featured_media":0,"parent":0,"menu_order":140,"comment_status":"closed","ping_status":"closed","template":"","meta":{"footnotes":""},"class_list":["post-38061","page","type-page","status-publish","hentry"],"aioseo_notices":[],"_links":{"self":[{"href":"https:\/\/topa.be\/de\/wp-json\/wp\/v2\/pages\/38061","targetHints":{"allow":["GET"]}}],"collection":[{"href":"https:\/\/topa.be\/de\/wp-json\/wp\/v2\/pages"}],"about":[{"href":"https:\/\/topa.be\/de\/wp-json\/wp\/v2\/types\/page"}],"author":[{"embeddable":true,"href":"https:\/\/topa.be\/de\/wp-json\/wp\/v2\/users\/16"}],"replies":[{"embeddable":true,"href":"https:\/\/topa.be\/de\/wp-json\/wp\/v2\/comments?post=38061"}],"version-history":[{"count":3,"href":"https:\/\/topa.be\/de\/wp-json\/wp\/v2\/pages\/38061\/revisions"}],"predecessor-version":[{"id":64216,"href":"https:\/\/topa.be\/de\/wp-json\/wp\/v2\/pages\/38061\/revisions\/64216"}],"wp:attachment":[{"href":"https:\/\/topa.be\/de\/wp-json\/wp\/v2\/media?parent=38061"}],"curies":[{"name":"wp","href":"https:\/\/api.w.org\/{rel}","templated":true}]}}