{"id":37965,"date":"2021-05-25T23:11:53","date_gmt":"2021-05-25T21:11:53","guid":{"rendered":"http:\/\/topa.be\/kathedraal\/rondleidingen\/"},"modified":"2024-01-25T15:24:11","modified_gmt":"2024-01-25T14:24:11","slug":"rondleidingen","status":"publish","type":"page","link":"https:\/\/topa.be\/de\/olv-kathedraal\/rondleidingen\/","title":{"rendered":"OLV F\u00fchrungen (mit Kalender)"},"content":{"rendered":"\t\t<div data-elementor-type=\"wp-page\" data-elementor-id=\"37965\" class=\"elementor elementor-37965 elementor-33232\" data-elementor-post-type=\"page\">\n\t\t\t\t\t\t<section class=\"elementor-section elementor-top-section elementor-element elementor-element-31bdc53 elementor-section-boxed elementor-section-height-default elementor-section-height-default\" data-id=\"31bdc53\" data-element_type=\"section\" data-e-type=\"section\">\n\t\t\t\t\t\t<div class=\"elementor-container elementor-column-gap-default\">\n\t\t\t\t\t<div class=\"elementor-column elementor-col-100 elementor-top-column elementor-element elementor-element-ebee0b0\" data-id=\"ebee0b0\" data-element_type=\"column\" data-e-type=\"column\">\n\t\t\t<div class=\"elementor-widget-wrap elementor-element-populated\">\n\t\t\t\t\t\t<div class=\"elementor-element elementor-element-5618031 elementor-widget elementor-widget-heading\" data-id=\"5618031\" data-element_type=\"widget\" data-e-type=\"widget\" data-widget_type=\"heading.default\">\n\t\t\t\t<div class=\"elementor-widget-container\">\n\t\t\t\t\t<h1 class=\"elementor-heading-title elementor-size-default\">Liebfrauenkathedrale<\/h1>\t\t\t\t<\/div>\n\t\t\t\t<\/div>\n\t\t\t\t\t<\/div>\n\t\t<\/div>\n\t\t\t\t\t<\/div>\n\t\t<\/section>\n\t\t\t\t<section class=\"elementor-section elementor-top-section elementor-element elementor-element-cde690e elementor-section-boxed elementor-section-height-default elementor-section-height-default\" data-id=\"cde690e\" data-element_type=\"section\" data-e-type=\"section\">\n\t\t\t\t\t\t<div class=\"elementor-container elementor-column-gap-default\">\n\t\t\t\t\t<div class=\"elementor-column elementor-col-100 elementor-top-column elementor-element elementor-element-095a272\" data-id=\"095a272\" data-element_type=\"column\" data-e-type=\"column\">\n\t\t\t<div class=\"elementor-widget-wrap elementor-element-populated\">\n\t\t\t\t\t\t<div class=\"elementor-element elementor-element-d179c82 elementor-widget elementor-widget-heading\" data-id=\"d179c82\" data-element_type=\"widget\" data-e-type=\"widget\" data-widget_type=\"heading.default\">\n\t\t\t\t<div class=\"elementor-widget-container\">\n\t\t\t\t\t<h2 class=\"elementor-heading-title elementor-size-default\">F\u00fchrungen<\/h2>\t\t\t\t<\/div>\n\t\t\t\t<\/div>\n\t\t\t\t\t<\/div>\n\t\t<\/div>\n\t\t\t\t\t<\/div>\n\t\t<\/section>\n\t\t\t\t<section class=\"elementor-section elementor-top-section elementor-element elementor-element-f52b145 elementor-section-boxed elementor-section-height-default elementor-section-height-default\" data-id=\"f52b145\" data-element_type=\"section\" data-e-type=\"section\">\n\t\t\t\t\t\t<div class=\"elementor-container elementor-column-gap-default\">\n\t\t\t\t\t<div class=\"elementor-column elementor-col-66 elementor-top-column elementor-element elementor-element-843d7f4\" data-id=\"843d7f4\" data-element_type=\"column\" data-e-type=\"column\">\n\t\t\t<div class=\"elementor-widget-wrap elementor-element-populated\">\n\t\t\t\t\t\t<div class=\"elementor-element elementor-element-f72d243 elementor-widget elementor-widget-text-editor\" data-id=\"f72d243\" data-element_type=\"widget\" data-e-type=\"widget\" data-widget_type=\"text-editor.default\">\n\t\t\t\t<div class=\"elementor-widget-container\">\n\t\t\t\t\t\t\t\t\t<p>Die F\u00fchrungen werden durch die F\u00fchrer von TOPA\u00a0angeboten, mit dem Motto:<\/p>\n<h2 style=\"text-align: center;\">\u201eKunst sehen: mehr als ein Augen-Blick\u201c<\/h2>\n\t\t\t\t\t\t\t\t<\/div>\n\t\t\t\t<\/div>\n\t\t\t\t<div class=\"elementor-element elementor-element-33b4151 elementor-widget elementor-widget-text-editor\" data-id=\"33b4151\" data-element_type=\"widget\" data-e-type=\"widget\" data-widget_type=\"text-editor.default\">\n\t\t\t\t<div class=\"elementor-widget-container\">\n\t\t\t\t\t\t\t\t\t<h4 style=\"text-align: justify;\">F\u00fcr Einzelbesucher (gratis)<\/h4>\n<p style=\"text-align: justify;\">Anleitungen sind in sechs Sprachen verf\u00fcgbar: EN FR DE EN IT ES.<br \/>\nTage und Stunden je nach Verf\u00fcgbarkeit der Reiseleiter.<\/p>\n<p style=\"text-align: justify;\"><strong>Kalender der F\u00fchrungen:<br \/>\n<\/strong><strong><span style=\"background-color: #00ff00;\">Gr\u00fcn=JA<\/span>\u00a0\u2013 <span style=\"background-color: #999999;\">Grau=NEIN<\/span>\u00a0\u2013 <span style=\"background-color: #ff0000;\">Rot=Kein Besuch<\/span><\/strong><\/p>\n<p><span style=\"text-decoration: underline; font-size: 14pt;\"><em><strong>ACHTUNG: Samstags beginnt die Tour um 14 Uhr! <\/strong><\/em><\/span><\/p>\n\t\t\t\t\t\t\t\t<\/div>\n\t\t\t\t<\/div>\n\t\t\t\t\t<\/div>\n\t\t<\/div>\n\t\t\t\t<div class=\"elementor-column elementor-col-33 elementor-top-column elementor-element elementor-element-6a64f63\" data-id=\"6a64f63\" data-element_type=\"column\" data-e-type=\"column\">\n\t\t\t<div class=\"elementor-widget-wrap elementor-element-populated\">\n\t\t\t\t\t\t<div class=\"elementor-element elementor-element-04199e7 elementor-widget elementor-widget-text-editor\" data-id=\"04199e7\" data-element_type=\"widget\" data-e-type=\"widget\" data-widget_type=\"text-editor.default\">\n\t\t\t\t<div class=\"elementor-widget-container\">\n\t\t\t\t\t\t\t\t\t<h4 class=\"widgettitle\">Um mehr zu erfahren:<\/h4>\n\t\t\t\t\t\t\t\t<\/div>\n\t\t\t\t<\/div>\n\t\t\t\t<div class=\"elementor-element elementor-element-cb80e0a elementor-nav-menu--dropdown-tablet elementor-nav-menu__text-align-aside elementor-nav-menu--toggle elementor-nav-menu--burger elementor-widget elementor-widget-nav-menu\" data-id=\"cb80e0a\" data-element_type=\"widget\" data-e-type=\"widget\" data-settings=\"{&quot;layout&quot;:&quot;vertical&quot;,&quot;submenu_icon&quot;:{&quot;value&quot;:&quot;&lt;i class=\\&quot;fas fa-caret-down\\&quot; aria-hidden=\\&quot;true\\&quot;&gt;&lt;\\\/i&gt;&quot;,&quot;library&quot;:&quot;fa-solid&quot;},&quot;toggle&quot;:&quot;burger&quot;}\" data-widget_type=\"nav-menu.default\">\n\t\t\t\t<div class=\"elementor-widget-container\">\n\t\t\t\t\t\t\t\t<nav aria-label=\"Men\u00fc\" class=\"elementor-nav-menu--main elementor-nav-menu__container elementor-nav-menu--layout-vertical e--pointer-framed e--animation-fade\">\n\t\t\t\t<ul id=\"menu-1-cb80e0a\" class=\"elementor-nav-menu sm-vertical\"><li class=\"menu-item menu-item-type-post_type menu-item-object-page menu-item-65007\"><a href=\"https:\/\/topa.be\/de\/olv-kathedraal\/praktisch\/\" class=\"elementor-item\">OLV Praktische Informationen<\/a><\/li>\n<li class=\"menu-item menu-item-type-post_type menu-item-object-page menu-item-59919\"><a href=\"https:\/\/topa.be\/de\/olv-kathedraal\/rondleidingen\/\" class=\"elementor-item\">F\u00fchrungen (Kalender)<\/a><\/li>\n<li class=\"menu-item menu-item-type-post_type menu-item-object-page menu-item-59920\"><a href=\"https:\/\/topa.be\/de\/olv-kathedraal\/kennismaking\/\" class=\"elementor-item\">Der Dom in K\u00fcrze<\/a><\/li>\n<li class=\"menu-item menu-item-type-post_type menu-item-object-page menu-item-59921\"><a href=\"https:\/\/topa.be\/de\/olv-kathedraal\/interactief-grondplan\/\" class=\"elementor-item\">Interactive floorplan<\/a><\/li>\n<li class=\"menu-item menu-item-type-post_type menu-item-object-page menu-item-59922\"><a href=\"https:\/\/topa.be\/de\/olv-kathedraal\/beschrijving\/\" class=\"elementor-item\">History &#038; Description<\/a><\/li>\n<li class=\"menu-item menu-item-type-post_type menu-item-object-page menu-item-59923\"><a href=\"https:\/\/topa.be\/de\/olv-kathedraal\/publicaties\/\" class=\"elementor-item\">Publications<\/a><\/li>\n<\/ul>\t\t\t<\/nav>\n\t\t\t\t\t<div class=\"elementor-menu-toggle\" role=\"button\" tabindex=\"0\" aria-label=\"Men\u00fc Umschalter\" aria-expanded=\"false\">\n\t\t\t<i aria-hidden=\"true\" role=\"presentation\" class=\"elementor-menu-toggle__icon--open eicon-menu-bar\"><\/i><i aria-hidden=\"true\" role=\"presentation\" class=\"elementor-menu-toggle__icon--close eicon-close\"><\/i>\t\t<\/div>\n\t\t\t\t\t<nav class=\"elementor-nav-menu--dropdown elementor-nav-menu__container\" aria-hidden=\"true\">\n\t\t\t\t<ul id=\"menu-2-cb80e0a\" class=\"elementor-nav-menu sm-vertical\"><li class=\"menu-item menu-item-type-post_type menu-item-object-page menu-item-65007\"><a href=\"https:\/\/topa.be\/de\/olv-kathedraal\/praktisch\/\" class=\"elementor-item\" tabindex=\"-1\">OLV Praktische Informationen<\/a><\/li>\n<li class=\"menu-item menu-item-type-post_type menu-item-object-page menu-item-59919\"><a href=\"https:\/\/topa.be\/de\/olv-kathedraal\/rondleidingen\/\" class=\"elementor-item\" tabindex=\"-1\">F\u00fchrungen (Kalender)<\/a><\/li>\n<li class=\"menu-item menu-item-type-post_type menu-item-object-page menu-item-59920\"><a href=\"https:\/\/topa.be\/de\/olv-kathedraal\/kennismaking\/\" class=\"elementor-item\" tabindex=\"-1\">Der Dom in K\u00fcrze<\/a><\/li>\n<li class=\"menu-item menu-item-type-post_type menu-item-object-page menu-item-59921\"><a href=\"https:\/\/topa.be\/de\/olv-kathedraal\/interactief-grondplan\/\" class=\"elementor-item\" tabindex=\"-1\">Interactive floorplan<\/a><\/li>\n<li class=\"menu-item menu-item-type-post_type menu-item-object-page menu-item-59922\"><a href=\"https:\/\/topa.be\/de\/olv-kathedraal\/beschrijving\/\" class=\"elementor-item\" tabindex=\"-1\">History &#038; Description<\/a><\/li>\n<li class=\"menu-item menu-item-type-post_type menu-item-object-page menu-item-59923\"><a href=\"https:\/\/topa.be\/de\/olv-kathedraal\/publicaties\/\" class=\"elementor-item\" tabindex=\"-1\">Publications<\/a><\/li>\n<\/ul>\t\t\t<\/nav>\n\t\t\t\t\t\t<\/div>\n\t\t\t\t<\/div>\n\t\t\t\t\t<\/div>\n\t\t<\/div>\n\t\t\t\t\t<\/div>\n\t\t<\/section>\n\t\t\t\t<section class=\"elementor-section elementor-top-section elementor-element elementor-element-e34baaa elementor-section-boxed elementor-section-height-default elementor-section-height-default\" data-id=\"e34baaa\" data-element_type=\"section\" data-e-type=\"section\">\n\t\t\t\t\t\t<div class=\"elementor-container elementor-column-gap-default\">\n\t\t\t\t\t<div class=\"elementor-column elementor-col-100 elementor-top-column elementor-element elementor-element-8b48390\" data-id=\"8b48390\" data-element_type=\"column\" data-e-type=\"column\">\n\t\t\t<div class=\"elementor-widget-wrap elementor-element-populated\">\n\t\t\t\t\t\t<div class=\"elementor-element elementor-element-74f094f elementor-widget elementor-widget-shortcode\" data-id=\"74f094f\" data-element_type=\"widget\" data-e-type=\"widget\" data-widget_type=\"shortcode.default\">\n\t\t\t\t<div class=\"elementor-widget-container\">\n\t\t\t\t\t\t\t<div class=\"elementor-shortcode\"><iframe src=\"https:\/\/onedrive.live.com\/embed?resid=9BB42461408B5CDB%216250&authkey=!AMvglZfGJYpbY9E&em=2&activeCell=A3\" width=\"666\" height=\"500\" frameborder=\"0\" scrolling=\"no\"><\/iframe><\/div>\n\t\t\t\t\t\t<\/div>\n\t\t\t\t<\/div>\n\t\t\t\t<div class=\"elementor-element elementor-element-e14e008 elementor-widget elementor-widget-text-editor\" data-id=\"e14e008\" data-element_type=\"widget\" data-e-type=\"widget\" data-widget_type=\"text-editor.default\">\n\t\t\t\t<div class=\"elementor-widget-container\">\n\t\t\t\t\t\t\t\t\t<h4 style=\"text-align: justify;\">F\u00fcr Gruppen<\/h4>\n<p style=\"text-align: justify;\">Die spezialisierten F\u00fchrer von TOPA werden gern \u2013 als m\u00f6glich \u2013 auf spezielle Interessen ihrer Gruppe eingehen. Auch m\u00f6glich au\u00dferhalb der \u00d6ffnungszeiten. Eine Gruppe besteht aus maximal 20 Personen pro F\u00fchrung.<\/p>\n<p style=\"text-align: justify;\"><strong>Reservierung:\u00a0drei Wochen voraus<br \/>\n<\/strong><strong>Preis: siehe bei jedem Angebot &#8211; F\u00fchrer\/in \u20ac95.00<br \/>\nInfo Kathedrale<\/strong><br \/>\n<strong>Telefon: +32 (0)3 213 99 51<\/strong><br \/>\n<strong>E-mail:\u00a0<a href=\"mailto:info@dekathedraal.be\">info@dekathedraal.be<\/a><\/strong><\/p>\n<p style=\"text-align: justify;\"><strong>Das Angebot f\u00fcr Gruppen in der Kathedrale<\/strong><\/p>\n\t\t\t\t\t\t\t\t<\/div>\n\t\t\t\t<\/div>\n\t\t\t\t<div class=\"elementor-element elementor-element-f26b1c4 elementor-widget elementor-widget-text-editor\" data-id=\"f26b1c4\" data-element_type=\"widget\" data-e-type=\"widget\" data-widget_type=\"text-editor.default\">\n\t\t\t\t<div class=\"elementor-widget-container\">\n\t\t\t\t\t\t\t\t\t<p style=\"text-align: justify;\"><span style=\"background-color: #ffffff; color: #3366ff;\"><strong>Auf Entdeckungstour in der Kathedrale<\/strong><\/span><\/p>\n<p style=\"text-align: justify;\">Schon seit Jahrhunderten empf\u00e4ngt die Liebfrauenkathedrale Besucher aus aller Herren L\u00e4nder. Die gr\u00f6\u00dfte Kathedrale von Benelux ist nicht nur eine gro\u00dfe Schatzkammer, sondern beherbergt auch eine lebendige Kirchengemeinde. Gerne begleiten wir Sie auf ihrer Spurensuche von Peter Paul Rubens und Dutzender weniger bekannter K\u00fcnstler, die ihre Meisterwerke f\u00fcr Menschen angefertigt haben, die sich zu Hause f\u00fchlen im Haus Gottes.<br \/>\nLassen Sie sich \u00fcberraschen durch die Sch\u00f6nheit und die starken Geschichten, die sich hier verbergen. Der Schein von vielem tr\u00fcgt\u2026<\/p>\n<p style=\"text-align: justify;\"><strong>Dauer: 1h30 bis 2h<\/strong><br \/>\n<strong>Preis: \u20ac 10 p. P., Einwohner der Provinz Antwerpen gratis.<\/strong><\/p>\n\t\t\t\t\t\t\t\t<\/div>\n\t\t\t\t<\/div>\n\t\t\t\t<div class=\"elementor-element elementor-element-e70012e elementor-widget elementor-widget-text-editor\" data-id=\"e70012e\" data-element_type=\"widget\" data-e-type=\"widget\" data-widget_type=\"text-editor.default\">\n\t\t\t\t<div class=\"elementor-widget-container\">\n\t\t\t\t\t\t\t\t\t<p style=\"text-align: justify;\"><span style=\"background-color: #ffffff; color: #3366ff;\"><strong>Vom gro\u00dfen Garten zum kleinen Turm<\/strong><\/span><\/p>\n<p style=\"text-align: justify;\">Ein Garten f\u00fcnf Meter \u00fcber dem Erdgeschoss und mitten im Zentrum Antwerpen\u2026 Lange war dies ein gut bewahrtes Geheimnis. Wie kommt der dorthin und was ist der Zusammenhang zwischen diesem Garten und dem unvollendetem Turm der Kathedrale? Von diesem Turm sehen Sie Antwerpen wie sie die Stadt und die Schelde noch nie gesehen haben. Sie machen auch Bekanntschaft mit einer Anzahl verborgener Orte \u201ehinter den Kulissen\u201c und bewundern das jahrhundertealte Fachwerk der Zimmerm\u00e4nner und Gew\u00f6lbe- und Turmbauer.<\/p>\n<p style=\"text-align: justify;\"><strong>Dauer: 2h<\/strong><br \/>\n<strong>Preis: \u20ac 15 p. P.<\/strong><\/p>\n\t\t\t\t\t\t\t\t<\/div>\n\t\t\t\t<\/div>\n\t\t\t\t<div class=\"elementor-element elementor-element-36bb5e0 elementor-widget elementor-widget-text-editor\" data-id=\"36bb5e0\" data-element_type=\"widget\" data-e-type=\"widget\" data-widget_type=\"text-editor.default\">\n\t\t\t\t<div class=\"elementor-widget-container\">\n\t\t\t\t\t\t\t\t\t<p style=\"text-align: justify;\"><span style=\"background-color: #ffffff; color: #3366ff;\"><strong>Unter und \u00fcber den Gew\u00f6lben<\/strong><\/span><\/p>\n<p style=\"text-align: justify;\">Die Gew\u00f6lbe der Kathedrale formen bereits seit Jahrhunderten ein steinernes Zelt, unter dem eine Vielzahl Kunstwerke Obdach finden.\u00a0 Wir erkunden mit Ihnen einige Meisterwerke und nehmen Sie mit in den Dachboden des Mittelschiffs. Unter den jahrhundertealten Balken erscheint das Gew\u00f6lbe noch spektakul\u00e4rer. Wir erklettern den \u201ekleinen Turm\u201c (der weniger klein ist, als Sie denken), sehen ein einzigartiges Laufrad und genie\u00dfen eine spektakul\u00e4re Aussicht \u00fcber die Stadt und ihren Flu\u00df.<\/p>\n<p style=\"text-align: justify;\"><strong>Dauer: 2h<\/strong><br \/>\n<strong>Preis: \u20ac 15 p. P.<\/strong><\/p>\n\t\t\t\t\t\t\t\t<\/div>\n\t\t\t\t<\/div>\n\t\t\t\t<div class=\"elementor-element elementor-element-2363775 elementor-widget elementor-widget-text-editor\" data-id=\"2363775\" data-element_type=\"widget\" data-e-type=\"widget\" data-widget_type=\"text-editor.default\">\n\t\t\t\t<div class=\"elementor-widget-container\">\n\t\t\t\t\t\t\t\t\t<p style=\"text-align: justify;\"><strong><span style=\"color: #3366ff;\">Bildh\u00fcbsch in 3D<\/span><br \/>\n<\/strong>(von\u00a0<em>Maasl\u00e4ndischer Madonna<\/em>\u00a0bis Fabre, von\u00a0<em>der Frau, die das Kind tr\u00e4gt<\/em>\u00a0bis zum\u00a0<em>Mann, der das Kreuz tr\u00e4gt<\/em>)<\/p>\n<p style=\"text-align: justify;\">Holzschnitzer, Bildhauer und Bronzegie\u00dfer\u2026 Schon Jahrhunderte konfrontieren sie uns mit ihren dreidimensionalen Kunstwerken: r\u00fchrend, verbl\u00fcffend, konfrontierend, intrigierend, nie unverbindlich. Eiche und Stein werden zu Leben erweckt. Wie kalt der Marmor auch ist, er l\u00e4sst Sie nicht kalt. Vielleicht spiegelt die polierte Bronze sogar ein bisschen von ihrem Selbst.<\/p>\n<p style=\"text-align: justify;\"><strong>Dauer: 1h30 bis 2h<\/strong><br \/>\n<strong>Preis: \u20ac 10 p. P., Einwohner der Provinz Antwerpen gratis.<\/strong><\/p>\n\t\t\t\t\t\t\t\t<\/div>\n\t\t\t\t<\/div>\n\t\t\t\t<div class=\"elementor-element elementor-element-8e32bfe elementor-widget elementor-widget-text-editor\" data-id=\"8e32bfe\" data-element_type=\"widget\" data-e-type=\"widget\" data-widget_type=\"text-editor.default\">\n\t\t\t\t<div class=\"elementor-widget-container\">\n\t\t\t\t\t\t\t\t\t<p>.<\/p>\n\t\t\t\t\t\t\t\t<\/div>\n\t\t\t\t<\/div>\n\t\t\t\t<div class=\"elementor-element elementor-element-ea62260 elementor-widget elementor-widget-text-editor\" data-id=\"ea62260\" data-element_type=\"widget\" data-e-type=\"widget\" data-widget_type=\"text-editor.default\">\n\t\t\t\t<div class=\"elementor-widget-container\">\n\t\t\t\t\t\t\t\t\t<p>.<\/p>\n\t\t\t\t\t\t\t\t<\/div>\n\t\t\t\t<\/div>\n\t\t\t\t<div class=\"elementor-element elementor-element-a325c2d elementor-widget elementor-widget-text-editor\" data-id=\"a325c2d\" data-element_type=\"widget\" data-e-type=\"widget\" data-widget_type=\"text-editor.default\">\n\t\t\t\t<div class=\"elementor-widget-container\">\n\t\t\t\t\t\t\t\t\t<p>.<\/p>\n\t\t\t\t\t\t\t\t<\/div>\n\t\t\t\t<\/div>\n\t\t\t\t<div class=\"elementor-element elementor-element-15bf58f elementor-widget elementor-widget-text-editor\" data-id=\"15bf58f\" data-element_type=\"widget\" data-e-type=\"widget\" data-widget_type=\"text-editor.default\">\n\t\t\t\t<div class=\"elementor-widget-container\">\n\t\t\t\t\t\t\t\t\t<p><strong>Auf der allgemeinen Seite <a href=\"https:\/\/topa.be\/de\/groepen\/\">F\u00dcHRUNGEN<\/a> sind auch zwei weitere Rundg\u00e4nge aufgef\u00fchrt, bei denen mehrere Kirchen besucht werden.<\/strong><\/p>\n\t\t\t\t\t\t\t\t<\/div>\n\t\t\t\t<\/div>\n\t\t\t\t\t<\/div>\n\t\t<\/div>\n\t\t\t\t\t<\/div>\n\t\t<\/section>\n\t\t\t\t<\/div>\n\t\t","protected":false},"excerpt":{"rendered":"<p>Liebfrauenkathedrale F\u00fchrungen Die F\u00fchrungen werden durch die F\u00fchrer von TOPA\u00a0angeboten, mit dem Motto: \u201eKunst sehen: mehr als ein Augen-Blick\u201c F\u00fcr Einzelbesucher (gratis) Anleitungen sind in sechs Sprachen verf\u00fcgbar: EN FR DE EN IT ES. Tage und Stunden je nach Verf\u00fcgbarkeit der Reiseleiter. Kalender der F\u00fchrungen: Gr\u00fcn=JA\u00a0\u2013 Grau=NEIN\u00a0\u2013 Rot=Kein Besuch ACHTUNG: Samstags beginnt die Tour um [&hellip;]<\/p>\n","protected":false},"author":16,"featured_media":0,"parent":37647,"menu_order":20,"comment_status":"closed","ping_status":"closed","template":"","meta":{"footnotes":""},"class_list":["post-37965","page","type-page","status-publish","hentry"],"aioseo_notices":[],"_links":{"self":[{"href":"https:\/\/topa.be\/de\/wp-json\/wp\/v2\/pages\/37965","targetHints":{"allow":["GET"]}}],"collection":[{"href":"https:\/\/topa.be\/de\/wp-json\/wp\/v2\/pages"}],"about":[{"href":"https:\/\/topa.be\/de\/wp-json\/wp\/v2\/types\/page"}],"author":[{"embeddable":true,"href":"https:\/\/topa.be\/de\/wp-json\/wp\/v2\/users\/16"}],"replies":[{"embeddable":true,"href":"https:\/\/topa.be\/de\/wp-json\/wp\/v2\/comments?post=37965"}],"version-history":[{"count":3,"href":"https:\/\/topa.be\/de\/wp-json\/wp\/v2\/pages\/37965\/revisions"}],"predecessor-version":[{"id":70169,"href":"https:\/\/topa.be\/de\/wp-json\/wp\/v2\/pages\/37965\/revisions\/70169"}],"up":[{"embeddable":true,"href":"https:\/\/topa.be\/de\/wp-json\/wp\/v2\/pages\/37647"}],"wp:attachment":[{"href":"https:\/\/topa.be\/de\/wp-json\/wp\/v2\/media?parent=37965"}],"curies":[{"name":"wp","href":"https:\/\/api.w.org\/{rel}","templated":true}]}}