{"id":37647,"date":"2021-05-23T22:02:01","date_gmt":"2021-05-23T20:02:01","guid":{"rendered":"http:\/\/topa.be\/olv-kathedraal\/"},"modified":"2025-03-13T15:38:37","modified_gmt":"2025-03-13T14:38:37","slug":"olv-kathedraal","status":"publish","type":"page","link":"https:\/\/topa.be\/de\/olv-kathedraal\/","title":{"rendered":"Liebfrauenkathedrale"},"content":{"rendered":"\t\t<div data-elementor-type=\"wp-page\" data-elementor-id=\"37647\" class=\"elementor elementor-37647 elementor-11765\" data-elementor-post-type=\"page\">\n\t\t\t\t\t\t<section class=\"elementor-section elementor-top-section elementor-element elementor-element-3a486bc elementor-section-boxed elementor-section-height-default elementor-section-height-default\" data-id=\"3a486bc\" data-element_type=\"section\" data-e-type=\"section\">\n\t\t\t\t\t\t<div class=\"elementor-container elementor-column-gap-default\">\n\t\t\t\t\t<div class=\"elementor-column elementor-col-100 elementor-top-column elementor-element elementor-element-6511d2c\" data-id=\"6511d2c\" data-element_type=\"column\" data-e-type=\"column\">\n\t\t\t<div class=\"elementor-widget-wrap elementor-element-populated\">\n\t\t\t\t\t\t<div class=\"elementor-element elementor-element-8bb9afa elementor-widget elementor-widget-heading\" data-id=\"8bb9afa\" data-element_type=\"widget\" data-e-type=\"widget\" data-widget_type=\"heading.default\">\n\t\t\t\t<div class=\"elementor-widget-container\">\n\t\t\t\t\t<h1 class=\"elementor-heading-title elementor-size-default\">Liebfrauenkathedrale<\/h1>\t\t\t\t<\/div>\n\t\t\t\t<\/div>\n\t\t\t\t\t<\/div>\n\t\t<\/div>\n\t\t\t\t\t<\/div>\n\t\t<\/section>\n\t\t\t\t<section class=\"elementor-section elementor-top-section elementor-element elementor-element-262f515 elementor-section-boxed elementor-section-height-default elementor-section-height-default\" data-id=\"262f515\" data-element_type=\"section\" data-e-type=\"section\">\n\t\t\t\t\t\t<div class=\"elementor-container elementor-column-gap-default\">\n\t\t\t\t\t<div class=\"elementor-column elementor-col-100 elementor-top-column elementor-element elementor-element-c9a7fec\" data-id=\"c9a7fec\" data-element_type=\"column\" data-e-type=\"column\">\n\t\t\t<div class=\"elementor-widget-wrap elementor-element-populated\">\n\t\t\t\t\t\t<section class=\"elementor-section elementor-inner-section elementor-element elementor-element-5680c77 elementor-section-boxed elementor-section-height-default elementor-section-height-default\" data-id=\"5680c77\" data-element_type=\"section\" data-e-type=\"section\">\n\t\t\t\t\t\t<div class=\"elementor-container elementor-column-gap-default\">\n\t\t\t\t\t<div class=\"elementor-column elementor-col-50 elementor-inner-column elementor-element elementor-element-2c2de36\" data-id=\"2c2de36\" data-element_type=\"column\" data-e-type=\"column\">\n\t\t\t<div class=\"elementor-widget-wrap elementor-element-populated\">\n\t\t\t\t\t\t<div class=\"elementor-element elementor-element-c45f299 elementor-widget elementor-widget-image\" data-id=\"c45f299\" data-element_type=\"widget\" data-e-type=\"widget\" data-widget_type=\"image.default\">\n\t\t\t\t<div class=\"elementor-widget-container\">\n\t\t\t\t\t\t\t\t\t\t\t\t\t\t\t\t<a href=\"https:\/\/topa.be\/wp-content\/uploads\/OLV-Kathedraal-Buiten-scaled.jpg\" data-elementor-open-lightbox=\"yes\" data-elementor-lightbox-title=\"OLV-Kathedraal-Buiten\" data-e-action-hash=\"#elementor-action%3Aaction%3Dlightbox%26settings%3DeyJpZCI6MjY1ODUsInVybCI6Imh0dHBzOlwvXC90b3BhLmJlXC93cC1jb250ZW50XC91cGxvYWRzXC9PTFYtS2F0aGVkcmFhbC1CdWl0ZW4tc2NhbGVkLmpwZyJ9\">\n\t\t\t\t\t\t\t<img fetchpriority=\"high\" decoding=\"async\" width=\"800\" height=\"452\" src=\"https:\/\/topa.be\/wp-content\/uploads\/OLV-Kathedraal-Buiten-1024x579.jpg\" class=\"attachment-large size-large wp-image-26585\" alt=\"\" srcset=\"https:\/\/topa.be\/wp-content\/uploads\/OLV-Kathedraal-Buiten-1024x579.jpg 1024w, https:\/\/topa.be\/wp-content\/uploads\/OLV-Kathedraal-Buiten-300x169.jpg 300w, https:\/\/topa.be\/wp-content\/uploads\/OLV-Kathedraal-Buiten-200x113.jpg 200w, https:\/\/topa.be\/wp-content\/uploads\/OLV-Kathedraal-Buiten-768x434.jpg 768w, https:\/\/topa.be\/wp-content\/uploads\/OLV-Kathedraal-Buiten-1536x868.jpg 1536w, https:\/\/topa.be\/wp-content\/uploads\/OLV-Kathedraal-Buiten-2048x1157.jpg 2048w\" sizes=\"(max-width: 800px) 100vw, 800px\" \/>\t\t\t\t\t\t\t\t<\/a>\n\t\t\t\t\t\t\t\t\t\t\t\t\t\t\t<\/div>\n\t\t\t\t<\/div>\n\t\t\t\t\t<\/div>\n\t\t<\/div>\n\t\t\t\t<div class=\"elementor-column elementor-col-50 elementor-inner-column elementor-element elementor-element-fd91fd0\" data-id=\"fd91fd0\" data-element_type=\"column\" data-e-type=\"column\">\n\t\t\t<div class=\"elementor-widget-wrap elementor-element-populated\">\n\t\t\t\t\t\t<div class=\"elementor-element elementor-element-6c7501d elementor-widget elementor-widget-image\" data-id=\"6c7501d\" data-element_type=\"widget\" data-e-type=\"widget\" data-widget_type=\"image.default\">\n\t\t\t\t<div class=\"elementor-widget-container\">\n\t\t\t\t\t\t\t\t\t\t\t\t\t\t\t\t<a href=\"https:\/\/topa.be\/wp-content\/uploads\/OLV-Kathedraal-Binnen-scaled.jpg\" data-elementor-open-lightbox=\"yes\" data-elementor-lightbox-title=\"OLV-Kathedraal-Binnen\" data-e-action-hash=\"#elementor-action%3Aaction%3Dlightbox%26settings%3DeyJpZCI6MjY1NzMsInVybCI6Imh0dHBzOlwvXC90b3BhLmJlXC93cC1jb250ZW50XC91cGxvYWRzXC9PTFYtS2F0aGVkcmFhbC1CaW5uZW4tc2NhbGVkLmpwZyJ9\">\n\t\t\t\t\t\t\t<img decoding=\"async\" width=\"800\" height=\"452\" src=\"https:\/\/topa.be\/wp-content\/uploads\/OLV-Kathedraal-Binnen-1024x578.jpg\" class=\"attachment-large size-large wp-image-26573\" alt=\"\" srcset=\"https:\/\/topa.be\/wp-content\/uploads\/OLV-Kathedraal-Binnen-1024x578.jpg 1024w, https:\/\/topa.be\/wp-content\/uploads\/OLV-Kathedraal-Binnen-300x169.jpg 300w, https:\/\/topa.be\/wp-content\/uploads\/OLV-Kathedraal-Binnen-200x113.jpg 200w, https:\/\/topa.be\/wp-content\/uploads\/OLV-Kathedraal-Binnen-768x434.jpg 768w, https:\/\/topa.be\/wp-content\/uploads\/OLV-Kathedraal-Binnen-1536x868.jpg 1536w, https:\/\/topa.be\/wp-content\/uploads\/OLV-Kathedraal-Binnen-2048x1157.jpg 2048w\" sizes=\"(max-width: 800px) 100vw, 800px\" \/>\t\t\t\t\t\t\t\t<\/a>\n\t\t\t\t\t\t\t\t\t\t\t\t\t\t\t<\/div>\n\t\t\t\t<\/div>\n\t\t\t\t\t<\/div>\n\t\t<\/div>\n\t\t\t\t\t<\/div>\n\t\t<\/section>\n\t\t\t\t\t<\/div>\n\t\t<\/div>\n\t\t\t\t\t<\/div>\n\t\t<\/section>\n\t\t\t\t<section class=\"elementor-section elementor-top-section elementor-element elementor-element-ba708df elementor-section-boxed elementor-section-height-default elementor-section-height-default\" data-id=\"ba708df\" data-element_type=\"section\" data-e-type=\"section\">\n\t\t\t\t\t\t<div class=\"elementor-container elementor-column-gap-default\">\n\t\t\t\t\t<div class=\"elementor-column elementor-col-100 elementor-top-column elementor-element elementor-element-0a705b7\" data-id=\"0a705b7\" data-element_type=\"column\" data-e-type=\"column\">\n\t\t\t<div class=\"elementor-widget-wrap elementor-element-populated\">\n\t\t\t\t\t\t<div class=\"elementor-element elementor-element-68536bb elementor-widget elementor-widget-text-editor\" data-id=\"68536bb\" data-element_type=\"widget\" data-e-type=\"widget\" data-widget_type=\"text-editor.default\">\n\t\t\t\t<div class=\"elementor-widget-container\">\n\t\t\t\t\t\t\t\t\t<p style=\"text-align: justify;\">Der Kathedrale von Antwerpen ist die gr\u00f6\u00dfte gotische Kirche in den (fr\u00fcheren) Niederlanden. Sie wurde 1521 vollendet, nach einer Bauzeit von 170 Jahren. Ihr Nordturm (123 m), \u201aSpitzenarbeit in Stein\u2018, beherrscht noch immer die Skyline. Im Innern f\u00fchrt der sich ausweitende Raum uns in eine andere Dimension.<\/p>\n<p><\/p>\n<p style=\"text-align: justify;\">Was wir heute sehen, ist teils Barock und teils Neogotisch (aus dem 19. Jahrhundert). Vier Originalwerke von Peter Paul Rubens sind zu bewundern, darunter\u00a0<em><strong>Die Kreuzaufrichtung<\/strong><\/em>\u00a0und\u00a0<em><strong>Die Kreuzabnahme<\/strong><\/em>, Kulturerbe von Weltformat. Dar\u00fcberhinaus gibt es etliche andere Kunstwerke, Mobiliar, Glasrahmen\u2026<\/p>\n\t\t\t\t\t\t\t\t<\/div>\n\t\t\t\t<\/div>\n\t\t\t\t\t<\/div>\n\t\t<\/div>\n\t\t\t\t\t<\/div>\n\t\t<\/section>\n\t\t\t\t<section class=\"elementor-section elementor-top-section elementor-element elementor-element-6be4a64d elementor-section-boxed elementor-section-height-default elementor-section-height-default\" data-id=\"6be4a64d\" data-element_type=\"section\" data-e-type=\"section\">\n\t\t\t\t\t\t<div class=\"elementor-container elementor-column-gap-default\">\n\t\t\t\t\t<div class=\"elementor-column elementor-col-100 elementor-top-column elementor-element elementor-element-1fb24581\" data-id=\"1fb24581\" data-element_type=\"column\" data-e-type=\"column\">\n\t\t\t<div class=\"elementor-widget-wrap elementor-element-populated\">\n\t\t\t\t\t\t<div class=\"elementor-element elementor-element-5dced20 elementor-widget elementor-widget-text-editor\" data-id=\"5dced20\" data-element_type=\"widget\" data-e-type=\"widget\" data-widget_type=\"text-editor.default\">\n\t\t\t\t<div class=\"elementor-widget-container\">\n\t\t\t\t\t\t\t\t\t<p style=\"text-align: justify;\">Mit\u00a0<strong><a href=\"https:\/\/goo.gl\/maps\/jit8giX2ktq3i9So9\">DIESE KARTE<\/a><\/strong>\u00a0k\u00f6nnen Sie eine Route in Funktion Ihres Verkehrsmittels bestimmen.<br \/>\nVielleicht m\u00f6chten Sie VELO-Antwerpen verwenden:\u00a0<strong><a href=\"https:\/\/www.velo-antwerpen.be\/de\">https:\/\/www.velo-antwerpen.be\/de<\/a><\/strong><\/p>\n\t\t\t\t\t\t\t\t<\/div>\n\t\t\t\t<\/div>\n\t\t\t\t\t<\/div>\n\t\t<\/div>\n\t\t\t\t\t<\/div>\n\t\t<\/section>\n\t\t\t\t<section class=\"elementor-section elementor-top-section elementor-element elementor-element-c78ba4d elementor-section-boxed elementor-section-height-default elementor-section-height-default\" data-id=\"c78ba4d\" data-element_type=\"section\" data-e-type=\"section\">\n\t\t\t\t\t\t<div class=\"elementor-container elementor-column-gap-default\">\n\t\t\t\t\t<div class=\"elementor-column elementor-col-100 elementor-top-column elementor-element elementor-element-4413f13\" data-id=\"4413f13\" data-element_type=\"column\" data-e-type=\"column\">\n\t\t\t<div class=\"elementor-widget-wrap elementor-element-populated\">\n\t\t\t\t\t\t<div class=\"elementor-element elementor-element-9f21983 elementor-widget elementor-widget-heading\" data-id=\"9f21983\" data-element_type=\"widget\" data-e-type=\"widget\" data-widget_type=\"heading.default\">\n\t\t\t\t<div class=\"elementor-widget-container\">\n\t\t\t\t\t<h3 class=\"elementor-heading-title elementor-size-default\"> Um mehr zu erfahren:<\/h3>\t\t\t\t<\/div>\n\t\t\t\t<\/div>\n\t\t\t\t\t<\/div>\n\t\t<\/div>\n\t\t\t\t\t<\/div>\n\t\t<\/section>\n\t\t\t\t<section class=\"elementor-section elementor-top-section elementor-element elementor-element-06ac3be elementor-section-boxed elementor-section-height-default elementor-section-height-default\" data-id=\"06ac3be\" data-element_type=\"section\" data-e-type=\"section\">\n\t\t\t\t\t\t<div class=\"elementor-container elementor-column-gap-default\">\n\t\t\t\t\t<div class=\"elementor-column elementor-col-100 elementor-top-column elementor-element elementor-element-b479f5a\" data-id=\"b479f5a\" data-element_type=\"column\" data-e-type=\"column\">\n\t\t\t<div class=\"elementor-widget-wrap elementor-element-populated\">\n\t\t\t\t\t\t<div class=\"elementor-element elementor-element-19402b5 elementor-nav-menu--dropdown-tablet elementor-nav-menu__text-align-aside elementor-nav-menu--toggle elementor-nav-menu--burger elementor-widget elementor-widget-nav-menu\" data-id=\"19402b5\" data-element_type=\"widget\" data-e-type=\"widget\" data-settings=\"{&quot;layout&quot;:&quot;horizontal&quot;,&quot;submenu_icon&quot;:{&quot;value&quot;:&quot;&lt;i class=\\&quot;fas fa-caret-down\\&quot; aria-hidden=\\&quot;true\\&quot;&gt;&lt;\\\/i&gt;&quot;,&quot;library&quot;:&quot;fa-solid&quot;},&quot;toggle&quot;:&quot;burger&quot;}\" data-widget_type=\"nav-menu.default\">\n\t\t\t\t<div class=\"elementor-widget-container\">\n\t\t\t\t\t\t\t\t<nav aria-label=\"Menu\" class=\"elementor-nav-menu--main elementor-nav-menu__container elementor-nav-menu--layout-horizontal e--pointer-framed e--animation-fade\">\n\t\t\t\t<ul id=\"menu-1-19402b5\" class=\"elementor-nav-menu\"><li class=\"menu-item menu-item-type-post_type menu-item-object-page menu-item-65007\"><a href=\"https:\/\/topa.be\/de\/olv-kathedraal\/praktisch\/\" class=\"elementor-item\">OLV Praktische Informationen<\/a><\/li>\n<li class=\"menu-item menu-item-type-post_type menu-item-object-page menu-item-59919\"><a href=\"https:\/\/topa.be\/de\/olv-kathedraal\/rondleidingen\/\" class=\"elementor-item\">F\u00fchrungen (Kalender)<\/a><\/li>\n<li class=\"menu-item menu-item-type-post_type menu-item-object-page menu-item-59920\"><a href=\"https:\/\/topa.be\/de\/olv-kathedraal\/kennismaking\/\" class=\"elementor-item\">Der Dom in K\u00fcrze<\/a><\/li>\n<li class=\"menu-item menu-item-type-post_type menu-item-object-page menu-item-59921\"><a href=\"https:\/\/topa.be\/de\/olv-kathedraal\/interactief-grondplan\/\" class=\"elementor-item\">Interactive floorplan<\/a><\/li>\n<li class=\"menu-item menu-item-type-post_type menu-item-object-page menu-item-59922\"><a href=\"https:\/\/topa.be\/de\/olv-kathedraal\/beschrijving\/\" class=\"elementor-item\">History &#038; Description<\/a><\/li>\n<li class=\"menu-item menu-item-type-post_type menu-item-object-page menu-item-59923\"><a href=\"https:\/\/topa.be\/de\/olv-kathedraal\/publicaties\/\" class=\"elementor-item\">Publications<\/a><\/li>\n<\/ul>\t\t\t<\/nav>\n\t\t\t\t\t<div class=\"elementor-menu-toggle\" role=\"button\" tabindex=\"0\" aria-label=\"Men\u00fc Umschalter\" aria-expanded=\"false\">\n\t\t\t<i aria-hidden=\"true\" role=\"presentation\" class=\"elementor-menu-toggle__icon--open eicon-menu-bar\"><\/i><i aria-hidden=\"true\" role=\"presentation\" class=\"elementor-menu-toggle__icon--close eicon-close\"><\/i>\t\t<\/div>\n\t\t\t\t\t<nav class=\"elementor-nav-menu--dropdown elementor-nav-menu__container\" aria-hidden=\"true\">\n\t\t\t\t<ul id=\"menu-2-19402b5\" class=\"elementor-nav-menu\"><li class=\"menu-item menu-item-type-post_type menu-item-object-page menu-item-65007\"><a href=\"https:\/\/topa.be\/de\/olv-kathedraal\/praktisch\/\" class=\"elementor-item\" tabindex=\"-1\">OLV Praktische Informationen<\/a><\/li>\n<li class=\"menu-item menu-item-type-post_type menu-item-object-page menu-item-59919\"><a href=\"https:\/\/topa.be\/de\/olv-kathedraal\/rondleidingen\/\" class=\"elementor-item\" tabindex=\"-1\">F\u00fchrungen (Kalender)<\/a><\/li>\n<li class=\"menu-item menu-item-type-post_type menu-item-object-page menu-item-59920\"><a href=\"https:\/\/topa.be\/de\/olv-kathedraal\/kennismaking\/\" class=\"elementor-item\" tabindex=\"-1\">Der Dom in K\u00fcrze<\/a><\/li>\n<li class=\"menu-item menu-item-type-post_type menu-item-object-page menu-item-59921\"><a href=\"https:\/\/topa.be\/de\/olv-kathedraal\/interactief-grondplan\/\" class=\"elementor-item\" tabindex=\"-1\">Interactive floorplan<\/a><\/li>\n<li class=\"menu-item menu-item-type-post_type menu-item-object-page menu-item-59922\"><a href=\"https:\/\/topa.be\/de\/olv-kathedraal\/beschrijving\/\" class=\"elementor-item\" tabindex=\"-1\">History &#038; Description<\/a><\/li>\n<li class=\"menu-item menu-item-type-post_type menu-item-object-page menu-item-59923\"><a href=\"https:\/\/topa.be\/de\/olv-kathedraal\/publicaties\/\" class=\"elementor-item\" tabindex=\"-1\">Publications<\/a><\/li>\n<\/ul>\t\t\t<\/nav>\n\t\t\t\t\t\t<\/div>\n\t\t\t\t<\/div>\n\t\t\t\t\t<\/div>\n\t\t<\/div>\n\t\t\t\t\t<\/div>\n\t\t<\/section>\n\t\t\t\t<\/div>\n\t\t","protected":false},"excerpt":{"rendered":"<p>Liebfrauenkathedrale Der Kathedrale von Antwerpen ist die gr\u00f6\u00dfte gotische Kirche in den (fr\u00fcheren) Niederlanden. Sie wurde 1521 vollendet, nach einer Bauzeit von 170 Jahren. Ihr Nordturm (123 m), \u201aSpitzenarbeit in Stein\u2018, beherrscht noch immer die Skyline. Im Innern f\u00fchrt der sich ausweitende Raum uns in eine andere Dimension. Was wir heute sehen, ist teils Barock [&hellip;]<\/p>\n","protected":false},"author":16,"featured_media":0,"parent":0,"menu_order":100,"comment_status":"closed","ping_status":"closed","template":"","meta":{"footnotes":""},"class_list":["post-37647","page","type-page","status-publish","hentry"],"aioseo_notices":[],"_links":{"self":[{"href":"https:\/\/topa.be\/de\/wp-json\/wp\/v2\/pages\/37647","targetHints":{"allow":["GET"]}}],"collection":[{"href":"https:\/\/topa.be\/de\/wp-json\/wp\/v2\/pages"}],"about":[{"href":"https:\/\/topa.be\/de\/wp-json\/wp\/v2\/types\/page"}],"author":[{"embeddable":true,"href":"https:\/\/topa.be\/de\/wp-json\/wp\/v2\/users\/16"}],"replies":[{"embeddable":true,"href":"https:\/\/topa.be\/de\/wp-json\/wp\/v2\/comments?post=37647"}],"version-history":[{"count":3,"href":"https:\/\/topa.be\/de\/wp-json\/wp\/v2\/pages\/37647\/revisions"}],"predecessor-version":[{"id":71548,"href":"https:\/\/topa.be\/de\/wp-json\/wp\/v2\/pages\/37647\/revisions\/71548"}],"wp:attachment":[{"href":"https:\/\/topa.be\/de\/wp-json\/wp\/v2\/media?parent=37647"}],"curies":[{"name":"wp","href":"https:\/\/api.w.org\/{rel}","templated":true}]}}