{"id":41498,"date":"2021-06-20T14:16:39","date_gmt":"2021-06-20T12:16:39","guid":{"rendered":"http:\/\/topa.be\/welkom\/"},"modified":"2025-03-12T14:43:11","modified_gmt":"2025-03-12T13:43:11","slug":"welkom","status":"publish","type":"page","link":"https:\/\/topa.be\/da\/welkom\/","title":{"rendered":"VELKOMMEN !"},"content":{"rendered":"\t\t<div data-elementor-type=\"wp-page\" data-elementor-id=\"41498\" class=\"elementor elementor-41498 elementor-36700\" data-elementor-post-type=\"page\">\n\t\t\t\t\t\t<section class=\"elementor-section elementor-top-section elementor-element elementor-element-65b950e elementor-section-boxed elementor-section-height-default elementor-section-height-default\" data-id=\"65b950e\" data-element_type=\"section\" data-e-type=\"section\">\n\t\t\t\t\t\t<div class=\"elementor-container elementor-column-gap-default\">\n\t\t\t\t\t<div class=\"elementor-column elementor-col-100 elementor-top-column elementor-element elementor-element-b350f80\" data-id=\"b350f80\" data-element_type=\"column\" data-e-type=\"column\">\n\t\t\t<div class=\"elementor-widget-wrap elementor-element-populated\">\n\t\t\t\t\t\t<div class=\"elementor-element elementor-element-97c1968 elementor-widget elementor-widget-heading\" data-id=\"97c1968\" data-element_type=\"widget\" data-e-type=\"widget\" data-widget_type=\"heading.default\">\n\t\t\t\t<div class=\"elementor-widget-container\">\n\t\t\t\t\t<h1 class=\"elementor-heading-title elementor-size-default\">VELKOMMEN!<\/h1>\t\t\t\t<\/div>\n\t\t\t\t<\/div>\n\t\t\t\t\t<\/div>\n\t\t<\/div>\n\t\t\t\t\t<\/div>\n\t\t<\/section>\n\t\t\t\t<section class=\"elementor-section elementor-top-section elementor-element elementor-element-6c77aa9 elementor-section-boxed elementor-section-height-default elementor-section-height-default\" data-id=\"6c77aa9\" data-element_type=\"section\" data-e-type=\"section\">\n\t\t\t\t\t\t<div class=\"elementor-container elementor-column-gap-default\">\n\t\t\t\t\t<div class=\"elementor-column elementor-col-66 elementor-top-column elementor-element elementor-element-6b81432\" data-id=\"6b81432\" data-element_type=\"column\" data-e-type=\"column\">\n\t\t\t<div class=\"elementor-widget-wrap elementor-element-populated\">\n\t\t\t\t\t\t<div class=\"elementor-element elementor-element-4bd0947 elementor-widget elementor-widget-image\" data-id=\"4bd0947\" data-element_type=\"widget\" data-e-type=\"widget\" data-widget_type=\"image.default\">\n\t\t\t\t<div class=\"elementor-widget-container\">\n\t\t\t\t\t\t\t\t\t\t\t\t<figure class=\"wp-caption\">\n\t\t\t\t\t\t\t\t\t\t<img fetchpriority=\"high\" decoding=\"async\" width=\"800\" height=\"240\" src=\"https:\/\/topa.be\/wp-content\/uploads\/Rede-Antwerpen-in-Oostenrijkse-tijd-1.jpg\" class=\"attachment-large size-large wp-image-27722\" alt=\"\" srcset=\"https:\/\/topa.be\/wp-content\/uploads\/Rede-Antwerpen-in-Oostenrijkse-tijd-1.jpg 832w, https:\/\/topa.be\/wp-content\/uploads\/Rede-Antwerpen-in-Oostenrijkse-tijd-1-300x90.jpg 300w, https:\/\/topa.be\/wp-content\/uploads\/Rede-Antwerpen-in-Oostenrijkse-tijd-1-200x60.jpg 200w, https:\/\/topa.be\/wp-content\/uploads\/Rede-Antwerpen-in-Oostenrijkse-tijd-1-768x231.jpg 768w\" sizes=\"(max-width: 800px) 100vw, 800px\" \/>\t\t\t\t\t\t\t\t\t\t\t<figcaption class=\"widget-image-caption wp-caption-text\">Havnen i Antwerpen i \u00f8strigsk tid<\/figcaption>\n\t\t\t\t\t\t\t\t\t\t<\/figure>\n\t\t\t\t\t\t\t\t\t<\/div>\n\t\t\t\t<\/div>\n\t\t\t\t<div class=\"elementor-element elementor-element-f4b01e9 elementor-widget elementor-widget-text-editor\" data-id=\"f4b01e9\" data-element_type=\"widget\" data-e-type=\"widget\" data-widget_type=\"text-editor.default\">\n\t\t\t\t<div class=\"elementor-widget-container\">\n\t\t\t\t\t\t\t\t\t<p style=\"text-align: justify;\"><strong>K\u00e6re bes\u00f8gende<\/strong>, velkommen til Antwerpen og til en af de mange smukke kirker i vores by. Du vil blive overrasket over dens begivenhedsrige historie og s\u00e5 meget fantastisk kreativitet. De mange kirket\u00e5rne inviterer dig langvejs fra til at komme og nyde fred og tidl\u00f8s sk\u00f8nhed. Her finder du alle de oplysninger, du har brug for til dit turistbes\u00f8g:<\/p>\n<p style=\"text-align: justify;\">Og du, <strong>k\u00e6re bes\u00f8gende fra Danmark<\/strong>, skal f\u00f8le dig hjemme i vores by, fordi du vil blive overrasket over, hvor \u2019dansk\u2019 Antwerpen er. Faktisk er vores by ogs\u00e5 din by. Du finder alt om vores gensidige relationer i g\u00e6steb\u00f8gerne <a href=\"https:\/\/topa.be\/da\/startpagina\/beste-buren\/\"><strong><em>K\u00e6re Danskere, Velkommen til Antwerpen !<\/em><\/strong><\/a><\/p>\n\t\t\t\t\t\t\t\t<\/div>\n\t\t\t\t<\/div>\n\t\t\t\t<div class=\"elementor-element elementor-element-19d716a elementor-widget elementor-widget-text-editor\" data-id=\"19d716a\" data-element_type=\"widget\" data-e-type=\"widget\" data-widget_type=\"text-editor.default\">\n\t\t\t\t<div class=\"elementor-widget-container\">\n\t\t\t\t\t\t\t\t\t<div class=\"wpb_text_column wpb_content_element \">\n<div class=\"wpb_wrapper\">\n<h3 style=\"text-align: justify;\"><strong>Hvad leder du efter? <em>\u00a0(links er til sider p\u00e5 engelsk)<\/em><\/strong><\/h3>\n<\/div>\n<\/div>\n<div class=\"wpb_text_column wpb_content_element \" style=\"text-align: justify;\">\n<div class=\"wpb_wrapper\">\n<ul>\n<li>Vil du nemt finde ud af, hvilke kirker du kan bes\u00f8ge? Hvor kan man finde dem? Hvorn\u00e5r kan du bes\u00f8ge dem? G\u00e5 til <a href=\"https:\/\/topa.be\/da\/praktisch-2\/\"><strong>praktiske oplysninger<\/strong><\/a>.<\/li>\n<\/ul>\n<p>&nbsp;<\/p>\n<\/div>\n<\/div>\n<div class=\"wpb_text_column wpb_content_element \" style=\"text-align: justify;\">\n<div class=\"wpb_wrapper\">\n<ul>\n<li>Kom og se og lad vores hjertelige guider lede dig rundt. De vil med gl\u00e6de hj\u00e6lpe dig med at afd\u00e6kke de ukendte historier og den skjulte symbolik. Der er flere muligheder.\n<ul>\n<li><strong>Vil du have en <\/strong><strong><a href=\"https:\/\/topa.be\/da\/individueel\/\">individuel rundvisning<\/a><\/strong> i en af de fem turistkirker? <em>(Disse er gratis og uden pr\u00e6registrering. Ogs\u00e5 konsultere kirkens valvas p\u00e5 stedet eller sp\u00f8rge ved skranken).<\/em><\/li>\n<li><strong>Kunne du t\u00e6nke dig <\/strong><strong><a href=\"https:\/\/topa.be\/da\/groepen\/\">en grupperejse<\/a><\/strong> i de fem turistkirker? <em>(Disse er naturligvis oplades)<\/em><\/li>\n<\/ul>\n<\/li>\n<\/ul>\n<p>&nbsp;<\/p>\n<\/div>\n<\/div>\n<div class=\"wpb_text_column wpb_content_element \">\n<div class=\"wpb_wrapper\">\n<ul>\n<li style=\"text-align: justify;\">Kunne du t\u00e6nke dig at deltage i <a href=\"https:\/\/topa.be\/da\/erediensten\/\"><strong>en gudstjeneste?<\/strong><\/a> S\u00e5 g\u00f8r dit valg her for din egen kirke samfund: romersk-katolske, ortodokse, anglikanske, protestantiske (s\u00e5 vidt tilknyttet den \u00f8kumeniske Antwerpen R\u00e5det for Kirker). Her finder du ogs\u00e5 fremmedsprogede gudstjenester.<\/li>\n<\/ul>\n<\/div>\n<\/div>\n\t\t\t\t\t\t\t\t<\/div>\n\t\t\t\t<\/div>\n\t\t\t\t<div class=\"elementor-element elementor-element-f8f61a3 elementor-widget elementor-widget-text-editor\" data-id=\"f8f61a3\" data-element_type=\"widget\" data-e-type=\"widget\" data-widget_type=\"text-editor.default\">\n\t\t\t\t<div class=\"elementor-widget-container\">\n\t\t\t\t\t\t\t\t\t<div class=\"wpb_text_column wpb_content_element \">\n<div class=\"wpb_wrapper\">\n<h3 style=\"text-align: justify;\"><strong>P\u00e5 denne hjemmeside kan du allerede l\u00e6re kirkerne at kende i udstrakt grad.<\/strong> <strong><em>(links er til sider p\u00e5 engelsk)<\/em><\/strong><\/h3>\n<\/div>\n<\/div>\n<div class=\"wpb_text_column wpb_content_element \" style=\"text-align: justify;\">\n<div class=\"wpb_wrapper\">\n<ul>\n<li>Vil du gerne stifte bekendtskab med billedkunsten i ikke mindre end ca. 30 <strong><a href=\"https:\/\/topa.be\/da\/monumentale-kerken\/\">monumentale kirker i Greater Antwerp<\/a><\/strong> med de fem turistattraktioner \u00f8verst:\n<ul>\n<li><a href=\"http:\/\/topa.be\/en\/olv-kathedraal\/\"><strong>Vor Frue Katedral<\/strong><\/a><\/li>\n<li><a href=\"http:\/\/topa.be\/en\/st-andries\/\"><strong>Sankt Andreas Kirke<\/strong><\/a><\/li>\n<li><a href=\"http:\/\/topa.be\/en\/sint-carolus-borromeus\/\"><strong>Sankt Carolus Borromeos Kirke<\/strong><\/a><\/li>\n<li><a href=\"http:\/\/topa.be\/en\/sint-jacob\/\"><strong>Sankt Jakobus Kirke<\/strong><\/a><\/li>\n<li><a href=\"http:\/\/topa.be\/en\/sint-pauluskerk\/\"><strong>Sankt Paulus Kirke<\/strong><\/a><\/li>\n<\/ul>\n<\/li>\n<\/ul>\n<p>&nbsp;<\/p>\n<\/div>\n<\/div>\n<div class=\"wpb_text_column wpb_content_element \" style=\"text-align: justify;\">\n<div class=\"wpb_wrapper\">\n<ul>\n<li>P\u00e5 denne hjemmeside finder du b\u00e5de en kort introduktion eller en detaljeret beskrivelse samt kulturelle og videnskabelige oplysninger. Fore tag dit eget valg:\n<ul>\n<li><strong>Vil du lave en kort bekendt? En tastemaker <\/strong>vil hj\u00e6lpe dig i gang. For de fem turistkirker findes disse beskrivelser p\u00e5 flere sprog. <em>Se TOPA\u2019s hjemmeside p\u00e5 det relevante sprog.<\/em><\/li>\n<li><strong>V\u00e6lger du at nyde kunstskattene <\/strong>i vores kirker mere intenst? S\u00e5 vil du helt sikkert finde, hvad du leder efter i den detaljerede<strong>beskrivelse.\u00a0<\/strong> Du vil blive overrasket over de narrative billedsprog og den skjulte symbolik, men ogs\u00e5 af deres begivenhedsrige historie, og hvordan kunstv\u00e6rket er sammenv\u00e6vet med moderne socio-kulturelle liv.<\/li>\n<li>Det tredje niveau er det <strong>dynamiske videnskabelige forum<\/strong>, hvor eksperter kan finde fodnoter og de vigtigste diskussionspunkter pr. kunstv\u00e6rk. <em>(stadig under udvikling)<\/em>.<\/li>\n<\/ul>\n<\/li>\n<\/ul>\n<p>&nbsp;<\/p>\n<\/div>\n<\/div>\n<div class=\"wpb_text_column wpb_content_element \" style=\"text-align: justify;\">\n<div class=\"wpb_wrapper\">\n<ul>\n<li>Er det mere bekvemt for dig at l\u00e6se kort? Dette er ogs\u00e5 muligt via dette <a href=\"https:\/\/www.google.com\/maps\/d\/edit?mid=1iZG2PyUpfgUaDqLc-C_n5kGoHu2os6Ku&amp;usp=sharing\"><strong>interaktive kort<\/strong><\/a> over de monumentale kirker i bisped\u00f8mmet Antwerpen.<\/li>\n<\/ul>\n<\/div>\n<\/div>\n<div class=\"wpb_text_column wpb_content_element \">\n<div class=\"wpb_wrapper\">\n<p style=\"text-align: justify;\">Er du p\u00e5 vej ud i <strong>provinsen Antwerpen?<\/strong> Mange kirker v\u00e6rd at se er placeret i Kempen p\u00e5 din rute. Se kirkernes egne og TOPA\u2019s hjemmesider: <a href=\"https:\/\/www.topa-kempen.be\/\"><strong>\u00a0www.topa-kempen.be.<\/strong><\/a><\/p>\n<\/div>\n<\/div>\n\t\t\t\t\t\t\t\t<\/div>\n\t\t\t\t<\/div>\n\t\t\t\t<div class=\"elementor-element elementor-element-c8dbdcf elementor-widget elementor-widget-text-editor\" data-id=\"c8dbdcf\" data-element_type=\"widget\" data-e-type=\"widget\" data-widget_type=\"text-editor.default\">\n\t\t\t\t<div class=\"elementor-widget-container\">\n\t\t\t\t\t\t\t\t\t<div class=\"wpb_text_column wpb_content_element \">\n<div class=\"wpb_wrapper\">\n<h3 style=\"text-align: justify;\"><strong>Og hvad opdager du i vores by, g\u00e5 fra kirke til kirke? <\/strong><strong><em>\u00a0(links er til sider p\u00e5 engelsk)<\/em><\/strong><\/h3>\n<\/div>\n<\/div>\n<div class=\"wpb_text_column wpb_content_element \" style=\"text-align: justify;\">\n<div class=\"wpb_wrapper\">\n<ul>\n<li>Ikke kun inde i kirkerne, men ogs\u00e5 udenfor p\u00e5 gaden, er de \u201cgode nyheder\u201d portr\u00e6tteret. Disse <a href=\"https:\/\/topa.be\/da\/gevelbeelden\/\"><strong>religi\u00f8se gadescener er<\/strong><\/a> meget typiske for Antwerpen, is\u00e6r de yndefulde Marian statuer hilsen dig p\u00e5 gadehj\u00f8rnerne.<\/li>\n<\/ul>\n<p>&nbsp;<\/p>\n<\/div>\n<\/div>\n<div class=\"wpb_text_column wpb_content_element \" style=\"text-align: justify;\">\n<div class=\"wpb_wrapper\">\n<ul>\n<li><strong>Vores tema vandreture <\/strong>vil hj\u00e6lpe dig med at opdage byen og dens kirker bedre. Du vil blive inspireret af det \u00e5rlige tema <a href=\"https:\/\/topa.be\/da\/nacht-van-de-kerken\/\"><strong>i Kirkernes Nat<\/strong>.<\/a><\/li>\n<\/ul>\n<p>&nbsp;<\/p>\n<\/div>\n<\/div>\n<div class=\"wpb_text_column wpb_content_element \" style=\"text-align: justify;\">\n<div class=\"wpb_wrapper\">\n<ul>\n<li>Hvis du \u00f8nsker at opleve kunsten at s\u00e5 meget sk\u00f8nhed roligt og intenst, kan du stole p\u00e5 <a href=\"https:\/\/topa.be\/da\/publicaties-2\/\"><strong>vores publikationer<\/strong><\/a> <em>(som regel findes i enhver turist kirke).<\/em>.\n<ul>\n<li>For at forberede dit bes\u00f8g grundigt eller nyde det i en l\u00e6ngere periode, fordyb dig i en <strong>af kunstb\u00f8gerne<\/strong> p\u00e5 hver af de fem turistkirker.<\/li>\n<li>En <strong>r\u00e6kke internationale g\u00e6steb\u00f8ger fremh\u00e6ver<\/strong> hver is\u00e6r de mangfoldige relationer mellem et bestemt land og Antwerpen. Der er ogs\u00e5 <a href=\"https:\/\/topa.be\/da\/startpagina\/beste-buren\/\"><strong><em>K\u00e6re Danskere, Velkommen til Antwerpen !<\/em><\/strong><\/a><\/li>\n<\/ul>\n<\/li>\n<\/ul>\n<p>&nbsp;<\/p>\n<\/div>\n<\/div>\n<div class=\"wpb_text_column wpb_content_element \" style=\"text-align: justify;\">\n<div class=\"wpb_wrapper\">\n<ul>\n<li>Desuden kan du holde dig opdateret om de <a href=\"https:\/\/topa.be\/da\/tentoonstelling\/\"><strong>udstillinger,<\/strong><\/a> som TOPA selv arrangerer, st\u00f8tter eller bidrager til.<\/li>\n<\/ul>\n<\/div>\n<\/div>\n<div class=\"wpb_text_column wpb_content_element \" style=\"text-align: justify;\">\n<div class=\"wpb_wrapper\">\n<ul>\n<li>Hvis du \u00f8nsker at <strong><a href=\"https:\/\/topa.be\/da\/bezinning\/\">reflektere p\u00e5 ferie og rejser<\/a>, <\/strong>vil du finde en r\u00e6kke tekster her, der kan inspirere dig. Blandt andet er der en international b\u00f8n for turister, som det har genlyd i \u00e5revis under hv\u00e6lvinger i Antwerpen Katedral som et hvilested p\u00e5 livets vej. <em>(de fleste sider p\u00e5 engelsk, nogle p\u00e5 dansk)<\/em><\/li>\n<\/ul>\n<p>&nbsp;<\/p>\n<\/div>\n<\/div>\n<div class=\"wpb_text_column wpb_content_element \">\n<div class=\"wpb_wrapper\">\n<p style=\"text-align: justify;\">Vores mission p\u00e5<strong> To<\/strong>erisme<strong>P<\/strong>astoraal <strong>A<\/strong>ntwerpen \u00a0<em>(Turisme Pastoral Antwerpen)<\/em> (TOPA vzw) er: at tjene folk i deres rejse mod mere social, kulturel og \u00e5ndelig dybde. Vores motto i kirkerne fokuserede p\u00e5 kunstturisme: \u201c<strong>f\u00e5 sten til at tale<\/strong>\u201c. Vi er glade for at dele vores erfaringer med alle, der har til form\u00e5l at g\u00f8re det. Vil du vide mere om vores forening: \u00a0<a href=\"https:\/\/topa.be\/da\/wie-zijn-we\/\">Hvem er vi?<\/a>? (p\u00e5 engelsk)<\/p>\n<\/div>\n<\/div>\n\t\t\t\t\t\t\t\t<\/div>\n\t\t\t\t<\/div>\n\t\t\t\t\t<\/div>\n\t\t<\/div>\n\t\t\t\t<div class=\"elementor-column elementor-col-33 elementor-top-column elementor-element elementor-element-5993c2b\" data-id=\"5993c2b\" data-element_type=\"column\" data-e-type=\"column\">\n\t\t\t<div class=\"elementor-widget-wrap elementor-element-populated\">\n\t\t\t\t\t\t<div class=\"elementor-element elementor-element-261daa2 elementor-widget elementor-widget-image\" data-id=\"261daa2\" data-element_type=\"widget\" data-e-type=\"widget\" data-widget_type=\"image.default\">\n\t\t\t\t<div class=\"elementor-widget-container\">\n\t\t\t\t\t\t\t\t\t\t\t\t\t\t\t<img decoding=\"async\" width=\"635\" height=\"635\" src=\"https:\/\/topa.be\/wp-content\/uploads\/Tegel-Welkom.png\" class=\"attachment-large size-large wp-image-37003\" alt=\"\" srcset=\"https:\/\/topa.be\/wp-content\/uploads\/Tegel-Welkom.png 635w, https:\/\/topa.be\/wp-content\/uploads\/Tegel-Welkom-300x300.png 300w, https:\/\/topa.be\/wp-content\/uploads\/Tegel-Welkom-200x200.png 200w\" sizes=\"(max-width: 635px) 100vw, 635px\" \/>\t\t\t\t\t\t\t\t\t\t\t\t\t\t\t<\/div>\n\t\t\t\t<\/div>\n\t\t\t\t\t<\/div>\n\t\t<\/div>\n\t\t\t\t\t<\/div>\n\t\t<\/section>\n\t\t\t\t<\/div>\n\t\t","protected":false},"excerpt":{"rendered":"<p>VELKOMMEN! Havnen i Antwerpen i \u00f8strigsk tid K\u00e6re bes\u00f8gende, velkommen til Antwerpen og til en af de mange smukke kirker i vores by. Du vil blive overrasket over dens begivenhedsrige historie og s\u00e5 meget fantastisk kreativitet. De mange kirket\u00e5rne inviterer dig langvejs fra til at komme og nyde fred og tidl\u00f8s sk\u00f8nhed. Her finder du [&hellip;]<\/p>\n","protected":false},"author":16,"featured_media":0,"parent":0,"menu_order":10,"comment_status":"closed","ping_status":"closed","template":"","meta":{"footnotes":""},"class_list":["post-41498","page","type-page","status-publish","hentry"],"aioseo_notices":[],"_links":{"self":[{"href":"https:\/\/topa.be\/da\/wp-json\/wp\/v2\/pages\/41498","targetHints":{"allow":["GET"]}}],"collection":[{"href":"https:\/\/topa.be\/da\/wp-json\/wp\/v2\/pages"}],"about":[{"href":"https:\/\/topa.be\/da\/wp-json\/wp\/v2\/types\/page"}],"author":[{"embeddable":true,"href":"https:\/\/topa.be\/da\/wp-json\/wp\/v2\/users\/16"}],"replies":[{"embeddable":true,"href":"https:\/\/topa.be\/da\/wp-json\/wp\/v2\/comments?post=41498"}],"version-history":[{"count":3,"href":"https:\/\/topa.be\/da\/wp-json\/wp\/v2\/pages\/41498\/revisions"}],"predecessor-version":[{"id":71287,"href":"https:\/\/topa.be\/da\/wp-json\/wp\/v2\/pages\/41498\/revisions\/71287"}],"wp:attachment":[{"href":"https:\/\/topa.be\/da\/wp-json\/wp\/v2\/media?parent=41498"}],"curies":[{"name":"wp","href":"https:\/\/api.w.org\/{rel}","templated":true}]}}